{"id":301271,"date":"2025-04-04T09:33:54","date_gmt":"2025-04-04T07:33:54","guid":{"rendered":"https:\/\/miomiorun.com\/?post_type=product&#038;p=301271"},"modified":"2025-04-30T16:44:31","modified_gmt":"2025-04-30T14:44:31","slug":"t-shirt-road-black-homme","status":"publish","type":"product","link":"https:\/\/www.miomiorun.com\/fr\/produit\/t-shirt-road-black-homme\/","title":{"rendered":"T-shirt road black homme"},"content":{"rendered":"<p class=\"\" data-end=\"324\" data-start=\"287\"><strong data-end=\"324\" data-start=\"287\">Essentiel. Minimal. R\u00e9fl\u00e9chissant.<\/strong><\/p>\n<p class=\"\" data-end=\"685\" data-start=\"326\">Le nouveau t-shirt de <strong data-end=\"368\" data-start=\"349\">la Road Collection<\/strong> est con\u00e7u pour ceux qui aiment courir en ville avec style, s\u00e9curit\u00e9 et l\u00e9g\u00e8ret\u00e9.<br data-end=\"445\" data-start=\"442\" \/>Un v\u00eatement essentiel au design minimal, enti\u00e8rement noir, qui s&#8217;adapte parfaitement \u00e0 toute tenue sportive ou d\u00e9contract\u00e9e. Le <strong data-end=\"591\" data-start=\"568\">logo r\u00e9fl\u00e9chissant 3M<\/strong> imprim\u00e9 sur la poitrine et le dos assure une plus grande visibilit\u00e9 pendant les courses du soir ou du matin.<\/p>\n<p class=\"\" data-end=\"910\" data-start=\"687\"><strong data-end=\"717\" data-start=\"696\">Pesant<\/strong> seulement <strong data-end=\"717\" data-start=\"696\">70 grammes<\/strong>, ce maillot est une seconde peau : <strong data-end=\"770\" data-start=\"754\">ultra-l\u00e9ger<\/strong>, <strong data-end=\"787\" data-start=\"772\">respirant<\/strong> et fabriqu\u00e9 \u00e0 partir de <strong data-end=\"841\" data-start=\"806\">tissu recycl\u00e9 Made in Italy<\/strong>. Il allie performance et durabilit\u00e9 dans un design urbain et polyvalent.<\/p>\n<h3 class=\"\" data-end=\"951\" data-start=\"917\">Caract\u00e9ristiques principales :<\/h3>\n<ul data-end=\"1327\" data-start=\"953\">\n<li class=\"\" data-end=\"1027\" data-start=\"953\">\n<p class=\"\" data-end=\"1027\" data-start=\"955\"><strong data-end=\"986\" data-start=\"955\">Tissu technique respirant<\/strong>, id\u00e9al pour la ville et la salle de sport<\/p>\n<\/li>\n<li class=\"\" data-end=\"1068\" data-start=\"1028\">\n<p class=\"\" data-end=\"1068\" data-start=\"1030\"><strong data-end=\"1051\" data-start=\"1030\">Poids ultral\u00e9ger<\/strong>: seulement <strong data-end=\"1066\" data-start=\"1058\">70 g<\/strong><\/p>\n<\/li>\n<li class=\"\" data-end=\"1181\" data-start=\"1115\">\n<p class=\"\" data-end=\"1181\" data-start=\"1117\"><strong data-end=\"1145\" data-start=\"1117\">Coupe minimale et moderne<\/strong>, parfaite \u00e9galement en dehors de la course<\/p>\n<\/li>\n<li class=\"\" data-end=\"1253\" data-start=\"1182\">\n<p class=\"\" data-end=\"1253\" data-start=\"1184\"><strong data-end=\"1219\" data-start=\"1184\">Logo r\u00e9fl\u00e9chissant imprim\u00e9 en 3M<\/strong> pour plus de s\u00e9curit\u00e9 en ville<\/p>\n<\/li>\n<li class=\"\" data-end=\"1327\" data-start=\"1254\">\n<p class=\"\" data-end=\"1327\" data-start=\"1256\">Fait partie de la <strong data-end=\"1287\" data-start=\"1268\">collection Road<\/strong>: un style essentiel pour l&#8217;environnement urbain.<\/p>\n<\/li>\n<\/ul>\n","protected":false},"excerpt":{"rendered":"<ul>\n<li>Coupe minimale<\/li>\n<li>Respirant<\/li>\n<li>Logo r\u00e9fl\u00e9chissant<\/li>\n<\/ul>\n","protected":false},"featured_media":308339,"template":"","meta":{"_acf_changed":false,"inline_featured_image":false},"product_brand":[],"product_cat":[24449,24482],"product_tag":[23528,23567],"class_list":{"0":"post-301271","1":"product","2":"type-product","3":"status-publish","4":"has-post-thumbnail","6":"product_cat-t-shirt-fr-3","7":"product_cat-vetements-pour-hommes-fr","8":"product_tag-wild-tee-fr","9":"product_tag-wild-tee-homme","10":"pa_attivita-marcher","11":"pa_attivita-running-fr","12":"pa_attivita-trail-fr","13":"pa_marca-wild-tee-fr","14":"pa_sesso-homme","15":"pa_size-small-fr","16":"pa_size-medium-fr","17":"pa_size-large-fr","18":"pa_size-extra-large-fr","20":"first","21":"instock","22":"sale","23":"taxable","24":"shipping-taxable","25":"purchasable","26":"product-type-variable","27":"wvs-archive-product-wrapper"},"acf":[],"yoast_head":"<!-- This site is optimized with the Yoast SEO plugin v26.8 - https:\/\/yoast.com\/product\/yoast-seo-wordpress\/ -->\n<title>Wild Tee T-shirt road black homme - t-shirt running - MioMioRun.com<\/title>\n<meta name=\"description\" content=\"T-shirt technique de course \u00e0 pied urbain pour hommes. Tissu recycl\u00e9, logo r\u00e9fl\u00e9chissant, respirant et l\u00e9ger. Collection Wild Tee Road. D\u00e9couvrez-la avec nous\" \/>\n<meta name=\"robots\" content=\"index, follow, max-snippet:-1, max-image-preview:large, max-video-preview:-1\" \/>\n<link rel=\"canonical\" href=\"https:\/\/www.miomiorun.com\/fr\/produit\/t-shirt-road-black-homme\/\" \/>\n<meta property=\"og:locale\" content=\"fr_FR\" \/>\n<meta property=\"og:type\" content=\"article\" \/>\n<meta property=\"og:title\" content=\"Wild Tee T-shirt road black homme - t-shirt running - MioMioRun.com\" \/>\n<meta property=\"og:description\" content=\"T-shirt technique de course \u00e0 pied urbain pour hommes. Tissu recycl\u00e9, logo r\u00e9fl\u00e9chissant, respirant et l\u00e9ger. Collection Wild Tee Road. D\u00e9couvrez-la avec nous\" \/>\n<meta property=\"og:url\" content=\"https:\/\/www.miomiorun.com\/fr\/produit\/t-shirt-road-black-homme\/\" \/>\n<meta property=\"og:site_name\" content=\"MioMioRun\" \/>\n<meta property=\"article:publisher\" content=\"https:\/\/www.facebook.com\/miomiorun\/\" \/>\n<meta property=\"article:modified_time\" content=\"2025-04-30T14:44:31+00:00\" \/>\n<meta property=\"og:image\" content=\"https:\/\/www.miomiorun.com\/app\/uploads\/2025\/04\/wild-tee-T-shirt-M-road-black-WT009WT189.webp\" \/>\n\t<meta property=\"og:image:width\" content=\"600\" \/>\n\t<meta property=\"og:image:height\" content=\"600\" \/>\n\t<meta property=\"og:image:type\" content=\"image\/webp\" \/>\n<meta name=\"twitter:card\" content=\"summary_large_image\" \/>\n<meta name=\"twitter:label1\" content=\"Est. reading time\" \/>\n\t<meta name=\"twitter:data1\" content=\"1 minute\" \/>\n<script type=\"application\/ld+json\" class=\"yoast-schema-graph\">{\"@context\":\"https:\/\/schema.org\",\"@graph\":[{\"@type\":\"WebPage\",\"@id\":\"https:\/\/www.miomiorun.com\/fr\/produit\/t-shirt-road-black-homme\/\",\"url\":\"https:\/\/www.miomiorun.com\/fr\/produit\/t-shirt-road-black-homme\/\",\"name\":\"Wild Tee T-shirt road black homme - t-shirt running - MioMioRun.com\",\"isPartOf\":{\"@id\":\"https:\/\/www.miomiorun.com\/fr\/#website\"},\"primaryImageOfPage\":{\"@id\":\"https:\/\/www.miomiorun.com\/fr\/produit\/t-shirt-road-black-homme\/#primaryimage\"},\"image\":{\"@id\":\"https:\/\/www.miomiorun.com\/fr\/produit\/t-shirt-road-black-homme\/#primaryimage\"},\"thumbnailUrl\":\"https:\/\/www.miomiorun.com\/app\/uploads\/2025\/04\/wild-tee-T-shirt-M-road-black-WT009WT189.webp\",\"datePublished\":\"2025-04-04T07:33:54+00:00\",\"dateModified\":\"2025-04-30T14:44:31+00:00\",\"description\":\"T-shirt technique de course \u00e0 pied urbain pour hommes. Tissu recycl\u00e9, logo r\u00e9fl\u00e9chissant, respirant et l\u00e9ger. Collection Wild Tee Road. D\u00e9couvrez-la avec nous\",\"breadcrumb\":{\"@id\":\"https:\/\/www.miomiorun.com\/fr\/produit\/t-shirt-road-black-homme\/#breadcrumb\"},\"inLanguage\":\"fr-FR\",\"potentialAction\":[{\"@type\":\"ReadAction\",\"target\":[\"https:\/\/www.miomiorun.com\/fr\/produit\/t-shirt-road-black-homme\/\"]}]},{\"@type\":\"ImageObject\",\"inLanguage\":\"fr-FR\",\"@id\":\"https:\/\/www.miomiorun.com\/fr\/produit\/t-shirt-road-black-homme\/#primaryimage\",\"url\":\"https:\/\/www.miomiorun.com\/app\/uploads\/2025\/04\/wild-tee-T-shirt-M-road-black-WT009WT189.webp\",\"contentUrl\":\"https:\/\/www.miomiorun.com\/app\/uploads\/2025\/04\/wild-tee-T-shirt-M-road-black-WT009WT189.webp\",\"width\":600,\"height\":600,\"caption\":\"wild tee T-shirt M road black WT009WT189\"},{\"@type\":\"BreadcrumbList\",\"@id\":\"https:\/\/www.miomiorun.com\/fr\/produit\/t-shirt-road-black-homme\/#breadcrumb\",\"itemListElement\":[{\"@type\":\"ListItem\",\"position\":1,\"name\":\"Home\",\"item\":\"https:\/\/www.miomiorun.com\/fr\/home-page\/\"},{\"@type\":\"ListItem\",\"position\":2,\"name\":\"Shop\",\"item\":\"https:\/\/www.miomiorun.com\/shop\/\"},{\"@type\":\"ListItem\",\"position\":3,\"name\":\"T-shirt road black homme\"}]},{\"@type\":\"WebSite\",\"@id\":\"https:\/\/www.miomiorun.com\/fr\/#website\",\"url\":\"https:\/\/www.miomiorun.com\/fr\/\",\"name\":\"MioMioRun\",\"description\":\"Boutique 100% running et trail\",\"publisher\":{\"@id\":\"https:\/\/www.miomiorun.com\/fr\/#organization\"},\"potentialAction\":[{\"@type\":\"SearchAction\",\"target\":{\"@type\":\"EntryPoint\",\"urlTemplate\":\"https:\/\/www.miomiorun.com\/fr\/?s={search_term_string}\"},\"query-input\":{\"@type\":\"PropertyValueSpecification\",\"valueRequired\":true,\"valueName\":\"search_term_string\"}}],\"inLanguage\":\"fr-FR\"},{\"@type\":\"Organization\",\"@id\":\"https:\/\/www.miomiorun.com\/fr\/#organization\",\"name\":\"MioMio Run\",\"url\":\"https:\/\/www.miomiorun.com\/fr\/\",\"logo\":{\"@type\":\"ImageObject\",\"inLanguage\":\"fr-FR\",\"@id\":\"https:\/\/www.miomiorun.com\/fr\/#\/schema\/logo\/image\/\",\"url\":\"https:\/\/www.miomiorun.com\/app\/uploads\/2019\/12\/logomio.png\",\"contentUrl\":\"https:\/\/www.miomiorun.com\/app\/uploads\/2019\/12\/logomio.png\",\"width\":115,\"height\":82,\"caption\":\"MioMio Run\"},\"image\":{\"@id\":\"https:\/\/www.miomiorun.com\/fr\/#\/schema\/logo\/image\/\"},\"sameAs\":[\"https:\/\/www.facebook.com\/miomiorun\/\",\"https:\/\/www.instagram.com\/miomiorun\/\"]}]}<\/script>\n<!-- \/ Yoast SEO plugin. -->","yoast_head_json":{"title":"Wild Tee T-shirt road black homme - t-shirt running - MioMioRun.com","description":"T-shirt technique de course \u00e0 pied urbain pour hommes. Tissu recycl\u00e9, logo r\u00e9fl\u00e9chissant, respirant et l\u00e9ger. Collection Wild Tee Road. D\u00e9couvrez-la avec nous","robots":{"index":"index","follow":"follow","max-snippet":"max-snippet:-1","max-image-preview":"max-image-preview:large","max-video-preview":"max-video-preview:-1"},"canonical":"https:\/\/www.miomiorun.com\/fr\/produit\/t-shirt-road-black-homme\/","og_locale":"fr_FR","og_type":"article","og_title":"Wild Tee T-shirt road black homme - t-shirt running - MioMioRun.com","og_description":"T-shirt technique de course \u00e0 pied urbain pour hommes. Tissu recycl\u00e9, logo r\u00e9fl\u00e9chissant, respirant et l\u00e9ger. Collection Wild Tee Road. D\u00e9couvrez-la avec nous","og_url":"https:\/\/www.miomiorun.com\/fr\/produit\/t-shirt-road-black-homme\/","og_site_name":"MioMioRun","article_publisher":"https:\/\/www.facebook.com\/miomiorun\/","article_modified_time":"2025-04-30T14:44:31+00:00","og_image":[{"width":600,"height":600,"url":"https:\/\/www.miomiorun.com\/app\/uploads\/2025\/04\/wild-tee-T-shirt-M-road-black-WT009WT189.webp","type":"image\/webp"}],"twitter_card":"summary_large_image","twitter_misc":{"Est. reading time":"1 minute"},"schema":{"@context":"https:\/\/schema.org","@graph":[{"@type":"WebPage","@id":"https:\/\/www.miomiorun.com\/fr\/produit\/t-shirt-road-black-homme\/","url":"https:\/\/www.miomiorun.com\/fr\/produit\/t-shirt-road-black-homme\/","name":"Wild Tee T-shirt road black homme - t-shirt running - MioMioRun.com","isPartOf":{"@id":"https:\/\/www.miomiorun.com\/fr\/#website"},"primaryImageOfPage":{"@id":"https:\/\/www.miomiorun.com\/fr\/produit\/t-shirt-road-black-homme\/#primaryimage"},"image":{"@id":"https:\/\/www.miomiorun.com\/fr\/produit\/t-shirt-road-black-homme\/#primaryimage"},"thumbnailUrl":"https:\/\/www.miomiorun.com\/app\/uploads\/2025\/04\/wild-tee-T-shirt-M-road-black-WT009WT189.webp","datePublished":"2025-04-04T07:33:54+00:00","dateModified":"2025-04-30T14:44:31+00:00","description":"T-shirt technique de course \u00e0 pied urbain pour hommes. Tissu recycl\u00e9, logo r\u00e9fl\u00e9chissant, respirant et l\u00e9ger. Collection Wild Tee Road. D\u00e9couvrez-la avec nous","breadcrumb":{"@id":"https:\/\/www.miomiorun.com\/fr\/produit\/t-shirt-road-black-homme\/#breadcrumb"},"inLanguage":"fr-FR","potentialAction":[{"@type":"ReadAction","target":["https:\/\/www.miomiorun.com\/fr\/produit\/t-shirt-road-black-homme\/"]}]},{"@type":"ImageObject","inLanguage":"fr-FR","@id":"https:\/\/www.miomiorun.com\/fr\/produit\/t-shirt-road-black-homme\/#primaryimage","url":"https:\/\/www.miomiorun.com\/app\/uploads\/2025\/04\/wild-tee-T-shirt-M-road-black-WT009WT189.webp","contentUrl":"https:\/\/www.miomiorun.com\/app\/uploads\/2025\/04\/wild-tee-T-shirt-M-road-black-WT009WT189.webp","width":600,"height":600,"caption":"wild tee T-shirt M road black WT009WT189"},{"@type":"BreadcrumbList","@id":"https:\/\/www.miomiorun.com\/fr\/produit\/t-shirt-road-black-homme\/#breadcrumb","itemListElement":[{"@type":"ListItem","position":1,"name":"Home","item":"https:\/\/www.miomiorun.com\/fr\/home-page\/"},{"@type":"ListItem","position":2,"name":"Shop","item":"https:\/\/www.miomiorun.com\/shop\/"},{"@type":"ListItem","position":3,"name":"T-shirt road black homme"}]},{"@type":"WebSite","@id":"https:\/\/www.miomiorun.com\/fr\/#website","url":"https:\/\/www.miomiorun.com\/fr\/","name":"MioMioRun","description":"Boutique 100% running et trail","publisher":{"@id":"https:\/\/www.miomiorun.com\/fr\/#organization"},"potentialAction":[{"@type":"SearchAction","target":{"@type":"EntryPoint","urlTemplate":"https:\/\/www.miomiorun.com\/fr\/?s={search_term_string}"},"query-input":{"@type":"PropertyValueSpecification","valueRequired":true,"valueName":"search_term_string"}}],"inLanguage":"fr-FR"},{"@type":"Organization","@id":"https:\/\/www.miomiorun.com\/fr\/#organization","name":"MioMio Run","url":"https:\/\/www.miomiorun.com\/fr\/","logo":{"@type":"ImageObject","inLanguage":"fr-FR","@id":"https:\/\/www.miomiorun.com\/fr\/#\/schema\/logo\/image\/","url":"https:\/\/www.miomiorun.com\/app\/uploads\/2019\/12\/logomio.png","contentUrl":"https:\/\/www.miomiorun.com\/app\/uploads\/2019\/12\/logomio.png","width":115,"height":82,"caption":"MioMio Run"},"image":{"@id":"https:\/\/www.miomiorun.com\/fr\/#\/schema\/logo\/image\/"},"sameAs":["https:\/\/www.facebook.com\/miomiorun\/","https:\/\/www.instagram.com\/miomiorun\/"]}]}},"_links":{"self":[{"href":"https:\/\/www.miomiorun.com\/fr\/wp-json\/wp\/v2\/product\/301271","targetHints":{"allow":["GET"]}}],"collection":[{"href":"https:\/\/www.miomiorun.com\/fr\/wp-json\/wp\/v2\/product"}],"about":[{"href":"https:\/\/www.miomiorun.com\/fr\/wp-json\/wp\/v2\/types\/product"}],"wp:featuredmedia":[{"embeddable":true,"href":"https:\/\/www.miomiorun.com\/fr\/wp-json\/wp\/v2\/media\/308339"}],"wp:attachment":[{"href":"https:\/\/www.miomiorun.com\/fr\/wp-json\/wp\/v2\/media?parent=301271"}],"wp:term":[{"taxonomy":"product_brand","embeddable":true,"href":"https:\/\/www.miomiorun.com\/fr\/wp-json\/wp\/v2\/product_brand?post=301271"},{"taxonomy":"product_cat","embeddable":true,"href":"https:\/\/www.miomiorun.com\/fr\/wp-json\/wp\/v2\/product_cat?post=301271"},{"taxonomy":"product_tag","embeddable":true,"href":"https:\/\/www.miomiorun.com\/fr\/wp-json\/wp\/v2\/product_tag?post=301271"}],"curies":[{"name":"wp","href":"https:\/\/api.w.org\/{rel}","templated":true}]}}