{"id":301233,"date":"2025-04-04T09:39:31","date_gmt":"2025-04-04T07:39:31","guid":{"rendered":"https:\/\/miomiorun.com\/?post_type=product&#038;p=301233"},"modified":"2025-11-21T17:51:06","modified_gmt":"2025-11-21T16:51:06","slug":"t-shirt-monte-rosa-homme","status":"publish","type":"product","link":"https:\/\/www.miomiorun.com\/fr\/produit\/t-shirt-monte-rosa-homme\/","title":{"rendered":"T-shirt Monte Rosa homme"},"content":{"rendered":"<p class=\"\" data-start=\"282\" data-end=\"640\"><strong data-start=\"282\" data-end=\"382\">D\u00e9couvrez le t-shirt technique id\u00e9al pour le trail running, l&#8217;ultra trail et les aventures en plein air.<\/strong><br data-start=\"382\" data-end=\"385\">Le <strong data-start=\"388\" data-end=\"426\">t-shirt de course Monte Rosa<\/strong> de Wild Tee allie performance, l\u00e9g\u00e8ret\u00e9 et style inspir\u00e9 de la nature. Fabriqu\u00e9 en <strong data-start=\"514\" data-end=\"543\">tissu technique Micromesh<\/strong>, il est respirant, doux au toucher et id\u00e9al pour parcourir de longues distances en montagne ou en ville.<\/p>\n<p class=\"\" data-start=\"642\" data-end=\"902\">Le graphisme exclusif repr\u00e9sente le <strong data-start=\"676\" data-end=\"690\">Monte Rosa<\/strong>, l&#8217;un des sommets les plus embl\u00e9matiques des Alpes. La <strong data-start=\"736\" data-end=\"752\">couleur verte<\/strong> rappelle la vitalit\u00e9 des paysages naturels, tandis que l&#8217;<strong data-start=\"807\" data-end=\"833\">impression par sublimation<\/strong> garantit des couleurs vives et durables, qui ne s&#8217;alt\u00e8rent pas avec le temps. Un <strong data-start=\"1672\" data-end=\"1698\">t-shirt de course \u00e0 pied&nbsp;<\/strong> con\u00e7u pour durer, vous accompagner sur les sentiers les plus difficiles et vous offrir un confort optimal m\u00eame lors de vos courses urbaines. <\/p>\n<ul data-start=\"958\" data-end=\"1311\">\n<li class=\"\" data-start=\"958\" data-end=\"1007\">\n<p class=\"\" data-start=\"960\" data-end=\"1007\">&nbsp;<strong data-start=\"963\" data-end=\"1005\">Id\u00e9al pour le trail running et l&#8217;ultra trail<\/strong><\/p>\n<\/li>\n<li class=\"\" data-start=\"1008\" data-end=\"1068\">\n<p class=\"\" data-start=\"1010\" data-end=\"1068\">&nbsp;<strong data-start=\"1013\" data-end=\"1066\">Tissu technique l\u00e9ger et respirant (Micromesh)<\/strong><\/p>\n<\/li>\n<li class=\"\" data-start=\"1069\" data-end=\"1130\">\n<p class=\"\" data-start=\"1071\" data-end=\"1130\">&nbsp;<strong data-start=\"1074\" data-end=\"1093\">Seulement 105 grammes<\/strong> : parfait pour la course en montagne<\/p>\n<\/li>\n<li class=\"\" data-start=\"1131\" data-end=\"1180\">\n<p class=\"\" data-start=\"1133\" data-end=\"1180\">&nbsp;<strong data-start=\"1136\" data-end=\"1178\">Prot\u00e8ge des frottements du sac \u00e0 dos<\/strong><\/p>\n<\/li>\n<li class=\"\" data-start=\"1181\" data-end=\"1240\">\n<p class=\"\" data-start=\"1183\" data-end=\"1240\">&nbsp;<strong data-start=\"1186\" data-end=\"1208\">Impression par sublimation<\/strong> : r\u00e9sistante au lavage et \u00e0 l&#8217;usure<\/p>\n<\/li>\n<li class=\"\" data-start=\"1241\" data-end=\"1311\">\n<p class=\"\" data-start=\"1243\" data-end=\"1311\">&nbsp;<strong data-start=\"1246\" data-end=\"1311\">Design unique avec coordonn\u00e9es du sommet imprim\u00e9es sur la manche<\/strong><\/p>\n<\/li>\n<\/ul>\n<p>&nbsp;<\/p>\n<p>&nbsp;<\/p>\n","protected":false},"excerpt":{"rendered":"<ul>\n<li>Parfait pour le trail et l&#8217;entra\u00eenement<\/li>\n<li>Respirant<\/li>\n<li>R\u00e9sistant<\/li>\n<li>Impression durable<\/li>\n<\/ul>\n","protected":false},"featured_media":308226,"template":"","meta":{"_acf_changed":false,"inline_featured_image":false},"product_brand":[],"product_cat":[24449,24482],"product_tag":[23528,23567],"class_list":{"0":"post-301233","1":"product","2":"type-product","3":"status-publish","4":"has-post-thumbnail","6":"product_cat-t-shirt-fr-3","7":"product_cat-vetements-pour-hommes-fr","8":"product_tag-wild-tee-fr","9":"product_tag-wild-tee-homme","10":"pa_attivita-marcher","11":"pa_attivita-running-fr","12":"pa_attivita-trail-fr","13":"pa_marca-wild-tee-fr","14":"pa_sesso-homme","15":"pa_size-small-fr","16":"pa_size-medium-fr","17":"pa_size-large-fr","18":"pa_size-extra-large-fr","20":"first","21":"instock","22":"sale","23":"taxable","24":"shipping-taxable","25":"purchasable","26":"product-type-variable","27":"wvs-archive-product-wrapper"},"acf":[],"yoast_head":"<!-- This site is optimized with the Yoast SEO plugin v26.8 - https:\/\/yoast.com\/product\/yoast-seo-wordpress\/ -->\n<title>Wild Tee T-shirt Monte Rosa homme - t-shirt running - MioMioRun.com<\/title>\n<meta name=\"description\" content=\"Courez vers les sommets avec le t-shirt technique Monte Rosa : design unique, tissu l\u00e9ger et respirant. Parfait pour le trail, l&#039;ultra et l&#039;entra\u00eenement en ville.\" \/>\n<meta name=\"robots\" content=\"index, follow, max-snippet:-1, max-image-preview:large, max-video-preview:-1\" \/>\n<link rel=\"canonical\" href=\"https:\/\/www.miomiorun.com\/fr\/produit\/t-shirt-monte-rosa-homme\/\" \/>\n<meta property=\"og:locale\" content=\"fr_FR\" \/>\n<meta property=\"og:type\" content=\"article\" \/>\n<meta property=\"og:title\" content=\"Wild Tee T-shirt Monte Rosa homme - t-shirt running - MioMioRun.com\" \/>\n<meta property=\"og:description\" content=\"Courez vers les sommets avec le t-shirt technique Monte Rosa : design unique, tissu l\u00e9ger et respirant. Parfait pour le trail, l&#039;ultra et l&#039;entra\u00eenement en ville.\" \/>\n<meta property=\"og:url\" content=\"https:\/\/www.miomiorun.com\/fr\/produit\/t-shirt-monte-rosa-homme\/\" \/>\n<meta property=\"og:site_name\" content=\"MioMioRun\" \/>\n<meta property=\"article:publisher\" content=\"https:\/\/www.facebook.com\/miomiorun\/\" \/>\n<meta property=\"article:modified_time\" content=\"2025-11-21T16:51:06+00:00\" \/>\n<meta property=\"og:image\" content=\"https:\/\/www.miomiorun.com\/app\/uploads\/2025\/04\/wild-tee-T-shirt-M-Monte-Rosa-WT001WT176.webp\" \/>\n\t<meta property=\"og:image:width\" content=\"600\" \/>\n\t<meta property=\"og:image:height\" content=\"600\" \/>\n\t<meta property=\"og:image:type\" content=\"image\/webp\" \/>\n<meta name=\"twitter:card\" content=\"summary_large_image\" \/>\n<meta name=\"twitter:label1\" content=\"Est. reading time\" \/>\n\t<meta name=\"twitter:data1\" content=\"1 minute\" \/>\n<script type=\"application\/ld+json\" class=\"yoast-schema-graph\">{\"@context\":\"https:\/\/schema.org\",\"@graph\":[{\"@type\":\"WebPage\",\"@id\":\"https:\/\/www.miomiorun.com\/fr\/produit\/t-shirt-monte-rosa-homme\/\",\"url\":\"https:\/\/www.miomiorun.com\/fr\/produit\/t-shirt-monte-rosa-homme\/\",\"name\":\"Wild Tee T-shirt Monte Rosa homme - t-shirt running - MioMioRun.com\",\"isPartOf\":{\"@id\":\"https:\/\/www.miomiorun.com\/fr\/#website\"},\"primaryImageOfPage\":{\"@id\":\"https:\/\/www.miomiorun.com\/fr\/produit\/t-shirt-monte-rosa-homme\/#primaryimage\"},\"image\":{\"@id\":\"https:\/\/www.miomiorun.com\/fr\/produit\/t-shirt-monte-rosa-homme\/#primaryimage\"},\"thumbnailUrl\":\"https:\/\/www.miomiorun.com\/app\/uploads\/2025\/04\/wild-tee-T-shirt-M-Monte-Rosa-WT001WT176.webp\",\"datePublished\":\"2025-04-04T07:39:31+00:00\",\"dateModified\":\"2025-11-21T16:51:06+00:00\",\"description\":\"Courez vers les sommets avec le t-shirt technique Monte Rosa : design unique, tissu l\u00e9ger et respirant. Parfait pour le trail, l'ultra et l'entra\u00eenement en ville.\",\"breadcrumb\":{\"@id\":\"https:\/\/www.miomiorun.com\/fr\/produit\/t-shirt-monte-rosa-homme\/#breadcrumb\"},\"inLanguage\":\"fr-FR\",\"potentialAction\":[{\"@type\":\"ReadAction\",\"target\":[\"https:\/\/www.miomiorun.com\/fr\/produit\/t-shirt-monte-rosa-homme\/\"]}]},{\"@type\":\"ImageObject\",\"inLanguage\":\"fr-FR\",\"@id\":\"https:\/\/www.miomiorun.com\/fr\/produit\/t-shirt-monte-rosa-homme\/#primaryimage\",\"url\":\"https:\/\/www.miomiorun.com\/app\/uploads\/2025\/04\/wild-tee-T-shirt-M-Monte-Rosa-WT001WT176.webp\",\"contentUrl\":\"https:\/\/www.miomiorun.com\/app\/uploads\/2025\/04\/wild-tee-T-shirt-M-Monte-Rosa-WT001WT176.webp\",\"width\":600,\"height\":600,\"caption\":\"wild tee T-shirt M Monte Rosa WT001WT176\"},{\"@type\":\"BreadcrumbList\",\"@id\":\"https:\/\/www.miomiorun.com\/fr\/produit\/t-shirt-monte-rosa-homme\/#breadcrumb\",\"itemListElement\":[{\"@type\":\"ListItem\",\"position\":1,\"name\":\"Home\",\"item\":\"https:\/\/www.miomiorun.com\/fr\/home-page\/\"},{\"@type\":\"ListItem\",\"position\":2,\"name\":\"Shop\",\"item\":\"https:\/\/www.miomiorun.com\/shop\/\"},{\"@type\":\"ListItem\",\"position\":3,\"name\":\"T-shirt Monte Rosa homme\"}]},{\"@type\":\"WebSite\",\"@id\":\"https:\/\/www.miomiorun.com\/fr\/#website\",\"url\":\"https:\/\/www.miomiorun.com\/fr\/\",\"name\":\"MioMioRun\",\"description\":\"Boutique 100% running et trail\",\"publisher\":{\"@id\":\"https:\/\/www.miomiorun.com\/fr\/#organization\"},\"potentialAction\":[{\"@type\":\"SearchAction\",\"target\":{\"@type\":\"EntryPoint\",\"urlTemplate\":\"https:\/\/www.miomiorun.com\/fr\/?s={search_term_string}\"},\"query-input\":{\"@type\":\"PropertyValueSpecification\",\"valueRequired\":true,\"valueName\":\"search_term_string\"}}],\"inLanguage\":\"fr-FR\"},{\"@type\":\"Organization\",\"@id\":\"https:\/\/www.miomiorun.com\/fr\/#organization\",\"name\":\"MioMio Run\",\"url\":\"https:\/\/www.miomiorun.com\/fr\/\",\"logo\":{\"@type\":\"ImageObject\",\"inLanguage\":\"fr-FR\",\"@id\":\"https:\/\/www.miomiorun.com\/fr\/#\/schema\/logo\/image\/\",\"url\":\"https:\/\/www.miomiorun.com\/app\/uploads\/2019\/12\/logomio.png\",\"contentUrl\":\"https:\/\/www.miomiorun.com\/app\/uploads\/2019\/12\/logomio.png\",\"width\":115,\"height\":82,\"caption\":\"MioMio Run\"},\"image\":{\"@id\":\"https:\/\/www.miomiorun.com\/fr\/#\/schema\/logo\/image\/\"},\"sameAs\":[\"https:\/\/www.facebook.com\/miomiorun\/\",\"https:\/\/www.instagram.com\/miomiorun\/\"]}]}<\/script>\n<!-- \/ Yoast SEO plugin. -->","yoast_head_json":{"title":"Wild Tee T-shirt Monte Rosa homme - t-shirt running - MioMioRun.com","description":"Courez vers les sommets avec le t-shirt technique Monte Rosa : design unique, tissu l\u00e9ger et respirant. Parfait pour le trail, l'ultra et l'entra\u00eenement en ville.","robots":{"index":"index","follow":"follow","max-snippet":"max-snippet:-1","max-image-preview":"max-image-preview:large","max-video-preview":"max-video-preview:-1"},"canonical":"https:\/\/www.miomiorun.com\/fr\/produit\/t-shirt-monte-rosa-homme\/","og_locale":"fr_FR","og_type":"article","og_title":"Wild Tee T-shirt Monte Rosa homme - t-shirt running - MioMioRun.com","og_description":"Courez vers les sommets avec le t-shirt technique Monte Rosa : design unique, tissu l\u00e9ger et respirant. Parfait pour le trail, l'ultra et l'entra\u00eenement en ville.","og_url":"https:\/\/www.miomiorun.com\/fr\/produit\/t-shirt-monte-rosa-homme\/","og_site_name":"MioMioRun","article_publisher":"https:\/\/www.facebook.com\/miomiorun\/","article_modified_time":"2025-11-21T16:51:06+00:00","og_image":[{"width":600,"height":600,"url":"https:\/\/www.miomiorun.com\/app\/uploads\/2025\/04\/wild-tee-T-shirt-M-Monte-Rosa-WT001WT176.webp","type":"image\/webp"}],"twitter_card":"summary_large_image","twitter_misc":{"Est. reading time":"1 minute"},"schema":{"@context":"https:\/\/schema.org","@graph":[{"@type":"WebPage","@id":"https:\/\/www.miomiorun.com\/fr\/produit\/t-shirt-monte-rosa-homme\/","url":"https:\/\/www.miomiorun.com\/fr\/produit\/t-shirt-monte-rosa-homme\/","name":"Wild Tee T-shirt Monte Rosa homme - t-shirt running - MioMioRun.com","isPartOf":{"@id":"https:\/\/www.miomiorun.com\/fr\/#website"},"primaryImageOfPage":{"@id":"https:\/\/www.miomiorun.com\/fr\/produit\/t-shirt-monte-rosa-homme\/#primaryimage"},"image":{"@id":"https:\/\/www.miomiorun.com\/fr\/produit\/t-shirt-monte-rosa-homme\/#primaryimage"},"thumbnailUrl":"https:\/\/www.miomiorun.com\/app\/uploads\/2025\/04\/wild-tee-T-shirt-M-Monte-Rosa-WT001WT176.webp","datePublished":"2025-04-04T07:39:31+00:00","dateModified":"2025-11-21T16:51:06+00:00","description":"Courez vers les sommets avec le t-shirt technique Monte Rosa : design unique, tissu l\u00e9ger et respirant. Parfait pour le trail, l'ultra et l'entra\u00eenement en ville.","breadcrumb":{"@id":"https:\/\/www.miomiorun.com\/fr\/produit\/t-shirt-monte-rosa-homme\/#breadcrumb"},"inLanguage":"fr-FR","potentialAction":[{"@type":"ReadAction","target":["https:\/\/www.miomiorun.com\/fr\/produit\/t-shirt-monte-rosa-homme\/"]}]},{"@type":"ImageObject","inLanguage":"fr-FR","@id":"https:\/\/www.miomiorun.com\/fr\/produit\/t-shirt-monte-rosa-homme\/#primaryimage","url":"https:\/\/www.miomiorun.com\/app\/uploads\/2025\/04\/wild-tee-T-shirt-M-Monte-Rosa-WT001WT176.webp","contentUrl":"https:\/\/www.miomiorun.com\/app\/uploads\/2025\/04\/wild-tee-T-shirt-M-Monte-Rosa-WT001WT176.webp","width":600,"height":600,"caption":"wild tee T-shirt M Monte Rosa WT001WT176"},{"@type":"BreadcrumbList","@id":"https:\/\/www.miomiorun.com\/fr\/produit\/t-shirt-monte-rosa-homme\/#breadcrumb","itemListElement":[{"@type":"ListItem","position":1,"name":"Home","item":"https:\/\/www.miomiorun.com\/fr\/home-page\/"},{"@type":"ListItem","position":2,"name":"Shop","item":"https:\/\/www.miomiorun.com\/shop\/"},{"@type":"ListItem","position":3,"name":"T-shirt Monte Rosa homme"}]},{"@type":"WebSite","@id":"https:\/\/www.miomiorun.com\/fr\/#website","url":"https:\/\/www.miomiorun.com\/fr\/","name":"MioMioRun","description":"Boutique 100% running et trail","publisher":{"@id":"https:\/\/www.miomiorun.com\/fr\/#organization"},"potentialAction":[{"@type":"SearchAction","target":{"@type":"EntryPoint","urlTemplate":"https:\/\/www.miomiorun.com\/fr\/?s={search_term_string}"},"query-input":{"@type":"PropertyValueSpecification","valueRequired":true,"valueName":"search_term_string"}}],"inLanguage":"fr-FR"},{"@type":"Organization","@id":"https:\/\/www.miomiorun.com\/fr\/#organization","name":"MioMio Run","url":"https:\/\/www.miomiorun.com\/fr\/","logo":{"@type":"ImageObject","inLanguage":"fr-FR","@id":"https:\/\/www.miomiorun.com\/fr\/#\/schema\/logo\/image\/","url":"https:\/\/www.miomiorun.com\/app\/uploads\/2019\/12\/logomio.png","contentUrl":"https:\/\/www.miomiorun.com\/app\/uploads\/2019\/12\/logomio.png","width":115,"height":82,"caption":"MioMio Run"},"image":{"@id":"https:\/\/www.miomiorun.com\/fr\/#\/schema\/logo\/image\/"},"sameAs":["https:\/\/www.facebook.com\/miomiorun\/","https:\/\/www.instagram.com\/miomiorun\/"]}]}},"_links":{"self":[{"href":"https:\/\/www.miomiorun.com\/fr\/wp-json\/wp\/v2\/product\/301233","targetHints":{"allow":["GET"]}}],"collection":[{"href":"https:\/\/www.miomiorun.com\/fr\/wp-json\/wp\/v2\/product"}],"about":[{"href":"https:\/\/www.miomiorun.com\/fr\/wp-json\/wp\/v2\/types\/product"}],"wp:featuredmedia":[{"embeddable":true,"href":"https:\/\/www.miomiorun.com\/fr\/wp-json\/wp\/v2\/media\/308226"}],"wp:attachment":[{"href":"https:\/\/www.miomiorun.com\/fr\/wp-json\/wp\/v2\/media?parent=301233"}],"wp:term":[{"taxonomy":"product_brand","embeddable":true,"href":"https:\/\/www.miomiorun.com\/fr\/wp-json\/wp\/v2\/product_brand?post=301233"},{"taxonomy":"product_cat","embeddable":true,"href":"https:\/\/www.miomiorun.com\/fr\/wp-json\/wp\/v2\/product_cat?post=301233"},{"taxonomy":"product_tag","embeddable":true,"href":"https:\/\/www.miomiorun.com\/fr\/wp-json\/wp\/v2\/product_tag?post=301233"}],"curies":[{"name":"wp","href":"https:\/\/api.w.org\/{rel}","templated":true}]}}