{"id":301232,"date":"2025-04-04T17:05:01","date_gmt":"2025-04-04T15:05:01","guid":{"rendered":"https:\/\/miomiorun.com\/?post_type=product&#038;p=301232"},"modified":"2025-12-03T11:02:47","modified_gmt":"2025-12-03T10:02:47","slug":"t-shirt-buckled-desert-homme","status":"publish","type":"product","link":"https:\/\/www.miomiorun.com\/fr\/produit\/t-shirt-buckled-desert-homme\/","title":{"rendered":"T-shirt buckled desert homme"},"content":{"rendered":"<p><strong data-start=\"306\" data-end=\"410\">Une \u00e9dition limit\u00e9e n\u00e9e dans le d\u00e9sert de l&#8217;Arizona, inspir\u00e9e de la l\u00e9gendaire course Javelina Jundred.<\/strong><br data-start=\"410\" data-end=\"413\">Ce t-shirt technique est le fruit d&#8217;une collaboration entre <strong data-start=\"475\" data-end=\"505\">Wild Tee et Buckled Podcast<\/strong> : un hommage \u00e0 la course extr\u00eame, \u00e0 l&#8217;endurance mentale et \u00e0 la beaut\u00e9 brute du d\u00e9sert de Sonora.<\/p>\n<h3 class=\"\" data-start=\"613\" data-end=\"647\">&nbsp;Caract\u00e9ristiques principales :<\/h3>\n<ul data-start=\"649\" data-end=\"1160\">\n<li class=\"\" data-start=\"649\" data-end=\"721\">\n<p class=\"\" data-start=\"651\" data-end=\"721\"><strong data-start=\"651\" data-end=\"672\">Tissu Micromesh<\/strong> ultra l\u00e9ger, respirant et doux comme de la soie<\/p>\n<\/li>\n<li class=\"\" data-start=\"722\" data-end=\"799\">\n<p class=\"\" data-start=\"724\" data-end=\"799\">Seulement <strong data-start=\"729\" data-end=\"746\">105 g<\/strong> : id\u00e9al pour le trail, l&#8217;ultra-trail et les longues distances<\/p>\n<\/li>\n<li class=\"\" data-start=\"800\" data-end=\"867\">\n<p class=\"\" data-start=\"802\" data-end=\"867\"><strong data-start=\"802\" data-end=\"825\">Haute respirabilit\u00e9<\/strong> pour affronter les temp\u00e9ratures les plus chaudes<\/p>\n<\/li>\n<li class=\"\" data-start=\"868\" data-end=\"927\">\n<p class=\"\" data-start=\"870\" data-end=\"927\"><strong data-start=\"870\" data-end=\"892\">Couverture optimale<\/strong> par temps frais, sans alourdir<\/p>\n<\/li>\n<li class=\"\" data-start=\"928\" data-end=\"991\">\n<p class=\"\" data-start=\"930\" data-end=\"991\"><strong data-start=\"930\" data-end=\"951\">\u00c9paules renforc\u00e9es<\/strong> : prot\u00e8gent des frottements avec le sac \u00e0 dos<\/p>\n<\/li>\n<li class=\"\" data-start=\"992\" data-end=\"1074\">\n<p class=\"\" data-start=\"994\" data-end=\"1074\"><strong data-start=\"994\" data-end=\"1020\">Impression par sublimation<\/strong> : couleurs vives, r\u00e9sistantes au temps et aux lavages<\/p>\n<\/li>\n<li class=\"\" data-start=\"1075\" data-end=\"1160\">\n<p class=\"\" data-start=\"1077\" data-end=\"1160\"><strong data-start=\"1077\" data-end=\"1097\">Design exclusif<\/strong> inspir\u00e9 du Javelina Jundred<\/p>\n<\/li>\n<\/ul>\n","protected":false},"excerpt":{"rendered":"<ul>\n<li>T-shirt technique ultra l\u00e9ger et respirant<\/li>\n<li>\u00c9dition limit\u00e9e<\/li>\n<\/ul>\n","protected":false},"featured_media":308232,"template":"","meta":{"_acf_changed":false,"inline_featured_image":false},"product_brand":[],"product_cat":[24449,24482],"product_tag":[23528,23567],"class_list":{"0":"post-301232","1":"product","2":"type-product","3":"status-publish","4":"has-post-thumbnail","6":"product_cat-t-shirt-fr-3","7":"product_cat-vetements-pour-hommes-fr","8":"product_tag-wild-tee-fr","9":"product_tag-wild-tee-homme","10":"pa_attivita-marcher","11":"pa_attivita-running-fr","12":"pa_attivita-trail-fr","13":"pa_marca-wild-tee-fr","14":"pa_sesso-homme","15":"pa_size-small-fr","16":"pa_size-medium-fr","17":"pa_size-large-fr","18":"pa_size-extra-large-fr","20":"first","21":"instock","22":"sale","23":"taxable","24":"shipping-taxable","25":"purchasable","26":"product-type-variable","27":"wvs-archive-product-wrapper"},"acf":[],"yoast_head":"<!-- This site is optimized with the Yoast SEO plugin v26.8 - https:\/\/yoast.com\/product\/yoast-seo-wordpress\/ -->\n<title>Wild Tee T-shirt buckled desert homme - T-shirt de course \u00e0 pied - MioMioRun.com<\/title>\n<meta name=\"description\" content=\"T-shirt technique de trail running pour homme Wild Tee. L\u00e9ger, respirant et imprim\u00e9 r\u00e9sistant. \u00c9dition limit\u00e9e en collaboration avec Buckled Podcast.\" \/>\n<meta name=\"robots\" content=\"index, follow, max-snippet:-1, max-image-preview:large, max-video-preview:-1\" \/>\n<link rel=\"canonical\" href=\"https:\/\/www.miomiorun.com\/fr\/produit\/t-shirt-buckled-desert-homme\/\" \/>\n<meta property=\"og:locale\" content=\"fr_FR\" \/>\n<meta property=\"og:type\" content=\"article\" \/>\n<meta property=\"og:title\" content=\"Wild Tee T-shirt buckled desert homme - T-shirt de course \u00e0 pied - MioMioRun.com\" \/>\n<meta property=\"og:description\" content=\"T-shirt technique de trail running pour homme Wild Tee. L\u00e9ger, respirant et imprim\u00e9 r\u00e9sistant. \u00c9dition limit\u00e9e en collaboration avec Buckled Podcast.\" \/>\n<meta property=\"og:url\" content=\"https:\/\/www.miomiorun.com\/fr\/produit\/t-shirt-buckled-desert-homme\/\" \/>\n<meta property=\"og:site_name\" content=\"MioMioRun\" \/>\n<meta property=\"article:publisher\" content=\"https:\/\/www.facebook.com\/miomiorun\/\" \/>\n<meta property=\"article:modified_time\" content=\"2025-12-03T10:02:47+00:00\" \/>\n<meta property=\"og:image\" content=\"https:\/\/www.miomiorun.com\/app\/uploads\/2025\/04\/wild-tee-T-shirt-M-buckled-desert-WT001WT170.webp\" \/>\n\t<meta property=\"og:image:width\" content=\"600\" \/>\n\t<meta property=\"og:image:height\" content=\"600\" \/>\n\t<meta property=\"og:image:type\" content=\"image\/webp\" \/>\n<meta name=\"twitter:card\" content=\"summary_large_image\" \/>\n<meta name=\"twitter:label1\" content=\"Est. reading time\" \/>\n\t<meta name=\"twitter:data1\" content=\"1 minute\" \/>\n<script type=\"application\/ld+json\" class=\"yoast-schema-graph\">{\"@context\":\"https:\/\/schema.org\",\"@graph\":[{\"@type\":\"WebPage\",\"@id\":\"https:\/\/www.miomiorun.com\/fr\/produit\/t-shirt-buckled-desert-homme\/\",\"url\":\"https:\/\/www.miomiorun.com\/fr\/produit\/t-shirt-buckled-desert-homme\/\",\"name\":\"Wild Tee T-shirt buckled desert homme - T-shirt de course \u00e0 pied - MioMioRun.com\",\"isPartOf\":{\"@id\":\"https:\/\/www.miomiorun.com\/fr\/#website\"},\"primaryImageOfPage\":{\"@id\":\"https:\/\/www.miomiorun.com\/fr\/produit\/t-shirt-buckled-desert-homme\/#primaryimage\"},\"image\":{\"@id\":\"https:\/\/www.miomiorun.com\/fr\/produit\/t-shirt-buckled-desert-homme\/#primaryimage\"},\"thumbnailUrl\":\"https:\/\/www.miomiorun.com\/app\/uploads\/2025\/04\/wild-tee-T-shirt-M-buckled-desert-WT001WT170.webp\",\"datePublished\":\"2025-04-04T15:05:01+00:00\",\"dateModified\":\"2025-12-03T10:02:47+00:00\",\"description\":\"T-shirt technique de trail running pour homme Wild Tee. L\u00e9ger, respirant et imprim\u00e9 r\u00e9sistant. \u00c9dition limit\u00e9e en collaboration avec Buckled Podcast.\",\"breadcrumb\":{\"@id\":\"https:\/\/www.miomiorun.com\/fr\/produit\/t-shirt-buckled-desert-homme\/#breadcrumb\"},\"inLanguage\":\"fr-FR\",\"potentialAction\":[{\"@type\":\"ReadAction\",\"target\":[\"https:\/\/www.miomiorun.com\/fr\/produit\/t-shirt-buckled-desert-homme\/\"]}]},{\"@type\":\"ImageObject\",\"inLanguage\":\"fr-FR\",\"@id\":\"https:\/\/www.miomiorun.com\/fr\/produit\/t-shirt-buckled-desert-homme\/#primaryimage\",\"url\":\"https:\/\/www.miomiorun.com\/app\/uploads\/2025\/04\/wild-tee-T-shirt-M-buckled-desert-WT001WT170.webp\",\"contentUrl\":\"https:\/\/www.miomiorun.com\/app\/uploads\/2025\/04\/wild-tee-T-shirt-M-buckled-desert-WT001WT170.webp\",\"width\":600,\"height\":600,\"caption\":\"wild tee T-shirt M buckled desert WT001WT170\"},{\"@type\":\"BreadcrumbList\",\"@id\":\"https:\/\/www.miomiorun.com\/fr\/produit\/t-shirt-buckled-desert-homme\/#breadcrumb\",\"itemListElement\":[{\"@type\":\"ListItem\",\"position\":1,\"name\":\"Home\",\"item\":\"https:\/\/www.miomiorun.com\/fr\/home-page\/\"},{\"@type\":\"ListItem\",\"position\":2,\"name\":\"Shop\",\"item\":\"https:\/\/www.miomiorun.com\/shop\/\"},{\"@type\":\"ListItem\",\"position\":3,\"name\":\"T-shirt buckled desert homme\"}]},{\"@type\":\"WebSite\",\"@id\":\"https:\/\/www.miomiorun.com\/fr\/#website\",\"url\":\"https:\/\/www.miomiorun.com\/fr\/\",\"name\":\"MioMioRun\",\"description\":\"Boutique 100% running et trail\",\"publisher\":{\"@id\":\"https:\/\/www.miomiorun.com\/fr\/#organization\"},\"potentialAction\":[{\"@type\":\"SearchAction\",\"target\":{\"@type\":\"EntryPoint\",\"urlTemplate\":\"https:\/\/www.miomiorun.com\/fr\/?s={search_term_string}\"},\"query-input\":{\"@type\":\"PropertyValueSpecification\",\"valueRequired\":true,\"valueName\":\"search_term_string\"}}],\"inLanguage\":\"fr-FR\"},{\"@type\":\"Organization\",\"@id\":\"https:\/\/www.miomiorun.com\/fr\/#organization\",\"name\":\"MioMio Run\",\"url\":\"https:\/\/www.miomiorun.com\/fr\/\",\"logo\":{\"@type\":\"ImageObject\",\"inLanguage\":\"fr-FR\",\"@id\":\"https:\/\/www.miomiorun.com\/fr\/#\/schema\/logo\/image\/\",\"url\":\"https:\/\/www.miomiorun.com\/app\/uploads\/2019\/12\/logomio.png\",\"contentUrl\":\"https:\/\/www.miomiorun.com\/app\/uploads\/2019\/12\/logomio.png\",\"width\":115,\"height\":82,\"caption\":\"MioMio Run\"},\"image\":{\"@id\":\"https:\/\/www.miomiorun.com\/fr\/#\/schema\/logo\/image\/\"},\"sameAs\":[\"https:\/\/www.facebook.com\/miomiorun\/\",\"https:\/\/www.instagram.com\/miomiorun\/\"]}]}<\/script>\n<!-- \/ Yoast SEO plugin. -->","yoast_head_json":{"title":"Wild Tee T-shirt buckled desert homme - T-shirt de course \u00e0 pied - MioMioRun.com","description":"T-shirt technique de trail running pour homme Wild Tee. L\u00e9ger, respirant et imprim\u00e9 r\u00e9sistant. \u00c9dition limit\u00e9e en collaboration avec Buckled Podcast.","robots":{"index":"index","follow":"follow","max-snippet":"max-snippet:-1","max-image-preview":"max-image-preview:large","max-video-preview":"max-video-preview:-1"},"canonical":"https:\/\/www.miomiorun.com\/fr\/produit\/t-shirt-buckled-desert-homme\/","og_locale":"fr_FR","og_type":"article","og_title":"Wild Tee T-shirt buckled desert homme - T-shirt de course \u00e0 pied - MioMioRun.com","og_description":"T-shirt technique de trail running pour homme Wild Tee. L\u00e9ger, respirant et imprim\u00e9 r\u00e9sistant. \u00c9dition limit\u00e9e en collaboration avec Buckled Podcast.","og_url":"https:\/\/www.miomiorun.com\/fr\/produit\/t-shirt-buckled-desert-homme\/","og_site_name":"MioMioRun","article_publisher":"https:\/\/www.facebook.com\/miomiorun\/","article_modified_time":"2025-12-03T10:02:47+00:00","og_image":[{"width":600,"height":600,"url":"https:\/\/www.miomiorun.com\/app\/uploads\/2025\/04\/wild-tee-T-shirt-M-buckled-desert-WT001WT170.webp","type":"image\/webp"}],"twitter_card":"summary_large_image","twitter_misc":{"Est. reading time":"1 minute"},"schema":{"@context":"https:\/\/schema.org","@graph":[{"@type":"WebPage","@id":"https:\/\/www.miomiorun.com\/fr\/produit\/t-shirt-buckled-desert-homme\/","url":"https:\/\/www.miomiorun.com\/fr\/produit\/t-shirt-buckled-desert-homme\/","name":"Wild Tee T-shirt buckled desert homme - T-shirt de course \u00e0 pied - MioMioRun.com","isPartOf":{"@id":"https:\/\/www.miomiorun.com\/fr\/#website"},"primaryImageOfPage":{"@id":"https:\/\/www.miomiorun.com\/fr\/produit\/t-shirt-buckled-desert-homme\/#primaryimage"},"image":{"@id":"https:\/\/www.miomiorun.com\/fr\/produit\/t-shirt-buckled-desert-homme\/#primaryimage"},"thumbnailUrl":"https:\/\/www.miomiorun.com\/app\/uploads\/2025\/04\/wild-tee-T-shirt-M-buckled-desert-WT001WT170.webp","datePublished":"2025-04-04T15:05:01+00:00","dateModified":"2025-12-03T10:02:47+00:00","description":"T-shirt technique de trail running pour homme Wild Tee. L\u00e9ger, respirant et imprim\u00e9 r\u00e9sistant. \u00c9dition limit\u00e9e en collaboration avec Buckled Podcast.","breadcrumb":{"@id":"https:\/\/www.miomiorun.com\/fr\/produit\/t-shirt-buckled-desert-homme\/#breadcrumb"},"inLanguage":"fr-FR","potentialAction":[{"@type":"ReadAction","target":["https:\/\/www.miomiorun.com\/fr\/produit\/t-shirt-buckled-desert-homme\/"]}]},{"@type":"ImageObject","inLanguage":"fr-FR","@id":"https:\/\/www.miomiorun.com\/fr\/produit\/t-shirt-buckled-desert-homme\/#primaryimage","url":"https:\/\/www.miomiorun.com\/app\/uploads\/2025\/04\/wild-tee-T-shirt-M-buckled-desert-WT001WT170.webp","contentUrl":"https:\/\/www.miomiorun.com\/app\/uploads\/2025\/04\/wild-tee-T-shirt-M-buckled-desert-WT001WT170.webp","width":600,"height":600,"caption":"wild tee T-shirt M buckled desert WT001WT170"},{"@type":"BreadcrumbList","@id":"https:\/\/www.miomiorun.com\/fr\/produit\/t-shirt-buckled-desert-homme\/#breadcrumb","itemListElement":[{"@type":"ListItem","position":1,"name":"Home","item":"https:\/\/www.miomiorun.com\/fr\/home-page\/"},{"@type":"ListItem","position":2,"name":"Shop","item":"https:\/\/www.miomiorun.com\/shop\/"},{"@type":"ListItem","position":3,"name":"T-shirt buckled desert homme"}]},{"@type":"WebSite","@id":"https:\/\/www.miomiorun.com\/fr\/#website","url":"https:\/\/www.miomiorun.com\/fr\/","name":"MioMioRun","description":"Boutique 100% running et trail","publisher":{"@id":"https:\/\/www.miomiorun.com\/fr\/#organization"},"potentialAction":[{"@type":"SearchAction","target":{"@type":"EntryPoint","urlTemplate":"https:\/\/www.miomiorun.com\/fr\/?s={search_term_string}"},"query-input":{"@type":"PropertyValueSpecification","valueRequired":true,"valueName":"search_term_string"}}],"inLanguage":"fr-FR"},{"@type":"Organization","@id":"https:\/\/www.miomiorun.com\/fr\/#organization","name":"MioMio Run","url":"https:\/\/www.miomiorun.com\/fr\/","logo":{"@type":"ImageObject","inLanguage":"fr-FR","@id":"https:\/\/www.miomiorun.com\/fr\/#\/schema\/logo\/image\/","url":"https:\/\/www.miomiorun.com\/app\/uploads\/2019\/12\/logomio.png","contentUrl":"https:\/\/www.miomiorun.com\/app\/uploads\/2019\/12\/logomio.png","width":115,"height":82,"caption":"MioMio Run"},"image":{"@id":"https:\/\/www.miomiorun.com\/fr\/#\/schema\/logo\/image\/"},"sameAs":["https:\/\/www.facebook.com\/miomiorun\/","https:\/\/www.instagram.com\/miomiorun\/"]}]}},"_links":{"self":[{"href":"https:\/\/www.miomiorun.com\/fr\/wp-json\/wp\/v2\/product\/301232","targetHints":{"allow":["GET"]}}],"collection":[{"href":"https:\/\/www.miomiorun.com\/fr\/wp-json\/wp\/v2\/product"}],"about":[{"href":"https:\/\/www.miomiorun.com\/fr\/wp-json\/wp\/v2\/types\/product"}],"wp:featuredmedia":[{"embeddable":true,"href":"https:\/\/www.miomiorun.com\/fr\/wp-json\/wp\/v2\/media\/308232"}],"wp:attachment":[{"href":"https:\/\/www.miomiorun.com\/fr\/wp-json\/wp\/v2\/media?parent=301232"}],"wp:term":[{"taxonomy":"product_brand","embeddable":true,"href":"https:\/\/www.miomiorun.com\/fr\/wp-json\/wp\/v2\/product_brand?post=301232"},{"taxonomy":"product_cat","embeddable":true,"href":"https:\/\/www.miomiorun.com\/fr\/wp-json\/wp\/v2\/product_cat?post=301232"},{"taxonomy":"product_tag","embeddable":true,"href":"https:\/\/www.miomiorun.com\/fr\/wp-json\/wp\/v2\/product_tag?post=301232"}],"curies":[{"name":"wp","href":"https:\/\/api.w.org\/{rel}","templated":true}]}}