{"id":301192,"date":"2025-04-05T09:49:20","date_gmt":"2025-04-05T07:49:20","guid":{"rendered":"https:\/\/miomiorun.com\/prodotto\/adv-skin-5l\/"},"modified":"2026-05-08T22:40:15","modified_gmt":"2026-05-08T20:40:15","slug":"adv-skin-5l","status":"publish","type":"product","link":"https:\/\/www.miomiorun.com\/fr\/produit\/adv-skin-5l\/","title":{"rendered":"Adv Skin 5L"},"content":{"rendered":"<p>Le sac de taille le plus vendu est un champion de l&#8217;hydratation polyvalent. L&#8217;ADV Skin <strong>5L<\/strong> est id\u00e9al pour les courses de trail running sur des distances de marathon et les aventures jusqu&#8217;\u00e0 60 km. L&#8217;ADV Skin 5 offre un acc\u00e8s \u00e0 l&#8217;hydratation sans devoir s&#8217;arr\u00eater, un confort sur de longues distances et une libert\u00e9 de mouvement. Avec un espace ultra polyvalent et une capacit\u00e9 allant jusqu&#8217;\u00e0 5 litres, il est id\u00e9al pour les courses ou les aventures sur de longues distances.<\/p>\n<h2>Parfait pour :<\/h2>\n<ul>\n<li>Course sur sentier<\/li>\n<li>Polyvalence<\/li>\n<\/ul>\n<p><strong>Hauteur :<\/strong> 380 mm<\/p>\n<p><strong>Largeur :<\/strong> 280 mm<\/p>\n<p><strong>Volume :<\/strong> 5 L<\/p>\n<p><strong>Poids : <\/strong>203 g<\/p>\n<p>&nbsp;<\/p>\n<h2>Caract\u00e9ristiques :<\/h2>\n<ul class=\"product-page-fabrics_features\">\n<li><span class=\"title\">CONCEPT ET TECHNOLOGIE &#8211; SensiFit\u2122 :<\/span> Stabilit\u00e9\/libert\u00e9 de mouvement La structure est compos\u00e9e de tissus extensibles respirants qui \u00e9pousent la forme du corps, avec des syst\u00e8mes de r\u00e9glage l\u00e9gers pour assurer l&#8217;ajustement et la stabilit\u00e9. Cela permet d&#8217;\u00e9viter les secousses du sac \u00e0 dos, tout en garantissant respirabilit\u00e9 et confort.<\/li>\n<li><span class=\"title\">GESTION DE LA CHARGE &#8211; Lien rapide :<\/span> Gr\u00e2ce \u00e0 la structure innovante de la sangle sur le sternum, vous pouvez facilement ajuster et attacher le sac \u00e0 dos, m\u00eame lorsque vous \u00eates en mouvement. De plus, la sangle \u00e9lastique vous permet de respirer facilement lors d&#8217;activit\u00e9s intenses.<\/li>\n<li><span class=\"title\">GESTION DE LA CHARGE :<\/span> R\u00e9glable gr\u00e2ce aux sangles de compression lat\u00e9rales.<\/li>\n<li><span class=\"title\">HYDRATATION &#8211; Compartiment pour<\/span> le r\u00e9servoir <span class=\"title\">:<\/span> cet article dispose d&#8217;un compartiment interne pour le r\u00e9servoir avec une sangle pour le maintenir en place.<\/li>\n<li><span class=\"title\">HYDRATION :<\/span> compatible avec la gourde souple de 500 ml<\/li>\n<li>HYDRACTION <span class=\"title\">:<\/span> Mallette isotherme<\/li>\n<li><span class=\"title\">HUMIDITE :<\/span> 2 flacons souples de 500 ml avec ouverture de 42 mm inclus<\/li>\n<li><span class=\"title\">OUVERTURE ET FERMETURE &#8211; ZIPPERS YKK :<\/span> zips de haute qualit\u00e9, durables et fiables.<\/li>\n<li>SYST\u00c8ME DE <span class=\"title\">TRANSPORT<\/span> &#8211; Custom Quiver System <span class=\"title\">:<\/span> optimise le sac \u00e0 dos avec le Custom Quiver System pour un acc\u00e8s rapide et un transport stable des b\u00e2tons. Pr\u00eat \u00e0 \u00eatre fix\u00e9 au sac \u00e0 dos.<\/li>\n<li><span class=\"title\">DURABILIT\u00c9 :<\/span> sans PFC<\/li>\n<\/ul>\n<p>&nbsp;<\/p>\n<p>&nbsp;<\/p>\n","protected":false},"excerpt":{"rendered":"<ul>\n<li>Gilet de trail running con\u00e7u pour les courses de trail running sur des distances marathon et les aventures jusqu&#8217;\u00e0 60 km.<\/li>\n<li>Capacit\u00e9 5L<\/li>\n<li>Id\u00e9al pour les longues courses.<\/li>\n<\/ul>\n","protected":false},"featured_media":272137,"template":"","meta":{"_acf_changed":false,"inline_featured_image":false},"product_brand":[],"product_cat":[22589,22587,22538],"product_tag":[23581,23619,23580],"class_list":{"0":"post-301192","1":"product","2":"type-product","3":"status-publish","4":"has-post-thumbnail","6":"product_cat-sacs-a-dos","7":"product_cat-sacs-a-dos-et-ceintures","8":"product_cat-accessoires","9":"product_tag-salomon-fr","10":"product_tag-salomon-femme","11":"product_tag-salomon-homme","12":"pa_attivita-outdoor-fr","13":"pa_attivita-trail-fr","14":"pa_colore-adv-skin-5-set-black-fr","15":"pa_colore-adv-skin-5-set-nautical-blue-fr","16":"pa_marca-salomon-fr","17":"pa_sesso-femme","18":"pa_sesso-homme","19":"pa_size-small-fr","20":"pa_size-medium-fr","21":"pa_size-large-fr","22":"pa_size-extra-large-fr","24":"first","25":"instock","26":"sale","27":"taxable","28":"shipping-taxable","29":"purchasable","30":"product-type-variable","31":"wvs-archive-product-wrapper"},"acf":[],"yoast_head":"<!-- This site is optimized with the Yoast SEO plugin v26.8 - https:\/\/yoast.com\/product\/yoast-seo-wordpress\/ -->\n<title>Salomon Adv Skin 5L -sac \u00e0 dos de course - MioMioRun<\/title>\n<meta name=\"description\" content=\"Le sac de taille le plus vendu est un champion de l&#039;hydratation polyvalent. L&#039;Adv Skin 5L est id\u00e9al pour les courses de distance et les aventures jusqu&#039;\u00e0 60 km.\" \/>\n<meta name=\"robots\" content=\"index, follow, max-snippet:-1, max-image-preview:large, max-video-preview:-1\" \/>\n<link rel=\"canonical\" href=\"https:\/\/www.miomiorun.com\/fr\/produit\/adv-skin-5l\/\" \/>\n<meta property=\"og:locale\" content=\"fr_FR\" \/>\n<meta property=\"og:type\" content=\"article\" \/>\n<meta property=\"og:title\" content=\"Salomon Adv Skin 5L -sac \u00e0 dos de course - MioMioRun\" \/>\n<meta property=\"og:description\" content=\"Le sac de taille le plus vendu est un champion de l&#039;hydratation polyvalent. L&#039;Adv Skin 5L est id\u00e9al pour les courses de distance et les aventures jusqu&#039;\u00e0 60 km.\" \/>\n<meta property=\"og:url\" content=\"https:\/\/www.miomiorun.com\/fr\/produit\/adv-skin-5l\/\" \/>\n<meta property=\"og:site_name\" content=\"MioMioRun\" \/>\n<meta property=\"article:publisher\" content=\"https:\/\/www.facebook.com\/miomiorun\/\" \/>\n<meta property=\"article:modified_time\" content=\"2026-05-08T20:40:15+00:00\" \/>\n<meta property=\"og:image\" content=\"https:\/\/www.miomiorun.com\/app\/uploads\/2025\/04\/salomon-ADV-Skin-5-set-nautical-blue-LC2465000.webp\" \/>\n\t<meta property=\"og:image:width\" content=\"600\" \/>\n\t<meta property=\"og:image:height\" content=\"600\" \/>\n\t<meta property=\"og:image:type\" content=\"image\/webp\" \/>\n<meta name=\"twitter:card\" content=\"summary_large_image\" \/>\n<meta name=\"twitter:label1\" content=\"Est. reading time\" \/>\n\t<meta name=\"twitter:data1\" content=\"2 minutes\" \/>\n<script type=\"application\/ld+json\" class=\"yoast-schema-graph\">{\"@context\":\"https:\/\/schema.org\",\"@graph\":[{\"@type\":\"WebPage\",\"@id\":\"https:\/\/www.miomiorun.com\/fr\/produit\/adv-skin-5l\/\",\"url\":\"https:\/\/www.miomiorun.com\/fr\/produit\/adv-skin-5l\/\",\"name\":\"Salomon Adv Skin 5L -sac \u00e0 dos de course - MioMioRun\",\"isPartOf\":{\"@id\":\"https:\/\/www.miomiorun.com\/fr\/#website\"},\"primaryImageOfPage\":{\"@id\":\"https:\/\/www.miomiorun.com\/fr\/produit\/adv-skin-5l\/#primaryimage\"},\"image\":{\"@id\":\"https:\/\/www.miomiorun.com\/fr\/produit\/adv-skin-5l\/#primaryimage\"},\"thumbnailUrl\":\"https:\/\/www.miomiorun.com\/app\/uploads\/2025\/04\/salomon-ADV-Skin-5-set-nautical-blue-LC2465000.webp\",\"datePublished\":\"2025-04-05T07:49:20+00:00\",\"dateModified\":\"2026-05-08T20:40:15+00:00\",\"description\":\"Le sac de taille le plus vendu est un champion de l'hydratation polyvalent. L'Adv Skin 5L est id\u00e9al pour les courses de distance et les aventures jusqu'\u00e0 60 km.\",\"breadcrumb\":{\"@id\":\"https:\/\/www.miomiorun.com\/fr\/produit\/adv-skin-5l\/#breadcrumb\"},\"inLanguage\":\"fr-FR\",\"potentialAction\":[{\"@type\":\"ReadAction\",\"target\":[\"https:\/\/www.miomiorun.com\/fr\/produit\/adv-skin-5l\/\"]}]},{\"@type\":\"ImageObject\",\"inLanguage\":\"fr-FR\",\"@id\":\"https:\/\/www.miomiorun.com\/fr\/produit\/adv-skin-5l\/#primaryimage\",\"url\":\"https:\/\/www.miomiorun.com\/app\/uploads\/2025\/04\/salomon-ADV-Skin-5-set-nautical-blue-LC2465000.webp\",\"contentUrl\":\"https:\/\/www.miomiorun.com\/app\/uploads\/2025\/04\/salomon-ADV-Skin-5-set-nautical-blue-LC2465000.webp\",\"width\":600,\"height\":600,\"caption\":\"salomon ADV Skin 5 set nautical blue LC2465000\"},{\"@type\":\"BreadcrumbList\",\"@id\":\"https:\/\/www.miomiorun.com\/fr\/produit\/adv-skin-5l\/#breadcrumb\",\"itemListElement\":[{\"@type\":\"ListItem\",\"position\":1,\"name\":\"Home\",\"item\":\"https:\/\/www.miomiorun.com\/fr\/home-page\/\"},{\"@type\":\"ListItem\",\"position\":2,\"name\":\"Shop\",\"item\":\"https:\/\/www.miomiorun.com\/shop\/\"},{\"@type\":\"ListItem\",\"position\":3,\"name\":\"Adv Skin 5L\"}]},{\"@type\":\"WebSite\",\"@id\":\"https:\/\/www.miomiorun.com\/fr\/#website\",\"url\":\"https:\/\/www.miomiorun.com\/fr\/\",\"name\":\"MioMioRun\",\"description\":\"Boutique 100% running et trail\",\"publisher\":{\"@id\":\"https:\/\/www.miomiorun.com\/fr\/#organization\"},\"potentialAction\":[{\"@type\":\"SearchAction\",\"target\":{\"@type\":\"EntryPoint\",\"urlTemplate\":\"https:\/\/www.miomiorun.com\/fr\/?s={search_term_string}\"},\"query-input\":{\"@type\":\"PropertyValueSpecification\",\"valueRequired\":true,\"valueName\":\"search_term_string\"}}],\"inLanguage\":\"fr-FR\"},{\"@type\":\"Organization\",\"@id\":\"https:\/\/www.miomiorun.com\/fr\/#organization\",\"name\":\"MioMio Run\",\"url\":\"https:\/\/www.miomiorun.com\/fr\/\",\"logo\":{\"@type\":\"ImageObject\",\"inLanguage\":\"fr-FR\",\"@id\":\"https:\/\/www.miomiorun.com\/fr\/#\/schema\/logo\/image\/\",\"url\":\"https:\/\/www.miomiorun.com\/app\/uploads\/2019\/12\/logomio.png\",\"contentUrl\":\"https:\/\/www.miomiorun.com\/app\/uploads\/2019\/12\/logomio.png\",\"width\":115,\"height\":82,\"caption\":\"MioMio Run\"},\"image\":{\"@id\":\"https:\/\/www.miomiorun.com\/fr\/#\/schema\/logo\/image\/\"},\"sameAs\":[\"https:\/\/www.facebook.com\/miomiorun\/\",\"https:\/\/www.instagram.com\/miomiorun\/\"]}]}<\/script>\n<!-- \/ Yoast SEO plugin. -->","yoast_head_json":{"title":"Salomon Adv Skin 5L -sac \u00e0 dos de course - MioMioRun","description":"Le sac de taille le plus vendu est un champion de l'hydratation polyvalent. L'Adv Skin 5L est id\u00e9al pour les courses de distance et les aventures jusqu'\u00e0 60 km.","robots":{"index":"index","follow":"follow","max-snippet":"max-snippet:-1","max-image-preview":"max-image-preview:large","max-video-preview":"max-video-preview:-1"},"canonical":"https:\/\/www.miomiorun.com\/fr\/produit\/adv-skin-5l\/","og_locale":"fr_FR","og_type":"article","og_title":"Salomon Adv Skin 5L -sac \u00e0 dos de course - MioMioRun","og_description":"Le sac de taille le plus vendu est un champion de l'hydratation polyvalent. L'Adv Skin 5L est id\u00e9al pour les courses de distance et les aventures jusqu'\u00e0 60 km.","og_url":"https:\/\/www.miomiorun.com\/fr\/produit\/adv-skin-5l\/","og_site_name":"MioMioRun","article_publisher":"https:\/\/www.facebook.com\/miomiorun\/","article_modified_time":"2026-05-08T20:40:15+00:00","og_image":[{"width":600,"height":600,"url":"https:\/\/www.miomiorun.com\/app\/uploads\/2025\/04\/salomon-ADV-Skin-5-set-nautical-blue-LC2465000.webp","type":"image\/webp"}],"twitter_card":"summary_large_image","twitter_misc":{"Est. reading time":"2 minutes"},"schema":{"@context":"https:\/\/schema.org","@graph":[{"@type":"WebPage","@id":"https:\/\/www.miomiorun.com\/fr\/produit\/adv-skin-5l\/","url":"https:\/\/www.miomiorun.com\/fr\/produit\/adv-skin-5l\/","name":"Salomon Adv Skin 5L -sac \u00e0 dos de course - MioMioRun","isPartOf":{"@id":"https:\/\/www.miomiorun.com\/fr\/#website"},"primaryImageOfPage":{"@id":"https:\/\/www.miomiorun.com\/fr\/produit\/adv-skin-5l\/#primaryimage"},"image":{"@id":"https:\/\/www.miomiorun.com\/fr\/produit\/adv-skin-5l\/#primaryimage"},"thumbnailUrl":"https:\/\/www.miomiorun.com\/app\/uploads\/2025\/04\/salomon-ADV-Skin-5-set-nautical-blue-LC2465000.webp","datePublished":"2025-04-05T07:49:20+00:00","dateModified":"2026-05-08T20:40:15+00:00","description":"Le sac de taille le plus vendu est un champion de l'hydratation polyvalent. L'Adv Skin 5L est id\u00e9al pour les courses de distance et les aventures jusqu'\u00e0 60 km.","breadcrumb":{"@id":"https:\/\/www.miomiorun.com\/fr\/produit\/adv-skin-5l\/#breadcrumb"},"inLanguage":"fr-FR","potentialAction":[{"@type":"ReadAction","target":["https:\/\/www.miomiorun.com\/fr\/produit\/adv-skin-5l\/"]}]},{"@type":"ImageObject","inLanguage":"fr-FR","@id":"https:\/\/www.miomiorun.com\/fr\/produit\/adv-skin-5l\/#primaryimage","url":"https:\/\/www.miomiorun.com\/app\/uploads\/2025\/04\/salomon-ADV-Skin-5-set-nautical-blue-LC2465000.webp","contentUrl":"https:\/\/www.miomiorun.com\/app\/uploads\/2025\/04\/salomon-ADV-Skin-5-set-nautical-blue-LC2465000.webp","width":600,"height":600,"caption":"salomon ADV Skin 5 set nautical blue LC2465000"},{"@type":"BreadcrumbList","@id":"https:\/\/www.miomiorun.com\/fr\/produit\/adv-skin-5l\/#breadcrumb","itemListElement":[{"@type":"ListItem","position":1,"name":"Home","item":"https:\/\/www.miomiorun.com\/fr\/home-page\/"},{"@type":"ListItem","position":2,"name":"Shop","item":"https:\/\/www.miomiorun.com\/shop\/"},{"@type":"ListItem","position":3,"name":"Adv Skin 5L"}]},{"@type":"WebSite","@id":"https:\/\/www.miomiorun.com\/fr\/#website","url":"https:\/\/www.miomiorun.com\/fr\/","name":"MioMioRun","description":"Boutique 100% running et trail","publisher":{"@id":"https:\/\/www.miomiorun.com\/fr\/#organization"},"potentialAction":[{"@type":"SearchAction","target":{"@type":"EntryPoint","urlTemplate":"https:\/\/www.miomiorun.com\/fr\/?s={search_term_string}"},"query-input":{"@type":"PropertyValueSpecification","valueRequired":true,"valueName":"search_term_string"}}],"inLanguage":"fr-FR"},{"@type":"Organization","@id":"https:\/\/www.miomiorun.com\/fr\/#organization","name":"MioMio Run","url":"https:\/\/www.miomiorun.com\/fr\/","logo":{"@type":"ImageObject","inLanguage":"fr-FR","@id":"https:\/\/www.miomiorun.com\/fr\/#\/schema\/logo\/image\/","url":"https:\/\/www.miomiorun.com\/app\/uploads\/2019\/12\/logomio.png","contentUrl":"https:\/\/www.miomiorun.com\/app\/uploads\/2019\/12\/logomio.png","width":115,"height":82,"caption":"MioMio Run"},"image":{"@id":"https:\/\/www.miomiorun.com\/fr\/#\/schema\/logo\/image\/"},"sameAs":["https:\/\/www.facebook.com\/miomiorun\/","https:\/\/www.instagram.com\/miomiorun\/"]}]}},"_links":{"self":[{"href":"https:\/\/www.miomiorun.com\/fr\/wp-json\/wp\/v2\/product\/301192","targetHints":{"allow":["GET"]}}],"collection":[{"href":"https:\/\/www.miomiorun.com\/fr\/wp-json\/wp\/v2\/product"}],"about":[{"href":"https:\/\/www.miomiorun.com\/fr\/wp-json\/wp\/v2\/types\/product"}],"wp:featuredmedia":[{"embeddable":true,"href":"https:\/\/www.miomiorun.com\/fr\/wp-json\/wp\/v2\/media\/272137"}],"wp:attachment":[{"href":"https:\/\/www.miomiorun.com\/fr\/wp-json\/wp\/v2\/media?parent=301192"}],"wp:term":[{"taxonomy":"product_brand","embeddable":true,"href":"https:\/\/www.miomiorun.com\/fr\/wp-json\/wp\/v2\/product_brand?post=301192"},{"taxonomy":"product_cat","embeddable":true,"href":"https:\/\/www.miomiorun.com\/fr\/wp-json\/wp\/v2\/product_cat?post=301192"},{"taxonomy":"product_tag","embeddable":true,"href":"https:\/\/www.miomiorun.com\/fr\/wp-json\/wp\/v2\/product_tag?post=301192"}],"curies":[{"name":"wp","href":"https:\/\/api.w.org\/{rel}","templated":true}]}}