{"id":301189,"date":"2025-04-04T17:21:28","date_gmt":"2025-04-04T15:21:28","guid":{"rendered":"https:\/\/miomiorun.com\/?post_type=product&#038;p=301189"},"modified":"2025-11-20T17:16:53","modified_gmt":"2025-11-20T16:16:53","slug":"t-shirt-race-red-homme","status":"publish","type":"product","link":"https:\/\/www.miomiorun.com\/fr\/produit\/t-shirt-race-red-homme\/","title":{"rendered":"T-shirt race red homme"},"content":{"rendered":"<p class=\"\" data-start=\"274\" data-end=\"354\"><strong data-start=\"274\" data-end=\"354\">Con\u00e7ue pour la vitesse. Pens\u00e9e pour la chaleur. Parfaite pour vos performances.<\/strong><\/p>\n<p class=\"\" data-start=\"356\" data-end=\"617\">Lorsque le rythme s&#8217;acc\u00e9l\u00e8re et que la temp\u00e9rature augmente, chaque d\u00e9tail fait la diff\u00e9rence. Ce t-shirt a \u00e9t\u00e9 d\u00e9velopp\u00e9 pour les <strong data-start=\"477\" data-end=\"547\">entra\u00eenements de haute intensit\u00e9, les comp\u00e9titions et les journ\u00e9es caniculaires<\/strong>, o\u00f9 la l\u00e9g\u00e8ret\u00e9 et la respirabilit\u00e9 ne sont pas un luxe, mais une n\u00e9cessit\u00e9.<\/p>\n<p class=\"\" data-start=\"619\" data-end=\"910\">Fabriqu\u00e9 en <strong data-start=\"633\" data-end=\"670\">tissu OPENMESH 3D Made in Italy<\/strong>, enti\u00e8rement <strong data-start=\"686\" data-end=\"707\">recycl\u00e9 \u00e0 100 %<\/strong>, il offre une respirabilit\u00e9 incroyable et un confort qui vous fera presque oublier que vous le portez. <br data-start=\"806\" data-end=\"809\"><strong data-start=\"809\" data-end=\"827\">Seulement 74 grammes<\/strong> de pure performance : ce n&#8217;est pas seulement un maillot, c&#8217;est votre seconde peau pour la comp\u00e9tition.<\/p>\n<h3 class=\"\" data-start=\"917\" data-end=\"950\">Caract\u00e9ristiques principales<\/h3>\n<ul data-start=\"952\" data-end=\"1334\">\n<li class=\"\" data-start=\"952\" data-end=\"1003\">\n<p class=\"\" data-start=\"954\" data-end=\"1003\"><strong data-start=\"954\" data-end=\"970\">Ultra-l\u00e9ger<\/strong> : ne p\u00e8se que <strong data-start=\"982\" data-end=\"990\">74 g<\/strong> (taille M)<\/p>\n<\/li>\n<li class=\"\" data-start=\"1004\" data-end=\"1089\">\n<p class=\"\" data-start=\"1006\" data-end=\"1089\"><strong data-start=\"1006\" data-end=\"1031\">Hautement respirant<\/strong> : garde la peau fra\u00eeche et s\u00e8che m\u00eame pendant l&#8217;effort<\/p>\n<\/li>\n<li class=\"\" data-start=\"1090\" data-end=\"1156\">\n<p class=\"\" data-start=\"1092\" data-end=\"1156\"><strong data-start=\"1092\" data-end=\"1115\">Tissu OPENMESH 3D<\/strong> : structure tridimensionnelle anti-humidit\u00e9<\/p>\n<\/li>\n<li class=\"\" data-start=\"1157\" data-end=\"1222\">\n<p class=\"\" data-start=\"1159\" data-end=\"1222\"><strong data-start=\"1159\" data-end=\"1185\">Doux et confortable<\/strong> : aucune irritation, un plaisir maximal<\/p>\n<\/li>\n<li class=\"\" data-start=\"1223\" data-end=\"1278\">\n<p class=\"\" data-start=\"1225\" data-end=\"1278\"><strong data-start=\"1225\" data-end=\"1246\">Coupe ergonomique<\/strong> : libert\u00e9 de mouvement maximale<\/p>\n<\/li>\n<li class=\"\" data-start=\"1279\" data-end=\"1334\">\n<p class=\"\" data-start=\"1281\" data-end=\"1334\"><strong data-start=\"1281\" data-end=\"1296\">Durable<\/strong> : tissu 100 % recycl\u00e9 Made in Italy<\/p>\n<\/li>\n<\/ul>\n","protected":false},"excerpt":{"rendered":"<ul>\n<li>Confort extr\u00eame<\/li>\n<li class=\"\" data-start=\"1256\" data-end=\"1282\">\n<p class=\"\" data-start=\"1258\" data-end=\"1282\">Maximale respirabilit\u00e9<\/p>\n<\/li>\n<li class=\"\" data-start=\"1283\" data-end=\"1309\">\n<p class=\"\" data-start=\"1285\" data-end=\"1309\">100 % tissu recycl\u00e9<\/p>\n<\/li>\n<\/ul>\n","protected":false},"featured_media":308238,"template":"","meta":{"_acf_changed":false,"inline_featured_image":false},"product_brand":[],"product_cat":[24449,24482],"product_tag":[23528,23567],"class_list":{"0":"post-301189","1":"product","2":"type-product","3":"status-publish","4":"has-post-thumbnail","6":"product_cat-t-shirt-fr-3","7":"product_cat-vetements-pour-hommes-fr","8":"product_tag-wild-tee-fr","9":"product_tag-wild-tee-homme","10":"pa_attivita-marcher","11":"pa_attivita-running-fr","12":"pa_attivita-trail-fr","13":"pa_marca-wild-tee-fr","14":"pa_sesso-homme","15":"pa_size-small-fr","16":"pa_size-medium-fr","17":"pa_size-large-fr","18":"pa_size-extra-large-fr","20":"first","21":"instock","22":"sale","23":"taxable","24":"shipping-taxable","25":"purchasable","26":"product-type-variable","27":"wvs-archive-product-wrapper"},"acf":[],"yoast_head":"<!-- This site is optimized with the Yoast SEO plugin v26.8 - https:\/\/yoast.com\/product\/yoast-seo-wordpress\/ -->\n<title>Wild Tee T-shirt race red homme - T-shirt de course \u00e0 pied - MioMioRun.com<\/title>\n<meta name=\"description\" content=\"T-shirt technique ultra-l\u00e9ger Wild Tee en tissu OPENMESH 3D recycl\u00e9. Respirant, durable, id\u00e9al pour les comp\u00e9titions et les entra\u00eenements intenses. D\u00e9couvrez-le avec nous.\" \/>\n<meta name=\"robots\" content=\"index, follow, max-snippet:-1, max-image-preview:large, max-video-preview:-1\" \/>\n<link rel=\"canonical\" href=\"https:\/\/www.miomiorun.com\/fr\/produit\/t-shirt-race-red-homme\/\" \/>\n<meta property=\"og:locale\" content=\"fr_FR\" \/>\n<meta property=\"og:type\" content=\"article\" \/>\n<meta property=\"og:title\" content=\"Wild Tee T-shirt race red homme - T-shirt de course \u00e0 pied - MioMioRun.com\" \/>\n<meta property=\"og:description\" content=\"T-shirt technique ultra-l\u00e9ger Wild Tee en tissu OPENMESH 3D recycl\u00e9. Respirant, durable, id\u00e9al pour les comp\u00e9titions et les entra\u00eenements intenses. D\u00e9couvrez-le avec nous.\" \/>\n<meta property=\"og:url\" content=\"https:\/\/www.miomiorun.com\/fr\/produit\/t-shirt-race-red-homme\/\" \/>\n<meta property=\"og:site_name\" content=\"MioMioRun\" \/>\n<meta property=\"article:publisher\" content=\"https:\/\/www.facebook.com\/miomiorun\/\" \/>\n<meta property=\"article:modified_time\" content=\"2025-11-20T16:16:53+00:00\" \/>\n<meta property=\"og:image\" content=\"https:\/\/www.miomiorun.com\/app\/uploads\/2025\/04\/wild-tee-T-shirt-M-race-red-WT009WT172.webp\" \/>\n\t<meta property=\"og:image:width\" content=\"600\" \/>\n\t<meta property=\"og:image:height\" content=\"600\" \/>\n\t<meta property=\"og:image:type\" content=\"image\/webp\" \/>\n<meta name=\"twitter:card\" content=\"summary_large_image\" \/>\n<meta name=\"twitter:label1\" content=\"Est. reading time\" \/>\n\t<meta name=\"twitter:data1\" content=\"1 minute\" \/>\n<script type=\"application\/ld+json\" class=\"yoast-schema-graph\">{\"@context\":\"https:\/\/schema.org\",\"@graph\":[{\"@type\":\"WebPage\",\"@id\":\"https:\/\/www.miomiorun.com\/fr\/produit\/t-shirt-race-red-homme\/\",\"url\":\"https:\/\/www.miomiorun.com\/fr\/produit\/t-shirt-race-red-homme\/\",\"name\":\"Wild Tee T-shirt race red homme - T-shirt de course \u00e0 pied - MioMioRun.com\",\"isPartOf\":{\"@id\":\"https:\/\/www.miomiorun.com\/fr\/#website\"},\"primaryImageOfPage\":{\"@id\":\"https:\/\/www.miomiorun.com\/fr\/produit\/t-shirt-race-red-homme\/#primaryimage\"},\"image\":{\"@id\":\"https:\/\/www.miomiorun.com\/fr\/produit\/t-shirt-race-red-homme\/#primaryimage\"},\"thumbnailUrl\":\"https:\/\/www.miomiorun.com\/app\/uploads\/2025\/04\/wild-tee-T-shirt-M-race-red-WT009WT172.webp\",\"datePublished\":\"2025-04-04T15:21:28+00:00\",\"dateModified\":\"2025-11-20T16:16:53+00:00\",\"description\":\"T-shirt technique ultra-l\u00e9ger Wild Tee en tissu OPENMESH 3D recycl\u00e9. Respirant, durable, id\u00e9al pour les comp\u00e9titions et les entra\u00eenements intenses. D\u00e9couvrez-le avec nous.\",\"breadcrumb\":{\"@id\":\"https:\/\/www.miomiorun.com\/fr\/produit\/t-shirt-race-red-homme\/#breadcrumb\"},\"inLanguage\":\"fr-FR\",\"potentialAction\":[{\"@type\":\"ReadAction\",\"target\":[\"https:\/\/www.miomiorun.com\/fr\/produit\/t-shirt-race-red-homme\/\"]}]},{\"@type\":\"ImageObject\",\"inLanguage\":\"fr-FR\",\"@id\":\"https:\/\/www.miomiorun.com\/fr\/produit\/t-shirt-race-red-homme\/#primaryimage\",\"url\":\"https:\/\/www.miomiorun.com\/app\/uploads\/2025\/04\/wild-tee-T-shirt-M-race-red-WT009WT172.webp\",\"contentUrl\":\"https:\/\/www.miomiorun.com\/app\/uploads\/2025\/04\/wild-tee-T-shirt-M-race-red-WT009WT172.webp\",\"width\":600,\"height\":600,\"caption\":\"wild tee T-shirt M race red WT009WT172\"},{\"@type\":\"BreadcrumbList\",\"@id\":\"https:\/\/www.miomiorun.com\/fr\/produit\/t-shirt-race-red-homme\/#breadcrumb\",\"itemListElement\":[{\"@type\":\"ListItem\",\"position\":1,\"name\":\"Home\",\"item\":\"https:\/\/www.miomiorun.com\/fr\/home-page\/\"},{\"@type\":\"ListItem\",\"position\":2,\"name\":\"Shop\",\"item\":\"https:\/\/www.miomiorun.com\/shop\/\"},{\"@type\":\"ListItem\",\"position\":3,\"name\":\"T-shirt race red homme\"}]},{\"@type\":\"WebSite\",\"@id\":\"https:\/\/www.miomiorun.com\/fr\/#website\",\"url\":\"https:\/\/www.miomiorun.com\/fr\/\",\"name\":\"MioMioRun\",\"description\":\"Boutique 100% running et trail\",\"publisher\":{\"@id\":\"https:\/\/www.miomiorun.com\/fr\/#organization\"},\"potentialAction\":[{\"@type\":\"SearchAction\",\"target\":{\"@type\":\"EntryPoint\",\"urlTemplate\":\"https:\/\/www.miomiorun.com\/fr\/?s={search_term_string}\"},\"query-input\":{\"@type\":\"PropertyValueSpecification\",\"valueRequired\":true,\"valueName\":\"search_term_string\"}}],\"inLanguage\":\"fr-FR\"},{\"@type\":\"Organization\",\"@id\":\"https:\/\/www.miomiorun.com\/fr\/#organization\",\"name\":\"MioMio Run\",\"url\":\"https:\/\/www.miomiorun.com\/fr\/\",\"logo\":{\"@type\":\"ImageObject\",\"inLanguage\":\"fr-FR\",\"@id\":\"https:\/\/www.miomiorun.com\/fr\/#\/schema\/logo\/image\/\",\"url\":\"https:\/\/www.miomiorun.com\/app\/uploads\/2019\/12\/logomio.png\",\"contentUrl\":\"https:\/\/www.miomiorun.com\/app\/uploads\/2019\/12\/logomio.png\",\"width\":115,\"height\":82,\"caption\":\"MioMio Run\"},\"image\":{\"@id\":\"https:\/\/www.miomiorun.com\/fr\/#\/schema\/logo\/image\/\"},\"sameAs\":[\"https:\/\/www.facebook.com\/miomiorun\/\",\"https:\/\/www.instagram.com\/miomiorun\/\"]}]}<\/script>\n<!-- \/ Yoast SEO plugin. -->","yoast_head_json":{"title":"Wild Tee T-shirt race red homme - T-shirt de course \u00e0 pied - MioMioRun.com","description":"T-shirt technique ultra-l\u00e9ger Wild Tee en tissu OPENMESH 3D recycl\u00e9. Respirant, durable, id\u00e9al pour les comp\u00e9titions et les entra\u00eenements intenses. D\u00e9couvrez-le avec nous.","robots":{"index":"index","follow":"follow","max-snippet":"max-snippet:-1","max-image-preview":"max-image-preview:large","max-video-preview":"max-video-preview:-1"},"canonical":"https:\/\/www.miomiorun.com\/fr\/produit\/t-shirt-race-red-homme\/","og_locale":"fr_FR","og_type":"article","og_title":"Wild Tee T-shirt race red homme - T-shirt de course \u00e0 pied - MioMioRun.com","og_description":"T-shirt technique ultra-l\u00e9ger Wild Tee en tissu OPENMESH 3D recycl\u00e9. Respirant, durable, id\u00e9al pour les comp\u00e9titions et les entra\u00eenements intenses. D\u00e9couvrez-le avec nous.","og_url":"https:\/\/www.miomiorun.com\/fr\/produit\/t-shirt-race-red-homme\/","og_site_name":"MioMioRun","article_publisher":"https:\/\/www.facebook.com\/miomiorun\/","article_modified_time":"2025-11-20T16:16:53+00:00","og_image":[{"width":600,"height":600,"url":"https:\/\/www.miomiorun.com\/app\/uploads\/2025\/04\/wild-tee-T-shirt-M-race-red-WT009WT172.webp","type":"image\/webp"}],"twitter_card":"summary_large_image","twitter_misc":{"Est. reading time":"1 minute"},"schema":{"@context":"https:\/\/schema.org","@graph":[{"@type":"WebPage","@id":"https:\/\/www.miomiorun.com\/fr\/produit\/t-shirt-race-red-homme\/","url":"https:\/\/www.miomiorun.com\/fr\/produit\/t-shirt-race-red-homme\/","name":"Wild Tee T-shirt race red homme - T-shirt de course \u00e0 pied - MioMioRun.com","isPartOf":{"@id":"https:\/\/www.miomiorun.com\/fr\/#website"},"primaryImageOfPage":{"@id":"https:\/\/www.miomiorun.com\/fr\/produit\/t-shirt-race-red-homme\/#primaryimage"},"image":{"@id":"https:\/\/www.miomiorun.com\/fr\/produit\/t-shirt-race-red-homme\/#primaryimage"},"thumbnailUrl":"https:\/\/www.miomiorun.com\/app\/uploads\/2025\/04\/wild-tee-T-shirt-M-race-red-WT009WT172.webp","datePublished":"2025-04-04T15:21:28+00:00","dateModified":"2025-11-20T16:16:53+00:00","description":"T-shirt technique ultra-l\u00e9ger Wild Tee en tissu OPENMESH 3D recycl\u00e9. Respirant, durable, id\u00e9al pour les comp\u00e9titions et les entra\u00eenements intenses. D\u00e9couvrez-le avec nous.","breadcrumb":{"@id":"https:\/\/www.miomiorun.com\/fr\/produit\/t-shirt-race-red-homme\/#breadcrumb"},"inLanguage":"fr-FR","potentialAction":[{"@type":"ReadAction","target":["https:\/\/www.miomiorun.com\/fr\/produit\/t-shirt-race-red-homme\/"]}]},{"@type":"ImageObject","inLanguage":"fr-FR","@id":"https:\/\/www.miomiorun.com\/fr\/produit\/t-shirt-race-red-homme\/#primaryimage","url":"https:\/\/www.miomiorun.com\/app\/uploads\/2025\/04\/wild-tee-T-shirt-M-race-red-WT009WT172.webp","contentUrl":"https:\/\/www.miomiorun.com\/app\/uploads\/2025\/04\/wild-tee-T-shirt-M-race-red-WT009WT172.webp","width":600,"height":600,"caption":"wild tee T-shirt M race red WT009WT172"},{"@type":"BreadcrumbList","@id":"https:\/\/www.miomiorun.com\/fr\/produit\/t-shirt-race-red-homme\/#breadcrumb","itemListElement":[{"@type":"ListItem","position":1,"name":"Home","item":"https:\/\/www.miomiorun.com\/fr\/home-page\/"},{"@type":"ListItem","position":2,"name":"Shop","item":"https:\/\/www.miomiorun.com\/shop\/"},{"@type":"ListItem","position":3,"name":"T-shirt race red homme"}]},{"@type":"WebSite","@id":"https:\/\/www.miomiorun.com\/fr\/#website","url":"https:\/\/www.miomiorun.com\/fr\/","name":"MioMioRun","description":"Boutique 100% running et trail","publisher":{"@id":"https:\/\/www.miomiorun.com\/fr\/#organization"},"potentialAction":[{"@type":"SearchAction","target":{"@type":"EntryPoint","urlTemplate":"https:\/\/www.miomiorun.com\/fr\/?s={search_term_string}"},"query-input":{"@type":"PropertyValueSpecification","valueRequired":true,"valueName":"search_term_string"}}],"inLanguage":"fr-FR"},{"@type":"Organization","@id":"https:\/\/www.miomiorun.com\/fr\/#organization","name":"MioMio Run","url":"https:\/\/www.miomiorun.com\/fr\/","logo":{"@type":"ImageObject","inLanguage":"fr-FR","@id":"https:\/\/www.miomiorun.com\/fr\/#\/schema\/logo\/image\/","url":"https:\/\/www.miomiorun.com\/app\/uploads\/2019\/12\/logomio.png","contentUrl":"https:\/\/www.miomiorun.com\/app\/uploads\/2019\/12\/logomio.png","width":115,"height":82,"caption":"MioMio Run"},"image":{"@id":"https:\/\/www.miomiorun.com\/fr\/#\/schema\/logo\/image\/"},"sameAs":["https:\/\/www.facebook.com\/miomiorun\/","https:\/\/www.instagram.com\/miomiorun\/"]}]}},"_links":{"self":[{"href":"https:\/\/www.miomiorun.com\/fr\/wp-json\/wp\/v2\/product\/301189","targetHints":{"allow":["GET"]}}],"collection":[{"href":"https:\/\/www.miomiorun.com\/fr\/wp-json\/wp\/v2\/product"}],"about":[{"href":"https:\/\/www.miomiorun.com\/fr\/wp-json\/wp\/v2\/types\/product"}],"wp:featuredmedia":[{"embeddable":true,"href":"https:\/\/www.miomiorun.com\/fr\/wp-json\/wp\/v2\/media\/308238"}],"wp:attachment":[{"href":"https:\/\/www.miomiorun.com\/fr\/wp-json\/wp\/v2\/media?parent=301189"}],"wp:term":[{"taxonomy":"product_brand","embeddable":true,"href":"https:\/\/www.miomiorun.com\/fr\/wp-json\/wp\/v2\/product_brand?post=301189"},{"taxonomy":"product_cat","embeddable":true,"href":"https:\/\/www.miomiorun.com\/fr\/wp-json\/wp\/v2\/product_cat?post=301189"},{"taxonomy":"product_tag","embeddable":true,"href":"https:\/\/www.miomiorun.com\/fr\/wp-json\/wp\/v2\/product_tag?post=301189"}],"curies":[{"name":"wp","href":"https:\/\/api.w.org\/{rel}","templated":true}]}}