{"id":301184,"date":"2025-04-04T17:33:09","date_gmt":"2025-04-04T15:33:09","guid":{"rendered":"https:\/\/miomiorun.com\/?post_type=product&#038;p=301184"},"modified":"2025-04-30T16:49:59","modified_gmt":"2025-04-30T14:49:59","slug":"singlet-race-red-homme","status":"publish","type":"product","link":"https:\/\/www.miomiorun.com\/fr\/produit\/singlet-race-red-homme\/","title":{"rendered":"Singlet race red homme"},"content":{"rendered":"<p class=\"\" data-end=\"349\" data-start=\"268\"><strong data-end=\"349\" data-start=\"268\">Con\u00e7u pour ceux qui poussent au maximum. Parfait quand la chaleur ne laisse aucun r\u00e9pit.<\/strong><\/p>\n<p class=\"\" data-end=\"574\" data-start=\"351\">Ce d\u00e9bardeur est con\u00e7u pour les athl\u00e8tes qui pratiquent la course \u00e0 pied \u00e0 haute intensit\u00e9 : <strong data-end=\"476\" data-start=\"432\">courses, entra\u00eenements intensifs, journ\u00e9es chaudes<\/strong>. Si l\u00e9ger que vous aurez l&#8217;impression de ne pas le porter, si respirant que vous oublierez la transpiration.<\/p>\n<p class=\"\" data-end=\"899\" data-start=\"576\">La vraie r\u00e9volution ? Le tissu <strong data-end=\"623\" data-start=\"608\">OPENMESH 3D<\/strong>, 100 % <strong data-end=\"659\" data-start=\"630\">recycl\u00e9 et fabriqu\u00e9 en Italie<\/strong>. Sa structure tridimensionnelle favorise une ventilation maximale et un s\u00e9chage rapide, m\u00eame dans les moments les plus intenses.<br data-end=\"783\" data-start=\"780\" \/>Avec un look <strong data-end=\"830\" data-start=\"805\">de course<\/strong> dans les <strong data-end=\"830\" data-start=\"805\">graphiques de course rouges<\/strong>, ce d\u00e9bardeur fait passer votre tenue sportive au niveau sup\u00e9rieur.<\/p>\n<h3 class=\"\" data-end=\"946\" data-start=\"906\"><strong data-end=\"946\" data-start=\"916\">Caract\u00e9ristiques principales<\/strong><\/h3>\n<ul data-end=\"1310\" data-start=\"948\">\n<li class=\"\" data-end=\"992\" data-start=\"948\">\n<p class=\"\" data-end=\"992\" data-start=\"950\"><strong data-end=\"964\" data-start=\"950\">Poids plume<\/strong>: seulement <strong data-end=\"979\" data-start=\"971\">47 g<\/strong> (taille M)<\/p>\n<\/li>\n<li class=\"\" data-end=\"1046\" data-start=\"993\">\n<p class=\"\" data-end=\"1046\" data-start=\"995\"><strong data-end=\"1023\" data-start=\"995\">Haute respirabilit\u00e9<\/strong> et s\u00e9chage rapide<\/p>\n<\/li>\n<li class=\"\" data-end=\"1102\" data-start=\"1047\">\n<p class=\"\" data-end=\"1102\" data-start=\"1049\"><strong data-end=\"1072\" data-start=\"1049\">Tissu OPENMESH 3D<\/strong> r\u00e9sistant \u00e0 l&#8217;humidit\u00e9 et 100 % recycl\u00e9<\/p>\n<\/li>\n<li class=\"\" data-end=\"1146\" data-start=\"1103\">\n<p class=\"\" data-end=\"1146\" data-start=\"1105\"><strong data-end=\"1144\" data-start=\"1105\">Extr\u00eamement doux et confortable<\/strong><\/p>\n<\/li>\n<li class=\"\" data-end=\"1204\" data-start=\"1147\">\n<p class=\"\" data-end=\"1204\" data-start=\"1149\"><strong data-end=\"1170\" data-start=\"1149\">Coupe ergonomique<\/strong> pour une libert\u00e9 de mouvement totale<\/p>\n<\/li>\n<li class=\"\" data-end=\"1263\" data-start=\"1205\">\n<p class=\"\" data-end=\"1263\" data-start=\"1207\"><strong data-end=\"1232\" data-start=\"1207\">Graphiques de course rouges<\/strong>, style agressif et dynamique<\/p>\n<\/li>\n<\/ul>\n","protected":false},"excerpt":{"rendered":"<ul>\n<li>Haute respirabilit\u00e9<\/li>\n<li>Doux et confortable<\/li>\n<li>Coupe ergonomique<\/li>\n<\/ul>\n","protected":false},"featured_media":308317,"template":"","meta":{"_acf_changed":false,"inline_featured_image":false},"product_brand":[],"product_cat":[24257,24482],"product_tag":[23528,23567],"class_list":{"0":"post-301184","1":"product","2":"type-product","3":"status-publish","4":"has-post-thumbnail","6":"product_cat-gilets-fr","7":"product_cat-vetements-pour-hommes-fr","8":"product_tag-wild-tee-fr","9":"product_tag-wild-tee-homme","10":"pa_attivita-marcher","11":"pa_attivita-running-fr","12":"pa_attivita-trail-fr","13":"pa_marca-wild-tee-fr","14":"pa_sesso-homme","15":"pa_size-small-fr","16":"pa_size-medium-fr","17":"pa_size-large-fr","18":"pa_size-extra-large-fr","20":"first","21":"instock","22":"sale","23":"taxable","24":"shipping-taxable","25":"purchasable","26":"product-type-variable","27":"wvs-archive-product-wrapper"},"acf":[],"yoast_head":"<!-- This site is optimized with the Yoast SEO plugin v26.8 - https:\/\/yoast.com\/product\/yoast-seo-wordpress\/ -->\n<title>Wild Tee Singlet race red homme - D\u00e9bardeur de course - MioMioRun<\/title>\n<meta name=\"description\" content=\"D\u00e9bardeur de course pour hommes Wild Tee. 3D OPENMESH recycl\u00e9, 47 g, respirant et confortable. Id\u00e9al pour la course \u00e0 pied, le trail, l&#039;ultra et les entra\u00eenements d&#039;\u00e9t\u00e9. D\u00e9couvrez-le avec nous\" \/>\n<meta name=\"robots\" content=\"index, follow, max-snippet:-1, max-image-preview:large, max-video-preview:-1\" \/>\n<link rel=\"canonical\" href=\"https:\/\/www.miomiorun.com\/fr\/produit\/singlet-race-red-homme\/\" \/>\n<meta property=\"og:locale\" content=\"fr_FR\" \/>\n<meta property=\"og:type\" content=\"article\" \/>\n<meta property=\"og:title\" content=\"Wild Tee Singlet race red homme - D\u00e9bardeur de course - MioMioRun\" \/>\n<meta property=\"og:description\" content=\"D\u00e9bardeur de course pour hommes Wild Tee. 3D OPENMESH recycl\u00e9, 47 g, respirant et confortable. Id\u00e9al pour la course \u00e0 pied, le trail, l&#039;ultra et les entra\u00eenements d&#039;\u00e9t\u00e9. D\u00e9couvrez-le avec nous\" \/>\n<meta property=\"og:url\" content=\"https:\/\/www.miomiorun.com\/fr\/produit\/singlet-race-red-homme\/\" \/>\n<meta property=\"og:site_name\" content=\"MioMioRun\" \/>\n<meta property=\"article:publisher\" content=\"https:\/\/www.facebook.com\/miomiorun\/\" \/>\n<meta property=\"article:modified_time\" content=\"2025-04-30T14:49:59+00:00\" \/>\n<meta property=\"og:image\" content=\"https:\/\/www.miomiorun.com\/app\/uploads\/2025\/04\/wild-tee-Singlet-M-race-red-WT018WT172.webp\" \/>\n\t<meta property=\"og:image:width\" content=\"600\" \/>\n\t<meta property=\"og:image:height\" content=\"600\" \/>\n\t<meta property=\"og:image:type\" content=\"image\/webp\" \/>\n<meta name=\"twitter:card\" content=\"summary_large_image\" \/>\n<meta name=\"twitter:label1\" content=\"Est. reading time\" \/>\n\t<meta name=\"twitter:data1\" content=\"1 minute\" \/>\n<script type=\"application\/ld+json\" class=\"yoast-schema-graph\">{\"@context\":\"https:\/\/schema.org\",\"@graph\":[{\"@type\":\"WebPage\",\"@id\":\"https:\/\/www.miomiorun.com\/fr\/produit\/singlet-race-red-homme\/\",\"url\":\"https:\/\/www.miomiorun.com\/fr\/produit\/singlet-race-red-homme\/\",\"name\":\"Wild Tee Singlet race red homme - D\u00e9bardeur de course - MioMioRun\",\"isPartOf\":{\"@id\":\"https:\/\/www.miomiorun.com\/fr\/#website\"},\"primaryImageOfPage\":{\"@id\":\"https:\/\/www.miomiorun.com\/fr\/produit\/singlet-race-red-homme\/#primaryimage\"},\"image\":{\"@id\":\"https:\/\/www.miomiorun.com\/fr\/produit\/singlet-race-red-homme\/#primaryimage\"},\"thumbnailUrl\":\"https:\/\/www.miomiorun.com\/app\/uploads\/2025\/04\/wild-tee-Singlet-M-race-red-WT018WT172.webp\",\"datePublished\":\"2025-04-04T15:33:09+00:00\",\"dateModified\":\"2025-04-30T14:49:59+00:00\",\"description\":\"D\u00e9bardeur de course pour hommes Wild Tee. 3D OPENMESH recycl\u00e9, 47 g, respirant et confortable. Id\u00e9al pour la course \u00e0 pied, le trail, l'ultra et les entra\u00eenements d'\u00e9t\u00e9. D\u00e9couvrez-le avec nous\",\"breadcrumb\":{\"@id\":\"https:\/\/www.miomiorun.com\/fr\/produit\/singlet-race-red-homme\/#breadcrumb\"},\"inLanguage\":\"fr-FR\",\"potentialAction\":[{\"@type\":\"ReadAction\",\"target\":[\"https:\/\/www.miomiorun.com\/fr\/produit\/singlet-race-red-homme\/\"]}]},{\"@type\":\"ImageObject\",\"inLanguage\":\"fr-FR\",\"@id\":\"https:\/\/www.miomiorun.com\/fr\/produit\/singlet-race-red-homme\/#primaryimage\",\"url\":\"https:\/\/www.miomiorun.com\/app\/uploads\/2025\/04\/wild-tee-Singlet-M-race-red-WT018WT172.webp\",\"contentUrl\":\"https:\/\/www.miomiorun.com\/app\/uploads\/2025\/04\/wild-tee-Singlet-M-race-red-WT018WT172.webp\",\"width\":600,\"height\":600,\"caption\":\"wild tee Singlet M race red WT018WT172\"},{\"@type\":\"BreadcrumbList\",\"@id\":\"https:\/\/www.miomiorun.com\/fr\/produit\/singlet-race-red-homme\/#breadcrumb\",\"itemListElement\":[{\"@type\":\"ListItem\",\"position\":1,\"name\":\"Home\",\"item\":\"https:\/\/www.miomiorun.com\/fr\/home-page\/\"},{\"@type\":\"ListItem\",\"position\":2,\"name\":\"Shop\",\"item\":\"https:\/\/www.miomiorun.com\/shop\/\"},{\"@type\":\"ListItem\",\"position\":3,\"name\":\"Singlet race red homme\"}]},{\"@type\":\"WebSite\",\"@id\":\"https:\/\/www.miomiorun.com\/fr\/#website\",\"url\":\"https:\/\/www.miomiorun.com\/fr\/\",\"name\":\"MioMioRun\",\"description\":\"Boutique 100% running et trail\",\"publisher\":{\"@id\":\"https:\/\/www.miomiorun.com\/fr\/#organization\"},\"potentialAction\":[{\"@type\":\"SearchAction\",\"target\":{\"@type\":\"EntryPoint\",\"urlTemplate\":\"https:\/\/www.miomiorun.com\/fr\/?s={search_term_string}\"},\"query-input\":{\"@type\":\"PropertyValueSpecification\",\"valueRequired\":true,\"valueName\":\"search_term_string\"}}],\"inLanguage\":\"fr-FR\"},{\"@type\":\"Organization\",\"@id\":\"https:\/\/www.miomiorun.com\/fr\/#organization\",\"name\":\"MioMio Run\",\"url\":\"https:\/\/www.miomiorun.com\/fr\/\",\"logo\":{\"@type\":\"ImageObject\",\"inLanguage\":\"fr-FR\",\"@id\":\"https:\/\/www.miomiorun.com\/fr\/#\/schema\/logo\/image\/\",\"url\":\"https:\/\/www.miomiorun.com\/app\/uploads\/2019\/12\/logomio.png\",\"contentUrl\":\"https:\/\/www.miomiorun.com\/app\/uploads\/2019\/12\/logomio.png\",\"width\":115,\"height\":82,\"caption\":\"MioMio Run\"},\"image\":{\"@id\":\"https:\/\/www.miomiorun.com\/fr\/#\/schema\/logo\/image\/\"},\"sameAs\":[\"https:\/\/www.facebook.com\/miomiorun\/\",\"https:\/\/www.instagram.com\/miomiorun\/\"]}]}<\/script>\n<!-- \/ Yoast SEO plugin. -->","yoast_head_json":{"title":"Wild Tee Singlet race red homme - D\u00e9bardeur de course - MioMioRun","description":"D\u00e9bardeur de course pour hommes Wild Tee. 3D OPENMESH recycl\u00e9, 47 g, respirant et confortable. Id\u00e9al pour la course \u00e0 pied, le trail, l'ultra et les entra\u00eenements d'\u00e9t\u00e9. D\u00e9couvrez-le avec nous","robots":{"index":"index","follow":"follow","max-snippet":"max-snippet:-1","max-image-preview":"max-image-preview:large","max-video-preview":"max-video-preview:-1"},"canonical":"https:\/\/www.miomiorun.com\/fr\/produit\/singlet-race-red-homme\/","og_locale":"fr_FR","og_type":"article","og_title":"Wild Tee Singlet race red homme - D\u00e9bardeur de course - MioMioRun","og_description":"D\u00e9bardeur de course pour hommes Wild Tee. 3D OPENMESH recycl\u00e9, 47 g, respirant et confortable. Id\u00e9al pour la course \u00e0 pied, le trail, l'ultra et les entra\u00eenements d'\u00e9t\u00e9. D\u00e9couvrez-le avec nous","og_url":"https:\/\/www.miomiorun.com\/fr\/produit\/singlet-race-red-homme\/","og_site_name":"MioMioRun","article_publisher":"https:\/\/www.facebook.com\/miomiorun\/","article_modified_time":"2025-04-30T14:49:59+00:00","og_image":[{"width":600,"height":600,"url":"https:\/\/www.miomiorun.com\/app\/uploads\/2025\/04\/wild-tee-Singlet-M-race-red-WT018WT172.webp","type":"image\/webp"}],"twitter_card":"summary_large_image","twitter_misc":{"Est. reading time":"1 minute"},"schema":{"@context":"https:\/\/schema.org","@graph":[{"@type":"WebPage","@id":"https:\/\/www.miomiorun.com\/fr\/produit\/singlet-race-red-homme\/","url":"https:\/\/www.miomiorun.com\/fr\/produit\/singlet-race-red-homme\/","name":"Wild Tee Singlet race red homme - D\u00e9bardeur de course - MioMioRun","isPartOf":{"@id":"https:\/\/www.miomiorun.com\/fr\/#website"},"primaryImageOfPage":{"@id":"https:\/\/www.miomiorun.com\/fr\/produit\/singlet-race-red-homme\/#primaryimage"},"image":{"@id":"https:\/\/www.miomiorun.com\/fr\/produit\/singlet-race-red-homme\/#primaryimage"},"thumbnailUrl":"https:\/\/www.miomiorun.com\/app\/uploads\/2025\/04\/wild-tee-Singlet-M-race-red-WT018WT172.webp","datePublished":"2025-04-04T15:33:09+00:00","dateModified":"2025-04-30T14:49:59+00:00","description":"D\u00e9bardeur de course pour hommes Wild Tee. 3D OPENMESH recycl\u00e9, 47 g, respirant et confortable. Id\u00e9al pour la course \u00e0 pied, le trail, l'ultra et les entra\u00eenements d'\u00e9t\u00e9. D\u00e9couvrez-le avec nous","breadcrumb":{"@id":"https:\/\/www.miomiorun.com\/fr\/produit\/singlet-race-red-homme\/#breadcrumb"},"inLanguage":"fr-FR","potentialAction":[{"@type":"ReadAction","target":["https:\/\/www.miomiorun.com\/fr\/produit\/singlet-race-red-homme\/"]}]},{"@type":"ImageObject","inLanguage":"fr-FR","@id":"https:\/\/www.miomiorun.com\/fr\/produit\/singlet-race-red-homme\/#primaryimage","url":"https:\/\/www.miomiorun.com\/app\/uploads\/2025\/04\/wild-tee-Singlet-M-race-red-WT018WT172.webp","contentUrl":"https:\/\/www.miomiorun.com\/app\/uploads\/2025\/04\/wild-tee-Singlet-M-race-red-WT018WT172.webp","width":600,"height":600,"caption":"wild tee Singlet M race red WT018WT172"},{"@type":"BreadcrumbList","@id":"https:\/\/www.miomiorun.com\/fr\/produit\/singlet-race-red-homme\/#breadcrumb","itemListElement":[{"@type":"ListItem","position":1,"name":"Home","item":"https:\/\/www.miomiorun.com\/fr\/home-page\/"},{"@type":"ListItem","position":2,"name":"Shop","item":"https:\/\/www.miomiorun.com\/shop\/"},{"@type":"ListItem","position":3,"name":"Singlet race red homme"}]},{"@type":"WebSite","@id":"https:\/\/www.miomiorun.com\/fr\/#website","url":"https:\/\/www.miomiorun.com\/fr\/","name":"MioMioRun","description":"Boutique 100% running et trail","publisher":{"@id":"https:\/\/www.miomiorun.com\/fr\/#organization"},"potentialAction":[{"@type":"SearchAction","target":{"@type":"EntryPoint","urlTemplate":"https:\/\/www.miomiorun.com\/fr\/?s={search_term_string}"},"query-input":{"@type":"PropertyValueSpecification","valueRequired":true,"valueName":"search_term_string"}}],"inLanguage":"fr-FR"},{"@type":"Organization","@id":"https:\/\/www.miomiorun.com\/fr\/#organization","name":"MioMio Run","url":"https:\/\/www.miomiorun.com\/fr\/","logo":{"@type":"ImageObject","inLanguage":"fr-FR","@id":"https:\/\/www.miomiorun.com\/fr\/#\/schema\/logo\/image\/","url":"https:\/\/www.miomiorun.com\/app\/uploads\/2019\/12\/logomio.png","contentUrl":"https:\/\/www.miomiorun.com\/app\/uploads\/2019\/12\/logomio.png","width":115,"height":82,"caption":"MioMio Run"},"image":{"@id":"https:\/\/www.miomiorun.com\/fr\/#\/schema\/logo\/image\/"},"sameAs":["https:\/\/www.facebook.com\/miomiorun\/","https:\/\/www.instagram.com\/miomiorun\/"]}]}},"_links":{"self":[{"href":"https:\/\/www.miomiorun.com\/fr\/wp-json\/wp\/v2\/product\/301184","targetHints":{"allow":["GET"]}}],"collection":[{"href":"https:\/\/www.miomiorun.com\/fr\/wp-json\/wp\/v2\/product"}],"about":[{"href":"https:\/\/www.miomiorun.com\/fr\/wp-json\/wp\/v2\/types\/product"}],"wp:featuredmedia":[{"embeddable":true,"href":"https:\/\/www.miomiorun.com\/fr\/wp-json\/wp\/v2\/media\/308317"}],"wp:attachment":[{"href":"https:\/\/www.miomiorun.com\/fr\/wp-json\/wp\/v2\/media?parent=301184"}],"wp:term":[{"taxonomy":"product_brand","embeddable":true,"href":"https:\/\/www.miomiorun.com\/fr\/wp-json\/wp\/v2\/product_brand?post=301184"},{"taxonomy":"product_cat","embeddable":true,"href":"https:\/\/www.miomiorun.com\/fr\/wp-json\/wp\/v2\/product_cat?post=301184"},{"taxonomy":"product_tag","embeddable":true,"href":"https:\/\/www.miomiorun.com\/fr\/wp-json\/wp\/v2\/product_tag?post=301184"}],"curies":[{"name":"wp","href":"https:\/\/api.w.org\/{rel}","templated":true}]}}