{"id":301177,"date":"2025-04-07T17:06:11","date_gmt":"2025-04-07T15:06:11","guid":{"rendered":"https:\/\/miomiorun.com\/prodotto\/trek-tight-donna\/"},"modified":"2025-05-13T17:06:44","modified_gmt":"2025-05-13T15:06:44","slug":"trek-tight-femme","status":"publish","type":"product","link":"https:\/\/www.miomiorun.com\/fr\/produit\/trek-tight-femme\/","title":{"rendered":"Trek tights femme"},"content":{"rendered":"<p class=\"\" data-end=\"303\" data-start=\"240\"><strong data-end=\"303\" data-start=\"240\">Libert\u00e9 maximale. Confort technique. Pr\u00eat pour chaque sentier.<\/strong><\/p>\n<p class=\"\" data-end=\"502\" data-start=\"305\">Affrontez chaque ascension en toute confiance et dans un confort absolu. Les <strong data-end=\"386\" data-start=\"360\">leggings Trek pour femmes<\/strong> sont con\u00e7us pour vous accompagner dans toutes vos aventures, du trekking de plusieurs jours \u00e0 la randonn\u00e9e en terrain expos\u00e9.<\/p>\n<p class=\"\" data-end=\"929\" data-start=\"504\">Fabriqu\u00e9 en <strong data-end=\"549\" data-start=\"518\">nylon l\u00e9ger 4-way-stretch<\/strong>, il offre <strong data-end=\"602\" data-start=\"559\">extensibilit\u00e9, durabilit\u00e9 et respirabilit\u00e9<\/strong> dans toutes les conditions. La <strong data-end=\"654\" data-start=\"626\">construction \u00e0 double tissage<\/strong> prot\u00e8ge des d\u00e9chirures et cr\u00e9e une couche d&#8217;air entre le tissu et la peau pour une meilleure gestion de l&#8217;humidit\u00e9.<br data-end=\"765\" data-start=\"762\" \/>Le <strong data-end=\"813\" data-start=\"768\">traitement d\u00e9perlant DWR sans PFAS<\/strong> repousse les pr\u00e9cipitations l\u00e9g\u00e8res, tandis que la mati\u00e8re \u00e0 <strong data-end=\"895\" data-start=\"873\">s\u00e9chage rapide<\/strong> vous garde au sec plus longtemps.<\/p>\n<p class=\"\" data-end=\"1135\" data-start=\"931\">Le design est con\u00e7u pour \u00eatre pratique : <strong data-end=\"997\" data-start=\"970\">taille haute \u00e9lastiqu\u00e9e<\/strong> <strong data-end=\"1026\" data-start=\"999\">, zip au bas de la jambe<\/strong> pour un enfilage facile m\u00eame avec des bottes, et <strong data-end=\"1096\" data-start=\"1078\">poches zipp\u00e9es<\/strong> pour le t\u00e9l\u00e9phone, les cl\u00e9s et les en-cas de randonn\u00e9e.<\/p>\n<h3 class=\"\" data-end=\"1176\" data-start=\"1142\">Caract\u00e9ristiques principales :<\/h3>\n<ul data-end=\"1649\" data-start=\"1178\">\n<li class=\"\" data-end=\"1244\" data-start=\"1178\">\n<p class=\"\" data-end=\"1244\" data-start=\"1180\"><strong data-end=\"1222\" data-start=\"1180\">Tissu technique en nylon 4-way-stretch<\/strong> pour une mobilit\u00e9 totale<\/p>\n<\/li>\n<li class=\"\" data-end=\"1304\" data-start=\"1245\">\n<p class=\"\" data-end=\"1304\" data-start=\"1247\"><strong data-end=\"1275\" data-start=\"1247\">Structure \u00e0 double tissage<\/strong>: plus de confort, moins de friction<\/p>\n<\/li>\n<li class=\"\" data-end=\"1355\" data-start=\"1305\">\n<p class=\"\" data-end=\"1355\" data-start=\"1307\"><strong data-end=\"1325\" data-start=\"1307\">DWR sans PFAS<\/strong>: d\u00e9perlance durable<\/p>\n<\/li>\n<li class=\"\" data-end=\"1421\" data-start=\"1356\">\n<p class=\"\" data-end=\"1421\" data-start=\"1358\"><strong data-end=\"1384\" data-start=\"1358\">Ceinture \u00e0 enfiler<\/strong>: confort id\u00e9al m\u00eame avec un sac \u00e0 dos<\/p>\n<\/li>\n<li class=\"\" data-end=\"1483\" data-start=\"1422\">\n<p class=\"\" data-end=\"1483\" data-start=\"1424\"><strong data-end=\"1452\" data-start=\"1424\">Fermeture \u00e0 glissi\u00e8re sur le bas de la jambe<\/strong>: parfait m\u00eame avec des bottes<\/p>\n<\/li>\n<li class=\"\" data-end=\"1528\" data-start=\"1484\">\n<p class=\"\" data-end=\"1528\" data-start=\"1486\"><strong data-end=\"1504\" data-start=\"1486\">Poches<\/strong> lat\u00e9rales et arri\u00e8re <strong data-end=\"1504\" data-start=\"1486\">zipp\u00e9es<\/strong><\/p>\n<\/li>\n<li class=\"\" data-end=\"1594\" data-start=\"1529\">\n<p class=\"\" data-end=\"1594\" data-start=\"1531\"><strong data-end=\"1553\" data-start=\"1531\">S\u00e9chage rapide<\/strong>, respirant et r\u00e9sistant aux d\u00e9chirures<\/p>\n<\/li>\n<li class=\"\" data-end=\"1649\" data-start=\"1595\">\n<p class=\"\" data-end=\"1649\" data-start=\"1597\">Id\u00e9al pour : la <strong data-end=\"1649\" data-start=\"1609\">randonn\u00e9e, le trekking, les voyages en plein air<\/strong><\/p>\n<\/li>\n<\/ul>\n","protected":false},"excerpt":{"rendered":"<ul>\n<li>Leggings id\u00e9aux pour le trekking<\/li>\n<li>Legging leggerissimi<\/li>\n<\/ul>\n","protected":false},"featured_media":273048,"template":"","meta":{"_acf_changed":false,"inline_featured_image":false},"product_brand":[],"product_cat":[22603,22596],"product_tag":[23512,23514],"class_list":{"0":"post-301177","1":"product","2":"type-product","3":"status-publish","4":"has-post-thumbnail","6":"product_cat-pantalon-long","7":"product_cat-vetements-pour-femmes","8":"product_tag-montura-fr","9":"product_tag-montura-femme","10":"pa_attivita-marcher","11":"pa_attivita-outdoor-fr","12":"pa_attivita-trail-fr","13":"pa_colore-trek-tights-w-ardesia-fr","14":"pa_marca-montura-fr","15":"pa_sesso-femme","16":"pa_size-small-fr","17":"pa_size-medium-fr","19":"first","20":"instock","21":"sale","22":"taxable","23":"shipping-taxable","24":"purchasable","25":"product-type-variable","26":"wvs-archive-product-wrapper"},"acf":[],"yoast_head":"<!-- This site is optimized with the Yoast SEO plugin v26.8 - https:\/\/yoast.com\/product\/yoast-seo-wordpress\/ -->\n<title>Montura Trek tights femme - Leggings - MioMioRun<\/title>\n<meta name=\"description\" content=\"Leggings de randonn\u00e9e pour femmes en nylon extensible dans les 4 sens. Respirant, durable et d\u00e9perlant. Libert\u00e9 maximale sur les sentiers et lors des randonn\u00e9es.\" \/>\n<meta name=\"robots\" content=\"index, follow, max-snippet:-1, max-image-preview:large, max-video-preview:-1\" \/>\n<link rel=\"canonical\" href=\"https:\/\/www.miomiorun.com\/fr\/produit\/trek-tight-femme\/\" \/>\n<meta property=\"og:locale\" content=\"fr_FR\" \/>\n<meta property=\"og:type\" content=\"article\" \/>\n<meta property=\"og:title\" content=\"Montura Trek tights femme - Leggings - MioMioRun\" \/>\n<meta property=\"og:description\" content=\"Leggings de randonn\u00e9e pour femmes en nylon extensible dans les 4 sens. Respirant, durable et d\u00e9perlant. Libert\u00e9 maximale sur les sentiers et lors des randonn\u00e9es.\" \/>\n<meta property=\"og:url\" content=\"https:\/\/www.miomiorun.com\/fr\/produit\/trek-tight-femme\/\" \/>\n<meta property=\"og:site_name\" content=\"MioMioRun\" \/>\n<meta property=\"article:publisher\" content=\"https:\/\/www.facebook.com\/miomiorun\/\" \/>\n<meta property=\"article:modified_time\" content=\"2025-05-13T15:06:44+00:00\" \/>\n<meta property=\"og:image\" content=\"https:\/\/www.miomiorun.com\/app\/uploads\/2025\/04\/montura-Trek-tights-W-ardesia-MPLG81W.91.webp\" \/>\n\t<meta property=\"og:image:width\" content=\"600\" \/>\n\t<meta property=\"og:image:height\" content=\"600\" \/>\n\t<meta property=\"og:image:type\" content=\"image\/webp\" \/>\n<meta name=\"twitter:card\" content=\"summary_large_image\" \/>\n<meta name=\"twitter:label1\" content=\"Est. reading time\" \/>\n\t<meta name=\"twitter:data1\" content=\"1 minute\" \/>\n<script type=\"application\/ld+json\" class=\"yoast-schema-graph\">{\"@context\":\"https:\/\/schema.org\",\"@graph\":[{\"@type\":\"WebPage\",\"@id\":\"https:\/\/www.miomiorun.com\/fr\/produit\/trek-tight-femme\/\",\"url\":\"https:\/\/www.miomiorun.com\/fr\/produit\/trek-tight-femme\/\",\"name\":\"Montura Trek tights femme - Leggings - MioMioRun\",\"isPartOf\":{\"@id\":\"https:\/\/www.miomiorun.com\/fr\/#website\"},\"primaryImageOfPage\":{\"@id\":\"https:\/\/www.miomiorun.com\/fr\/produit\/trek-tight-femme\/#primaryimage\"},\"image\":{\"@id\":\"https:\/\/www.miomiorun.com\/fr\/produit\/trek-tight-femme\/#primaryimage\"},\"thumbnailUrl\":\"https:\/\/www.miomiorun.com\/app\/uploads\/2025\/04\/montura-Trek-tights-W-ardesia-MPLG81W.91.webp\",\"datePublished\":\"2025-04-07T15:06:11+00:00\",\"dateModified\":\"2025-05-13T15:06:44+00:00\",\"description\":\"Leggings de randonn\u00e9e pour femmes en nylon extensible dans les 4 sens. Respirant, durable et d\u00e9perlant. Libert\u00e9 maximale sur les sentiers et lors des randonn\u00e9es.\",\"breadcrumb\":{\"@id\":\"https:\/\/www.miomiorun.com\/fr\/produit\/trek-tight-femme\/#breadcrumb\"},\"inLanguage\":\"fr-FR\",\"potentialAction\":[{\"@type\":\"ReadAction\",\"target\":[\"https:\/\/www.miomiorun.com\/fr\/produit\/trek-tight-femme\/\"]}]},{\"@type\":\"ImageObject\",\"inLanguage\":\"fr-FR\",\"@id\":\"https:\/\/www.miomiorun.com\/fr\/produit\/trek-tight-femme\/#primaryimage\",\"url\":\"https:\/\/www.miomiorun.com\/app\/uploads\/2025\/04\/montura-Trek-tights-W-ardesia-MPLG81W.91.webp\",\"contentUrl\":\"https:\/\/www.miomiorun.com\/app\/uploads\/2025\/04\/montura-Trek-tights-W-ardesia-MPLG81W.91.webp\",\"width\":600,\"height\":600,\"caption\":\"montura Trek tights W ardesia MPLG81W.91\"},{\"@type\":\"BreadcrumbList\",\"@id\":\"https:\/\/www.miomiorun.com\/fr\/produit\/trek-tight-femme\/#breadcrumb\",\"itemListElement\":[{\"@type\":\"ListItem\",\"position\":1,\"name\":\"Home\",\"item\":\"https:\/\/www.miomiorun.com\/fr\/home-page\/\"},{\"@type\":\"ListItem\",\"position\":2,\"name\":\"Shop\",\"item\":\"https:\/\/www.miomiorun.com\/shop\/\"},{\"@type\":\"ListItem\",\"position\":3,\"name\":\"Trek tights femme\"}]},{\"@type\":\"WebSite\",\"@id\":\"https:\/\/www.miomiorun.com\/fr\/#website\",\"url\":\"https:\/\/www.miomiorun.com\/fr\/\",\"name\":\"MioMioRun\",\"description\":\"Boutique 100% running et trail\",\"publisher\":{\"@id\":\"https:\/\/www.miomiorun.com\/fr\/#organization\"},\"potentialAction\":[{\"@type\":\"SearchAction\",\"target\":{\"@type\":\"EntryPoint\",\"urlTemplate\":\"https:\/\/www.miomiorun.com\/fr\/?s={search_term_string}\"},\"query-input\":{\"@type\":\"PropertyValueSpecification\",\"valueRequired\":true,\"valueName\":\"search_term_string\"}}],\"inLanguage\":\"fr-FR\"},{\"@type\":\"Organization\",\"@id\":\"https:\/\/www.miomiorun.com\/fr\/#organization\",\"name\":\"MioMio Run\",\"url\":\"https:\/\/www.miomiorun.com\/fr\/\",\"logo\":{\"@type\":\"ImageObject\",\"inLanguage\":\"fr-FR\",\"@id\":\"https:\/\/www.miomiorun.com\/fr\/#\/schema\/logo\/image\/\",\"url\":\"https:\/\/www.miomiorun.com\/app\/uploads\/2019\/12\/logomio.png\",\"contentUrl\":\"https:\/\/www.miomiorun.com\/app\/uploads\/2019\/12\/logomio.png\",\"width\":115,\"height\":82,\"caption\":\"MioMio Run\"},\"image\":{\"@id\":\"https:\/\/www.miomiorun.com\/fr\/#\/schema\/logo\/image\/\"},\"sameAs\":[\"https:\/\/www.facebook.com\/miomiorun\/\",\"https:\/\/www.instagram.com\/miomiorun\/\"]}]}<\/script>\n<!-- \/ Yoast SEO plugin. -->","yoast_head_json":{"title":"Montura Trek tights femme - Leggings - MioMioRun","description":"Leggings de randonn\u00e9e pour femmes en nylon extensible dans les 4 sens. Respirant, durable et d\u00e9perlant. Libert\u00e9 maximale sur les sentiers et lors des randonn\u00e9es.","robots":{"index":"index","follow":"follow","max-snippet":"max-snippet:-1","max-image-preview":"max-image-preview:large","max-video-preview":"max-video-preview:-1"},"canonical":"https:\/\/www.miomiorun.com\/fr\/produit\/trek-tight-femme\/","og_locale":"fr_FR","og_type":"article","og_title":"Montura Trek tights femme - Leggings - MioMioRun","og_description":"Leggings de randonn\u00e9e pour femmes en nylon extensible dans les 4 sens. Respirant, durable et d\u00e9perlant. Libert\u00e9 maximale sur les sentiers et lors des randonn\u00e9es.","og_url":"https:\/\/www.miomiorun.com\/fr\/produit\/trek-tight-femme\/","og_site_name":"MioMioRun","article_publisher":"https:\/\/www.facebook.com\/miomiorun\/","article_modified_time":"2025-05-13T15:06:44+00:00","og_image":[{"width":600,"height":600,"url":"https:\/\/www.miomiorun.com\/app\/uploads\/2025\/04\/montura-Trek-tights-W-ardesia-MPLG81W.91.webp","type":"image\/webp"}],"twitter_card":"summary_large_image","twitter_misc":{"Est. reading time":"1 minute"},"schema":{"@context":"https:\/\/schema.org","@graph":[{"@type":"WebPage","@id":"https:\/\/www.miomiorun.com\/fr\/produit\/trek-tight-femme\/","url":"https:\/\/www.miomiorun.com\/fr\/produit\/trek-tight-femme\/","name":"Montura Trek tights femme - Leggings - MioMioRun","isPartOf":{"@id":"https:\/\/www.miomiorun.com\/fr\/#website"},"primaryImageOfPage":{"@id":"https:\/\/www.miomiorun.com\/fr\/produit\/trek-tight-femme\/#primaryimage"},"image":{"@id":"https:\/\/www.miomiorun.com\/fr\/produit\/trek-tight-femme\/#primaryimage"},"thumbnailUrl":"https:\/\/www.miomiorun.com\/app\/uploads\/2025\/04\/montura-Trek-tights-W-ardesia-MPLG81W.91.webp","datePublished":"2025-04-07T15:06:11+00:00","dateModified":"2025-05-13T15:06:44+00:00","description":"Leggings de randonn\u00e9e pour femmes en nylon extensible dans les 4 sens. Respirant, durable et d\u00e9perlant. Libert\u00e9 maximale sur les sentiers et lors des randonn\u00e9es.","breadcrumb":{"@id":"https:\/\/www.miomiorun.com\/fr\/produit\/trek-tight-femme\/#breadcrumb"},"inLanguage":"fr-FR","potentialAction":[{"@type":"ReadAction","target":["https:\/\/www.miomiorun.com\/fr\/produit\/trek-tight-femme\/"]}]},{"@type":"ImageObject","inLanguage":"fr-FR","@id":"https:\/\/www.miomiorun.com\/fr\/produit\/trek-tight-femme\/#primaryimage","url":"https:\/\/www.miomiorun.com\/app\/uploads\/2025\/04\/montura-Trek-tights-W-ardesia-MPLG81W.91.webp","contentUrl":"https:\/\/www.miomiorun.com\/app\/uploads\/2025\/04\/montura-Trek-tights-W-ardesia-MPLG81W.91.webp","width":600,"height":600,"caption":"montura Trek tights W ardesia MPLG81W.91"},{"@type":"BreadcrumbList","@id":"https:\/\/www.miomiorun.com\/fr\/produit\/trek-tight-femme\/#breadcrumb","itemListElement":[{"@type":"ListItem","position":1,"name":"Home","item":"https:\/\/www.miomiorun.com\/fr\/home-page\/"},{"@type":"ListItem","position":2,"name":"Shop","item":"https:\/\/www.miomiorun.com\/shop\/"},{"@type":"ListItem","position":3,"name":"Trek tights femme"}]},{"@type":"WebSite","@id":"https:\/\/www.miomiorun.com\/fr\/#website","url":"https:\/\/www.miomiorun.com\/fr\/","name":"MioMioRun","description":"Boutique 100% running et trail","publisher":{"@id":"https:\/\/www.miomiorun.com\/fr\/#organization"},"potentialAction":[{"@type":"SearchAction","target":{"@type":"EntryPoint","urlTemplate":"https:\/\/www.miomiorun.com\/fr\/?s={search_term_string}"},"query-input":{"@type":"PropertyValueSpecification","valueRequired":true,"valueName":"search_term_string"}}],"inLanguage":"fr-FR"},{"@type":"Organization","@id":"https:\/\/www.miomiorun.com\/fr\/#organization","name":"MioMio Run","url":"https:\/\/www.miomiorun.com\/fr\/","logo":{"@type":"ImageObject","inLanguage":"fr-FR","@id":"https:\/\/www.miomiorun.com\/fr\/#\/schema\/logo\/image\/","url":"https:\/\/www.miomiorun.com\/app\/uploads\/2019\/12\/logomio.png","contentUrl":"https:\/\/www.miomiorun.com\/app\/uploads\/2019\/12\/logomio.png","width":115,"height":82,"caption":"MioMio Run"},"image":{"@id":"https:\/\/www.miomiorun.com\/fr\/#\/schema\/logo\/image\/"},"sameAs":["https:\/\/www.facebook.com\/miomiorun\/","https:\/\/www.instagram.com\/miomiorun\/"]}]}},"_links":{"self":[{"href":"https:\/\/www.miomiorun.com\/fr\/wp-json\/wp\/v2\/product\/301177","targetHints":{"allow":["GET"]}}],"collection":[{"href":"https:\/\/www.miomiorun.com\/fr\/wp-json\/wp\/v2\/product"}],"about":[{"href":"https:\/\/www.miomiorun.com\/fr\/wp-json\/wp\/v2\/types\/product"}],"wp:featuredmedia":[{"embeddable":true,"href":"https:\/\/www.miomiorun.com\/fr\/wp-json\/wp\/v2\/media\/273048"}],"wp:attachment":[{"href":"https:\/\/www.miomiorun.com\/fr\/wp-json\/wp\/v2\/media?parent=301177"}],"wp:term":[{"taxonomy":"product_brand","embeddable":true,"href":"https:\/\/www.miomiorun.com\/fr\/wp-json\/wp\/v2\/product_brand?post=301177"},{"taxonomy":"product_cat","embeddable":true,"href":"https:\/\/www.miomiorun.com\/fr\/wp-json\/wp\/v2\/product_cat?post=301177"},{"taxonomy":"product_tag","embeddable":true,"href":"https:\/\/www.miomiorun.com\/fr\/wp-json\/wp\/v2\/product_tag?post=301177"}],"curies":[{"name":"wp","href":"https:\/\/api.w.org\/{rel}","templated":true}]}}