{"id":301153,"date":"2025-04-07T18:49:46","date_gmt":"2025-04-07T16:49:46","guid":{"rendered":"https:\/\/miomiorun.com\/prodotto\/run-dream-3-4-pants-donna\/"},"modified":"2025-05-13T17:09:10","modified_gmt":"2025-05-13T15:09:10","slug":"run-dream-3-4-pants-femme","status":"publish","type":"product","link":"https:\/\/www.miomiorun.com\/fr\/produit\/run-dream-3-4-pants-femme\/","title":{"rendered":"Run Dream 3\/4 Pants femme"},"content":{"rendered":"<p class=\"\" data-end=\"297\" data-start=\"249\"><strong data-end=\"297\" data-start=\"249\">Confort, fra\u00eecheur et libert\u00e9 \u00e0 chaque sortie.<\/strong><\/p>\n<p class=\"\" data-end=\"484\" data-start=\"299\">Con\u00e7u pour la course \u00e0 pied et l&#8217;activit\u00e9 a\u00e9robique, le <strong data-end=\"376\" data-start=\"350\">Run Dream 3\/4 Leggings<\/strong> allie confort et performance pour vous accompagner dans vos sorties running, m\u00eame par temps chaud.<\/p>\n<p class=\"\" data-end=\"828\" data-start=\"486\">Fabriqu\u00e9 en <strong data-end=\"524\" data-start=\"500\">jersey stretch<\/strong> avec la technologie <strong data-end=\"551\" data-start=\"540\">Creora\u00ae<\/strong> et une <strong data-end=\"571\" data-start=\"554\">protection UV<\/strong>, ce legging offre une coupe ajust\u00e9e et stable, parfaite pour courir sans distraction. Les <strong data-end=\"696\" data-start=\"677\">empi\u00e8cements en mesh<\/strong> am\u00e9liorent la respirabilit\u00e9, tandis que le tissu haute densit\u00e9 favorise l&#8217;\u00e9vaporation de la sueur pour que vous restiez toujours au sec.<\/p>\n<p class=\"\" data-end=\"1026\" data-start=\"830\">La <strong data-end=\"855\" data-start=\"833\">taille \u00e9lastiqu\u00e9e<\/strong> avec <strong data-end=\"882\" data-start=\"860\">cordon de serrage r\u00e9glable<\/strong> assure un bon maintien, tandis que les <strong data-end=\"949\" data-start=\"923\">poches lat\u00e9rales ouvertes<\/strong> sont id\u00e9ales pour transporter des cl\u00e9s, des gels ou de petits objets essentiels.<\/p>\n<h3 class=\"\" data-end=\"1067\" data-start=\"1033\">Caract\u00e9ristiques principales :<\/h3>\n<ul data-end=\"1322\" data-start=\"1069\">\n<li class=\"\" data-end=\"1102\" data-start=\"1069\">\n<p class=\"\" data-end=\"1102\" data-start=\"1071\">Coupe confortable et pr\u00e8s du corps<\/p>\n<\/li>\n<li class=\"\" data-end=\"1151\" data-start=\"1103\">\n<p class=\"\" data-end=\"1151\" data-start=\"1105\">Tissu jersey extensible avec <strong data-end=\"1149\" data-start=\"1132\">protection UV<\/strong><\/p>\n<\/li>\n<li class=\"\" data-end=\"1201\" data-start=\"1152\">\n<p class=\"\" data-end=\"1201\" data-start=\"1154\">Inserts en maille filet pour une meilleure ventilation<\/p>\n<\/li>\n<li class=\"\" data-end=\"1251\" data-start=\"1202\">\n<p class=\"\" data-end=\"1251\" data-start=\"1204\">Taille \u00e9lastiqu\u00e9e avec <strong data-end=\"1249\" data-start=\"1227\">cordon de serrage r\u00e9glable<\/strong><\/p>\n<\/li>\n<li class=\"\" data-end=\"1308\" data-start=\"1252\">\n<p class=\"\" data-end=\"1308\" data-start=\"1254\"><strong data-end=\"1283\" data-start=\"1254\">Poches ouvertes sur les hanches<\/strong> pour les objets essentiels<\/p>\n<\/li>\n<li class=\"\" data-end=\"1322\" data-start=\"1309\">\n<p class=\"\" data-end=\"1322\" data-start=\"1311\">Poids : 150 g<\/p>\n<\/li>\n<\/ul>\n<p>&nbsp;<\/p>\n<div class=\"attribute_container tw-pb-24 last-of-type:tw-pb-0\">\n<div class=\"content__image-wrapper tw-w-fit\">\n<div class=\"content__image tw-relative tw-w-[3.2rem]\"><img loading=\"lazy\" decoding=\"async\" class=\"tw-absolute tw-top-0 tw-left-0 tw-w-full tw-h-full\" src=\"https:\/\/www.montura.com\/cdn\/shop\/files\/020_TrailRunning_Black.svg?v=1709126484&amp;width=200\" srcset=\"\/\/www.montura.com\/cdn\/shop\/files\/020_TrailRunning_Black.svg?v=1709126484&amp;width=200 200w\" alt=\"\" width=\"90\" height=\"90\" \/><\/div>\n<\/div>\n<p class=\"tw-text-greyish-brown tw-text-wrap tw-text-xs tw-pt-[0.4rem]\">V\u00eatement con\u00e7u pour le trail running<\/p>\n<\/div>\n","protected":false},"excerpt":{"rendered":"<ul>\n<li>Attitude en plein air lors de mes vacances<\/li>\n<li>Allenamenti cardio et fitness<\/li>\n<\/ul>\n","protected":false},"featured_media":273116,"template":"","meta":{"_acf_changed":false,"inline_featured_image":false},"product_brand":[],"product_cat":[22603,22596,22595],"product_tag":[23512,23514],"class_list":{"0":"post-301153","1":"product","2":"type-product","3":"status-publish","4":"has-post-thumbnail","6":"product_cat-pantalon-long","7":"product_cat-vetements-pour-femmes","8":"product_cat-femme","9":"product_tag-montura-fr","10":"product_tag-montura-femme","11":"pa_attivita-marcher","12":"pa_attivita-outdoor-fr","13":"pa_colore-run-dream-3-4-pants-w-black-fr","14":"pa_marca-montura-fr","15":"pa_sesso-femme","16":"pa_size-medium-fr","18":"first","19":"instock","20":"sale","21":"taxable","22":"shipping-taxable","23":"purchasable","24":"product-type-variable","25":"wvs-archive-product-wrapper"},"acf":[],"yoast_head":"<!-- This site is optimized with the Yoast SEO plugin v26.8 - https:\/\/yoast.com\/product\/yoast-seo-wordpress\/ -->\n<title>Montura Run Dream 3\/4 Pants femme - Pantalon 3\/4- MioMioRun<\/title>\n<meta name=\"description\" content=\"Le legging 3\/4 pour femmes, id\u00e9al pour la course \u00e0 pied. Confortable, respirant, avec inserts en mesh, protection UV et poches lat\u00e9rales. Parfait pour la course \u00e0 pied et le fitness.\" \/>\n<meta name=\"robots\" content=\"index, follow, max-snippet:-1, max-image-preview:large, max-video-preview:-1\" \/>\n<link rel=\"canonical\" href=\"https:\/\/www.miomiorun.com\/fr\/produit\/run-dream-3-4-pants-femme\/\" \/>\n<meta property=\"og:locale\" content=\"fr_FR\" \/>\n<meta property=\"og:type\" content=\"article\" \/>\n<meta property=\"og:title\" content=\"Montura Run Dream 3\/4 Pants femme - Pantalon 3\/4- MioMioRun\" \/>\n<meta property=\"og:description\" content=\"Le legging 3\/4 pour femmes, id\u00e9al pour la course \u00e0 pied. Confortable, respirant, avec inserts en mesh, protection UV et poches lat\u00e9rales. Parfait pour la course \u00e0 pied et le fitness.\" \/>\n<meta property=\"og:url\" content=\"https:\/\/www.miomiorun.com\/fr\/produit\/run-dream-3-4-pants-femme\/\" \/>\n<meta property=\"og:site_name\" content=\"MioMioRun\" \/>\n<meta property=\"article:publisher\" content=\"https:\/\/www.facebook.com\/miomiorun\/\" \/>\n<meta property=\"article:modified_time\" content=\"2025-05-13T15:09:10+00:00\" \/>\n<meta property=\"og:image\" content=\"https:\/\/www.miomiorun.com\/app\/uploads\/2025\/04\/montura-Run-dream-3-4-pants-W-black-MPTR03W.90.webp\" \/>\n\t<meta property=\"og:image:width\" content=\"600\" \/>\n\t<meta property=\"og:image:height\" content=\"600\" \/>\n\t<meta property=\"og:image:type\" content=\"image\/webp\" \/>\n<meta name=\"twitter:card\" content=\"summary_large_image\" \/>\n<meta name=\"twitter:label1\" content=\"Est. reading time\" \/>\n\t<meta name=\"twitter:data1\" content=\"1 minute\" \/>\n<script type=\"application\/ld+json\" class=\"yoast-schema-graph\">{\"@context\":\"https:\/\/schema.org\",\"@graph\":[{\"@type\":\"WebPage\",\"@id\":\"https:\/\/www.miomiorun.com\/fr\/produit\/run-dream-3-4-pants-femme\/\",\"url\":\"https:\/\/www.miomiorun.com\/fr\/produit\/run-dream-3-4-pants-femme\/\",\"name\":\"Montura Run Dream 3\/4 Pants femme - Pantalon 3\/4- MioMioRun\",\"isPartOf\":{\"@id\":\"https:\/\/www.miomiorun.com\/fr\/#website\"},\"primaryImageOfPage\":{\"@id\":\"https:\/\/www.miomiorun.com\/fr\/produit\/run-dream-3-4-pants-femme\/#primaryimage\"},\"image\":{\"@id\":\"https:\/\/www.miomiorun.com\/fr\/produit\/run-dream-3-4-pants-femme\/#primaryimage\"},\"thumbnailUrl\":\"https:\/\/www.miomiorun.com\/app\/uploads\/2025\/04\/montura-Run-dream-3-4-pants-W-black-MPTR03W.90.webp\",\"datePublished\":\"2025-04-07T16:49:46+00:00\",\"dateModified\":\"2025-05-13T15:09:10+00:00\",\"description\":\"Le legging 3\/4 pour femmes, id\u00e9al pour la course \u00e0 pied. Confortable, respirant, avec inserts en mesh, protection UV et poches lat\u00e9rales. Parfait pour la course \u00e0 pied et le fitness.\",\"breadcrumb\":{\"@id\":\"https:\/\/www.miomiorun.com\/fr\/produit\/run-dream-3-4-pants-femme\/#breadcrumb\"},\"inLanguage\":\"fr-FR\",\"potentialAction\":[{\"@type\":\"ReadAction\",\"target\":[\"https:\/\/www.miomiorun.com\/fr\/produit\/run-dream-3-4-pants-femme\/\"]}]},{\"@type\":\"ImageObject\",\"inLanguage\":\"fr-FR\",\"@id\":\"https:\/\/www.miomiorun.com\/fr\/produit\/run-dream-3-4-pants-femme\/#primaryimage\",\"url\":\"https:\/\/www.miomiorun.com\/app\/uploads\/2025\/04\/montura-Run-dream-3-4-pants-W-black-MPTR03W.90.webp\",\"contentUrl\":\"https:\/\/www.miomiorun.com\/app\/uploads\/2025\/04\/montura-Run-dream-3-4-pants-W-black-MPTR03W.90.webp\",\"width\":600,\"height\":600,\"caption\":\"montura Run dream 3 4 pants W black MPTR03W.90\"},{\"@type\":\"BreadcrumbList\",\"@id\":\"https:\/\/www.miomiorun.com\/fr\/produit\/run-dream-3-4-pants-femme\/#breadcrumb\",\"itemListElement\":[{\"@type\":\"ListItem\",\"position\":1,\"name\":\"Home\",\"item\":\"https:\/\/www.miomiorun.com\/fr\/home-page\/\"},{\"@type\":\"ListItem\",\"position\":2,\"name\":\"Shop\",\"item\":\"https:\/\/www.miomiorun.com\/shop\/\"},{\"@type\":\"ListItem\",\"position\":3,\"name\":\"Run Dream 3\/4 Pants femme\"}]},{\"@type\":\"WebSite\",\"@id\":\"https:\/\/www.miomiorun.com\/fr\/#website\",\"url\":\"https:\/\/www.miomiorun.com\/fr\/\",\"name\":\"MioMioRun\",\"description\":\"Boutique 100% running et trail\",\"publisher\":{\"@id\":\"https:\/\/www.miomiorun.com\/fr\/#organization\"},\"potentialAction\":[{\"@type\":\"SearchAction\",\"target\":{\"@type\":\"EntryPoint\",\"urlTemplate\":\"https:\/\/www.miomiorun.com\/fr\/?s={search_term_string}\"},\"query-input\":{\"@type\":\"PropertyValueSpecification\",\"valueRequired\":true,\"valueName\":\"search_term_string\"}}],\"inLanguage\":\"fr-FR\"},{\"@type\":\"Organization\",\"@id\":\"https:\/\/www.miomiorun.com\/fr\/#organization\",\"name\":\"MioMio Run\",\"url\":\"https:\/\/www.miomiorun.com\/fr\/\",\"logo\":{\"@type\":\"ImageObject\",\"inLanguage\":\"fr-FR\",\"@id\":\"https:\/\/www.miomiorun.com\/fr\/#\/schema\/logo\/image\/\",\"url\":\"https:\/\/www.miomiorun.com\/app\/uploads\/2019\/12\/logomio.png\",\"contentUrl\":\"https:\/\/www.miomiorun.com\/app\/uploads\/2019\/12\/logomio.png\",\"width\":115,\"height\":82,\"caption\":\"MioMio Run\"},\"image\":{\"@id\":\"https:\/\/www.miomiorun.com\/fr\/#\/schema\/logo\/image\/\"},\"sameAs\":[\"https:\/\/www.facebook.com\/miomiorun\/\",\"https:\/\/www.instagram.com\/miomiorun\/\"]}]}<\/script>\n<!-- \/ Yoast SEO plugin. -->","yoast_head_json":{"title":"Montura Run Dream 3\/4 Pants femme - Pantalon 3\/4- MioMioRun","description":"Le legging 3\/4 pour femmes, id\u00e9al pour la course \u00e0 pied. Confortable, respirant, avec inserts en mesh, protection UV et poches lat\u00e9rales. Parfait pour la course \u00e0 pied et le fitness.","robots":{"index":"index","follow":"follow","max-snippet":"max-snippet:-1","max-image-preview":"max-image-preview:large","max-video-preview":"max-video-preview:-1"},"canonical":"https:\/\/www.miomiorun.com\/fr\/produit\/run-dream-3-4-pants-femme\/","og_locale":"fr_FR","og_type":"article","og_title":"Montura Run Dream 3\/4 Pants femme - Pantalon 3\/4- MioMioRun","og_description":"Le legging 3\/4 pour femmes, id\u00e9al pour la course \u00e0 pied. Confortable, respirant, avec inserts en mesh, protection UV et poches lat\u00e9rales. Parfait pour la course \u00e0 pied et le fitness.","og_url":"https:\/\/www.miomiorun.com\/fr\/produit\/run-dream-3-4-pants-femme\/","og_site_name":"MioMioRun","article_publisher":"https:\/\/www.facebook.com\/miomiorun\/","article_modified_time":"2025-05-13T15:09:10+00:00","og_image":[{"width":600,"height":600,"url":"https:\/\/www.miomiorun.com\/app\/uploads\/2025\/04\/montura-Run-dream-3-4-pants-W-black-MPTR03W.90.webp","type":"image\/webp"}],"twitter_card":"summary_large_image","twitter_misc":{"Est. reading time":"1 minute"},"schema":{"@context":"https:\/\/schema.org","@graph":[{"@type":"WebPage","@id":"https:\/\/www.miomiorun.com\/fr\/produit\/run-dream-3-4-pants-femme\/","url":"https:\/\/www.miomiorun.com\/fr\/produit\/run-dream-3-4-pants-femme\/","name":"Montura Run Dream 3\/4 Pants femme - Pantalon 3\/4- MioMioRun","isPartOf":{"@id":"https:\/\/www.miomiorun.com\/fr\/#website"},"primaryImageOfPage":{"@id":"https:\/\/www.miomiorun.com\/fr\/produit\/run-dream-3-4-pants-femme\/#primaryimage"},"image":{"@id":"https:\/\/www.miomiorun.com\/fr\/produit\/run-dream-3-4-pants-femme\/#primaryimage"},"thumbnailUrl":"https:\/\/www.miomiorun.com\/app\/uploads\/2025\/04\/montura-Run-dream-3-4-pants-W-black-MPTR03W.90.webp","datePublished":"2025-04-07T16:49:46+00:00","dateModified":"2025-05-13T15:09:10+00:00","description":"Le legging 3\/4 pour femmes, id\u00e9al pour la course \u00e0 pied. Confortable, respirant, avec inserts en mesh, protection UV et poches lat\u00e9rales. Parfait pour la course \u00e0 pied et le fitness.","breadcrumb":{"@id":"https:\/\/www.miomiorun.com\/fr\/produit\/run-dream-3-4-pants-femme\/#breadcrumb"},"inLanguage":"fr-FR","potentialAction":[{"@type":"ReadAction","target":["https:\/\/www.miomiorun.com\/fr\/produit\/run-dream-3-4-pants-femme\/"]}]},{"@type":"ImageObject","inLanguage":"fr-FR","@id":"https:\/\/www.miomiorun.com\/fr\/produit\/run-dream-3-4-pants-femme\/#primaryimage","url":"https:\/\/www.miomiorun.com\/app\/uploads\/2025\/04\/montura-Run-dream-3-4-pants-W-black-MPTR03W.90.webp","contentUrl":"https:\/\/www.miomiorun.com\/app\/uploads\/2025\/04\/montura-Run-dream-3-4-pants-W-black-MPTR03W.90.webp","width":600,"height":600,"caption":"montura Run dream 3 4 pants W black MPTR03W.90"},{"@type":"BreadcrumbList","@id":"https:\/\/www.miomiorun.com\/fr\/produit\/run-dream-3-4-pants-femme\/#breadcrumb","itemListElement":[{"@type":"ListItem","position":1,"name":"Home","item":"https:\/\/www.miomiorun.com\/fr\/home-page\/"},{"@type":"ListItem","position":2,"name":"Shop","item":"https:\/\/www.miomiorun.com\/shop\/"},{"@type":"ListItem","position":3,"name":"Run Dream 3\/4 Pants femme"}]},{"@type":"WebSite","@id":"https:\/\/www.miomiorun.com\/fr\/#website","url":"https:\/\/www.miomiorun.com\/fr\/","name":"MioMioRun","description":"Boutique 100% running et trail","publisher":{"@id":"https:\/\/www.miomiorun.com\/fr\/#organization"},"potentialAction":[{"@type":"SearchAction","target":{"@type":"EntryPoint","urlTemplate":"https:\/\/www.miomiorun.com\/fr\/?s={search_term_string}"},"query-input":{"@type":"PropertyValueSpecification","valueRequired":true,"valueName":"search_term_string"}}],"inLanguage":"fr-FR"},{"@type":"Organization","@id":"https:\/\/www.miomiorun.com\/fr\/#organization","name":"MioMio Run","url":"https:\/\/www.miomiorun.com\/fr\/","logo":{"@type":"ImageObject","inLanguage":"fr-FR","@id":"https:\/\/www.miomiorun.com\/fr\/#\/schema\/logo\/image\/","url":"https:\/\/www.miomiorun.com\/app\/uploads\/2019\/12\/logomio.png","contentUrl":"https:\/\/www.miomiorun.com\/app\/uploads\/2019\/12\/logomio.png","width":115,"height":82,"caption":"MioMio Run"},"image":{"@id":"https:\/\/www.miomiorun.com\/fr\/#\/schema\/logo\/image\/"},"sameAs":["https:\/\/www.facebook.com\/miomiorun\/","https:\/\/www.instagram.com\/miomiorun\/"]}]}},"_links":{"self":[{"href":"https:\/\/www.miomiorun.com\/fr\/wp-json\/wp\/v2\/product\/301153","targetHints":{"allow":["GET"]}}],"collection":[{"href":"https:\/\/www.miomiorun.com\/fr\/wp-json\/wp\/v2\/product"}],"about":[{"href":"https:\/\/www.miomiorun.com\/fr\/wp-json\/wp\/v2\/types\/product"}],"wp:featuredmedia":[{"embeddable":true,"href":"https:\/\/www.miomiorun.com\/fr\/wp-json\/wp\/v2\/media\/273116"}],"wp:attachment":[{"href":"https:\/\/www.miomiorun.com\/fr\/wp-json\/wp\/v2\/media?parent=301153"}],"wp:term":[{"taxonomy":"product_brand","embeddable":true,"href":"https:\/\/www.miomiorun.com\/fr\/wp-json\/wp\/v2\/product_brand?post=301153"},{"taxonomy":"product_cat","embeddable":true,"href":"https:\/\/www.miomiorun.com\/fr\/wp-json\/wp\/v2\/product_cat?post=301153"},{"taxonomy":"product_tag","embeddable":true,"href":"https:\/\/www.miomiorun.com\/fr\/wp-json\/wp\/v2\/product_tag?post=301153"}],"curies":[{"name":"wp","href":"https:\/\/api.w.org\/{rel}","templated":true}]}}