{"id":301152,"date":"2025-04-07T19:02:34","date_gmt":"2025-04-07T17:02:34","guid":{"rendered":"https:\/\/miomiorun.com\/prodotto\/shadow-canotta-uomo\/"},"modified":"2025-05-13T17:11:12","modified_gmt":"2025-05-13T15:11:12","slug":"shadow-debardeur-homme","status":"publish","type":"product","link":"https:\/\/www.miomiorun.com\/fr\/produit\/shadow-debardeur-homme\/","title":{"rendered":"Shadow D\u00e9bardeur homme"},"content":{"rendered":"<p class=\"\" data-end=\"292\" data-start=\"239\"><strong data-end=\"292\" data-start=\"239\">Respirabilit\u00e9 maximale pour les journ\u00e9es les plus chaudes.<\/strong><\/p>\n<p class=\"\" data-end=\"448\" data-start=\"294\">Affrontez vos s\u00e9ances de course les plus intenses avec le <strong data-end=\"373\" data-start=\"347\">d\u00e9bardeur Shadow Men&#8217;s<\/strong>, con\u00e7u pour vous garder au frais et \u00e0 l&#8217;aise m\u00eame sous le soleil d&#8217;\u00e9t\u00e9.<\/p>\n<p class=\"\" data-end=\"827\" data-start=\"450\">Fabriqu\u00e9 en <strong data-end=\"495\" data-start=\"464\">jersey Deltapeak\u2122 recycl\u00e9<\/strong>, un tissu technique ultra-l\u00e9ger dot\u00e9 d&#8217;une <strong data-end=\"551\" data-start=\"534\">protection UV<\/strong> et de propri\u00e9t\u00e9s de <strong data-end=\"576\" data-start=\"554\">s\u00e9chage rapide<\/strong>, ce d\u00e9bardeur vous garde au sec m\u00eame pendant les entra\u00eenements de haute intensit\u00e9. Le dos en <strong data-end=\"706\" data-start=\"686\">mesh Micro-Fresh<\/strong> assure une ventilation suppl\u00e9mentaire l\u00e0 o\u00f9 vous en avez le plus besoin, ce qui contribue \u00e0 r\u00e9guler la temp\u00e9rature corporelle et \u00e0 am\u00e9liorer le confort.<\/p>\n<p class=\"\" data-end=\"1019\" data-start=\"829\">Avec son design minimal mais fonctionnel, le d\u00e9bardeur Shadow est l&#8217;alli\u00e9 id\u00e9al non seulement pour la <strong data-end=\"930\" data-start=\"919\">course \u00e0 pied<\/strong>, mais aussi pour l&#8217;<strong data-end=\"962\" data-start=\"947\">escalade<\/strong>, l&#8217;<strong data-end=\"989\" data-start=\"966\">entra\u00eenement en ext\u00e9rieur<\/strong> et les <strong data-end=\"1018\" data-start=\"995\">loisirs actifs<\/strong>.<\/p>\n<h3 class=\"\" data-end=\"1060\" data-start=\"1026\">Caract\u00e9ristiques principales :<\/h3>\n<ul data-end=\"1291\" data-start=\"1062\">\n<li class=\"\" data-end=\"1128\" data-start=\"1062\">\n<p class=\"\" data-end=\"1128\" data-start=\"1064\">Tissu Deltapeak\u2122 recycl\u00e9 : l\u00e9ger, respirant et \u00e0 s\u00e9chage rapide.<\/p>\n<\/li>\n<li class=\"\" data-end=\"1156\" data-start=\"1129\">\n<p class=\"\" data-end=\"1156\" data-start=\"1131\">Protection UV int\u00e9gr\u00e9e<\/p>\n<\/li>\n<li class=\"\" data-end=\"1212\" data-start=\"1157\">\n<p class=\"\" data-end=\"1212\" data-start=\"1159\">Dos en maille Micro-Fresh pour une ventilation cibl\u00e9e<\/p>\n<\/li>\n<li class=\"\" data-end=\"1260\" data-start=\"1213\">\n<p class=\"\" data-end=\"1260\" data-start=\"1215\">Design ergonomique, con\u00e7u pour le mouvement<\/p>\n<\/li>\n<li class=\"\" data-end=\"1291\" data-start=\"1261\">\n<p class=\"\" data-end=\"1291\" data-start=\"1263\">Poids ultral\u00e9ger : seulement 90 g<\/p>\n<\/li>\n<\/ul>\n","protected":false},"excerpt":{"rendered":"<ul>\n<li>Chemise l\u00e9g\u00e8re et polyvalente id\u00e9ale pour les saisons chaudes.<\/li>\n<li>V\u00eatement id\u00e9al pour diverses activit\u00e9s de plein air, loisirs et voile.<\/li>\n<\/ul>\n","protected":false},"featured_media":273023,"template":"","meta":{"_acf_changed":false,"inline_featured_image":false},"product_brand":[],"product_cat":[24257,24482],"product_tag":[23512,23524],"class_list":{"0":"post-301152","1":"product","2":"type-product","3":"status-publish","4":"has-post-thumbnail","6":"product_cat-gilets-fr","7":"product_cat-vetements-pour-hommes-fr","8":"product_tag-montura-fr","9":"product_tag-montura-homme","10":"pa_attivita-marcher","11":"pa_attivita-outdoor-fr","12":"pa_attivita-trail-fr","13":"pa_colore-shadow-canotta-black-fr","14":"pa_marca-montura-fr","15":"pa_sesso-homme","16":"pa_size-large-fr","18":"first","19":"instock","20":"sale","21":"taxable","22":"shipping-taxable","23":"purchasable","24":"product-type-variable","25":"wvs-archive-product-wrapper"},"acf":[],"yoast_head":"<!-- This site is optimized with the Yoast SEO plugin v26.8 - https:\/\/yoast.com\/product\/yoast-seo-wordpress\/ -->\n<title>Montura Shadow D\u00e9bardeur homme - D\u00e9bardeur de course - MioMioRun.com<\/title>\n<meta name=\"description\" content=\"Affrontez vos s\u00e9ances de course les plus intenses avec le d\u00e9bardeur Shadow Men&#039;s, con\u00e7u pour assurer fra\u00eecheur et confort m\u00eame sous le soleil d&#039;\u00e9t\u00e9.\" \/>\n<meta name=\"robots\" content=\"index, follow, max-snippet:-1, max-image-preview:large, max-video-preview:-1\" \/>\n<link rel=\"canonical\" href=\"https:\/\/www.miomiorun.com\/fr\/produit\/shadow-debardeur-homme\/\" \/>\n<meta property=\"og:locale\" content=\"fr_FR\" \/>\n<meta property=\"og:type\" content=\"article\" \/>\n<meta property=\"og:title\" content=\"Montura Shadow D\u00e9bardeur homme - D\u00e9bardeur de course - MioMioRun.com\" \/>\n<meta property=\"og:description\" content=\"Affrontez vos s\u00e9ances de course les plus intenses avec le d\u00e9bardeur Shadow Men&#039;s, con\u00e7u pour assurer fra\u00eecheur et confort m\u00eame sous le soleil d&#039;\u00e9t\u00e9.\" \/>\n<meta property=\"og:url\" content=\"https:\/\/www.miomiorun.com\/fr\/produit\/shadow-debardeur-homme\/\" \/>\n<meta property=\"og:site_name\" content=\"MioMioRun\" \/>\n<meta property=\"article:publisher\" content=\"https:\/\/www.facebook.com\/miomiorun\/\" \/>\n<meta property=\"article:modified_time\" content=\"2025-05-13T15:11:12+00:00\" \/>\n<meta property=\"og:image\" content=\"https:\/\/www.miomiorun.com\/app\/uploads\/2025\/04\/montura-Shadow-canotta-verde-salvia-MCGR81X.49.webp\" \/>\n\t<meta property=\"og:image:width\" content=\"600\" \/>\n\t<meta property=\"og:image:height\" content=\"600\" \/>\n\t<meta property=\"og:image:type\" content=\"image\/webp\" \/>\n<meta name=\"twitter:card\" content=\"summary_large_image\" \/>\n<meta name=\"twitter:label1\" content=\"Est. reading time\" \/>\n\t<meta name=\"twitter:data1\" content=\"1 minute\" \/>\n<script type=\"application\/ld+json\" class=\"yoast-schema-graph\">{\"@context\":\"https:\/\/schema.org\",\"@graph\":[{\"@type\":\"WebPage\",\"@id\":\"https:\/\/www.miomiorun.com\/fr\/produit\/shadow-debardeur-homme\/\",\"url\":\"https:\/\/www.miomiorun.com\/fr\/produit\/shadow-debardeur-homme\/\",\"name\":\"Montura Shadow D\u00e9bardeur homme - D\u00e9bardeur de course - MioMioRun.com\",\"isPartOf\":{\"@id\":\"https:\/\/www.miomiorun.com\/fr\/#website\"},\"primaryImageOfPage\":{\"@id\":\"https:\/\/www.miomiorun.com\/fr\/produit\/shadow-debardeur-homme\/#primaryimage\"},\"image\":{\"@id\":\"https:\/\/www.miomiorun.com\/fr\/produit\/shadow-debardeur-homme\/#primaryimage\"},\"thumbnailUrl\":\"https:\/\/www.miomiorun.com\/app\/uploads\/2025\/04\/montura-Shadow-canotta-verde-salvia-MCGR81X.49.webp\",\"datePublished\":\"2025-04-07T17:02:34+00:00\",\"dateModified\":\"2025-05-13T15:11:12+00:00\",\"description\":\"Affrontez vos s\u00e9ances de course les plus intenses avec le d\u00e9bardeur Shadow Men's, con\u00e7u pour assurer fra\u00eecheur et confort m\u00eame sous le soleil d'\u00e9t\u00e9.\",\"breadcrumb\":{\"@id\":\"https:\/\/www.miomiorun.com\/fr\/produit\/shadow-debardeur-homme\/#breadcrumb\"},\"inLanguage\":\"fr-FR\",\"potentialAction\":[{\"@type\":\"ReadAction\",\"target\":[\"https:\/\/www.miomiorun.com\/fr\/produit\/shadow-debardeur-homme\/\"]}]},{\"@type\":\"ImageObject\",\"inLanguage\":\"fr-FR\",\"@id\":\"https:\/\/www.miomiorun.com\/fr\/produit\/shadow-debardeur-homme\/#primaryimage\",\"url\":\"https:\/\/www.miomiorun.com\/app\/uploads\/2025\/04\/montura-Shadow-canotta-verde-salvia-MCGR81X.49.webp\",\"contentUrl\":\"https:\/\/www.miomiorun.com\/app\/uploads\/2025\/04\/montura-Shadow-canotta-verde-salvia-MCGR81X.49.webp\",\"width\":600,\"height\":600,\"caption\":\"montura Shadow canotta verde salvia MCGR81X.49\"},{\"@type\":\"BreadcrumbList\",\"@id\":\"https:\/\/www.miomiorun.com\/fr\/produit\/shadow-debardeur-homme\/#breadcrumb\",\"itemListElement\":[{\"@type\":\"ListItem\",\"position\":1,\"name\":\"Home\",\"item\":\"https:\/\/www.miomiorun.com\/fr\/home-page\/\"},{\"@type\":\"ListItem\",\"position\":2,\"name\":\"Shop\",\"item\":\"https:\/\/www.miomiorun.com\/shop\/\"},{\"@type\":\"ListItem\",\"position\":3,\"name\":\"Shadow D\u00e9bardeur homme\"}]},{\"@type\":\"WebSite\",\"@id\":\"https:\/\/www.miomiorun.com\/fr\/#website\",\"url\":\"https:\/\/www.miomiorun.com\/fr\/\",\"name\":\"MioMioRun\",\"description\":\"Boutique 100% running et trail\",\"publisher\":{\"@id\":\"https:\/\/www.miomiorun.com\/fr\/#organization\"},\"potentialAction\":[{\"@type\":\"SearchAction\",\"target\":{\"@type\":\"EntryPoint\",\"urlTemplate\":\"https:\/\/www.miomiorun.com\/fr\/?s={search_term_string}\"},\"query-input\":{\"@type\":\"PropertyValueSpecification\",\"valueRequired\":true,\"valueName\":\"search_term_string\"}}],\"inLanguage\":\"fr-FR\"},{\"@type\":\"Organization\",\"@id\":\"https:\/\/www.miomiorun.com\/fr\/#organization\",\"name\":\"MioMio Run\",\"url\":\"https:\/\/www.miomiorun.com\/fr\/\",\"logo\":{\"@type\":\"ImageObject\",\"inLanguage\":\"fr-FR\",\"@id\":\"https:\/\/www.miomiorun.com\/fr\/#\/schema\/logo\/image\/\",\"url\":\"https:\/\/www.miomiorun.com\/app\/uploads\/2019\/12\/logomio.png\",\"contentUrl\":\"https:\/\/www.miomiorun.com\/app\/uploads\/2019\/12\/logomio.png\",\"width\":115,\"height\":82,\"caption\":\"MioMio Run\"},\"image\":{\"@id\":\"https:\/\/www.miomiorun.com\/fr\/#\/schema\/logo\/image\/\"},\"sameAs\":[\"https:\/\/www.facebook.com\/miomiorun\/\",\"https:\/\/www.instagram.com\/miomiorun\/\"]}]}<\/script>\n<!-- \/ Yoast SEO plugin. -->","yoast_head_json":{"title":"Montura Shadow D\u00e9bardeur homme - D\u00e9bardeur de course - MioMioRun.com","description":"Affrontez vos s\u00e9ances de course les plus intenses avec le d\u00e9bardeur Shadow Men's, con\u00e7u pour assurer fra\u00eecheur et confort m\u00eame sous le soleil d'\u00e9t\u00e9.","robots":{"index":"index","follow":"follow","max-snippet":"max-snippet:-1","max-image-preview":"max-image-preview:large","max-video-preview":"max-video-preview:-1"},"canonical":"https:\/\/www.miomiorun.com\/fr\/produit\/shadow-debardeur-homme\/","og_locale":"fr_FR","og_type":"article","og_title":"Montura Shadow D\u00e9bardeur homme - D\u00e9bardeur de course - MioMioRun.com","og_description":"Affrontez vos s\u00e9ances de course les plus intenses avec le d\u00e9bardeur Shadow Men's, con\u00e7u pour assurer fra\u00eecheur et confort m\u00eame sous le soleil d'\u00e9t\u00e9.","og_url":"https:\/\/www.miomiorun.com\/fr\/produit\/shadow-debardeur-homme\/","og_site_name":"MioMioRun","article_publisher":"https:\/\/www.facebook.com\/miomiorun\/","article_modified_time":"2025-05-13T15:11:12+00:00","og_image":[{"width":600,"height":600,"url":"https:\/\/www.miomiorun.com\/app\/uploads\/2025\/04\/montura-Shadow-canotta-verde-salvia-MCGR81X.49.webp","type":"image\/webp"}],"twitter_card":"summary_large_image","twitter_misc":{"Est. reading time":"1 minute"},"schema":{"@context":"https:\/\/schema.org","@graph":[{"@type":"WebPage","@id":"https:\/\/www.miomiorun.com\/fr\/produit\/shadow-debardeur-homme\/","url":"https:\/\/www.miomiorun.com\/fr\/produit\/shadow-debardeur-homme\/","name":"Montura Shadow D\u00e9bardeur homme - D\u00e9bardeur de course - MioMioRun.com","isPartOf":{"@id":"https:\/\/www.miomiorun.com\/fr\/#website"},"primaryImageOfPage":{"@id":"https:\/\/www.miomiorun.com\/fr\/produit\/shadow-debardeur-homme\/#primaryimage"},"image":{"@id":"https:\/\/www.miomiorun.com\/fr\/produit\/shadow-debardeur-homme\/#primaryimage"},"thumbnailUrl":"https:\/\/www.miomiorun.com\/app\/uploads\/2025\/04\/montura-Shadow-canotta-verde-salvia-MCGR81X.49.webp","datePublished":"2025-04-07T17:02:34+00:00","dateModified":"2025-05-13T15:11:12+00:00","description":"Affrontez vos s\u00e9ances de course les plus intenses avec le d\u00e9bardeur Shadow Men's, con\u00e7u pour assurer fra\u00eecheur et confort m\u00eame sous le soleil d'\u00e9t\u00e9.","breadcrumb":{"@id":"https:\/\/www.miomiorun.com\/fr\/produit\/shadow-debardeur-homme\/#breadcrumb"},"inLanguage":"fr-FR","potentialAction":[{"@type":"ReadAction","target":["https:\/\/www.miomiorun.com\/fr\/produit\/shadow-debardeur-homme\/"]}]},{"@type":"ImageObject","inLanguage":"fr-FR","@id":"https:\/\/www.miomiorun.com\/fr\/produit\/shadow-debardeur-homme\/#primaryimage","url":"https:\/\/www.miomiorun.com\/app\/uploads\/2025\/04\/montura-Shadow-canotta-verde-salvia-MCGR81X.49.webp","contentUrl":"https:\/\/www.miomiorun.com\/app\/uploads\/2025\/04\/montura-Shadow-canotta-verde-salvia-MCGR81X.49.webp","width":600,"height":600,"caption":"montura Shadow canotta verde salvia MCGR81X.49"},{"@type":"BreadcrumbList","@id":"https:\/\/www.miomiorun.com\/fr\/produit\/shadow-debardeur-homme\/#breadcrumb","itemListElement":[{"@type":"ListItem","position":1,"name":"Home","item":"https:\/\/www.miomiorun.com\/fr\/home-page\/"},{"@type":"ListItem","position":2,"name":"Shop","item":"https:\/\/www.miomiorun.com\/shop\/"},{"@type":"ListItem","position":3,"name":"Shadow D\u00e9bardeur homme"}]},{"@type":"WebSite","@id":"https:\/\/www.miomiorun.com\/fr\/#website","url":"https:\/\/www.miomiorun.com\/fr\/","name":"MioMioRun","description":"Boutique 100% running et trail","publisher":{"@id":"https:\/\/www.miomiorun.com\/fr\/#organization"},"potentialAction":[{"@type":"SearchAction","target":{"@type":"EntryPoint","urlTemplate":"https:\/\/www.miomiorun.com\/fr\/?s={search_term_string}"},"query-input":{"@type":"PropertyValueSpecification","valueRequired":true,"valueName":"search_term_string"}}],"inLanguage":"fr-FR"},{"@type":"Organization","@id":"https:\/\/www.miomiorun.com\/fr\/#organization","name":"MioMio Run","url":"https:\/\/www.miomiorun.com\/fr\/","logo":{"@type":"ImageObject","inLanguage":"fr-FR","@id":"https:\/\/www.miomiorun.com\/fr\/#\/schema\/logo\/image\/","url":"https:\/\/www.miomiorun.com\/app\/uploads\/2019\/12\/logomio.png","contentUrl":"https:\/\/www.miomiorun.com\/app\/uploads\/2019\/12\/logomio.png","width":115,"height":82,"caption":"MioMio Run"},"image":{"@id":"https:\/\/www.miomiorun.com\/fr\/#\/schema\/logo\/image\/"},"sameAs":["https:\/\/www.facebook.com\/miomiorun\/","https:\/\/www.instagram.com\/miomiorun\/"]}]}},"_links":{"self":[{"href":"https:\/\/www.miomiorun.com\/fr\/wp-json\/wp\/v2\/product\/301152","targetHints":{"allow":["GET"]}}],"collection":[{"href":"https:\/\/www.miomiorun.com\/fr\/wp-json\/wp\/v2\/product"}],"about":[{"href":"https:\/\/www.miomiorun.com\/fr\/wp-json\/wp\/v2\/types\/product"}],"wp:featuredmedia":[{"embeddable":true,"href":"https:\/\/www.miomiorun.com\/fr\/wp-json\/wp\/v2\/media\/273023"}],"wp:attachment":[{"href":"https:\/\/www.miomiorun.com\/fr\/wp-json\/wp\/v2\/media?parent=301152"}],"wp:term":[{"taxonomy":"product_brand","embeddable":true,"href":"https:\/\/www.miomiorun.com\/fr\/wp-json\/wp\/v2\/product_brand?post=301152"},{"taxonomy":"product_cat","embeddable":true,"href":"https:\/\/www.miomiorun.com\/fr\/wp-json\/wp\/v2\/product_cat?post=301152"},{"taxonomy":"product_tag","embeddable":true,"href":"https:\/\/www.miomiorun.com\/fr\/wp-json\/wp\/v2\/product_tag?post=301152"}],"curies":[{"name":"wp","href":"https:\/\/api.w.org\/{rel}","templated":true}]}}