{"id":301151,"date":"2025-04-08T09:44:13","date_gmt":"2025-04-08T07:44:13","guid":{"rendered":"https:\/\/miomiorun.com\/prodotto\/rise-pants-uomo\/"},"modified":"2025-05-13T17:12:28","modified_gmt":"2025-05-13T15:12:28","slug":"rise-pants-homme","status":"publish","type":"product","link":"https:\/\/www.miomiorun.com\/fr\/produit\/rise-pants-homme\/","title":{"rendered":"Rise Pants homme"},"content":{"rendered":"<p class=\"\" data-end=\"304\" data-start=\"247\"><strong data-end=\"304\" data-start=\"247\">Libert\u00e9 de mouvement et l\u00e9g\u00e8ret\u00e9 pour toutes les aventures.<\/strong><\/p>\n<p class=\"\" data-end=\"640\" data-start=\"306\">D\u00e9couvrez le nouveau <strong data-end=\"347\" data-start=\"321\">pantalon Rise pour homme<\/strong>, con\u00e7u pour vous accompagner dans le confort et le style, des randonn\u00e9es les plus exigeantes aux promenades de loisir. Gr\u00e2ce au tissu en <strong data-end=\"521\" data-start=\"484\">nylon extensible dans les 4 sens<\/strong>, ce pantalon vous accompagne \u00e0 chaque pas, assurant respirabilit\u00e9 et flexibilit\u00e9 m\u00eame sur les sentiers les plus dynamiques.<\/p>\n<p class=\"\" data-end=\"834\" data-start=\"642\">La <strong data-end=\"690\" data-start=\"645\">finition d\u00e9perlante DWR sans PFAS<\/strong> prot\u00e8ge contre les pluies l\u00e9g\u00e8res, tandis que la <strong data-end=\"758\" data-start=\"733\">protection UV UPF 50+<\/strong> vous prot\u00e8ge des rayons du soleil, ce qui le rend parfait pour les temps plus chauds.<\/p>\n<p class=\"\" data-end=\"1057\" data-start=\"836\">La <strong data-end=\"882\" data-start=\"839\">ceinture \u00e9lastiqu\u00e9e \u00e0 enfiler<\/strong> assure un ajustement confortable et pratique, m\u00eame pour les journ\u00e9es les plus actives. <strong data-end=\"995\" data-start=\"963\">Les poches lat\u00e9rales et arri\u00e8re<\/strong> vous permettent d&#8217;avoir toujours vos petits objets essentiels avec vous.<\/p>\n<h3 class=\"\" data-end=\"1098\" data-start=\"1064\">Caract\u00e9ristiques principales :<\/h3>\n<ul data-end=\"1376\" data-start=\"1100\">\n<li class=\"\" data-end=\"1164\" data-start=\"1100\">\n<p class=\"\" data-end=\"1164\" data-start=\"1102\">Tissu en nylon extensible dans les 4 sens avec traitement DWR (sans PFAS)<\/p>\n<\/li>\n<li class=\"\" data-end=\"1194\" data-start=\"1165\">\n<p class=\"\" data-end=\"1194\" data-start=\"1167\">Protection solaire UPF 50<\/p>\n<\/li>\n<li class=\"\" data-end=\"1243\" data-start=\"1195\">\n<p class=\"\" data-end=\"1243\" data-start=\"1197\">Taille \u00e9lastiqu\u00e9e pour un port facile<\/p>\n<\/li>\n<li class=\"\" data-end=\"1295\" data-start=\"1244\">\n<p class=\"\" data-end=\"1295\" data-start=\"1246\">Poches lat\u00e9rales ouvertes + poche lat\u00e9rale zipp\u00e9e<\/p>\n<\/li>\n<li class=\"\" data-end=\"1324\" data-start=\"1296\">\n<p class=\"\" data-end=\"1324\" data-start=\"1298\">Poches ouvertes au dos<\/p>\n<\/li>\n<li class=\"\" data-end=\"1362\" data-start=\"1325\">\n<p class=\"\" data-end=\"1362\" data-start=\"1327\">Coupe l\u00e9g\u00e8re et respirante<\/p>\n<\/li>\n<li class=\"\" data-end=\"1376\" data-start=\"1363\">\n<p class=\"\" data-end=\"1376\" data-start=\"1365\">Poids : 230 g<\/p>\n<\/li>\n<\/ul>\n","protected":false},"excerpt":{"rendered":"<ul>\n<li data-start=\"1408\" data-end=\"1434\">Randonn\u00e9e et trekking<\/li>\n<li data-start=\"1408\" data-end=\"1434\">Course d&#8217;\u00e9t\u00e9<\/li>\n<li data-start=\"1408\" data-end=\"1434\">Activit\u00e9s de plein air et fitness<\/li>\n<li data-start=\"1408\" data-end=\"1434\">Loisirs actifs<\/li>\n<\/ul>\n","protected":false},"featured_media":273209,"template":"","meta":{"_acf_changed":false,"inline_featured_image":false},"product_brand":[],"product_cat":[24450,24482],"product_tag":[23512,23524],"class_list":{"0":"post-301151","1":"product","2":"type-product","3":"status-publish","4":"has-post-thumbnail","6":"product_cat-pantalon-long-fr-3","7":"product_cat-vetements-pour-hommes-fr","8":"product_tag-montura-fr","9":"product_tag-montura-homme","10":"pa_attivita-marcher","11":"pa_attivita-outdoor-fr","12":"pa_colore-rise-pants-black-fr","13":"pa_marca-montura-fr","14":"pa_sesso-homme","15":"pa_size-small-fr","16":"pa_size-large-fr","18":"first","19":"instock","20":"sale","21":"taxable","22":"shipping-taxable","23":"purchasable","24":"product-type-variable","25":"wvs-archive-product-wrapper"},"acf":[],"yoast_head":"<!-- This site is optimized with the Yoast SEO plugin v26.8 - https:\/\/yoast.com\/product\/yoast-seo-wordpress\/ -->\n<title>Montura Rise Pants homme -pantalon long d&#039;\u00e9t\u00e9 - MioMioRun<\/title>\n<meta name=\"description\" content=\"Pantalon l\u00e9ger pour homme en nylon extensible dans les 4 sens avec traitement DWR et protection UPF. Respirant, confortable et id\u00e9al pour le trekking, la course \u00e0 pied et les activit\u00e9s de plein air en \u00e9t\u00e9.\" \/>\n<meta name=\"robots\" content=\"index, follow, max-snippet:-1, max-image-preview:large, max-video-preview:-1\" \/>\n<link rel=\"canonical\" href=\"https:\/\/www.miomiorun.com\/fr\/produit\/rise-pants-homme\/\" \/>\n<meta property=\"og:locale\" content=\"fr_FR\" \/>\n<meta property=\"og:type\" content=\"article\" \/>\n<meta property=\"og:title\" content=\"Montura Rise Pants homme -pantalon long d&#039;\u00e9t\u00e9 - MioMioRun\" \/>\n<meta property=\"og:description\" content=\"Pantalon l\u00e9ger pour homme en nylon extensible dans les 4 sens avec traitement DWR et protection UPF. Respirant, confortable et id\u00e9al pour le trekking, la course \u00e0 pied et les activit\u00e9s de plein air en \u00e9t\u00e9.\" \/>\n<meta property=\"og:url\" content=\"https:\/\/www.miomiorun.com\/fr\/produit\/rise-pants-homme\/\" \/>\n<meta property=\"og:site_name\" content=\"MioMioRun\" \/>\n<meta property=\"article:publisher\" content=\"https:\/\/www.facebook.com\/miomiorun\/\" \/>\n<meta property=\"article:modified_time\" content=\"2025-05-13T15:12:28+00:00\" \/>\n<meta property=\"og:image\" content=\"https:\/\/www.miomiorun.com\/app\/uploads\/2025\/04\/montura-Rise-pants-black-MPLR81X.90.webp\" \/>\n\t<meta property=\"og:image:width\" content=\"600\" \/>\n\t<meta property=\"og:image:height\" content=\"600\" \/>\n\t<meta property=\"og:image:type\" content=\"image\/webp\" \/>\n<meta name=\"twitter:card\" content=\"summary_large_image\" \/>\n<meta name=\"twitter:label1\" content=\"Est. reading time\" \/>\n\t<meta name=\"twitter:data1\" content=\"1 minute\" \/>\n<script type=\"application\/ld+json\" class=\"yoast-schema-graph\">{\"@context\":\"https:\/\/schema.org\",\"@graph\":[{\"@type\":\"WebPage\",\"@id\":\"https:\/\/www.miomiorun.com\/fr\/produit\/rise-pants-homme\/\",\"url\":\"https:\/\/www.miomiorun.com\/fr\/produit\/rise-pants-homme\/\",\"name\":\"Montura Rise Pants homme -pantalon long d'\u00e9t\u00e9 - MioMioRun\",\"isPartOf\":{\"@id\":\"https:\/\/www.miomiorun.com\/fr\/#website\"},\"primaryImageOfPage\":{\"@id\":\"https:\/\/www.miomiorun.com\/fr\/produit\/rise-pants-homme\/#primaryimage\"},\"image\":{\"@id\":\"https:\/\/www.miomiorun.com\/fr\/produit\/rise-pants-homme\/#primaryimage\"},\"thumbnailUrl\":\"https:\/\/www.miomiorun.com\/app\/uploads\/2025\/04\/montura-Rise-pants-black-MPLR81X.90.webp\",\"datePublished\":\"2025-04-08T07:44:13+00:00\",\"dateModified\":\"2025-05-13T15:12:28+00:00\",\"description\":\"Pantalon l\u00e9ger pour homme en nylon extensible dans les 4 sens avec traitement DWR et protection UPF. Respirant, confortable et id\u00e9al pour le trekking, la course \u00e0 pied et les activit\u00e9s de plein air en \u00e9t\u00e9.\",\"breadcrumb\":{\"@id\":\"https:\/\/www.miomiorun.com\/fr\/produit\/rise-pants-homme\/#breadcrumb\"},\"inLanguage\":\"fr-FR\",\"potentialAction\":[{\"@type\":\"ReadAction\",\"target\":[\"https:\/\/www.miomiorun.com\/fr\/produit\/rise-pants-homme\/\"]}]},{\"@type\":\"ImageObject\",\"inLanguage\":\"fr-FR\",\"@id\":\"https:\/\/www.miomiorun.com\/fr\/produit\/rise-pants-homme\/#primaryimage\",\"url\":\"https:\/\/www.miomiorun.com\/app\/uploads\/2025\/04\/montura-Rise-pants-black-MPLR81X.90.webp\",\"contentUrl\":\"https:\/\/www.miomiorun.com\/app\/uploads\/2025\/04\/montura-Rise-pants-black-MPLR81X.90.webp\",\"width\":600,\"height\":600,\"caption\":\"montura Rise pants black MPLR81X.90\"},{\"@type\":\"BreadcrumbList\",\"@id\":\"https:\/\/www.miomiorun.com\/fr\/produit\/rise-pants-homme\/#breadcrumb\",\"itemListElement\":[{\"@type\":\"ListItem\",\"position\":1,\"name\":\"Home\",\"item\":\"https:\/\/www.miomiorun.com\/fr\/home-page\/\"},{\"@type\":\"ListItem\",\"position\":2,\"name\":\"Shop\",\"item\":\"https:\/\/www.miomiorun.com\/shop\/\"},{\"@type\":\"ListItem\",\"position\":3,\"name\":\"Rise Pants homme\"}]},{\"@type\":\"WebSite\",\"@id\":\"https:\/\/www.miomiorun.com\/fr\/#website\",\"url\":\"https:\/\/www.miomiorun.com\/fr\/\",\"name\":\"MioMioRun\",\"description\":\"Boutique 100% running et trail\",\"publisher\":{\"@id\":\"https:\/\/www.miomiorun.com\/fr\/#organization\"},\"potentialAction\":[{\"@type\":\"SearchAction\",\"target\":{\"@type\":\"EntryPoint\",\"urlTemplate\":\"https:\/\/www.miomiorun.com\/fr\/?s={search_term_string}\"},\"query-input\":{\"@type\":\"PropertyValueSpecification\",\"valueRequired\":true,\"valueName\":\"search_term_string\"}}],\"inLanguage\":\"fr-FR\"},{\"@type\":\"Organization\",\"@id\":\"https:\/\/www.miomiorun.com\/fr\/#organization\",\"name\":\"MioMio Run\",\"url\":\"https:\/\/www.miomiorun.com\/fr\/\",\"logo\":{\"@type\":\"ImageObject\",\"inLanguage\":\"fr-FR\",\"@id\":\"https:\/\/www.miomiorun.com\/fr\/#\/schema\/logo\/image\/\",\"url\":\"https:\/\/www.miomiorun.com\/app\/uploads\/2019\/12\/logomio.png\",\"contentUrl\":\"https:\/\/www.miomiorun.com\/app\/uploads\/2019\/12\/logomio.png\",\"width\":115,\"height\":82,\"caption\":\"MioMio Run\"},\"image\":{\"@id\":\"https:\/\/www.miomiorun.com\/fr\/#\/schema\/logo\/image\/\"},\"sameAs\":[\"https:\/\/www.facebook.com\/miomiorun\/\",\"https:\/\/www.instagram.com\/miomiorun\/\"]}]}<\/script>\n<!-- \/ Yoast SEO plugin. -->","yoast_head_json":{"title":"Montura Rise Pants homme -pantalon long d'\u00e9t\u00e9 - MioMioRun","description":"Pantalon l\u00e9ger pour homme en nylon extensible dans les 4 sens avec traitement DWR et protection UPF. Respirant, confortable et id\u00e9al pour le trekking, la course \u00e0 pied et les activit\u00e9s de plein air en \u00e9t\u00e9.","robots":{"index":"index","follow":"follow","max-snippet":"max-snippet:-1","max-image-preview":"max-image-preview:large","max-video-preview":"max-video-preview:-1"},"canonical":"https:\/\/www.miomiorun.com\/fr\/produit\/rise-pants-homme\/","og_locale":"fr_FR","og_type":"article","og_title":"Montura Rise Pants homme -pantalon long d'\u00e9t\u00e9 - MioMioRun","og_description":"Pantalon l\u00e9ger pour homme en nylon extensible dans les 4 sens avec traitement DWR et protection UPF. Respirant, confortable et id\u00e9al pour le trekking, la course \u00e0 pied et les activit\u00e9s de plein air en \u00e9t\u00e9.","og_url":"https:\/\/www.miomiorun.com\/fr\/produit\/rise-pants-homme\/","og_site_name":"MioMioRun","article_publisher":"https:\/\/www.facebook.com\/miomiorun\/","article_modified_time":"2025-05-13T15:12:28+00:00","og_image":[{"width":600,"height":600,"url":"https:\/\/www.miomiorun.com\/app\/uploads\/2025\/04\/montura-Rise-pants-black-MPLR81X.90.webp","type":"image\/webp"}],"twitter_card":"summary_large_image","twitter_misc":{"Est. reading time":"1 minute"},"schema":{"@context":"https:\/\/schema.org","@graph":[{"@type":"WebPage","@id":"https:\/\/www.miomiorun.com\/fr\/produit\/rise-pants-homme\/","url":"https:\/\/www.miomiorun.com\/fr\/produit\/rise-pants-homme\/","name":"Montura Rise Pants homme -pantalon long d'\u00e9t\u00e9 - MioMioRun","isPartOf":{"@id":"https:\/\/www.miomiorun.com\/fr\/#website"},"primaryImageOfPage":{"@id":"https:\/\/www.miomiorun.com\/fr\/produit\/rise-pants-homme\/#primaryimage"},"image":{"@id":"https:\/\/www.miomiorun.com\/fr\/produit\/rise-pants-homme\/#primaryimage"},"thumbnailUrl":"https:\/\/www.miomiorun.com\/app\/uploads\/2025\/04\/montura-Rise-pants-black-MPLR81X.90.webp","datePublished":"2025-04-08T07:44:13+00:00","dateModified":"2025-05-13T15:12:28+00:00","description":"Pantalon l\u00e9ger pour homme en nylon extensible dans les 4 sens avec traitement DWR et protection UPF. Respirant, confortable et id\u00e9al pour le trekking, la course \u00e0 pied et les activit\u00e9s de plein air en \u00e9t\u00e9.","breadcrumb":{"@id":"https:\/\/www.miomiorun.com\/fr\/produit\/rise-pants-homme\/#breadcrumb"},"inLanguage":"fr-FR","potentialAction":[{"@type":"ReadAction","target":["https:\/\/www.miomiorun.com\/fr\/produit\/rise-pants-homme\/"]}]},{"@type":"ImageObject","inLanguage":"fr-FR","@id":"https:\/\/www.miomiorun.com\/fr\/produit\/rise-pants-homme\/#primaryimage","url":"https:\/\/www.miomiorun.com\/app\/uploads\/2025\/04\/montura-Rise-pants-black-MPLR81X.90.webp","contentUrl":"https:\/\/www.miomiorun.com\/app\/uploads\/2025\/04\/montura-Rise-pants-black-MPLR81X.90.webp","width":600,"height":600,"caption":"montura Rise pants black MPLR81X.90"},{"@type":"BreadcrumbList","@id":"https:\/\/www.miomiorun.com\/fr\/produit\/rise-pants-homme\/#breadcrumb","itemListElement":[{"@type":"ListItem","position":1,"name":"Home","item":"https:\/\/www.miomiorun.com\/fr\/home-page\/"},{"@type":"ListItem","position":2,"name":"Shop","item":"https:\/\/www.miomiorun.com\/shop\/"},{"@type":"ListItem","position":3,"name":"Rise Pants homme"}]},{"@type":"WebSite","@id":"https:\/\/www.miomiorun.com\/fr\/#website","url":"https:\/\/www.miomiorun.com\/fr\/","name":"MioMioRun","description":"Boutique 100% running et trail","publisher":{"@id":"https:\/\/www.miomiorun.com\/fr\/#organization"},"potentialAction":[{"@type":"SearchAction","target":{"@type":"EntryPoint","urlTemplate":"https:\/\/www.miomiorun.com\/fr\/?s={search_term_string}"},"query-input":{"@type":"PropertyValueSpecification","valueRequired":true,"valueName":"search_term_string"}}],"inLanguage":"fr-FR"},{"@type":"Organization","@id":"https:\/\/www.miomiorun.com\/fr\/#organization","name":"MioMio Run","url":"https:\/\/www.miomiorun.com\/fr\/","logo":{"@type":"ImageObject","inLanguage":"fr-FR","@id":"https:\/\/www.miomiorun.com\/fr\/#\/schema\/logo\/image\/","url":"https:\/\/www.miomiorun.com\/app\/uploads\/2019\/12\/logomio.png","contentUrl":"https:\/\/www.miomiorun.com\/app\/uploads\/2019\/12\/logomio.png","width":115,"height":82,"caption":"MioMio Run"},"image":{"@id":"https:\/\/www.miomiorun.com\/fr\/#\/schema\/logo\/image\/"},"sameAs":["https:\/\/www.facebook.com\/miomiorun\/","https:\/\/www.instagram.com\/miomiorun\/"]}]}},"_links":{"self":[{"href":"https:\/\/www.miomiorun.com\/fr\/wp-json\/wp\/v2\/product\/301151","targetHints":{"allow":["GET"]}}],"collection":[{"href":"https:\/\/www.miomiorun.com\/fr\/wp-json\/wp\/v2\/product"}],"about":[{"href":"https:\/\/www.miomiorun.com\/fr\/wp-json\/wp\/v2\/types\/product"}],"wp:featuredmedia":[{"embeddable":true,"href":"https:\/\/www.miomiorun.com\/fr\/wp-json\/wp\/v2\/media\/273209"}],"wp:attachment":[{"href":"https:\/\/www.miomiorun.com\/fr\/wp-json\/wp\/v2\/media?parent=301151"}],"wp:term":[{"taxonomy":"product_brand","embeddable":true,"href":"https:\/\/www.miomiorun.com\/fr\/wp-json\/wp\/v2\/product_brand?post=301151"},{"taxonomy":"product_cat","embeddable":true,"href":"https:\/\/www.miomiorun.com\/fr\/wp-json\/wp\/v2\/product_cat?post=301151"},{"taxonomy":"product_tag","embeddable":true,"href":"https:\/\/www.miomiorun.com\/fr\/wp-json\/wp\/v2\/product_tag?post=301151"}],"curies":[{"name":"wp","href":"https:\/\/api.w.org\/{rel}","templated":true}]}}