{"id":301120,"date":"2025-04-08T12:08:54","date_gmt":"2025-04-08T10:08:54","guid":{"rendered":"https:\/\/miomiorun.com\/prodotto\/launch-pro-3-shorts-donna\/"},"modified":"2025-05-10T11:14:16","modified_gmt":"2025-05-10T09:14:16","slug":"launch-pro-3-shorts-femme","status":"publish","type":"product","link":"https:\/\/www.miomiorun.com\/fr\/produit\/launch-pro-3-shorts-femme\/","title":{"rendered":"Launch Pro 3&#8221; Shorts femme"},"content":{"rendered":"<p class=\"\" data-end=\"592\" data-start=\"233\">Relevez chaque d\u00e9fi avec le summum de la l\u00e9g\u00e8ret\u00e9 et de la libert\u00e9. <strong data-end=\"339\" data-start=\"311\">Les shorts de course pour femmes<\/strong> sont con\u00e7us pour vous apporter <strong data-end=\"413\" data-start=\"375\">confort, respirabilit\u00e9 et soutien<\/strong> dans les moments o\u00f9 chaque seconde compte. Id\u00e9al pour les courses, les entra\u00eenements \u00e0 haute intensit\u00e9 ou les journ\u00e9es chaudes, il vous permettra de vous sentir libre et de vous concentrer uniquement sur l&#8217;objectif.<\/p>\n<h4 class=\"\" data-end=\"630\" data-start=\"594\"><strong data-end=\"630\" data-start=\"599\">Caract\u00e9ristiques principales :<\/strong><\/h4>\n<ul data-end=\"1193\" data-start=\"632\">\n<li class=\"\" data-end=\"739\" data-start=\"632\">\n<p class=\"\" data-end=\"739\" data-start=\"634\"><strong data-end=\"673\" data-start=\"634\">Tissu ultra-l\u00e9ger et respirant<\/strong>: garantit une ventilation optimale m\u00eame lors des journ\u00e9es les plus chaudes.<\/p>\n<\/li>\n<li class=\"\" data-end=\"816\" data-start=\"740\">\n<p class=\"\" data-end=\"816\" data-start=\"742\"><strong data-end=\"770\" data-start=\"742\">Extensible dans les 4 sens<\/strong>: suit tous vos mouvements, sans vous g\u00eaner.<\/p>\n<\/li>\n<li class=\"\" data-end=\"910\" data-start=\"817\">\n<p class=\"\" data-end=\"910\" data-start=\"819\"><strong data-end=\"874\" data-start=\"819\">Slip int\u00e9rieur tricot\u00e9 ultra-confortable int\u00e9gr\u00e9<\/strong> pour un maintien doux et s\u00fbr.<\/p>\n<\/li>\n<li class=\"\" data-end=\"1022\" data-start=\"911\">\n<p class=\"\" data-end=\"1022\" data-start=\"913\"><strong data-end=\"936\" data-start=\"913\">Ceinture mi-haute<\/strong> avec <strong data-end=\"961\" data-start=\"941\">cordon de serrage int\u00e9rieur<\/strong>: maintient la coupe ferme et serr\u00e9e sans serrer.<\/p>\n<\/li>\n<li class=\"\" data-end=\"1116\" data-start=\"1023\">\n<p class=\"\" data-end=\"1116\" data-start=\"1025\"><strong data-end=\"1053\" data-start=\"1025\">Poche arri\u00e8re zipp\u00e9e<\/strong>: id\u00e9ale pour les gels, les cl\u00e9s ou les petits objets \u00e0 emporter.<\/p>\n<\/li>\n<li class=\"\" data-end=\"1193\" data-start=\"1117\">\n<p class=\"\" data-end=\"1193\" data-start=\"1119\"><strong data-end=\"1144\" data-start=\"1119\">Coupe ajust\u00e9e<\/strong>, con\u00e7ue pour bouger avec vous sans vous g\u00eaner.<\/p>\n<\/li>\n<\/ul>\n<p class=\"\" data-end=\"1369\" data-start=\"1195\">Avec une silhouette essentielle et une coupe con\u00e7ue pour la performance, ce short est votre alli\u00e9 parfait pour <strong data-end=\"1335\" data-start=\"1307\">courir l\u00e9ger et en toute s\u00e9curit\u00e9<\/strong>, du premier au dernier kilom\u00e8tre.<\/p>\n","protected":false},"excerpt":{"rendered":"<ul>\n<li>ultra l\u00e9ger<\/li>\n<li>respirant<\/li>\n<li>ligne essentielle<\/li>\n<\/ul>\n","protected":false},"featured_media":273571,"template":"","meta":{"_acf_changed":false,"inline_featured_image":false},"product_brand":[],"product_cat":[22602,22596],"product_tag":[23530,23575],"class_list":{"0":"post-301120","1":"product","2":"type-product","3":"status-publish","4":"has-post-thumbnail","6":"product_cat-pantalon-court","7":"product_cat-vetements-pour-femmes","8":"product_tag-under-armour-fr","9":"product_tag-under-armour-femme","10":"pa_attivita-marcher","11":"pa_attivita-running-fr","12":"pa_colore-launch-pro-3-shorts-w-black-fr","13":"pa_colore-launch-pro-3-shorts-w-silica-green-fr","14":"pa_marca-under-armour-fr","15":"pa_sesso-femme","16":"pa_size-extra-small-fr","17":"pa_size-small-fr","18":"pa_size-medium-fr","20":"first","21":"instock","22":"sale","23":"taxable","24":"shipping-taxable","25":"purchasable","26":"product-type-variable","27":"wvs-archive-product-wrapper"},"acf":[],"yoast_head":"<!-- This site is optimized with the Yoast SEO plugin v26.8 - https:\/\/yoast.com\/product\/yoast-seo-wordpress\/ -->\n<title>Under Armour Launch Pro 3&#039;&#039; Shorts femme - short pour femme - MioMioRun<\/title>\n<meta name=\"description\" content=\"Short de course pour femmes, ultral\u00e9ger et respirant, avec slip int\u00e9rieur, tissu extensible dans les 4 sens et poche zipp\u00e9e. Confort et libert\u00e9 pour vos courses les plus intenses.\" \/>\n<meta name=\"robots\" content=\"index, follow, max-snippet:-1, max-image-preview:large, max-video-preview:-1\" \/>\n<link rel=\"canonical\" href=\"https:\/\/www.miomiorun.com\/fr\/produit\/launch-pro-3-shorts-femme\/\" \/>\n<meta property=\"og:locale\" content=\"fr_FR\" \/>\n<meta property=\"og:type\" content=\"article\" \/>\n<meta property=\"og:title\" content=\"Under Armour Launch Pro 3&#039;&#039; Shorts femme - short pour femme - MioMioRun\" \/>\n<meta property=\"og:description\" content=\"Short de course pour femmes, ultral\u00e9ger et respirant, avec slip int\u00e9rieur, tissu extensible dans les 4 sens et poche zipp\u00e9e. Confort et libert\u00e9 pour vos courses les plus intenses.\" \/>\n<meta property=\"og:url\" content=\"https:\/\/www.miomiorun.com\/fr\/produit\/launch-pro-3-shorts-femme\/\" \/>\n<meta property=\"og:site_name\" content=\"MioMioRun\" \/>\n<meta property=\"article:publisher\" content=\"https:\/\/www.facebook.com\/miomiorun\/\" \/>\n<meta property=\"article:modified_time\" content=\"2025-05-10T09:14:16+00:00\" \/>\n<meta property=\"og:image\" content=\"https:\/\/www.miomiorun.com\/app\/uploads\/2025\/04\/under-armour-Launch-Pro-3-shorts-W-black-1386331-0001.webp\" \/>\n\t<meta property=\"og:image:width\" content=\"600\" \/>\n\t<meta property=\"og:image:height\" content=\"600\" \/>\n\t<meta property=\"og:image:type\" content=\"image\/webp\" \/>\n<meta name=\"twitter:card\" content=\"summary_large_image\" \/>\n<meta name=\"twitter:label1\" content=\"Est. reading time\" \/>\n\t<meta name=\"twitter:data1\" content=\"1 minute\" \/>\n<script type=\"application\/ld+json\" class=\"yoast-schema-graph\">{\"@context\":\"https:\/\/schema.org\",\"@graph\":[{\"@type\":\"WebPage\",\"@id\":\"https:\/\/www.miomiorun.com\/fr\/produit\/launch-pro-3-shorts-femme\/\",\"url\":\"https:\/\/www.miomiorun.com\/fr\/produit\/launch-pro-3-shorts-femme\/\",\"name\":\"Under Armour Launch Pro 3'' Shorts femme - short pour femme - MioMioRun\",\"isPartOf\":{\"@id\":\"https:\/\/www.miomiorun.com\/fr\/#website\"},\"primaryImageOfPage\":{\"@id\":\"https:\/\/www.miomiorun.com\/fr\/produit\/launch-pro-3-shorts-femme\/#primaryimage\"},\"image\":{\"@id\":\"https:\/\/www.miomiorun.com\/fr\/produit\/launch-pro-3-shorts-femme\/#primaryimage\"},\"thumbnailUrl\":\"https:\/\/www.miomiorun.com\/app\/uploads\/2025\/04\/under-armour-Launch-Pro-3-shorts-W-black-1386331-0001.webp\",\"datePublished\":\"2025-04-08T10:08:54+00:00\",\"dateModified\":\"2025-05-10T09:14:16+00:00\",\"description\":\"Short de course pour femmes, ultral\u00e9ger et respirant, avec slip int\u00e9rieur, tissu extensible dans les 4 sens et poche zipp\u00e9e. Confort et libert\u00e9 pour vos courses les plus intenses.\",\"breadcrumb\":{\"@id\":\"https:\/\/www.miomiorun.com\/fr\/produit\/launch-pro-3-shorts-femme\/#breadcrumb\"},\"inLanguage\":\"fr-FR\",\"potentialAction\":[{\"@type\":\"ReadAction\",\"target\":[\"https:\/\/www.miomiorun.com\/fr\/produit\/launch-pro-3-shorts-femme\/\"]}]},{\"@type\":\"ImageObject\",\"inLanguage\":\"fr-FR\",\"@id\":\"https:\/\/www.miomiorun.com\/fr\/produit\/launch-pro-3-shorts-femme\/#primaryimage\",\"url\":\"https:\/\/www.miomiorun.com\/app\/uploads\/2025\/04\/under-armour-Launch-Pro-3-shorts-W-black-1386331-0001.webp\",\"contentUrl\":\"https:\/\/www.miomiorun.com\/app\/uploads\/2025\/04\/under-armour-Launch-Pro-3-shorts-W-black-1386331-0001.webp\",\"width\":600,\"height\":600,\"caption\":\"under armour Launch Pro 3 shorts W black 1386331-0001\"},{\"@type\":\"BreadcrumbList\",\"@id\":\"https:\/\/www.miomiorun.com\/fr\/produit\/launch-pro-3-shorts-femme\/#breadcrumb\",\"itemListElement\":[{\"@type\":\"ListItem\",\"position\":1,\"name\":\"Home\",\"item\":\"https:\/\/www.miomiorun.com\/fr\/home-page\/\"},{\"@type\":\"ListItem\",\"position\":2,\"name\":\"Shop\",\"item\":\"https:\/\/www.miomiorun.com\/shop\/\"},{\"@type\":\"ListItem\",\"position\":3,\"name\":\"Launch Pro 3&#8221; Shorts femme\"}]},{\"@type\":\"WebSite\",\"@id\":\"https:\/\/www.miomiorun.com\/fr\/#website\",\"url\":\"https:\/\/www.miomiorun.com\/fr\/\",\"name\":\"MioMioRun\",\"description\":\"Boutique 100% running et trail\",\"publisher\":{\"@id\":\"https:\/\/www.miomiorun.com\/fr\/#organization\"},\"potentialAction\":[{\"@type\":\"SearchAction\",\"target\":{\"@type\":\"EntryPoint\",\"urlTemplate\":\"https:\/\/www.miomiorun.com\/fr\/?s={search_term_string}\"},\"query-input\":{\"@type\":\"PropertyValueSpecification\",\"valueRequired\":true,\"valueName\":\"search_term_string\"}}],\"inLanguage\":\"fr-FR\"},{\"@type\":\"Organization\",\"@id\":\"https:\/\/www.miomiorun.com\/fr\/#organization\",\"name\":\"MioMio Run\",\"url\":\"https:\/\/www.miomiorun.com\/fr\/\",\"logo\":{\"@type\":\"ImageObject\",\"inLanguage\":\"fr-FR\",\"@id\":\"https:\/\/www.miomiorun.com\/fr\/#\/schema\/logo\/image\/\",\"url\":\"https:\/\/www.miomiorun.com\/app\/uploads\/2019\/12\/logomio.png\",\"contentUrl\":\"https:\/\/www.miomiorun.com\/app\/uploads\/2019\/12\/logomio.png\",\"width\":115,\"height\":82,\"caption\":\"MioMio Run\"},\"image\":{\"@id\":\"https:\/\/www.miomiorun.com\/fr\/#\/schema\/logo\/image\/\"},\"sameAs\":[\"https:\/\/www.facebook.com\/miomiorun\/\",\"https:\/\/www.instagram.com\/miomiorun\/\"]}]}<\/script>\n<!-- \/ Yoast SEO plugin. -->","yoast_head_json":{"title":"Under Armour Launch Pro 3'' Shorts femme - short pour femme - MioMioRun","description":"Short de course pour femmes, ultral\u00e9ger et respirant, avec slip int\u00e9rieur, tissu extensible dans les 4 sens et poche zipp\u00e9e. Confort et libert\u00e9 pour vos courses les plus intenses.","robots":{"index":"index","follow":"follow","max-snippet":"max-snippet:-1","max-image-preview":"max-image-preview:large","max-video-preview":"max-video-preview:-1"},"canonical":"https:\/\/www.miomiorun.com\/fr\/produit\/launch-pro-3-shorts-femme\/","og_locale":"fr_FR","og_type":"article","og_title":"Under Armour Launch Pro 3'' Shorts femme - short pour femme - MioMioRun","og_description":"Short de course pour femmes, ultral\u00e9ger et respirant, avec slip int\u00e9rieur, tissu extensible dans les 4 sens et poche zipp\u00e9e. Confort et libert\u00e9 pour vos courses les plus intenses.","og_url":"https:\/\/www.miomiorun.com\/fr\/produit\/launch-pro-3-shorts-femme\/","og_site_name":"MioMioRun","article_publisher":"https:\/\/www.facebook.com\/miomiorun\/","article_modified_time":"2025-05-10T09:14:16+00:00","og_image":[{"width":600,"height":600,"url":"https:\/\/www.miomiorun.com\/app\/uploads\/2025\/04\/under-armour-Launch-Pro-3-shorts-W-black-1386331-0001.webp","type":"image\/webp"}],"twitter_card":"summary_large_image","twitter_misc":{"Est. reading time":"1 minute"},"schema":{"@context":"https:\/\/schema.org","@graph":[{"@type":"WebPage","@id":"https:\/\/www.miomiorun.com\/fr\/produit\/launch-pro-3-shorts-femme\/","url":"https:\/\/www.miomiorun.com\/fr\/produit\/launch-pro-3-shorts-femme\/","name":"Under Armour Launch Pro 3'' Shorts femme - short pour femme - MioMioRun","isPartOf":{"@id":"https:\/\/www.miomiorun.com\/fr\/#website"},"primaryImageOfPage":{"@id":"https:\/\/www.miomiorun.com\/fr\/produit\/launch-pro-3-shorts-femme\/#primaryimage"},"image":{"@id":"https:\/\/www.miomiorun.com\/fr\/produit\/launch-pro-3-shorts-femme\/#primaryimage"},"thumbnailUrl":"https:\/\/www.miomiorun.com\/app\/uploads\/2025\/04\/under-armour-Launch-Pro-3-shorts-W-black-1386331-0001.webp","datePublished":"2025-04-08T10:08:54+00:00","dateModified":"2025-05-10T09:14:16+00:00","description":"Short de course pour femmes, ultral\u00e9ger et respirant, avec slip int\u00e9rieur, tissu extensible dans les 4 sens et poche zipp\u00e9e. Confort et libert\u00e9 pour vos courses les plus intenses.","breadcrumb":{"@id":"https:\/\/www.miomiorun.com\/fr\/produit\/launch-pro-3-shorts-femme\/#breadcrumb"},"inLanguage":"fr-FR","potentialAction":[{"@type":"ReadAction","target":["https:\/\/www.miomiorun.com\/fr\/produit\/launch-pro-3-shorts-femme\/"]}]},{"@type":"ImageObject","inLanguage":"fr-FR","@id":"https:\/\/www.miomiorun.com\/fr\/produit\/launch-pro-3-shorts-femme\/#primaryimage","url":"https:\/\/www.miomiorun.com\/app\/uploads\/2025\/04\/under-armour-Launch-Pro-3-shorts-W-black-1386331-0001.webp","contentUrl":"https:\/\/www.miomiorun.com\/app\/uploads\/2025\/04\/under-armour-Launch-Pro-3-shorts-W-black-1386331-0001.webp","width":600,"height":600,"caption":"under armour Launch Pro 3 shorts W black 1386331-0001"},{"@type":"BreadcrumbList","@id":"https:\/\/www.miomiorun.com\/fr\/produit\/launch-pro-3-shorts-femme\/#breadcrumb","itemListElement":[{"@type":"ListItem","position":1,"name":"Home","item":"https:\/\/www.miomiorun.com\/fr\/home-page\/"},{"@type":"ListItem","position":2,"name":"Shop","item":"https:\/\/www.miomiorun.com\/shop\/"},{"@type":"ListItem","position":3,"name":"Launch Pro 3&#8221; Shorts femme"}]},{"@type":"WebSite","@id":"https:\/\/www.miomiorun.com\/fr\/#website","url":"https:\/\/www.miomiorun.com\/fr\/","name":"MioMioRun","description":"Boutique 100% running et trail","publisher":{"@id":"https:\/\/www.miomiorun.com\/fr\/#organization"},"potentialAction":[{"@type":"SearchAction","target":{"@type":"EntryPoint","urlTemplate":"https:\/\/www.miomiorun.com\/fr\/?s={search_term_string}"},"query-input":{"@type":"PropertyValueSpecification","valueRequired":true,"valueName":"search_term_string"}}],"inLanguage":"fr-FR"},{"@type":"Organization","@id":"https:\/\/www.miomiorun.com\/fr\/#organization","name":"MioMio Run","url":"https:\/\/www.miomiorun.com\/fr\/","logo":{"@type":"ImageObject","inLanguage":"fr-FR","@id":"https:\/\/www.miomiorun.com\/fr\/#\/schema\/logo\/image\/","url":"https:\/\/www.miomiorun.com\/app\/uploads\/2019\/12\/logomio.png","contentUrl":"https:\/\/www.miomiorun.com\/app\/uploads\/2019\/12\/logomio.png","width":115,"height":82,"caption":"MioMio Run"},"image":{"@id":"https:\/\/www.miomiorun.com\/fr\/#\/schema\/logo\/image\/"},"sameAs":["https:\/\/www.facebook.com\/miomiorun\/","https:\/\/www.instagram.com\/miomiorun\/"]}]}},"_links":{"self":[{"href":"https:\/\/www.miomiorun.com\/fr\/wp-json\/wp\/v2\/product\/301120","targetHints":{"allow":["GET"]}}],"collection":[{"href":"https:\/\/www.miomiorun.com\/fr\/wp-json\/wp\/v2\/product"}],"about":[{"href":"https:\/\/www.miomiorun.com\/fr\/wp-json\/wp\/v2\/types\/product"}],"wp:featuredmedia":[{"embeddable":true,"href":"https:\/\/www.miomiorun.com\/fr\/wp-json\/wp\/v2\/media\/273571"}],"wp:attachment":[{"href":"https:\/\/www.miomiorun.com\/fr\/wp-json\/wp\/v2\/media?parent=301120"}],"wp:term":[{"taxonomy":"product_brand","embeddable":true,"href":"https:\/\/www.miomiorun.com\/fr\/wp-json\/wp\/v2\/product_brand?post=301120"},{"taxonomy":"product_cat","embeddable":true,"href":"https:\/\/www.miomiorun.com\/fr\/wp-json\/wp\/v2\/product_cat?post=301120"},{"taxonomy":"product_tag","embeddable":true,"href":"https:\/\/www.miomiorun.com\/fr\/wp-json\/wp\/v2\/product_tag?post=301120"}],"curies":[{"name":"wp","href":"https:\/\/api.w.org\/{rel}","templated":true}]}}