{"id":301116,"date":"2025-04-08T11:29:00","date_gmt":"2025-04-08T09:29:00","guid":{"rendered":"https:\/\/miomiorun.com\/prodotto\/core-essence-mesh-singlet-donna\/"},"modified":"2025-05-10T09:43:28","modified_gmt":"2025-05-10T07:43:28","slug":"core-essence-mesh-singlet-femme","status":"publish","type":"product","link":"https:\/\/www.miomiorun.com\/fr\/produit\/core-essence-mesh-singlet-femme\/","title":{"rendered":"Core Essence Mesh Singlet femme"},"content":{"rendered":"<p>Le <strong>singlet<\/strong> <strong>Craft<\/strong> <strong>CORE Essence Mesh<\/strong> est con\u00e7u pour les femmes actives qui recherchent la performance et le confort lors des sorties en plein air et de la course \u00e0 pied.<br \/>\nFabriqu\u00e9 en <strong>polyester recycl\u00e9<\/strong>, ce singlet offre une excellente <strong>respirabilit\u00e9<\/strong> et une gestion optimale de l&#8217;humidit\u00e9. Des empi\u00e8cements <strong>en mesh<\/strong> strat\u00e9giquement plac\u00e9s dans le dos assurent une excellente <strong>ventilation<\/strong>, gardant la peau fra\u00eeche et s\u00e8che, m\u00eame pendant les efforts les plus intenses. La coupe athl\u00e9tique et le design \u00e9l\u00e9gant garantissent une totale <strong>libert\u00e9 de mouvement<\/strong> et un style moderne.<br \/>\nLa composition technique de ce d\u00e9bardeur en fait un alli\u00e9 id\u00e9al pour vos activit\u00e9s sportives. Le polyester recycl\u00e9 est <strong>doux<\/strong> au toucher, <strong>l\u00e9ger<\/strong> et <strong>r\u00e9sistant<\/strong>, pour un confort optimal pendant l&#8217;entra\u00eenement. De plus, cette mati\u00e8re <strong>s\u00e8che rapidement<\/strong>, ce qui vous \u00e9vite d&#8217;avoir froid et d&#8217;\u00eatre mouill\u00e9 apr\u00e8s l&#8217;effort.<br \/>\nAvec le <strong>Singlet CORE Essence Mesh <\/strong>, vous profiterez au maximum de vos s\u00e9ances de course \u00e0 pied et de plein air avec l\u00e9g\u00e8ret\u00e9 et performance.<\/p>\n<p><strong>CARACT\u00c9RISTIQUES TECHNIQUES :<\/strong><\/p>\n<p>&#8211; Maille souple en polyester recycl\u00e9 et \u00e9lasthanne<\/p>\n<p>&#8211; Conception sans couture<\/p>\n<p>&#8211; Encolure c\u00f4tel\u00e9e<\/p>\n<p>&#8211; Emmanchures c\u00f4tel\u00e9es<\/p>\n<p>&#8211; Coupe ajust\u00e9e<\/p>\n","protected":false},"excerpt":{"rendered":"<p>\u2022 Tissu fin et l\u00e9ger fabriqu\u00e9 \u00e0 partir de polyester recycl\u00e9<br \/>\n\u2022 Structure ajust\u00e9e<br \/>\n\u2022 Conception transparente<\/p>\n","protected":false},"featured_media":272353,"template":"","meta":{"_acf_changed":false,"inline_featured_image":false},"product_brand":[],"product_cat":[22598,22596],"product_tag":[23554,23648],"class_list":{"0":"post-301116","1":"product","2":"type-product","3":"status-publish","4":"has-post-thumbnail","6":"product_cat-gilets","7":"product_cat-vetements-pour-femmes","8":"product_tag-craft-fr","9":"product_tag-craft-femme","10":"pa_attivita-marcher","11":"pa_attivita-outdoor-fr","12":"pa_attivita-running-fr","13":"pa_attivita-trail-fr","14":"pa_colore-core-essence-mesh-singlet-w-aster-fr","15":"pa_marca-craft-fr","16":"pa_sesso-femme","17":"pa_size-small-fr","18":"pa_size-medium-fr","19":"pa_size-large-fr","21":"first","22":"instock","23":"sale","24":"taxable","25":"shipping-taxable","26":"purchasable","27":"product-type-variable","28":"wvs-archive-product-wrapper"},"acf":[],"yoast_head":"<!-- This site is optimized with the Yoast SEO plugin v26.8 - https:\/\/yoast.com\/product\/yoast-seo-wordpress\/ -->\n<title>Craft Core Essence Mesh Singlet femme - D\u00e9bardeur de course - MioMioRun<\/title>\n<meta name=\"description\" content=\"D\u00e9bardeur technique ultra-respirant en mesh recycl\u00e9 pour femmes, parfait pour la course \u00e0 pied et l&#039;entra\u00eenement \u00e0 haute intensit\u00e9. L\u00e9g\u00e8ret\u00e9 et fra\u00eecheur toujours au rendez-vous\" \/>\n<meta name=\"robots\" content=\"index, follow, max-snippet:-1, max-image-preview:large, max-video-preview:-1\" \/>\n<link rel=\"canonical\" href=\"https:\/\/www.miomiorun.com\/fr\/produit\/core-essence-mesh-singlet-femme\/\" \/>\n<meta property=\"og:locale\" content=\"fr_FR\" \/>\n<meta property=\"og:type\" content=\"article\" \/>\n<meta property=\"og:title\" content=\"Craft Core Essence Mesh Singlet femme - D\u00e9bardeur de course - MioMioRun\" \/>\n<meta property=\"og:description\" content=\"D\u00e9bardeur technique ultra-respirant en mesh recycl\u00e9 pour femmes, parfait pour la course \u00e0 pied et l&#039;entra\u00eenement \u00e0 haute intensit\u00e9. L\u00e9g\u00e8ret\u00e9 et fra\u00eecheur toujours au rendez-vous\" \/>\n<meta property=\"og:url\" content=\"https:\/\/www.miomiorun.com\/fr\/produit\/core-essence-mesh-singlet-femme\/\" \/>\n<meta property=\"og:site_name\" content=\"MioMioRun\" \/>\n<meta property=\"article:publisher\" content=\"https:\/\/www.facebook.com\/miomiorun\/\" \/>\n<meta property=\"article:modified_time\" content=\"2025-05-10T07:43:28+00:00\" \/>\n<meta property=\"og:image\" content=\"https:\/\/www.miomiorun.com\/app\/uploads\/2025\/04\/craft-Core-essence-mesh-singlet-W-aster-1914698-746000.webp\" \/>\n\t<meta property=\"og:image:width\" content=\"600\" \/>\n\t<meta property=\"og:image:height\" content=\"600\" \/>\n\t<meta property=\"og:image:type\" content=\"image\/webp\" \/>\n<meta name=\"twitter:card\" content=\"summary_large_image\" \/>\n<meta name=\"twitter:label1\" content=\"Est. reading time\" \/>\n\t<meta name=\"twitter:data1\" content=\"1 minute\" \/>\n<script type=\"application\/ld+json\" class=\"yoast-schema-graph\">{\"@context\":\"https:\/\/schema.org\",\"@graph\":[{\"@type\":\"WebPage\",\"@id\":\"https:\/\/www.miomiorun.com\/fr\/produit\/core-essence-mesh-singlet-femme\/\",\"url\":\"https:\/\/www.miomiorun.com\/fr\/produit\/core-essence-mesh-singlet-femme\/\",\"name\":\"Craft Core Essence Mesh Singlet femme - D\u00e9bardeur de course - MioMioRun\",\"isPartOf\":{\"@id\":\"https:\/\/www.miomiorun.com\/fr\/#website\"},\"primaryImageOfPage\":{\"@id\":\"https:\/\/www.miomiorun.com\/fr\/produit\/core-essence-mesh-singlet-femme\/#primaryimage\"},\"image\":{\"@id\":\"https:\/\/www.miomiorun.com\/fr\/produit\/core-essence-mesh-singlet-femme\/#primaryimage\"},\"thumbnailUrl\":\"https:\/\/www.miomiorun.com\/app\/uploads\/2025\/04\/craft-Core-essence-mesh-singlet-W-aster-1914698-746000.webp\",\"datePublished\":\"2025-04-08T09:29:00+00:00\",\"dateModified\":\"2025-05-10T07:43:28+00:00\",\"description\":\"D\u00e9bardeur technique ultra-respirant en mesh recycl\u00e9 pour femmes, parfait pour la course \u00e0 pied et l'entra\u00eenement \u00e0 haute intensit\u00e9. L\u00e9g\u00e8ret\u00e9 et fra\u00eecheur toujours au rendez-vous\",\"breadcrumb\":{\"@id\":\"https:\/\/www.miomiorun.com\/fr\/produit\/core-essence-mesh-singlet-femme\/#breadcrumb\"},\"inLanguage\":\"fr-FR\",\"potentialAction\":[{\"@type\":\"ReadAction\",\"target\":[\"https:\/\/www.miomiorun.com\/fr\/produit\/core-essence-mesh-singlet-femme\/\"]}]},{\"@type\":\"ImageObject\",\"inLanguage\":\"fr-FR\",\"@id\":\"https:\/\/www.miomiorun.com\/fr\/produit\/core-essence-mesh-singlet-femme\/#primaryimage\",\"url\":\"https:\/\/www.miomiorun.com\/app\/uploads\/2025\/04\/craft-Core-essence-mesh-singlet-W-aster-1914698-746000.webp\",\"contentUrl\":\"https:\/\/www.miomiorun.com\/app\/uploads\/2025\/04\/craft-Core-essence-mesh-singlet-W-aster-1914698-746000.webp\",\"width\":600,\"height\":600,\"caption\":\"craft Core essence mesh singlet W aster 1914698-746000\"},{\"@type\":\"BreadcrumbList\",\"@id\":\"https:\/\/www.miomiorun.com\/fr\/produit\/core-essence-mesh-singlet-femme\/#breadcrumb\",\"itemListElement\":[{\"@type\":\"ListItem\",\"position\":1,\"name\":\"Home\",\"item\":\"https:\/\/www.miomiorun.com\/fr\/home-page\/\"},{\"@type\":\"ListItem\",\"position\":2,\"name\":\"Shop\",\"item\":\"https:\/\/www.miomiorun.com\/shop\/\"},{\"@type\":\"ListItem\",\"position\":3,\"name\":\"Core Essence Mesh Singlet femme\"}]},{\"@type\":\"WebSite\",\"@id\":\"https:\/\/www.miomiorun.com\/fr\/#website\",\"url\":\"https:\/\/www.miomiorun.com\/fr\/\",\"name\":\"MioMioRun\",\"description\":\"Boutique 100% running et trail\",\"publisher\":{\"@id\":\"https:\/\/www.miomiorun.com\/fr\/#organization\"},\"potentialAction\":[{\"@type\":\"SearchAction\",\"target\":{\"@type\":\"EntryPoint\",\"urlTemplate\":\"https:\/\/www.miomiorun.com\/fr\/?s={search_term_string}\"},\"query-input\":{\"@type\":\"PropertyValueSpecification\",\"valueRequired\":true,\"valueName\":\"search_term_string\"}}],\"inLanguage\":\"fr-FR\"},{\"@type\":\"Organization\",\"@id\":\"https:\/\/www.miomiorun.com\/fr\/#organization\",\"name\":\"MioMio Run\",\"url\":\"https:\/\/www.miomiorun.com\/fr\/\",\"logo\":{\"@type\":\"ImageObject\",\"inLanguage\":\"fr-FR\",\"@id\":\"https:\/\/www.miomiorun.com\/fr\/#\/schema\/logo\/image\/\",\"url\":\"https:\/\/www.miomiorun.com\/app\/uploads\/2019\/12\/logomio.png\",\"contentUrl\":\"https:\/\/www.miomiorun.com\/app\/uploads\/2019\/12\/logomio.png\",\"width\":115,\"height\":82,\"caption\":\"MioMio Run\"},\"image\":{\"@id\":\"https:\/\/www.miomiorun.com\/fr\/#\/schema\/logo\/image\/\"},\"sameAs\":[\"https:\/\/www.facebook.com\/miomiorun\/\",\"https:\/\/www.instagram.com\/miomiorun\/\"]}]}<\/script>\n<!-- \/ Yoast SEO plugin. -->","yoast_head_json":{"title":"Craft Core Essence Mesh Singlet femme - D\u00e9bardeur de course - MioMioRun","description":"D\u00e9bardeur technique ultra-respirant en mesh recycl\u00e9 pour femmes, parfait pour la course \u00e0 pied et l'entra\u00eenement \u00e0 haute intensit\u00e9. L\u00e9g\u00e8ret\u00e9 et fra\u00eecheur toujours au rendez-vous","robots":{"index":"index","follow":"follow","max-snippet":"max-snippet:-1","max-image-preview":"max-image-preview:large","max-video-preview":"max-video-preview:-1"},"canonical":"https:\/\/www.miomiorun.com\/fr\/produit\/core-essence-mesh-singlet-femme\/","og_locale":"fr_FR","og_type":"article","og_title":"Craft Core Essence Mesh Singlet femme - D\u00e9bardeur de course - MioMioRun","og_description":"D\u00e9bardeur technique ultra-respirant en mesh recycl\u00e9 pour femmes, parfait pour la course \u00e0 pied et l'entra\u00eenement \u00e0 haute intensit\u00e9. L\u00e9g\u00e8ret\u00e9 et fra\u00eecheur toujours au rendez-vous","og_url":"https:\/\/www.miomiorun.com\/fr\/produit\/core-essence-mesh-singlet-femme\/","og_site_name":"MioMioRun","article_publisher":"https:\/\/www.facebook.com\/miomiorun\/","article_modified_time":"2025-05-10T07:43:28+00:00","og_image":[{"width":600,"height":600,"url":"https:\/\/www.miomiorun.com\/app\/uploads\/2025\/04\/craft-Core-essence-mesh-singlet-W-aster-1914698-746000.webp","type":"image\/webp"}],"twitter_card":"summary_large_image","twitter_misc":{"Est. reading time":"1 minute"},"schema":{"@context":"https:\/\/schema.org","@graph":[{"@type":"WebPage","@id":"https:\/\/www.miomiorun.com\/fr\/produit\/core-essence-mesh-singlet-femme\/","url":"https:\/\/www.miomiorun.com\/fr\/produit\/core-essence-mesh-singlet-femme\/","name":"Craft Core Essence Mesh Singlet femme - D\u00e9bardeur de course - MioMioRun","isPartOf":{"@id":"https:\/\/www.miomiorun.com\/fr\/#website"},"primaryImageOfPage":{"@id":"https:\/\/www.miomiorun.com\/fr\/produit\/core-essence-mesh-singlet-femme\/#primaryimage"},"image":{"@id":"https:\/\/www.miomiorun.com\/fr\/produit\/core-essence-mesh-singlet-femme\/#primaryimage"},"thumbnailUrl":"https:\/\/www.miomiorun.com\/app\/uploads\/2025\/04\/craft-Core-essence-mesh-singlet-W-aster-1914698-746000.webp","datePublished":"2025-04-08T09:29:00+00:00","dateModified":"2025-05-10T07:43:28+00:00","description":"D\u00e9bardeur technique ultra-respirant en mesh recycl\u00e9 pour femmes, parfait pour la course \u00e0 pied et l'entra\u00eenement \u00e0 haute intensit\u00e9. L\u00e9g\u00e8ret\u00e9 et fra\u00eecheur toujours au rendez-vous","breadcrumb":{"@id":"https:\/\/www.miomiorun.com\/fr\/produit\/core-essence-mesh-singlet-femme\/#breadcrumb"},"inLanguage":"fr-FR","potentialAction":[{"@type":"ReadAction","target":["https:\/\/www.miomiorun.com\/fr\/produit\/core-essence-mesh-singlet-femme\/"]}]},{"@type":"ImageObject","inLanguage":"fr-FR","@id":"https:\/\/www.miomiorun.com\/fr\/produit\/core-essence-mesh-singlet-femme\/#primaryimage","url":"https:\/\/www.miomiorun.com\/app\/uploads\/2025\/04\/craft-Core-essence-mesh-singlet-W-aster-1914698-746000.webp","contentUrl":"https:\/\/www.miomiorun.com\/app\/uploads\/2025\/04\/craft-Core-essence-mesh-singlet-W-aster-1914698-746000.webp","width":600,"height":600,"caption":"craft Core essence mesh singlet W aster 1914698-746000"},{"@type":"BreadcrumbList","@id":"https:\/\/www.miomiorun.com\/fr\/produit\/core-essence-mesh-singlet-femme\/#breadcrumb","itemListElement":[{"@type":"ListItem","position":1,"name":"Home","item":"https:\/\/www.miomiorun.com\/fr\/home-page\/"},{"@type":"ListItem","position":2,"name":"Shop","item":"https:\/\/www.miomiorun.com\/shop\/"},{"@type":"ListItem","position":3,"name":"Core Essence Mesh Singlet femme"}]},{"@type":"WebSite","@id":"https:\/\/www.miomiorun.com\/fr\/#website","url":"https:\/\/www.miomiorun.com\/fr\/","name":"MioMioRun","description":"Boutique 100% running et trail","publisher":{"@id":"https:\/\/www.miomiorun.com\/fr\/#organization"},"potentialAction":[{"@type":"SearchAction","target":{"@type":"EntryPoint","urlTemplate":"https:\/\/www.miomiorun.com\/fr\/?s={search_term_string}"},"query-input":{"@type":"PropertyValueSpecification","valueRequired":true,"valueName":"search_term_string"}}],"inLanguage":"fr-FR"},{"@type":"Organization","@id":"https:\/\/www.miomiorun.com\/fr\/#organization","name":"MioMio Run","url":"https:\/\/www.miomiorun.com\/fr\/","logo":{"@type":"ImageObject","inLanguage":"fr-FR","@id":"https:\/\/www.miomiorun.com\/fr\/#\/schema\/logo\/image\/","url":"https:\/\/www.miomiorun.com\/app\/uploads\/2019\/12\/logomio.png","contentUrl":"https:\/\/www.miomiorun.com\/app\/uploads\/2019\/12\/logomio.png","width":115,"height":82,"caption":"MioMio Run"},"image":{"@id":"https:\/\/www.miomiorun.com\/fr\/#\/schema\/logo\/image\/"},"sameAs":["https:\/\/www.facebook.com\/miomiorun\/","https:\/\/www.instagram.com\/miomiorun\/"]}]}},"_links":{"self":[{"href":"https:\/\/www.miomiorun.com\/fr\/wp-json\/wp\/v2\/product\/301116","targetHints":{"allow":["GET"]}}],"collection":[{"href":"https:\/\/www.miomiorun.com\/fr\/wp-json\/wp\/v2\/product"}],"about":[{"href":"https:\/\/www.miomiorun.com\/fr\/wp-json\/wp\/v2\/types\/product"}],"wp:featuredmedia":[{"embeddable":true,"href":"https:\/\/www.miomiorun.com\/fr\/wp-json\/wp\/v2\/media\/272353"}],"wp:attachment":[{"href":"https:\/\/www.miomiorun.com\/fr\/wp-json\/wp\/v2\/media?parent=301116"}],"wp:term":[{"taxonomy":"product_brand","embeddable":true,"href":"https:\/\/www.miomiorun.com\/fr\/wp-json\/wp\/v2\/product_brand?post=301116"},{"taxonomy":"product_cat","embeddable":true,"href":"https:\/\/www.miomiorun.com\/fr\/wp-json\/wp\/v2\/product_cat?post=301116"},{"taxonomy":"product_tag","embeddable":true,"href":"https:\/\/www.miomiorun.com\/fr\/wp-json\/wp\/v2\/product_tag?post=301116"}],"curies":[{"name":"wp","href":"https:\/\/api.w.org\/{rel}","templated":true}]}}