{"id":301114,"date":"2025-04-08T11:10:56","date_gmt":"2025-04-08T09:10:56","guid":{"rendered":"https:\/\/miomiorun.com\/prodotto\/rise-maglia-uomo\/"},"modified":"2025-05-10T09:42:30","modified_gmt":"2025-05-10T07:42:30","slug":"rise-maglia-homme","status":"publish","type":"product","link":"https:\/\/www.miomiorun.com\/fr\/produit\/rise-maglia-homme\/","title":{"rendered":"Rise Maglia homme"},"content":{"rendered":"<p class=\"\" data-end=\"522\" data-start=\"224\">Affrontez toutes les saisons avec le <strong data-end=\"277\" data-start=\"254\">Men&#8217;s Rise Jersey<\/strong>, une couche interm\u00e9diaire technique con\u00e7ue pour le trekking, l&#8217;escalade et les activit\u00e9s de plein air les plus exigeantes. Fabriqu\u00e9 en <strong data-end=\"417\" data-start=\"392\">Polartec\u00ae Power Grid\u2122<\/strong> avec du <strong data-end=\"446\" data-start=\"422\">polyester recycl\u00e9<\/strong>, il garantit un \u00e9quilibre parfait entre chaleur, respirabilit\u00e9 et l\u00e9g\u00e8ret\u00e9.<\/p>\n<p class=\"\" data-end=\"917\" data-start=\"524\">La <strong data-end=\"550\" data-start=\"527\">structure quadrill\u00e9e<\/strong> du tissu favorise la dispersion de la transpiration et maintient une temp\u00e9rature corporelle constante, m\u00eame en p\u00e9riode d&#8217;effort accru. Le traitement <strong data-end=\"710\" data-start=\"696\">Fresh Face \u00e0<\/strong> base de plantes r\u00e9duit les odeurs d\u00e9sagr\u00e9ables, ce qui permet de porter le v\u00eatement plus longtemps avec moins de lavages. De plus, le tissu offre une protection <strong data-end=\"860\" data-start=\"849\">UPF 15+<\/strong> contre les rayons UV, id\u00e9ale pour les altitudes les plus expos\u00e9es.<\/p>\n<p class=\"\" data-end=\"1111\" data-start=\"919\">Les empi\u00e8cements <strong data-end=\"968\" data-start=\"934\">en polaire stretch contrast\u00e9e<\/strong> suivent vos mouvements pour une libert\u00e9 absolue, tandis que les <strong data-end=\"1048\" data-start=\"1030\">poches zipp\u00e9es<\/strong> sont parfaites pour garder les petits objets essentiels en s\u00e9curit\u00e9.<\/p>\n<h3 class=\"\" data-end=\"1153\" data-start=\"1118\"><strong data-end=\"1153\" data-start=\"1122\">Caract\u00e9ristiques principales :<\/strong><\/h3>\n<ul data-end=\"1464\" data-start=\"1155\">\n<li class=\"\" data-end=\"1203\" data-start=\"1155\">\n<p class=\"\" data-end=\"1203\" data-start=\"1157\">Couche interm\u00e9diaire technique en <strong data-end=\"1203\" data-start=\"1178\">Polartec\u00ae Power Grid\u2122<\/strong>.<\/p>\n<\/li>\n<li class=\"\" data-end=\"1284\" data-start=\"1204\">\n<p class=\"\" data-end=\"1284\" data-start=\"1206\"><strong data-end=\"1229\" data-start=\"1206\">Tissu respirant<\/strong> et \u00e0 s\u00e9chage rapide avec protection solaire UPF 15+.<\/p>\n<\/li>\n<li class=\"\" data-end=\"1340\" data-start=\"1285\">\n<p class=\"\" data-end=\"1340\" data-start=\"1287\"><strong data-end=\"1313\" data-start=\"1287\">Traitement anti-odeur<\/strong> Fresh Face \u00e0 base de plantes<\/p>\n<\/li>\n<li class=\"\" data-end=\"1391\" data-start=\"1341\">\n<p class=\"\" data-end=\"1391\" data-start=\"1343\">Inserts en polaire extensible pour une <strong data-end=\"1391\" data-start=\"1371\">mobilit\u00e9 maximale<\/strong><\/p>\n<\/li>\n<li class=\"\" data-end=\"1446\" data-start=\"1392\">\n<p class=\"\" data-end=\"1446\" data-start=\"1394\">Fermeture \u00e0 glissi\u00e8re sur le devant et <strong data-end=\"1446\" data-start=\"1419\">deux poches zipp\u00e9es pour les mains<\/strong><\/p>\n<\/li>\n<li class=\"\" data-end=\"1464\" data-start=\"1447\">\n<p class=\"\" data-end=\"1464\" data-start=\"1449\"><strong data-end=\"1464\" data-start=\"1449\">Poids : 290 g<\/strong><\/p>\n<\/li>\n<\/ul>\n","protected":false},"excerpt":{"rendered":"<ul>\n<li>Couche interm\u00e9diaire thermor\u00e9gulatrice<\/li>\n<li>Pour faire du trekking toute l&#8217;ann\u00e9e<\/li>\n<\/ul>\n","protected":false},"featured_media":273282,"template":"","meta":{"_acf_changed":false,"inline_featured_image":false},"product_brand":[],"product_cat":[24478,24482],"product_tag":[23512,23524],"class_list":{"0":"post-301114","1":"product","2":"type-product","3":"status-publish","4":"has-post-thumbnail","6":"product_cat-maillots-fr-2","7":"product_cat-vetements-pour-hommes-fr","8":"product_tag-montura-fr","9":"product_tag-montura-homme","10":"pa_attivita-marcher","11":"pa_attivita-outdoor-fr","12":"pa_colore-rise-maglia-black-sunny-lime-fr","13":"pa_marca-montura-fr","14":"pa_sesso-homme","15":"pa_size-medium-fr","16":"pa_size-extra-large-fr","18":"first","19":"instock","20":"sale","21":"taxable","22":"shipping-taxable","23":"purchasable","24":"product-type-variable","25":"wvs-archive-product-wrapper"},"acf":[],"yoast_head":"<!-- This site is optimized with the Yoast SEO plugin v26.8 - https:\/\/yoast.com\/product\/yoast-seo-wordpress\/ -->\n<title>Montura Rise Maglia homme - chemise de course - MioMioRun.com<\/title>\n<meta name=\"description\" content=\"Maillot technique pour homme en Polartec\u00ae Power Grid\u2122, id\u00e9al pour le trekking et l&#039;escalade. Respirant, r\u00e9gulateur de temp\u00e9rature et anti-odeur, pour le confort et la libert\u00e9 de mouvement.\" \/>\n<meta name=\"robots\" content=\"index, follow, max-snippet:-1, max-image-preview:large, max-video-preview:-1\" \/>\n<link rel=\"canonical\" href=\"https:\/\/www.miomiorun.com\/fr\/produit\/rise-maglia-homme\/\" \/>\n<meta property=\"og:locale\" content=\"fr_FR\" \/>\n<meta property=\"og:type\" content=\"article\" \/>\n<meta property=\"og:title\" content=\"Montura Rise Maglia homme - chemise de course - MioMioRun.com\" \/>\n<meta property=\"og:description\" content=\"Maillot technique pour homme en Polartec\u00ae Power Grid\u2122, id\u00e9al pour le trekking et l&#039;escalade. Respirant, r\u00e9gulateur de temp\u00e9rature et anti-odeur, pour le confort et la libert\u00e9 de mouvement.\" \/>\n<meta property=\"og:url\" content=\"https:\/\/www.miomiorun.com\/fr\/produit\/rise-maglia-homme\/\" \/>\n<meta property=\"og:site_name\" content=\"MioMioRun\" \/>\n<meta property=\"article:publisher\" content=\"https:\/\/www.facebook.com\/miomiorun\/\" \/>\n<meta property=\"article:modified_time\" content=\"2025-05-10T07:42:30+00:00\" \/>\n<meta property=\"og:image\" content=\"https:\/\/www.miomiorun.com\/app\/uploads\/2025\/04\/montura-Rise-maglia-black-sunny-lime-MMAP20X.90202.webp\" \/>\n\t<meta property=\"og:image:width\" content=\"600\" \/>\n\t<meta property=\"og:image:height\" content=\"600\" \/>\n\t<meta property=\"og:image:type\" content=\"image\/webp\" \/>\n<meta name=\"twitter:card\" content=\"summary_large_image\" \/>\n<meta name=\"twitter:label1\" content=\"Est. reading time\" \/>\n\t<meta name=\"twitter:data1\" content=\"1 minute\" \/>\n<script type=\"application\/ld+json\" class=\"yoast-schema-graph\">{\"@context\":\"https:\/\/schema.org\",\"@graph\":[{\"@type\":\"WebPage\",\"@id\":\"https:\/\/www.miomiorun.com\/fr\/produit\/rise-maglia-homme\/\",\"url\":\"https:\/\/www.miomiorun.com\/fr\/produit\/rise-maglia-homme\/\",\"name\":\"Montura Rise Maglia homme - chemise de course - MioMioRun.com\",\"isPartOf\":{\"@id\":\"https:\/\/www.miomiorun.com\/fr\/#website\"},\"primaryImageOfPage\":{\"@id\":\"https:\/\/www.miomiorun.com\/fr\/produit\/rise-maglia-homme\/#primaryimage\"},\"image\":{\"@id\":\"https:\/\/www.miomiorun.com\/fr\/produit\/rise-maglia-homme\/#primaryimage\"},\"thumbnailUrl\":\"https:\/\/www.miomiorun.com\/app\/uploads\/2025\/04\/montura-Rise-maglia-black-sunny-lime-MMAP20X.90202.webp\",\"datePublished\":\"2025-04-08T09:10:56+00:00\",\"dateModified\":\"2025-05-10T07:42:30+00:00\",\"description\":\"Maillot technique pour homme en Polartec\u00ae Power Grid\u2122, id\u00e9al pour le trekking et l'escalade. Respirant, r\u00e9gulateur de temp\u00e9rature et anti-odeur, pour le confort et la libert\u00e9 de mouvement.\",\"breadcrumb\":{\"@id\":\"https:\/\/www.miomiorun.com\/fr\/produit\/rise-maglia-homme\/#breadcrumb\"},\"inLanguage\":\"fr-FR\",\"potentialAction\":[{\"@type\":\"ReadAction\",\"target\":[\"https:\/\/www.miomiorun.com\/fr\/produit\/rise-maglia-homme\/\"]}]},{\"@type\":\"ImageObject\",\"inLanguage\":\"fr-FR\",\"@id\":\"https:\/\/www.miomiorun.com\/fr\/produit\/rise-maglia-homme\/#primaryimage\",\"url\":\"https:\/\/www.miomiorun.com\/app\/uploads\/2025\/04\/montura-Rise-maglia-black-sunny-lime-MMAP20X.90202.webp\",\"contentUrl\":\"https:\/\/www.miomiorun.com\/app\/uploads\/2025\/04\/montura-Rise-maglia-black-sunny-lime-MMAP20X.90202.webp\",\"width\":600,\"height\":600,\"caption\":\"montura Rise maglia black sunny lime MMAP20X.90202\"},{\"@type\":\"BreadcrumbList\",\"@id\":\"https:\/\/www.miomiorun.com\/fr\/produit\/rise-maglia-homme\/#breadcrumb\",\"itemListElement\":[{\"@type\":\"ListItem\",\"position\":1,\"name\":\"Home\",\"item\":\"https:\/\/www.miomiorun.com\/fr\/home-page\/\"},{\"@type\":\"ListItem\",\"position\":2,\"name\":\"Shop\",\"item\":\"https:\/\/www.miomiorun.com\/shop\/\"},{\"@type\":\"ListItem\",\"position\":3,\"name\":\"Rise Maglia homme\"}]},{\"@type\":\"WebSite\",\"@id\":\"https:\/\/www.miomiorun.com\/fr\/#website\",\"url\":\"https:\/\/www.miomiorun.com\/fr\/\",\"name\":\"MioMioRun\",\"description\":\"Boutique 100% running et trail\",\"publisher\":{\"@id\":\"https:\/\/www.miomiorun.com\/fr\/#organization\"},\"potentialAction\":[{\"@type\":\"SearchAction\",\"target\":{\"@type\":\"EntryPoint\",\"urlTemplate\":\"https:\/\/www.miomiorun.com\/fr\/?s={search_term_string}\"},\"query-input\":{\"@type\":\"PropertyValueSpecification\",\"valueRequired\":true,\"valueName\":\"search_term_string\"}}],\"inLanguage\":\"fr-FR\"},{\"@type\":\"Organization\",\"@id\":\"https:\/\/www.miomiorun.com\/fr\/#organization\",\"name\":\"MioMio Run\",\"url\":\"https:\/\/www.miomiorun.com\/fr\/\",\"logo\":{\"@type\":\"ImageObject\",\"inLanguage\":\"fr-FR\",\"@id\":\"https:\/\/www.miomiorun.com\/fr\/#\/schema\/logo\/image\/\",\"url\":\"https:\/\/www.miomiorun.com\/app\/uploads\/2019\/12\/logomio.png\",\"contentUrl\":\"https:\/\/www.miomiorun.com\/app\/uploads\/2019\/12\/logomio.png\",\"width\":115,\"height\":82,\"caption\":\"MioMio Run\"},\"image\":{\"@id\":\"https:\/\/www.miomiorun.com\/fr\/#\/schema\/logo\/image\/\"},\"sameAs\":[\"https:\/\/www.facebook.com\/miomiorun\/\",\"https:\/\/www.instagram.com\/miomiorun\/\"]}]}<\/script>\n<!-- \/ Yoast SEO plugin. -->","yoast_head_json":{"title":"Montura Rise Maglia homme - chemise de course - MioMioRun.com","description":"Maillot technique pour homme en Polartec\u00ae Power Grid\u2122, id\u00e9al pour le trekking et l'escalade. Respirant, r\u00e9gulateur de temp\u00e9rature et anti-odeur, pour le confort et la libert\u00e9 de mouvement.","robots":{"index":"index","follow":"follow","max-snippet":"max-snippet:-1","max-image-preview":"max-image-preview:large","max-video-preview":"max-video-preview:-1"},"canonical":"https:\/\/www.miomiorun.com\/fr\/produit\/rise-maglia-homme\/","og_locale":"fr_FR","og_type":"article","og_title":"Montura Rise Maglia homme - chemise de course - MioMioRun.com","og_description":"Maillot technique pour homme en Polartec\u00ae Power Grid\u2122, id\u00e9al pour le trekking et l'escalade. Respirant, r\u00e9gulateur de temp\u00e9rature et anti-odeur, pour le confort et la libert\u00e9 de mouvement.","og_url":"https:\/\/www.miomiorun.com\/fr\/produit\/rise-maglia-homme\/","og_site_name":"MioMioRun","article_publisher":"https:\/\/www.facebook.com\/miomiorun\/","article_modified_time":"2025-05-10T07:42:30+00:00","og_image":[{"width":600,"height":600,"url":"https:\/\/www.miomiorun.com\/app\/uploads\/2025\/04\/montura-Rise-maglia-black-sunny-lime-MMAP20X.90202.webp","type":"image\/webp"}],"twitter_card":"summary_large_image","twitter_misc":{"Est. reading time":"1 minute"},"schema":{"@context":"https:\/\/schema.org","@graph":[{"@type":"WebPage","@id":"https:\/\/www.miomiorun.com\/fr\/produit\/rise-maglia-homme\/","url":"https:\/\/www.miomiorun.com\/fr\/produit\/rise-maglia-homme\/","name":"Montura Rise Maglia homme - chemise de course - MioMioRun.com","isPartOf":{"@id":"https:\/\/www.miomiorun.com\/fr\/#website"},"primaryImageOfPage":{"@id":"https:\/\/www.miomiorun.com\/fr\/produit\/rise-maglia-homme\/#primaryimage"},"image":{"@id":"https:\/\/www.miomiorun.com\/fr\/produit\/rise-maglia-homme\/#primaryimage"},"thumbnailUrl":"https:\/\/www.miomiorun.com\/app\/uploads\/2025\/04\/montura-Rise-maglia-black-sunny-lime-MMAP20X.90202.webp","datePublished":"2025-04-08T09:10:56+00:00","dateModified":"2025-05-10T07:42:30+00:00","description":"Maillot technique pour homme en Polartec\u00ae Power Grid\u2122, id\u00e9al pour le trekking et l'escalade. Respirant, r\u00e9gulateur de temp\u00e9rature et anti-odeur, pour le confort et la libert\u00e9 de mouvement.","breadcrumb":{"@id":"https:\/\/www.miomiorun.com\/fr\/produit\/rise-maglia-homme\/#breadcrumb"},"inLanguage":"fr-FR","potentialAction":[{"@type":"ReadAction","target":["https:\/\/www.miomiorun.com\/fr\/produit\/rise-maglia-homme\/"]}]},{"@type":"ImageObject","inLanguage":"fr-FR","@id":"https:\/\/www.miomiorun.com\/fr\/produit\/rise-maglia-homme\/#primaryimage","url":"https:\/\/www.miomiorun.com\/app\/uploads\/2025\/04\/montura-Rise-maglia-black-sunny-lime-MMAP20X.90202.webp","contentUrl":"https:\/\/www.miomiorun.com\/app\/uploads\/2025\/04\/montura-Rise-maglia-black-sunny-lime-MMAP20X.90202.webp","width":600,"height":600,"caption":"montura Rise maglia black sunny lime MMAP20X.90202"},{"@type":"BreadcrumbList","@id":"https:\/\/www.miomiorun.com\/fr\/produit\/rise-maglia-homme\/#breadcrumb","itemListElement":[{"@type":"ListItem","position":1,"name":"Home","item":"https:\/\/www.miomiorun.com\/fr\/home-page\/"},{"@type":"ListItem","position":2,"name":"Shop","item":"https:\/\/www.miomiorun.com\/shop\/"},{"@type":"ListItem","position":3,"name":"Rise Maglia homme"}]},{"@type":"WebSite","@id":"https:\/\/www.miomiorun.com\/fr\/#website","url":"https:\/\/www.miomiorun.com\/fr\/","name":"MioMioRun","description":"Boutique 100% running et trail","publisher":{"@id":"https:\/\/www.miomiorun.com\/fr\/#organization"},"potentialAction":[{"@type":"SearchAction","target":{"@type":"EntryPoint","urlTemplate":"https:\/\/www.miomiorun.com\/fr\/?s={search_term_string}"},"query-input":{"@type":"PropertyValueSpecification","valueRequired":true,"valueName":"search_term_string"}}],"inLanguage":"fr-FR"},{"@type":"Organization","@id":"https:\/\/www.miomiorun.com\/fr\/#organization","name":"MioMio Run","url":"https:\/\/www.miomiorun.com\/fr\/","logo":{"@type":"ImageObject","inLanguage":"fr-FR","@id":"https:\/\/www.miomiorun.com\/fr\/#\/schema\/logo\/image\/","url":"https:\/\/www.miomiorun.com\/app\/uploads\/2019\/12\/logomio.png","contentUrl":"https:\/\/www.miomiorun.com\/app\/uploads\/2019\/12\/logomio.png","width":115,"height":82,"caption":"MioMio Run"},"image":{"@id":"https:\/\/www.miomiorun.com\/fr\/#\/schema\/logo\/image\/"},"sameAs":["https:\/\/www.facebook.com\/miomiorun\/","https:\/\/www.instagram.com\/miomiorun\/"]}]}},"_links":{"self":[{"href":"https:\/\/www.miomiorun.com\/fr\/wp-json\/wp\/v2\/product\/301114","targetHints":{"allow":["GET"]}}],"collection":[{"href":"https:\/\/www.miomiorun.com\/fr\/wp-json\/wp\/v2\/product"}],"about":[{"href":"https:\/\/www.miomiorun.com\/fr\/wp-json\/wp\/v2\/types\/product"}],"wp:featuredmedia":[{"embeddable":true,"href":"https:\/\/www.miomiorun.com\/fr\/wp-json\/wp\/v2\/media\/273282"}],"wp:attachment":[{"href":"https:\/\/www.miomiorun.com\/fr\/wp-json\/wp\/v2\/media?parent=301114"}],"wp:term":[{"taxonomy":"product_brand","embeddable":true,"href":"https:\/\/www.miomiorun.com\/fr\/wp-json\/wp\/v2\/product_brand?post=301114"},{"taxonomy":"product_cat","embeddable":true,"href":"https:\/\/www.miomiorun.com\/fr\/wp-json\/wp\/v2\/product_cat?post=301114"},{"taxonomy":"product_tag","embeddable":true,"href":"https:\/\/www.miomiorun.com\/fr\/wp-json\/wp\/v2\/product_tag?post=301114"}],"curies":[{"name":"wp","href":"https:\/\/api.w.org\/{rel}","templated":true}]}}