{"id":301083,"date":"2025-04-08T19:07:57","date_gmt":"2025-04-08T17:07:57","guid":{"rendered":"https:\/\/miomiorun.com\/prodotto\/upland-3l-hooded-jacket-donna\/"},"modified":"2026-05-08T22:39:23","modified_gmt":"2026-05-08T20:39:23","slug":"upland-3l-hooded-jacket-femme","status":"publish","type":"product","link":"https:\/\/www.miomiorun.com\/fr\/produit\/upland-3l-hooded-jacket-femme\/","title":{"rendered":"Upland 3L hooded jacket femme"},"content":{"rendered":"<p>La <strong>Upland 3L Hooded Jacket<\/strong> de Montura est une veste imperm\u00e9able qui vous permet d&#8217;affronter tous les sentiers, m\u00eame sous une pluie battante. Fabriqu\u00e9e dans un tissu <strong>Pro-Meteo \u00e0 trois couches<\/strong> et dot\u00e9e d&#8217;une membrane <strong>20K\/10K<\/strong>, elle vous garantit une protection totale contre la pluie et la neige, en gardant votre corps au sec quelles que soient les conditions m\u00e9t\u00e9orologiques. Le <strong>nylon micro-ripstop recycl\u00e9<\/strong> r\u00e9siste \u00e0 l&#8217;abrasion et offre une durabilit\u00e9 extraordinaire, tandis que le traitement <strong>DWR sans PFAS<\/strong> offre une protection \u00e9cologique contre l&#8217;humidit\u00e9.<\/p>\n<p>La <strong>capuche ajustable<\/strong> est compatible avec un casque et peut \u00eatre adapt\u00e9e pour un ajustement s\u00fbr, tandis que l&#8217;<strong>ourlet \u00e9lastique<\/strong> et les <strong>poignets \u00e0 velcro<\/strong> garantissent que la veste reste toujours en place, m\u00eame dans les conditions les plus difficiles. Avec une <strong>protection solaire UPF 50+<\/strong>, c&#8217;est le v\u00eatement id\u00e9al pour les randonn\u00e9es en haute altitude. Il offre \u00e9galement une ventilation strat\u00e9gique gr\u00e2ce \u00e0 sa construction <strong>respirante<\/strong> qui aide \u00e0 maintenir une temp\u00e9rature corporelle optimale.<\/p>\n<p>Lorsque vous ne la portez pas, vous pouvez <strong>la replier facilement<\/strong> dans sa poche zipp\u00e9e, ce qui r\u00e9duit au minimum l&#8217;espace occup\u00e9 dans votre sac \u00e0 dos. Sa conception <strong>\u00e9lastique<\/strong> vous enveloppe comme une seconde peau, vous garantissant un confort sup\u00e9rieur \u00e0 chaque mouvement. Fabriqu\u00e9e \u00e0 partir de <strong>mat\u00e9riaux recycl\u00e9s<\/strong>, cette veste respecte l&#8217;environnement en r\u00e9duisant l&#8217;utilisation de ressources vierges.<\/p>\n<p>Avec un poids de seulement <strong>280 g<\/strong>, cette veste est le choix id\u00e9al pour ceux qui recherchent une protection l\u00e9g\u00e8re et hautement performante dans les conditions les plus extr\u00eames.<\/p>\n<p>&nbsp;<\/p>\n<p>Explorez la nature sans compromis avec la <strong>Upland 3L Hooded Jacket<\/strong> : r\u00e9sistante, l\u00e9g\u00e8re et con\u00e7ue pour vous prot\u00e9ger dans toutes les conditions.<\/p>\n<p>&nbsp;<\/p>\n","protected":false},"excerpt":{"rendered":"<ul>\n<li>Imperm\u00e9able<\/li>\n<li>Respirant<\/li>\n<li>Compressible<\/li>\n<li>\u00c9lastique<\/li>\n<li>Mat\u00e9riaux recycl\u00e9s<\/li>\n<\/ul>\n","protected":false},"featured_media":273321,"template":"","meta":{"_acf_changed":false,"inline_featured_image":false},"product_brand":[],"product_cat":[22599,22596],"product_tag":[23512,23514],"class_list":{"0":"post-301083","1":"product","2":"type-product","3":"status-publish","4":"has-post-thumbnail","6":"product_cat-vestes","7":"product_cat-vetements-pour-femmes","8":"product_tag-montura-fr","9":"product_tag-montura-femme","10":"pa_attivita-lifestyle-fr","11":"pa_attivita-marcher","12":"pa_attivita-outdoor-fr","13":"pa_colore-upland-3l-hooded-jacket-w-baton-rouge-vnaccia-fr","14":"pa_marca-montura-fr","15":"pa_sesso-femme","16":"pa_size-extra-small-fr","17":"pa_size-small-fr","18":"pa_size-large-fr","20":"first","21":"instock","22":"sale","23":"taxable","24":"shipping-taxable","25":"purchasable","26":"product-type-variable","27":"wvs-archive-product-wrapper"},"acf":[],"yoast_head":"<!-- This site is optimized with the Yoast SEO plugin v26.8 - https:\/\/yoast.com\/product\/yoast-seo-wordpress\/ -->\n<title>Montura Upland 3L hooded jacket femme - Veste femme - MioMioRun<\/title>\n<meta name=\"description\" content=\"La veste \u00e0 capuche Upland 3L de Montura est une veste imperm\u00e9able, l\u00e9g\u00e8re, respirante et compressible lorsque vous n&#039;en avez pas besoin. D\u00e9couvrez-la sur notre site web.\" \/>\n<meta name=\"robots\" content=\"index, follow, max-snippet:-1, max-image-preview:large, max-video-preview:-1\" \/>\n<link rel=\"canonical\" href=\"https:\/\/www.miomiorun.com\/fr\/produit\/upland-3l-hooded-jacket-femme\/\" \/>\n<meta property=\"og:locale\" content=\"fr_FR\" \/>\n<meta property=\"og:type\" content=\"article\" \/>\n<meta property=\"og:title\" content=\"Montura Upland 3L hooded jacket femme - Veste femme - MioMioRun\" \/>\n<meta property=\"og:description\" content=\"La veste \u00e0 capuche Upland 3L de Montura est une veste imperm\u00e9able, l\u00e9g\u00e8re, respirante et compressible lorsque vous n&#039;en avez pas besoin. D\u00e9couvrez-la sur notre site web.\" \/>\n<meta property=\"og:url\" content=\"https:\/\/www.miomiorun.com\/fr\/produit\/upland-3l-hooded-jacket-femme\/\" \/>\n<meta property=\"og:site_name\" content=\"MioMioRun\" \/>\n<meta property=\"article:publisher\" content=\"https:\/\/www.facebook.com\/miomiorun\/\" \/>\n<meta property=\"article:modified_time\" content=\"2026-05-08T20:39:23+00:00\" \/>\n<meta property=\"og:image\" content=\"https:\/\/www.miomiorun.com\/app\/uploads\/2025\/04\/montura-Upland-3L-hooded-jacket-W-baton-rouge-vinaccia-MJAT54W.59514.webp\" \/>\n\t<meta property=\"og:image:width\" content=\"600\" \/>\n\t<meta property=\"og:image:height\" content=\"600\" \/>\n\t<meta property=\"og:image:type\" content=\"image\/webp\" \/>\n<meta name=\"twitter:card\" content=\"summary_large_image\" \/>\n<meta name=\"twitter:label1\" content=\"Est. reading time\" \/>\n\t<meta name=\"twitter:data1\" content=\"1 minute\" \/>\n<script type=\"application\/ld+json\" class=\"yoast-schema-graph\">{\"@context\":\"https:\/\/schema.org\",\"@graph\":[{\"@type\":\"WebPage\",\"@id\":\"https:\/\/www.miomiorun.com\/fr\/produit\/upland-3l-hooded-jacket-femme\/\",\"url\":\"https:\/\/www.miomiorun.com\/fr\/produit\/upland-3l-hooded-jacket-femme\/\",\"name\":\"Montura Upland 3L hooded jacket femme - Veste femme - MioMioRun\",\"isPartOf\":{\"@id\":\"https:\/\/www.miomiorun.com\/fr\/#website\"},\"primaryImageOfPage\":{\"@id\":\"https:\/\/www.miomiorun.com\/fr\/produit\/upland-3l-hooded-jacket-femme\/#primaryimage\"},\"image\":{\"@id\":\"https:\/\/www.miomiorun.com\/fr\/produit\/upland-3l-hooded-jacket-femme\/#primaryimage\"},\"thumbnailUrl\":\"https:\/\/www.miomiorun.com\/app\/uploads\/2025\/04\/montura-Upland-3L-hooded-jacket-W-baton-rouge-vinaccia-MJAT54W.59514.webp\",\"datePublished\":\"2025-04-08T17:07:57+00:00\",\"dateModified\":\"2026-05-08T20:39:23+00:00\",\"description\":\"La veste \u00e0 capuche Upland 3L de Montura est une veste imperm\u00e9able, l\u00e9g\u00e8re, respirante et compressible lorsque vous n'en avez pas besoin. D\u00e9couvrez-la sur notre site web.\",\"breadcrumb\":{\"@id\":\"https:\/\/www.miomiorun.com\/fr\/produit\/upland-3l-hooded-jacket-femme\/#breadcrumb\"},\"inLanguage\":\"fr-FR\",\"potentialAction\":[{\"@type\":\"ReadAction\",\"target\":[\"https:\/\/www.miomiorun.com\/fr\/produit\/upland-3l-hooded-jacket-femme\/\"]}]},{\"@type\":\"ImageObject\",\"inLanguage\":\"fr-FR\",\"@id\":\"https:\/\/www.miomiorun.com\/fr\/produit\/upland-3l-hooded-jacket-femme\/#primaryimage\",\"url\":\"https:\/\/www.miomiorun.com\/app\/uploads\/2025\/04\/montura-Upland-3L-hooded-jacket-W-baton-rouge-vinaccia-MJAT54W.59514.webp\",\"contentUrl\":\"https:\/\/www.miomiorun.com\/app\/uploads\/2025\/04\/montura-Upland-3L-hooded-jacket-W-baton-rouge-vinaccia-MJAT54W.59514.webp\",\"width\":600,\"height\":600,\"caption\":\"montura Upland 3L hooded jacket W baton rouge vinaccia MJAT54W.59514\"},{\"@type\":\"BreadcrumbList\",\"@id\":\"https:\/\/www.miomiorun.com\/fr\/produit\/upland-3l-hooded-jacket-femme\/#breadcrumb\",\"itemListElement\":[{\"@type\":\"ListItem\",\"position\":1,\"name\":\"Home\",\"item\":\"https:\/\/www.miomiorun.com\/fr\/home-page\/\"},{\"@type\":\"ListItem\",\"position\":2,\"name\":\"Shop\",\"item\":\"https:\/\/www.miomiorun.com\/shop\/\"},{\"@type\":\"ListItem\",\"position\":3,\"name\":\"Upland 3L hooded jacket femme\"}]},{\"@type\":\"WebSite\",\"@id\":\"https:\/\/www.miomiorun.com\/fr\/#website\",\"url\":\"https:\/\/www.miomiorun.com\/fr\/\",\"name\":\"MioMioRun\",\"description\":\"Boutique 100% running et trail\",\"publisher\":{\"@id\":\"https:\/\/www.miomiorun.com\/fr\/#organization\"},\"potentialAction\":[{\"@type\":\"SearchAction\",\"target\":{\"@type\":\"EntryPoint\",\"urlTemplate\":\"https:\/\/www.miomiorun.com\/fr\/?s={search_term_string}\"},\"query-input\":{\"@type\":\"PropertyValueSpecification\",\"valueRequired\":true,\"valueName\":\"search_term_string\"}}],\"inLanguage\":\"fr-FR\"},{\"@type\":\"Organization\",\"@id\":\"https:\/\/www.miomiorun.com\/fr\/#organization\",\"name\":\"MioMio Run\",\"url\":\"https:\/\/www.miomiorun.com\/fr\/\",\"logo\":{\"@type\":\"ImageObject\",\"inLanguage\":\"fr-FR\",\"@id\":\"https:\/\/www.miomiorun.com\/fr\/#\/schema\/logo\/image\/\",\"url\":\"https:\/\/www.miomiorun.com\/app\/uploads\/2019\/12\/logomio.png\",\"contentUrl\":\"https:\/\/www.miomiorun.com\/app\/uploads\/2019\/12\/logomio.png\",\"width\":115,\"height\":82,\"caption\":\"MioMio Run\"},\"image\":{\"@id\":\"https:\/\/www.miomiorun.com\/fr\/#\/schema\/logo\/image\/\"},\"sameAs\":[\"https:\/\/www.facebook.com\/miomiorun\/\",\"https:\/\/www.instagram.com\/miomiorun\/\"]}]}<\/script>\n<!-- \/ Yoast SEO plugin. -->","yoast_head_json":{"title":"Montura Upland 3L hooded jacket femme - Veste femme - MioMioRun","description":"La veste \u00e0 capuche Upland 3L de Montura est une veste imperm\u00e9able, l\u00e9g\u00e8re, respirante et compressible lorsque vous n'en avez pas besoin. D\u00e9couvrez-la sur notre site web.","robots":{"index":"index","follow":"follow","max-snippet":"max-snippet:-1","max-image-preview":"max-image-preview:large","max-video-preview":"max-video-preview:-1"},"canonical":"https:\/\/www.miomiorun.com\/fr\/produit\/upland-3l-hooded-jacket-femme\/","og_locale":"fr_FR","og_type":"article","og_title":"Montura Upland 3L hooded jacket femme - Veste femme - MioMioRun","og_description":"La veste \u00e0 capuche Upland 3L de Montura est une veste imperm\u00e9able, l\u00e9g\u00e8re, respirante et compressible lorsque vous n'en avez pas besoin. D\u00e9couvrez-la sur notre site web.","og_url":"https:\/\/www.miomiorun.com\/fr\/produit\/upland-3l-hooded-jacket-femme\/","og_site_name":"MioMioRun","article_publisher":"https:\/\/www.facebook.com\/miomiorun\/","article_modified_time":"2026-05-08T20:39:23+00:00","og_image":[{"width":600,"height":600,"url":"https:\/\/www.miomiorun.com\/app\/uploads\/2025\/04\/montura-Upland-3L-hooded-jacket-W-baton-rouge-vinaccia-MJAT54W.59514.webp","type":"image\/webp"}],"twitter_card":"summary_large_image","twitter_misc":{"Est. reading time":"1 minute"},"schema":{"@context":"https:\/\/schema.org","@graph":[{"@type":"WebPage","@id":"https:\/\/www.miomiorun.com\/fr\/produit\/upland-3l-hooded-jacket-femme\/","url":"https:\/\/www.miomiorun.com\/fr\/produit\/upland-3l-hooded-jacket-femme\/","name":"Montura Upland 3L hooded jacket femme - Veste femme - MioMioRun","isPartOf":{"@id":"https:\/\/www.miomiorun.com\/fr\/#website"},"primaryImageOfPage":{"@id":"https:\/\/www.miomiorun.com\/fr\/produit\/upland-3l-hooded-jacket-femme\/#primaryimage"},"image":{"@id":"https:\/\/www.miomiorun.com\/fr\/produit\/upland-3l-hooded-jacket-femme\/#primaryimage"},"thumbnailUrl":"https:\/\/www.miomiorun.com\/app\/uploads\/2025\/04\/montura-Upland-3L-hooded-jacket-W-baton-rouge-vinaccia-MJAT54W.59514.webp","datePublished":"2025-04-08T17:07:57+00:00","dateModified":"2026-05-08T20:39:23+00:00","description":"La veste \u00e0 capuche Upland 3L de Montura est une veste imperm\u00e9able, l\u00e9g\u00e8re, respirante et compressible lorsque vous n'en avez pas besoin. D\u00e9couvrez-la sur notre site web.","breadcrumb":{"@id":"https:\/\/www.miomiorun.com\/fr\/produit\/upland-3l-hooded-jacket-femme\/#breadcrumb"},"inLanguage":"fr-FR","potentialAction":[{"@type":"ReadAction","target":["https:\/\/www.miomiorun.com\/fr\/produit\/upland-3l-hooded-jacket-femme\/"]}]},{"@type":"ImageObject","inLanguage":"fr-FR","@id":"https:\/\/www.miomiorun.com\/fr\/produit\/upland-3l-hooded-jacket-femme\/#primaryimage","url":"https:\/\/www.miomiorun.com\/app\/uploads\/2025\/04\/montura-Upland-3L-hooded-jacket-W-baton-rouge-vinaccia-MJAT54W.59514.webp","contentUrl":"https:\/\/www.miomiorun.com\/app\/uploads\/2025\/04\/montura-Upland-3L-hooded-jacket-W-baton-rouge-vinaccia-MJAT54W.59514.webp","width":600,"height":600,"caption":"montura Upland 3L hooded jacket W baton rouge vinaccia MJAT54W.59514"},{"@type":"BreadcrumbList","@id":"https:\/\/www.miomiorun.com\/fr\/produit\/upland-3l-hooded-jacket-femme\/#breadcrumb","itemListElement":[{"@type":"ListItem","position":1,"name":"Home","item":"https:\/\/www.miomiorun.com\/fr\/home-page\/"},{"@type":"ListItem","position":2,"name":"Shop","item":"https:\/\/www.miomiorun.com\/shop\/"},{"@type":"ListItem","position":3,"name":"Upland 3L hooded jacket femme"}]},{"@type":"WebSite","@id":"https:\/\/www.miomiorun.com\/fr\/#website","url":"https:\/\/www.miomiorun.com\/fr\/","name":"MioMioRun","description":"Boutique 100% running et trail","publisher":{"@id":"https:\/\/www.miomiorun.com\/fr\/#organization"},"potentialAction":[{"@type":"SearchAction","target":{"@type":"EntryPoint","urlTemplate":"https:\/\/www.miomiorun.com\/fr\/?s={search_term_string}"},"query-input":{"@type":"PropertyValueSpecification","valueRequired":true,"valueName":"search_term_string"}}],"inLanguage":"fr-FR"},{"@type":"Organization","@id":"https:\/\/www.miomiorun.com\/fr\/#organization","name":"MioMio Run","url":"https:\/\/www.miomiorun.com\/fr\/","logo":{"@type":"ImageObject","inLanguage":"fr-FR","@id":"https:\/\/www.miomiorun.com\/fr\/#\/schema\/logo\/image\/","url":"https:\/\/www.miomiorun.com\/app\/uploads\/2019\/12\/logomio.png","contentUrl":"https:\/\/www.miomiorun.com\/app\/uploads\/2019\/12\/logomio.png","width":115,"height":82,"caption":"MioMio Run"},"image":{"@id":"https:\/\/www.miomiorun.com\/fr\/#\/schema\/logo\/image\/"},"sameAs":["https:\/\/www.facebook.com\/miomiorun\/","https:\/\/www.instagram.com\/miomiorun\/"]}]}},"_links":{"self":[{"href":"https:\/\/www.miomiorun.com\/fr\/wp-json\/wp\/v2\/product\/301083","targetHints":{"allow":["GET"]}}],"collection":[{"href":"https:\/\/www.miomiorun.com\/fr\/wp-json\/wp\/v2\/product"}],"about":[{"href":"https:\/\/www.miomiorun.com\/fr\/wp-json\/wp\/v2\/types\/product"}],"wp:featuredmedia":[{"embeddable":true,"href":"https:\/\/www.miomiorun.com\/fr\/wp-json\/wp\/v2\/media\/273321"}],"wp:attachment":[{"href":"https:\/\/www.miomiorun.com\/fr\/wp-json\/wp\/v2\/media?parent=301083"}],"wp:term":[{"taxonomy":"product_brand","embeddable":true,"href":"https:\/\/www.miomiorun.com\/fr\/wp-json\/wp\/v2\/product_brand?post=301083"},{"taxonomy":"product_cat","embeddable":true,"href":"https:\/\/www.miomiorun.com\/fr\/wp-json\/wp\/v2\/product_cat?post=301083"},{"taxonomy":"product_tag","embeddable":true,"href":"https:\/\/www.miomiorun.com\/fr\/wp-json\/wp\/v2\/product_tag?post=301083"}],"curies":[{"name":"wp","href":"https:\/\/api.w.org\/{rel}","templated":true}]}}