{"id":301079,"date":"2025-04-09T09:55:09","date_gmt":"2025-04-09T07:55:09","guid":{"rendered":"https:\/\/miomiorun.com\/?post_type=product&#038;p=301079"},"modified":"2025-04-30T17:13:25","modified_gmt":"2025-04-30T15:13:25","slug":"race-lavender-debardeur-femme","status":"publish","type":"product","link":"https:\/\/www.miomiorun.com\/fr\/produit\/race-lavender-debardeur-femme\/","title":{"rendered":"Race Lavender D\u00e9bardeur femme"},"content":{"rendered":"<p class=\"\" data-end=\"569\" data-start=\"271\">Lorsque chaque seconde compte et que le confort fait toute la diff\u00e9rence, choisissez le <strong data-end=\"365\" data-start=\"338\">d\u00e9bardeur Race Ultralight<\/strong>. Con\u00e7u pour donner le meilleur de lui-m\u00eame <strong data-end=\"467\" data-start=\"397\">lors des entra\u00eenements les plus intenses, des courses ou des journ\u00e9es torrides<\/strong>, il est la synth\u00e8se parfaite d&#8217;une extr\u00eame l\u00e9g\u00e8ret\u00e9, d&#8217;une respirabilit\u00e9 avanc\u00e9e et d&#8217;une libert\u00e9 de mouvement totale.<\/p>\n<p class=\"\" data-end=\"881\" data-start=\"571\">Avec un poids plume de <strong data-end=\"621\" data-start=\"592\">seulement 42 grammes (taille M)<\/strong>, ce d\u00e9bardeur technique est si l\u00e9ger que vous aurez l&#8217;impression de ne pas le porter. Le tissu <strong data-end=\"722\" data-start=\"707\">OPENMESH 3D<\/strong> 100 % recycl\u00e9 garantit une <strong data-end=\"814\" data-start=\"768\">ventilation constante et un s\u00e9chage rapide<\/strong>, vous permettant de rester au frais et au sec m\u00eame dans les situations les plus exigeantes.<\/p>\n<p class=\"\" data-end=\"1067\" data-start=\"883\">La <strong data-end=\"907\" data-start=\"886\">coupe ergonomique<\/strong> suit chaque mouvement du corps, sans le contraindre, tandis que le <strong data-end=\"1011\" data-start=\"969\">graphique de course de couleur lavande<\/strong> ajoute une touche de style audacieux \u00e0 vos performances.<\/p>\n<h3 class=\"\" data-end=\"1109\" data-start=\"1074\"><strong data-end=\"1109\" data-start=\"1078\">Caract\u00e9ristiques principales :<\/strong><\/h3>\n<ul data-end=\"1496\" data-start=\"1111\">\n<li class=\"\" data-end=\"1160\" data-start=\"1111\">\n<p class=\"\" data-end=\"1160\" data-start=\"1113\"><strong data-end=\"1137\" data-start=\"1116\">Poids ultral\u00e9ger<\/strong>: seulement 42 g en taille M<\/p>\n<\/li>\n<li class=\"\" data-end=\"1237\" data-start=\"1161\">\n<p class=\"\" data-end=\"1237\" data-start=\"1163\"><strong data-end=\"1189\" data-start=\"1166\">Tissu OPENMESH 3D<\/strong>: respirabilit\u00e9 maximale et gestion de l&#8217;humidit\u00e9<\/p>\n<\/li>\n<li class=\"\" data-end=\"1288\" data-start=\"1238\">\n<p class=\"\" data-end=\"1288\" data-start=\"1240\"><strong data-end=\"1272\" data-start=\"1243\">100% polyester recycl\u00e9<\/strong> &#8211; Fabriqu\u00e9 en Italie<\/p>\n<\/li>\n<li class=\"\" data-end=\"1359\" data-start=\"1289\">\n<p class=\"\" data-end=\"1359\" data-start=\"1291\"><strong data-end=\"1320\" data-start=\"1294\">Coupe ergonomique<\/strong>: con\u00e7ue pour favoriser la performance<\/p>\n<\/li>\n<li class=\"\" data-end=\"1429\" data-start=\"1360\">\n<p class=\"\" data-end=\"1429\" data-start=\"1362\"><strong data-end=\"1384\" data-start=\"1365\">Confort extr\u00eame<\/strong>: douceur et sensation de libert\u00e9 absolue<\/p>\n<\/li>\n<li class=\"\" data-end=\"1496\" data-start=\"1430\">\n<p class=\"\" data-end=\"1496\" data-start=\"1432\"><strong data-end=\"1456\" data-start=\"1435\">Design pr\u00eat pour la course<\/strong>: graphiques lavande inspir\u00e9s de la course<\/p>\n<\/li>\n<\/ul>\n","protected":false},"excerpt":{"rendered":"<ul>\n<li>Coupe ergonomique<\/li>\n<li>ultral\u00e9ger<\/li>\n<li>doux pour la peau<\/li>\n<\/ul>\n","protected":false},"featured_media":308507,"template":"","meta":{"_acf_changed":false,"inline_featured_image":false},"product_brand":[],"product_cat":[22598,22596],"product_tag":[23528,23568],"class_list":{"0":"post-301079","1":"product","2":"type-product","3":"status-publish","4":"has-post-thumbnail","6":"product_cat-gilets","7":"product_cat-vetements-pour-femmes","8":"product_tag-wild-tee-fr","9":"product_tag-wild-tee-femme","10":"pa_attivita-fitness-fr","11":"pa_attivita-marcher","12":"pa_attivita-running-fr","13":"pa_attivita-trail-fr","14":"pa_marca-wild-tee-fr","15":"pa_sesso-femme","16":"pa_size-extra-small-fr","17":"pa_size-small-fr","18":"pa_size-medium-fr","20":"first","21":"instock","22":"taxable","23":"shipping-taxable","24":"purchasable","25":"product-type-variable","26":"wvs-archive-product-wrapper"},"acf":[],"yoast_head":"<!-- This site is optimized with the Yoast SEO plugin v26.8 - https:\/\/yoast.com\/product\/yoast-seo-wordpress\/ -->\n<title>Wild Tee Race Lavender D\u00e9bardeur femme - D\u00e9bardeur de course - MioMioRun<\/title>\n<meta name=\"description\" content=\"D\u00e9bardeur de comp\u00e9tition ultral\u00e9ger et respirant en tissu recycl\u00e9 OPENMESH 3D. Seulement 42 g, s\u00e9chage rapide, confort maximal et graphismes de comp\u00e9tition.\" \/>\n<meta name=\"robots\" content=\"index, follow, max-snippet:-1, max-image-preview:large, max-video-preview:-1\" \/>\n<link rel=\"canonical\" href=\"https:\/\/www.miomiorun.com\/fr\/produit\/race-lavender-debardeur-femme\/\" \/>\n<meta property=\"og:locale\" content=\"fr_FR\" \/>\n<meta property=\"og:type\" content=\"article\" \/>\n<meta property=\"og:title\" content=\"Wild Tee Race Lavender D\u00e9bardeur femme - D\u00e9bardeur de course - MioMioRun\" \/>\n<meta property=\"og:description\" content=\"D\u00e9bardeur de comp\u00e9tition ultral\u00e9ger et respirant en tissu recycl\u00e9 OPENMESH 3D. Seulement 42 g, s\u00e9chage rapide, confort maximal et graphismes de comp\u00e9tition.\" \/>\n<meta property=\"og:url\" content=\"https:\/\/www.miomiorun.com\/fr\/produit\/race-lavender-debardeur-femme\/\" \/>\n<meta property=\"og:site_name\" content=\"MioMioRun\" \/>\n<meta property=\"article:publisher\" content=\"https:\/\/www.facebook.com\/miomiorun\/\" \/>\n<meta property=\"article:modified_time\" content=\"2025-04-30T15:13:25+00:00\" \/>\n<meta property=\"og:image\" content=\"https:\/\/www.miomiorun.com\/app\/uploads\/2025\/04\/wild-tee-Singlet-W-race-lavender-WT005WT171.webp\" \/>\n\t<meta property=\"og:image:width\" content=\"600\" \/>\n\t<meta property=\"og:image:height\" content=\"600\" \/>\n\t<meta property=\"og:image:type\" content=\"image\/webp\" \/>\n<meta name=\"twitter:card\" content=\"summary_large_image\" \/>\n<meta name=\"twitter:label1\" content=\"Est. reading time\" \/>\n\t<meta name=\"twitter:data1\" content=\"1 minute\" \/>\n<script type=\"application\/ld+json\" class=\"yoast-schema-graph\">{\"@context\":\"https:\/\/schema.org\",\"@graph\":[{\"@type\":\"WebPage\",\"@id\":\"https:\/\/www.miomiorun.com\/fr\/produit\/race-lavender-debardeur-femme\/\",\"url\":\"https:\/\/www.miomiorun.com\/fr\/produit\/race-lavender-debardeur-femme\/\",\"name\":\"Wild Tee Race Lavender D\u00e9bardeur femme - D\u00e9bardeur de course - MioMioRun\",\"isPartOf\":{\"@id\":\"https:\/\/www.miomiorun.com\/fr\/#website\"},\"primaryImageOfPage\":{\"@id\":\"https:\/\/www.miomiorun.com\/fr\/produit\/race-lavender-debardeur-femme\/#primaryimage\"},\"image\":{\"@id\":\"https:\/\/www.miomiorun.com\/fr\/produit\/race-lavender-debardeur-femme\/#primaryimage\"},\"thumbnailUrl\":\"https:\/\/www.miomiorun.com\/app\/uploads\/2025\/04\/wild-tee-Singlet-W-race-lavender-WT005WT171.webp\",\"datePublished\":\"2025-04-09T07:55:09+00:00\",\"dateModified\":\"2025-04-30T15:13:25+00:00\",\"description\":\"D\u00e9bardeur de comp\u00e9tition ultral\u00e9ger et respirant en tissu recycl\u00e9 OPENMESH 3D. Seulement 42 g, s\u00e9chage rapide, confort maximal et graphismes de comp\u00e9tition.\",\"breadcrumb\":{\"@id\":\"https:\/\/www.miomiorun.com\/fr\/produit\/race-lavender-debardeur-femme\/#breadcrumb\"},\"inLanguage\":\"fr-FR\",\"potentialAction\":[{\"@type\":\"ReadAction\",\"target\":[\"https:\/\/www.miomiorun.com\/fr\/produit\/race-lavender-debardeur-femme\/\"]}]},{\"@type\":\"ImageObject\",\"inLanguage\":\"fr-FR\",\"@id\":\"https:\/\/www.miomiorun.com\/fr\/produit\/race-lavender-debardeur-femme\/#primaryimage\",\"url\":\"https:\/\/www.miomiorun.com\/app\/uploads\/2025\/04\/wild-tee-Singlet-W-race-lavender-WT005WT171.webp\",\"contentUrl\":\"https:\/\/www.miomiorun.com\/app\/uploads\/2025\/04\/wild-tee-Singlet-W-race-lavender-WT005WT171.webp\",\"width\":600,\"height\":600,\"caption\":\"wild tee Singlet W race lavender WT005WT171\"},{\"@type\":\"BreadcrumbList\",\"@id\":\"https:\/\/www.miomiorun.com\/fr\/produit\/race-lavender-debardeur-femme\/#breadcrumb\",\"itemListElement\":[{\"@type\":\"ListItem\",\"position\":1,\"name\":\"Home\",\"item\":\"https:\/\/www.miomiorun.com\/fr\/home-page\/\"},{\"@type\":\"ListItem\",\"position\":2,\"name\":\"Shop\",\"item\":\"https:\/\/www.miomiorun.com\/shop\/\"},{\"@type\":\"ListItem\",\"position\":3,\"name\":\"Race Lavender D\u00e9bardeur femme\"}]},{\"@type\":\"WebSite\",\"@id\":\"https:\/\/www.miomiorun.com\/fr\/#website\",\"url\":\"https:\/\/www.miomiorun.com\/fr\/\",\"name\":\"MioMioRun\",\"description\":\"Boutique 100% running et trail\",\"publisher\":{\"@id\":\"https:\/\/www.miomiorun.com\/fr\/#organization\"},\"potentialAction\":[{\"@type\":\"SearchAction\",\"target\":{\"@type\":\"EntryPoint\",\"urlTemplate\":\"https:\/\/www.miomiorun.com\/fr\/?s={search_term_string}\"},\"query-input\":{\"@type\":\"PropertyValueSpecification\",\"valueRequired\":true,\"valueName\":\"search_term_string\"}}],\"inLanguage\":\"fr-FR\"},{\"@type\":\"Organization\",\"@id\":\"https:\/\/www.miomiorun.com\/fr\/#organization\",\"name\":\"MioMio Run\",\"url\":\"https:\/\/www.miomiorun.com\/fr\/\",\"logo\":{\"@type\":\"ImageObject\",\"inLanguage\":\"fr-FR\",\"@id\":\"https:\/\/www.miomiorun.com\/fr\/#\/schema\/logo\/image\/\",\"url\":\"https:\/\/www.miomiorun.com\/app\/uploads\/2019\/12\/logomio.png\",\"contentUrl\":\"https:\/\/www.miomiorun.com\/app\/uploads\/2019\/12\/logomio.png\",\"width\":115,\"height\":82,\"caption\":\"MioMio Run\"},\"image\":{\"@id\":\"https:\/\/www.miomiorun.com\/fr\/#\/schema\/logo\/image\/\"},\"sameAs\":[\"https:\/\/www.facebook.com\/miomiorun\/\",\"https:\/\/www.instagram.com\/miomiorun\/\"]}]}<\/script>\n<!-- \/ Yoast SEO plugin. -->","yoast_head_json":{"title":"Wild Tee Race Lavender D\u00e9bardeur femme - D\u00e9bardeur de course - MioMioRun","description":"D\u00e9bardeur de comp\u00e9tition ultral\u00e9ger et respirant en tissu recycl\u00e9 OPENMESH 3D. Seulement 42 g, s\u00e9chage rapide, confort maximal et graphismes de comp\u00e9tition.","robots":{"index":"index","follow":"follow","max-snippet":"max-snippet:-1","max-image-preview":"max-image-preview:large","max-video-preview":"max-video-preview:-1"},"canonical":"https:\/\/www.miomiorun.com\/fr\/produit\/race-lavender-debardeur-femme\/","og_locale":"fr_FR","og_type":"article","og_title":"Wild Tee Race Lavender D\u00e9bardeur femme - D\u00e9bardeur de course - MioMioRun","og_description":"D\u00e9bardeur de comp\u00e9tition ultral\u00e9ger et respirant en tissu recycl\u00e9 OPENMESH 3D. Seulement 42 g, s\u00e9chage rapide, confort maximal et graphismes de comp\u00e9tition.","og_url":"https:\/\/www.miomiorun.com\/fr\/produit\/race-lavender-debardeur-femme\/","og_site_name":"MioMioRun","article_publisher":"https:\/\/www.facebook.com\/miomiorun\/","article_modified_time":"2025-04-30T15:13:25+00:00","og_image":[{"width":600,"height":600,"url":"https:\/\/www.miomiorun.com\/app\/uploads\/2025\/04\/wild-tee-Singlet-W-race-lavender-WT005WT171.webp","type":"image\/webp"}],"twitter_card":"summary_large_image","twitter_misc":{"Est. reading time":"1 minute"},"schema":{"@context":"https:\/\/schema.org","@graph":[{"@type":"WebPage","@id":"https:\/\/www.miomiorun.com\/fr\/produit\/race-lavender-debardeur-femme\/","url":"https:\/\/www.miomiorun.com\/fr\/produit\/race-lavender-debardeur-femme\/","name":"Wild Tee Race Lavender D\u00e9bardeur femme - D\u00e9bardeur de course - MioMioRun","isPartOf":{"@id":"https:\/\/www.miomiorun.com\/fr\/#website"},"primaryImageOfPage":{"@id":"https:\/\/www.miomiorun.com\/fr\/produit\/race-lavender-debardeur-femme\/#primaryimage"},"image":{"@id":"https:\/\/www.miomiorun.com\/fr\/produit\/race-lavender-debardeur-femme\/#primaryimage"},"thumbnailUrl":"https:\/\/www.miomiorun.com\/app\/uploads\/2025\/04\/wild-tee-Singlet-W-race-lavender-WT005WT171.webp","datePublished":"2025-04-09T07:55:09+00:00","dateModified":"2025-04-30T15:13:25+00:00","description":"D\u00e9bardeur de comp\u00e9tition ultral\u00e9ger et respirant en tissu recycl\u00e9 OPENMESH 3D. Seulement 42 g, s\u00e9chage rapide, confort maximal et graphismes de comp\u00e9tition.","breadcrumb":{"@id":"https:\/\/www.miomiorun.com\/fr\/produit\/race-lavender-debardeur-femme\/#breadcrumb"},"inLanguage":"fr-FR","potentialAction":[{"@type":"ReadAction","target":["https:\/\/www.miomiorun.com\/fr\/produit\/race-lavender-debardeur-femme\/"]}]},{"@type":"ImageObject","inLanguage":"fr-FR","@id":"https:\/\/www.miomiorun.com\/fr\/produit\/race-lavender-debardeur-femme\/#primaryimage","url":"https:\/\/www.miomiorun.com\/app\/uploads\/2025\/04\/wild-tee-Singlet-W-race-lavender-WT005WT171.webp","contentUrl":"https:\/\/www.miomiorun.com\/app\/uploads\/2025\/04\/wild-tee-Singlet-W-race-lavender-WT005WT171.webp","width":600,"height":600,"caption":"wild tee Singlet W race lavender WT005WT171"},{"@type":"BreadcrumbList","@id":"https:\/\/www.miomiorun.com\/fr\/produit\/race-lavender-debardeur-femme\/#breadcrumb","itemListElement":[{"@type":"ListItem","position":1,"name":"Home","item":"https:\/\/www.miomiorun.com\/fr\/home-page\/"},{"@type":"ListItem","position":2,"name":"Shop","item":"https:\/\/www.miomiorun.com\/shop\/"},{"@type":"ListItem","position":3,"name":"Race Lavender D\u00e9bardeur femme"}]},{"@type":"WebSite","@id":"https:\/\/www.miomiorun.com\/fr\/#website","url":"https:\/\/www.miomiorun.com\/fr\/","name":"MioMioRun","description":"Boutique 100% running et trail","publisher":{"@id":"https:\/\/www.miomiorun.com\/fr\/#organization"},"potentialAction":[{"@type":"SearchAction","target":{"@type":"EntryPoint","urlTemplate":"https:\/\/www.miomiorun.com\/fr\/?s={search_term_string}"},"query-input":{"@type":"PropertyValueSpecification","valueRequired":true,"valueName":"search_term_string"}}],"inLanguage":"fr-FR"},{"@type":"Organization","@id":"https:\/\/www.miomiorun.com\/fr\/#organization","name":"MioMio Run","url":"https:\/\/www.miomiorun.com\/fr\/","logo":{"@type":"ImageObject","inLanguage":"fr-FR","@id":"https:\/\/www.miomiorun.com\/fr\/#\/schema\/logo\/image\/","url":"https:\/\/www.miomiorun.com\/app\/uploads\/2019\/12\/logomio.png","contentUrl":"https:\/\/www.miomiorun.com\/app\/uploads\/2019\/12\/logomio.png","width":115,"height":82,"caption":"MioMio Run"},"image":{"@id":"https:\/\/www.miomiorun.com\/fr\/#\/schema\/logo\/image\/"},"sameAs":["https:\/\/www.facebook.com\/miomiorun\/","https:\/\/www.instagram.com\/miomiorun\/"]}]}},"_links":{"self":[{"href":"https:\/\/www.miomiorun.com\/fr\/wp-json\/wp\/v2\/product\/301079","targetHints":{"allow":["GET"]}}],"collection":[{"href":"https:\/\/www.miomiorun.com\/fr\/wp-json\/wp\/v2\/product"}],"about":[{"href":"https:\/\/www.miomiorun.com\/fr\/wp-json\/wp\/v2\/types\/product"}],"wp:featuredmedia":[{"embeddable":true,"href":"https:\/\/www.miomiorun.com\/fr\/wp-json\/wp\/v2\/media\/308507"}],"wp:attachment":[{"href":"https:\/\/www.miomiorun.com\/fr\/wp-json\/wp\/v2\/media?parent=301079"}],"wp:term":[{"taxonomy":"product_brand","embeddable":true,"href":"https:\/\/www.miomiorun.com\/fr\/wp-json\/wp\/v2\/product_brand?post=301079"},{"taxonomy":"product_cat","embeddable":true,"href":"https:\/\/www.miomiorun.com\/fr\/wp-json\/wp\/v2\/product_cat?post=301079"},{"taxonomy":"product_tag","embeddable":true,"href":"https:\/\/www.miomiorun.com\/fr\/wp-json\/wp\/v2\/product_tag?post=301079"}],"curies":[{"name":"wp","href":"https:\/\/api.w.org\/{rel}","templated":true}]}}