{"id":301076,"date":"2025-04-09T10:06:19","date_gmt":"2025-04-09T08:06:19","guid":{"rendered":"https:\/\/miomiorun.com\/prodotto\/ultralight-12-litri\/"},"modified":"2025-05-09T18:55:04","modified_gmt":"2025-05-09T16:55:04","slug":"ultralight-12-litres","status":"publish","type":"product","link":"https:\/\/www.miomiorun.com\/fr\/produit\/ultralight-12-litres\/","title":{"rendered":"Ultralight 12 litres"},"content":{"rendered":"<p class=\"\" data-end=\"695\" data-start=\"189\">Le <strong data-end=\"274\" data-start=\"219\">sac \u00e0 dos Ultralight 12L Made in France<\/strong> est con\u00e7u pour les amateurs d&#8217;activit\u00e9s de plein air qui ne veulent pas faire de compromis sur la praticit\u00e9 et le style. Gr\u00e2ce \u00e0 son design minimaliste et \u00e9pur\u00e9, ce sac \u00e0 dos est parfaitement adapt\u00e9 aux randonn\u00e9es en montagne comme aux sessions de trail running. Sa l\u00e9g\u00e8ret\u00e9 et sa coupe ergonomique permettent des mouvements fluides et sans effort, ce qui en fait le compagnon id\u00e9al de ceux qui aiment explorer la nature sans compromis sur le confort.<\/p>\n<p class=\"\" data-end=\"727\" data-start=\"697\"><strong data-end=\"725\" data-start=\"697\">Caract\u00e9ristiques techniques<\/strong><\/p>\n<ul data-end=\"1446\" data-start=\"728\">\n<li class=\"\" data-end=\"996\" data-start=\"728\">\n<p class=\"\" data-end=\"996\" data-start=\"730\"><strong data-end=\"752\" data-start=\"730\">Capacit\u00e9 et design :<\/strong> Avec une capacit\u00e9 de 12 litres, le sac \u00e0 dos offre l&#8217;espace id\u00e9al pour transporter l&#8217;essentiel. La structure ultral\u00e9g\u00e8re et le design ergonomique assurent une parfaite r\u00e9partition du poids, r\u00e9duisant ainsi la fatigue pendant l&#8217;activit\u00e9 physique.<\/p>\n<\/li>\n<li class=\"\" data-end=\"1206\" data-start=\"997\">\n<p class=\"\" data-end=\"1206\" data-start=\"999\"><strong data-end=\"1026\" data-start=\"999\">Mat\u00e9riaux et fabrication :<\/strong> Fabriqu\u00e9 en France, le produit se distingue par la qualit\u00e9 des mat\u00e9riaux utilis\u00e9s et le savoir-faire artisanal, \u00e9l\u00e9ments qui garantissent r\u00e9sistance et durabilit\u00e9.<\/p>\n<\/li>\n<li class=\"\" data-end=\"1446\" data-start=\"1207\">\n<p class=\"\" data-end=\"1446\" data-start=\"1209\"><strong data-end=\"1239\" data-start=\"1209\">Fonctionnalit\u00e9 intelligente :<\/strong> Les solutions de compartimentage interne sont con\u00e7ues pour optimiser l&#8217;organisation des objets, en facilitant l&#8217;acc\u00e8s et le transport des petits accessoires indispensables lors des excursions.<\/p>\n<\/li>\n<li data-end=\"1446\" data-start=\"1207\">Volume : 12 litres<\/li>\n<li data-end=\"1446\" data-start=\"1207\">Poids : 190g<\/li>\n<li data-end=\"1446\" data-start=\"1207\">Unisexe<\/li>\n<li data-end=\"1446\" data-start=\"1207\">Syst\u00e8me de fermeture avec boucle microm\u00e9trique<\/li>\n<li data-end=\"1446\" data-start=\"1207\">Syst\u00e8me de serrage au niveau de la poitrine<\/li>\n<li data-end=\"1446\" data-start=\"1207\">9 poches au total<\/li>\n<li data-end=\"1446\" data-start=\"1207\">Compatible avec un syst\u00e8me d&#8217;hydratation : poches \u00e0 eau de 1,2L et 1,8L (jusqu&#8217;\u00e0 2L)<\/li>\n<li data-end=\"1446\" data-start=\"1207\">Poche principale en mat\u00e9riau d\u00e9perlant<\/li>\n<li data-end=\"1446\" data-start=\"1207\">Syst\u00e8me de fixation des b\u00e2tons dans le dos<\/li>\n<li data-end=\"1446\" data-start=\"1207\">Sifflet de s\u00e9curit\u00e9 int\u00e9gr\u00e9<\/li>\n<li data-end=\"1446\" data-start=\"1207\">Compatible avec le carquois Raidlight pour le rangement des b\u00e2tons ou 6 litres suppl\u00e9mentaires<\/li>\n<li data-end=\"1446\" data-start=\"1207\">Syst\u00e8me de rangement des b\u00e2tons \u00e0 l&#8217;avant et \u00e0 l&#8217;arri\u00e8re (cordon \u00e9lastique)<\/li>\n<li data-end=\"1446\" data-start=\"1207\">Elastique plat pour maintenir les pipettes + boucle \u00e9lastique \u00e0 l&#8217;int\u00e9rieur des poches pour maintenir la flasque<\/li>\n<li data-end=\"1446\" data-start=\"1207\">Sangle velcro pour maintenir la poche \u00e0 eau<\/li>\n<li data-end=\"1446\" data-start=\"1207\">Harnais ultra-l\u00e9ger et respirant<\/li>\n<\/ul>\n<p>&nbsp;<\/p>\n<div class=\"summary__title\">\n<h2 class=\"h4 accordion__title inline-richtext\" data-ly-mutation-count=\"1\">Composition<\/h2>\n<\/div>\n<div id=\"ProductAccordion-ae11ca8b-2e3a-49c5-8757-a336307a5c09-template--22739090047317__main\" class=\"accordion__content\">&#8211; Mati\u00e8re principale = 84% Polyester recycl\u00e9 + 16% Elasthanne<br \/>\n&#8211; Maille = 100% Polyamide<br \/>\n&#8211; Poche arri\u00e8re (compartiment principal) = 100% Polyester (enduction Polyur\u00e9thane)<\/div>\n<div><\/div>\n<div>\n<div class=\"summary__title\">\n<h2 class=\"h4 accordion__title inline-richtext\" data-ly-mutation-count=\"1\">Conseils d&#8217;entretien<\/h2>\n<\/div>\n<div id=\"ProductAccordion-96706265-290f-435e-86ce-1cdfbb377013-template--22739090047317__main\" class=\"accordion__content\">&#8211; Laver \u00e0 une temp\u00e9rature inf\u00e9rieure \u00e0 30\u00b0C.<br \/>\n&#8211; Ne pas utiliser de s\u00e8che-linge<br \/>\n&#8211; Ne pas utiliser d&#8217;assouplissant<br \/>\n&#8211; Ne pas repasser<br \/>\n&#8211; Ne pas presser<\/div>\n<\/div>\n","protected":false},"excerpt":{"rendered":"<ul>\n<li class=\"\" data-start=\"1064\" data-end=\"1199\">\n<div class=\"description woocommerce-product-details__short-description\">\n<ul>\n<li class=\"\" data-start=\"1064\" data-end=\"1199\">L\u00e9ger et confortable : Design ultral\u00e9ger et ergonomique \u00e9tudi\u00e9 pour un soutien maximal lors du trail et de la randonn\u00e9e.<\/li>\n<li class=\"\" data-start=\"1064\" data-end=\"1199\">Excellence Made in France : Des mat\u00e9riaux s\u00e9lectionn\u00e9s et une fabrication de haute qualit\u00e9 qui garantissent r\u00e9sistance et durabilit\u00e9 dans le temps.<\/li>\n<li class=\"\" data-start=\"1064\" data-end=\"1199\">Fonctionnalit\u00e9 minimale : compartiments intelligents pour ranger l&#8217;essentiel sans alourdir les mouvements, id\u00e9al pour ceux qui aiment l&#8217;aventure.<\/li>\n<\/ul>\n<\/div>\n<\/li>\n<\/ul>\n","protected":false},"featured_media":273397,"template":"","meta":{"_acf_changed":false,"inline_featured_image":false},"product_brand":[],"product_cat":[22589,22587],"product_tag":[23503,23504,23518],"class_list":{"0":"post-301076","1":"product","2":"type-product","3":"status-publish","4":"has-post-thumbnail","6":"product_cat-sacs-a-dos","7":"product_cat-sacs-a-dos-et-ceintures","8":"product_tag-raidlight-fr","9":"product_tag-raidlight-femme","10":"product_tag-raidlight-homme","11":"pa_attivita-marcher","12":"pa_attivita-outdoor-fr","13":"pa_attivita-trail-fr","14":"pa_colore-ultralight-12l-blue-fr","15":"pa_marca-raidlight-fr","16":"pa_sesso-femme","17":"pa_size-small-fr","18":"pa_size-medium-fr","19":"pa_size-large-fr","21":"first","22":"instock","23":"sale","24":"taxable","25":"shipping-taxable","26":"purchasable","27":"product-type-variable","28":"wvs-archive-product-wrapper"},"acf":[],"yoast_head":"<!-- This site is optimized with the Yoast SEO plugin v26.8 - https:\/\/yoast.com\/product\/yoast-seo-wordpress\/ -->\n<title>Raidlight Ultralight 12 litres - Sac \u00e0 dos de randonn\u00e9e - MioMioRun<\/title>\n<meta name=\"description\" content=\"Sac \u00e0 dos Ultralight Trail 12L pour homme fabriqu\u00e9 en France : ergonomique, l\u00e9ger et id\u00e9al pour les aventures en plein air. D\u00e9couvrez le confort en mouvement !\" \/>\n<meta name=\"robots\" content=\"index, follow, max-snippet:-1, max-image-preview:large, max-video-preview:-1\" \/>\n<link rel=\"canonical\" href=\"https:\/\/www.miomiorun.com\/fr\/produit\/ultralight-12-litres\/\" \/>\n<meta property=\"og:locale\" content=\"fr_FR\" \/>\n<meta property=\"og:type\" content=\"article\" \/>\n<meta property=\"og:title\" content=\"Raidlight Ultralight 12 litres - Sac \u00e0 dos de randonn\u00e9e - MioMioRun\" \/>\n<meta property=\"og:description\" content=\"Sac \u00e0 dos Ultralight Trail 12L pour homme fabriqu\u00e9 en France : ergonomique, l\u00e9ger et id\u00e9al pour les aventures en plein air. D\u00e9couvrez le confort en mouvement !\" \/>\n<meta property=\"og:url\" content=\"https:\/\/www.miomiorun.com\/fr\/produit\/ultralight-12-litres\/\" \/>\n<meta property=\"og:site_name\" content=\"MioMioRun\" \/>\n<meta property=\"article:publisher\" content=\"https:\/\/www.facebook.com\/miomiorun\/\" \/>\n<meta property=\"article:modified_time\" content=\"2025-05-09T16:55:04+00:00\" \/>\n<meta property=\"og:image\" content=\"https:\/\/www.miomiorun.com\/app\/uploads\/2025\/04\/raidlight-Ultralight-12L-GRNB86.webp\" \/>\n\t<meta property=\"og:image:width\" content=\"600\" \/>\n\t<meta property=\"og:image:height\" content=\"600\" \/>\n\t<meta property=\"og:image:type\" content=\"image\/webp\" \/>\n<meta name=\"twitter:card\" content=\"summary_large_image\" \/>\n<meta name=\"twitter:label1\" content=\"Est. reading time\" \/>\n\t<meta name=\"twitter:data1\" content=\"2 minutes\" \/>\n<script type=\"application\/ld+json\" class=\"yoast-schema-graph\">{\"@context\":\"https:\/\/schema.org\",\"@graph\":[{\"@type\":\"WebPage\",\"@id\":\"https:\/\/www.miomiorun.com\/fr\/produit\/ultralight-12-litres\/\",\"url\":\"https:\/\/www.miomiorun.com\/fr\/produit\/ultralight-12-litres\/\",\"name\":\"Raidlight Ultralight 12 litres - Sac \u00e0 dos de randonn\u00e9e - MioMioRun\",\"isPartOf\":{\"@id\":\"https:\/\/www.miomiorun.com\/fr\/#website\"},\"primaryImageOfPage\":{\"@id\":\"https:\/\/www.miomiorun.com\/fr\/produit\/ultralight-12-litres\/#primaryimage\"},\"image\":{\"@id\":\"https:\/\/www.miomiorun.com\/fr\/produit\/ultralight-12-litres\/#primaryimage\"},\"thumbnailUrl\":\"https:\/\/www.miomiorun.com\/app\/uploads\/2025\/04\/raidlight-Ultralight-12L-GRNB86.webp\",\"datePublished\":\"2025-04-09T08:06:19+00:00\",\"dateModified\":\"2025-05-09T16:55:04+00:00\",\"description\":\"Sac \u00e0 dos Ultralight Trail 12L pour homme fabriqu\u00e9 en France : ergonomique, l\u00e9ger et id\u00e9al pour les aventures en plein air. D\u00e9couvrez le confort en mouvement !\",\"breadcrumb\":{\"@id\":\"https:\/\/www.miomiorun.com\/fr\/produit\/ultralight-12-litres\/#breadcrumb\"},\"inLanguage\":\"fr-FR\",\"potentialAction\":[{\"@type\":\"ReadAction\",\"target\":[\"https:\/\/www.miomiorun.com\/fr\/produit\/ultralight-12-litres\/\"]}]},{\"@type\":\"ImageObject\",\"inLanguage\":\"fr-FR\",\"@id\":\"https:\/\/www.miomiorun.com\/fr\/produit\/ultralight-12-litres\/#primaryimage\",\"url\":\"https:\/\/www.miomiorun.com\/app\/uploads\/2025\/04\/raidlight-Ultralight-12L-GRNB86.webp\",\"contentUrl\":\"https:\/\/www.miomiorun.com\/app\/uploads\/2025\/04\/raidlight-Ultralight-12L-GRNB86.webp\",\"width\":600,\"height\":600,\"caption\":\"raidlight Ultralight 12L GRNB86\"},{\"@type\":\"BreadcrumbList\",\"@id\":\"https:\/\/www.miomiorun.com\/fr\/produit\/ultralight-12-litres\/#breadcrumb\",\"itemListElement\":[{\"@type\":\"ListItem\",\"position\":1,\"name\":\"Home\",\"item\":\"https:\/\/www.miomiorun.com\/fr\/home-page\/\"},{\"@type\":\"ListItem\",\"position\":2,\"name\":\"Shop\",\"item\":\"https:\/\/www.miomiorun.com\/shop\/\"},{\"@type\":\"ListItem\",\"position\":3,\"name\":\"Ultralight 12 litres\"}]},{\"@type\":\"WebSite\",\"@id\":\"https:\/\/www.miomiorun.com\/fr\/#website\",\"url\":\"https:\/\/www.miomiorun.com\/fr\/\",\"name\":\"MioMioRun\",\"description\":\"Boutique 100% running et trail\",\"publisher\":{\"@id\":\"https:\/\/www.miomiorun.com\/fr\/#organization\"},\"potentialAction\":[{\"@type\":\"SearchAction\",\"target\":{\"@type\":\"EntryPoint\",\"urlTemplate\":\"https:\/\/www.miomiorun.com\/fr\/?s={search_term_string}\"},\"query-input\":{\"@type\":\"PropertyValueSpecification\",\"valueRequired\":true,\"valueName\":\"search_term_string\"}}],\"inLanguage\":\"fr-FR\"},{\"@type\":\"Organization\",\"@id\":\"https:\/\/www.miomiorun.com\/fr\/#organization\",\"name\":\"MioMio Run\",\"url\":\"https:\/\/www.miomiorun.com\/fr\/\",\"logo\":{\"@type\":\"ImageObject\",\"inLanguage\":\"fr-FR\",\"@id\":\"https:\/\/www.miomiorun.com\/fr\/#\/schema\/logo\/image\/\",\"url\":\"https:\/\/www.miomiorun.com\/app\/uploads\/2019\/12\/logomio.png\",\"contentUrl\":\"https:\/\/www.miomiorun.com\/app\/uploads\/2019\/12\/logomio.png\",\"width\":115,\"height\":82,\"caption\":\"MioMio Run\"},\"image\":{\"@id\":\"https:\/\/www.miomiorun.com\/fr\/#\/schema\/logo\/image\/\"},\"sameAs\":[\"https:\/\/www.facebook.com\/miomiorun\/\",\"https:\/\/www.instagram.com\/miomiorun\/\"]}]}<\/script>\n<!-- \/ Yoast SEO plugin. -->","yoast_head_json":{"title":"Raidlight Ultralight 12 litres - Sac \u00e0 dos de randonn\u00e9e - MioMioRun","description":"Sac \u00e0 dos Ultralight Trail 12L pour homme fabriqu\u00e9 en France : ergonomique, l\u00e9ger et id\u00e9al pour les aventures en plein air. D\u00e9couvrez le confort en mouvement !","robots":{"index":"index","follow":"follow","max-snippet":"max-snippet:-1","max-image-preview":"max-image-preview:large","max-video-preview":"max-video-preview:-1"},"canonical":"https:\/\/www.miomiorun.com\/fr\/produit\/ultralight-12-litres\/","og_locale":"fr_FR","og_type":"article","og_title":"Raidlight Ultralight 12 litres - Sac \u00e0 dos de randonn\u00e9e - MioMioRun","og_description":"Sac \u00e0 dos Ultralight Trail 12L pour homme fabriqu\u00e9 en France : ergonomique, l\u00e9ger et id\u00e9al pour les aventures en plein air. D\u00e9couvrez le confort en mouvement !","og_url":"https:\/\/www.miomiorun.com\/fr\/produit\/ultralight-12-litres\/","og_site_name":"MioMioRun","article_publisher":"https:\/\/www.facebook.com\/miomiorun\/","article_modified_time":"2025-05-09T16:55:04+00:00","og_image":[{"width":600,"height":600,"url":"https:\/\/www.miomiorun.com\/app\/uploads\/2025\/04\/raidlight-Ultralight-12L-GRNB86.webp","type":"image\/webp"}],"twitter_card":"summary_large_image","twitter_misc":{"Est. reading time":"2 minutes"},"schema":{"@context":"https:\/\/schema.org","@graph":[{"@type":"WebPage","@id":"https:\/\/www.miomiorun.com\/fr\/produit\/ultralight-12-litres\/","url":"https:\/\/www.miomiorun.com\/fr\/produit\/ultralight-12-litres\/","name":"Raidlight Ultralight 12 litres - Sac \u00e0 dos de randonn\u00e9e - MioMioRun","isPartOf":{"@id":"https:\/\/www.miomiorun.com\/fr\/#website"},"primaryImageOfPage":{"@id":"https:\/\/www.miomiorun.com\/fr\/produit\/ultralight-12-litres\/#primaryimage"},"image":{"@id":"https:\/\/www.miomiorun.com\/fr\/produit\/ultralight-12-litres\/#primaryimage"},"thumbnailUrl":"https:\/\/www.miomiorun.com\/app\/uploads\/2025\/04\/raidlight-Ultralight-12L-GRNB86.webp","datePublished":"2025-04-09T08:06:19+00:00","dateModified":"2025-05-09T16:55:04+00:00","description":"Sac \u00e0 dos Ultralight Trail 12L pour homme fabriqu\u00e9 en France : ergonomique, l\u00e9ger et id\u00e9al pour les aventures en plein air. D\u00e9couvrez le confort en mouvement !","breadcrumb":{"@id":"https:\/\/www.miomiorun.com\/fr\/produit\/ultralight-12-litres\/#breadcrumb"},"inLanguage":"fr-FR","potentialAction":[{"@type":"ReadAction","target":["https:\/\/www.miomiorun.com\/fr\/produit\/ultralight-12-litres\/"]}]},{"@type":"ImageObject","inLanguage":"fr-FR","@id":"https:\/\/www.miomiorun.com\/fr\/produit\/ultralight-12-litres\/#primaryimage","url":"https:\/\/www.miomiorun.com\/app\/uploads\/2025\/04\/raidlight-Ultralight-12L-GRNB86.webp","contentUrl":"https:\/\/www.miomiorun.com\/app\/uploads\/2025\/04\/raidlight-Ultralight-12L-GRNB86.webp","width":600,"height":600,"caption":"raidlight Ultralight 12L GRNB86"},{"@type":"BreadcrumbList","@id":"https:\/\/www.miomiorun.com\/fr\/produit\/ultralight-12-litres\/#breadcrumb","itemListElement":[{"@type":"ListItem","position":1,"name":"Home","item":"https:\/\/www.miomiorun.com\/fr\/home-page\/"},{"@type":"ListItem","position":2,"name":"Shop","item":"https:\/\/www.miomiorun.com\/shop\/"},{"@type":"ListItem","position":3,"name":"Ultralight 12 litres"}]},{"@type":"WebSite","@id":"https:\/\/www.miomiorun.com\/fr\/#website","url":"https:\/\/www.miomiorun.com\/fr\/","name":"MioMioRun","description":"Boutique 100% running et trail","publisher":{"@id":"https:\/\/www.miomiorun.com\/fr\/#organization"},"potentialAction":[{"@type":"SearchAction","target":{"@type":"EntryPoint","urlTemplate":"https:\/\/www.miomiorun.com\/fr\/?s={search_term_string}"},"query-input":{"@type":"PropertyValueSpecification","valueRequired":true,"valueName":"search_term_string"}}],"inLanguage":"fr-FR"},{"@type":"Organization","@id":"https:\/\/www.miomiorun.com\/fr\/#organization","name":"MioMio Run","url":"https:\/\/www.miomiorun.com\/fr\/","logo":{"@type":"ImageObject","inLanguage":"fr-FR","@id":"https:\/\/www.miomiorun.com\/fr\/#\/schema\/logo\/image\/","url":"https:\/\/www.miomiorun.com\/app\/uploads\/2019\/12\/logomio.png","contentUrl":"https:\/\/www.miomiorun.com\/app\/uploads\/2019\/12\/logomio.png","width":115,"height":82,"caption":"MioMio Run"},"image":{"@id":"https:\/\/www.miomiorun.com\/fr\/#\/schema\/logo\/image\/"},"sameAs":["https:\/\/www.facebook.com\/miomiorun\/","https:\/\/www.instagram.com\/miomiorun\/"]}]}},"_links":{"self":[{"href":"https:\/\/www.miomiorun.com\/fr\/wp-json\/wp\/v2\/product\/301076","targetHints":{"allow":["GET"]}}],"collection":[{"href":"https:\/\/www.miomiorun.com\/fr\/wp-json\/wp\/v2\/product"}],"about":[{"href":"https:\/\/www.miomiorun.com\/fr\/wp-json\/wp\/v2\/types\/product"}],"wp:featuredmedia":[{"embeddable":true,"href":"https:\/\/www.miomiorun.com\/fr\/wp-json\/wp\/v2\/media\/273397"}],"wp:attachment":[{"href":"https:\/\/www.miomiorun.com\/fr\/wp-json\/wp\/v2\/media?parent=301076"}],"wp:term":[{"taxonomy":"product_brand","embeddable":true,"href":"https:\/\/www.miomiorun.com\/fr\/wp-json\/wp\/v2\/product_brand?post=301076"},{"taxonomy":"product_cat","embeddable":true,"href":"https:\/\/www.miomiorun.com\/fr\/wp-json\/wp\/v2\/product_cat?post=301076"},{"taxonomy":"product_tag","embeddable":true,"href":"https:\/\/www.miomiorun.com\/fr\/wp-json\/wp\/v2\/product_tag?post=301076"}],"curies":[{"name":"wp","href":"https:\/\/api.w.org\/{rel}","templated":true}]}}