{"id":301050,"date":"2025-04-09T11:16:09","date_gmt":"2025-04-09T09:16:09","guid":{"rendered":"https:\/\/miomiorun.com\/?post_type=product&#038;p=301050"},"modified":"2025-11-20T16:49:35","modified_gmt":"2025-11-20T15:49:35","slug":"black-canyon-waterproof-jacket-unisex","status":"publish","type":"product","link":"https:\/\/www.miomiorun.com\/fr\/produit\/black-canyon-waterproof-jacket-unisex\/","title":{"rendered":"Black Canyon Waterproof Jacket Unisex"},"content":{"rendered":"<p class=\"\" data-start=\"218\" data-end=\"538\">Affrontez les courses les plus difficiles, m\u00eame sous la pluie, avec la <strong data-start=\"282\" data-end=\"312\">veste Black Canyon Unisex<\/strong>, con\u00e7ue pour offrir protection, l\u00e9g\u00e8ret\u00e9 et praticit\u00e9 maximale. Parfaite pour le trail running, l&#8217;entra\u00eenement sur route ou les randonn\u00e9es dans des conditions climatiques d\u00e9favorables, cette veste est un concentr\u00e9 de technologie et de fonctionnalit\u00e9.<\/p>\n<h4 class=\"\" data-start=\"540\" data-end=\"587\"><strong data-start=\"545\" data-end=\"587\">Imperm\u00e9abilit\u00e9 et respirabilit\u00e9 maximales<\/strong><\/h4>\n<p class=\"\" data-start=\"588\" data-end=\"948\">Fabriqu\u00e9e en <strong data-start=\"602\" data-end=\"641\">polyester enduit semi-transparent<\/strong> avec <strong data-start=\"646\" data-end=\"667\">coutures \u00e9tanches<\/strong> et <strong data-start=\"670\" data-end=\"685\">fermetures \u00e9clair caoutchout\u00e9es<\/strong>, elle garantit une <strong data-start=\"702\" data-end=\"750\">protection imperm\u00e9able jusqu&#8217;\u00e0 10 000 mm H\u2082O<\/strong>, vous gardant au sec m\u00eame sous des pluies intenses. En m\u00eame temps, son haut niveau de <strong data-start=\"842\" data-end=\"882\">respirabilit\u00e9 (MVP 10 000 g\/m\u00b2\/24h)<\/strong> permet \u00e0 la peau de respirer m\u00eame pendant les efforts prolong\u00e9s.<\/p>\n<h4 class=\"\" data-start=\"950\" data-end=\"982\"><strong data-start=\"955\" data-end=\"982\">Ultra-l\u00e9g\u00e8re et compacte<\/strong><\/h4>\n<p class=\"\" data-start=\"983\" data-end=\"1202\">Avec un <strong data-start=\"990\" data-end=\"1028\">poids de seulement 128 grammes (taille M)<\/strong>, elle est incroyablement l\u00e9g\u00e8re et <strong data-start=\"1058\" data-end=\"1091\">facilement compressible<\/strong> dans la pratique <strong data-start=\"1106\" data-end=\"1136\">poche zipp\u00e9e sur la manche<\/strong>, parfaite \u00e9galement pour ranger de petits objets pendant l&#8217;activit\u00e9.<\/p>\n<h4 class=\"\" data-start=\"1204\" data-end=\"1252\"><strong data-start=\"1209\" data-end=\"1252\">Conception intelligente pour les athl\u00e8tes exigeants<\/strong><\/h4>\n<p class=\"\" data-start=\"1253\" data-end=\"1316\">Chaque d\u00e9tail a \u00e9t\u00e9 \u00e9tudi\u00e9 pour optimiser les performances :<\/p>\n<ul data-start=\"1317\" data-end=\"1673\">\n<li class=\"\" data-start=\"1317\" data-end=\"1387\">\n<p class=\"\" data-start=\"1319\" data-end=\"1387\"><strong data-start=\"1319\" data-end=\"1337\">Coupe unisexe<\/strong> et coupe technique qui suit les mouvements du corps.<\/p>\n<\/li>\n<li class=\"\" data-start=\"1388\" data-end=\"1477\">\n<p class=\"\" data-start=\"1390\" data-end=\"1477\"><strong data-start=\"1390\" data-end=\"1427\">Manches et capuche \u00e9lastiques<\/strong> pour un ajustement stable et aucune infiltration.<\/p>\n<\/li>\n<li class=\"\" data-start=\"1478\" data-end=\"1583\">\n<p class=\"\" data-start=\"1480\" data-end=\"1583\"><strong data-start=\"1480\" data-end=\"1514\">Bouton de s\u00e9curit\u00e9 sur la poitrine<\/strong> pour \u00e9viter que la veste ne s&#8217;ouvre compl\u00e8tement lorsque la fermeture \u00e9clair est ouverte. <\/p>\n<\/li>\n<li class=\"\" data-start=\"1584\" data-end=\"1673\">\n<p class=\"\" data-start=\"1586\" data-end=\"1673\"><strong data-start=\"1586\" data-end=\"1630\">Logos r\u00e9fl\u00e9chissants \u00e0 l&#8217;avant et \u00e0 l&#8217;arri\u00e8re<\/strong> pour une visibilit\u00e9 optimale m\u00eame dans l&#8217;obscurit\u00e9. <\/p>\n<\/li>\n<\/ul>\n<p><strong data-start=\"1680\" data-end=\"1703\">Black Canyon Unisex<\/strong> est le choix id\u00e9al pour ceux qui ne se laissent pas arr\u00eater par la m\u00e9t\u00e9o : technologie, protection et confort dans un v\u00eatement indispensable pour tous les coureurs ou amateurs de plein air.<\/p>\n<section class=\"elementor-element elementor-element-060a251 slideanim elementor-section-boxed elementor-section-height-default elementor-section-height-default elementor-section elementor-inner-section slide\" data-id=\"060a251\" data-element_type=\"section\">\n<div class=\"elementor-container elementor-column-gap-default\">\n<div class=\"elementor-row\">\n<div class=\"elementor-element elementor-element-745c9fa elementor-column elementor-col-25 elementor-inner-column\" data-id=\"745c9fa\" data-element_type=\"column\">\n<div class=\"elementor-column-wrap elementor-element-populated\">\n<div class=\"elementor-widget-wrap\">\n<div class=\"elementor-element elementor-element-993ef1d elementor-widget elementor-widget-image\" data-id=\"993ef1d\" data-element_type=\"widget\" data-widget_type=\"image.default\">\n<div class=\"elementor-widget-container\">\n<div class=\"elementor-image\"><\/div>\n<\/div>\n<\/div>\n<div class=\"elementor-element elementor-element-d8c2186 elementor-widget elementor-widget-text-editor\" data-id=\"d8c2186\" data-element_type=\"widget\" data-widget_type=\"text-editor.default\">\n<div class=\"elementor-widget-container\">\n<div class=\"elementor-text-editor elementor-clearfix\"><\/div>\n<\/div>\n<\/div>\n<\/div>\n<\/div>\n<\/div>\n<div class=\"elementor-element elementor-element-08eab01 elementor-column elementor-col-25 elementor-inner-column\" data-id=\"08eab01\" data-element_type=\"column\">\n<div class=\"elementor-column-wrap elementor-element-populated\">\n<div class=\"elementor-widget-wrap\">\n<div class=\"elementor-element elementor-element-771b82b elementor-widget elementor-widget-text-editor\" data-id=\"771b82b\" data-element_type=\"widget\" data-widget_type=\"text-editor.default\">\n<div class=\"elementor-widget-container\">\n<div class=\"elementor-text-editor elementor-clearfix\">\n<p>&nbsp;<\/p>\n<\/div>\n<\/div>\n<\/div>\n<\/div>\n<\/div>\n<\/div>\n<\/div>\n<\/div>\n<\/section>\n","protected":false},"excerpt":{"rendered":"<ul>\n<li>Coupe unisexe<\/li>\n<li>Bouton de s\u00e9curit\u00e9 sur la poitrine<\/li>\n<li>Imperm\u00e9able jusqu&#8217;\u00e0 10 000 mm H\u2082O<\/li>\n<\/ul>\n","protected":false},"featured_media":308660,"template":"","meta":{"_acf_changed":false,"inline_featured_image":false},"product_brand":[],"product_cat":[22599,24480,22596,24482],"product_tag":[23528,23568,23567],"class_list":{"0":"post-301050","1":"product","2":"type-product","3":"status-publish","4":"has-post-thumbnail","6":"product_cat-vestes","7":"product_cat-vestes-fr-2","8":"product_cat-vetements-pour-femmes","9":"product_cat-vetements-pour-hommes-fr","10":"product_tag-wild-tee-fr","11":"product_tag-wild-tee-femme","12":"product_tag-wild-tee-homme","13":"pa_attivita-marcher","14":"pa_attivita-running-fr","15":"pa_attivita-trail-fr","16":"pa_marca-wild-tee-fr","17":"pa_sesso-femme","18":"pa_sesso-homme","19":"pa_size-xxs-fr","20":"pa_size-extra-small-fr","21":"pa_size-small-fr","22":"pa_size-medium-fr","23":"pa_size-large-fr","24":"pa_size-extra-large-fr","26":"first","27":"instock","28":"sale","29":"taxable","30":"shipping-taxable","31":"purchasable","32":"product-type-variable","33":"wvs-archive-product-wrapper"},"acf":[],"yoast_head":"<!-- This site is optimized with the Yoast SEO plugin v26.8 - https:\/\/yoast.com\/product\/yoast-seo-wordpress\/ -->\n<title>Wild Tee Black Canyon Waterproof Jacket Unisex - veste de course - MioMioRun<\/title>\n<meta name=\"description\" content=\"Veste Black Canyon Unisexe imperm\u00e9able et respirante, ultra-l\u00e9g\u00e8re, avec fermetures \u00e9clair thermosoud\u00e9es et d\u00e9tails r\u00e9fl\u00e9chissants. Parfaite pour le running et le trail.\" \/>\n<meta name=\"robots\" content=\"index, follow, max-snippet:-1, max-image-preview:large, max-video-preview:-1\" \/>\n<link rel=\"canonical\" href=\"https:\/\/www.miomiorun.com\/fr\/produit\/black-canyon-waterproof-jacket-unisex\/\" \/>\n<meta property=\"og:locale\" content=\"fr_FR\" \/>\n<meta property=\"og:type\" content=\"article\" \/>\n<meta property=\"og:title\" content=\"Wild Tee Black Canyon Waterproof Jacket Unisex - veste de course - MioMioRun\" \/>\n<meta property=\"og:description\" content=\"Veste Black Canyon Unisexe imperm\u00e9able et respirante, ultra-l\u00e9g\u00e8re, avec fermetures \u00e9clair thermosoud\u00e9es et d\u00e9tails r\u00e9fl\u00e9chissants. Parfaite pour le running et le trail.\" \/>\n<meta property=\"og:url\" content=\"https:\/\/www.miomiorun.com\/fr\/produit\/black-canyon-waterproof-jacket-unisex\/\" \/>\n<meta property=\"og:site_name\" content=\"MioMioRun\" \/>\n<meta property=\"article:publisher\" content=\"https:\/\/www.facebook.com\/miomiorun\/\" \/>\n<meta property=\"article:modified_time\" content=\"2025-11-20T15:49:35+00:00\" \/>\n<meta property=\"og:image\" content=\"https:\/\/www.miomiorun.com\/app\/uploads\/2025\/04\/wild-tee-Black-canyon-WR-jacket-WT720WT01.webp\" \/>\n\t<meta property=\"og:image:width\" content=\"600\" \/>\n\t<meta property=\"og:image:height\" content=\"600\" \/>\n\t<meta property=\"og:image:type\" content=\"image\/webp\" \/>\n<meta name=\"twitter:card\" content=\"summary_large_image\" \/>\n<meta name=\"twitter:label1\" content=\"Est. reading time\" \/>\n\t<meta name=\"twitter:data1\" content=\"1 minute\" \/>\n<script type=\"application\/ld+json\" class=\"yoast-schema-graph\">{\"@context\":\"https:\/\/schema.org\",\"@graph\":[{\"@type\":\"WebPage\",\"@id\":\"https:\/\/www.miomiorun.com\/fr\/produit\/black-canyon-waterproof-jacket-unisex\/\",\"url\":\"https:\/\/www.miomiorun.com\/fr\/produit\/black-canyon-waterproof-jacket-unisex\/\",\"name\":\"Wild Tee Black Canyon Waterproof Jacket Unisex - veste de course - MioMioRun\",\"isPartOf\":{\"@id\":\"https:\/\/www.miomiorun.com\/fr\/#website\"},\"primaryImageOfPage\":{\"@id\":\"https:\/\/www.miomiorun.com\/fr\/produit\/black-canyon-waterproof-jacket-unisex\/#primaryimage\"},\"image\":{\"@id\":\"https:\/\/www.miomiorun.com\/fr\/produit\/black-canyon-waterproof-jacket-unisex\/#primaryimage\"},\"thumbnailUrl\":\"https:\/\/www.miomiorun.com\/app\/uploads\/2025\/04\/wild-tee-Black-canyon-WR-jacket-WT720WT01.webp\",\"datePublished\":\"2025-04-09T09:16:09+00:00\",\"dateModified\":\"2025-11-20T15:49:35+00:00\",\"description\":\"Veste Black Canyon Unisexe imperm\u00e9able et respirante, ultra-l\u00e9g\u00e8re, avec fermetures \u00e9clair thermosoud\u00e9es et d\u00e9tails r\u00e9fl\u00e9chissants. Parfaite pour le running et le trail.\",\"breadcrumb\":{\"@id\":\"https:\/\/www.miomiorun.com\/fr\/produit\/black-canyon-waterproof-jacket-unisex\/#breadcrumb\"},\"inLanguage\":\"fr-FR\",\"potentialAction\":[{\"@type\":\"ReadAction\",\"target\":[\"https:\/\/www.miomiorun.com\/fr\/produit\/black-canyon-waterproof-jacket-unisex\/\"]}]},{\"@type\":\"ImageObject\",\"inLanguage\":\"fr-FR\",\"@id\":\"https:\/\/www.miomiorun.com\/fr\/produit\/black-canyon-waterproof-jacket-unisex\/#primaryimage\",\"url\":\"https:\/\/www.miomiorun.com\/app\/uploads\/2025\/04\/wild-tee-Black-canyon-WR-jacket-WT720WT01.webp\",\"contentUrl\":\"https:\/\/www.miomiorun.com\/app\/uploads\/2025\/04\/wild-tee-Black-canyon-WR-jacket-WT720WT01.webp\",\"width\":600,\"height\":600,\"caption\":\"wild tee Black canyon WR jacket WT720WT01\"},{\"@type\":\"BreadcrumbList\",\"@id\":\"https:\/\/www.miomiorun.com\/fr\/produit\/black-canyon-waterproof-jacket-unisex\/#breadcrumb\",\"itemListElement\":[{\"@type\":\"ListItem\",\"position\":1,\"name\":\"Home\",\"item\":\"https:\/\/www.miomiorun.com\/fr\/home-page\/\"},{\"@type\":\"ListItem\",\"position\":2,\"name\":\"Shop\",\"item\":\"https:\/\/www.miomiorun.com\/shop\/\"},{\"@type\":\"ListItem\",\"position\":3,\"name\":\"Black Canyon Waterproof Jacket Unisex\"}]},{\"@type\":\"WebSite\",\"@id\":\"https:\/\/www.miomiorun.com\/fr\/#website\",\"url\":\"https:\/\/www.miomiorun.com\/fr\/\",\"name\":\"MioMioRun\",\"description\":\"Boutique 100% running et trail\",\"publisher\":{\"@id\":\"https:\/\/www.miomiorun.com\/fr\/#organization\"},\"potentialAction\":[{\"@type\":\"SearchAction\",\"target\":{\"@type\":\"EntryPoint\",\"urlTemplate\":\"https:\/\/www.miomiorun.com\/fr\/?s={search_term_string}\"},\"query-input\":{\"@type\":\"PropertyValueSpecification\",\"valueRequired\":true,\"valueName\":\"search_term_string\"}}],\"inLanguage\":\"fr-FR\"},{\"@type\":\"Organization\",\"@id\":\"https:\/\/www.miomiorun.com\/fr\/#organization\",\"name\":\"MioMio Run\",\"url\":\"https:\/\/www.miomiorun.com\/fr\/\",\"logo\":{\"@type\":\"ImageObject\",\"inLanguage\":\"fr-FR\",\"@id\":\"https:\/\/www.miomiorun.com\/fr\/#\/schema\/logo\/image\/\",\"url\":\"https:\/\/www.miomiorun.com\/app\/uploads\/2019\/12\/logomio.png\",\"contentUrl\":\"https:\/\/www.miomiorun.com\/app\/uploads\/2019\/12\/logomio.png\",\"width\":115,\"height\":82,\"caption\":\"MioMio Run\"},\"image\":{\"@id\":\"https:\/\/www.miomiorun.com\/fr\/#\/schema\/logo\/image\/\"},\"sameAs\":[\"https:\/\/www.facebook.com\/miomiorun\/\",\"https:\/\/www.instagram.com\/miomiorun\/\"]}]}<\/script>\n<!-- \/ Yoast SEO plugin. -->","yoast_head_json":{"title":"Wild Tee Black Canyon Waterproof Jacket Unisex - veste de course - MioMioRun","description":"Veste Black Canyon Unisexe imperm\u00e9able et respirante, ultra-l\u00e9g\u00e8re, avec fermetures \u00e9clair thermosoud\u00e9es et d\u00e9tails r\u00e9fl\u00e9chissants. Parfaite pour le running et le trail.","robots":{"index":"index","follow":"follow","max-snippet":"max-snippet:-1","max-image-preview":"max-image-preview:large","max-video-preview":"max-video-preview:-1"},"canonical":"https:\/\/www.miomiorun.com\/fr\/produit\/black-canyon-waterproof-jacket-unisex\/","og_locale":"fr_FR","og_type":"article","og_title":"Wild Tee Black Canyon Waterproof Jacket Unisex - veste de course - MioMioRun","og_description":"Veste Black Canyon Unisexe imperm\u00e9able et respirante, ultra-l\u00e9g\u00e8re, avec fermetures \u00e9clair thermosoud\u00e9es et d\u00e9tails r\u00e9fl\u00e9chissants. Parfaite pour le running et le trail.","og_url":"https:\/\/www.miomiorun.com\/fr\/produit\/black-canyon-waterproof-jacket-unisex\/","og_site_name":"MioMioRun","article_publisher":"https:\/\/www.facebook.com\/miomiorun\/","article_modified_time":"2025-11-20T15:49:35+00:00","og_image":[{"width":600,"height":600,"url":"https:\/\/www.miomiorun.com\/app\/uploads\/2025\/04\/wild-tee-Black-canyon-WR-jacket-WT720WT01.webp","type":"image\/webp"}],"twitter_card":"summary_large_image","twitter_misc":{"Est. reading time":"1 minute"},"schema":{"@context":"https:\/\/schema.org","@graph":[{"@type":"WebPage","@id":"https:\/\/www.miomiorun.com\/fr\/produit\/black-canyon-waterproof-jacket-unisex\/","url":"https:\/\/www.miomiorun.com\/fr\/produit\/black-canyon-waterproof-jacket-unisex\/","name":"Wild Tee Black Canyon Waterproof Jacket Unisex - veste de course - MioMioRun","isPartOf":{"@id":"https:\/\/www.miomiorun.com\/fr\/#website"},"primaryImageOfPage":{"@id":"https:\/\/www.miomiorun.com\/fr\/produit\/black-canyon-waterproof-jacket-unisex\/#primaryimage"},"image":{"@id":"https:\/\/www.miomiorun.com\/fr\/produit\/black-canyon-waterproof-jacket-unisex\/#primaryimage"},"thumbnailUrl":"https:\/\/www.miomiorun.com\/app\/uploads\/2025\/04\/wild-tee-Black-canyon-WR-jacket-WT720WT01.webp","datePublished":"2025-04-09T09:16:09+00:00","dateModified":"2025-11-20T15:49:35+00:00","description":"Veste Black Canyon Unisexe imperm\u00e9able et respirante, ultra-l\u00e9g\u00e8re, avec fermetures \u00e9clair thermosoud\u00e9es et d\u00e9tails r\u00e9fl\u00e9chissants. Parfaite pour le running et le trail.","breadcrumb":{"@id":"https:\/\/www.miomiorun.com\/fr\/produit\/black-canyon-waterproof-jacket-unisex\/#breadcrumb"},"inLanguage":"fr-FR","potentialAction":[{"@type":"ReadAction","target":["https:\/\/www.miomiorun.com\/fr\/produit\/black-canyon-waterproof-jacket-unisex\/"]}]},{"@type":"ImageObject","inLanguage":"fr-FR","@id":"https:\/\/www.miomiorun.com\/fr\/produit\/black-canyon-waterproof-jacket-unisex\/#primaryimage","url":"https:\/\/www.miomiorun.com\/app\/uploads\/2025\/04\/wild-tee-Black-canyon-WR-jacket-WT720WT01.webp","contentUrl":"https:\/\/www.miomiorun.com\/app\/uploads\/2025\/04\/wild-tee-Black-canyon-WR-jacket-WT720WT01.webp","width":600,"height":600,"caption":"wild tee Black canyon WR jacket WT720WT01"},{"@type":"BreadcrumbList","@id":"https:\/\/www.miomiorun.com\/fr\/produit\/black-canyon-waterproof-jacket-unisex\/#breadcrumb","itemListElement":[{"@type":"ListItem","position":1,"name":"Home","item":"https:\/\/www.miomiorun.com\/fr\/home-page\/"},{"@type":"ListItem","position":2,"name":"Shop","item":"https:\/\/www.miomiorun.com\/shop\/"},{"@type":"ListItem","position":3,"name":"Black Canyon Waterproof Jacket Unisex"}]},{"@type":"WebSite","@id":"https:\/\/www.miomiorun.com\/fr\/#website","url":"https:\/\/www.miomiorun.com\/fr\/","name":"MioMioRun","description":"Boutique 100% running et trail","publisher":{"@id":"https:\/\/www.miomiorun.com\/fr\/#organization"},"potentialAction":[{"@type":"SearchAction","target":{"@type":"EntryPoint","urlTemplate":"https:\/\/www.miomiorun.com\/fr\/?s={search_term_string}"},"query-input":{"@type":"PropertyValueSpecification","valueRequired":true,"valueName":"search_term_string"}}],"inLanguage":"fr-FR"},{"@type":"Organization","@id":"https:\/\/www.miomiorun.com\/fr\/#organization","name":"MioMio Run","url":"https:\/\/www.miomiorun.com\/fr\/","logo":{"@type":"ImageObject","inLanguage":"fr-FR","@id":"https:\/\/www.miomiorun.com\/fr\/#\/schema\/logo\/image\/","url":"https:\/\/www.miomiorun.com\/app\/uploads\/2019\/12\/logomio.png","contentUrl":"https:\/\/www.miomiorun.com\/app\/uploads\/2019\/12\/logomio.png","width":115,"height":82,"caption":"MioMio Run"},"image":{"@id":"https:\/\/www.miomiorun.com\/fr\/#\/schema\/logo\/image\/"},"sameAs":["https:\/\/www.facebook.com\/miomiorun\/","https:\/\/www.instagram.com\/miomiorun\/"]}]}},"_links":{"self":[{"href":"https:\/\/www.miomiorun.com\/fr\/wp-json\/wp\/v2\/product\/301050","targetHints":{"allow":["GET"]}}],"collection":[{"href":"https:\/\/www.miomiorun.com\/fr\/wp-json\/wp\/v2\/product"}],"about":[{"href":"https:\/\/www.miomiorun.com\/fr\/wp-json\/wp\/v2\/types\/product"}],"wp:featuredmedia":[{"embeddable":true,"href":"https:\/\/www.miomiorun.com\/fr\/wp-json\/wp\/v2\/media\/308660"}],"wp:attachment":[{"href":"https:\/\/www.miomiorun.com\/fr\/wp-json\/wp\/v2\/media?parent=301050"}],"wp:term":[{"taxonomy":"product_brand","embeddable":true,"href":"https:\/\/www.miomiorun.com\/fr\/wp-json\/wp\/v2\/product_brand?post=301050"},{"taxonomy":"product_cat","embeddable":true,"href":"https:\/\/www.miomiorun.com\/fr\/wp-json\/wp\/v2\/product_cat?post=301050"},{"taxonomy":"product_tag","embeddable":true,"href":"https:\/\/www.miomiorun.com\/fr\/wp-json\/wp\/v2\/product_tag?post=301050"}],"curies":[{"name":"wp","href":"https:\/\/api.w.org\/{rel}","templated":true}]}}