{"id":301011,"date":"2025-04-10T10:52:27","date_gmt":"2025-04-10T08:52:27","guid":{"rendered":"https:\/\/miomiorun.com\/?post_type=product&#038;p=301011"},"modified":"2026-05-08T22:38:51","modified_gmt":"2026-05-08T20:38:51","slug":"road-beige-t-shirt-homme","status":"publish","type":"product","link":"https:\/\/www.miomiorun.com\/fr\/produit\/road-beige-t-shirt-homme\/","title":{"rendered":"Road Beige T-shirt homme"},"content":{"rendered":"<p class=\"\" data-start=\"256\" data-end=\"596\">Design minimaliste, efficacit\u00e9 maximale. Le t-shirt \u00ab Essential \u00bb a \u00e9t\u00e9 con\u00e7u pour ceux qui courent en ville avec d\u00e9termination et style. Faisant partie int\u00e9grante de la deuxi\u00e8me <strong data-start=\"434\" data-end=\"453\">Road Collection<\/strong>, c&#8217;est un v\u00eatement technique con\u00e7u pour offrir l\u00e9g\u00e8ret\u00e9, respirabilit\u00e9 et polyvalence, tant lors des comp\u00e9titions urbaines que lors des s\u00e9ances en salle.<\/p>\n<p class=\"\" data-start=\"598\" data-end=\"987\">Fabriqu\u00e9 \u00e0 partir de <strong data-start=\"612\" data-end=\"647\">tissu recycl\u00e9 Made in Italy<\/strong>, ce t-shirt ultra-l\u00e9ger allie esth\u00e9tique \u00e9pur\u00e9e et performances \u00e9lev\u00e9es. Sa coupe essentielle et sa couleur beige neutre le rendent facile \u00e0 assortir \u00e0 n&#8217;importe quelle tenue sportive ou d\u00e9contract\u00e9e. Id\u00e9al pour les entra\u00eenements en salle, parfait pour les courses en ville : c&#8217;est le v\u00eatement \u00ab essentiel \u00bb qui ne peut manquer dans votre garde-robe technique. <\/p>\n<p><strong data-start=\"994\" data-end=\"1025\">Caract\u00e9ristiques principales :<\/strong><\/p>\n<ul data-start=\"1027\" data-end=\"1277\">\n<li class=\"\" data-start=\"1027\" data-end=\"1069\">\n<p class=\"\" data-start=\"1029\" data-end=\"1069\">T-shirt technique pour le running et le fitness<\/p>\n<\/li>\n<li class=\"\" data-start=\"1070\" data-end=\"1126\">\n<p class=\"\" data-start=\"1072\" data-end=\"1126\">Tissu recycl\u00e9 respirant et \u00e0 s\u00e9chage rapide<\/p>\n<\/li>\n<li class=\"\" data-start=\"1127\" data-end=\"1160\">\n<p class=\"\" data-start=\"1129\" data-end=\"1160\">Ultra-l\u00e9ger : seulement 96 grammes<\/p>\n<\/li>\n<li class=\"\" data-start=\"1161\" data-end=\"1198\">\n<p class=\"\" data-start=\"1163\" data-end=\"1198\">Design minimaliste, coupe essentielle<\/p>\n<\/li>\n<li class=\"\" data-start=\"1199\" data-end=\"1253\">\n<p class=\"\" data-start=\"1201\" data-end=\"1253\">Fait partie de la collection Road, id\u00e9ale pour un usage urbain<\/p>\n<\/li>\n<li class=\"\" data-start=\"1254\" data-end=\"1277\">\n<p class=\"\" data-start=\"1256\" data-end=\"1277\">Tissu Made in Italy<\/p>\n<\/li>\n<\/ul>\n","protected":false},"excerpt":{"rendered":"<ul>\n<li>\n<p class=\"\" data-start=\"1029\" data-end=\"1069\">T-shirt technique pour le running et le fitness<\/p>\n<\/li>\n<li>Design minimaliste, coupe \u00e9pur\u00e9e<\/li>\n<\/ul>\n","protected":false},"featured_media":308671,"template":"","meta":{"_acf_changed":false,"inline_featured_image":false},"product_brand":[],"product_cat":[24449,24482],"product_tag":[23528,23567],"class_list":{"0":"post-301011","1":"product","2":"type-product","3":"status-publish","4":"has-post-thumbnail","6":"product_cat-t-shirt-fr-3","7":"product_cat-vetements-pour-hommes-fr","8":"product_tag-wild-tee-fr","9":"product_tag-wild-tee-homme","10":"pa_attivita-marcher","11":"pa_attivita-running-fr","12":"pa_attivita-trail-fr","13":"pa_marca-wild-tee-fr","14":"pa_sesso-homme","15":"pa_size-small-fr","16":"pa_size-extra-large-fr","18":"first","19":"instock","20":"sale","21":"taxable","22":"shipping-taxable","23":"purchasable","24":"product-type-variable","25":"wvs-archive-product-wrapper"},"acf":[],"yoast_head":"<!-- This site is optimized with the Yoast SEO plugin v26.8 - https:\/\/yoast.com\/product\/yoast-seo-wordpress\/ -->\n<title>Wild Tee Road Beige T-shirt homme - T-shirt de course \u00e0 pied - MioMioRun<\/title>\n<meta name=\"description\" content=\"Maillot technique beige pour homme, ultra-l\u00e9ger et respirant, en tissu recycl\u00e9 Made in Italy. Parfait pour le running urbain et la salle de sport. D\u00e9couvrez-le avec nous.\" \/>\n<meta name=\"robots\" content=\"index, follow, max-snippet:-1, max-image-preview:large, max-video-preview:-1\" \/>\n<link rel=\"canonical\" href=\"https:\/\/www.miomiorun.com\/fr\/produit\/road-beige-t-shirt-homme\/\" \/>\n<meta property=\"og:locale\" content=\"fr_FR\" \/>\n<meta property=\"og:type\" content=\"article\" \/>\n<meta property=\"og:title\" content=\"Wild Tee Road Beige T-shirt homme - T-shirt de course \u00e0 pied - MioMioRun\" \/>\n<meta property=\"og:description\" content=\"Maillot technique beige pour homme, ultra-l\u00e9ger et respirant, en tissu recycl\u00e9 Made in Italy. Parfait pour le running urbain et la salle de sport. D\u00e9couvrez-le avec nous.\" \/>\n<meta property=\"og:url\" content=\"https:\/\/www.miomiorun.com\/fr\/produit\/road-beige-t-shirt-homme\/\" \/>\n<meta property=\"og:site_name\" content=\"MioMioRun\" \/>\n<meta property=\"article:publisher\" content=\"https:\/\/www.facebook.com\/miomiorun\/\" \/>\n<meta property=\"article:modified_time\" content=\"2026-05-08T20:38:51+00:00\" \/>\n<meta property=\"og:image\" content=\"https:\/\/www.miomiorun.com\/app\/uploads\/2025\/04\/wild-tee-T-shirt-M-road-beige-WT009WT190.webp\" \/>\n\t<meta property=\"og:image:width\" content=\"600\" \/>\n\t<meta property=\"og:image:height\" content=\"600\" \/>\n\t<meta property=\"og:image:type\" content=\"image\/webp\" \/>\n<meta name=\"twitter:card\" content=\"summary_large_image\" \/>\n<meta name=\"twitter:label1\" content=\"Est. reading time\" \/>\n\t<meta name=\"twitter:data1\" content=\"1 minute\" \/>\n<script type=\"application\/ld+json\" class=\"yoast-schema-graph\">{\"@context\":\"https:\/\/schema.org\",\"@graph\":[{\"@type\":\"WebPage\",\"@id\":\"https:\/\/www.miomiorun.com\/fr\/produit\/road-beige-t-shirt-homme\/\",\"url\":\"https:\/\/www.miomiorun.com\/fr\/produit\/road-beige-t-shirt-homme\/\",\"name\":\"Wild Tee Road Beige T-shirt homme - T-shirt de course \u00e0 pied - MioMioRun\",\"isPartOf\":{\"@id\":\"https:\/\/www.miomiorun.com\/fr\/#website\"},\"primaryImageOfPage\":{\"@id\":\"https:\/\/www.miomiorun.com\/fr\/produit\/road-beige-t-shirt-homme\/#primaryimage\"},\"image\":{\"@id\":\"https:\/\/www.miomiorun.com\/fr\/produit\/road-beige-t-shirt-homme\/#primaryimage\"},\"thumbnailUrl\":\"https:\/\/www.miomiorun.com\/app\/uploads\/2025\/04\/wild-tee-T-shirt-M-road-beige-WT009WT190.webp\",\"datePublished\":\"2025-04-10T08:52:27+00:00\",\"dateModified\":\"2026-05-08T20:38:51+00:00\",\"description\":\"Maillot technique beige pour homme, ultra-l\u00e9ger et respirant, en tissu recycl\u00e9 Made in Italy. Parfait pour le running urbain et la salle de sport. D\u00e9couvrez-le avec nous.\",\"breadcrumb\":{\"@id\":\"https:\/\/www.miomiorun.com\/fr\/produit\/road-beige-t-shirt-homme\/#breadcrumb\"},\"inLanguage\":\"fr-FR\",\"potentialAction\":[{\"@type\":\"ReadAction\",\"target\":[\"https:\/\/www.miomiorun.com\/fr\/produit\/road-beige-t-shirt-homme\/\"]}]},{\"@type\":\"ImageObject\",\"inLanguage\":\"fr-FR\",\"@id\":\"https:\/\/www.miomiorun.com\/fr\/produit\/road-beige-t-shirt-homme\/#primaryimage\",\"url\":\"https:\/\/www.miomiorun.com\/app\/uploads\/2025\/04\/wild-tee-T-shirt-M-road-beige-WT009WT190.webp\",\"contentUrl\":\"https:\/\/www.miomiorun.com\/app\/uploads\/2025\/04\/wild-tee-T-shirt-M-road-beige-WT009WT190.webp\",\"width\":600,\"height\":600,\"caption\":\"wild tee T-shirt M road beige WT009WT190\"},{\"@type\":\"BreadcrumbList\",\"@id\":\"https:\/\/www.miomiorun.com\/fr\/produit\/road-beige-t-shirt-homme\/#breadcrumb\",\"itemListElement\":[{\"@type\":\"ListItem\",\"position\":1,\"name\":\"Home\",\"item\":\"https:\/\/www.miomiorun.com\/fr\/home-page\/\"},{\"@type\":\"ListItem\",\"position\":2,\"name\":\"Shop\",\"item\":\"https:\/\/www.miomiorun.com\/shop\/\"},{\"@type\":\"ListItem\",\"position\":3,\"name\":\"Road Beige T-shirt homme\"}]},{\"@type\":\"WebSite\",\"@id\":\"https:\/\/www.miomiorun.com\/fr\/#website\",\"url\":\"https:\/\/www.miomiorun.com\/fr\/\",\"name\":\"MioMioRun\",\"description\":\"Boutique 100% running et trail\",\"publisher\":{\"@id\":\"https:\/\/www.miomiorun.com\/fr\/#organization\"},\"potentialAction\":[{\"@type\":\"SearchAction\",\"target\":{\"@type\":\"EntryPoint\",\"urlTemplate\":\"https:\/\/www.miomiorun.com\/fr\/?s={search_term_string}\"},\"query-input\":{\"@type\":\"PropertyValueSpecification\",\"valueRequired\":true,\"valueName\":\"search_term_string\"}}],\"inLanguage\":\"fr-FR\"},{\"@type\":\"Organization\",\"@id\":\"https:\/\/www.miomiorun.com\/fr\/#organization\",\"name\":\"MioMio Run\",\"url\":\"https:\/\/www.miomiorun.com\/fr\/\",\"logo\":{\"@type\":\"ImageObject\",\"inLanguage\":\"fr-FR\",\"@id\":\"https:\/\/www.miomiorun.com\/fr\/#\/schema\/logo\/image\/\",\"url\":\"https:\/\/www.miomiorun.com\/app\/uploads\/2019\/12\/logomio.png\",\"contentUrl\":\"https:\/\/www.miomiorun.com\/app\/uploads\/2019\/12\/logomio.png\",\"width\":115,\"height\":82,\"caption\":\"MioMio Run\"},\"image\":{\"@id\":\"https:\/\/www.miomiorun.com\/fr\/#\/schema\/logo\/image\/\"},\"sameAs\":[\"https:\/\/www.facebook.com\/miomiorun\/\",\"https:\/\/www.instagram.com\/miomiorun\/\"]}]}<\/script>\n<!-- \/ Yoast SEO plugin. -->","yoast_head_json":{"title":"Wild Tee Road Beige T-shirt homme - T-shirt de course \u00e0 pied - MioMioRun","description":"Maillot technique beige pour homme, ultra-l\u00e9ger et respirant, en tissu recycl\u00e9 Made in Italy. Parfait pour le running urbain et la salle de sport. D\u00e9couvrez-le avec nous.","robots":{"index":"index","follow":"follow","max-snippet":"max-snippet:-1","max-image-preview":"max-image-preview:large","max-video-preview":"max-video-preview:-1"},"canonical":"https:\/\/www.miomiorun.com\/fr\/produit\/road-beige-t-shirt-homme\/","og_locale":"fr_FR","og_type":"article","og_title":"Wild Tee Road Beige T-shirt homme - T-shirt de course \u00e0 pied - MioMioRun","og_description":"Maillot technique beige pour homme, ultra-l\u00e9ger et respirant, en tissu recycl\u00e9 Made in Italy. Parfait pour le running urbain et la salle de sport. D\u00e9couvrez-le avec nous.","og_url":"https:\/\/www.miomiorun.com\/fr\/produit\/road-beige-t-shirt-homme\/","og_site_name":"MioMioRun","article_publisher":"https:\/\/www.facebook.com\/miomiorun\/","article_modified_time":"2026-05-08T20:38:51+00:00","og_image":[{"width":600,"height":600,"url":"https:\/\/www.miomiorun.com\/app\/uploads\/2025\/04\/wild-tee-T-shirt-M-road-beige-WT009WT190.webp","type":"image\/webp"}],"twitter_card":"summary_large_image","twitter_misc":{"Est. reading time":"1 minute"},"schema":{"@context":"https:\/\/schema.org","@graph":[{"@type":"WebPage","@id":"https:\/\/www.miomiorun.com\/fr\/produit\/road-beige-t-shirt-homme\/","url":"https:\/\/www.miomiorun.com\/fr\/produit\/road-beige-t-shirt-homme\/","name":"Wild Tee Road Beige T-shirt homme - T-shirt de course \u00e0 pied - MioMioRun","isPartOf":{"@id":"https:\/\/www.miomiorun.com\/fr\/#website"},"primaryImageOfPage":{"@id":"https:\/\/www.miomiorun.com\/fr\/produit\/road-beige-t-shirt-homme\/#primaryimage"},"image":{"@id":"https:\/\/www.miomiorun.com\/fr\/produit\/road-beige-t-shirt-homme\/#primaryimage"},"thumbnailUrl":"https:\/\/www.miomiorun.com\/app\/uploads\/2025\/04\/wild-tee-T-shirt-M-road-beige-WT009WT190.webp","datePublished":"2025-04-10T08:52:27+00:00","dateModified":"2026-05-08T20:38:51+00:00","description":"Maillot technique beige pour homme, ultra-l\u00e9ger et respirant, en tissu recycl\u00e9 Made in Italy. Parfait pour le running urbain et la salle de sport. D\u00e9couvrez-le avec nous.","breadcrumb":{"@id":"https:\/\/www.miomiorun.com\/fr\/produit\/road-beige-t-shirt-homme\/#breadcrumb"},"inLanguage":"fr-FR","potentialAction":[{"@type":"ReadAction","target":["https:\/\/www.miomiorun.com\/fr\/produit\/road-beige-t-shirt-homme\/"]}]},{"@type":"ImageObject","inLanguage":"fr-FR","@id":"https:\/\/www.miomiorun.com\/fr\/produit\/road-beige-t-shirt-homme\/#primaryimage","url":"https:\/\/www.miomiorun.com\/app\/uploads\/2025\/04\/wild-tee-T-shirt-M-road-beige-WT009WT190.webp","contentUrl":"https:\/\/www.miomiorun.com\/app\/uploads\/2025\/04\/wild-tee-T-shirt-M-road-beige-WT009WT190.webp","width":600,"height":600,"caption":"wild tee T-shirt M road beige WT009WT190"},{"@type":"BreadcrumbList","@id":"https:\/\/www.miomiorun.com\/fr\/produit\/road-beige-t-shirt-homme\/#breadcrumb","itemListElement":[{"@type":"ListItem","position":1,"name":"Home","item":"https:\/\/www.miomiorun.com\/fr\/home-page\/"},{"@type":"ListItem","position":2,"name":"Shop","item":"https:\/\/www.miomiorun.com\/shop\/"},{"@type":"ListItem","position":3,"name":"Road Beige T-shirt homme"}]},{"@type":"WebSite","@id":"https:\/\/www.miomiorun.com\/fr\/#website","url":"https:\/\/www.miomiorun.com\/fr\/","name":"MioMioRun","description":"Boutique 100% running et trail","publisher":{"@id":"https:\/\/www.miomiorun.com\/fr\/#organization"},"potentialAction":[{"@type":"SearchAction","target":{"@type":"EntryPoint","urlTemplate":"https:\/\/www.miomiorun.com\/fr\/?s={search_term_string}"},"query-input":{"@type":"PropertyValueSpecification","valueRequired":true,"valueName":"search_term_string"}}],"inLanguage":"fr-FR"},{"@type":"Organization","@id":"https:\/\/www.miomiorun.com\/fr\/#organization","name":"MioMio Run","url":"https:\/\/www.miomiorun.com\/fr\/","logo":{"@type":"ImageObject","inLanguage":"fr-FR","@id":"https:\/\/www.miomiorun.com\/fr\/#\/schema\/logo\/image\/","url":"https:\/\/www.miomiorun.com\/app\/uploads\/2019\/12\/logomio.png","contentUrl":"https:\/\/www.miomiorun.com\/app\/uploads\/2019\/12\/logomio.png","width":115,"height":82,"caption":"MioMio Run"},"image":{"@id":"https:\/\/www.miomiorun.com\/fr\/#\/schema\/logo\/image\/"},"sameAs":["https:\/\/www.facebook.com\/miomiorun\/","https:\/\/www.instagram.com\/miomiorun\/"]}]}},"_links":{"self":[{"href":"https:\/\/www.miomiorun.com\/fr\/wp-json\/wp\/v2\/product\/301011","targetHints":{"allow":["GET"]}}],"collection":[{"href":"https:\/\/www.miomiorun.com\/fr\/wp-json\/wp\/v2\/product"}],"about":[{"href":"https:\/\/www.miomiorun.com\/fr\/wp-json\/wp\/v2\/types\/product"}],"wp:featuredmedia":[{"embeddable":true,"href":"https:\/\/www.miomiorun.com\/fr\/wp-json\/wp\/v2\/media\/308671"}],"wp:attachment":[{"href":"https:\/\/www.miomiorun.com\/fr\/wp-json\/wp\/v2\/media?parent=301011"}],"wp:term":[{"taxonomy":"product_brand","embeddable":true,"href":"https:\/\/www.miomiorun.com\/fr\/wp-json\/wp\/v2\/product_brand?post=301011"},{"taxonomy":"product_cat","embeddable":true,"href":"https:\/\/www.miomiorun.com\/fr\/wp-json\/wp\/v2\/product_cat?post=301011"},{"taxonomy":"product_tag","embeddable":true,"href":"https:\/\/www.miomiorun.com\/fr\/wp-json\/wp\/v2\/product_tag?post=301011"}],"curies":[{"name":"wp","href":"https:\/\/api.w.org\/{rel}","templated":true}]}}