{"id":300989,"date":"2025-04-10T10:33:19","date_gmt":"2025-04-10T08:33:19","guid":{"rendered":"https:\/\/miomiorun.com\/?post_type=product&#038;p=300989"},"modified":"2026-05-08T22:38:49","modified_gmt":"2026-05-08T20:38:49","slug":"race-blu-t-shirt-homme","status":"publish","type":"product","link":"https:\/\/www.miomiorun.com\/fr\/produit\/race-blu-t-shirt-homme\/","title":{"rendered":"Race Blu T-shirt homme"},"content":{"rendered":"<p class=\"\" data-end=\"586\" data-start=\"208\">Con\u00e7u pour les coureurs les plus exigeants, le <strong data-end=\"288\" data-start=\"249\">T-shirt Race en tissu OPENMESH 3D<\/strong> est l&#8217;alli\u00e9 parfait pour les entra\u00eenements intenses, les courses et les journ\u00e9es chaudes. Fabriqu\u00e9 \u00e0 partir de mat\u00e9riaux 100% recycl\u00e9s Made in Italy, ce tee-shirt combine <strong data-end=\"526\" data-start=\"450\">une technologie textile avanc\u00e9e, une extr\u00eame l\u00e9g\u00e8ret\u00e9 et une respirabilit\u00e9 maximale<\/strong> pour garantir des performances \u00e9lev\u00e9es et un confort in\u00e9gal\u00e9.<\/p>\n<p class=\"\" data-end=\"875\" data-start=\"588\">Gr\u00e2ce \u00e0 la <strong data-end=\"629\" data-start=\"600\">structure tridimensionnelle<\/strong> du tissu OPENMESH 3D, la ventilation est optimale m\u00eame pendant les phases les plus intenses de la course, gardant le corps au frais et au sec. La <strong data-end=\"792\" data-start=\"771\">coupe ergonomique<\/strong> suit parfaitement les mouvements du corps, offrant libert\u00e9 et soutien l\u00e0 o\u00f9 vous en avez besoin.<\/p>\n<p class=\"\" data-end=\"993\" data-start=\"877\">Son graphisme bleu essentiel rappelle l&#8217;esth\u00e9tique de la course, pour ceux qui veulent aussi se d\u00e9marquer avec style.<\/p>\n<h4 class=\"\" data-end=\"1025\" data-start=\"995\">Caract\u00e9ristiques techniques :<\/h4>\n<ul data-end=\"1303\" data-start=\"1026\">\n<li class=\"\" data-end=\"1067\" data-start=\"1026\">\n<p class=\"\" data-end=\"1067\" data-start=\"1028\"><strong data-end=\"1046\" data-start=\"1028\">Super l\u00e9ger :<\/strong> seulement 74 g (taille M)<\/p>\n<\/li>\n<li class=\"\" data-end=\"1121\" data-start=\"1068\">\n<p class=\"\" data-end=\"1121\" data-start=\"1070\"><strong data-end=\"1121\" data-start=\"1070\">Extr\u00eamement respirant et s\u00e9chant rapidement<\/strong><\/p>\n<\/li>\n<li class=\"\" data-end=\"1178\" data-start=\"1122\">\n<p class=\"\" data-end=\"1178\" data-start=\"1124\"><strong data-end=\"1178\" data-start=\"1124\">Tissu OPENMESH 3D 100 % recycl\u00e9 &#8211; Fabriqu\u00e9 en Italie<\/strong><\/p>\n<\/li>\n<li class=\"\" data-end=\"1246\" data-start=\"1179\">\n<p class=\"\" data-end=\"1246\" data-start=\"1181\"><strong data-end=\"1202\" data-start=\"1181\">Coupe ergonomique<\/strong> pour un ajustement dynamique et confortable<\/p>\n<\/li>\n<li class=\"\" data-end=\"1303\" data-start=\"1247\">\n<p class=\"\" data-end=\"1303\" data-start=\"1249\"><strong data-end=\"1269\" data-start=\"1249\">Doux au toucher<\/strong>, presque imperceptible sur la peau<\/p>\n<\/li>\n<\/ul>\n<p>Ce T-shirt n&#8217;est pas seulement un v\u00eatement technique : c&#8217;est un avantage comp\u00e9titif. Choisissez-le si vous voulez vous d\u00e9passer.<\/p>\n","protected":false},"excerpt":{"rendered":"<ul>\n<li>T-shirt l\u00e9ger<\/li>\n<li>Extr\u00eamement respirant et s\u00e9chant rapidement<\/li>\n<\/ul>\n","protected":false},"featured_media":308419,"template":"","meta":{"_acf_changed":false,"inline_featured_image":false},"product_brand":[],"product_cat":[24449,24482],"product_tag":[23528,23567],"class_list":{"0":"post-300989","1":"product","2":"type-product","3":"status-publish","4":"has-post-thumbnail","6":"product_cat-t-shirt-fr-3","7":"product_cat-vetements-pour-hommes-fr","8":"product_tag-wild-tee-fr","9":"product_tag-wild-tee-homme","10":"pa_attivita-marcher","11":"pa_attivita-running-fr","12":"pa_attivita-trail-fr","13":"pa_marca-wild-tee-fr","14":"pa_sesso-homme","15":"pa_size-small-fr","16":"pa_size-medium-fr","17":"pa_size-large-fr","18":"pa_size-extra-large-fr","20":"first","21":"instock","22":"sale","23":"taxable","24":"shipping-taxable","25":"purchasable","26":"product-type-variable","27":"wvs-archive-product-wrapper"},"acf":[],"yoast_head":"<!-- This site is optimized with the Yoast SEO plugin v26.8 - https:\/\/yoast.com\/product\/yoast-seo-wordpress\/ -->\n<title>Wild Tee Race Blu T-shirt homme - t-shirt running - MioMioRun<\/title>\n<meta name=\"description\" content=\"T-shirt de course ultral\u00e9ger en tissu recycl\u00e9 OPENMESH 3D Made in Italy. Respirabilit\u00e9 maximale, s\u00e9chage rapide et confort pour l&#039;entra\u00eenement et les comp\u00e9titions.\" \/>\n<meta name=\"robots\" content=\"index, follow, max-snippet:-1, max-image-preview:large, max-video-preview:-1\" \/>\n<link rel=\"canonical\" href=\"https:\/\/www.miomiorun.com\/fr\/produit\/race-blu-t-shirt-homme\/\" \/>\n<meta property=\"og:locale\" content=\"fr_FR\" \/>\n<meta property=\"og:type\" content=\"article\" \/>\n<meta property=\"og:title\" content=\"Wild Tee Race Blu T-shirt homme - t-shirt running - MioMioRun\" \/>\n<meta property=\"og:description\" content=\"T-shirt de course ultral\u00e9ger en tissu recycl\u00e9 OPENMESH 3D Made in Italy. Respirabilit\u00e9 maximale, s\u00e9chage rapide et confort pour l&#039;entra\u00eenement et les comp\u00e9titions.\" \/>\n<meta property=\"og:url\" content=\"https:\/\/www.miomiorun.com\/fr\/produit\/race-blu-t-shirt-homme\/\" \/>\n<meta property=\"og:site_name\" content=\"MioMioRun\" \/>\n<meta property=\"article:publisher\" content=\"https:\/\/www.facebook.com\/miomiorun\/\" \/>\n<meta property=\"article:modified_time\" content=\"2026-05-08T20:38:49+00:00\" \/>\n<meta property=\"og:image\" content=\"https:\/\/www.miomiorun.com\/app\/uploads\/2025\/04\/wild-tee-T-shirt-M-race-blue-WT009WT153.webp\" \/>\n\t<meta property=\"og:image:width\" content=\"600\" \/>\n\t<meta property=\"og:image:height\" content=\"600\" \/>\n\t<meta property=\"og:image:type\" content=\"image\/webp\" \/>\n<meta name=\"twitter:card\" content=\"summary_large_image\" \/>\n<meta name=\"twitter:label1\" content=\"Est. reading time\" \/>\n\t<meta name=\"twitter:data1\" content=\"1 minute\" \/>\n<script type=\"application\/ld+json\" class=\"yoast-schema-graph\">{\"@context\":\"https:\/\/schema.org\",\"@graph\":[{\"@type\":\"WebPage\",\"@id\":\"https:\/\/www.miomiorun.com\/fr\/produit\/race-blu-t-shirt-homme\/\",\"url\":\"https:\/\/www.miomiorun.com\/fr\/produit\/race-blu-t-shirt-homme\/\",\"name\":\"Wild Tee Race Blu T-shirt homme - t-shirt running - MioMioRun\",\"isPartOf\":{\"@id\":\"https:\/\/www.miomiorun.com\/fr\/#website\"},\"primaryImageOfPage\":{\"@id\":\"https:\/\/www.miomiorun.com\/fr\/produit\/race-blu-t-shirt-homme\/#primaryimage\"},\"image\":{\"@id\":\"https:\/\/www.miomiorun.com\/fr\/produit\/race-blu-t-shirt-homme\/#primaryimage\"},\"thumbnailUrl\":\"https:\/\/www.miomiorun.com\/app\/uploads\/2025\/04\/wild-tee-T-shirt-M-race-blue-WT009WT153.webp\",\"datePublished\":\"2025-04-10T08:33:19+00:00\",\"dateModified\":\"2026-05-08T20:38:49+00:00\",\"description\":\"T-shirt de course ultral\u00e9ger en tissu recycl\u00e9 OPENMESH 3D Made in Italy. Respirabilit\u00e9 maximale, s\u00e9chage rapide et confort pour l'entra\u00eenement et les comp\u00e9titions.\",\"breadcrumb\":{\"@id\":\"https:\/\/www.miomiorun.com\/fr\/produit\/race-blu-t-shirt-homme\/#breadcrumb\"},\"inLanguage\":\"fr-FR\",\"potentialAction\":[{\"@type\":\"ReadAction\",\"target\":[\"https:\/\/www.miomiorun.com\/fr\/produit\/race-blu-t-shirt-homme\/\"]}]},{\"@type\":\"ImageObject\",\"inLanguage\":\"fr-FR\",\"@id\":\"https:\/\/www.miomiorun.com\/fr\/produit\/race-blu-t-shirt-homme\/#primaryimage\",\"url\":\"https:\/\/www.miomiorun.com\/app\/uploads\/2025\/04\/wild-tee-T-shirt-M-race-blue-WT009WT153.webp\",\"contentUrl\":\"https:\/\/www.miomiorun.com\/app\/uploads\/2025\/04\/wild-tee-T-shirt-M-race-blue-WT009WT153.webp\",\"width\":600,\"height\":600,\"caption\":\"wild tee T-shirt M race blue WT009WT153\"},{\"@type\":\"BreadcrumbList\",\"@id\":\"https:\/\/www.miomiorun.com\/fr\/produit\/race-blu-t-shirt-homme\/#breadcrumb\",\"itemListElement\":[{\"@type\":\"ListItem\",\"position\":1,\"name\":\"Home\",\"item\":\"https:\/\/www.miomiorun.com\/fr\/home-page\/\"},{\"@type\":\"ListItem\",\"position\":2,\"name\":\"Shop\",\"item\":\"https:\/\/www.miomiorun.com\/shop\/\"},{\"@type\":\"ListItem\",\"position\":3,\"name\":\"Race Blu T-shirt homme\"}]},{\"@type\":\"WebSite\",\"@id\":\"https:\/\/www.miomiorun.com\/fr\/#website\",\"url\":\"https:\/\/www.miomiorun.com\/fr\/\",\"name\":\"MioMioRun\",\"description\":\"Boutique 100% running et trail\",\"publisher\":{\"@id\":\"https:\/\/www.miomiorun.com\/fr\/#organization\"},\"potentialAction\":[{\"@type\":\"SearchAction\",\"target\":{\"@type\":\"EntryPoint\",\"urlTemplate\":\"https:\/\/www.miomiorun.com\/fr\/?s={search_term_string}\"},\"query-input\":{\"@type\":\"PropertyValueSpecification\",\"valueRequired\":true,\"valueName\":\"search_term_string\"}}],\"inLanguage\":\"fr-FR\"},{\"@type\":\"Organization\",\"@id\":\"https:\/\/www.miomiorun.com\/fr\/#organization\",\"name\":\"MioMio Run\",\"url\":\"https:\/\/www.miomiorun.com\/fr\/\",\"logo\":{\"@type\":\"ImageObject\",\"inLanguage\":\"fr-FR\",\"@id\":\"https:\/\/www.miomiorun.com\/fr\/#\/schema\/logo\/image\/\",\"url\":\"https:\/\/www.miomiorun.com\/app\/uploads\/2019\/12\/logomio.png\",\"contentUrl\":\"https:\/\/www.miomiorun.com\/app\/uploads\/2019\/12\/logomio.png\",\"width\":115,\"height\":82,\"caption\":\"MioMio Run\"},\"image\":{\"@id\":\"https:\/\/www.miomiorun.com\/fr\/#\/schema\/logo\/image\/\"},\"sameAs\":[\"https:\/\/www.facebook.com\/miomiorun\/\",\"https:\/\/www.instagram.com\/miomiorun\/\"]}]}<\/script>\n<!-- \/ Yoast SEO plugin. -->","yoast_head_json":{"title":"Wild Tee Race Blu T-shirt homme - t-shirt running - MioMioRun","description":"T-shirt de course ultral\u00e9ger en tissu recycl\u00e9 OPENMESH 3D Made in Italy. Respirabilit\u00e9 maximale, s\u00e9chage rapide et confort pour l'entra\u00eenement et les comp\u00e9titions.","robots":{"index":"index","follow":"follow","max-snippet":"max-snippet:-1","max-image-preview":"max-image-preview:large","max-video-preview":"max-video-preview:-1"},"canonical":"https:\/\/www.miomiorun.com\/fr\/produit\/race-blu-t-shirt-homme\/","og_locale":"fr_FR","og_type":"article","og_title":"Wild Tee Race Blu T-shirt homme - t-shirt running - MioMioRun","og_description":"T-shirt de course ultral\u00e9ger en tissu recycl\u00e9 OPENMESH 3D Made in Italy. Respirabilit\u00e9 maximale, s\u00e9chage rapide et confort pour l'entra\u00eenement et les comp\u00e9titions.","og_url":"https:\/\/www.miomiorun.com\/fr\/produit\/race-blu-t-shirt-homme\/","og_site_name":"MioMioRun","article_publisher":"https:\/\/www.facebook.com\/miomiorun\/","article_modified_time":"2026-05-08T20:38:49+00:00","og_image":[{"width":600,"height":600,"url":"https:\/\/www.miomiorun.com\/app\/uploads\/2025\/04\/wild-tee-T-shirt-M-race-blue-WT009WT153.webp","type":"image\/webp"}],"twitter_card":"summary_large_image","twitter_misc":{"Est. reading time":"1 minute"},"schema":{"@context":"https:\/\/schema.org","@graph":[{"@type":"WebPage","@id":"https:\/\/www.miomiorun.com\/fr\/produit\/race-blu-t-shirt-homme\/","url":"https:\/\/www.miomiorun.com\/fr\/produit\/race-blu-t-shirt-homme\/","name":"Wild Tee Race Blu T-shirt homme - t-shirt running - MioMioRun","isPartOf":{"@id":"https:\/\/www.miomiorun.com\/fr\/#website"},"primaryImageOfPage":{"@id":"https:\/\/www.miomiorun.com\/fr\/produit\/race-blu-t-shirt-homme\/#primaryimage"},"image":{"@id":"https:\/\/www.miomiorun.com\/fr\/produit\/race-blu-t-shirt-homme\/#primaryimage"},"thumbnailUrl":"https:\/\/www.miomiorun.com\/app\/uploads\/2025\/04\/wild-tee-T-shirt-M-race-blue-WT009WT153.webp","datePublished":"2025-04-10T08:33:19+00:00","dateModified":"2026-05-08T20:38:49+00:00","description":"T-shirt de course ultral\u00e9ger en tissu recycl\u00e9 OPENMESH 3D Made in Italy. Respirabilit\u00e9 maximale, s\u00e9chage rapide et confort pour l'entra\u00eenement et les comp\u00e9titions.","breadcrumb":{"@id":"https:\/\/www.miomiorun.com\/fr\/produit\/race-blu-t-shirt-homme\/#breadcrumb"},"inLanguage":"fr-FR","potentialAction":[{"@type":"ReadAction","target":["https:\/\/www.miomiorun.com\/fr\/produit\/race-blu-t-shirt-homme\/"]}]},{"@type":"ImageObject","inLanguage":"fr-FR","@id":"https:\/\/www.miomiorun.com\/fr\/produit\/race-blu-t-shirt-homme\/#primaryimage","url":"https:\/\/www.miomiorun.com\/app\/uploads\/2025\/04\/wild-tee-T-shirt-M-race-blue-WT009WT153.webp","contentUrl":"https:\/\/www.miomiorun.com\/app\/uploads\/2025\/04\/wild-tee-T-shirt-M-race-blue-WT009WT153.webp","width":600,"height":600,"caption":"wild tee T-shirt M race blue WT009WT153"},{"@type":"BreadcrumbList","@id":"https:\/\/www.miomiorun.com\/fr\/produit\/race-blu-t-shirt-homme\/#breadcrumb","itemListElement":[{"@type":"ListItem","position":1,"name":"Home","item":"https:\/\/www.miomiorun.com\/fr\/home-page\/"},{"@type":"ListItem","position":2,"name":"Shop","item":"https:\/\/www.miomiorun.com\/shop\/"},{"@type":"ListItem","position":3,"name":"Race Blu T-shirt homme"}]},{"@type":"WebSite","@id":"https:\/\/www.miomiorun.com\/fr\/#website","url":"https:\/\/www.miomiorun.com\/fr\/","name":"MioMioRun","description":"Boutique 100% running et trail","publisher":{"@id":"https:\/\/www.miomiorun.com\/fr\/#organization"},"potentialAction":[{"@type":"SearchAction","target":{"@type":"EntryPoint","urlTemplate":"https:\/\/www.miomiorun.com\/fr\/?s={search_term_string}"},"query-input":{"@type":"PropertyValueSpecification","valueRequired":true,"valueName":"search_term_string"}}],"inLanguage":"fr-FR"},{"@type":"Organization","@id":"https:\/\/www.miomiorun.com\/fr\/#organization","name":"MioMio Run","url":"https:\/\/www.miomiorun.com\/fr\/","logo":{"@type":"ImageObject","inLanguage":"fr-FR","@id":"https:\/\/www.miomiorun.com\/fr\/#\/schema\/logo\/image\/","url":"https:\/\/www.miomiorun.com\/app\/uploads\/2019\/12\/logomio.png","contentUrl":"https:\/\/www.miomiorun.com\/app\/uploads\/2019\/12\/logomio.png","width":115,"height":82,"caption":"MioMio Run"},"image":{"@id":"https:\/\/www.miomiorun.com\/fr\/#\/schema\/logo\/image\/"},"sameAs":["https:\/\/www.facebook.com\/miomiorun\/","https:\/\/www.instagram.com\/miomiorun\/"]}]}},"_links":{"self":[{"href":"https:\/\/www.miomiorun.com\/fr\/wp-json\/wp\/v2\/product\/300989","targetHints":{"allow":["GET"]}}],"collection":[{"href":"https:\/\/www.miomiorun.com\/fr\/wp-json\/wp\/v2\/product"}],"about":[{"href":"https:\/\/www.miomiorun.com\/fr\/wp-json\/wp\/v2\/types\/product"}],"wp:featuredmedia":[{"embeddable":true,"href":"https:\/\/www.miomiorun.com\/fr\/wp-json\/wp\/v2\/media\/308419"}],"wp:attachment":[{"href":"https:\/\/www.miomiorun.com\/fr\/wp-json\/wp\/v2\/media?parent=300989"}],"wp:term":[{"taxonomy":"product_brand","embeddable":true,"href":"https:\/\/www.miomiorun.com\/fr\/wp-json\/wp\/v2\/product_brand?post=300989"},{"taxonomy":"product_cat","embeddable":true,"href":"https:\/\/www.miomiorun.com\/fr\/wp-json\/wp\/v2\/product_cat?post=300989"},{"taxonomy":"product_tag","embeddable":true,"href":"https:\/\/www.miomiorun.com\/fr\/wp-json\/wp\/v2\/product_tag?post=300989"}],"curies":[{"name":"wp","href":"https:\/\/api.w.org\/{rel}","templated":true}]}}