{"id":300983,"date":"2025-04-09T16:20:15","date_gmt":"2025-04-09T14:20:15","guid":{"rendered":"https:\/\/miomiorun.com\/prodotto\/fly-by-2-in-1-shorts-donna\/"},"modified":"2025-05-09T11:41:51","modified_gmt":"2025-05-09T09:41:51","slug":"fly-by-2-in-1-shorts-femme","status":"publish","type":"product","link":"https:\/\/www.miomiorun.com\/fr\/produit\/fly-by-2-in-1-shorts-femme\/","title":{"rendered":"Fly by 2-in-1 Shorts femme"},"content":{"rendered":"<p>D\u00e9couvrez le m\u00e9lange parfait de performance et de confort avec le <strong data-end=\"305\" data-start=\"269\">short UA Fly-By 2-en-1 pour femmes<\/strong>. Con\u00e7u pour celles qui s&#8217;entra\u00eenent avec intensit\u00e9, ce short est dot\u00e9 d&#8217;un syst\u00e8me 2-en-1 innovant qui int\u00e8gre un pantalon int\u00e9rieur pour un soutien optimal pendant chaque s\u00e9ance d&#8217;entra\u00eenement. Fabriqu\u00e9 dans des tissus techniques de haute qualit\u00e9, il garantit une excellente respirabilit\u00e9, un s\u00e9chage rapide et une coupe ergonomique qui assure une libert\u00e9 de mouvement maximale. Leur conception moderne et fonctionnelle les rend id\u00e9aux pour les s\u00e9ances de gymnastique et l&#8217;entra\u00eenement en plein air, ce qui en fait le choix id\u00e9al pour ceux qui recherchent un v\u00eatement alliant technologie et style.<\/p>\n<h3>Caract\u00e9ristiques :<\/h3>\n<ul>\n<li>Short ext\u00e9rieur en tissu l\u00e9ger, confortable et durable<\/li>\n<li>Le mat\u00e9riau absorbe la transpiration et s\u00e8che tr\u00e8s rapidement.<\/li>\n<li>Panneaux en maille ultra-respirante pour une meilleure ventilation<\/li>\n<li>Short de compression en maille int\u00e9gr\u00e9 pour plus de soutien et de couverture<\/li>\n<li>Taille mi-haute volant\u00e9e avec cordon de serrage interne pour un maximum de confort<\/li>\n<li>Poche zipp\u00e9e invisible sur le c\u00f4t\u00e9 droit pouvant contenir des \u00e9couteurs, des cl\u00e9s ou une carte de cr\u00e9dit ou d&#8217;identit\u00e9.<\/li>\n<li>Le tissu principal contient au moins 90 % de polyester recycl\u00e9 provenant d&#8217;un tissu, \u00e0 l&#8217;exclusion des garnitures et des d\u00e9corations.<\/li>\n<\/ul>\n<h3 class=\"css-8rgusf\">Coupe et entretien :<\/h3>\n<div id=\"acc-3\" class=\"g-accordion-content collapse\">\n<ul class=\"t-tabs_data\">\n<li class=\"t-tabs_list\"><span class=\"t-bold_font\">Tight : <\/span>Coupe essentielle, ni trop serr\u00e9e ni trop ample.<\/li>\n<li class=\"t-tabs_list\">Laver \u00e0 froid en machine avec des couleurs similaires<\/li>\n<li class=\"t-tabs_list\">Si n\u00e9cessaire, utiliser uniquement un agent de blanchiment sans chlore<\/li>\n<li class=\"t-tabs_list\">S\u00e9cher dans un s\u00e8che-linge \u00e0 basse temp\u00e9rature<\/li>\n<li class=\"t-tabs_list\">Ne pas repasser<\/li>\n<li class=\"t-tabs_list\">Ne pas utiliser d&#8217;assouplissant<\/li>\n<li class=\"t-tabs_list\">Ne pas nettoyer \u00e0 sec<\/li>\n<\/ul>\n<\/div>\n<p>&nbsp;<\/p>\n<p>&nbsp;<\/p>\n","protected":false},"excerpt":{"rendered":"<ul>\n<li class=\"\" data-start=\"1251\" data-end=\"1327\">Syst\u00e8me 2 en 1 int\u00e9gr\u00e9 avec culotte int\u00e9rieure pour un maintien optimal.<\/li>\n<li class=\"\" data-start=\"1251\" data-end=\"1327\">Tissu technique respirant \u00e0 s\u00e9chage rapide pour un confort durable.<\/li>\n<li class=\"\" data-start=\"1251\" data-end=\"1327\">Coupe ergonomique pour une libert\u00e9 de mouvement totale.<\/li>\n<\/ul>\n","protected":false},"featured_media":273686,"template":"","meta":{"_acf_changed":false,"inline_featured_image":false},"product_brand":[],"product_cat":[22602,22596],"product_tag":[23530,23575],"class_list":{"0":"post-300983","1":"product","2":"type-product","3":"status-publish","4":"has-post-thumbnail","6":"product_cat-pantalon-court","7":"product_cat-vetements-pour-femmes","8":"product_tag-under-armour-fr","9":"product_tag-under-armour-femme","10":"pa_attivita-running-fr","11":"pa_colore-fly-by-2-in-1-shorts-w-black-fr","12":"pa_marca-under-armour-fr","13":"pa_sesso-femme","14":"pa_size-small-fr","15":"pa_size-medium-fr","17":"first","18":"instock","19":"sale","20":"taxable","21":"shipping-taxable","22":"purchasable","23":"product-type-variable","24":"wvs-archive-product-wrapper"},"acf":[],"yoast_head":"<!-- This site is optimized with the Yoast SEO plugin v26.8 - https:\/\/yoast.com\/product\/yoast-seo-wordpress\/ -->\n<title>Under Armour Fly by 2-in-1 Shorts femme -shorts pour femmes - MioMioRun<\/title>\n<meta name=\"description\" content=\"Short UA Fly-By 2-en-1 pour femmes : soutien, confort et style innovant pour des performances \u00e9lev\u00e9es. Achetez-le maintenant !\" \/>\n<meta name=\"robots\" content=\"index, follow, max-snippet:-1, max-image-preview:large, max-video-preview:-1\" \/>\n<link rel=\"canonical\" href=\"https:\/\/www.miomiorun.com\/fr\/produit\/fly-by-2-in-1-shorts-femme\/\" \/>\n<meta property=\"og:locale\" content=\"fr_FR\" \/>\n<meta property=\"og:type\" content=\"article\" \/>\n<meta property=\"og:title\" content=\"Under Armour Fly by 2-in-1 Shorts femme -shorts pour femmes - MioMioRun\" \/>\n<meta property=\"og:description\" content=\"Short UA Fly-By 2-en-1 pour femmes : soutien, confort et style innovant pour des performances \u00e9lev\u00e9es. Achetez-le maintenant !\" \/>\n<meta property=\"og:url\" content=\"https:\/\/www.miomiorun.com\/fr\/produit\/fly-by-2-in-1-shorts-femme\/\" \/>\n<meta property=\"og:site_name\" content=\"MioMioRun\" \/>\n<meta property=\"article:publisher\" content=\"https:\/\/www.facebook.com\/miomiorun\/\" \/>\n<meta property=\"article:modified_time\" content=\"2025-05-09T09:41:51+00:00\" \/>\n<meta property=\"og:image\" content=\"https:\/\/www.miomiorun.com\/app\/uploads\/2025\/04\/under-armour-Fly-by-2-in-1-shorts-W-black-1382440-0001.webp\" \/>\n\t<meta property=\"og:image:width\" content=\"600\" \/>\n\t<meta property=\"og:image:height\" content=\"600\" \/>\n\t<meta property=\"og:image:type\" content=\"image\/webp\" \/>\n<meta name=\"twitter:card\" content=\"summary_large_image\" \/>\n<meta name=\"twitter:label1\" content=\"Est. reading time\" \/>\n\t<meta name=\"twitter:data1\" content=\"1 minute\" \/>\n<script type=\"application\/ld+json\" class=\"yoast-schema-graph\">{\"@context\":\"https:\/\/schema.org\",\"@graph\":[{\"@type\":\"WebPage\",\"@id\":\"https:\/\/www.miomiorun.com\/fr\/produit\/fly-by-2-in-1-shorts-femme\/\",\"url\":\"https:\/\/www.miomiorun.com\/fr\/produit\/fly-by-2-in-1-shorts-femme\/\",\"name\":\"Under Armour Fly by 2-in-1 Shorts femme -shorts pour femmes - MioMioRun\",\"isPartOf\":{\"@id\":\"https:\/\/www.miomiorun.com\/fr\/#website\"},\"primaryImageOfPage\":{\"@id\":\"https:\/\/www.miomiorun.com\/fr\/produit\/fly-by-2-in-1-shorts-femme\/#primaryimage\"},\"image\":{\"@id\":\"https:\/\/www.miomiorun.com\/fr\/produit\/fly-by-2-in-1-shorts-femme\/#primaryimage\"},\"thumbnailUrl\":\"https:\/\/www.miomiorun.com\/app\/uploads\/2025\/04\/under-armour-Fly-by-2-in-1-shorts-W-black-1382440-0001.webp\",\"datePublished\":\"2025-04-09T14:20:15+00:00\",\"dateModified\":\"2025-05-09T09:41:51+00:00\",\"description\":\"Short UA Fly-By 2-en-1 pour femmes : soutien, confort et style innovant pour des performances \u00e9lev\u00e9es. Achetez-le maintenant !\",\"breadcrumb\":{\"@id\":\"https:\/\/www.miomiorun.com\/fr\/produit\/fly-by-2-in-1-shorts-femme\/#breadcrumb\"},\"inLanguage\":\"fr-FR\",\"potentialAction\":[{\"@type\":\"ReadAction\",\"target\":[\"https:\/\/www.miomiorun.com\/fr\/produit\/fly-by-2-in-1-shorts-femme\/\"]}]},{\"@type\":\"ImageObject\",\"inLanguage\":\"fr-FR\",\"@id\":\"https:\/\/www.miomiorun.com\/fr\/produit\/fly-by-2-in-1-shorts-femme\/#primaryimage\",\"url\":\"https:\/\/www.miomiorun.com\/app\/uploads\/2025\/04\/under-armour-Fly-by-2-in-1-shorts-W-black-1382440-0001.webp\",\"contentUrl\":\"https:\/\/www.miomiorun.com\/app\/uploads\/2025\/04\/under-armour-Fly-by-2-in-1-shorts-W-black-1382440-0001.webp\",\"width\":600,\"height\":600,\"caption\":\"under armour Fly by 2 in 1 shorts W black 1382440-0001\"},{\"@type\":\"BreadcrumbList\",\"@id\":\"https:\/\/www.miomiorun.com\/fr\/produit\/fly-by-2-in-1-shorts-femme\/#breadcrumb\",\"itemListElement\":[{\"@type\":\"ListItem\",\"position\":1,\"name\":\"Home\",\"item\":\"https:\/\/www.miomiorun.com\/fr\/home-page\/\"},{\"@type\":\"ListItem\",\"position\":2,\"name\":\"Shop\",\"item\":\"https:\/\/www.miomiorun.com\/shop\/\"},{\"@type\":\"ListItem\",\"position\":3,\"name\":\"Fly by 2-in-1 Shorts femme\"}]},{\"@type\":\"WebSite\",\"@id\":\"https:\/\/www.miomiorun.com\/fr\/#website\",\"url\":\"https:\/\/www.miomiorun.com\/fr\/\",\"name\":\"MioMioRun\",\"description\":\"Boutique 100% running et trail\",\"publisher\":{\"@id\":\"https:\/\/www.miomiorun.com\/fr\/#organization\"},\"potentialAction\":[{\"@type\":\"SearchAction\",\"target\":{\"@type\":\"EntryPoint\",\"urlTemplate\":\"https:\/\/www.miomiorun.com\/fr\/?s={search_term_string}\"},\"query-input\":{\"@type\":\"PropertyValueSpecification\",\"valueRequired\":true,\"valueName\":\"search_term_string\"}}],\"inLanguage\":\"fr-FR\"},{\"@type\":\"Organization\",\"@id\":\"https:\/\/www.miomiorun.com\/fr\/#organization\",\"name\":\"MioMio Run\",\"url\":\"https:\/\/www.miomiorun.com\/fr\/\",\"logo\":{\"@type\":\"ImageObject\",\"inLanguage\":\"fr-FR\",\"@id\":\"https:\/\/www.miomiorun.com\/fr\/#\/schema\/logo\/image\/\",\"url\":\"https:\/\/www.miomiorun.com\/app\/uploads\/2019\/12\/logomio.png\",\"contentUrl\":\"https:\/\/www.miomiorun.com\/app\/uploads\/2019\/12\/logomio.png\",\"width\":115,\"height\":82,\"caption\":\"MioMio Run\"},\"image\":{\"@id\":\"https:\/\/www.miomiorun.com\/fr\/#\/schema\/logo\/image\/\"},\"sameAs\":[\"https:\/\/www.facebook.com\/miomiorun\/\",\"https:\/\/www.instagram.com\/miomiorun\/\"]}]}<\/script>\n<!-- \/ Yoast SEO plugin. -->","yoast_head_json":{"title":"Under Armour Fly by 2-in-1 Shorts femme -shorts pour femmes - MioMioRun","description":"Short UA Fly-By 2-en-1 pour femmes : soutien, confort et style innovant pour des performances \u00e9lev\u00e9es. Achetez-le maintenant !","robots":{"index":"index","follow":"follow","max-snippet":"max-snippet:-1","max-image-preview":"max-image-preview:large","max-video-preview":"max-video-preview:-1"},"canonical":"https:\/\/www.miomiorun.com\/fr\/produit\/fly-by-2-in-1-shorts-femme\/","og_locale":"fr_FR","og_type":"article","og_title":"Under Armour Fly by 2-in-1 Shorts femme -shorts pour femmes - MioMioRun","og_description":"Short UA Fly-By 2-en-1 pour femmes : soutien, confort et style innovant pour des performances \u00e9lev\u00e9es. Achetez-le maintenant !","og_url":"https:\/\/www.miomiorun.com\/fr\/produit\/fly-by-2-in-1-shorts-femme\/","og_site_name":"MioMioRun","article_publisher":"https:\/\/www.facebook.com\/miomiorun\/","article_modified_time":"2025-05-09T09:41:51+00:00","og_image":[{"width":600,"height":600,"url":"https:\/\/www.miomiorun.com\/app\/uploads\/2025\/04\/under-armour-Fly-by-2-in-1-shorts-W-black-1382440-0001.webp","type":"image\/webp"}],"twitter_card":"summary_large_image","twitter_misc":{"Est. reading time":"1 minute"},"schema":{"@context":"https:\/\/schema.org","@graph":[{"@type":"WebPage","@id":"https:\/\/www.miomiorun.com\/fr\/produit\/fly-by-2-in-1-shorts-femme\/","url":"https:\/\/www.miomiorun.com\/fr\/produit\/fly-by-2-in-1-shorts-femme\/","name":"Under Armour Fly by 2-in-1 Shorts femme -shorts pour femmes - MioMioRun","isPartOf":{"@id":"https:\/\/www.miomiorun.com\/fr\/#website"},"primaryImageOfPage":{"@id":"https:\/\/www.miomiorun.com\/fr\/produit\/fly-by-2-in-1-shorts-femme\/#primaryimage"},"image":{"@id":"https:\/\/www.miomiorun.com\/fr\/produit\/fly-by-2-in-1-shorts-femme\/#primaryimage"},"thumbnailUrl":"https:\/\/www.miomiorun.com\/app\/uploads\/2025\/04\/under-armour-Fly-by-2-in-1-shorts-W-black-1382440-0001.webp","datePublished":"2025-04-09T14:20:15+00:00","dateModified":"2025-05-09T09:41:51+00:00","description":"Short UA Fly-By 2-en-1 pour femmes : soutien, confort et style innovant pour des performances \u00e9lev\u00e9es. Achetez-le maintenant !","breadcrumb":{"@id":"https:\/\/www.miomiorun.com\/fr\/produit\/fly-by-2-in-1-shorts-femme\/#breadcrumb"},"inLanguage":"fr-FR","potentialAction":[{"@type":"ReadAction","target":["https:\/\/www.miomiorun.com\/fr\/produit\/fly-by-2-in-1-shorts-femme\/"]}]},{"@type":"ImageObject","inLanguage":"fr-FR","@id":"https:\/\/www.miomiorun.com\/fr\/produit\/fly-by-2-in-1-shorts-femme\/#primaryimage","url":"https:\/\/www.miomiorun.com\/app\/uploads\/2025\/04\/under-armour-Fly-by-2-in-1-shorts-W-black-1382440-0001.webp","contentUrl":"https:\/\/www.miomiorun.com\/app\/uploads\/2025\/04\/under-armour-Fly-by-2-in-1-shorts-W-black-1382440-0001.webp","width":600,"height":600,"caption":"under armour Fly by 2 in 1 shorts W black 1382440-0001"},{"@type":"BreadcrumbList","@id":"https:\/\/www.miomiorun.com\/fr\/produit\/fly-by-2-in-1-shorts-femme\/#breadcrumb","itemListElement":[{"@type":"ListItem","position":1,"name":"Home","item":"https:\/\/www.miomiorun.com\/fr\/home-page\/"},{"@type":"ListItem","position":2,"name":"Shop","item":"https:\/\/www.miomiorun.com\/shop\/"},{"@type":"ListItem","position":3,"name":"Fly by 2-in-1 Shorts femme"}]},{"@type":"WebSite","@id":"https:\/\/www.miomiorun.com\/fr\/#website","url":"https:\/\/www.miomiorun.com\/fr\/","name":"MioMioRun","description":"Boutique 100% running et trail","publisher":{"@id":"https:\/\/www.miomiorun.com\/fr\/#organization"},"potentialAction":[{"@type":"SearchAction","target":{"@type":"EntryPoint","urlTemplate":"https:\/\/www.miomiorun.com\/fr\/?s={search_term_string}"},"query-input":{"@type":"PropertyValueSpecification","valueRequired":true,"valueName":"search_term_string"}}],"inLanguage":"fr-FR"},{"@type":"Organization","@id":"https:\/\/www.miomiorun.com\/fr\/#organization","name":"MioMio Run","url":"https:\/\/www.miomiorun.com\/fr\/","logo":{"@type":"ImageObject","inLanguage":"fr-FR","@id":"https:\/\/www.miomiorun.com\/fr\/#\/schema\/logo\/image\/","url":"https:\/\/www.miomiorun.com\/app\/uploads\/2019\/12\/logomio.png","contentUrl":"https:\/\/www.miomiorun.com\/app\/uploads\/2019\/12\/logomio.png","width":115,"height":82,"caption":"MioMio Run"},"image":{"@id":"https:\/\/www.miomiorun.com\/fr\/#\/schema\/logo\/image\/"},"sameAs":["https:\/\/www.facebook.com\/miomiorun\/","https:\/\/www.instagram.com\/miomiorun\/"]}]}},"_links":{"self":[{"href":"https:\/\/www.miomiorun.com\/fr\/wp-json\/wp\/v2\/product\/300983","targetHints":{"allow":["GET"]}}],"collection":[{"href":"https:\/\/www.miomiorun.com\/fr\/wp-json\/wp\/v2\/product"}],"about":[{"href":"https:\/\/www.miomiorun.com\/fr\/wp-json\/wp\/v2\/types\/product"}],"wp:featuredmedia":[{"embeddable":true,"href":"https:\/\/www.miomiorun.com\/fr\/wp-json\/wp\/v2\/media\/273686"}],"wp:attachment":[{"href":"https:\/\/www.miomiorun.com\/fr\/wp-json\/wp\/v2\/media?parent=300983"}],"wp:term":[{"taxonomy":"product_brand","embeddable":true,"href":"https:\/\/www.miomiorun.com\/fr\/wp-json\/wp\/v2\/product_brand?post=300983"},{"taxonomy":"product_cat","embeddable":true,"href":"https:\/\/www.miomiorun.com\/fr\/wp-json\/wp\/v2\/product_cat?post=300983"},{"taxonomy":"product_tag","embeddable":true,"href":"https:\/\/www.miomiorun.com\/fr\/wp-json\/wp\/v2\/product_tag?post=300983"}],"curies":[{"name":"wp","href":"https:\/\/api.w.org\/{rel}","templated":true}]}}