{"id":300930,"date":"2025-04-11T11:05:57","date_gmt":"2025-04-11T09:05:57","guid":{"rendered":"https:\/\/miomiorun.com\/?post_type=product&#038;p=300930"},"modified":"2025-12-03T10:45:18","modified_gmt":"2025-12-03T09:45:18","slug":"veste-coupe-vent-avec-capuche-lava-homme","status":"publish","type":"product","link":"https:\/\/www.miomiorun.com\/fr\/produit\/veste-coupe-vent-avec-capuche-lava-homme\/","title":{"rendered":"Veste coupe-vent avec capuche Lava homme"},"content":{"rendered":"<p class=\"\" data-start=\"79\" data-end=\"383\">Affrontez le vent et les impr\u00e9vus avec style et fonctionnalit\u00e9. Cette <strong data-start=\"143\" data-end=\"175\">veste coupe-vent \u00e0 capuche<\/strong> est con\u00e7ue pour vous accompagner dans toutes vos sorties, m\u00eame dans les conditions les plus incertaines. L\u00e9g\u00e8re, compacte et tr\u00e8s confortable, elle deviendra un alli\u00e9 indispensable pour vos entra\u00eenements et vos aventures en plein air.<\/p>\n<p class=\"\" data-start=\"385\" data-end=\"647\">Fabriqu\u00e9e en <strong data-start=\"399\" data-end=\"436\">tissu stretch \u00e0 effet cr\u00eap\u00e9<\/strong>, elle s&#8217;adapte parfaitement aux mouvements du corps et vous suit naturellement. Les plis du tissu s&#8217;ouvrent et se referment, r\u00e9v\u00e9lant une \u00e2me \u00e9l\u00e9gante, pour une touche de style m\u00eame lors des journ\u00e9es les plus maussades.<\/p>\n<p class=\"\" data-start=\"649\" data-end=\"771\">Lorsque vous n&#8217;en avez pas besoin, repliez-la facilement dans sa <strong data-start=\"698\" data-end=\"715\">poche int\u00e9rieure<\/strong> : elle prend tr\u00e8s peu de place et sera toujours pr\u00eate \u00e0 l&#8217;emploi. <\/p>\n<p class=\"\" data-start=\"773\" data-end=\"802\"><strong data-start=\"773\" data-end=\"801\">Caract\u00e9ristiques techniques<\/strong> :<\/p>\n<ul data-start=\"803\" data-end=\"980\">\n<li class=\"\" data-start=\"803\" data-end=\"848\">\n<p class=\"\" data-start=\"805\" data-end=\"848\">Veste coupe-vent ultra-l\u00e9g\u00e8re avec capuche<\/p>\n<\/li>\n<li class=\"\" data-start=\"849\" data-end=\"888\">\n<p class=\"\" data-start=\"851\" data-end=\"888\">Tissu stretch \u00e0 effet cr\u00eap\u00e9<\/p>\n<\/li>\n<li class=\"\" data-start=\"849\" data-end=\"888\">\n<p class=\"\" data-start=\"851\" data-end=\"888\">Se range dans sa poche int\u00e9rieure<\/p>\n<\/li>\n<li class=\"\" data-start=\"932\" data-end=\"962\">\n<p class=\"\" data-start=\"934\" data-end=\"962\">Libert\u00e9 de mouvement maximale<\/p>\n<\/li>\n<li class=\"\" data-start=\"963\" data-end=\"980\">\n<p class=\"\" data-start=\"965\" data-end=\"980\">Poids : seulement 93 g<\/p>\n<\/li>\n<\/ul>\n<p class=\"\" data-start=\"982\" data-end=\"1054\"><strong data-start=\"982\" data-end=\"1018\">Fonctionnalit\u00e9. L\u00e9g\u00e8ret\u00e9. Style.<\/strong> Tout ce dont vous avez besoin, toujours avec vous.<\/p>\n","protected":false},"excerpt":{"rendered":"<ul data-start=\"803\" data-end=\"980\">\n<li class=\"\" data-start=\"803\" data-end=\"848\">\n<p class=\"\" data-start=\"805\" data-end=\"848\">Veste coupe-vent ultra-l\u00e9g\u00e8re avec capuche<\/p>\n<\/li>\n<li class=\"\" data-start=\"849\" data-end=\"888\">\n<p class=\"\" data-start=\"851\" data-end=\"888\">Tissu stretch effet cr\u00eap\u00e9 bleu<\/p>\n<\/li>\n<li class=\"\" data-start=\"889\" data-end=\"931\">\n<p class=\"\" data-start=\"891\" data-end=\"931\">Se range dans sa poche int\u00e9rieure<\/p>\n<\/li>\n<\/ul>\n","protected":false},"featured_media":308612,"template":"","meta":{"_acf_changed":false,"inline_featured_image":false},"product_brand":[],"product_cat":[24480,24482],"product_tag":[23528,23567],"class_list":{"0":"post-300930","1":"product","2":"type-product","3":"status-publish","4":"has-post-thumbnail","6":"product_cat-vestes-fr-2","7":"product_cat-vetements-pour-hommes-fr","8":"product_tag-wild-tee-fr","9":"product_tag-wild-tee-homme","10":"pa_attivita-marcher","11":"pa_attivita-running-fr","12":"pa_colore-lava-hoodie-m-blue","13":"pa_colore-lava-hoodie-m-green","14":"pa_marca-wild-tee-fr","15":"pa_sesso-homme","16":"pa_size-small-fr","17":"pa_size-medium-fr","18":"pa_size-large-fr","19":"pa_size-extra-large-fr","21":"first","22":"instock","23":"sale","24":"taxable","25":"shipping-taxable","26":"purchasable","27":"product-type-variable","28":"wvs-archive-product-wrapper"},"acf":[],"yoast_head":"<!-- This site is optimized with the Yoast SEO plugin v26.8 - https:\/\/yoast.com\/product\/yoast-seo-wordpress\/ -->\n<title>Wild Tee Veste coupe-vent avec capuche Lava homme - Veste pour homme - MioMioRun<\/title>\n<meta name=\"description\" content=\"Veste coupe-vent ultra-l\u00e9g\u00e8re et pliable pour le running. Confectionn\u00e9e en tissu stretch effet cr\u00eape bleu. Confort, protection et style en seulement 93 grammes.\" \/>\n<meta name=\"robots\" content=\"index, follow, max-snippet:-1, max-image-preview:large, max-video-preview:-1\" \/>\n<link rel=\"canonical\" href=\"https:\/\/www.miomiorun.com\/fr\/produit\/veste-coupe-vent-avec-capuche-lava-homme\/\" \/>\n<meta property=\"og:locale\" content=\"fr_FR\" \/>\n<meta property=\"og:type\" content=\"article\" \/>\n<meta property=\"og:title\" content=\"Wild Tee Veste coupe-vent avec capuche Lava homme - Veste pour homme - MioMioRun\" \/>\n<meta property=\"og:description\" content=\"Veste coupe-vent ultra-l\u00e9g\u00e8re et pliable pour le running. Confectionn\u00e9e en tissu stretch effet cr\u00eape bleu. Confort, protection et style en seulement 93 grammes.\" \/>\n<meta property=\"og:url\" content=\"https:\/\/www.miomiorun.com\/fr\/produit\/veste-coupe-vent-avec-capuche-lava-homme\/\" \/>\n<meta property=\"og:site_name\" content=\"MioMioRun\" \/>\n<meta property=\"article:publisher\" content=\"https:\/\/www.facebook.com\/miomiorun\/\" \/>\n<meta property=\"article:modified_time\" content=\"2025-12-03T09:45:18+00:00\" \/>\n<meta property=\"og:image\" content=\"https:\/\/www.miomiorun.com\/app\/uploads\/2025\/04\/wild-tee-Lava-hoodie-M-blue-WT705WT05.webp\" \/>\n\t<meta property=\"og:image:width\" content=\"600\" \/>\n\t<meta property=\"og:image:height\" content=\"600\" \/>\n\t<meta property=\"og:image:type\" content=\"image\/webp\" \/>\n<meta name=\"twitter:card\" content=\"summary_large_image\" \/>\n<meta name=\"twitter:label1\" content=\"Est. reading time\" \/>\n\t<meta name=\"twitter:data1\" content=\"1 minute\" \/>\n<script type=\"application\/ld+json\" class=\"yoast-schema-graph\">{\"@context\":\"https:\/\/schema.org\",\"@graph\":[{\"@type\":\"WebPage\",\"@id\":\"https:\/\/www.miomiorun.com\/fr\/produit\/veste-coupe-vent-avec-capuche-lava-homme\/\",\"url\":\"https:\/\/www.miomiorun.com\/fr\/produit\/veste-coupe-vent-avec-capuche-lava-homme\/\",\"name\":\"Wild Tee Veste coupe-vent avec capuche Lava homme - Veste pour homme - MioMioRun\",\"isPartOf\":{\"@id\":\"https:\/\/www.miomiorun.com\/fr\/#website\"},\"primaryImageOfPage\":{\"@id\":\"https:\/\/www.miomiorun.com\/fr\/produit\/veste-coupe-vent-avec-capuche-lava-homme\/#primaryimage\"},\"image\":{\"@id\":\"https:\/\/www.miomiorun.com\/fr\/produit\/veste-coupe-vent-avec-capuche-lava-homme\/#primaryimage\"},\"thumbnailUrl\":\"https:\/\/www.miomiorun.com\/app\/uploads\/2025\/04\/wild-tee-Lava-hoodie-M-blue-WT705WT05.webp\",\"datePublished\":\"2025-04-11T09:05:57+00:00\",\"dateModified\":\"2025-12-03T09:45:18+00:00\",\"description\":\"Veste coupe-vent ultra-l\u00e9g\u00e8re et pliable pour le running. Confectionn\u00e9e en tissu stretch effet cr\u00eape bleu. Confort, protection et style en seulement 93 grammes.\",\"breadcrumb\":{\"@id\":\"https:\/\/www.miomiorun.com\/fr\/produit\/veste-coupe-vent-avec-capuche-lava-homme\/#breadcrumb\"},\"inLanguage\":\"fr-FR\",\"potentialAction\":[{\"@type\":\"ReadAction\",\"target\":[\"https:\/\/www.miomiorun.com\/fr\/produit\/veste-coupe-vent-avec-capuche-lava-homme\/\"]}]},{\"@type\":\"ImageObject\",\"inLanguage\":\"fr-FR\",\"@id\":\"https:\/\/www.miomiorun.com\/fr\/produit\/veste-coupe-vent-avec-capuche-lava-homme\/#primaryimage\",\"url\":\"https:\/\/www.miomiorun.com\/app\/uploads\/2025\/04\/wild-tee-Lava-hoodie-M-blue-WT705WT05.webp\",\"contentUrl\":\"https:\/\/www.miomiorun.com\/app\/uploads\/2025\/04\/wild-tee-Lava-hoodie-M-blue-WT705WT05.webp\",\"width\":600,\"height\":600,\"caption\":\"wild tee Lava hoodie M blue WT705WT05\"},{\"@type\":\"BreadcrumbList\",\"@id\":\"https:\/\/www.miomiorun.com\/fr\/produit\/veste-coupe-vent-avec-capuche-lava-homme\/#breadcrumb\",\"itemListElement\":[{\"@type\":\"ListItem\",\"position\":1,\"name\":\"Home\",\"item\":\"https:\/\/www.miomiorun.com\/fr\/home-page\/\"},{\"@type\":\"ListItem\",\"position\":2,\"name\":\"Shop\",\"item\":\"https:\/\/www.miomiorun.com\/shop\/\"},{\"@type\":\"ListItem\",\"position\":3,\"name\":\"Veste coupe-vent avec capuche Lava homme\"}]},{\"@type\":\"WebSite\",\"@id\":\"https:\/\/www.miomiorun.com\/fr\/#website\",\"url\":\"https:\/\/www.miomiorun.com\/fr\/\",\"name\":\"MioMioRun\",\"description\":\"Boutique 100% running et trail\",\"publisher\":{\"@id\":\"https:\/\/www.miomiorun.com\/fr\/#organization\"},\"potentialAction\":[{\"@type\":\"SearchAction\",\"target\":{\"@type\":\"EntryPoint\",\"urlTemplate\":\"https:\/\/www.miomiorun.com\/fr\/?s={search_term_string}\"},\"query-input\":{\"@type\":\"PropertyValueSpecification\",\"valueRequired\":true,\"valueName\":\"search_term_string\"}}],\"inLanguage\":\"fr-FR\"},{\"@type\":\"Organization\",\"@id\":\"https:\/\/www.miomiorun.com\/fr\/#organization\",\"name\":\"MioMio Run\",\"url\":\"https:\/\/www.miomiorun.com\/fr\/\",\"logo\":{\"@type\":\"ImageObject\",\"inLanguage\":\"fr-FR\",\"@id\":\"https:\/\/www.miomiorun.com\/fr\/#\/schema\/logo\/image\/\",\"url\":\"https:\/\/www.miomiorun.com\/app\/uploads\/2019\/12\/logomio.png\",\"contentUrl\":\"https:\/\/www.miomiorun.com\/app\/uploads\/2019\/12\/logomio.png\",\"width\":115,\"height\":82,\"caption\":\"MioMio Run\"},\"image\":{\"@id\":\"https:\/\/www.miomiorun.com\/fr\/#\/schema\/logo\/image\/\"},\"sameAs\":[\"https:\/\/www.facebook.com\/miomiorun\/\",\"https:\/\/www.instagram.com\/miomiorun\/\"]}]}<\/script>\n<!-- \/ Yoast SEO plugin. -->","yoast_head_json":{"title":"Wild Tee Veste coupe-vent avec capuche Lava homme - Veste pour homme - MioMioRun","description":"Veste coupe-vent ultra-l\u00e9g\u00e8re et pliable pour le running. Confectionn\u00e9e en tissu stretch effet cr\u00eape bleu. Confort, protection et style en seulement 93 grammes.","robots":{"index":"index","follow":"follow","max-snippet":"max-snippet:-1","max-image-preview":"max-image-preview:large","max-video-preview":"max-video-preview:-1"},"canonical":"https:\/\/www.miomiorun.com\/fr\/produit\/veste-coupe-vent-avec-capuche-lava-homme\/","og_locale":"fr_FR","og_type":"article","og_title":"Wild Tee Veste coupe-vent avec capuche Lava homme - Veste pour homme - MioMioRun","og_description":"Veste coupe-vent ultra-l\u00e9g\u00e8re et pliable pour le running. Confectionn\u00e9e en tissu stretch effet cr\u00eape bleu. Confort, protection et style en seulement 93 grammes.","og_url":"https:\/\/www.miomiorun.com\/fr\/produit\/veste-coupe-vent-avec-capuche-lava-homme\/","og_site_name":"MioMioRun","article_publisher":"https:\/\/www.facebook.com\/miomiorun\/","article_modified_time":"2025-12-03T09:45:18+00:00","og_image":[{"width":600,"height":600,"url":"https:\/\/www.miomiorun.com\/app\/uploads\/2025\/04\/wild-tee-Lava-hoodie-M-blue-WT705WT05.webp","type":"image\/webp"}],"twitter_card":"summary_large_image","twitter_misc":{"Est. reading time":"1 minute"},"schema":{"@context":"https:\/\/schema.org","@graph":[{"@type":"WebPage","@id":"https:\/\/www.miomiorun.com\/fr\/produit\/veste-coupe-vent-avec-capuche-lava-homme\/","url":"https:\/\/www.miomiorun.com\/fr\/produit\/veste-coupe-vent-avec-capuche-lava-homme\/","name":"Wild Tee Veste coupe-vent avec capuche Lava homme - Veste pour homme - MioMioRun","isPartOf":{"@id":"https:\/\/www.miomiorun.com\/fr\/#website"},"primaryImageOfPage":{"@id":"https:\/\/www.miomiorun.com\/fr\/produit\/veste-coupe-vent-avec-capuche-lava-homme\/#primaryimage"},"image":{"@id":"https:\/\/www.miomiorun.com\/fr\/produit\/veste-coupe-vent-avec-capuche-lava-homme\/#primaryimage"},"thumbnailUrl":"https:\/\/www.miomiorun.com\/app\/uploads\/2025\/04\/wild-tee-Lava-hoodie-M-blue-WT705WT05.webp","datePublished":"2025-04-11T09:05:57+00:00","dateModified":"2025-12-03T09:45:18+00:00","description":"Veste coupe-vent ultra-l\u00e9g\u00e8re et pliable pour le running. Confectionn\u00e9e en tissu stretch effet cr\u00eape bleu. Confort, protection et style en seulement 93 grammes.","breadcrumb":{"@id":"https:\/\/www.miomiorun.com\/fr\/produit\/veste-coupe-vent-avec-capuche-lava-homme\/#breadcrumb"},"inLanguage":"fr-FR","potentialAction":[{"@type":"ReadAction","target":["https:\/\/www.miomiorun.com\/fr\/produit\/veste-coupe-vent-avec-capuche-lava-homme\/"]}]},{"@type":"ImageObject","inLanguage":"fr-FR","@id":"https:\/\/www.miomiorun.com\/fr\/produit\/veste-coupe-vent-avec-capuche-lava-homme\/#primaryimage","url":"https:\/\/www.miomiorun.com\/app\/uploads\/2025\/04\/wild-tee-Lava-hoodie-M-blue-WT705WT05.webp","contentUrl":"https:\/\/www.miomiorun.com\/app\/uploads\/2025\/04\/wild-tee-Lava-hoodie-M-blue-WT705WT05.webp","width":600,"height":600,"caption":"wild tee Lava hoodie M blue WT705WT05"},{"@type":"BreadcrumbList","@id":"https:\/\/www.miomiorun.com\/fr\/produit\/veste-coupe-vent-avec-capuche-lava-homme\/#breadcrumb","itemListElement":[{"@type":"ListItem","position":1,"name":"Home","item":"https:\/\/www.miomiorun.com\/fr\/home-page\/"},{"@type":"ListItem","position":2,"name":"Shop","item":"https:\/\/www.miomiorun.com\/shop\/"},{"@type":"ListItem","position":3,"name":"Veste coupe-vent avec capuche Lava homme"}]},{"@type":"WebSite","@id":"https:\/\/www.miomiorun.com\/fr\/#website","url":"https:\/\/www.miomiorun.com\/fr\/","name":"MioMioRun","description":"Boutique 100% running et trail","publisher":{"@id":"https:\/\/www.miomiorun.com\/fr\/#organization"},"potentialAction":[{"@type":"SearchAction","target":{"@type":"EntryPoint","urlTemplate":"https:\/\/www.miomiorun.com\/fr\/?s={search_term_string}"},"query-input":{"@type":"PropertyValueSpecification","valueRequired":true,"valueName":"search_term_string"}}],"inLanguage":"fr-FR"},{"@type":"Organization","@id":"https:\/\/www.miomiorun.com\/fr\/#organization","name":"MioMio Run","url":"https:\/\/www.miomiorun.com\/fr\/","logo":{"@type":"ImageObject","inLanguage":"fr-FR","@id":"https:\/\/www.miomiorun.com\/fr\/#\/schema\/logo\/image\/","url":"https:\/\/www.miomiorun.com\/app\/uploads\/2019\/12\/logomio.png","contentUrl":"https:\/\/www.miomiorun.com\/app\/uploads\/2019\/12\/logomio.png","width":115,"height":82,"caption":"MioMio Run"},"image":{"@id":"https:\/\/www.miomiorun.com\/fr\/#\/schema\/logo\/image\/"},"sameAs":["https:\/\/www.facebook.com\/miomiorun\/","https:\/\/www.instagram.com\/miomiorun\/"]}]}},"_links":{"self":[{"href":"https:\/\/www.miomiorun.com\/fr\/wp-json\/wp\/v2\/product\/300930","targetHints":{"allow":["GET"]}}],"collection":[{"href":"https:\/\/www.miomiorun.com\/fr\/wp-json\/wp\/v2\/product"}],"about":[{"href":"https:\/\/www.miomiorun.com\/fr\/wp-json\/wp\/v2\/types\/product"}],"wp:featuredmedia":[{"embeddable":true,"href":"https:\/\/www.miomiorun.com\/fr\/wp-json\/wp\/v2\/media\/308612"}],"wp:attachment":[{"href":"https:\/\/www.miomiorun.com\/fr\/wp-json\/wp\/v2\/media?parent=300930"}],"wp:term":[{"taxonomy":"product_brand","embeddable":true,"href":"https:\/\/www.miomiorun.com\/fr\/wp-json\/wp\/v2\/product_brand?post=300930"},{"taxonomy":"product_cat","embeddable":true,"href":"https:\/\/www.miomiorun.com\/fr\/wp-json\/wp\/v2\/product_cat?post=300930"},{"taxonomy":"product_tag","embeddable":true,"href":"https:\/\/www.miomiorun.com\/fr\/wp-json\/wp\/v2\/product_tag?post=300930"}],"curies":[{"name":"wp","href":"https:\/\/api.w.org\/{rel}","templated":true}]}}