{"id":300929,"date":"2025-04-11T11:35:04","date_gmt":"2025-04-11T09:35:04","guid":{"rendered":"https:\/\/miomiorun.com\/?post_type=product&#038;p=300929"},"modified":"2025-12-03T10:33:48","modified_gmt":"2025-12-03T09:33:48","slug":"veste-coupe-vent-lava-femme","status":"publish","type":"product","link":"https:\/\/www.miomiorun.com\/fr\/produit\/veste-coupe-vent-lava-femme\/","title":{"rendered":"Veste coupe-vent Lava Femme"},"content":{"rendered":"<p class=\"\" data-start=\"107\" data-end=\"553\"><strong data-start=\"107\" data-end=\"159\">Affrontez toutes les courses, m\u00eame les plus impr\u00e9visibles.<\/strong><br data-start=\"159\" data-end=\"162\">Con\u00e7ue pour les coureuses qui ne craignent pas les intemp\u00e9ries, cette veste coupe-vent l\u00e9g\u00e8re est votre alli\u00e9e id\u00e9ale contre le vent et la pluie. R\u00e9alis\u00e9e en tissu stretch noir \u00e0 effet cr\u00eap\u00e9, elle s&#8217;adapte parfaitement \u00e0 vos mouvements, r\u00e9v\u00e9lant des nuances fuchsia \u00e0 chaque foul\u00e9e. Compacte et fonctionnelle, elle se replie facilement dans sa poche int\u00e9rieure et peut vous accompagner partout, pr\u00eate \u00e0 \u00eatre utilis\u00e9e quand vous en avez besoin.<\/p>\n<p class=\"\" data-start=\"555\" data-end=\"730\">La fermeture \u00e9clair sur toute la longueur garantit un confort pratique, tandis que son poids ultra-l\u00e9ger de seulement <strong data-start=\"638\" data-end=\"651\">85 grammes<\/strong> la rend parfaite \u00e0 emporter partout avec vous, pendant vos entra\u00eenements ou vos courses.<\/p>\n<p class=\"\" data-start=\"737\" data-end=\"770\"><strong data-start=\"737\" data-end=\"768\">Caract\u00e9ristiques principales :<\/strong><\/p>\n<ul data-start=\"771\" data-end=\"964\">\n<li class=\"\" data-start=\"771\" data-end=\"817\">\n<p class=\"\" data-start=\"773\" data-end=\"817\">Veste coupe-vent ultra-l\u00e9g\u00e8re et confortable<\/p>\n<\/li>\n<li class=\"\" data-start=\"818\" data-end=\"875\">\n<p class=\"\" data-start=\"820\" data-end=\"875\">Tissu stretch noir avec effet cr\u00eap\u00e9<\/p>\n<\/li>\n<li class=\"\" data-start=\"876\" data-end=\"911\">\n<p class=\"\" data-start=\"878\" data-end=\"911\">Pliable dans la poche int\u00e9rieure<\/p>\n<\/li>\n<li class=\"\" data-start=\"912\" data-end=\"946\">\n<p class=\"\" data-start=\"914\" data-end=\"946\">Fermeture \u00e9clair sur toute la longueur \u00e0 l&#8217;avant<\/p>\n<\/li>\n<li class=\"\" data-start=\"947\" data-end=\"964\">\n<p class=\"\" data-start=\"949\" data-end=\"964\">Poids : <strong data-start=\"955\" data-end=\"964\">85 g<\/strong><\/p>\n<\/li>\n<\/ul><\/p>\n","protected":false},"excerpt":{"rendered":"<ul data-start=\"771\" data-end=\"964\">\n<li class=\"\" data-start=\"771\" data-end=\"817\">\n<p class=\"\" data-start=\"773\" data-end=\"817\">Veste coupe-vent ultra-l\u00e9g\u00e8re et confortable<\/p>\n<\/li>\n<li class=\"\" data-start=\"818\" data-end=\"875\">\n<p class=\"\" data-start=\"820\" data-end=\"875\">Tissu stretch noir effet cr\u00eap\u00e9 et doublure fuchsia<\/p>\n<\/li>\n<li class=\"\" data-start=\"876\" data-end=\"911\">\n<p class=\"\" data-start=\"878\" data-end=\"911\">Pliable dans la poche int\u00e9rieure<\/p>\n<\/li>\n<\/ul>\n","protected":false},"featured_media":308631,"template":"","meta":{"_acf_changed":false,"inline_featured_image":false},"product_brand":[],"product_cat":[22599,22596],"product_tag":[23528,23568],"class_list":{"0":"post-300929","1":"product","2":"type-product","3":"status-publish","4":"has-post-thumbnail","6":"product_cat-vestes","7":"product_cat-vetements-pour-femmes","8":"product_tag-wild-tee-fr","9":"product_tag-wild-tee-femme","10":"pa_attivita-marcher","11":"pa_attivita-running-fr","12":"pa_attivita-trail-fr","13":"pa_marca-wild-tee-fr","14":"pa_sesso-femme","15":"pa_size-extra-small-fr","16":"pa_size-small-fr","17":"pa_size-medium-fr","19":"first","20":"instock","21":"sale","22":"taxable","23":"shipping-taxable","24":"purchasable","25":"product-type-variable","26":"wvs-archive-product-wrapper"},"acf":[],"yoast_head":"<!-- This site is optimized with the Yoast SEO plugin v26.8 - https:\/\/yoast.com\/product\/yoast-seo-wordpress\/ -->\n<title>Wild Tee Veste coupe-vent Lava Femme - Veste femme - MioMioRun<\/title>\n<meta name=\"description\" content=\"Veste coupe-vent ultra-l\u00e9g\u00e8re pour femme, en tissu stretch effet cr\u00eap\u00e9. Pliable dans la poche int\u00e9rieure. Seulement 85 g. Parfaite contre les intemp\u00e9ries.\" \/>\n<meta name=\"robots\" content=\"index, follow, max-snippet:-1, max-image-preview:large, max-video-preview:-1\" \/>\n<link rel=\"canonical\" href=\"https:\/\/www.miomiorun.com\/fr\/produit\/veste-coupe-vent-lava-femme\/\" \/>\n<meta property=\"og:locale\" content=\"fr_FR\" \/>\n<meta property=\"og:type\" content=\"article\" \/>\n<meta property=\"og:title\" content=\"Wild Tee Veste coupe-vent Lava Femme - Veste femme - MioMioRun\" \/>\n<meta property=\"og:description\" content=\"Veste coupe-vent ultra-l\u00e9g\u00e8re pour femme, en tissu stretch effet cr\u00eap\u00e9. Pliable dans la poche int\u00e9rieure. Seulement 85 g. Parfaite contre les intemp\u00e9ries.\" \/>\n<meta property=\"og:url\" content=\"https:\/\/www.miomiorun.com\/fr\/produit\/veste-coupe-vent-lava-femme\/\" \/>\n<meta property=\"og:site_name\" content=\"MioMioRun\" \/>\n<meta property=\"article:publisher\" content=\"https:\/\/www.facebook.com\/miomiorun\/\" \/>\n<meta property=\"article:modified_time\" content=\"2025-12-03T09:33:48+00:00\" \/>\n<meta property=\"og:image\" content=\"https:\/\/www.miomiorun.com\/app\/uploads\/2025\/04\/wild-tee-Lava-jacket-W-fuchsia-WT750WT04.webp\" \/>\n\t<meta property=\"og:image:width\" content=\"600\" \/>\n\t<meta property=\"og:image:height\" content=\"600\" \/>\n\t<meta property=\"og:image:type\" content=\"image\/webp\" \/>\n<meta name=\"twitter:card\" content=\"summary_large_image\" \/>\n<meta name=\"twitter:label1\" content=\"Est. reading time\" \/>\n\t<meta name=\"twitter:data1\" content=\"1 minute\" \/>\n<script type=\"application\/ld+json\" class=\"yoast-schema-graph\">{\"@context\":\"https:\/\/schema.org\",\"@graph\":[{\"@type\":\"WebPage\",\"@id\":\"https:\/\/www.miomiorun.com\/fr\/produit\/veste-coupe-vent-lava-femme\/\",\"url\":\"https:\/\/www.miomiorun.com\/fr\/produit\/veste-coupe-vent-lava-femme\/\",\"name\":\"Wild Tee Veste coupe-vent Lava Femme - Veste femme - MioMioRun\",\"isPartOf\":{\"@id\":\"https:\/\/www.miomiorun.com\/fr\/#website\"},\"primaryImageOfPage\":{\"@id\":\"https:\/\/www.miomiorun.com\/fr\/produit\/veste-coupe-vent-lava-femme\/#primaryimage\"},\"image\":{\"@id\":\"https:\/\/www.miomiorun.com\/fr\/produit\/veste-coupe-vent-lava-femme\/#primaryimage\"},\"thumbnailUrl\":\"https:\/\/www.miomiorun.com\/app\/uploads\/2025\/04\/wild-tee-Lava-jacket-W-fuchsia-WT750WT04.webp\",\"datePublished\":\"2025-04-11T09:35:04+00:00\",\"dateModified\":\"2025-12-03T09:33:48+00:00\",\"description\":\"Veste coupe-vent ultra-l\u00e9g\u00e8re pour femme, en tissu stretch effet cr\u00eap\u00e9. Pliable dans la poche int\u00e9rieure. Seulement 85 g. Parfaite contre les intemp\u00e9ries.\",\"breadcrumb\":{\"@id\":\"https:\/\/www.miomiorun.com\/fr\/produit\/veste-coupe-vent-lava-femme\/#breadcrumb\"},\"inLanguage\":\"fr-FR\",\"potentialAction\":[{\"@type\":\"ReadAction\",\"target\":[\"https:\/\/www.miomiorun.com\/fr\/produit\/veste-coupe-vent-lava-femme\/\"]}]},{\"@type\":\"ImageObject\",\"inLanguage\":\"fr-FR\",\"@id\":\"https:\/\/www.miomiorun.com\/fr\/produit\/veste-coupe-vent-lava-femme\/#primaryimage\",\"url\":\"https:\/\/www.miomiorun.com\/app\/uploads\/2025\/04\/wild-tee-Lava-jacket-W-fuchsia-WT750WT04.webp\",\"contentUrl\":\"https:\/\/www.miomiorun.com\/app\/uploads\/2025\/04\/wild-tee-Lava-jacket-W-fuchsia-WT750WT04.webp\",\"width\":600,\"height\":600,\"caption\":\"wild tee Lava jacket W fuchsia WT750WT04\"},{\"@type\":\"BreadcrumbList\",\"@id\":\"https:\/\/www.miomiorun.com\/fr\/produit\/veste-coupe-vent-lava-femme\/#breadcrumb\",\"itemListElement\":[{\"@type\":\"ListItem\",\"position\":1,\"name\":\"Home\",\"item\":\"https:\/\/www.miomiorun.com\/fr\/home-page\/\"},{\"@type\":\"ListItem\",\"position\":2,\"name\":\"Shop\",\"item\":\"https:\/\/www.miomiorun.com\/shop\/\"},{\"@type\":\"ListItem\",\"position\":3,\"name\":\"Veste coupe-vent Lava Femme\"}]},{\"@type\":\"WebSite\",\"@id\":\"https:\/\/www.miomiorun.com\/fr\/#website\",\"url\":\"https:\/\/www.miomiorun.com\/fr\/\",\"name\":\"MioMioRun\",\"description\":\"Boutique 100% running et trail\",\"publisher\":{\"@id\":\"https:\/\/www.miomiorun.com\/fr\/#organization\"},\"potentialAction\":[{\"@type\":\"SearchAction\",\"target\":{\"@type\":\"EntryPoint\",\"urlTemplate\":\"https:\/\/www.miomiorun.com\/fr\/?s={search_term_string}\"},\"query-input\":{\"@type\":\"PropertyValueSpecification\",\"valueRequired\":true,\"valueName\":\"search_term_string\"}}],\"inLanguage\":\"fr-FR\"},{\"@type\":\"Organization\",\"@id\":\"https:\/\/www.miomiorun.com\/fr\/#organization\",\"name\":\"MioMio Run\",\"url\":\"https:\/\/www.miomiorun.com\/fr\/\",\"logo\":{\"@type\":\"ImageObject\",\"inLanguage\":\"fr-FR\",\"@id\":\"https:\/\/www.miomiorun.com\/fr\/#\/schema\/logo\/image\/\",\"url\":\"https:\/\/www.miomiorun.com\/app\/uploads\/2019\/12\/logomio.png\",\"contentUrl\":\"https:\/\/www.miomiorun.com\/app\/uploads\/2019\/12\/logomio.png\",\"width\":115,\"height\":82,\"caption\":\"MioMio Run\"},\"image\":{\"@id\":\"https:\/\/www.miomiorun.com\/fr\/#\/schema\/logo\/image\/\"},\"sameAs\":[\"https:\/\/www.facebook.com\/miomiorun\/\",\"https:\/\/www.instagram.com\/miomiorun\/\"]}]}<\/script>\n<!-- \/ Yoast SEO plugin. -->","yoast_head_json":{"title":"Wild Tee Veste coupe-vent Lava Femme - Veste femme - MioMioRun","description":"Veste coupe-vent ultra-l\u00e9g\u00e8re pour femme, en tissu stretch effet cr\u00eap\u00e9. Pliable dans la poche int\u00e9rieure. Seulement 85 g. Parfaite contre les intemp\u00e9ries.","robots":{"index":"index","follow":"follow","max-snippet":"max-snippet:-1","max-image-preview":"max-image-preview:large","max-video-preview":"max-video-preview:-1"},"canonical":"https:\/\/www.miomiorun.com\/fr\/produit\/veste-coupe-vent-lava-femme\/","og_locale":"fr_FR","og_type":"article","og_title":"Wild Tee Veste coupe-vent Lava Femme - Veste femme - MioMioRun","og_description":"Veste coupe-vent ultra-l\u00e9g\u00e8re pour femme, en tissu stretch effet cr\u00eap\u00e9. Pliable dans la poche int\u00e9rieure. Seulement 85 g. Parfaite contre les intemp\u00e9ries.","og_url":"https:\/\/www.miomiorun.com\/fr\/produit\/veste-coupe-vent-lava-femme\/","og_site_name":"MioMioRun","article_publisher":"https:\/\/www.facebook.com\/miomiorun\/","article_modified_time":"2025-12-03T09:33:48+00:00","og_image":[{"width":600,"height":600,"url":"https:\/\/www.miomiorun.com\/app\/uploads\/2025\/04\/wild-tee-Lava-jacket-W-fuchsia-WT750WT04.webp","type":"image\/webp"}],"twitter_card":"summary_large_image","twitter_misc":{"Est. reading time":"1 minute"},"schema":{"@context":"https:\/\/schema.org","@graph":[{"@type":"WebPage","@id":"https:\/\/www.miomiorun.com\/fr\/produit\/veste-coupe-vent-lava-femme\/","url":"https:\/\/www.miomiorun.com\/fr\/produit\/veste-coupe-vent-lava-femme\/","name":"Wild Tee Veste coupe-vent Lava Femme - Veste femme - MioMioRun","isPartOf":{"@id":"https:\/\/www.miomiorun.com\/fr\/#website"},"primaryImageOfPage":{"@id":"https:\/\/www.miomiorun.com\/fr\/produit\/veste-coupe-vent-lava-femme\/#primaryimage"},"image":{"@id":"https:\/\/www.miomiorun.com\/fr\/produit\/veste-coupe-vent-lava-femme\/#primaryimage"},"thumbnailUrl":"https:\/\/www.miomiorun.com\/app\/uploads\/2025\/04\/wild-tee-Lava-jacket-W-fuchsia-WT750WT04.webp","datePublished":"2025-04-11T09:35:04+00:00","dateModified":"2025-12-03T09:33:48+00:00","description":"Veste coupe-vent ultra-l\u00e9g\u00e8re pour femme, en tissu stretch effet cr\u00eap\u00e9. Pliable dans la poche int\u00e9rieure. Seulement 85 g. Parfaite contre les intemp\u00e9ries.","breadcrumb":{"@id":"https:\/\/www.miomiorun.com\/fr\/produit\/veste-coupe-vent-lava-femme\/#breadcrumb"},"inLanguage":"fr-FR","potentialAction":[{"@type":"ReadAction","target":["https:\/\/www.miomiorun.com\/fr\/produit\/veste-coupe-vent-lava-femme\/"]}]},{"@type":"ImageObject","inLanguage":"fr-FR","@id":"https:\/\/www.miomiorun.com\/fr\/produit\/veste-coupe-vent-lava-femme\/#primaryimage","url":"https:\/\/www.miomiorun.com\/app\/uploads\/2025\/04\/wild-tee-Lava-jacket-W-fuchsia-WT750WT04.webp","contentUrl":"https:\/\/www.miomiorun.com\/app\/uploads\/2025\/04\/wild-tee-Lava-jacket-W-fuchsia-WT750WT04.webp","width":600,"height":600,"caption":"wild tee Lava jacket W fuchsia WT750WT04"},{"@type":"BreadcrumbList","@id":"https:\/\/www.miomiorun.com\/fr\/produit\/veste-coupe-vent-lava-femme\/#breadcrumb","itemListElement":[{"@type":"ListItem","position":1,"name":"Home","item":"https:\/\/www.miomiorun.com\/fr\/home-page\/"},{"@type":"ListItem","position":2,"name":"Shop","item":"https:\/\/www.miomiorun.com\/shop\/"},{"@type":"ListItem","position":3,"name":"Veste coupe-vent Lava Femme"}]},{"@type":"WebSite","@id":"https:\/\/www.miomiorun.com\/fr\/#website","url":"https:\/\/www.miomiorun.com\/fr\/","name":"MioMioRun","description":"Boutique 100% running et trail","publisher":{"@id":"https:\/\/www.miomiorun.com\/fr\/#organization"},"potentialAction":[{"@type":"SearchAction","target":{"@type":"EntryPoint","urlTemplate":"https:\/\/www.miomiorun.com\/fr\/?s={search_term_string}"},"query-input":{"@type":"PropertyValueSpecification","valueRequired":true,"valueName":"search_term_string"}}],"inLanguage":"fr-FR"},{"@type":"Organization","@id":"https:\/\/www.miomiorun.com\/fr\/#organization","name":"MioMio Run","url":"https:\/\/www.miomiorun.com\/fr\/","logo":{"@type":"ImageObject","inLanguage":"fr-FR","@id":"https:\/\/www.miomiorun.com\/fr\/#\/schema\/logo\/image\/","url":"https:\/\/www.miomiorun.com\/app\/uploads\/2019\/12\/logomio.png","contentUrl":"https:\/\/www.miomiorun.com\/app\/uploads\/2019\/12\/logomio.png","width":115,"height":82,"caption":"MioMio Run"},"image":{"@id":"https:\/\/www.miomiorun.com\/fr\/#\/schema\/logo\/image\/"},"sameAs":["https:\/\/www.facebook.com\/miomiorun\/","https:\/\/www.instagram.com\/miomiorun\/"]}]}},"_links":{"self":[{"href":"https:\/\/www.miomiorun.com\/fr\/wp-json\/wp\/v2\/product\/300929","targetHints":{"allow":["GET"]}}],"collection":[{"href":"https:\/\/www.miomiorun.com\/fr\/wp-json\/wp\/v2\/product"}],"about":[{"href":"https:\/\/www.miomiorun.com\/fr\/wp-json\/wp\/v2\/types\/product"}],"wp:featuredmedia":[{"embeddable":true,"href":"https:\/\/www.miomiorun.com\/fr\/wp-json\/wp\/v2\/media\/308631"}],"wp:attachment":[{"href":"https:\/\/www.miomiorun.com\/fr\/wp-json\/wp\/v2\/media?parent=300929"}],"wp:term":[{"taxonomy":"product_brand","embeddable":true,"href":"https:\/\/www.miomiorun.com\/fr\/wp-json\/wp\/v2\/product_brand?post=300929"},{"taxonomy":"product_cat","embeddable":true,"href":"https:\/\/www.miomiorun.com\/fr\/wp-json\/wp\/v2\/product_cat?post=300929"},{"taxonomy":"product_tag","embeddable":true,"href":"https:\/\/www.miomiorun.com\/fr\/wp-json\/wp\/v2\/product_tag?post=300929"}],"curies":[{"name":"wp","href":"https:\/\/api.w.org\/{rel}","templated":true}]}}