{"id":300874,"date":"2025-03-06T17:40:08","date_gmt":"2025-03-06T16:40:08","guid":{"rendered":"https:\/\/miomiorun.com\/prodotto\/ultra-glide-3-uomo\/"},"modified":"2025-12-14T13:00:52","modified_gmt":"2025-12-14T12:00:52","slug":"ultra-glide-3-homme","status":"publish","type":"product","link":"https:\/\/www.miomiorun.com\/fr\/produit\/ultra-glide-3-homme\/","title":{"rendered":"Ultra Glide 3 homme"},"content":{"rendered":"<div class=\"vc-row container\"><div class=\"vc-column\"><div class=\"vc-column-text\"><\/p>\n<h4>Caract\u00e9ristiques techniques<\/h4>\n<p>Cat\u00e9gorie : Amortissement sup\u00e9rieur<\/p>\n<p>Poids : 285 gr<\/p>\n<p>Chute : 6mm<\/p>\n<p>Id\u00e9al pour : les coureurs qui recherchent une combinaison d&#8217;amorti maximal, de protection du pied et de confort exceptionnel sur les terrains mixtes<br \/>\n<a href=\"https:\/\/miomiorun.com\/fr\/guide-des-specificites\/\">Guide des sp\u00e9cifications<\/a><\/p>\n<p><\/div><\/div><div class=\"vc-column\"><div class=\"vc-column-text\">Si vous souhaitez une chaussure qui vous soutient \u00e0 chaque \u00e9tape, du d\u00e9part au dernier kilom\u00e8tre, l&#8217;<strong>Ultra Glide 3<\/strong> est le choix id\u00e9al pour vous. Gr\u00e2ce \u00e0 son <strong>confort incomparable<\/strong>, perceptible d\u00e8s l&#8217;enfilage, cette chaussure vous permettra d&#8217;atteindre facilement des <strong>performances de pointe<\/strong>. Son amorti avanc\u00e9 insuffle de l&#8217;\u00e9nergie \u00e0 chaque foul\u00e9e, vous donnant l&#8217;impression de courir vers un bien-\u00eatre total, quelle que soit la distance parcourue.<\/p>\n<p>Dot\u00e9e d&#8217;un <strong>amorti maximal<\/strong> qui amortit chaque impact, l&#8217;Ultra Glide 3 est parfaite pour ceux qui abordent des terrains mixtes et courent 4 fois ou plus par semaine. Son <strong>diff\u00e9rentiel de 6 mm<\/strong> assure un confort optimal, tandis que son faible poids de seulement <strong>285 g<\/strong> la rend incroyablement l\u00e9g\u00e8re et dynamique sans sacrifier le soutien. Les <strong>crampons de 4 mm<\/strong> offrent une adh\u00e9rence id\u00e9ale sur les terrains vari\u00e9s, rendant chaque course encore plus fluide et plus s\u00fbre.<\/p>\n<p>Si vous voulez vivre chaque course avec \u00e9nergie et confort, choisissez l&#8217;<strong>Ultra Glide 3<\/strong>: un pas en avant dans votre exp\u00e9rience de la course \u00e0 pied.<\/div><\/div><\/div>\n","protected":false},"excerpt":{"rendered":"<ul>\n<li>Endurance sans fronti\u00e8res<\/li>\n<li>Poign\u00e9e renforc\u00e9e<\/li>\n<li>L\u00e9g\u00e8ret\u00e9 extraordinaire<\/li>\n<\/ul>\n","protected":false},"featured_media":265717,"template":"","meta":{"_acf_changed":false,"inline_featured_image":false},"product_brand":[],"product_cat":[24448,24445,24484],"product_tag":[23581,23580],"class_list":{"0":"post-300874","1":"product","2":"type-product","3":"status-publish","4":"has-post-thumbnail","6":"product_cat-chaussures-pour-hommes-fr","7":"product_cat-trail-fr-3","8":"product_cat-homme","9":"product_tag-salomon-fr","10":"product_tag-salomon-homme","11":"pa_attivita-marcher","12":"pa_attivita-outdoor-fr","13":"pa_attivita-trail-fr","14":"pa_colore-ultra-glide-3-frnchb-lunroc-chert-fr","15":"pa_marca-salomon-fr","16":"pa_sesso-homme","17":"pa_size-42-fr","19":"first","20":"instock","21":"sale","22":"taxable","23":"shipping-taxable","24":"purchasable","25":"product-type-variable","26":"wvs-archive-product-wrapper"},"acf":[],"yoast_head":"<!-- This site is optimized with the Yoast SEO plugin v26.8 - https:\/\/yoast.com\/product\/yoast-seo-wordpress\/ -->\n<title>SalomonUltra Glide 3 homme - chaussures de trail - MioMioRun<\/title>\n<meta name=\"description\" content=\"L&#039;Ultra Glide 3 offre confort, amorti maximal et l\u00e9g\u00e8ret\u00e9, ce qui la rend parfaite pour les courses sur terrains vari\u00e9s, m\u00eame pour les coureurs r\u00e9guliers.\" \/>\n<meta name=\"robots\" content=\"index, follow, max-snippet:-1, max-image-preview:large, max-video-preview:-1\" \/>\n<link rel=\"canonical\" href=\"https:\/\/www.miomiorun.com\/fr\/produit\/ultra-glide-3-homme\/\" \/>\n<meta property=\"og:locale\" content=\"fr_FR\" \/>\n<meta property=\"og:type\" content=\"article\" \/>\n<meta property=\"og:title\" content=\"SalomonUltra Glide 3 homme - chaussures de trail - MioMioRun\" \/>\n<meta property=\"og:description\" content=\"L&#039;Ultra Glide 3 offre confort, amorti maximal et l\u00e9g\u00e8ret\u00e9, ce qui la rend parfaite pour les courses sur terrains vari\u00e9s, m\u00eame pour les coureurs r\u00e9guliers.\" \/>\n<meta property=\"og:url\" content=\"https:\/\/www.miomiorun.com\/fr\/produit\/ultra-glide-3-homme\/\" \/>\n<meta property=\"og:site_name\" content=\"MioMioRun\" \/>\n<meta property=\"article:publisher\" content=\"https:\/\/www.facebook.com\/miomiorun\/\" \/>\n<meta property=\"article:modified_time\" content=\"2025-12-14T12:00:52+00:00\" \/>\n<meta property=\"og:image\" content=\"https:\/\/www.miomiorun.com\/app\/uploads\/2025\/03\/salomon-Ultra-Glide-3-frnchb-lunroc-chert-L47522100.webp\" \/>\n\t<meta property=\"og:image:width\" content=\"600\" \/>\n\t<meta property=\"og:image:height\" content=\"600\" \/>\n\t<meta property=\"og:image:type\" content=\"image\/webp\" \/>\n<meta name=\"twitter:card\" content=\"summary_large_image\" \/>\n<meta name=\"twitter:label1\" content=\"Est. reading time\" \/>\n\t<meta name=\"twitter:data1\" content=\"1 minute\" \/>\n<script type=\"application\/ld+json\" class=\"yoast-schema-graph\">{\"@context\":\"https:\/\/schema.org\",\"@graph\":[{\"@type\":\"WebPage\",\"@id\":\"https:\/\/www.miomiorun.com\/fr\/produit\/ultra-glide-3-homme\/\",\"url\":\"https:\/\/www.miomiorun.com\/fr\/produit\/ultra-glide-3-homme\/\",\"name\":\"SalomonUltra Glide 3 homme - chaussures de trail - MioMioRun\",\"isPartOf\":{\"@id\":\"https:\/\/www.miomiorun.com\/fr\/#website\"},\"primaryImageOfPage\":{\"@id\":\"https:\/\/www.miomiorun.com\/fr\/produit\/ultra-glide-3-homme\/#primaryimage\"},\"image\":{\"@id\":\"https:\/\/www.miomiorun.com\/fr\/produit\/ultra-glide-3-homme\/#primaryimage\"},\"thumbnailUrl\":\"https:\/\/www.miomiorun.com\/app\/uploads\/2025\/03\/salomon-Ultra-Glide-3-frnchb-lunroc-chert-L47522100.webp\",\"datePublished\":\"2025-03-06T16:40:08+00:00\",\"dateModified\":\"2025-12-14T12:00:52+00:00\",\"description\":\"L'Ultra Glide 3 offre confort, amorti maximal et l\u00e9g\u00e8ret\u00e9, ce qui la rend parfaite pour les courses sur terrains vari\u00e9s, m\u00eame pour les coureurs r\u00e9guliers.\",\"breadcrumb\":{\"@id\":\"https:\/\/www.miomiorun.com\/fr\/produit\/ultra-glide-3-homme\/#breadcrumb\"},\"inLanguage\":\"fr-FR\",\"potentialAction\":[{\"@type\":\"ReadAction\",\"target\":[\"https:\/\/www.miomiorun.com\/fr\/produit\/ultra-glide-3-homme\/\"]}]},{\"@type\":\"ImageObject\",\"inLanguage\":\"fr-FR\",\"@id\":\"https:\/\/www.miomiorun.com\/fr\/produit\/ultra-glide-3-homme\/#primaryimage\",\"url\":\"https:\/\/www.miomiorun.com\/app\/uploads\/2025\/03\/salomon-Ultra-Glide-3-frnchb-lunroc-chert-L47522100.webp\",\"contentUrl\":\"https:\/\/www.miomiorun.com\/app\/uploads\/2025\/03\/salomon-Ultra-Glide-3-frnchb-lunroc-chert-L47522100.webp\",\"width\":600,\"height\":600,\"caption\":\"salomon Ultra Glide 3 frnchb lunroc chert L47522100\"},{\"@type\":\"BreadcrumbList\",\"@id\":\"https:\/\/www.miomiorun.com\/fr\/produit\/ultra-glide-3-homme\/#breadcrumb\",\"itemListElement\":[{\"@type\":\"ListItem\",\"position\":1,\"name\":\"Home\",\"item\":\"https:\/\/www.miomiorun.com\/fr\/home-page\/\"},{\"@type\":\"ListItem\",\"position\":2,\"name\":\"Shop\",\"item\":\"https:\/\/www.miomiorun.com\/shop\/\"},{\"@type\":\"ListItem\",\"position\":3,\"name\":\"Ultra Glide 3 homme\"}]},{\"@type\":\"WebSite\",\"@id\":\"https:\/\/www.miomiorun.com\/fr\/#website\",\"url\":\"https:\/\/www.miomiorun.com\/fr\/\",\"name\":\"MioMioRun\",\"description\":\"Boutique 100% running et trail\",\"publisher\":{\"@id\":\"https:\/\/www.miomiorun.com\/fr\/#organization\"},\"potentialAction\":[{\"@type\":\"SearchAction\",\"target\":{\"@type\":\"EntryPoint\",\"urlTemplate\":\"https:\/\/www.miomiorun.com\/fr\/?s={search_term_string}\"},\"query-input\":{\"@type\":\"PropertyValueSpecification\",\"valueRequired\":true,\"valueName\":\"search_term_string\"}}],\"inLanguage\":\"fr-FR\"},{\"@type\":\"Organization\",\"@id\":\"https:\/\/www.miomiorun.com\/fr\/#organization\",\"name\":\"MioMio Run\",\"url\":\"https:\/\/www.miomiorun.com\/fr\/\",\"logo\":{\"@type\":\"ImageObject\",\"inLanguage\":\"fr-FR\",\"@id\":\"https:\/\/www.miomiorun.com\/fr\/#\/schema\/logo\/image\/\",\"url\":\"https:\/\/www.miomiorun.com\/app\/uploads\/2019\/12\/logomio.png\",\"contentUrl\":\"https:\/\/www.miomiorun.com\/app\/uploads\/2019\/12\/logomio.png\",\"width\":115,\"height\":82,\"caption\":\"MioMio Run\"},\"image\":{\"@id\":\"https:\/\/www.miomiorun.com\/fr\/#\/schema\/logo\/image\/\"},\"sameAs\":[\"https:\/\/www.facebook.com\/miomiorun\/\",\"https:\/\/www.instagram.com\/miomiorun\/\"]}]}<\/script>\n<!-- \/ Yoast SEO plugin. -->","yoast_head_json":{"title":"SalomonUltra Glide 3 homme - chaussures de trail - MioMioRun","description":"L'Ultra Glide 3 offre confort, amorti maximal et l\u00e9g\u00e8ret\u00e9, ce qui la rend parfaite pour les courses sur terrains vari\u00e9s, m\u00eame pour les coureurs r\u00e9guliers.","robots":{"index":"index","follow":"follow","max-snippet":"max-snippet:-1","max-image-preview":"max-image-preview:large","max-video-preview":"max-video-preview:-1"},"canonical":"https:\/\/www.miomiorun.com\/fr\/produit\/ultra-glide-3-homme\/","og_locale":"fr_FR","og_type":"article","og_title":"SalomonUltra Glide 3 homme - chaussures de trail - MioMioRun","og_description":"L'Ultra Glide 3 offre confort, amorti maximal et l\u00e9g\u00e8ret\u00e9, ce qui la rend parfaite pour les courses sur terrains vari\u00e9s, m\u00eame pour les coureurs r\u00e9guliers.","og_url":"https:\/\/www.miomiorun.com\/fr\/produit\/ultra-glide-3-homme\/","og_site_name":"MioMioRun","article_publisher":"https:\/\/www.facebook.com\/miomiorun\/","article_modified_time":"2025-12-14T12:00:52+00:00","og_image":[{"width":600,"height":600,"url":"https:\/\/www.miomiorun.com\/app\/uploads\/2025\/03\/salomon-Ultra-Glide-3-frnchb-lunroc-chert-L47522100.webp","type":"image\/webp"}],"twitter_card":"summary_large_image","twitter_misc":{"Est. reading time":"1 minute"},"schema":{"@context":"https:\/\/schema.org","@graph":[{"@type":"WebPage","@id":"https:\/\/www.miomiorun.com\/fr\/produit\/ultra-glide-3-homme\/","url":"https:\/\/www.miomiorun.com\/fr\/produit\/ultra-glide-3-homme\/","name":"SalomonUltra Glide 3 homme - chaussures de trail - MioMioRun","isPartOf":{"@id":"https:\/\/www.miomiorun.com\/fr\/#website"},"primaryImageOfPage":{"@id":"https:\/\/www.miomiorun.com\/fr\/produit\/ultra-glide-3-homme\/#primaryimage"},"image":{"@id":"https:\/\/www.miomiorun.com\/fr\/produit\/ultra-glide-3-homme\/#primaryimage"},"thumbnailUrl":"https:\/\/www.miomiorun.com\/app\/uploads\/2025\/03\/salomon-Ultra-Glide-3-frnchb-lunroc-chert-L47522100.webp","datePublished":"2025-03-06T16:40:08+00:00","dateModified":"2025-12-14T12:00:52+00:00","description":"L'Ultra Glide 3 offre confort, amorti maximal et l\u00e9g\u00e8ret\u00e9, ce qui la rend parfaite pour les courses sur terrains vari\u00e9s, m\u00eame pour les coureurs r\u00e9guliers.","breadcrumb":{"@id":"https:\/\/www.miomiorun.com\/fr\/produit\/ultra-glide-3-homme\/#breadcrumb"},"inLanguage":"fr-FR","potentialAction":[{"@type":"ReadAction","target":["https:\/\/www.miomiorun.com\/fr\/produit\/ultra-glide-3-homme\/"]}]},{"@type":"ImageObject","inLanguage":"fr-FR","@id":"https:\/\/www.miomiorun.com\/fr\/produit\/ultra-glide-3-homme\/#primaryimage","url":"https:\/\/www.miomiorun.com\/app\/uploads\/2025\/03\/salomon-Ultra-Glide-3-frnchb-lunroc-chert-L47522100.webp","contentUrl":"https:\/\/www.miomiorun.com\/app\/uploads\/2025\/03\/salomon-Ultra-Glide-3-frnchb-lunroc-chert-L47522100.webp","width":600,"height":600,"caption":"salomon Ultra Glide 3 frnchb lunroc chert L47522100"},{"@type":"BreadcrumbList","@id":"https:\/\/www.miomiorun.com\/fr\/produit\/ultra-glide-3-homme\/#breadcrumb","itemListElement":[{"@type":"ListItem","position":1,"name":"Home","item":"https:\/\/www.miomiorun.com\/fr\/home-page\/"},{"@type":"ListItem","position":2,"name":"Shop","item":"https:\/\/www.miomiorun.com\/shop\/"},{"@type":"ListItem","position":3,"name":"Ultra Glide 3 homme"}]},{"@type":"WebSite","@id":"https:\/\/www.miomiorun.com\/fr\/#website","url":"https:\/\/www.miomiorun.com\/fr\/","name":"MioMioRun","description":"Boutique 100% running et trail","publisher":{"@id":"https:\/\/www.miomiorun.com\/fr\/#organization"},"potentialAction":[{"@type":"SearchAction","target":{"@type":"EntryPoint","urlTemplate":"https:\/\/www.miomiorun.com\/fr\/?s={search_term_string}"},"query-input":{"@type":"PropertyValueSpecification","valueRequired":true,"valueName":"search_term_string"}}],"inLanguage":"fr-FR"},{"@type":"Organization","@id":"https:\/\/www.miomiorun.com\/fr\/#organization","name":"MioMio Run","url":"https:\/\/www.miomiorun.com\/fr\/","logo":{"@type":"ImageObject","inLanguage":"fr-FR","@id":"https:\/\/www.miomiorun.com\/fr\/#\/schema\/logo\/image\/","url":"https:\/\/www.miomiorun.com\/app\/uploads\/2019\/12\/logomio.png","contentUrl":"https:\/\/www.miomiorun.com\/app\/uploads\/2019\/12\/logomio.png","width":115,"height":82,"caption":"MioMio Run"},"image":{"@id":"https:\/\/www.miomiorun.com\/fr\/#\/schema\/logo\/image\/"},"sameAs":["https:\/\/www.facebook.com\/miomiorun\/","https:\/\/www.instagram.com\/miomiorun\/"]}]}},"_links":{"self":[{"href":"https:\/\/www.miomiorun.com\/fr\/wp-json\/wp\/v2\/product\/300874","targetHints":{"allow":["GET"]}}],"collection":[{"href":"https:\/\/www.miomiorun.com\/fr\/wp-json\/wp\/v2\/product"}],"about":[{"href":"https:\/\/www.miomiorun.com\/fr\/wp-json\/wp\/v2\/types\/product"}],"wp:featuredmedia":[{"embeddable":true,"href":"https:\/\/www.miomiorun.com\/fr\/wp-json\/wp\/v2\/media\/265717"}],"wp:attachment":[{"href":"https:\/\/www.miomiorun.com\/fr\/wp-json\/wp\/v2\/media?parent=300874"}],"wp:term":[{"taxonomy":"product_brand","embeddable":true,"href":"https:\/\/www.miomiorun.com\/fr\/wp-json\/wp\/v2\/product_brand?post=300874"},{"taxonomy":"product_cat","embeddable":true,"href":"https:\/\/www.miomiorun.com\/fr\/wp-json\/wp\/v2\/product_cat?post=300874"},{"taxonomy":"product_tag","embeddable":true,"href":"https:\/\/www.miomiorun.com\/fr\/wp-json\/wp\/v2\/product_tag?post=300874"}],"curies":[{"name":"wp","href":"https:\/\/api.w.org\/{rel}","templated":true}]}}