{"id":300741,"date":"2025-03-07T09:57:22","date_gmt":"2025-03-07T08:57:22","guid":{"rendered":"https:\/\/miomiorun.com\/prodotto\/mont-blanc-speed-uomo\/"},"modified":"2026-04-13T07:03:05","modified_gmt":"2026-04-13T05:03:05","slug":"mont-blanc-speed-homme","status":"publish","type":"product","link":"https:\/\/www.miomiorun.com\/fr\/produit\/mont-blanc-speed-homme\/","title":{"rendered":"Mont Blanc Speed homme"},"content":{"rendered":"<div class=\"vc-row container\"><div class=\"vc-column\"><div class=\"vc-column-text\"><\/p>\n<p><strong>Caract\u00e9ristiques techniques<\/strong><\/p>\n<p>Cat\u00e9gorie : amorti sup\u00e9rieur<br \/>\nHauteur de la pile : 29 mm<br \/>\nD\u00e9calage : 0 mm<br \/>\nPoids : 286,3 g<br \/>\nId\u00e9al pour : les coureurs de trail et les randonneurs en montagne, \u00e0 la recherche d&#8217;un mod\u00e8le l\u00e9ger, bien amorti et protecteur, capable de transmettre un maximum de confort, m\u00eame sur de longues distances.<br \/>\nPoids du sportif : 60-80 kg<br \/>\nAllure de course : moyenne-rapide (4,30-6,00 min\/km)<br \/>\n<a href=\"https:\/\/miomiorun.com\/fr\/guide-des-specificites\/\">Guide des sp\u00e9cifications techniques<\/a><\/p>\n<p><\/div><\/div><div class=\"vc-column\"><div class=\"vc-column-text\">D\u00e9passez toutes les limites et attaquez votre prochain entra\u00eenement avec la Mont Blanc Speed. Con\u00e7ue pour les adeptes du trail running, cette chaussure vous permet d&#8217;embraser les sentiers en toute s\u00e9curit\u00e9 gr\u00e2ce \u00e0 sa semelle interm\u00e9diaire technique et \u00e0 sa semelle ext\u00e9rieure antid\u00e9rapante. La semelle interm\u00e9diaire l\u00e9g\u00e8re et r\u00e9active, avec une semelle interm\u00e9diaire Altra EGO\u2122 MAX et un noyau Altra EGO\u2122 PRO, offre un confort in\u00e9gal\u00e9 et des performances exceptionnelles, tandis que le design innovant garantit une pouss\u00e9e unique \u00e0 chaque pas.<\/p>\n<p>La semelle Vibram\u00ae Litebase r\u00e9duit le poids sans compromettre la durabilit\u00e9, tandis que la bande de roulement Vibram\u00ae Megagrip offre une excellente adh\u00e9rence sur les surfaces s\u00e8ches et humides, pour que vous puissiez aborder tous les types de terrain en toute confiance. Le drop z\u00e9ro favorise une posture naturelle, laissant de l&#8217;espace aux orteils pour se d\u00e9placer librement, tandis que la semelle int\u00e9rieure StoneGuard\u2122 TPU prot\u00e8ge la plante du pied sur les terrains accident\u00e9s. De plus, les coutures invisibles et les d\u00e9tails qui renforcent la l\u00e9g\u00e8ret\u00e9 et le confort font de la Mont Blanc Speed un mod\u00e8le id\u00e9al pour les longues courses sur sentier.<\/p>\n<p><strong>D\u00e9tails du produit<\/strong><\/p>\n<ul>\n<li><strong>Id\u00e9al pour<\/strong>: trail running technique, trail running tout au long de la journ\u00e9e<\/li>\n<li><strong>Chute<\/strong>: 0 mm<\/li>\n<li><strong>Tige<\/strong>: ultra-l\u00e9g\u00e8re et respirante<\/li>\n<li><strong>Semelle interm\u00e9diaire<\/strong>: Altra EGO\u2122 MAX (bord) et Altra EGO\u2122 PRO (c\u0153ur)<\/li>\n<li><strong>Semelle ext\u00e9rieure<\/strong>: Vibram\u00ae Megagrip avec Litebase<\/li>\n<\/ul>\n<p>Avec la Mont Blanc Speed, vous obtenez le summum de la performance, de la protection et du confort dans une seule chaussure. \u00cates-vous pr\u00eat \u00e0 aller plus loin ? Le nom ne ment pas : Mont Blanc Speed est votre partenaire id\u00e9al pour chaque sentier !<\/div><\/div><\/div>\n","protected":false},"excerpt":{"rendered":"<ul>\n<li>VIBRAM\u00ae MEGAGRIP\u2122<\/li>\n<li>EGOMAX<\/li>\n<li>ALTRA EGO\u2122 PRO<\/li>\n<li>Natural fit<\/li>\n<li>Protection du pied contre les d\u00e9bris.<\/li>\n<\/ul>\n","protected":false},"featured_media":264409,"template":"","meta":{"_acf_changed":false,"inline_featured_image":false},"product_brand":[],"product_cat":[24448,24445],"product_tag":[23458,23671],"class_list":{"0":"post-300741","1":"product","2":"type-product","3":"status-publish","4":"has-post-thumbnail","6":"product_cat-chaussures-pour-hommes-fr","7":"product_cat-trail-fr-3","8":"product_tag-altra-fr","9":"product_tag-altra-homme","10":"pa_attivita-trail-fr","11":"pa_colore-mont-blanc-speed-black-lime-fr","12":"pa_colore-mont-blanc-speed-white-coral-fr","13":"pa_colore-mont-blanc-speed-white-red","14":"pa_marca-altra-fr","15":"pa_sesso-homme","16":"pa_size-41-fr","17":"pa_size-42-fr","18":"pa_size-43-fr","19":"pa_size-44-fr","20":"pa_size-44-5-fr","21":"pa_size-45-fr","23":"first","24":"instock","25":"sale","26":"taxable","27":"shipping-taxable","28":"purchasable","29":"product-type-variable","30":"wvs-archive-product-wrapper"},"acf":[],"yoast_head":"<!-- This site is optimized with the Yoast SEO plugin v26.8 - https:\/\/yoast.com\/product\/yoast-seo-wordpress\/ -->\n<title>Altra Mont Blanc Speed homme - chaussures de trail - MioMioRun.com<\/title>\n<meta name=\"description\" content=\"La chaussure inspir\u00e9e du plus haut sommet des Alpes qui vous accompagnera lors de vos randonn\u00e9es longue distance est arriv\u00e9e.Avec une semelle interm\u00e9diaire Altra EGO\u2122 MAX .\" \/>\n<meta name=\"robots\" content=\"index, follow, max-snippet:-1, max-image-preview:large, max-video-preview:-1\" \/>\n<link rel=\"canonical\" href=\"https:\/\/www.miomiorun.com\/fr\/produit\/mont-blanc-speed-homme\/\" \/>\n<meta property=\"og:locale\" content=\"fr_FR\" \/>\n<meta property=\"og:type\" content=\"article\" \/>\n<meta property=\"og:title\" content=\"Altra Mont Blanc Speed homme - chaussures de trail - MioMioRun.com\" \/>\n<meta property=\"og:description\" content=\"La chaussure inspir\u00e9e du plus haut sommet des Alpes qui vous accompagnera lors de vos randonn\u00e9es longue distance est arriv\u00e9e.Avec une semelle interm\u00e9diaire Altra EGO\u2122 MAX .\" \/>\n<meta property=\"og:url\" content=\"https:\/\/www.miomiorun.com\/fr\/produit\/mont-blanc-speed-homme\/\" \/>\n<meta property=\"og:site_name\" content=\"MioMioRun\" \/>\n<meta property=\"article:publisher\" content=\"https:\/\/www.facebook.com\/miomiorun\/\" \/>\n<meta property=\"article:modified_time\" content=\"2026-04-13T05:03:05+00:00\" \/>\n<meta property=\"og:image\" content=\"https:\/\/www.miomiorun.com\/app\/uploads\/2025\/03\/altra-Mont-Blanc-Speed-black-lime-AL0A85RZ0311.webp\" \/>\n\t<meta property=\"og:image:width\" content=\"600\" \/>\n\t<meta property=\"og:image:height\" content=\"600\" \/>\n\t<meta property=\"og:image:type\" content=\"image\/webp\" \/>\n<meta name=\"twitter:card\" content=\"summary_large_image\" \/>\n<meta name=\"twitter:label1\" content=\"Est. reading time\" \/>\n\t<meta name=\"twitter:data1\" content=\"2 minutes\" \/>\n<script type=\"application\/ld+json\" class=\"yoast-schema-graph\">{\"@context\":\"https:\/\/schema.org\",\"@graph\":[{\"@type\":\"WebPage\",\"@id\":\"https:\/\/www.miomiorun.com\/fr\/produit\/mont-blanc-speed-homme\/\",\"url\":\"https:\/\/www.miomiorun.com\/fr\/produit\/mont-blanc-speed-homme\/\",\"name\":\"Altra Mont Blanc Speed homme - chaussures de trail - MioMioRun.com\",\"isPartOf\":{\"@id\":\"https:\/\/www.miomiorun.com\/fr\/#website\"},\"primaryImageOfPage\":{\"@id\":\"https:\/\/www.miomiorun.com\/fr\/produit\/mont-blanc-speed-homme\/#primaryimage\"},\"image\":{\"@id\":\"https:\/\/www.miomiorun.com\/fr\/produit\/mont-blanc-speed-homme\/#primaryimage\"},\"thumbnailUrl\":\"https:\/\/www.miomiorun.com\/app\/uploads\/2025\/03\/altra-Mont-Blanc-Speed-black-lime-AL0A85RZ0311.webp\",\"datePublished\":\"2025-03-07T08:57:22+00:00\",\"dateModified\":\"2026-04-13T05:03:05+00:00\",\"description\":\"La chaussure inspir\u00e9e du plus haut sommet des Alpes qui vous accompagnera lors de vos randonn\u00e9es longue distance est arriv\u00e9e.Avec une semelle interm\u00e9diaire Altra EGO\u2122 MAX .\",\"breadcrumb\":{\"@id\":\"https:\/\/www.miomiorun.com\/fr\/produit\/mont-blanc-speed-homme\/#breadcrumb\"},\"inLanguage\":\"fr-FR\",\"potentialAction\":[{\"@type\":\"ReadAction\",\"target\":[\"https:\/\/www.miomiorun.com\/fr\/produit\/mont-blanc-speed-homme\/\"]}]},{\"@type\":\"ImageObject\",\"inLanguage\":\"fr-FR\",\"@id\":\"https:\/\/www.miomiorun.com\/fr\/produit\/mont-blanc-speed-homme\/#primaryimage\",\"url\":\"https:\/\/www.miomiorun.com\/app\/uploads\/2025\/03\/altra-Mont-Blanc-Speed-black-lime-AL0A85RZ0311.webp\",\"contentUrl\":\"https:\/\/www.miomiorun.com\/app\/uploads\/2025\/03\/altra-Mont-Blanc-Speed-black-lime-AL0A85RZ0311.webp\",\"width\":600,\"height\":600,\"caption\":\"altra Mont Blanc Speed black lime AL0A85RZ0311\"},{\"@type\":\"BreadcrumbList\",\"@id\":\"https:\/\/www.miomiorun.com\/fr\/produit\/mont-blanc-speed-homme\/#breadcrumb\",\"itemListElement\":[{\"@type\":\"ListItem\",\"position\":1,\"name\":\"Home\",\"item\":\"https:\/\/www.miomiorun.com\/fr\/home-page\/\"},{\"@type\":\"ListItem\",\"position\":2,\"name\":\"Shop\",\"item\":\"https:\/\/www.miomiorun.com\/shop\/\"},{\"@type\":\"ListItem\",\"position\":3,\"name\":\"Mont Blanc Speed homme\"}]},{\"@type\":\"WebSite\",\"@id\":\"https:\/\/www.miomiorun.com\/fr\/#website\",\"url\":\"https:\/\/www.miomiorun.com\/fr\/\",\"name\":\"MioMioRun\",\"description\":\"Boutique 100% running et trail\",\"publisher\":{\"@id\":\"https:\/\/www.miomiorun.com\/fr\/#organization\"},\"potentialAction\":[{\"@type\":\"SearchAction\",\"target\":{\"@type\":\"EntryPoint\",\"urlTemplate\":\"https:\/\/www.miomiorun.com\/fr\/?s={search_term_string}\"},\"query-input\":{\"@type\":\"PropertyValueSpecification\",\"valueRequired\":true,\"valueName\":\"search_term_string\"}}],\"inLanguage\":\"fr-FR\"},{\"@type\":\"Organization\",\"@id\":\"https:\/\/www.miomiorun.com\/fr\/#organization\",\"name\":\"MioMio Run\",\"url\":\"https:\/\/www.miomiorun.com\/fr\/\",\"logo\":{\"@type\":\"ImageObject\",\"inLanguage\":\"fr-FR\",\"@id\":\"https:\/\/www.miomiorun.com\/fr\/#\/schema\/logo\/image\/\",\"url\":\"https:\/\/www.miomiorun.com\/app\/uploads\/2019\/12\/logomio.png\",\"contentUrl\":\"https:\/\/www.miomiorun.com\/app\/uploads\/2019\/12\/logomio.png\",\"width\":115,\"height\":82,\"caption\":\"MioMio Run\"},\"image\":{\"@id\":\"https:\/\/www.miomiorun.com\/fr\/#\/schema\/logo\/image\/\"},\"sameAs\":[\"https:\/\/www.facebook.com\/miomiorun\/\",\"https:\/\/www.instagram.com\/miomiorun\/\"]}]}<\/script>\n<!-- \/ Yoast SEO plugin. -->","yoast_head_json":{"title":"Altra Mont Blanc Speed homme - chaussures de trail - MioMioRun.com","description":"La chaussure inspir\u00e9e du plus haut sommet des Alpes qui vous accompagnera lors de vos randonn\u00e9es longue distance est arriv\u00e9e.Avec une semelle interm\u00e9diaire Altra EGO\u2122 MAX .","robots":{"index":"index","follow":"follow","max-snippet":"max-snippet:-1","max-image-preview":"max-image-preview:large","max-video-preview":"max-video-preview:-1"},"canonical":"https:\/\/www.miomiorun.com\/fr\/produit\/mont-blanc-speed-homme\/","og_locale":"fr_FR","og_type":"article","og_title":"Altra Mont Blanc Speed homme - chaussures de trail - MioMioRun.com","og_description":"La chaussure inspir\u00e9e du plus haut sommet des Alpes qui vous accompagnera lors de vos randonn\u00e9es longue distance est arriv\u00e9e.Avec une semelle interm\u00e9diaire Altra EGO\u2122 MAX .","og_url":"https:\/\/www.miomiorun.com\/fr\/produit\/mont-blanc-speed-homme\/","og_site_name":"MioMioRun","article_publisher":"https:\/\/www.facebook.com\/miomiorun\/","article_modified_time":"2026-04-13T05:03:05+00:00","og_image":[{"width":600,"height":600,"url":"https:\/\/www.miomiorun.com\/app\/uploads\/2025\/03\/altra-Mont-Blanc-Speed-black-lime-AL0A85RZ0311.webp","type":"image\/webp"}],"twitter_card":"summary_large_image","twitter_misc":{"Est. reading time":"2 minutes"},"schema":{"@context":"https:\/\/schema.org","@graph":[{"@type":"WebPage","@id":"https:\/\/www.miomiorun.com\/fr\/produit\/mont-blanc-speed-homme\/","url":"https:\/\/www.miomiorun.com\/fr\/produit\/mont-blanc-speed-homme\/","name":"Altra Mont Blanc Speed homme - chaussures de trail - MioMioRun.com","isPartOf":{"@id":"https:\/\/www.miomiorun.com\/fr\/#website"},"primaryImageOfPage":{"@id":"https:\/\/www.miomiorun.com\/fr\/produit\/mont-blanc-speed-homme\/#primaryimage"},"image":{"@id":"https:\/\/www.miomiorun.com\/fr\/produit\/mont-blanc-speed-homme\/#primaryimage"},"thumbnailUrl":"https:\/\/www.miomiorun.com\/app\/uploads\/2025\/03\/altra-Mont-Blanc-Speed-black-lime-AL0A85RZ0311.webp","datePublished":"2025-03-07T08:57:22+00:00","dateModified":"2026-04-13T05:03:05+00:00","description":"La chaussure inspir\u00e9e du plus haut sommet des Alpes qui vous accompagnera lors de vos randonn\u00e9es longue distance est arriv\u00e9e.Avec une semelle interm\u00e9diaire Altra EGO\u2122 MAX .","breadcrumb":{"@id":"https:\/\/www.miomiorun.com\/fr\/produit\/mont-blanc-speed-homme\/#breadcrumb"},"inLanguage":"fr-FR","potentialAction":[{"@type":"ReadAction","target":["https:\/\/www.miomiorun.com\/fr\/produit\/mont-blanc-speed-homme\/"]}]},{"@type":"ImageObject","inLanguage":"fr-FR","@id":"https:\/\/www.miomiorun.com\/fr\/produit\/mont-blanc-speed-homme\/#primaryimage","url":"https:\/\/www.miomiorun.com\/app\/uploads\/2025\/03\/altra-Mont-Blanc-Speed-black-lime-AL0A85RZ0311.webp","contentUrl":"https:\/\/www.miomiorun.com\/app\/uploads\/2025\/03\/altra-Mont-Blanc-Speed-black-lime-AL0A85RZ0311.webp","width":600,"height":600,"caption":"altra Mont Blanc Speed black lime AL0A85RZ0311"},{"@type":"BreadcrumbList","@id":"https:\/\/www.miomiorun.com\/fr\/produit\/mont-blanc-speed-homme\/#breadcrumb","itemListElement":[{"@type":"ListItem","position":1,"name":"Home","item":"https:\/\/www.miomiorun.com\/fr\/home-page\/"},{"@type":"ListItem","position":2,"name":"Shop","item":"https:\/\/www.miomiorun.com\/shop\/"},{"@type":"ListItem","position":3,"name":"Mont Blanc Speed homme"}]},{"@type":"WebSite","@id":"https:\/\/www.miomiorun.com\/fr\/#website","url":"https:\/\/www.miomiorun.com\/fr\/","name":"MioMioRun","description":"Boutique 100% running et trail","publisher":{"@id":"https:\/\/www.miomiorun.com\/fr\/#organization"},"potentialAction":[{"@type":"SearchAction","target":{"@type":"EntryPoint","urlTemplate":"https:\/\/www.miomiorun.com\/fr\/?s={search_term_string}"},"query-input":{"@type":"PropertyValueSpecification","valueRequired":true,"valueName":"search_term_string"}}],"inLanguage":"fr-FR"},{"@type":"Organization","@id":"https:\/\/www.miomiorun.com\/fr\/#organization","name":"MioMio Run","url":"https:\/\/www.miomiorun.com\/fr\/","logo":{"@type":"ImageObject","inLanguage":"fr-FR","@id":"https:\/\/www.miomiorun.com\/fr\/#\/schema\/logo\/image\/","url":"https:\/\/www.miomiorun.com\/app\/uploads\/2019\/12\/logomio.png","contentUrl":"https:\/\/www.miomiorun.com\/app\/uploads\/2019\/12\/logomio.png","width":115,"height":82,"caption":"MioMio Run"},"image":{"@id":"https:\/\/www.miomiorun.com\/fr\/#\/schema\/logo\/image\/"},"sameAs":["https:\/\/www.facebook.com\/miomiorun\/","https:\/\/www.instagram.com\/miomiorun\/"]}]}},"_links":{"self":[{"href":"https:\/\/www.miomiorun.com\/fr\/wp-json\/wp\/v2\/product\/300741","targetHints":{"allow":["GET"]}}],"collection":[{"href":"https:\/\/www.miomiorun.com\/fr\/wp-json\/wp\/v2\/product"}],"about":[{"href":"https:\/\/www.miomiorun.com\/fr\/wp-json\/wp\/v2\/types\/product"}],"wp:featuredmedia":[{"embeddable":true,"href":"https:\/\/www.miomiorun.com\/fr\/wp-json\/wp\/v2\/media\/264409"}],"wp:attachment":[{"href":"https:\/\/www.miomiorun.com\/fr\/wp-json\/wp\/v2\/media?parent=300741"}],"wp:term":[{"taxonomy":"product_brand","embeddable":true,"href":"https:\/\/www.miomiorun.com\/fr\/wp-json\/wp\/v2\/product_brand?post=300741"},{"taxonomy":"product_cat","embeddable":true,"href":"https:\/\/www.miomiorun.com\/fr\/wp-json\/wp\/v2\/product_cat?post=300741"},{"taxonomy":"product_tag","embeddable":true,"href":"https:\/\/www.miomiorun.com\/fr\/wp-json\/wp\/v2\/product_tag?post=300741"}],"curies":[{"name":"wp","href":"https:\/\/api.w.org\/{rel}","templated":true}]}}