{"id":300732,"date":"2025-03-13T19:14:40","date_gmt":"2025-03-13T18:14:40","guid":{"rendered":"https:\/\/miomiorun.com\/prodotto\/adizero-distancestar\/"},"modified":"2026-05-08T22:37:41","modified_gmt":"2026-05-08T20:37:41","slug":"adizero-distancestar","status":"publish","type":"product","link":"https:\/\/www.miomiorun.com\/fr\/produit\/adizero-distancestar\/","title":{"rendered":"Adizero Distancestar"},"content":{"rendered":"<p><div class=\"vc-row container\"><div class=\"vc-column\"><div class=\"vc-column-text\"><\/p>\n<h4>Caract\u00e9ristiques techniques<\/h4>\n<p>Cat\u00e9gorie : chaussure d&#8217;athl\u00e9tisme pour moyennes distances<br \/>\nD\u00e9calage : 2 mm (talon : 17 mm \/ avant-pied : 15 mm)<br \/>\nPoids : 177 g<br \/>\nId\u00e9ale pour : les athl\u00e8tes rapides et pour l&#8217;entra\u00eenement \u00e0 la course, son amorti innovant et r\u00e9actif vous rendra plus rapide et vous emm\u00e8nera sur le podium.<br \/>\nPoids de l&#8217;athl\u00e8te : &lt; 70 kg<br \/>\nAllure de course : &lt; 4.00 min\/km<br \/>\n<a href=\"https:\/\/miomiorun.com\/fr\/guide-des-specificites\/\">Guide des sp\u00e9cifications<\/a><\/p>\n<p><\/div><\/div><div class=\"vc-column\"><div class=\"vc-column-text\">Chers athl\u00e8tes, je vous pr\u00e9sente aujourd&#8217;hui une chaussure qui n&#8217;est pas un simple accessoire, mais un v\u00e9ritable outil de performance : les chaussures adizero Distancestar.<\/p>\n<p>Imaginez que vous \u00eates sur la ligne de d\u00e9part : la tension monte, votre respiration devient plus profonde et vous n&#8217;avez qu&#8217;une id\u00e9e en t\u00eate : gagner. Mais de quoi avez-vous besoin pour y parvenir ? Une chaussure qui vous offre \u00e0 la fois vitesse et performance. L&#8217;adizero Distancestar est exactement ce qu&#8217;il vous faut.<\/p>\n<p>Con\u00e7ues pour vous donner l&#8217;avantage sur la piste, ces chaussures l\u00e9g\u00e8res sont \u00e9quip\u00e9es d&#8217;une semelle clout\u00e9e qui garantit une adh\u00e9rence exceptionnelle. Cela signifie que chaque pas sera plus s\u00fbr, plus stable et plus rapide, vous permettant d&#8217;acc\u00e9l\u00e9rer en toute confiance. Chaque centi\u00e8me de seconde compte, et avec ces chaussures vous aurez toujours une longueur d&#8217;avance.<\/p>\n<p>La tige, en mati\u00e8re synth\u00e9tique respirante, assure un confort in\u00e9gal\u00e9 lors des sprints les plus intenses ou des courses les plus longues, vous permettant de rester concentr\u00e9 sans jamais penser \u00e0 vos pieds. La coupe r\u00e9guli\u00e8re et la fermeture \u00e0 lacets sont con\u00e7ues pour offrir un ajustement parfait, de sorte que vous avez l&#8217;impression que les chaussures font partie de votre corps, un soutien invisible mais essentiel.<\/p>\n<p>Mais il ne s&#8217;agit pas seulement de performance. Les adizero Distancestar sont fabriqu\u00e9es \u00e0 partir d&#8217;au moins 20 % de mat\u00e9riaux recycl\u00e9s, un engagement pour un avenir plus durable. R\u00e9duire les d\u00e9chets et l&#8217;impact sur l&#8217;environnement n&#8217;est pas seulement un choix intelligent, c&#8217;est aussi une responsabilit\u00e9 que, avec ces chaussures, vous pouvez faire v\u00f4tre.<\/p>\n<p>Chaque d\u00e9tail de l&#8217;adizero Distancestar est con\u00e7u pour vous rapprocher de la victoire. Elles sont plus qu&#8217;un simple accessoire : elles sont votre compagnon id\u00e9al dans la course au succ\u00e8s. Si vous avez envie de battre tous les records, ces chaussures sont pr\u00eates \u00e0 le faire avec vous. Prenez le contr\u00f4le de votre course et commencez \u00e0 gagner.<\/p>\n<p>&nbsp;<\/p>\n<div class=\"accordion__content___29x9h\">\n<div class=\"content-padding___2kVWQ\">\n<div class=\"features-section___1pumR\">\n<div class=\"item___1X-1_\">\n<p><img decoding=\"async\" class=\"img_with_fallback___2aHBu feature-icon___3S9eQ\" src=\"https:\/\/brand.assets.adidas.com\/image\/upload\/racing_2ad458e885.png\" srcset=\"\" alt=\"\" data-auto-id=\"image\" \/><\/p>\n<p class=\"feature-icon-text___3Owgv\">Course<\/p>\n<\/div>\n<div class=\"item___1X-1_\">\n<p><img decoding=\"async\" class=\"img_with_fallback___2aHBu feature-icon___3S9eQ\" src=\"https:\/\/brand.assets.adidas.com\/image\/upload\/neutral_16b16d1637.png\" srcset=\"\" alt=\"\" data-auto-id=\"image\" \/><\/p>\n<p class=\"feature-icon-text___3Owgv\">Neutre<\/p>\n<p class=\"feature-icon-summary-small___31Rc0\">\n<\/div>\n<div class=\"item___1X-1_\">\n<p><img decoding=\"async\" class=\"img_with_fallback___2aHBu feature-icon___3S9eQ\" src=\"https:\/\/brand.assets.adidas.com\/image\/upload\/regular_a176d1f2d6.png\" srcset=\"\" alt=\"\" data-auto-id=\"image\" \/><\/p>\n<p class=\"feature-icon-text___3Owgv\">Coupe r\u00e9guli\u00e8re Unisexe<\/p>\n<\/div>\n<div class=\"special-item___2Ohsx\">\n<p class=\"feature-icon-summary-small___31Rc0\">\n<\/div>\n<\/div>\n<\/div>\n<\/div>\n<p><\/div><\/div><\/div><div class=\"vc-row container\"><div class=\"vc-column\"><div class=\"vc-column-text\"><\/p>\n<div style=\"width: 720px;\" class=\"wp-video\"><video class=\"wp-video-shortcode\" id=\"video-300732-1\" width=\"720\" height=\"720\" loop autoplay preload=\"metadata\" controls=\"controls\"><source type=\"video\/webm\" src=\"https:\/\/miomiorun.com\/wp-content\/uploads\/2025\/03\/Scarpe_adizero_Distancestar_Nero__video-1.webm?_=1\" \/><a href=\"https:\/\/miomiorun.com\/wp-content\/uploads\/2025\/03\/Scarpe_adizero_Distancestar_Nero__video-1.webm\">https:\/\/miomiorun.com\/wp-content\/uploads\/2025\/03\/Scarpe_adizero_Distancestar_Nero__video-1.webm<\/a><\/video><\/div>\n<p><\/div><\/div><\/div><div class=\"vc-row container\"><div class=\"vc-column\"><div style=\"height:32px\" class=\"vc-empty-space\"><\/div><\/div><\/div><\/p>\n","protected":false},"excerpt":{"rendered":"<ul class=\"m-long-description__features\">\n<li class=\"m-long-description__feature\">Chaussure de course ultral\u00e9g\u00e8re et r\u00e9active<\/li>\n<\/ul>\n","protected":false},"featured_media":264813,"template":"","meta":{"_acf_changed":false,"inline_featured_image":false},"product_brand":[],"product_cat":[22605,24448,22606,24447],"product_tag":[23557,23563,23564],"class_list":{"0":"post-300732","1":"product","2":"type-product","3":"status-publish","4":"has-post-thumbnail","6":"product_cat-chaussures-pour-femmes","7":"product_cat-chaussures-pour-hommes-fr","8":"product_cat-neutre","9":"product_cat-neutre-fr-3","10":"product_tag-adidas-fr","11":"product_tag-adidas-femme","12":"product_tag-adidas-homme","13":"pa_attivita-running-fr","14":"pa_colore-distancestar-ftwwht-luor-lucre-fr","15":"pa_colore-distancestar-luclem-cblack-halsil-fr","16":"pa_marca-adidas-fr","17":"pa_sesso-homme","18":"pa_size-41-fr","19":"pa_size-42-fr","21":"pa_size-43-fr","22":"pa_size-44-fr","24":"pa_size-45-fr","25":"pa_size-46-fr","28":"first","29":"instock","30":"sale","31":"taxable","32":"shipping-taxable","33":"purchasable","34":"product-type-variable","35":"wvs-archive-product-wrapper"},"acf":[],"yoast_head":"<!-- This site is optimized with the Yoast SEO plugin v26.8 - https:\/\/yoast.com\/product\/yoast-seo-wordpress\/ -->\n<title>Adidas Adizero Distancestar - chaussures de course - MioMioRun<\/title>\n<meta name=\"description\" content=\"Adizero Distancestar allie l\u00e9g\u00e8ret\u00e9, adh\u00e9rence et confort pour maximiser les performances sur la piste, le tout agr\u00e9ment\u00e9 d&#039;un design durable.\" \/>\n<meta name=\"robots\" content=\"index, follow, max-snippet:-1, max-image-preview:large, max-video-preview:-1\" \/>\n<link rel=\"canonical\" href=\"https:\/\/www.miomiorun.com\/fr\/produit\/adizero-distancestar\/\" \/>\n<meta property=\"og:locale\" content=\"fr_FR\" \/>\n<meta property=\"og:type\" content=\"article\" \/>\n<meta property=\"og:title\" content=\"Adidas Adizero Distancestar - chaussures de course - MioMioRun\" \/>\n<meta property=\"og:description\" content=\"Adizero Distancestar allie l\u00e9g\u00e8ret\u00e9, adh\u00e9rence et confort pour maximiser les performances sur la piste, le tout agr\u00e9ment\u00e9 d&#039;un design durable.\" \/>\n<meta property=\"og:url\" content=\"https:\/\/www.miomiorun.com\/fr\/produit\/adizero-distancestar\/\" \/>\n<meta property=\"og:site_name\" content=\"MioMioRun\" \/>\n<meta property=\"article:publisher\" content=\"https:\/\/www.facebook.com\/miomiorun\/\" \/>\n<meta property=\"article:modified_time\" content=\"2026-05-08T20:37:41+00:00\" \/>\n<meta property=\"og:image\" content=\"https:\/\/www.miomiorun.com\/app\/uploads\/2025\/03\/adidas-Distancestar-luclem-cblack-halsil-IF9390.webp\" \/>\n\t<meta property=\"og:image:width\" content=\"600\" \/>\n\t<meta property=\"og:image:height\" content=\"600\" \/>\n\t<meta property=\"og:image:type\" content=\"image\/webp\" \/>\n<meta name=\"twitter:card\" content=\"summary_large_image\" \/>\n<meta name=\"twitter:label1\" content=\"Est. reading time\" \/>\n\t<meta name=\"twitter:data1\" content=\"2 minutes\" \/>\n<script type=\"application\/ld+json\" class=\"yoast-schema-graph\">{\"@context\":\"https:\/\/schema.org\",\"@graph\":[{\"@type\":\"WebPage\",\"@id\":\"https:\/\/www.miomiorun.com\/fr\/produit\/adizero-distancestar\/\",\"url\":\"https:\/\/www.miomiorun.com\/fr\/produit\/adizero-distancestar\/\",\"name\":\"Adidas Adizero Distancestar - chaussures de course - MioMioRun\",\"isPartOf\":{\"@id\":\"https:\/\/www.miomiorun.com\/fr\/#website\"},\"primaryImageOfPage\":{\"@id\":\"https:\/\/www.miomiorun.com\/fr\/produit\/adizero-distancestar\/#primaryimage\"},\"image\":{\"@id\":\"https:\/\/www.miomiorun.com\/fr\/produit\/adizero-distancestar\/#primaryimage\"},\"thumbnailUrl\":\"https:\/\/www.miomiorun.com\/app\/uploads\/2025\/03\/adidas-Distancestar-luclem-cblack-halsil-IF9390.webp\",\"datePublished\":\"2025-03-13T18:14:40+00:00\",\"dateModified\":\"2026-05-08T20:37:41+00:00\",\"description\":\"Adizero Distancestar allie l\u00e9g\u00e8ret\u00e9, adh\u00e9rence et confort pour maximiser les performances sur la piste, le tout agr\u00e9ment\u00e9 d'un design durable.\",\"breadcrumb\":{\"@id\":\"https:\/\/www.miomiorun.com\/fr\/produit\/adizero-distancestar\/#breadcrumb\"},\"inLanguage\":\"fr-FR\",\"potentialAction\":[{\"@type\":\"ReadAction\",\"target\":[\"https:\/\/www.miomiorun.com\/fr\/produit\/adizero-distancestar\/\"]}]},{\"@type\":\"ImageObject\",\"inLanguage\":\"fr-FR\",\"@id\":\"https:\/\/www.miomiorun.com\/fr\/produit\/adizero-distancestar\/#primaryimage\",\"url\":\"https:\/\/www.miomiorun.com\/app\/uploads\/2025\/03\/adidas-Distancestar-luclem-cblack-halsil-IF9390.webp\",\"contentUrl\":\"https:\/\/www.miomiorun.com\/app\/uploads\/2025\/03\/adidas-Distancestar-luclem-cblack-halsil-IF9390.webp\",\"width\":600,\"height\":600,\"caption\":\"adidas Distancestar luclem cblack halsil IF9390\"},{\"@type\":\"BreadcrumbList\",\"@id\":\"https:\/\/www.miomiorun.com\/fr\/produit\/adizero-distancestar\/#breadcrumb\",\"itemListElement\":[{\"@type\":\"ListItem\",\"position\":1,\"name\":\"Home\",\"item\":\"https:\/\/www.miomiorun.com\/fr\/home-page\/\"},{\"@type\":\"ListItem\",\"position\":2,\"name\":\"Shop\",\"item\":\"https:\/\/www.miomiorun.com\/shop\/\"},{\"@type\":\"ListItem\",\"position\":3,\"name\":\"Adizero Distancestar\"}]},{\"@type\":\"WebSite\",\"@id\":\"https:\/\/www.miomiorun.com\/fr\/#website\",\"url\":\"https:\/\/www.miomiorun.com\/fr\/\",\"name\":\"MioMioRun\",\"description\":\"Boutique 100% running et trail\",\"publisher\":{\"@id\":\"https:\/\/www.miomiorun.com\/fr\/#organization\"},\"potentialAction\":[{\"@type\":\"SearchAction\",\"target\":{\"@type\":\"EntryPoint\",\"urlTemplate\":\"https:\/\/www.miomiorun.com\/fr\/?s={search_term_string}\"},\"query-input\":{\"@type\":\"PropertyValueSpecification\",\"valueRequired\":true,\"valueName\":\"search_term_string\"}}],\"inLanguage\":\"fr-FR\"},{\"@type\":\"Organization\",\"@id\":\"https:\/\/www.miomiorun.com\/fr\/#organization\",\"name\":\"MioMio Run\",\"url\":\"https:\/\/www.miomiorun.com\/fr\/\",\"logo\":{\"@type\":\"ImageObject\",\"inLanguage\":\"fr-FR\",\"@id\":\"https:\/\/www.miomiorun.com\/fr\/#\/schema\/logo\/image\/\",\"url\":\"https:\/\/www.miomiorun.com\/app\/uploads\/2019\/12\/logomio.png\",\"contentUrl\":\"https:\/\/www.miomiorun.com\/app\/uploads\/2019\/12\/logomio.png\",\"width\":115,\"height\":82,\"caption\":\"MioMio Run\"},\"image\":{\"@id\":\"https:\/\/www.miomiorun.com\/fr\/#\/schema\/logo\/image\/\"},\"sameAs\":[\"https:\/\/www.facebook.com\/miomiorun\/\",\"https:\/\/www.instagram.com\/miomiorun\/\"]}]}<\/script>\n<!-- \/ Yoast SEO plugin. -->","yoast_head_json":{"title":"Adidas Adizero Distancestar - chaussures de course - MioMioRun","description":"Adizero Distancestar allie l\u00e9g\u00e8ret\u00e9, adh\u00e9rence et confort pour maximiser les performances sur la piste, le tout agr\u00e9ment\u00e9 d'un design durable.","robots":{"index":"index","follow":"follow","max-snippet":"max-snippet:-1","max-image-preview":"max-image-preview:large","max-video-preview":"max-video-preview:-1"},"canonical":"https:\/\/www.miomiorun.com\/fr\/produit\/adizero-distancestar\/","og_locale":"fr_FR","og_type":"article","og_title":"Adidas Adizero Distancestar - chaussures de course - MioMioRun","og_description":"Adizero Distancestar allie l\u00e9g\u00e8ret\u00e9, adh\u00e9rence et confort pour maximiser les performances sur la piste, le tout agr\u00e9ment\u00e9 d'un design durable.","og_url":"https:\/\/www.miomiorun.com\/fr\/produit\/adizero-distancestar\/","og_site_name":"MioMioRun","article_publisher":"https:\/\/www.facebook.com\/miomiorun\/","article_modified_time":"2026-05-08T20:37:41+00:00","og_image":[{"width":600,"height":600,"url":"https:\/\/www.miomiorun.com\/app\/uploads\/2025\/03\/adidas-Distancestar-luclem-cblack-halsil-IF9390.webp","type":"image\/webp"}],"twitter_card":"summary_large_image","twitter_misc":{"Est. reading time":"2 minutes"},"schema":{"@context":"https:\/\/schema.org","@graph":[{"@type":"WebPage","@id":"https:\/\/www.miomiorun.com\/fr\/produit\/adizero-distancestar\/","url":"https:\/\/www.miomiorun.com\/fr\/produit\/adizero-distancestar\/","name":"Adidas Adizero Distancestar - chaussures de course - MioMioRun","isPartOf":{"@id":"https:\/\/www.miomiorun.com\/fr\/#website"},"primaryImageOfPage":{"@id":"https:\/\/www.miomiorun.com\/fr\/produit\/adizero-distancestar\/#primaryimage"},"image":{"@id":"https:\/\/www.miomiorun.com\/fr\/produit\/adizero-distancestar\/#primaryimage"},"thumbnailUrl":"https:\/\/www.miomiorun.com\/app\/uploads\/2025\/03\/adidas-Distancestar-luclem-cblack-halsil-IF9390.webp","datePublished":"2025-03-13T18:14:40+00:00","dateModified":"2026-05-08T20:37:41+00:00","description":"Adizero Distancestar allie l\u00e9g\u00e8ret\u00e9, adh\u00e9rence et confort pour maximiser les performances sur la piste, le tout agr\u00e9ment\u00e9 d'un design durable.","breadcrumb":{"@id":"https:\/\/www.miomiorun.com\/fr\/produit\/adizero-distancestar\/#breadcrumb"},"inLanguage":"fr-FR","potentialAction":[{"@type":"ReadAction","target":["https:\/\/www.miomiorun.com\/fr\/produit\/adizero-distancestar\/"]}]},{"@type":"ImageObject","inLanguage":"fr-FR","@id":"https:\/\/www.miomiorun.com\/fr\/produit\/adizero-distancestar\/#primaryimage","url":"https:\/\/www.miomiorun.com\/app\/uploads\/2025\/03\/adidas-Distancestar-luclem-cblack-halsil-IF9390.webp","contentUrl":"https:\/\/www.miomiorun.com\/app\/uploads\/2025\/03\/adidas-Distancestar-luclem-cblack-halsil-IF9390.webp","width":600,"height":600,"caption":"adidas Distancestar luclem cblack halsil IF9390"},{"@type":"BreadcrumbList","@id":"https:\/\/www.miomiorun.com\/fr\/produit\/adizero-distancestar\/#breadcrumb","itemListElement":[{"@type":"ListItem","position":1,"name":"Home","item":"https:\/\/www.miomiorun.com\/fr\/home-page\/"},{"@type":"ListItem","position":2,"name":"Shop","item":"https:\/\/www.miomiorun.com\/shop\/"},{"@type":"ListItem","position":3,"name":"Adizero Distancestar"}]},{"@type":"WebSite","@id":"https:\/\/www.miomiorun.com\/fr\/#website","url":"https:\/\/www.miomiorun.com\/fr\/","name":"MioMioRun","description":"Boutique 100% running et trail","publisher":{"@id":"https:\/\/www.miomiorun.com\/fr\/#organization"},"potentialAction":[{"@type":"SearchAction","target":{"@type":"EntryPoint","urlTemplate":"https:\/\/www.miomiorun.com\/fr\/?s={search_term_string}"},"query-input":{"@type":"PropertyValueSpecification","valueRequired":true,"valueName":"search_term_string"}}],"inLanguage":"fr-FR"},{"@type":"Organization","@id":"https:\/\/www.miomiorun.com\/fr\/#organization","name":"MioMio Run","url":"https:\/\/www.miomiorun.com\/fr\/","logo":{"@type":"ImageObject","inLanguage":"fr-FR","@id":"https:\/\/www.miomiorun.com\/fr\/#\/schema\/logo\/image\/","url":"https:\/\/www.miomiorun.com\/app\/uploads\/2019\/12\/logomio.png","contentUrl":"https:\/\/www.miomiorun.com\/app\/uploads\/2019\/12\/logomio.png","width":115,"height":82,"caption":"MioMio Run"},"image":{"@id":"https:\/\/www.miomiorun.com\/fr\/#\/schema\/logo\/image\/"},"sameAs":["https:\/\/www.facebook.com\/miomiorun\/","https:\/\/www.instagram.com\/miomiorun\/"]}]}},"_links":{"self":[{"href":"https:\/\/www.miomiorun.com\/fr\/wp-json\/wp\/v2\/product\/300732","targetHints":{"allow":["GET"]}}],"collection":[{"href":"https:\/\/www.miomiorun.com\/fr\/wp-json\/wp\/v2\/product"}],"about":[{"href":"https:\/\/www.miomiorun.com\/fr\/wp-json\/wp\/v2\/types\/product"}],"wp:featuredmedia":[{"embeddable":true,"href":"https:\/\/www.miomiorun.com\/fr\/wp-json\/wp\/v2\/media\/264813"}],"wp:attachment":[{"href":"https:\/\/www.miomiorun.com\/fr\/wp-json\/wp\/v2\/media?parent=300732"}],"wp:term":[{"taxonomy":"product_brand","embeddable":true,"href":"https:\/\/www.miomiorun.com\/fr\/wp-json\/wp\/v2\/product_brand?post=300732"},{"taxonomy":"product_cat","embeddable":true,"href":"https:\/\/www.miomiorun.com\/fr\/wp-json\/wp\/v2\/product_cat?post=300732"},{"taxonomy":"product_tag","embeddable":true,"href":"https:\/\/www.miomiorun.com\/fr\/wp-json\/wp\/v2\/product_tag?post=300732"}],"curies":[{"name":"wp","href":"https:\/\/api.w.org\/{rel}","templated":true}]}}