{"id":300724,"date":"2025-03-13T19:15:35","date_gmt":"2025-03-13T18:15:35","guid":{"rendered":"https:\/\/miomiorun.com\/prodotto\/supernova-solution-2-0-uomo\/"},"modified":"2026-05-08T22:37:34","modified_gmt":"2026-05-08T20:37:34","slug":"supernova-solution-2-0-homme","status":"publish","type":"product","link":"https:\/\/www.miomiorun.com\/fr\/produit\/supernova-solution-2-0-homme\/","title":{"rendered":"Supernova Solution 2.0 homme"},"content":{"rendered":"<div class=\"vc-row container\"><div class=\"vc-column\"><div class=\"vc-column-text\"><\/p>\n<h4>Caract\u00e9ristiques techniques<\/h4>\n<p>Cat\u00e9gorie : amorti moyen<br \/>\nD\u00e9calage : 10 mm (talon : 36 mm \/ avant-pied : 26 mm)<br \/>\nPoids : 290 g<br \/>\nId\u00e9al pour : les coureurs ayant une tendance \u00e0 la pronation, recherchant un mod\u00e8le soutenu et protecteur, mais sans sacrifier la performance compte tenu du faible poids de la chaussure.<br \/>\nPoids du sportif : &gt;75 kg<br \/>\nAllure de course : moyenne (5-6 min\/km)<br \/>\n<a href=\"https:\/\/miomiorun.com\/fr\/guide-des-specificites\/\">Guide des caract\u00e9ristiques techniques<\/a><\/p>\n<p><\/div><\/div><div class=\"vc-column\"><div class=\"vc-column-text\"><\/p>\n<div class=\"text-content___13aRm\">\n<div class=\"text-content___13aRm\">\n<h2 class=\"subtitle___9ljbp\">Les Supernova Solution 2.0 en version homme sont des chaussures de course amorties et stables pour la course de tous les jours sur n&#8217;importe quelle distance.<\/h2>\n<p class=\"gl-vspace\">Laissez ces chaussures de course adidas pr\u00e8s de la porte d&#8217;entr\u00e9e pour qu&#8217;elles soient pr\u00eates pour votre course du matin, ou mettez-les dans votre sac \u00e0 dos pour les avoir avec vous lorsque vous voulez vous entra\u00eener apr\u00e8s le travail. Il ne fait aucun doute qu&#8217;elles s&#8217;av\u00e9reront \u00eatre le choix id\u00e9al jour apr\u00e8s jour, vous apportant un confort et un soutien constants. La semelle interm\u00e9diaire <strong>Dreamstrike+<\/strong> offre un amorti optimal, tandis que les barres stabilisatrices assurent une transition en douceur du talon aux orteils.<\/p>\n<\/div>\n<p><strong>Caract\u00e9ristiques :<\/strong><\/p>\n<ul class=\"gl-list\">\n<li class=\"gl-vspace-bpall-small\">Coupe r\u00e9guli\u00e8re.<\/li>\n<li class=\"gl-vspace-bpall-small\">Fermeture \u00e0 lacets.<\/li>\n<li class=\"gl-vspace-bpall-small\">Dessus en tissu et mati\u00e8re synth\u00e9tique.<\/li>\n<li class=\"gl-vspace-bpall-small\">Doublure en tissu.<\/li>\n<li class=\"gl-vspace-bpall-small\">Semelle interm\u00e9diaire Dreamstrike+.<\/li>\n<li class=\"gl-vspace-bpall-small\">Barres de soutien stabilisatrices.<\/li>\n<li>semelle ext\u00e9rieure adiwear.<\/li>\n<\/ul>\n<div class=\"_cell_18qu3_18 _with-content_18qu3_27\" data-auto-id=\"bs-body\">\n<div class=\"_banner-split_18qu3_31 color-theme-black\">\n<h2 class=\"_banner-split-title_18qu3_68 _dynamic-alignment_18qu3_126\" style=\"text-align: center;\" data-auto-id=\"bs-title\">TALON SUPER CONFORTABLE<\/h2>\n<p class=\"_banner-split-summary_18qu3_92 _dynamic-alignment_18qu3_126\" style=\"text-align: center;\" data-auto-id=\"bs-summary\">Une combinaison parfaite entre l&#8217;amorti du compos\u00e9 et la douceur du tissu, vous offrant un soutien maximal, comme si la chaussure \u00e9pousait votre talon.<\/p>\n<div class=\"_cell_18qu3_18 _with-content_18qu3_27\" data-auto-id=\"bs-body\">\n<div class=\"_banner-split_18qu3_31 color-theme-black\">\n<h2 class=\"_banner-split-title_18qu3_68 _dynamic-alignment_18qu3_126\" style=\"text-align: center;\" data-auto-id=\"bs-title\">DREAMSTRIKE+<\/h2>\n<p class=\"_banner-split-summary_18qu3_92 _dynamic-alignment_18qu3_126\" style=\"text-align: center;\" data-auto-id=\"bs-summary\">Le super compos\u00e9 de nouvelle g\u00e9n\u00e9ration de la semelle interm\u00e9diaire amortit chaque pas, offrant le meilleur \u00e9quilibre entre confort et stabilit\u00e9, kilom\u00e8tre apr\u00e8s kilom\u00e8tre.<\/p>\n<div class=\"_cell_18qu3_18 _with-content_18qu3_27\" data-auto-id=\"bs-body\">\n<div class=\"_banner-split_18qu3_31 color-theme-black\">\n<p class=\"_banner-split-summary_18qu3_92 _dynamic-alignment_18qu3_126\" style=\"text-align: center;\" data-auto-id=\"bs-summary\">\n<\/div>\n<\/div>\n<\/div>\n<\/div>\n<\/div>\n<\/div>\n<\/div>\n<p><\/div><\/div><\/div>\n","protected":false},"excerpt":{"rendered":"<ul>\n<li>Chaussure de course \u00e0 pied avec un soutien suppl\u00e9mentaire,<\/li>\n<li>parfaite pour tous les entra\u00eenements quotidiens<\/li>\n<li>.<\/li>\n<\/ul>\n","protected":false},"featured_media":264459,"template":"","meta":{"_acf_changed":false,"inline_featured_image":false},"product_brand":[],"product_cat":[24254,24483],"product_tag":[23557,23564],"class_list":{"0":"post-300724","1":"product","2":"type-product","3":"status-publish","4":"has-post-thumbnail","6":"product_cat-chaussures-pour-hommes","7":"product_cat-les-ecuries-fr","8":"product_tag-adidas-fr","9":"product_tag-adidas-homme","10":"pa_attivita-marcher","11":"pa_attivita-running-fr","12":"pa_colore-supernova-solution-2-lucid-blue-zero-met-fr","13":"pa_colore-supernova-solution-2-m-dshgry-iron-fr","14":"pa_marca-adidas-fr","15":"pa_sesso-homme","16":"pa_size-46-fr","18":"pa_size-47-fr","20":"first","21":"instock","22":"sale","23":"taxable","24":"shipping-taxable","25":"purchasable","26":"product-type-variable","27":"wvs-archive-product-wrapper"},"acf":[],"yoast_head":"<!-- This site is optimized with the Yoast SEO plugin v26.8 - https:\/\/yoast.com\/product\/yoast-seo-wordpress\/ -->\n<title>Adidas Supernova Solution 2.0 homme - chaussures de course - MioMioRun.com<\/title>\n<meta name=\"description\" content=\"La Supernova Solution 2.0, dans sa version masculine, est une chaussure de course amortie et stable pour la course de tous les jours, quelle que soit la distance.\" \/>\n<meta name=\"robots\" content=\"index, follow, max-snippet:-1, max-image-preview:large, max-video-preview:-1\" \/>\n<link rel=\"canonical\" href=\"https:\/\/www.miomiorun.com\/fr\/produit\/supernova-solution-2-0-homme\/\" \/>\n<meta property=\"og:locale\" content=\"fr_FR\" \/>\n<meta property=\"og:type\" content=\"article\" \/>\n<meta property=\"og:title\" content=\"Adidas Supernova Solution 2.0 homme - chaussures de course - MioMioRun.com\" \/>\n<meta property=\"og:description\" content=\"La Supernova Solution 2.0, dans sa version masculine, est une chaussure de course amortie et stable pour la course de tous les jours, quelle que soit la distance.\" \/>\n<meta property=\"og:url\" content=\"https:\/\/www.miomiorun.com\/fr\/produit\/supernova-solution-2-0-homme\/\" \/>\n<meta property=\"og:site_name\" content=\"MioMioRun\" \/>\n<meta property=\"article:publisher\" content=\"https:\/\/www.facebook.com\/miomiorun\/\" \/>\n<meta property=\"article:modified_time\" content=\"2026-05-08T20:37:34+00:00\" \/>\n<meta property=\"og:image\" content=\"https:\/\/www.miomiorun.com\/app\/uploads\/2025\/03\/adidas-Supernova-Solution-2-M-dshgry-iron-IH8720.webp\" \/>\n\t<meta property=\"og:image:width\" content=\"600\" \/>\n\t<meta property=\"og:image:height\" content=\"600\" \/>\n\t<meta property=\"og:image:type\" content=\"image\/webp\" \/>\n<meta name=\"twitter:card\" content=\"summary_large_image\" \/>\n<meta name=\"twitter:label1\" content=\"Est. reading time\" \/>\n\t<meta name=\"twitter:data1\" content=\"2 minutes\" \/>\n<script type=\"application\/ld+json\" class=\"yoast-schema-graph\">{\"@context\":\"https:\/\/schema.org\",\"@graph\":[{\"@type\":\"WebPage\",\"@id\":\"https:\/\/www.miomiorun.com\/fr\/produit\/supernova-solution-2-0-homme\/\",\"url\":\"https:\/\/www.miomiorun.com\/fr\/produit\/supernova-solution-2-0-homme\/\",\"name\":\"Adidas Supernova Solution 2.0 homme - chaussures de course - MioMioRun.com\",\"isPartOf\":{\"@id\":\"https:\/\/www.miomiorun.com\/fr\/#website\"},\"primaryImageOfPage\":{\"@id\":\"https:\/\/www.miomiorun.com\/fr\/produit\/supernova-solution-2-0-homme\/#primaryimage\"},\"image\":{\"@id\":\"https:\/\/www.miomiorun.com\/fr\/produit\/supernova-solution-2-0-homme\/#primaryimage\"},\"thumbnailUrl\":\"https:\/\/www.miomiorun.com\/app\/uploads\/2025\/03\/adidas-Supernova-Solution-2-M-dshgry-iron-IH8720.webp\",\"datePublished\":\"2025-03-13T18:15:35+00:00\",\"dateModified\":\"2026-05-08T20:37:34+00:00\",\"description\":\"La Supernova Solution 2.0, dans sa version masculine, est une chaussure de course amortie et stable pour la course de tous les jours, quelle que soit la distance.\",\"breadcrumb\":{\"@id\":\"https:\/\/www.miomiorun.com\/fr\/produit\/supernova-solution-2-0-homme\/#breadcrumb\"},\"inLanguage\":\"fr-FR\",\"potentialAction\":[{\"@type\":\"ReadAction\",\"target\":[\"https:\/\/www.miomiorun.com\/fr\/produit\/supernova-solution-2-0-homme\/\"]}]},{\"@type\":\"ImageObject\",\"inLanguage\":\"fr-FR\",\"@id\":\"https:\/\/www.miomiorun.com\/fr\/produit\/supernova-solution-2-0-homme\/#primaryimage\",\"url\":\"https:\/\/www.miomiorun.com\/app\/uploads\/2025\/03\/adidas-Supernova-Solution-2-M-dshgry-iron-IH8720.webp\",\"contentUrl\":\"https:\/\/www.miomiorun.com\/app\/uploads\/2025\/03\/adidas-Supernova-Solution-2-M-dshgry-iron-IH8720.webp\",\"width\":600,\"height\":600,\"caption\":\"adidas Supernova Solution 2 M dshgry iron IH8720\"},{\"@type\":\"BreadcrumbList\",\"@id\":\"https:\/\/www.miomiorun.com\/fr\/produit\/supernova-solution-2-0-homme\/#breadcrumb\",\"itemListElement\":[{\"@type\":\"ListItem\",\"position\":1,\"name\":\"Home\",\"item\":\"https:\/\/www.miomiorun.com\/fr\/home-page\/\"},{\"@type\":\"ListItem\",\"position\":2,\"name\":\"Shop\",\"item\":\"https:\/\/www.miomiorun.com\/shop\/\"},{\"@type\":\"ListItem\",\"position\":3,\"name\":\"Supernova Solution 2.0 homme\"}]},{\"@type\":\"WebSite\",\"@id\":\"https:\/\/www.miomiorun.com\/fr\/#website\",\"url\":\"https:\/\/www.miomiorun.com\/fr\/\",\"name\":\"MioMioRun\",\"description\":\"Boutique 100% running et trail\",\"publisher\":{\"@id\":\"https:\/\/www.miomiorun.com\/fr\/#organization\"},\"potentialAction\":[{\"@type\":\"SearchAction\",\"target\":{\"@type\":\"EntryPoint\",\"urlTemplate\":\"https:\/\/www.miomiorun.com\/fr\/?s={search_term_string}\"},\"query-input\":{\"@type\":\"PropertyValueSpecification\",\"valueRequired\":true,\"valueName\":\"search_term_string\"}}],\"inLanguage\":\"fr-FR\"},{\"@type\":\"Organization\",\"@id\":\"https:\/\/www.miomiorun.com\/fr\/#organization\",\"name\":\"MioMio Run\",\"url\":\"https:\/\/www.miomiorun.com\/fr\/\",\"logo\":{\"@type\":\"ImageObject\",\"inLanguage\":\"fr-FR\",\"@id\":\"https:\/\/www.miomiorun.com\/fr\/#\/schema\/logo\/image\/\",\"url\":\"https:\/\/www.miomiorun.com\/app\/uploads\/2019\/12\/logomio.png\",\"contentUrl\":\"https:\/\/www.miomiorun.com\/app\/uploads\/2019\/12\/logomio.png\",\"width\":115,\"height\":82,\"caption\":\"MioMio Run\"},\"image\":{\"@id\":\"https:\/\/www.miomiorun.com\/fr\/#\/schema\/logo\/image\/\"},\"sameAs\":[\"https:\/\/www.facebook.com\/miomiorun\/\",\"https:\/\/www.instagram.com\/miomiorun\/\"]}]}<\/script>\n<!-- \/ Yoast SEO plugin. -->","yoast_head_json":{"title":"Adidas Supernova Solution 2.0 homme - chaussures de course - MioMioRun.com","description":"La Supernova Solution 2.0, dans sa version masculine, est une chaussure de course amortie et stable pour la course de tous les jours, quelle que soit la distance.","robots":{"index":"index","follow":"follow","max-snippet":"max-snippet:-1","max-image-preview":"max-image-preview:large","max-video-preview":"max-video-preview:-1"},"canonical":"https:\/\/www.miomiorun.com\/fr\/produit\/supernova-solution-2-0-homme\/","og_locale":"fr_FR","og_type":"article","og_title":"Adidas Supernova Solution 2.0 homme - chaussures de course - MioMioRun.com","og_description":"La Supernova Solution 2.0, dans sa version masculine, est une chaussure de course amortie et stable pour la course de tous les jours, quelle que soit la distance.","og_url":"https:\/\/www.miomiorun.com\/fr\/produit\/supernova-solution-2-0-homme\/","og_site_name":"MioMioRun","article_publisher":"https:\/\/www.facebook.com\/miomiorun\/","article_modified_time":"2026-05-08T20:37:34+00:00","og_image":[{"width":600,"height":600,"url":"https:\/\/www.miomiorun.com\/app\/uploads\/2025\/03\/adidas-Supernova-Solution-2-M-dshgry-iron-IH8720.webp","type":"image\/webp"}],"twitter_card":"summary_large_image","twitter_misc":{"Est. reading time":"2 minutes"},"schema":{"@context":"https:\/\/schema.org","@graph":[{"@type":"WebPage","@id":"https:\/\/www.miomiorun.com\/fr\/produit\/supernova-solution-2-0-homme\/","url":"https:\/\/www.miomiorun.com\/fr\/produit\/supernova-solution-2-0-homme\/","name":"Adidas Supernova Solution 2.0 homme - chaussures de course - MioMioRun.com","isPartOf":{"@id":"https:\/\/www.miomiorun.com\/fr\/#website"},"primaryImageOfPage":{"@id":"https:\/\/www.miomiorun.com\/fr\/produit\/supernova-solution-2-0-homme\/#primaryimage"},"image":{"@id":"https:\/\/www.miomiorun.com\/fr\/produit\/supernova-solution-2-0-homme\/#primaryimage"},"thumbnailUrl":"https:\/\/www.miomiorun.com\/app\/uploads\/2025\/03\/adidas-Supernova-Solution-2-M-dshgry-iron-IH8720.webp","datePublished":"2025-03-13T18:15:35+00:00","dateModified":"2026-05-08T20:37:34+00:00","description":"La Supernova Solution 2.0, dans sa version masculine, est une chaussure de course amortie et stable pour la course de tous les jours, quelle que soit la distance.","breadcrumb":{"@id":"https:\/\/www.miomiorun.com\/fr\/produit\/supernova-solution-2-0-homme\/#breadcrumb"},"inLanguage":"fr-FR","potentialAction":[{"@type":"ReadAction","target":["https:\/\/www.miomiorun.com\/fr\/produit\/supernova-solution-2-0-homme\/"]}]},{"@type":"ImageObject","inLanguage":"fr-FR","@id":"https:\/\/www.miomiorun.com\/fr\/produit\/supernova-solution-2-0-homme\/#primaryimage","url":"https:\/\/www.miomiorun.com\/app\/uploads\/2025\/03\/adidas-Supernova-Solution-2-M-dshgry-iron-IH8720.webp","contentUrl":"https:\/\/www.miomiorun.com\/app\/uploads\/2025\/03\/adidas-Supernova-Solution-2-M-dshgry-iron-IH8720.webp","width":600,"height":600,"caption":"adidas Supernova Solution 2 M dshgry iron IH8720"},{"@type":"BreadcrumbList","@id":"https:\/\/www.miomiorun.com\/fr\/produit\/supernova-solution-2-0-homme\/#breadcrumb","itemListElement":[{"@type":"ListItem","position":1,"name":"Home","item":"https:\/\/www.miomiorun.com\/fr\/home-page\/"},{"@type":"ListItem","position":2,"name":"Shop","item":"https:\/\/www.miomiorun.com\/shop\/"},{"@type":"ListItem","position":3,"name":"Supernova Solution 2.0 homme"}]},{"@type":"WebSite","@id":"https:\/\/www.miomiorun.com\/fr\/#website","url":"https:\/\/www.miomiorun.com\/fr\/","name":"MioMioRun","description":"Boutique 100% running et trail","publisher":{"@id":"https:\/\/www.miomiorun.com\/fr\/#organization"},"potentialAction":[{"@type":"SearchAction","target":{"@type":"EntryPoint","urlTemplate":"https:\/\/www.miomiorun.com\/fr\/?s={search_term_string}"},"query-input":{"@type":"PropertyValueSpecification","valueRequired":true,"valueName":"search_term_string"}}],"inLanguage":"fr-FR"},{"@type":"Organization","@id":"https:\/\/www.miomiorun.com\/fr\/#organization","name":"MioMio Run","url":"https:\/\/www.miomiorun.com\/fr\/","logo":{"@type":"ImageObject","inLanguage":"fr-FR","@id":"https:\/\/www.miomiorun.com\/fr\/#\/schema\/logo\/image\/","url":"https:\/\/www.miomiorun.com\/app\/uploads\/2019\/12\/logomio.png","contentUrl":"https:\/\/www.miomiorun.com\/app\/uploads\/2019\/12\/logomio.png","width":115,"height":82,"caption":"MioMio Run"},"image":{"@id":"https:\/\/www.miomiorun.com\/fr\/#\/schema\/logo\/image\/"},"sameAs":["https:\/\/www.facebook.com\/miomiorun\/","https:\/\/www.instagram.com\/miomiorun\/"]}]}},"_links":{"self":[{"href":"https:\/\/www.miomiorun.com\/fr\/wp-json\/wp\/v2\/product\/300724","targetHints":{"allow":["GET"]}}],"collection":[{"href":"https:\/\/www.miomiorun.com\/fr\/wp-json\/wp\/v2\/product"}],"about":[{"href":"https:\/\/www.miomiorun.com\/fr\/wp-json\/wp\/v2\/types\/product"}],"wp:featuredmedia":[{"embeddable":true,"href":"https:\/\/www.miomiorun.com\/fr\/wp-json\/wp\/v2\/media\/264459"}],"wp:attachment":[{"href":"https:\/\/www.miomiorun.com\/fr\/wp-json\/wp\/v2\/media?parent=300724"}],"wp:term":[{"taxonomy":"product_brand","embeddable":true,"href":"https:\/\/www.miomiorun.com\/fr\/wp-json\/wp\/v2\/product_brand?post=300724"},{"taxonomy":"product_cat","embeddable":true,"href":"https:\/\/www.miomiorun.com\/fr\/wp-json\/wp\/v2\/product_cat?post=300724"},{"taxonomy":"product_tag","embeddable":true,"href":"https:\/\/www.miomiorun.com\/fr\/wp-json\/wp\/v2\/product_tag?post=300724"}],"curies":[{"name":"wp","href":"https:\/\/api.w.org\/{rel}","templated":true}]}}