{"id":300711,"date":"2025-03-14T18:34:47","date_gmt":"2025-03-14T17:34:47","guid":{"rendered":"https:\/\/miomiorun.com\/prodotto\/adizero-sl2-uomo\/"},"modified":"2025-05-10T15:38:09","modified_gmt":"2025-05-10T13:38:09","slug":"adizero-sl2-homme","status":"publish","type":"product","link":"https:\/\/www.miomiorun.com\/fr\/produit\/adizero-sl2-homme\/","title":{"rendered":"Adizero SL2 homme"},"content":{"rendered":"<div class=\"vc-row container\"><div class=\"vc-column\"><div class=\"vc-column-text\"><\/p>\n<p><strong>Caract\u00e9ristiques techniques<\/strong><\/p>\n<p>Cat\u00e9gorie : amorti r\u00e9actif<br \/>\nD\u00e9calage : 9 mm<br \/>\nPoids : 238 g<br \/>\nId\u00e9al pour : coureurs recherchant un mod\u00e8le interm\u00e9diaire, caract\u00e9ris\u00e9 par la l\u00e9g\u00e8ret\u00e9 et l&#8217;\u00e9lasticit\u00e9, pour tous types de courses de distance, capables d&#8217;appr\u00e9cier la r\u00e9activit\u00e9 et l&#8217;amorti discret.<br \/>\nPoids de l&#8217;athl\u00e8te : 60-80 kg<br \/>\nAllure de course : moyenne-rapide (3.30-5.00 min\/km)<br \/>\n<a href=\"https:\/\/miomiorun.com\/fr\/guide-des-specificites\/\">Guide de sp\u00e9cification<\/a><\/p>\n<p><\/div><\/div><div class=\"vc-column\"><div class=\"vc-column-text\"><\/p>\n<div class=\"text-content___13aRm\">\n<h3 class=\"subtitle___9ljbp\" style=\"text-align: center;\">Chaussures de course l\u00e9g\u00e8res cr\u00e9\u00e9es en partie \u00e0 partir de mat\u00e9riaux recycl\u00e9s.<\/h3>\n<h2 class=\"gl-vspace\" style=\"text-align: center;\">D\u00e9couvrez le plaisir de battre vos records personnels avec des chaussures aussi rapides que vous.<\/h2>\n<p class=\"gl-vspace\">Ces chaussures de course adidas <strong>adizero SL2<\/strong> pour homme sont dot\u00e9es de l&#8217;amorti Lightstrike Pro, r\u00e9actif et l\u00e9ger, pour un retour d&#8217;\u00e9nergie imbattable et une vitesse sup\u00e9rieure. L&#8217;empeigne en mesh technique offre une respirabilit\u00e9 et un soutien cibl\u00e9 l\u00e0 o\u00f9 vous en avez le plus besoin pour vous aider \u00e0 atteindre la ligne d&#8217;arriv\u00e9e en un clin d&#8217;\u0153il. Ce produit contient au moins 20 % de mat\u00e9riaux recycl\u00e9s.<\/p>\n<p><strong>Caract\u00e9ristiques :<\/strong><\/p>\n<ul class=\"gl-list\">\n<li class=\"gl-vspace-bpall-small\">Coupe r\u00e9guli\u00e8re<\/li>\n<li class=\"gl-vspace-bpall-small\">Fermeture \u00e0 lacets<\/li>\n<li class=\"gl-vspace-bpall-small\">Dessus en maille<\/li>\n<li class=\"gl-vspace-bpall-small\">Doublure en tissu<\/li>\n<li class=\"gl-vspace-bpall-small\">Amortissement Lightstrike Pro<\/li>\n<li class=\"gl-vspace-bpall-small\">Semelle ext\u00e9rieure en caoutchouc<\/li>\n<\/ul>\n<h3>Technologie<\/h3>\n<div class=\"accordion__content___29x9h\">\n<div class=\"content-padding___2kVWQ\">\n<div class=\"technologies-section___3gZqW technologies-section--no-img___B_YZF\">\n<div class=\"technologies-content-container--no-img___wNKqW\">\n<h2 class=\"technologies-content-name___kkx_0\">LIGHTSTRIKE<\/h2>\n<div class=\"technologies-content-title___moWj6\"><strong>L\u00e9g\u00e8ret\u00e9 et vitesse<\/strong><\/div>\n<p class=\"technologies-content-subtitle___2bGCf\">Amortissement Lightstrike ultra-l\u00e9ger pour une plus grande vitesse.<\/p>\n<p>&nbsp;<\/p>\n<\/div>\n<\/div>\n<\/div>\n<\/div>\n<\/div>\n<p><\/div><\/div><\/div>\n","protected":false},"excerpt":{"rendered":"<ul>\n<li>Chaussure de course l\u00e9g\u00e8re, rapide et r\u00e9active.<\/li>\n<li>Id\u00e9al pour les coureurs qui veulent courir vite et se pousser plus loin.<\/li>\n<\/ul>\n","protected":false},"featured_media":429977,"template":"","meta":{"_acf_changed":false,"inline_featured_image":false},"product_brand":[],"product_cat":[24448,24447],"product_tag":[23557,23564],"class_list":{"0":"post-300711","1":"product","2":"type-product","3":"status-publish","4":"has-post-thumbnail","6":"product_cat-chaussures-pour-hommes-fr","7":"product_cat-neutre-fr-3","8":"product_tag-adidas-fr","9":"product_tag-adidas-homme","10":"pa_attivita-fitness-fr","11":"pa_attivita-running-fr","12":"pa_colore-adizero-sl-2-lucblu-ftwwht-fr","13":"pa_colore-adizero-sl2-solblu-silvmt-dksolb","14":"pa_marca-adidas-fr","15":"pa_sesso-homme","16":"pa_size-41-fr","17":"pa_size-42-fr","19":"pa_size-43-fr","20":"pa_size-44-fr","22":"pa_size-45-fr","23":"pa_size-46-fr","26":"first","27":"instock","28":"sale","29":"taxable","30":"shipping-taxable","31":"purchasable","32":"product-type-variable","33":"wvs-archive-product-wrapper"},"acf":[],"yoast_head":"<!-- This site is optimized with the Yoast SEO plugin v26.8 - https:\/\/yoast.com\/product\/yoast-seo-wordpress\/ -->\n<title>Adidas Adizero SL2 homme - chaussures de course - MioMioRun<\/title>\n<meta name=\"description\" content=\"Ces chaussures de course adidas adizero SL2 pour homme sont dot\u00e9es de l&#039;amorti Lightstrike Pro r\u00e9actif et ultra-l\u00e9ger pour un retour d&#039;\u00e9nergie.\" \/>\n<meta name=\"robots\" content=\"index, follow, max-snippet:-1, max-image-preview:large, max-video-preview:-1\" \/>\n<link rel=\"canonical\" href=\"https:\/\/www.miomiorun.com\/fr\/produit\/adizero-sl2-homme\/\" \/>\n<meta property=\"og:locale\" content=\"fr_FR\" \/>\n<meta property=\"og:type\" content=\"article\" \/>\n<meta property=\"og:title\" content=\"Adidas Adizero SL2 homme - chaussures de course - MioMioRun\" \/>\n<meta property=\"og:description\" content=\"Ces chaussures de course adidas adizero SL2 pour homme sont dot\u00e9es de l&#039;amorti Lightstrike Pro r\u00e9actif et ultra-l\u00e9ger pour un retour d&#039;\u00e9nergie.\" \/>\n<meta property=\"og:url\" content=\"https:\/\/www.miomiorun.com\/fr\/produit\/adizero-sl2-homme\/\" \/>\n<meta property=\"og:site_name\" content=\"MioMioRun\" \/>\n<meta property=\"article:publisher\" content=\"https:\/\/www.facebook.com\/miomiorun\/\" \/>\n<meta property=\"article:modified_time\" content=\"2025-05-10T13:38:09+00:00\" \/>\n<meta property=\"og:image\" content=\"https:\/\/www.miomiorun.com\/app\/uploads\/2025\/03\/adidas-Adizero-SL2-M-luclem-cblack-ftwwht-IE1054.webp\" \/>\n\t<meta property=\"og:image:width\" content=\"600\" \/>\n\t<meta property=\"og:image:height\" content=\"600\" \/>\n\t<meta property=\"og:image:type\" content=\"image\/webp\" \/>\n<meta name=\"twitter:card\" content=\"summary_large_image\" \/>\n<meta name=\"twitter:label1\" content=\"Est. reading time\" \/>\n\t<meta name=\"twitter:data1\" content=\"1 minute\" \/>\n<script type=\"application\/ld+json\" class=\"yoast-schema-graph\">{\"@context\":\"https:\/\/schema.org\",\"@graph\":[{\"@type\":\"WebPage\",\"@id\":\"https:\/\/www.miomiorun.com\/fr\/produit\/adizero-sl2-homme\/\",\"url\":\"https:\/\/www.miomiorun.com\/fr\/produit\/adizero-sl2-homme\/\",\"name\":\"Adidas Adizero SL2 homme - chaussures de course - MioMioRun\",\"isPartOf\":{\"@id\":\"https:\/\/www.miomiorun.com\/fr\/#website\"},\"primaryImageOfPage\":{\"@id\":\"https:\/\/www.miomiorun.com\/fr\/produit\/adizero-sl2-homme\/#primaryimage\"},\"image\":{\"@id\":\"https:\/\/www.miomiorun.com\/fr\/produit\/adizero-sl2-homme\/#primaryimage\"},\"thumbnailUrl\":\"https:\/\/www.miomiorun.com\/app\/uploads\/2026\/04\/Adidas-Adizero-SL2-solblu-silvmt-dksolb-JQ3129.webp\",\"datePublished\":\"2025-03-14T17:34:47+00:00\",\"dateModified\":\"2025-05-10T13:38:09+00:00\",\"description\":\"Ces chaussures de course adidas adizero SL2 pour homme sont dot\u00e9es de l'amorti Lightstrike Pro r\u00e9actif et ultra-l\u00e9ger pour un retour d'\u00e9nergie.\",\"breadcrumb\":{\"@id\":\"https:\/\/www.miomiorun.com\/fr\/produit\/adizero-sl2-homme\/#breadcrumb\"},\"inLanguage\":\"fr-FR\",\"potentialAction\":[{\"@type\":\"ReadAction\",\"target\":[\"https:\/\/www.miomiorun.com\/fr\/produit\/adizero-sl2-homme\/\"]}]},{\"@type\":\"ImageObject\",\"inLanguage\":\"fr-FR\",\"@id\":\"https:\/\/www.miomiorun.com\/fr\/produit\/adizero-sl2-homme\/#primaryimage\",\"url\":\"https:\/\/www.miomiorun.com\/app\/uploads\/2026\/04\/Adidas-Adizero-SL2-solblu-silvmt-dksolb-JQ3129.webp\",\"contentUrl\":\"https:\/\/www.miomiorun.com\/app\/uploads\/2026\/04\/Adidas-Adizero-SL2-solblu-silvmt-dksolb-JQ3129.webp\",\"width\":720,\"height\":720,\"caption\":\"Adidas Adizero SL2 solblu silvmt dksolb JQ3129\"},{\"@type\":\"BreadcrumbList\",\"@id\":\"https:\/\/www.miomiorun.com\/fr\/produit\/adizero-sl2-homme\/#breadcrumb\",\"itemListElement\":[{\"@type\":\"ListItem\",\"position\":1,\"name\":\"Home\",\"item\":\"https:\/\/www.miomiorun.com\/fr\/home-page\/\"},{\"@type\":\"ListItem\",\"position\":2,\"name\":\"Shop\",\"item\":\"https:\/\/www.miomiorun.com\/shop\/\"},{\"@type\":\"ListItem\",\"position\":3,\"name\":\"Adizero SL2 homme\"}]},{\"@type\":\"WebSite\",\"@id\":\"https:\/\/www.miomiorun.com\/fr\/#website\",\"url\":\"https:\/\/www.miomiorun.com\/fr\/\",\"name\":\"MioMioRun\",\"description\":\"Boutique 100% running et trail\",\"publisher\":{\"@id\":\"https:\/\/www.miomiorun.com\/fr\/#organization\"},\"potentialAction\":[{\"@type\":\"SearchAction\",\"target\":{\"@type\":\"EntryPoint\",\"urlTemplate\":\"https:\/\/www.miomiorun.com\/fr\/?s={search_term_string}\"},\"query-input\":{\"@type\":\"PropertyValueSpecification\",\"valueRequired\":true,\"valueName\":\"search_term_string\"}}],\"inLanguage\":\"fr-FR\"},{\"@type\":\"Organization\",\"@id\":\"https:\/\/www.miomiorun.com\/fr\/#organization\",\"name\":\"MioMio Run\",\"url\":\"https:\/\/www.miomiorun.com\/fr\/\",\"logo\":{\"@type\":\"ImageObject\",\"inLanguage\":\"fr-FR\",\"@id\":\"https:\/\/www.miomiorun.com\/fr\/#\/schema\/logo\/image\/\",\"url\":\"https:\/\/www.miomiorun.com\/app\/uploads\/2019\/12\/logomio.png\",\"contentUrl\":\"https:\/\/www.miomiorun.com\/app\/uploads\/2019\/12\/logomio.png\",\"width\":115,\"height\":82,\"caption\":\"MioMio Run\"},\"image\":{\"@id\":\"https:\/\/www.miomiorun.com\/fr\/#\/schema\/logo\/image\/\"},\"sameAs\":[\"https:\/\/www.facebook.com\/miomiorun\/\",\"https:\/\/www.instagram.com\/miomiorun\/\"]}]}<\/script>\n<!-- \/ Yoast SEO plugin. -->","yoast_head_json":{"title":"Adidas Adizero SL2 homme - chaussures de course - MioMioRun","description":"Ces chaussures de course adidas adizero SL2 pour homme sont dot\u00e9es de l'amorti Lightstrike Pro r\u00e9actif et ultra-l\u00e9ger pour un retour d'\u00e9nergie.","robots":{"index":"index","follow":"follow","max-snippet":"max-snippet:-1","max-image-preview":"max-image-preview:large","max-video-preview":"max-video-preview:-1"},"canonical":"https:\/\/www.miomiorun.com\/fr\/produit\/adizero-sl2-homme\/","og_locale":"fr_FR","og_type":"article","og_title":"Adidas Adizero SL2 homme - chaussures de course - MioMioRun","og_description":"Ces chaussures de course adidas adizero SL2 pour homme sont dot\u00e9es de l'amorti Lightstrike Pro r\u00e9actif et ultra-l\u00e9ger pour un retour d'\u00e9nergie.","og_url":"https:\/\/www.miomiorun.com\/fr\/produit\/adizero-sl2-homme\/","og_site_name":"MioMioRun","article_publisher":"https:\/\/www.facebook.com\/miomiorun\/","article_modified_time":"2025-05-10T13:38:09+00:00","og_image":[{"width":600,"height":600,"url":"https:\/\/www.miomiorun.com\/app\/uploads\/2025\/03\/adidas-Adizero-SL2-M-luclem-cblack-ftwwht-IE1054.webp","type":"image\/webp"}],"twitter_card":"summary_large_image","twitter_misc":{"Est. reading time":"1 minute"},"schema":{"@context":"https:\/\/schema.org","@graph":[{"@type":"WebPage","@id":"https:\/\/www.miomiorun.com\/fr\/produit\/adizero-sl2-homme\/","url":"https:\/\/www.miomiorun.com\/fr\/produit\/adizero-sl2-homme\/","name":"Adidas Adizero SL2 homme - chaussures de course - MioMioRun","isPartOf":{"@id":"https:\/\/www.miomiorun.com\/fr\/#website"},"primaryImageOfPage":{"@id":"https:\/\/www.miomiorun.com\/fr\/produit\/adizero-sl2-homme\/#primaryimage"},"image":{"@id":"https:\/\/www.miomiorun.com\/fr\/produit\/adizero-sl2-homme\/#primaryimage"},"thumbnailUrl":"https:\/\/www.miomiorun.com\/app\/uploads\/2026\/04\/Adidas-Adizero-SL2-solblu-silvmt-dksolb-JQ3129.webp","datePublished":"2025-03-14T17:34:47+00:00","dateModified":"2025-05-10T13:38:09+00:00","description":"Ces chaussures de course adidas adizero SL2 pour homme sont dot\u00e9es de l'amorti Lightstrike Pro r\u00e9actif et ultra-l\u00e9ger pour un retour d'\u00e9nergie.","breadcrumb":{"@id":"https:\/\/www.miomiorun.com\/fr\/produit\/adizero-sl2-homme\/#breadcrumb"},"inLanguage":"fr-FR","potentialAction":[{"@type":"ReadAction","target":["https:\/\/www.miomiorun.com\/fr\/produit\/adizero-sl2-homme\/"]}]},{"@type":"ImageObject","inLanguage":"fr-FR","@id":"https:\/\/www.miomiorun.com\/fr\/produit\/adizero-sl2-homme\/#primaryimage","url":"https:\/\/www.miomiorun.com\/app\/uploads\/2026\/04\/Adidas-Adizero-SL2-solblu-silvmt-dksolb-JQ3129.webp","contentUrl":"https:\/\/www.miomiorun.com\/app\/uploads\/2026\/04\/Adidas-Adizero-SL2-solblu-silvmt-dksolb-JQ3129.webp","width":720,"height":720,"caption":"Adidas Adizero SL2 solblu silvmt dksolb JQ3129"},{"@type":"BreadcrumbList","@id":"https:\/\/www.miomiorun.com\/fr\/produit\/adizero-sl2-homme\/#breadcrumb","itemListElement":[{"@type":"ListItem","position":1,"name":"Home","item":"https:\/\/www.miomiorun.com\/fr\/home-page\/"},{"@type":"ListItem","position":2,"name":"Shop","item":"https:\/\/www.miomiorun.com\/shop\/"},{"@type":"ListItem","position":3,"name":"Adizero SL2 homme"}]},{"@type":"WebSite","@id":"https:\/\/www.miomiorun.com\/fr\/#website","url":"https:\/\/www.miomiorun.com\/fr\/","name":"MioMioRun","description":"Boutique 100% running et trail","publisher":{"@id":"https:\/\/www.miomiorun.com\/fr\/#organization"},"potentialAction":[{"@type":"SearchAction","target":{"@type":"EntryPoint","urlTemplate":"https:\/\/www.miomiorun.com\/fr\/?s={search_term_string}"},"query-input":{"@type":"PropertyValueSpecification","valueRequired":true,"valueName":"search_term_string"}}],"inLanguage":"fr-FR"},{"@type":"Organization","@id":"https:\/\/www.miomiorun.com\/fr\/#organization","name":"MioMio Run","url":"https:\/\/www.miomiorun.com\/fr\/","logo":{"@type":"ImageObject","inLanguage":"fr-FR","@id":"https:\/\/www.miomiorun.com\/fr\/#\/schema\/logo\/image\/","url":"https:\/\/www.miomiorun.com\/app\/uploads\/2019\/12\/logomio.png","contentUrl":"https:\/\/www.miomiorun.com\/app\/uploads\/2019\/12\/logomio.png","width":115,"height":82,"caption":"MioMio Run"},"image":{"@id":"https:\/\/www.miomiorun.com\/fr\/#\/schema\/logo\/image\/"},"sameAs":["https:\/\/www.facebook.com\/miomiorun\/","https:\/\/www.instagram.com\/miomiorun\/"]}]}},"_links":{"self":[{"href":"https:\/\/www.miomiorun.com\/fr\/wp-json\/wp\/v2\/product\/300711","targetHints":{"allow":["GET"]}}],"collection":[{"href":"https:\/\/www.miomiorun.com\/fr\/wp-json\/wp\/v2\/product"}],"about":[{"href":"https:\/\/www.miomiorun.com\/fr\/wp-json\/wp\/v2\/types\/product"}],"wp:featuredmedia":[{"embeddable":true,"href":"https:\/\/www.miomiorun.com\/fr\/wp-json\/wp\/v2\/media\/429977"}],"wp:attachment":[{"href":"https:\/\/www.miomiorun.com\/fr\/wp-json\/wp\/v2\/media?parent=300711"}],"wp:term":[{"taxonomy":"product_brand","embeddable":true,"href":"https:\/\/www.miomiorun.com\/fr\/wp-json\/wp\/v2\/product_brand?post=300711"},{"taxonomy":"product_cat","embeddable":true,"href":"https:\/\/www.miomiorun.com\/fr\/wp-json\/wp\/v2\/product_cat?post=300711"},{"taxonomy":"product_tag","embeddable":true,"href":"https:\/\/www.miomiorun.com\/fr\/wp-json\/wp\/v2\/product_tag?post=300711"}],"curies":[{"name":"wp","href":"https:\/\/api.w.org\/{rel}","templated":true}]}}