{"id":300706,"date":"2025-03-17T16:58:33","date_gmt":"2025-03-17T15:58:33","guid":{"rendered":"https:\/\/miomiorun.com\/prodotto\/vectiv-enduris-4-uomo\/"},"modified":"2026-05-08T22:38:04","modified_gmt":"2026-05-08T20:38:04","slug":"vectiv-enduris-4-homme","status":"publish","type":"product","link":"https:\/\/www.miomiorun.com\/fr\/produit\/vectiv-enduris-4-homme\/","title":{"rendered":"Vectiv Enduris 4 homme"},"content":{"rendered":"<div class=\"vc-row container\"><div class=\"vc-column\"><div class=\"vc-column-text\"><\/p>\n<p><strong>Caract\u00e9ristiques techniques<\/strong><\/p>\n<p>Cat\u00e9gorie : amorti sup\u00e9rieur<br \/>\nD\u00e9calage : 6 mm<br \/>\nPoids : 287 g<br \/>\nId\u00e9al pour : coureurs de trail et randonneurs en montagne, \u00e0 la recherche d&#8217;un mod\u00e8le l\u00e9ger, bien amorti et protecteur, capable de transmettre un maximum de confort sur des distances m\u00eame prolong\u00e9es.<br \/>\nPoids de l&#8217;athl\u00e8te : 60-70 kg<br \/>\nAllure de course : moyennement rapide (4,30-6,00 min\/km<a href=\"https:\/\/miomiorun.com\/fr\/guide-des-specificites\/\">)<\/a><br \/>\n<a href=\"https:\/\/miomiorun.com\/fr\/guide-des-specificites\/\">Guide des sp\u00e9cifications<\/a><\/p>\n<p><\/div><\/div><div class=\"vc-column\"><div class=\"vc-column-text\"><strong>Enduris 4<\/strong>, la nouvelle chaussure de North Face.<\/p>\n<p>La coupe <strong>r\u00e9guli\u00e8re<\/strong> est con\u00e7ue pour assurer un bon ajustement, \u00e9quilibr\u00e9 entre confort et soutien. Gr\u00e2ce \u00e0 sa construction l\u00e9g\u00e8re et \u00e0 sa <strong>tige sans couture<\/strong>, la chaussure pr\u00e9sente des <strong>zones de ventilation cartographi\u00e9es<\/strong> qui am\u00e9liorent la respirabilit\u00e9, ce qui permet de garder les pieds au frais et au sec pendant l&#8217;entra\u00eenement. De plus, la tige est fabriqu\u00e9e \u00e0 partir d&#8217;une <strong>maille \u00e0 double cha\u00eene<\/strong>, dont 57 % sont fabriqu\u00e9s \u00e0 partir de <strong>mat\u00e9riaux recycl\u00e9s<\/strong>, ce qui repr\u00e9sente une \u00e9tape importante vers un choix plus \u00e9cologique. L&#8217;ajustement est encore am\u00e9lior\u00e9 gr\u00e2ce \u00e0 l&#8217;adh\u00e9rence accrue au niveau du talon et aux <strong>crampons int\u00e9gr\u00e9s sur la languette<\/strong>, qui offrent une stabilit\u00e9 id\u00e9ale, tant sur l&#8217;arri\u00e8re du pied que sur la zone m\u00e9diane.<\/p>\n<p>La v\u00e9ritable innovation r\u00e9side dans la <strong>technologie VECTIV\u2122<\/strong>, qui int\u00e8gre une plaque de semelle 3D \u00e0 double densit\u00e9, une semelle interm\u00e9diaire rocker et l&#8217;adh\u00e9rence <strong>SurfaceCTRL\u2122<\/strong>, pour vous offrir une exp\u00e9rience unique sur les sentiers. La nouvelle <strong>version VECTIV\u2122 3.0<\/strong> est con\u00e7ue avec une plaque de semelle 3D <strong>TPU haute performance<\/strong>, qui assure une meilleure propulsion vers l&#8217;avant et un soutien lat\u00e9ral sup\u00e9rieur. Gr\u00e2ce aux <strong>crampons VECTIV\u2122 3D<\/strong> sur l&#8217;avant-pied, la stabilit\u00e9 sur les diff\u00e9rents terrains est excellente, tandis que la semelle interm\u00e9diaire rocker amplifie la <strong>force de propulsion<\/strong> \u00e0 long terme, ce qui vous permet de vous sentir propuls\u00e9 \u00e0 chaque pas.<\/p>\n<p>La<strong>semelle interm\u00e9diaire<\/strong> est en mousse <strong>DREAM<\/strong>, un mat\u00e9riau <strong>en mousse de polyur\u00e9thane ultra-l\u00e9ger<\/strong>, qui offre un <strong>meilleur retour d&#8217;\u00e9nergie<\/strong>, un poids r\u00e9duit et une plus grande durabilit\u00e9 que la mousse EVA traditionnelle. De plus, par rapport au mod\u00e8le pr\u00e9c\u00e9dent, l&#8217;<strong>Enduris 4<\/strong> dispose de 2 mm d&#8217;<strong>amorti<\/strong> en plus dans la semelle interm\u00e9diaire, offrant encore plus de confort et un soutien in\u00e9gal\u00e9.<\/p>\n<p>La semelle <strong>en caoutchouc SURFACE CTRL\u2122<\/strong> est durable et polyvalente, con\u00e7ue pour s&#8217;adapter \u00e0 diff\u00e9rents terrains avec une excellente r\u00e9partition du poids. Les <strong>crampons de 4 mm<\/strong> offrent une <strong>traction de haut niveau<\/strong>, tandis que les <strong>20 % de caoutchouc naturel<\/strong>, provenant de petits exploitants pratiquant une <strong>agriculture r\u00e9g\u00e9n\u00e9ratrice<\/strong>, contribuent \u00e0 r\u00e9duire l&#8217;impact sur l&#8217;environnement.<\/p>\n<p>Avec une hauteur de semelle de <strong>32 mm au talon<\/strong> et un <strong>d\u00e9calage de 6 mm<\/strong>, l&#8217;<strong>Enduris 4<\/strong> est parfaite pour ceux qui recherchent stabilit\u00e9, confort et sensation de propulsion. Que vous couriez sur les sentiers, que vous vous entra\u00eeniez ou que vous essayiez de battre votre record personnel, cette chaussure est le choix id\u00e9al pour relever tous les d\u00e9fis avec d\u00e9termination.<\/p>\n<p>Choisir l&#8217;<strong>Enduris 4<\/strong>, c&#8217;est choisir la technologie de pointe, la durabilit\u00e9 et le confort maximal. Il est temps de repousser vos limites !<\/p>\n<div class=\"mt-6 pb-10 space-y-4\">\n<div class=\"flex gap-4 wrap gap-x-2 gap-y-6\"><\/div>\n<\/div>\n<div id=\"Benefits\" class=\"f-col b-t b-grey-70\" data-n-ids=\"{&quot;nUfccvMQCJy-0&quot;:&quot;nUfccvMQCJy-47&quot;}\" data-test-id=\"vf-accordion\"><\/div>\n<div class=\"text-sm fw-light\" data-test-id=\"vf-accordion-content\">\n<div class=\"pb-6 pt-2 text-sm c-grey-20\">\n<div class=\"group flex items-start gap-4\">\n<p><picture class=\"aspect-square w-full shrink-0\" data-test-id=\"base-picture\"><img loading=\"lazy\" decoding=\"async\" class=\"contain\" src=\"https:\/\/assets.thenorthface.eu\/image\/upload\/v1728567337\/benefit-icon-cushioned.webp\" alt=\"Ammortizzate\" width=\"74\" height=\"74\" \/><\/picture><\/p>\n<div class=\"grow space-y-1\">\n<p class=\"!title-5 fw-bold\">Amortissement : Super mousse l\u00e9g\u00e8re pour un amorti in\u00e9gal\u00e9<\/p>\n<\/div>\n<\/div>\n<div class=\"group flex items-start gap-4\">\n<p><picture class=\"aspect-square w-full shrink-0\" data-test-id=\"base-picture\"><img loading=\"lazy\" decoding=\"async\" class=\"contain\" src=\"https:\/\/assets.thenorthface.eu\/image\/upload\/v1728567347\/benefit-icon-stability.webp\" alt=\"Stabili\" width=\"68\" height=\"68\" \/><\/picture><\/p>\n<div class=\"grow space-y-1\">\n<p class=\"!title-5 fw-bold\">Stabilit\u00e9 : La technologie de positionnement du talon am\u00e9liore la stabilit\u00e9 sur les terrains irr\u00e9guliers.<\/p>\n<\/div>\n<\/div>\n<div class=\"group flex items-start gap-4\">\n<p><picture class=\"aspect-square w-full shrink-0\" data-test-id=\"base-picture\"><img loading=\"lazy\" decoding=\"async\" class=\"contain\" src=\"https:\/\/assets.thenorthface.eu\/image\/upload\/v1728567340\/benefit-icon-grip_sole.webp\" alt=\"Suola antiscivolo\" width=\"77\" height=\"77\" \/><\/picture><\/p>\n<div class=\"grow space-y-1\">\n<p class=\"!title-5 fw-bold\">Semelle antid\u00e9rapante : Les compos\u00e9s de caoutchouc assurent l&#8217;adh\u00e9rence et la r\u00e9sistance sur les surfaces s\u00e8ches et humides.<\/p>\n<\/div>\n<\/div>\n<div class=\"group flex items-start gap-4\">\n<p><picture class=\"aspect-square w-full shrink-0\" data-test-id=\"base-picture\"><img loading=\"lazy\" decoding=\"async\" class=\"contain\" src=\"https:\/\/assets.thenorthface.eu\/image\/upload\/v1728567334\/benefit-icon_technical_trail.avif\" alt=\"Percorsi trail tecnici\" width=\"68\" height=\"68\" \/><\/picture><\/p>\n<div class=\"grow space-y-1\">\n<p class=\"!title-5 fw-bold\">Sentiers techniques : Traction et protection exceptionnelles sur les terrains techniques.<\/p>\n<\/div>\n<\/div>\n<\/div>\n<\/div>\n<p><\/div><\/div><\/div>\n","protected":false},"excerpt":{"rendered":"<ul>\n<li>\u00a0Surface CTRL\u00ae<\/li>\n<li>VECTIV\u2122<\/li>\n<\/ul>\n","protected":false},"featured_media":410972,"template":"","meta":{"_acf_changed":false,"inline_featured_image":false},"product_brand":[],"product_cat":[24448,24445],"product_tag":[32391,32397],"class_list":{"0":"post-300706","1":"product","2":"type-product","3":"status-publish","4":"has-post-thumbnail","6":"product_cat-chaussures-pour-hommes-fr","7":"product_cat-trail-fr-3","8":"product_tag-the-north-face-fr","9":"product_tag-the-north-face-homme","10":"pa_attivita-outdoor-fr","11":"pa_attivita-trail-fr","12":"pa_colore-enduris-4-fizz-lime-black","13":"pa_colore-enduris-4-hero-blue-sun-fr","14":"pa_colore-enduris-4-high-rise-grey-fr","15":"pa_colore-enduris-4-lava-red-calacata","16":"pa_marca-the-north-face-fr","17":"pa_sesso-homme","18":"pa_size-40-5-fr","19":"pa_size-41-fr","20":"pa_size-42-fr","21":"pa_size-42-5-fr","22":"pa_size-43-fr","23":"pa_size-44-fr","24":"pa_size-44-5-fr","25":"pa_size-45-fr","26":"pa_size-45-5-fr","27":"pa_size-46-fr","29":"first","30":"instock","31":"sale","32":"taxable","33":"shipping-taxable","34":"purchasable","35":"product-type-variable","36":"wvs-archive-product-wrapper"},"acf":[],"yoast_head":"<!-- This site is optimized with the Yoast SEO plugin v26.8 - https:\/\/yoast.com\/product\/yoast-seo-wordpress\/ -->\n<title>The North Face Vectiv Enduris 4 homme -chaussures de trail - MioMioRun.com<\/title>\n<meta name=\"description\" content=\"L&#039;Enduris 4 est une chaussure de performance dot\u00e9e de la technologie VECTIV\u2122 3.0, un amorti avanc\u00e9 pour le confort, la stabilit\u00e9 et l&#039;adh\u00e9rence sur tous les terrains.\" \/>\n<meta name=\"robots\" content=\"index, follow, max-snippet:-1, max-image-preview:large, max-video-preview:-1\" \/>\n<link rel=\"canonical\" href=\"https:\/\/www.miomiorun.com\/fr\/produit\/vectiv-enduris-4-homme\/\" \/>\n<meta property=\"og:locale\" content=\"fr_FR\" \/>\n<meta property=\"og:type\" content=\"article\" \/>\n<meta property=\"og:title\" content=\"The North Face Vectiv Enduris 4 homme -chaussures de trail - MioMioRun.com\" \/>\n<meta property=\"og:description\" content=\"L&#039;Enduris 4 est une chaussure de performance dot\u00e9e de la technologie VECTIV\u2122 3.0, un amorti avanc\u00e9 pour le confort, la stabilit\u00e9 et l&#039;adh\u00e9rence sur tous les terrains.\" \/>\n<meta property=\"og:url\" content=\"https:\/\/www.miomiorun.com\/fr\/produit\/vectiv-enduris-4-homme\/\" \/>\n<meta property=\"og:site_name\" content=\"MioMioRun\" \/>\n<meta property=\"article:publisher\" content=\"https:\/\/www.facebook.com\/miomiorun\/\" \/>\n<meta property=\"article:modified_time\" content=\"2026-05-08T20:38:04+00:00\" \/>\n<meta property=\"og:image\" content=\"https:\/\/www.miomiorun.com\/app\/uploads\/2026\/02\/the-north-face-ENDURIS-4-FIZZ-LIME-BLACK-NF0A8AEPWIT1.webp\" \/>\n\t<meta property=\"og:image:width\" content=\"720\" \/>\n\t<meta property=\"og:image:height\" content=\"720\" \/>\n\t<meta property=\"og:image:type\" content=\"image\/webp\" \/>\n<meta name=\"twitter:card\" content=\"summary_large_image\" \/>\n<meta name=\"twitter:label1\" content=\"Est. reading time\" \/>\n\t<meta name=\"twitter:data1\" content=\"3 minutes\" \/>\n<script type=\"application\/ld+json\" class=\"yoast-schema-graph\">{\"@context\":\"https:\/\/schema.org\",\"@graph\":[{\"@type\":\"WebPage\",\"@id\":\"https:\/\/www.miomiorun.com\/fr\/produit\/vectiv-enduris-4-homme\/\",\"url\":\"https:\/\/www.miomiorun.com\/fr\/produit\/vectiv-enduris-4-homme\/\",\"name\":\"The North Face Vectiv Enduris 4 homme -chaussures de trail - MioMioRun.com\",\"isPartOf\":{\"@id\":\"https:\/\/www.miomiorun.com\/fr\/#website\"},\"primaryImageOfPage\":{\"@id\":\"https:\/\/www.miomiorun.com\/fr\/produit\/vectiv-enduris-4-homme\/#primaryimage\"},\"image\":{\"@id\":\"https:\/\/www.miomiorun.com\/fr\/produit\/vectiv-enduris-4-homme\/#primaryimage\"},\"thumbnailUrl\":\"https:\/\/www.miomiorun.com\/app\/uploads\/2026\/02\/the-north-face-ENDURIS-4-FIZZ-LIME-BLACK-NF0A8AEPWIT1.webp\",\"datePublished\":\"2025-03-17T15:58:33+00:00\",\"dateModified\":\"2026-05-08T20:38:04+00:00\",\"description\":\"L'Enduris 4 est une chaussure de performance dot\u00e9e de la technologie VECTIV\u2122 3.0, un amorti avanc\u00e9 pour le confort, la stabilit\u00e9 et l'adh\u00e9rence sur tous les terrains.\",\"breadcrumb\":{\"@id\":\"https:\/\/www.miomiorun.com\/fr\/produit\/vectiv-enduris-4-homme\/#breadcrumb\"},\"inLanguage\":\"fr-FR\",\"potentialAction\":[{\"@type\":\"ReadAction\",\"target\":[\"https:\/\/www.miomiorun.com\/fr\/produit\/vectiv-enduris-4-homme\/\"]}]},{\"@type\":\"ImageObject\",\"inLanguage\":\"fr-FR\",\"@id\":\"https:\/\/www.miomiorun.com\/fr\/produit\/vectiv-enduris-4-homme\/#primaryimage\",\"url\":\"https:\/\/www.miomiorun.com\/app\/uploads\/2026\/02\/the-north-face-ENDURIS-4-FIZZ-LIME-BLACK-NF0A8AEPWIT1.webp\",\"contentUrl\":\"https:\/\/www.miomiorun.com\/app\/uploads\/2026\/02\/the-north-face-ENDURIS-4-FIZZ-LIME-BLACK-NF0A8AEPWIT1.webp\",\"width\":720,\"height\":720,\"caption\":\"the north face ENDURIS 4 FIZZ LIME BLACK NF0A8AEPWIT1\"},{\"@type\":\"BreadcrumbList\",\"@id\":\"https:\/\/www.miomiorun.com\/fr\/produit\/vectiv-enduris-4-homme\/#breadcrumb\",\"itemListElement\":[{\"@type\":\"ListItem\",\"position\":1,\"name\":\"Home\",\"item\":\"https:\/\/www.miomiorun.com\/fr\/home-page\/\"},{\"@type\":\"ListItem\",\"position\":2,\"name\":\"Shop\",\"item\":\"https:\/\/www.miomiorun.com\/shop\/\"},{\"@type\":\"ListItem\",\"position\":3,\"name\":\"Vectiv Enduris 4 homme\"}]},{\"@type\":\"WebSite\",\"@id\":\"https:\/\/www.miomiorun.com\/fr\/#website\",\"url\":\"https:\/\/www.miomiorun.com\/fr\/\",\"name\":\"MioMioRun\",\"description\":\"Boutique 100% running et trail\",\"publisher\":{\"@id\":\"https:\/\/www.miomiorun.com\/fr\/#organization\"},\"potentialAction\":[{\"@type\":\"SearchAction\",\"target\":{\"@type\":\"EntryPoint\",\"urlTemplate\":\"https:\/\/www.miomiorun.com\/fr\/?s={search_term_string}\"},\"query-input\":{\"@type\":\"PropertyValueSpecification\",\"valueRequired\":true,\"valueName\":\"search_term_string\"}}],\"inLanguage\":\"fr-FR\"},{\"@type\":\"Organization\",\"@id\":\"https:\/\/www.miomiorun.com\/fr\/#organization\",\"name\":\"MioMio Run\",\"url\":\"https:\/\/www.miomiorun.com\/fr\/\",\"logo\":{\"@type\":\"ImageObject\",\"inLanguage\":\"fr-FR\",\"@id\":\"https:\/\/www.miomiorun.com\/fr\/#\/schema\/logo\/image\/\",\"url\":\"https:\/\/www.miomiorun.com\/app\/uploads\/2019\/12\/logomio.png\",\"contentUrl\":\"https:\/\/www.miomiorun.com\/app\/uploads\/2019\/12\/logomio.png\",\"width\":115,\"height\":82,\"caption\":\"MioMio Run\"},\"image\":{\"@id\":\"https:\/\/www.miomiorun.com\/fr\/#\/schema\/logo\/image\/\"},\"sameAs\":[\"https:\/\/www.facebook.com\/miomiorun\/\",\"https:\/\/www.instagram.com\/miomiorun\/\"]}]}<\/script>\n<!-- \/ Yoast SEO plugin. -->","yoast_head_json":{"title":"The North Face Vectiv Enduris 4 homme -chaussures de trail - MioMioRun.com","description":"L'Enduris 4 est une chaussure de performance dot\u00e9e de la technologie VECTIV\u2122 3.0, un amorti avanc\u00e9 pour le confort, la stabilit\u00e9 et l'adh\u00e9rence sur tous les terrains.","robots":{"index":"index","follow":"follow","max-snippet":"max-snippet:-1","max-image-preview":"max-image-preview:large","max-video-preview":"max-video-preview:-1"},"canonical":"https:\/\/www.miomiorun.com\/fr\/produit\/vectiv-enduris-4-homme\/","og_locale":"fr_FR","og_type":"article","og_title":"The North Face Vectiv Enduris 4 homme -chaussures de trail - MioMioRun.com","og_description":"L'Enduris 4 est une chaussure de performance dot\u00e9e de la technologie VECTIV\u2122 3.0, un amorti avanc\u00e9 pour le confort, la stabilit\u00e9 et l'adh\u00e9rence sur tous les terrains.","og_url":"https:\/\/www.miomiorun.com\/fr\/produit\/vectiv-enduris-4-homme\/","og_site_name":"MioMioRun","article_publisher":"https:\/\/www.facebook.com\/miomiorun\/","article_modified_time":"2026-05-08T20:38:04+00:00","og_image":[{"width":720,"height":720,"url":"https:\/\/www.miomiorun.com\/app\/uploads\/2026\/02\/the-north-face-ENDURIS-4-FIZZ-LIME-BLACK-NF0A8AEPWIT1.webp","type":"image\/webp"}],"twitter_card":"summary_large_image","twitter_misc":{"Est. reading time":"3 minutes"},"schema":{"@context":"https:\/\/schema.org","@graph":[{"@type":"WebPage","@id":"https:\/\/www.miomiorun.com\/fr\/produit\/vectiv-enduris-4-homme\/","url":"https:\/\/www.miomiorun.com\/fr\/produit\/vectiv-enduris-4-homme\/","name":"The North Face Vectiv Enduris 4 homme -chaussures de trail - MioMioRun.com","isPartOf":{"@id":"https:\/\/www.miomiorun.com\/fr\/#website"},"primaryImageOfPage":{"@id":"https:\/\/www.miomiorun.com\/fr\/produit\/vectiv-enduris-4-homme\/#primaryimage"},"image":{"@id":"https:\/\/www.miomiorun.com\/fr\/produit\/vectiv-enduris-4-homme\/#primaryimage"},"thumbnailUrl":"https:\/\/www.miomiorun.com\/app\/uploads\/2026\/02\/the-north-face-ENDURIS-4-FIZZ-LIME-BLACK-NF0A8AEPWIT1.webp","datePublished":"2025-03-17T15:58:33+00:00","dateModified":"2026-05-08T20:38:04+00:00","description":"L'Enduris 4 est une chaussure de performance dot\u00e9e de la technologie VECTIV\u2122 3.0, un amorti avanc\u00e9 pour le confort, la stabilit\u00e9 et l'adh\u00e9rence sur tous les terrains.","breadcrumb":{"@id":"https:\/\/www.miomiorun.com\/fr\/produit\/vectiv-enduris-4-homme\/#breadcrumb"},"inLanguage":"fr-FR","potentialAction":[{"@type":"ReadAction","target":["https:\/\/www.miomiorun.com\/fr\/produit\/vectiv-enduris-4-homme\/"]}]},{"@type":"ImageObject","inLanguage":"fr-FR","@id":"https:\/\/www.miomiorun.com\/fr\/produit\/vectiv-enduris-4-homme\/#primaryimage","url":"https:\/\/www.miomiorun.com\/app\/uploads\/2026\/02\/the-north-face-ENDURIS-4-FIZZ-LIME-BLACK-NF0A8AEPWIT1.webp","contentUrl":"https:\/\/www.miomiorun.com\/app\/uploads\/2026\/02\/the-north-face-ENDURIS-4-FIZZ-LIME-BLACK-NF0A8AEPWIT1.webp","width":720,"height":720,"caption":"the north face ENDURIS 4 FIZZ LIME BLACK NF0A8AEPWIT1"},{"@type":"BreadcrumbList","@id":"https:\/\/www.miomiorun.com\/fr\/produit\/vectiv-enduris-4-homme\/#breadcrumb","itemListElement":[{"@type":"ListItem","position":1,"name":"Home","item":"https:\/\/www.miomiorun.com\/fr\/home-page\/"},{"@type":"ListItem","position":2,"name":"Shop","item":"https:\/\/www.miomiorun.com\/shop\/"},{"@type":"ListItem","position":3,"name":"Vectiv Enduris 4 homme"}]},{"@type":"WebSite","@id":"https:\/\/www.miomiorun.com\/fr\/#website","url":"https:\/\/www.miomiorun.com\/fr\/","name":"MioMioRun","description":"Boutique 100% running et trail","publisher":{"@id":"https:\/\/www.miomiorun.com\/fr\/#organization"},"potentialAction":[{"@type":"SearchAction","target":{"@type":"EntryPoint","urlTemplate":"https:\/\/www.miomiorun.com\/fr\/?s={search_term_string}"},"query-input":{"@type":"PropertyValueSpecification","valueRequired":true,"valueName":"search_term_string"}}],"inLanguage":"fr-FR"},{"@type":"Organization","@id":"https:\/\/www.miomiorun.com\/fr\/#organization","name":"MioMio Run","url":"https:\/\/www.miomiorun.com\/fr\/","logo":{"@type":"ImageObject","inLanguage":"fr-FR","@id":"https:\/\/www.miomiorun.com\/fr\/#\/schema\/logo\/image\/","url":"https:\/\/www.miomiorun.com\/app\/uploads\/2019\/12\/logomio.png","contentUrl":"https:\/\/www.miomiorun.com\/app\/uploads\/2019\/12\/logomio.png","width":115,"height":82,"caption":"MioMio Run"},"image":{"@id":"https:\/\/www.miomiorun.com\/fr\/#\/schema\/logo\/image\/"},"sameAs":["https:\/\/www.facebook.com\/miomiorun\/","https:\/\/www.instagram.com\/miomiorun\/"]}]}},"_links":{"self":[{"href":"https:\/\/www.miomiorun.com\/fr\/wp-json\/wp\/v2\/product\/300706","targetHints":{"allow":["GET"]}}],"collection":[{"href":"https:\/\/www.miomiorun.com\/fr\/wp-json\/wp\/v2\/product"}],"about":[{"href":"https:\/\/www.miomiorun.com\/fr\/wp-json\/wp\/v2\/types\/product"}],"wp:featuredmedia":[{"embeddable":true,"href":"https:\/\/www.miomiorun.com\/fr\/wp-json\/wp\/v2\/media\/410972"}],"wp:attachment":[{"href":"https:\/\/www.miomiorun.com\/fr\/wp-json\/wp\/v2\/media?parent=300706"}],"wp:term":[{"taxonomy":"product_brand","embeddable":true,"href":"https:\/\/www.miomiorun.com\/fr\/wp-json\/wp\/v2\/product_brand?post=300706"},{"taxonomy":"product_cat","embeddable":true,"href":"https:\/\/www.miomiorun.com\/fr\/wp-json\/wp\/v2\/product_cat?post=300706"},{"taxonomy":"product_tag","embeddable":true,"href":"https:\/\/www.miomiorun.com\/fr\/wp-json\/wp\/v2\/product_tag?post=300706"}],"curies":[{"name":"wp","href":"https:\/\/api.w.org\/{rel}","templated":true}]}}