{"id":300634,"date":"2025-03-17T18:01:02","date_gmt":"2025-03-17T17:01:02","guid":{"rendered":"https:\/\/miomiorun.com\/prodotto\/vectiv-infinite-3-donna\/"},"modified":"2026-05-08T22:37:02","modified_gmt":"2026-05-08T20:37:02","slug":"vectiv-infinite-3-femme","status":"publish","type":"product","link":"https:\/\/www.miomiorun.com\/fr\/produit\/vectiv-infinite-3-femme\/","title":{"rendered":"Vectiv Infinite 3 femme"},"content":{"rendered":"<div class=\"vc-row container\"><div class=\"vc-column\"><div class=\"vc-column-text\"><\/p>\n<p><strong>Caract\u00e9ristiques techniques<\/strong><\/p>\n<p>Cat\u00e9gorie : amorti sup\u00e9rieur<br \/>\nD\u00e9calage : 6 mm<br \/>\nPoids : 230 g<br \/>\nId\u00e9al pour : coureurs de trail et randonneurs en montagne, \u00e0 la recherche d&#8217;un mod\u00e8le l\u00e9ger, bien amorti et protecteur, capable de transmettre un maximum de confort sur des distances m\u00eame prolong\u00e9es.<br \/>\nPoids de l&#8217;athl\u00e8te : 60-70 kg<br \/>\nAllure de course : moyennement rapide (4.30-6.00 min\/km)<br \/>\n<a href=\"https:\/\/miomiorun.com\/fr\/guide-des-specificites\/\">Guide des sp\u00e9cifications<\/a><\/p>\n<p><\/div><\/div><div class=\"vc-column\"><div class=\"vc-column-text\">La <strong>chaussure Vectiv Infinite 3<\/strong> est le choix id\u00e9al pour ceux qui recherchent des performances exceptionnelles en trail running sur de longues distances. Dot\u00e9e d&#8217;une coupe <strong>r\u00e9guli\u00e8re<\/strong>, cette chaussure offre un ajustement, un soutien et un confort parfaits pour relever les d\u00e9fis les plus difficiles. La <strong>tige l\u00e9g\u00e8re et sans couture<\/strong>, avec des <strong>zones de ventilation cartographi\u00e9es<\/strong>, assure une respirabilit\u00e9 et une stabilit\u00e9 optimales, tandis que la maille doublement tiss\u00e9e, compos\u00e9e \u00e0 <strong>57 % de mat\u00e9riaux recycl\u00e9s<\/strong>, t\u00e9moigne d&#8217;un engagement en faveur de l&#8217;environnement. L&#8217;<strong>ajustement am\u00e9lior\u00e9<\/strong> au niveau du talon, ainsi que les <strong>languettes int\u00e9gr\u00e9es sur la languette<\/strong>, offrent une plus grande stabilit\u00e9 au niveau du talon et du m\u00e9dio-pied.<\/p>\n<p>La technologie <strong>VECTIV\u2122<\/strong> est au c\u0153ur de cette chaussure, avec la plaque de semelle 3D \u00e0 double densit\u00e9, la semelle interm\u00e9diaire rocker et l&#8217;adh\u00e9rence <strong>SurfaceCTRL\u2122<\/strong> qui offrent un retour d&#8217;\u00e9nergie sup\u00e9rieur et une r\u00e9activit\u00e9 in\u00e9gal\u00e9e sur les sentiers. La mousse polyur\u00e9thane <strong>DREAM ultra l\u00e9g\u00e8re<\/strong> am\u00e9liore le retour d&#8217;\u00e9nergie, r\u00e9duit le poids et augmente la durabilit\u00e9 par rapport \u00e0 la mousse EVA traditionnelle. La <strong>semelle ext\u00e9rieure VECTIV\u2122 3.0 3D<\/strong> TPU sur toute la longueur, avec un soutien de la vo\u00fbte plantaire amplifi\u00e9, offre une <strong>stabilit\u00e9<\/strong> accrue, une <strong>pouss\u00e9e vers l&#8217;avant<\/strong> optimis\u00e9e et un soutien lat\u00e9ral sur les terrains les plus techniques. De plus, la <strong>semelle interm\u00e9diaire rocker<\/strong> amplifie la <strong>force de propulsion \u00e0 long terme<\/strong>, garantissant des performances \u00e9lev\u00e9es pendant toute la dur\u00e9e de la course.<\/p>\n<p>Cette version de l&#8217;<strong>Infinite<\/strong> a <strong>1 mm de plus d&#8217;amorti<\/strong> que le mod\u00e8le pr\u00e9c\u00e9dent, offrant encore plus de confort sur les terrains accident\u00e9s. Avec une hauteur de semelle de <strong>29 mm au talon<\/strong> et un <strong>d\u00e9calage de 6 mm<\/strong>, elle garantit une sensation de stabilit\u00e9 et de confort m\u00eame sur les sentiers les plus difficiles. La <strong>semelle en caoutchouc SURFACE CTRL\u2122, durable<\/strong> et tr\u00e8s polyvalente, compos\u00e9e de <strong>20 % de caoutchouc naturel<\/strong> provenant de petites exploitations agricoles r\u00e9g\u00e9n\u00e9ratives, offre une r\u00e9partition \u00e9quilibr\u00e9e du poids et une traction exceptionnelle gr\u00e2ce \u00e0 ses <strong>crampons de 5 mm.<\/strong><\/p>\n<p>L&#8217;<strong>Infinite<\/strong> est la chaussure id\u00e9ale pour ceux qui recherchent la combinaison parfaite de r\u00e9activit\u00e9, de soutien et de confort pour les longues distances, avec des performances \u00e9lev\u00e9es sur tous les types de terrain. Avec cette chaussure, vous surmonterez tous les d\u00e9fis avec \u00e9nergie et stabilit\u00e9.<\/p>\n<div id=\"base-collapse-nUfccvMQCJy-0-content\" class=\"overflow-hidden duration\" role=\"region\" aria-labelledby=\"base-collapse-nUfccvMQCJy-0\">\n<div class=\"text-sm fw-light\" data-test-id=\"vf-accordion-content\">\n<div class=\"pb-6 pt-2 text-sm c-grey-20\">\n<div class=\"group flex items-start gap-4\">\n<p><picture class=\"aspect-square w-full shrink-0\" data-test-id=\"base-picture\"><img loading=\"lazy\" decoding=\"async\" class=\"contain\" src=\"https:\/\/assets.thenorthface.eu\/image\/upload\/v1728567337\/benefit-icon-cushioned.webp\" alt=\"Ammortizzate\" width=\"71\" height=\"71\" \/><\/picture><\/p>\n<div class=\"grow space-y-1\">\n<p class=\"!title-5 fw-bold\">Amorti : Super mousse l\u00e9g\u00e8re pour un amorti in\u00e9gal\u00e9<\/p>\n<\/div>\n<\/div>\n<div class=\"group flex items-start gap-4\">\n<p><picture class=\"aspect-square w-full shrink-0\" data-test-id=\"base-picture\"><img loading=\"lazy\" decoding=\"async\" class=\"contain\" src=\"https:\/\/assets.thenorthface.eu\/image\/upload\/v1728567347\/benefit-icon-stability.webp\" alt=\"Stabili\" width=\"71\" height=\"71\" \/><\/picture><\/p>\n<div class=\"grow space-y-1\">\n<p class=\"!title-5 fw-bold\">Stabilit\u00e9 : La technologie de positionnement du talon am\u00e9liore la stabilit\u00e9 sur les terrains irr\u00e9guliers.<\/p>\n<\/div>\n<\/div>\n<div class=\"group flex items-start gap-4\">\n<p><picture class=\"aspect-square w-full shrink-0\" data-test-id=\"base-picture\"><img loading=\"lazy\" decoding=\"async\" class=\"contain\" src=\"https:\/\/assets.thenorthface.eu\/image\/upload\/v1728567340\/benefit-icon-grip_sole.webp\" alt=\"Suola antiscivolo\" width=\"71\" height=\"71\" \/><\/picture><\/p>\n<div class=\"grow space-y-1\">\n<p class=\"!title-5 fw-bold\">Semelle antid\u00e9rapante : Les compos\u00e9s de caoutchouc assurent l&#8217;adh\u00e9rence et la r\u00e9sistance sur les surfaces s\u00e8ches et humides.<\/p>\n<\/div>\n<\/div>\n<div class=\"group flex items-start gap-4\">\n<p><picture class=\"aspect-square w-full shrink-0\" data-test-id=\"base-picture\"><img loading=\"lazy\" decoding=\"async\" class=\"contain\" src=\"https:\/\/assets.thenorthface.eu\/image\/upload\/v1728567334\/benefit-icon_technical_trail.avif\" alt=\"Percorsi trail tecnici\" width=\"71\" height=\"71\" \/><\/picture><\/p>\n<div class=\"grow space-y-1\">\n<p class=\"!title-5 fw-bold\">Sentiers techniques : Traction et protection exceptionnelles sur les terrains techniques.<\/p>\n<\/div>\n<\/div>\n<\/div>\n<\/div>\n<\/div>\n<p><\/div><\/div><\/div>\n","protected":false},"excerpt":{"rendered":"<ul>\n<li>\u00a0Surface CTRL\u00ae<\/li>\n<li>VECTIV\u2122<\/li>\n<\/ul>\n","protected":false},"featured_media":267971,"template":"","meta":{"_acf_changed":false,"inline_featured_image":false},"product_brand":[],"product_cat":[22605,22608],"product_tag":[32391,32393],"class_list":{"0":"post-300634","1":"product","2":"type-product","3":"status-publish","4":"has-post-thumbnail","6":"product_cat-chaussures-pour-femmes","7":"product_cat-trail-fr","8":"product_tag-the-north-face-fr","9":"product_tag-the-north-face-femme","10":"pa_attivita-outdoor-fr","11":"pa_attivita-trail-fr","12":"pa_colore-infinite-3-w-winslor-blue-br-fr","13":"pa_marca-the-north-face-fr","14":"pa_sesso-femme","15":"pa_size-38-fr","16":"pa_size-39-5-fr","17":"pa_size-40-fr","19":"first","20":"instock","21":"sale","22":"taxable","23":"shipping-taxable","24":"purchasable","25":"product-type-variable","26":"wvs-archive-product-wrapper"},"acf":[],"yoast_head":"<!-- This site is optimized with the Yoast SEO plugin v26.8 - https:\/\/yoast.com\/product\/yoast-seo-wordpress\/ -->\n<title>The North Face Vectiv Infinite 3 femme - chaussures de trai - MioMioRun.com<\/title>\n<meta name=\"description\" content=\"L&#039;Infinite 3 offre de hautes performances pour le trail running longue distance, avec la technologie VECTIV\u2122 3.0 et l&#039;amorti DREAM foam.\" \/>\n<meta name=\"robots\" content=\"index, follow, max-snippet:-1, max-image-preview:large, max-video-preview:-1\" \/>\n<link rel=\"canonical\" href=\"https:\/\/www.miomiorun.com\/fr\/produit\/vectiv-infinite-3-femme\/\" \/>\n<meta property=\"og:locale\" content=\"fr_FR\" \/>\n<meta property=\"og:type\" content=\"article\" \/>\n<meta property=\"og:title\" content=\"The North Face Vectiv Infinite 3 femme - chaussures de trai - MioMioRun.com\" \/>\n<meta property=\"og:description\" content=\"L&#039;Infinite 3 offre de hautes performances pour le trail running longue distance, avec la technologie VECTIV\u2122 3.0 et l&#039;amorti DREAM foam.\" \/>\n<meta property=\"og:url\" content=\"https:\/\/www.miomiorun.com\/fr\/produit\/vectiv-infinite-3-femme\/\" \/>\n<meta property=\"og:site_name\" content=\"MioMioRun\" \/>\n<meta property=\"article:publisher\" content=\"https:\/\/www.facebook.com\/miomiorun\/\" \/>\n<meta property=\"article:modified_time\" content=\"2026-05-08T20:37:02+00:00\" \/>\n<meta property=\"og:image\" content=\"https:\/\/www.miomiorun.com\/app\/uploads\/2025\/03\/north-face-Infinite-3-W-winslor-blue-br-NF0A8AES7Z91.webp\" \/>\n\t<meta property=\"og:image:width\" content=\"600\" \/>\n\t<meta property=\"og:image:height\" content=\"600\" \/>\n\t<meta property=\"og:image:type\" content=\"image\/webp\" \/>\n<meta name=\"twitter:card\" content=\"summary_large_image\" \/>\n<meta name=\"twitter:label1\" content=\"Est. reading time\" \/>\n\t<meta name=\"twitter:data1\" content=\"3 minutes\" \/>\n<script type=\"application\/ld+json\" class=\"yoast-schema-graph\">{\"@context\":\"https:\/\/schema.org\",\"@graph\":[{\"@type\":\"WebPage\",\"@id\":\"https:\/\/www.miomiorun.com\/fr\/produit\/vectiv-infinite-3-femme\/\",\"url\":\"https:\/\/www.miomiorun.com\/fr\/produit\/vectiv-infinite-3-femme\/\",\"name\":\"The North Face Vectiv Infinite 3 femme - chaussures de trai - MioMioRun.com\",\"isPartOf\":{\"@id\":\"https:\/\/www.miomiorun.com\/fr\/#website\"},\"primaryImageOfPage\":{\"@id\":\"https:\/\/www.miomiorun.com\/fr\/produit\/vectiv-infinite-3-femme\/#primaryimage\"},\"image\":{\"@id\":\"https:\/\/www.miomiorun.com\/fr\/produit\/vectiv-infinite-3-femme\/#primaryimage\"},\"thumbnailUrl\":\"https:\/\/www.miomiorun.com\/app\/uploads\/2025\/03\/north-face-Infinite-3-W-winslor-blue-br-NF0A8AES7Z91.webp\",\"datePublished\":\"2025-03-17T17:01:02+00:00\",\"dateModified\":\"2026-05-08T20:37:02+00:00\",\"description\":\"L'Infinite 3 offre de hautes performances pour le trail running longue distance, avec la technologie VECTIV\u2122 3.0 et l'amorti DREAM foam.\",\"breadcrumb\":{\"@id\":\"https:\/\/www.miomiorun.com\/fr\/produit\/vectiv-infinite-3-femme\/#breadcrumb\"},\"inLanguage\":\"fr-FR\",\"potentialAction\":[{\"@type\":\"ReadAction\",\"target\":[\"https:\/\/www.miomiorun.com\/fr\/produit\/vectiv-infinite-3-femme\/\"]}]},{\"@type\":\"ImageObject\",\"inLanguage\":\"fr-FR\",\"@id\":\"https:\/\/www.miomiorun.com\/fr\/produit\/vectiv-infinite-3-femme\/#primaryimage\",\"url\":\"https:\/\/www.miomiorun.com\/app\/uploads\/2025\/03\/north-face-Infinite-3-W-winslor-blue-br-NF0A8AES7Z91.webp\",\"contentUrl\":\"https:\/\/www.miomiorun.com\/app\/uploads\/2025\/03\/north-face-Infinite-3-W-winslor-blue-br-NF0A8AES7Z91.webp\",\"width\":600,\"height\":600,\"caption\":\"north face Infinite 3 W winslor blue br NF0A8AES7Z91\"},{\"@type\":\"BreadcrumbList\",\"@id\":\"https:\/\/www.miomiorun.com\/fr\/produit\/vectiv-infinite-3-femme\/#breadcrumb\",\"itemListElement\":[{\"@type\":\"ListItem\",\"position\":1,\"name\":\"Home\",\"item\":\"https:\/\/www.miomiorun.com\/fr\/home-page\/\"},{\"@type\":\"ListItem\",\"position\":2,\"name\":\"Shop\",\"item\":\"https:\/\/www.miomiorun.com\/shop\/\"},{\"@type\":\"ListItem\",\"position\":3,\"name\":\"Vectiv Infinite 3 femme\"}]},{\"@type\":\"WebSite\",\"@id\":\"https:\/\/www.miomiorun.com\/fr\/#website\",\"url\":\"https:\/\/www.miomiorun.com\/fr\/\",\"name\":\"MioMioRun\",\"description\":\"Boutique 100% running et trail\",\"publisher\":{\"@id\":\"https:\/\/www.miomiorun.com\/fr\/#organization\"},\"potentialAction\":[{\"@type\":\"SearchAction\",\"target\":{\"@type\":\"EntryPoint\",\"urlTemplate\":\"https:\/\/www.miomiorun.com\/fr\/?s={search_term_string}\"},\"query-input\":{\"@type\":\"PropertyValueSpecification\",\"valueRequired\":true,\"valueName\":\"search_term_string\"}}],\"inLanguage\":\"fr-FR\"},{\"@type\":\"Organization\",\"@id\":\"https:\/\/www.miomiorun.com\/fr\/#organization\",\"name\":\"MioMio Run\",\"url\":\"https:\/\/www.miomiorun.com\/fr\/\",\"logo\":{\"@type\":\"ImageObject\",\"inLanguage\":\"fr-FR\",\"@id\":\"https:\/\/www.miomiorun.com\/fr\/#\/schema\/logo\/image\/\",\"url\":\"https:\/\/www.miomiorun.com\/app\/uploads\/2019\/12\/logomio.png\",\"contentUrl\":\"https:\/\/www.miomiorun.com\/app\/uploads\/2019\/12\/logomio.png\",\"width\":115,\"height\":82,\"caption\":\"MioMio Run\"},\"image\":{\"@id\":\"https:\/\/www.miomiorun.com\/fr\/#\/schema\/logo\/image\/\"},\"sameAs\":[\"https:\/\/www.facebook.com\/miomiorun\/\",\"https:\/\/www.instagram.com\/miomiorun\/\"]}]}<\/script>\n<!-- \/ Yoast SEO plugin. -->","yoast_head_json":{"title":"The North Face Vectiv Infinite 3 femme - chaussures de trai - MioMioRun.com","description":"L'Infinite 3 offre de hautes performances pour le trail running longue distance, avec la technologie VECTIV\u2122 3.0 et l'amorti DREAM foam.","robots":{"index":"index","follow":"follow","max-snippet":"max-snippet:-1","max-image-preview":"max-image-preview:large","max-video-preview":"max-video-preview:-1"},"canonical":"https:\/\/www.miomiorun.com\/fr\/produit\/vectiv-infinite-3-femme\/","og_locale":"fr_FR","og_type":"article","og_title":"The North Face Vectiv Infinite 3 femme - chaussures de trai - MioMioRun.com","og_description":"L'Infinite 3 offre de hautes performances pour le trail running longue distance, avec la technologie VECTIV\u2122 3.0 et l'amorti DREAM foam.","og_url":"https:\/\/www.miomiorun.com\/fr\/produit\/vectiv-infinite-3-femme\/","og_site_name":"MioMioRun","article_publisher":"https:\/\/www.facebook.com\/miomiorun\/","article_modified_time":"2026-05-08T20:37:02+00:00","og_image":[{"width":600,"height":600,"url":"https:\/\/www.miomiorun.com\/app\/uploads\/2025\/03\/north-face-Infinite-3-W-winslor-blue-br-NF0A8AES7Z91.webp","type":"image\/webp"}],"twitter_card":"summary_large_image","twitter_misc":{"Est. reading time":"3 minutes"},"schema":{"@context":"https:\/\/schema.org","@graph":[{"@type":"WebPage","@id":"https:\/\/www.miomiorun.com\/fr\/produit\/vectiv-infinite-3-femme\/","url":"https:\/\/www.miomiorun.com\/fr\/produit\/vectiv-infinite-3-femme\/","name":"The North Face Vectiv Infinite 3 femme - chaussures de trai - MioMioRun.com","isPartOf":{"@id":"https:\/\/www.miomiorun.com\/fr\/#website"},"primaryImageOfPage":{"@id":"https:\/\/www.miomiorun.com\/fr\/produit\/vectiv-infinite-3-femme\/#primaryimage"},"image":{"@id":"https:\/\/www.miomiorun.com\/fr\/produit\/vectiv-infinite-3-femme\/#primaryimage"},"thumbnailUrl":"https:\/\/www.miomiorun.com\/app\/uploads\/2025\/03\/north-face-Infinite-3-W-winslor-blue-br-NF0A8AES7Z91.webp","datePublished":"2025-03-17T17:01:02+00:00","dateModified":"2026-05-08T20:37:02+00:00","description":"L'Infinite 3 offre de hautes performances pour le trail running longue distance, avec la technologie VECTIV\u2122 3.0 et l'amorti DREAM foam.","breadcrumb":{"@id":"https:\/\/www.miomiorun.com\/fr\/produit\/vectiv-infinite-3-femme\/#breadcrumb"},"inLanguage":"fr-FR","potentialAction":[{"@type":"ReadAction","target":["https:\/\/www.miomiorun.com\/fr\/produit\/vectiv-infinite-3-femme\/"]}]},{"@type":"ImageObject","inLanguage":"fr-FR","@id":"https:\/\/www.miomiorun.com\/fr\/produit\/vectiv-infinite-3-femme\/#primaryimage","url":"https:\/\/www.miomiorun.com\/app\/uploads\/2025\/03\/north-face-Infinite-3-W-winslor-blue-br-NF0A8AES7Z91.webp","contentUrl":"https:\/\/www.miomiorun.com\/app\/uploads\/2025\/03\/north-face-Infinite-3-W-winslor-blue-br-NF0A8AES7Z91.webp","width":600,"height":600,"caption":"north face Infinite 3 W winslor blue br NF0A8AES7Z91"},{"@type":"BreadcrumbList","@id":"https:\/\/www.miomiorun.com\/fr\/produit\/vectiv-infinite-3-femme\/#breadcrumb","itemListElement":[{"@type":"ListItem","position":1,"name":"Home","item":"https:\/\/www.miomiorun.com\/fr\/home-page\/"},{"@type":"ListItem","position":2,"name":"Shop","item":"https:\/\/www.miomiorun.com\/shop\/"},{"@type":"ListItem","position":3,"name":"Vectiv Infinite 3 femme"}]},{"@type":"WebSite","@id":"https:\/\/www.miomiorun.com\/fr\/#website","url":"https:\/\/www.miomiorun.com\/fr\/","name":"MioMioRun","description":"Boutique 100% running et trail","publisher":{"@id":"https:\/\/www.miomiorun.com\/fr\/#organization"},"potentialAction":[{"@type":"SearchAction","target":{"@type":"EntryPoint","urlTemplate":"https:\/\/www.miomiorun.com\/fr\/?s={search_term_string}"},"query-input":{"@type":"PropertyValueSpecification","valueRequired":true,"valueName":"search_term_string"}}],"inLanguage":"fr-FR"},{"@type":"Organization","@id":"https:\/\/www.miomiorun.com\/fr\/#organization","name":"MioMio Run","url":"https:\/\/www.miomiorun.com\/fr\/","logo":{"@type":"ImageObject","inLanguage":"fr-FR","@id":"https:\/\/www.miomiorun.com\/fr\/#\/schema\/logo\/image\/","url":"https:\/\/www.miomiorun.com\/app\/uploads\/2019\/12\/logomio.png","contentUrl":"https:\/\/www.miomiorun.com\/app\/uploads\/2019\/12\/logomio.png","width":115,"height":82,"caption":"MioMio Run"},"image":{"@id":"https:\/\/www.miomiorun.com\/fr\/#\/schema\/logo\/image\/"},"sameAs":["https:\/\/www.facebook.com\/miomiorun\/","https:\/\/www.instagram.com\/miomiorun\/"]}]}},"_links":{"self":[{"href":"https:\/\/www.miomiorun.com\/fr\/wp-json\/wp\/v2\/product\/300634","targetHints":{"allow":["GET"]}}],"collection":[{"href":"https:\/\/www.miomiorun.com\/fr\/wp-json\/wp\/v2\/product"}],"about":[{"href":"https:\/\/www.miomiorun.com\/fr\/wp-json\/wp\/v2\/types\/product"}],"wp:featuredmedia":[{"embeddable":true,"href":"https:\/\/www.miomiorun.com\/fr\/wp-json\/wp\/v2\/media\/267971"}],"wp:attachment":[{"href":"https:\/\/www.miomiorun.com\/fr\/wp-json\/wp\/v2\/media?parent=300634"}],"wp:term":[{"taxonomy":"product_brand","embeddable":true,"href":"https:\/\/www.miomiorun.com\/fr\/wp-json\/wp\/v2\/product_brand?post=300634"},{"taxonomy":"product_cat","embeddable":true,"href":"https:\/\/www.miomiorun.com\/fr\/wp-json\/wp\/v2\/product_cat?post=300634"},{"taxonomy":"product_tag","embeddable":true,"href":"https:\/\/www.miomiorun.com\/fr\/wp-json\/wp\/v2\/product_tag?post=300634"}],"curies":[{"name":"wp","href":"https:\/\/api.w.org\/{rel}","templated":true}]}}