{"id":300628,"date":"2025-03-17T18:24:57","date_gmt":"2025-03-17T17:24:57","guid":{"rendered":"https:\/\/miomiorun.com\/prodotto\/summit-vectiv-sky-2\/"},"modified":"2026-05-08T22:36:58","modified_gmt":"2026-05-08T20:36:58","slug":"summit-vectiv-sky-2","status":"publish","type":"product","link":"https:\/\/www.miomiorun.com\/fr\/produit\/summit-vectiv-sky-2\/","title":{"rendered":"Summit Vectiv Sky 2"},"content":{"rendered":"<div class=\"vc-row container\"><div class=\"vc-column\"><div class=\"vc-column-text\"><\/p>\n<p><strong>Caract\u00e9ristiques techniques<\/strong><\/p>\n<p>Cat\u00e9gorie : amorti sup\u00e9rieur<br \/>\nD\u00e9calage : 6 mm<br \/>\nPoids : 238 g<br \/>\nId\u00e9al pour : coureurs de trail confirm\u00e9s, \u00e0 la recherche d&#8217;un mod\u00e8le l\u00e9ger, bien amorti et protecteur, capable de transmettre un maximum de confort m\u00eame sur de longues distances.<br \/>\nPoids de l&#8217;athl\u00e8te : 60-70 kg<br \/>\nAllure de course : moyennement rapide (4.30-6.00 min\/km)<br \/>\n<a href=\"https:\/\/miomiorun.com\/fr\/guide-des-specificites\/\">Guide des sp\u00e9cifications<\/a><\/p>\n<p><\/div><\/div><div class=\"vc-column\"><div class=\"vc-column-text\">Les <strong>Summit VECTIV\u2122 Sky 2<\/strong> sont des chaussures de trail running con\u00e7ues pour vous offrir vitesse, confort et performances exceptionnelles sur tous types de terrains. Dot\u00e9es d&#8217;une coupe <strong>r\u00e9guli\u00e8re<\/strong>, ces chaussures offrent un confort et un bon maintien, id\u00e9al pour les longues distances. La <strong>tige l\u00e9g\u00e8re et sans couture<\/strong> avec des <strong>zones de ventilation cartographi\u00e9es<\/strong> assure une respirabilit\u00e9 optimale et une parfaite stabilit\u00e9 lors des sorties sur les terrains les plus techniques. Des <strong>crampons int\u00e9gr\u00e9s sur la languette<\/strong> et un <strong>ajustement am\u00e9lior\u00e9 au niveau du talon<\/strong> offrent un soutien suppl\u00e9mentaire pour un ajustement pr\u00e9cis.<\/p>\n<p><strong>La technologie VECTIV\u2122 3.0<\/strong>, avec une <strong>plaque de semelle ext\u00e9rieure en fibre de carbone sur toute la longueur<\/strong>, offre une propulsion sup\u00e9rieure, un soutien lat\u00e9ral et une stabilit\u00e9 id\u00e9ale sur tous les sentiers. La<strong>semelle interm\u00e9diaire en mousse DREAM ultra-l\u00e9g\u00e8re<\/strong> offre un <strong>retour d&#8217;\u00e9nergie \u00e9lev\u00e9<\/strong> et une plus grande durabilit\u00e9 que la mousse EVA standard, tandis que la<strong>semelle interm\u00e9diaire rocker<\/strong> amplifie la <strong>force de propulsion \u00e0 long terme<\/strong>. La <strong>semelle ext\u00e9rieure SURFACE CTRL\u2122<\/strong> haute <strong>adh\u00e9rence<\/strong>, compos\u00e9e de <strong>20 % de caoutchouc naturel<\/strong> provenant d&#8217;agriculteurs r\u00e9g\u00e9n\u00e9rateurs, offre une <strong>grande adh\u00e9rence<\/strong> gr\u00e2ce \u00e0 des <strong>crampons de 5 mm<\/strong> con\u00e7us pour affronter les terrains techniques avec facilit\u00e9.<\/p>\n<p>Les <strong>Summit VECTIV\u2122 Sky 2<\/strong> sont parfaites pour ceux qui recherchent la l\u00e9g\u00e8ret\u00e9, la vitesse et la haute performance sur tous les types de terrain, faisant de chaque course une exp\u00e9rience plus fluide et plus confortable<\/p>\n<div id=\"Benefits\" class=\"f-col b-t b-grey-70\" data-test-id=\"vf-accordion\">\n<div id=\"Benefits\" class=\"f-col b-t b-grey-70\" data-test-id=\"vf-accordion\"><\/div>\n<div id=\"base-collapse-nUfccvMQCJy-33-content\" class=\"overflow-hidden duration\" role=\"region\" aria-labelledby=\"base-collapse-nUfccvMQCJy-33\">\n<div class=\"text-sm fw-light\" data-test-id=\"vf-accordion-content\">\n<div class=\"pb-6 pt-2 text-sm c-grey-20\">\n<div class=\"group flex items-start gap-4\">\n<p><picture class=\"aspect-square w-full shrink-0\" data-test-id=\"base-picture\"><img loading=\"lazy\" decoding=\"async\" class=\"contain\" src=\"https:\/\/assets.thenorthface.eu\/image\/upload\/v1728567337\/benefit-icon-cushioned.webp\" alt=\"Ammortizzate\" width=\"52\" height=\"52\" \/><\/picture><\/p>\n<div class=\"grow space-y-1\">\n<p class=\"!title-5 fw-bold\">Amorti : Super mousse l\u00e9g\u00e8re pour un amorti in\u00e9gal\u00e9<\/p>\n<\/div>\n<\/div>\n<div class=\"group flex items-start gap-4\">\n<p><picture class=\"aspect-square w-full shrink-0\" data-test-id=\"base-picture\"><img loading=\"lazy\" decoding=\"async\" class=\"contain\" src=\"https:\/\/assets.thenorthface.eu\/image\/upload\/v1728567347\/benefit-icon-stability.webp\" alt=\"Stabili\" width=\"52\" height=\"52\" \/><\/picture><\/p>\n<div class=\"grow space-y-1\">\n<p class=\"!title-5 fw-bold\">Stabilit\u00e9 : La technologie de positionnement du talon am\u00e9liore la stabilit\u00e9 sur les terrains irr\u00e9guliers.<\/p>\n<\/div>\n<\/div>\n<div class=\"group flex items-start gap-4\">\n<p><picture class=\"aspect-square w-full shrink-0\" data-test-id=\"base-picture\"><img loading=\"lazy\" decoding=\"async\" class=\"contain\" src=\"https:\/\/assets.thenorthface.eu\/image\/upload\/v1728567340\/benefit-icon-grip_sole.webp\" alt=\"Suola antiscivolo\" width=\"52\" height=\"52\" \/><\/picture><\/p>\n<div class=\"grow space-y-1\">\n<p class=\"!title-5 fw-bold\">Semelle antid\u00e9rapante : Les compos\u00e9s de caoutchouc assurent l&#8217;adh\u00e9rence et la r\u00e9sistance sur les surfaces s\u00e8ches et humides.<\/p>\n<\/div>\n<\/div>\n<div class=\"group flex items-start gap-4\">\n<p><picture class=\"aspect-square w-full shrink-0\" data-test-id=\"base-picture\"><img loading=\"lazy\" decoding=\"async\" class=\"contain\" src=\"https:\/\/assets.thenorthface.eu\/image\/upload\/v1728567334\/benefit-icon_technical_trail.avif\" alt=\"Percorsi trail tecnici\" width=\"52\" height=\"52\" \/><\/picture><\/p>\n<div class=\"grow space-y-1\">\n<p class=\"!title-5 fw-bold\">Sentiers techniques : Traction et protection exceptionnelles sur les terrains techniques.<\/p>\n<\/div>\n<\/div>\n<\/div>\n<\/div>\n<\/div>\n<\/div>\n<p><\/div><\/div><\/div>\n","protected":false},"excerpt":{"rendered":"<ul>\n<li>Surface CTRL\u00ae<\/li>\n<li>VECTIV\u2122<\/li>\n<\/ul>\n","protected":false},"featured_media":410760,"template":"","meta":{"_acf_changed":false,"inline_featured_image":false},"product_brand":[],"product_cat":[22605,24448,22608,24445],"product_tag":[32391,32393,32397],"class_list":{"0":"post-300628","1":"product","2":"type-product","3":"status-publish","4":"has-post-thumbnail","6":"product_cat-chaussures-pour-femmes","7":"product_cat-chaussures-pour-hommes-fr","8":"product_cat-trail-fr","9":"product_cat-trail-fr-3","10":"product_tag-the-north-face-fr","11":"product_tag-the-north-face-femme","12":"product_tag-the-north-face-homme","13":"pa_attivita-trail-fr","14":"pa_colore-summit-vectiv-sky-2-white-ash-sulph-fr","15":"pa_colore-vectiv-sky-2-lava-red-calacatta","16":"pa_marca-the-north-face-fr","17":"pa_sesso-femme","18":"pa_sesso-homme","19":"pa_size-42-fr","21":"pa_size-43-fr","22":"pa_size-44-fr","24":"pa_size-45-fr","25":"pa_size-46-fr","27":"first","28":"instock","29":"sale","30":"taxable","31":"shipping-taxable","32":"purchasable","33":"product-type-variable","34":"wvs-archive-product-wrapper"},"acf":[],"yoast_head":"<!-- This site is optimized with the Yoast SEO plugin v26.8 - https:\/\/yoast.com\/product\/yoast-seo-wordpress\/ -->\n<title>The North Face Summit Vectiv Sky 2 - scarpe trail unisex - MioMioRun.com<\/title>\n<meta name=\"description\" content=\"Summit VECTIV\u2122 Sky 2 sono scarpe da trail running leggere, con tecnologia VECTIV\u2122 3.0, ammortizzazione DREAM e suola ad alta trazione per dare il massimo.\" \/>\n<meta name=\"robots\" content=\"index, follow, max-snippet:-1, max-image-preview:large, max-video-preview:-1\" \/>\n<link rel=\"canonical\" href=\"https:\/\/www.miomiorun.com\/fr\/produit\/summit-vectiv-sky-2\/\" \/>\n<meta property=\"og:locale\" content=\"fr_FR\" \/>\n<meta property=\"og:type\" content=\"article\" \/>\n<meta property=\"og:title\" content=\"The North Face Summit Vectiv Sky 2 - scarpe trail unisex - MioMioRun.com\" \/>\n<meta property=\"og:description\" content=\"Summit VECTIV\u2122 Sky 2 sono scarpe da trail running leggere, con tecnologia VECTIV\u2122 3.0, ammortizzazione DREAM e suola ad alta trazione per dare il massimo.\" \/>\n<meta property=\"og:url\" content=\"https:\/\/www.miomiorun.com\/fr\/produit\/summit-vectiv-sky-2\/\" \/>\n<meta property=\"og:site_name\" content=\"MioMioRun\" \/>\n<meta property=\"article:publisher\" content=\"https:\/\/www.facebook.com\/miomiorun\/\" \/>\n<meta property=\"article:modified_time\" content=\"2026-05-08T20:36:58+00:00\" \/>\n<meta property=\"og:image\" content=\"https:\/\/www.miomiorun.com\/app\/uploads\/2026\/02\/the-north-face-Vectiv-SKY-2-lava-red-calacatta-NF0A8AEML2I1.webp\" \/>\n\t<meta property=\"og:image:width\" content=\"720\" \/>\n\t<meta property=\"og:image:height\" content=\"720\" \/>\n\t<meta property=\"og:image:type\" content=\"image\/webp\" \/>\n<meta name=\"twitter:card\" content=\"summary_large_image\" \/>\n<meta name=\"twitter:label1\" content=\"Est. reading time\" \/>\n\t<meta name=\"twitter:data1\" content=\"2 minutes\" \/>\n<script type=\"application\/ld+json\" class=\"yoast-schema-graph\">{\"@context\":\"https:\/\/schema.org\",\"@graph\":[{\"@type\":\"WebPage\",\"@id\":\"https:\/\/www.miomiorun.com\/fr\/produit\/summit-vectiv-sky-2\/\",\"url\":\"https:\/\/www.miomiorun.com\/fr\/produit\/summit-vectiv-sky-2\/\",\"name\":\"The North Face Summit Vectiv Sky 2 - scarpe trail unisex - MioMioRun.com\",\"isPartOf\":{\"@id\":\"https:\/\/www.miomiorun.com\/fr\/#website\"},\"primaryImageOfPage\":{\"@id\":\"https:\/\/www.miomiorun.com\/fr\/produit\/summit-vectiv-sky-2\/#primaryimage\"},\"image\":{\"@id\":\"https:\/\/www.miomiorun.com\/fr\/produit\/summit-vectiv-sky-2\/#primaryimage\"},\"thumbnailUrl\":\"https:\/\/www.miomiorun.com\/app\/uploads\/2026\/02\/the-north-face-Vectiv-SKY-2-lava-red-calacatta-NF0A8AEML2I1.webp\",\"datePublished\":\"2025-03-17T17:24:57+00:00\",\"dateModified\":\"2026-05-08T20:36:58+00:00\",\"description\":\"Summit VECTIV\u2122 Sky 2 sono scarpe da trail running leggere, con tecnologia VECTIV\u2122 3.0, ammortizzazione DREAM e suola ad alta trazione per dare il massimo.\",\"breadcrumb\":{\"@id\":\"https:\/\/www.miomiorun.com\/fr\/produit\/summit-vectiv-sky-2\/#breadcrumb\"},\"inLanguage\":\"fr-FR\",\"potentialAction\":[{\"@type\":\"ReadAction\",\"target\":[\"https:\/\/www.miomiorun.com\/fr\/produit\/summit-vectiv-sky-2\/\"]}]},{\"@type\":\"ImageObject\",\"inLanguage\":\"fr-FR\",\"@id\":\"https:\/\/www.miomiorun.com\/fr\/produit\/summit-vectiv-sky-2\/#primaryimage\",\"url\":\"https:\/\/www.miomiorun.com\/app\/uploads\/2026\/02\/the-north-face-Vectiv-SKY-2-lava-red-calacatta-NF0A8AEML2I1.webp\",\"contentUrl\":\"https:\/\/www.miomiorun.com\/app\/uploads\/2026\/02\/the-north-face-Vectiv-SKY-2-lava-red-calacatta-NF0A8AEML2I1.webp\",\"width\":720,\"height\":720,\"caption\":\"the north face Vectiv SKY 2 lava red calacatta NF0A8AEML2I1\"},{\"@type\":\"BreadcrumbList\",\"@id\":\"https:\/\/www.miomiorun.com\/fr\/produit\/summit-vectiv-sky-2\/#breadcrumb\",\"itemListElement\":[{\"@type\":\"ListItem\",\"position\":1,\"name\":\"Home\",\"item\":\"https:\/\/www.miomiorun.com\/fr\/home-page\/\"},{\"@type\":\"ListItem\",\"position\":2,\"name\":\"Shop\",\"item\":\"https:\/\/www.miomiorun.com\/shop\/\"},{\"@type\":\"ListItem\",\"position\":3,\"name\":\"Summit Vectiv Sky 2\"}]},{\"@type\":\"WebSite\",\"@id\":\"https:\/\/www.miomiorun.com\/fr\/#website\",\"url\":\"https:\/\/www.miomiorun.com\/fr\/\",\"name\":\"MioMioRun\",\"description\":\"Boutique 100% running et trail\",\"publisher\":{\"@id\":\"https:\/\/www.miomiorun.com\/fr\/#organization\"},\"potentialAction\":[{\"@type\":\"SearchAction\",\"target\":{\"@type\":\"EntryPoint\",\"urlTemplate\":\"https:\/\/www.miomiorun.com\/fr\/?s={search_term_string}\"},\"query-input\":{\"@type\":\"PropertyValueSpecification\",\"valueRequired\":true,\"valueName\":\"search_term_string\"}}],\"inLanguage\":\"fr-FR\"},{\"@type\":\"Organization\",\"@id\":\"https:\/\/www.miomiorun.com\/fr\/#organization\",\"name\":\"MioMio Run\",\"url\":\"https:\/\/www.miomiorun.com\/fr\/\",\"logo\":{\"@type\":\"ImageObject\",\"inLanguage\":\"fr-FR\",\"@id\":\"https:\/\/www.miomiorun.com\/fr\/#\/schema\/logo\/image\/\",\"url\":\"https:\/\/www.miomiorun.com\/app\/uploads\/2019\/12\/logomio.png\",\"contentUrl\":\"https:\/\/www.miomiorun.com\/app\/uploads\/2019\/12\/logomio.png\",\"width\":115,\"height\":82,\"caption\":\"MioMio Run\"},\"image\":{\"@id\":\"https:\/\/www.miomiorun.com\/fr\/#\/schema\/logo\/image\/\"},\"sameAs\":[\"https:\/\/www.facebook.com\/miomiorun\/\",\"https:\/\/www.instagram.com\/miomiorun\/\"]}]}<\/script>\n<!-- \/ Yoast SEO plugin. -->","yoast_head_json":{"title":"The North Face Summit Vectiv Sky 2 - scarpe trail unisex - MioMioRun.com","description":"Summit VECTIV\u2122 Sky 2 sono scarpe da trail running leggere, con tecnologia VECTIV\u2122 3.0, ammortizzazione DREAM e suola ad alta trazione per dare il massimo.","robots":{"index":"index","follow":"follow","max-snippet":"max-snippet:-1","max-image-preview":"max-image-preview:large","max-video-preview":"max-video-preview:-1"},"canonical":"https:\/\/www.miomiorun.com\/fr\/produit\/summit-vectiv-sky-2\/","og_locale":"fr_FR","og_type":"article","og_title":"The North Face Summit Vectiv Sky 2 - scarpe trail unisex - MioMioRun.com","og_description":"Summit VECTIV\u2122 Sky 2 sono scarpe da trail running leggere, con tecnologia VECTIV\u2122 3.0, ammortizzazione DREAM e suola ad alta trazione per dare il massimo.","og_url":"https:\/\/www.miomiorun.com\/fr\/produit\/summit-vectiv-sky-2\/","og_site_name":"MioMioRun","article_publisher":"https:\/\/www.facebook.com\/miomiorun\/","article_modified_time":"2026-05-08T20:36:58+00:00","og_image":[{"width":720,"height":720,"url":"https:\/\/www.miomiorun.com\/app\/uploads\/2026\/02\/the-north-face-Vectiv-SKY-2-lava-red-calacatta-NF0A8AEML2I1.webp","type":"image\/webp"}],"twitter_card":"summary_large_image","twitter_misc":{"Est. reading time":"2 minutes"},"schema":{"@context":"https:\/\/schema.org","@graph":[{"@type":"WebPage","@id":"https:\/\/www.miomiorun.com\/fr\/produit\/summit-vectiv-sky-2\/","url":"https:\/\/www.miomiorun.com\/fr\/produit\/summit-vectiv-sky-2\/","name":"The North Face Summit Vectiv Sky 2 - scarpe trail unisex - MioMioRun.com","isPartOf":{"@id":"https:\/\/www.miomiorun.com\/fr\/#website"},"primaryImageOfPage":{"@id":"https:\/\/www.miomiorun.com\/fr\/produit\/summit-vectiv-sky-2\/#primaryimage"},"image":{"@id":"https:\/\/www.miomiorun.com\/fr\/produit\/summit-vectiv-sky-2\/#primaryimage"},"thumbnailUrl":"https:\/\/www.miomiorun.com\/app\/uploads\/2026\/02\/the-north-face-Vectiv-SKY-2-lava-red-calacatta-NF0A8AEML2I1.webp","datePublished":"2025-03-17T17:24:57+00:00","dateModified":"2026-05-08T20:36:58+00:00","description":"Summit VECTIV\u2122 Sky 2 sono scarpe da trail running leggere, con tecnologia VECTIV\u2122 3.0, ammortizzazione DREAM e suola ad alta trazione per dare il massimo.","breadcrumb":{"@id":"https:\/\/www.miomiorun.com\/fr\/produit\/summit-vectiv-sky-2\/#breadcrumb"},"inLanguage":"fr-FR","potentialAction":[{"@type":"ReadAction","target":["https:\/\/www.miomiorun.com\/fr\/produit\/summit-vectiv-sky-2\/"]}]},{"@type":"ImageObject","inLanguage":"fr-FR","@id":"https:\/\/www.miomiorun.com\/fr\/produit\/summit-vectiv-sky-2\/#primaryimage","url":"https:\/\/www.miomiorun.com\/app\/uploads\/2026\/02\/the-north-face-Vectiv-SKY-2-lava-red-calacatta-NF0A8AEML2I1.webp","contentUrl":"https:\/\/www.miomiorun.com\/app\/uploads\/2026\/02\/the-north-face-Vectiv-SKY-2-lava-red-calacatta-NF0A8AEML2I1.webp","width":720,"height":720,"caption":"the north face Vectiv SKY 2 lava red calacatta NF0A8AEML2I1"},{"@type":"BreadcrumbList","@id":"https:\/\/www.miomiorun.com\/fr\/produit\/summit-vectiv-sky-2\/#breadcrumb","itemListElement":[{"@type":"ListItem","position":1,"name":"Home","item":"https:\/\/www.miomiorun.com\/fr\/home-page\/"},{"@type":"ListItem","position":2,"name":"Shop","item":"https:\/\/www.miomiorun.com\/shop\/"},{"@type":"ListItem","position":3,"name":"Summit Vectiv Sky 2"}]},{"@type":"WebSite","@id":"https:\/\/www.miomiorun.com\/fr\/#website","url":"https:\/\/www.miomiorun.com\/fr\/","name":"MioMioRun","description":"Boutique 100% running et trail","publisher":{"@id":"https:\/\/www.miomiorun.com\/fr\/#organization"},"potentialAction":[{"@type":"SearchAction","target":{"@type":"EntryPoint","urlTemplate":"https:\/\/www.miomiorun.com\/fr\/?s={search_term_string}"},"query-input":{"@type":"PropertyValueSpecification","valueRequired":true,"valueName":"search_term_string"}}],"inLanguage":"fr-FR"},{"@type":"Organization","@id":"https:\/\/www.miomiorun.com\/fr\/#organization","name":"MioMio Run","url":"https:\/\/www.miomiorun.com\/fr\/","logo":{"@type":"ImageObject","inLanguage":"fr-FR","@id":"https:\/\/www.miomiorun.com\/fr\/#\/schema\/logo\/image\/","url":"https:\/\/www.miomiorun.com\/app\/uploads\/2019\/12\/logomio.png","contentUrl":"https:\/\/www.miomiorun.com\/app\/uploads\/2019\/12\/logomio.png","width":115,"height":82,"caption":"MioMio Run"},"image":{"@id":"https:\/\/www.miomiorun.com\/fr\/#\/schema\/logo\/image\/"},"sameAs":["https:\/\/www.facebook.com\/miomiorun\/","https:\/\/www.instagram.com\/miomiorun\/"]}]}},"_links":{"self":[{"href":"https:\/\/www.miomiorun.com\/fr\/wp-json\/wp\/v2\/product\/300628","targetHints":{"allow":["GET"]}}],"collection":[{"href":"https:\/\/www.miomiorun.com\/fr\/wp-json\/wp\/v2\/product"}],"about":[{"href":"https:\/\/www.miomiorun.com\/fr\/wp-json\/wp\/v2\/types\/product"}],"wp:featuredmedia":[{"embeddable":true,"href":"https:\/\/www.miomiorun.com\/fr\/wp-json\/wp\/v2\/media\/410760"}],"wp:attachment":[{"href":"https:\/\/www.miomiorun.com\/fr\/wp-json\/wp\/v2\/media?parent=300628"}],"wp:term":[{"taxonomy":"product_brand","embeddable":true,"href":"https:\/\/www.miomiorun.com\/fr\/wp-json\/wp\/v2\/product_brand?post=300628"},{"taxonomy":"product_cat","embeddable":true,"href":"https:\/\/www.miomiorun.com\/fr\/wp-json\/wp\/v2\/product_cat?post=300628"},{"taxonomy":"product_tag","embeddable":true,"href":"https:\/\/www.miomiorun.com\/fr\/wp-json\/wp\/v2\/product_tag?post=300628"}],"curies":[{"name":"wp","href":"https:\/\/api.w.org\/{rel}","templated":true}]}}