{"id":300585,"date":"2025-03-18T17:49:07","date_gmt":"2025-03-18T16:49:07","guid":{"rendered":"https:\/\/miomiorun.com\/prodotto\/sptize-hooded-maglia-donna\/"},"modified":"2025-05-13T10:51:35","modified_gmt":"2025-05-13T08:51:35","slug":"sptize-hooded-maillot-femme","status":"publish","type":"product","link":"https:\/\/www.miomiorun.com\/fr\/produit\/sptize-hooded-maillot-femme\/","title":{"rendered":"Sptize Hooded maillot femme"},"content":{"rendered":"<p>Si vous recherchez un v\u00eatement polyvalent, confortable et protecteur pour vos journ\u00e9es en montagne, le <strong>Spitze Open Jersey<\/strong> est exactement ce qu&#8217;il vous faut. Parfait pour l&#8217;escalade, l&#8217;alpinisme et toutes les activit\u00e9s de plein air, ce maillot pour femme est con\u00e7u pour vous offrir un maximum de confort et de protection lors de vos aventures.<\/p>\n<p>Fabriqu\u00e9 en <strong>polaire polyester extensible dans les deux sens<\/strong>, ce maillot est respirant, l\u00e9ger et s\u00e8che rapidement, ce qui vous permet de vous concentrer uniquement sur vos performances sans vous soucier de la transpiration ou de l&#8217;humidit\u00e9. Sa structure interne en microgrid r\u00e9duit les points de contact avec la peau et am\u00e9liore la circulation de l&#8217;air, ce qui est parfait pour les climats chauds et humides des montagnes. Et ce n&#8217;est pas tout : gr\u00e2ce au traitement <em>DWR<\/em> (Durable Water Repellent), le tissu est plus r\u00e9sistant et prot\u00e8ge contre les pluies l\u00e9g\u00e8res et l&#8217;humidit\u00e9.<\/p>\n<p>Avec une <strong>protection UV int\u00e9gr\u00e9e<\/strong>, la Spitze vous prot\u00e8ge des rayons du soleil lorsque vous explorez les montagnes, sans jamais compromettre votre confort. Les d\u00e9tails contrast\u00e9s en <em>nylon extensible<\/em> ajoutent une touche de style, tandis que la capuche et l&#8217;ourlet \u00e9lastiques vous prot\u00e8gent du froid pendant les pauses.<\/p>\n<p>Le maillot Spitze est \u00e9galement tr\u00e8s pratique : la fermeture \u00e9clair centrale permet de l&#8217;enfiler et de l&#8217;enlever facilement entre les s\u00e9ances. De plus, les poches pour les mains et la poche zipp\u00e9e sur la poitrine vous permettent de garder en s\u00e9curit\u00e9 tous vos objets personnels, tels que vos cl\u00e9s ou votre t\u00e9l\u00e9phone.<\/p>\n<p><strong>Pesant seulement 310 grammes<\/strong>, le maillot Spitze est l\u00e9ger et confortable \u00e0 porter lors de n&#8217;importe quelle activit\u00e9, pour affronter vos journ\u00e9es d&#8217;\u00e9t\u00e9 en montagne avec une protection totale, sans sacrifier le confort et le style.<\/p>\n<p><strong>Fonctionnalit\u00e9<\/strong>:<\/p>\n<ul>\n<li>Maillot ouvert pour femmes avec capuche<\/li>\n<li>Tissu polaire en polyester bi-extensible avec haute protection contre les UV<\/li>\n<li>Tissu en nylon extensible DWR contrast\u00e9<\/li>\n<li>Fermeture \u00e0 glissi\u00e8re sur le devant, poches zipp\u00e9es pour les mains, poche zipp\u00e9e sur la poitrine<\/li>\n<li>Capuche et ourlet termin\u00e9s par un \u00e9lastique<\/li>\n<li>V\u00eatement id\u00e9al pour les activit\u00e9s de plein air<\/li>\n<\/ul>\n","protected":false},"excerpt":{"rendered":"<ul>\n<li>Veste id\u00e9ale pour vos courses\/excursions en montagne.<\/li>\n<li>Offre une excellente protection contre la pluie l\u00e9g\u00e8re, le vent et les rayons UV.<\/li>\n<\/ul>\n","protected":false},"featured_media":267370,"template":"","meta":{"_acf_changed":false,"inline_featured_image":false},"product_brand":[],"product_cat":[22601,22596,22595],"product_tag":[23512,23514],"class_list":{"0":"post-300585","1":"product","2":"type-product","3":"status-publish","4":"has-post-thumbnail","6":"product_cat-maillots","7":"product_cat-vetements-pour-femmes","8":"product_cat-femme","9":"product_tag-montura-fr","10":"product_tag-montura-femme","11":"pa_attivita-marcher","12":"pa_attivita-outdoor-fr","13":"pa_colore-sptize-hooded-maglia-w-turquoise-graphit-fr","14":"pa_marca-montura-fr","15":"pa_sesso-femme","16":"pa_size-small-fr","17":"pa_size-large-fr","19":"first","20":"instock","21":"sale","22":"taxable","23":"shipping-taxable","24":"purchasable","25":"product-type-variable","26":"wvs-archive-product-wrapper"},"acf":[],"yoast_head":"<!-- This site is optimized with the Yoast SEO plugin v26.8 - https:\/\/yoast.com\/product\/yoast-seo-wordpress\/ -->\n<title>Montura Sptize Hooded maillot femme - Veste d&#039;\u00e9t\u00e9 - MioMioRun<\/title>\n<meta name=\"description\" content=\"Le Sptize Hooded pour femmes est un maillot respirant et protecteur, id\u00e9al pour les activit\u00e9s de plein air, avec une protection UV, des fermetures \u00e9clair pratiques et un design confortable et \u00e9l\u00e9gant.\" \/>\n<meta name=\"robots\" content=\"index, follow, max-snippet:-1, max-image-preview:large, max-video-preview:-1\" \/>\n<link rel=\"canonical\" href=\"https:\/\/www.miomiorun.com\/fr\/produit\/sptize-hooded-maillot-femme\/\" \/>\n<meta property=\"og:locale\" content=\"fr_FR\" \/>\n<meta property=\"og:type\" content=\"article\" \/>\n<meta property=\"og:title\" content=\"Montura Sptize Hooded maillot femme - Veste d&#039;\u00e9t\u00e9 - MioMioRun\" \/>\n<meta property=\"og:description\" content=\"Le Sptize Hooded pour femmes est un maillot respirant et protecteur, id\u00e9al pour les activit\u00e9s de plein air, avec une protection UV, des fermetures \u00e9clair pratiques et un design confortable et \u00e9l\u00e9gant.\" \/>\n<meta property=\"og:url\" content=\"https:\/\/www.miomiorun.com\/fr\/produit\/sptize-hooded-maillot-femme\/\" \/>\n<meta property=\"og:site_name\" content=\"MioMioRun\" \/>\n<meta property=\"article:publisher\" content=\"https:\/\/www.facebook.com\/miomiorun\/\" \/>\n<meta property=\"article:modified_time\" content=\"2025-05-13T08:51:35+00:00\" \/>\n<meta property=\"og:image\" content=\"https:\/\/www.miomiorun.com\/app\/uploads\/2025\/03\/montura-Spitze-hooded-maglia-W-baton-rouge-vinac-MMAP57W.59514.webp\" \/>\n\t<meta property=\"og:image:width\" content=\"600\" \/>\n\t<meta property=\"og:image:height\" content=\"600\" \/>\n\t<meta property=\"og:image:type\" content=\"image\/webp\" \/>\n<meta name=\"twitter:card\" content=\"summary_large_image\" \/>\n<meta name=\"twitter:label1\" content=\"Est. reading time\" \/>\n\t<meta name=\"twitter:data1\" content=\"2 minutes\" \/>\n<script type=\"application\/ld+json\" class=\"yoast-schema-graph\">{\"@context\":\"https:\/\/schema.org\",\"@graph\":[{\"@type\":\"WebPage\",\"@id\":\"https:\/\/www.miomiorun.com\/fr\/produit\/sptize-hooded-maillot-femme\/\",\"url\":\"https:\/\/www.miomiorun.com\/fr\/produit\/sptize-hooded-maillot-femme\/\",\"name\":\"Montura Sptize Hooded maillot femme - Veste d'\u00e9t\u00e9 - MioMioRun\",\"isPartOf\":{\"@id\":\"https:\/\/www.miomiorun.com\/fr\/#website\"},\"primaryImageOfPage\":{\"@id\":\"https:\/\/www.miomiorun.com\/fr\/produit\/sptize-hooded-maillot-femme\/#primaryimage\"},\"image\":{\"@id\":\"https:\/\/www.miomiorun.com\/fr\/produit\/sptize-hooded-maillot-femme\/#primaryimage\"},\"thumbnailUrl\":\"https:\/\/www.miomiorun.com\/app\/uploads\/2025\/03\/montura-Spitze-hooded-maglia-W-baton-rouge-vinac-MMAP57W.59514.webp\",\"datePublished\":\"2025-03-18T16:49:07+00:00\",\"dateModified\":\"2025-05-13T08:51:35+00:00\",\"description\":\"Le Sptize Hooded pour femmes est un maillot respirant et protecteur, id\u00e9al pour les activit\u00e9s de plein air, avec une protection UV, des fermetures \u00e9clair pratiques et un design confortable et \u00e9l\u00e9gant.\",\"breadcrumb\":{\"@id\":\"https:\/\/www.miomiorun.com\/fr\/produit\/sptize-hooded-maillot-femme\/#breadcrumb\"},\"inLanguage\":\"fr-FR\",\"potentialAction\":[{\"@type\":\"ReadAction\",\"target\":[\"https:\/\/www.miomiorun.com\/fr\/produit\/sptize-hooded-maillot-femme\/\"]}]},{\"@type\":\"ImageObject\",\"inLanguage\":\"fr-FR\",\"@id\":\"https:\/\/www.miomiorun.com\/fr\/produit\/sptize-hooded-maillot-femme\/#primaryimage\",\"url\":\"https:\/\/www.miomiorun.com\/app\/uploads\/2025\/03\/montura-Spitze-hooded-maglia-W-baton-rouge-vinac-MMAP57W.59514.webp\",\"contentUrl\":\"https:\/\/www.miomiorun.com\/app\/uploads\/2025\/03\/montura-Spitze-hooded-maglia-W-baton-rouge-vinac-MMAP57W.59514.webp\",\"width\":600,\"height\":600,\"caption\":\"montura Spitze hooded maglia W baton rouge vinac MMAP57W.59514\"},{\"@type\":\"BreadcrumbList\",\"@id\":\"https:\/\/www.miomiorun.com\/fr\/produit\/sptize-hooded-maillot-femme\/#breadcrumb\",\"itemListElement\":[{\"@type\":\"ListItem\",\"position\":1,\"name\":\"Home\",\"item\":\"https:\/\/www.miomiorun.com\/fr\/home-page\/\"},{\"@type\":\"ListItem\",\"position\":2,\"name\":\"Shop\",\"item\":\"https:\/\/www.miomiorun.com\/shop\/\"},{\"@type\":\"ListItem\",\"position\":3,\"name\":\"Sptize Hooded maillot femme\"}]},{\"@type\":\"WebSite\",\"@id\":\"https:\/\/www.miomiorun.com\/fr\/#website\",\"url\":\"https:\/\/www.miomiorun.com\/fr\/\",\"name\":\"MioMioRun\",\"description\":\"Boutique 100% running et trail\",\"publisher\":{\"@id\":\"https:\/\/www.miomiorun.com\/fr\/#organization\"},\"potentialAction\":[{\"@type\":\"SearchAction\",\"target\":{\"@type\":\"EntryPoint\",\"urlTemplate\":\"https:\/\/www.miomiorun.com\/fr\/?s={search_term_string}\"},\"query-input\":{\"@type\":\"PropertyValueSpecification\",\"valueRequired\":true,\"valueName\":\"search_term_string\"}}],\"inLanguage\":\"fr-FR\"},{\"@type\":\"Organization\",\"@id\":\"https:\/\/www.miomiorun.com\/fr\/#organization\",\"name\":\"MioMio Run\",\"url\":\"https:\/\/www.miomiorun.com\/fr\/\",\"logo\":{\"@type\":\"ImageObject\",\"inLanguage\":\"fr-FR\",\"@id\":\"https:\/\/www.miomiorun.com\/fr\/#\/schema\/logo\/image\/\",\"url\":\"https:\/\/www.miomiorun.com\/app\/uploads\/2019\/12\/logomio.png\",\"contentUrl\":\"https:\/\/www.miomiorun.com\/app\/uploads\/2019\/12\/logomio.png\",\"width\":115,\"height\":82,\"caption\":\"MioMio Run\"},\"image\":{\"@id\":\"https:\/\/www.miomiorun.com\/fr\/#\/schema\/logo\/image\/\"},\"sameAs\":[\"https:\/\/www.facebook.com\/miomiorun\/\",\"https:\/\/www.instagram.com\/miomiorun\/\"]}]}<\/script>\n<!-- \/ Yoast SEO plugin. -->","yoast_head_json":{"title":"Montura Sptize Hooded maillot femme - Veste d'\u00e9t\u00e9 - MioMioRun","description":"Le Sptize Hooded pour femmes est un maillot respirant et protecteur, id\u00e9al pour les activit\u00e9s de plein air, avec une protection UV, des fermetures \u00e9clair pratiques et un design confortable et \u00e9l\u00e9gant.","robots":{"index":"index","follow":"follow","max-snippet":"max-snippet:-1","max-image-preview":"max-image-preview:large","max-video-preview":"max-video-preview:-1"},"canonical":"https:\/\/www.miomiorun.com\/fr\/produit\/sptize-hooded-maillot-femme\/","og_locale":"fr_FR","og_type":"article","og_title":"Montura Sptize Hooded maillot femme - Veste d'\u00e9t\u00e9 - MioMioRun","og_description":"Le Sptize Hooded pour femmes est un maillot respirant et protecteur, id\u00e9al pour les activit\u00e9s de plein air, avec une protection UV, des fermetures \u00e9clair pratiques et un design confortable et \u00e9l\u00e9gant.","og_url":"https:\/\/www.miomiorun.com\/fr\/produit\/sptize-hooded-maillot-femme\/","og_site_name":"MioMioRun","article_publisher":"https:\/\/www.facebook.com\/miomiorun\/","article_modified_time":"2025-05-13T08:51:35+00:00","og_image":[{"width":600,"height":600,"url":"https:\/\/www.miomiorun.com\/app\/uploads\/2025\/03\/montura-Spitze-hooded-maglia-W-baton-rouge-vinac-MMAP57W.59514.webp","type":"image\/webp"}],"twitter_card":"summary_large_image","twitter_misc":{"Est. reading time":"2 minutes"},"schema":{"@context":"https:\/\/schema.org","@graph":[{"@type":"WebPage","@id":"https:\/\/www.miomiorun.com\/fr\/produit\/sptize-hooded-maillot-femme\/","url":"https:\/\/www.miomiorun.com\/fr\/produit\/sptize-hooded-maillot-femme\/","name":"Montura Sptize Hooded maillot femme - Veste d'\u00e9t\u00e9 - MioMioRun","isPartOf":{"@id":"https:\/\/www.miomiorun.com\/fr\/#website"},"primaryImageOfPage":{"@id":"https:\/\/www.miomiorun.com\/fr\/produit\/sptize-hooded-maillot-femme\/#primaryimage"},"image":{"@id":"https:\/\/www.miomiorun.com\/fr\/produit\/sptize-hooded-maillot-femme\/#primaryimage"},"thumbnailUrl":"https:\/\/www.miomiorun.com\/app\/uploads\/2025\/03\/montura-Spitze-hooded-maglia-W-baton-rouge-vinac-MMAP57W.59514.webp","datePublished":"2025-03-18T16:49:07+00:00","dateModified":"2025-05-13T08:51:35+00:00","description":"Le Sptize Hooded pour femmes est un maillot respirant et protecteur, id\u00e9al pour les activit\u00e9s de plein air, avec une protection UV, des fermetures \u00e9clair pratiques et un design confortable et \u00e9l\u00e9gant.","breadcrumb":{"@id":"https:\/\/www.miomiorun.com\/fr\/produit\/sptize-hooded-maillot-femme\/#breadcrumb"},"inLanguage":"fr-FR","potentialAction":[{"@type":"ReadAction","target":["https:\/\/www.miomiorun.com\/fr\/produit\/sptize-hooded-maillot-femme\/"]}]},{"@type":"ImageObject","inLanguage":"fr-FR","@id":"https:\/\/www.miomiorun.com\/fr\/produit\/sptize-hooded-maillot-femme\/#primaryimage","url":"https:\/\/www.miomiorun.com\/app\/uploads\/2025\/03\/montura-Spitze-hooded-maglia-W-baton-rouge-vinac-MMAP57W.59514.webp","contentUrl":"https:\/\/www.miomiorun.com\/app\/uploads\/2025\/03\/montura-Spitze-hooded-maglia-W-baton-rouge-vinac-MMAP57W.59514.webp","width":600,"height":600,"caption":"montura Spitze hooded maglia W baton rouge vinac MMAP57W.59514"},{"@type":"BreadcrumbList","@id":"https:\/\/www.miomiorun.com\/fr\/produit\/sptize-hooded-maillot-femme\/#breadcrumb","itemListElement":[{"@type":"ListItem","position":1,"name":"Home","item":"https:\/\/www.miomiorun.com\/fr\/home-page\/"},{"@type":"ListItem","position":2,"name":"Shop","item":"https:\/\/www.miomiorun.com\/shop\/"},{"@type":"ListItem","position":3,"name":"Sptize Hooded maillot femme"}]},{"@type":"WebSite","@id":"https:\/\/www.miomiorun.com\/fr\/#website","url":"https:\/\/www.miomiorun.com\/fr\/","name":"MioMioRun","description":"Boutique 100% running et trail","publisher":{"@id":"https:\/\/www.miomiorun.com\/fr\/#organization"},"potentialAction":[{"@type":"SearchAction","target":{"@type":"EntryPoint","urlTemplate":"https:\/\/www.miomiorun.com\/fr\/?s={search_term_string}"},"query-input":{"@type":"PropertyValueSpecification","valueRequired":true,"valueName":"search_term_string"}}],"inLanguage":"fr-FR"},{"@type":"Organization","@id":"https:\/\/www.miomiorun.com\/fr\/#organization","name":"MioMio Run","url":"https:\/\/www.miomiorun.com\/fr\/","logo":{"@type":"ImageObject","inLanguage":"fr-FR","@id":"https:\/\/www.miomiorun.com\/fr\/#\/schema\/logo\/image\/","url":"https:\/\/www.miomiorun.com\/app\/uploads\/2019\/12\/logomio.png","contentUrl":"https:\/\/www.miomiorun.com\/app\/uploads\/2019\/12\/logomio.png","width":115,"height":82,"caption":"MioMio Run"},"image":{"@id":"https:\/\/www.miomiorun.com\/fr\/#\/schema\/logo\/image\/"},"sameAs":["https:\/\/www.facebook.com\/miomiorun\/","https:\/\/www.instagram.com\/miomiorun\/"]}]}},"_links":{"self":[{"href":"https:\/\/www.miomiorun.com\/fr\/wp-json\/wp\/v2\/product\/300585","targetHints":{"allow":["GET"]}}],"collection":[{"href":"https:\/\/www.miomiorun.com\/fr\/wp-json\/wp\/v2\/product"}],"about":[{"href":"https:\/\/www.miomiorun.com\/fr\/wp-json\/wp\/v2\/types\/product"}],"wp:featuredmedia":[{"embeddable":true,"href":"https:\/\/www.miomiorun.com\/fr\/wp-json\/wp\/v2\/media\/267370"}],"wp:attachment":[{"href":"https:\/\/www.miomiorun.com\/fr\/wp-json\/wp\/v2\/media?parent=300585"}],"wp:term":[{"taxonomy":"product_brand","embeddable":true,"href":"https:\/\/www.miomiorun.com\/fr\/wp-json\/wp\/v2\/product_brand?post=300585"},{"taxonomy":"product_cat","embeddable":true,"href":"https:\/\/www.miomiorun.com\/fr\/wp-json\/wp\/v2\/product_cat?post=300585"},{"taxonomy":"product_tag","embeddable":true,"href":"https:\/\/www.miomiorun.com\/fr\/wp-json\/wp\/v2\/product_tag?post=300585"}],"curies":[{"name":"wp","href":"https:\/\/api.w.org\/{rel}","templated":true}]}}