{"id":300540,"date":"2025-03-18T18:54:30","date_gmt":"2025-03-18T17:54:30","guid":{"rendered":"https:\/\/miomiorun.com\/prodotto\/adv-essence-singlet-2-donna-2\/"},"modified":"2025-05-13T10:53:54","modified_gmt":"2025-05-13T08:53:54","slug":"adv-essence-singlet-2-femme","status":"publish","type":"product","link":"https:\/\/www.miomiorun.com\/fr\/produit\/adv-essence-singlet-2-femme\/","title":{"rendered":"ADV Essence singlet 2 femme"},"content":{"rendered":"<p>Le ADV Essence Singlet 2 est un singlet d&#8217;entra\u00eenement souple et fonctionnel con\u00e7u pour la plupart des entra\u00eenements de haute intensit\u00e9.<\/p>\n<p>Ce d\u00e9bardeur polyvalent est fabriqu\u00e9 \u00e0 partir de polyester recycl\u00e9 et d&#8217;\u00e9lasthanne et comporte des panneaux en maille et des d\u00e9tails perfor\u00e9s pour une meilleure ventilation. De plus, ce d\u00e9bardeur d&#8217;entra\u00eenement avanc\u00e9 est dot\u00e9 d&#8217;un dos raide et d&#8217;une coupe \u00e9chancr\u00e9e pour un confort optimal et une grande libert\u00e9 de mouvement.<\/p>\n<p><strong>Caract\u00e9ristiques :<\/strong><\/p>\n<div class=\"Accordion__AccordionContent-sc-9wckgl-3 ihrqnG\">\n<div>\n<ul>\n<li class=\"Text-sc-s31epd-0 iovWTc d-inline f3-700 mr-1\">Polyester et \u00e9lasthanne recycl\u00e9s<\/li>\n<li class=\"Text-sc-s31epd-0 iovWTc d-inline f3-700 mr-1\">Panneaux en maille et d\u00e9tails perfor\u00e9s<\/li>\n<li class=\"Text-sc-s31epd-0 iovWTc d-inline f3-700 mr-1\">Dos nageur avec coupe \u00e9chancr\u00e9e<\/li>\n<li class=\"Text-sc-s31epd-0 iovWTc d-inline f3-700 mr-1\">Ourlet arrondi<\/li>\n<li class=\"Text-sc-s31epd-0 iovWTc d-inline f3-700 mr-1\">Coupe r\u00e9guli\u00e8re<\/li>\n<\/ul>\n<\/div>\n<p>Mati\u00e8res :<\/p>\n<p>Ext\u00e9rieur : 91% polyester recycl\u00e9 9% \u00e9lasthanne<\/p>\n<p>Int\u00e9rieur : 84% polyester recycl\u00e9 6% polyester 10% \u00e9lasthanne<\/p>\n<\/div>\n<p>&nbsp;<\/p>\n","protected":false},"excerpt":{"rendered":"<ul>\n<li>Mat\u00e9riaux \u00e9cologiques : Fabriqu\u00e9 \u00e0 partir de polyester et d&#8217;\u00e9lasthanne recycl\u00e9s pour un impact environnemental moindre.<\/li>\n<li>Respirabilit\u00e9 maximale : les panneaux en mesh et les d\u00e9tails perfor\u00e9s assurent une ventilation optimale.<\/li>\n<li>Libert\u00e9 de mouvement : conception dos nageur avec coupe tombante pour plus de confort et d&#8217;agilit\u00e9 lors des entra\u00eenements intenses.<\/li>\n<\/ul>\n","protected":false},"featured_media":266719,"template":"","meta":{"_acf_changed":false,"inline_featured_image":false},"product_brand":[],"product_cat":[22598,22596],"product_tag":[23554,23648],"class_list":{"0":"post-300540","1":"product","2":"type-product","3":"status-publish","4":"has-post-thumbnail","6":"product_cat-gilets","7":"product_cat-vetements-pour-femmes","8":"product_tag-craft-fr","9":"product_tag-craft-femme","10":"pa_attivita-fitness-fr","11":"pa_attivita-marcher","12":"pa_attivita-running-fr","13":"pa_colore-adv-essence-singlet-2-w-cheer-fr","14":"pa_colore-adv-essence-singlet-2-w-glacial-fr","15":"pa_colore-adv-essence-singlet-2-w-white-fr","16":"pa_marca-craft-fr","17":"pa_sesso-femme","18":"pa_size-extra-small-fr","19":"pa_size-small-fr","21":"first","22":"instock","23":"sale","24":"taxable","25":"shipping-taxable","26":"purchasable","27":"product-type-variable","28":"wvs-archive-product-wrapper"},"acf":[],"yoast_head":"<!-- This site is optimized with the Yoast SEO plugin v26.8 - https:\/\/yoast.com\/product\/yoast-seo-wordpress\/ -->\n<title>Craft ADV Essence singlet 2 femme - d\u00e9bardeurs de course - MioMioRun.com<\/title>\n<meta name=\"description\" content=\"ADV Essence Singlet 2 : singlet d&#039;entra\u00eenement en polyester recycl\u00e9 avec mailles respirantes et design racerback pour une libert\u00e9 de mouvement maximale.\" \/>\n<meta name=\"robots\" content=\"index, follow, max-snippet:-1, max-image-preview:large, max-video-preview:-1\" \/>\n<link rel=\"canonical\" href=\"https:\/\/www.miomiorun.com\/fr\/produit\/adv-essence-singlet-2-femme\/\" \/>\n<meta property=\"og:locale\" content=\"fr_FR\" \/>\n<meta property=\"og:type\" content=\"article\" \/>\n<meta property=\"og:title\" content=\"Craft ADV Essence singlet 2 femme - d\u00e9bardeurs de course - MioMioRun.com\" \/>\n<meta property=\"og:description\" content=\"ADV Essence Singlet 2 : singlet d&#039;entra\u00eenement en polyester recycl\u00e9 avec mailles respirantes et design racerback pour une libert\u00e9 de mouvement maximale.\" \/>\n<meta property=\"og:url\" content=\"https:\/\/www.miomiorun.com\/fr\/produit\/adv-essence-singlet-2-femme\/\" \/>\n<meta property=\"og:site_name\" content=\"MioMioRun\" \/>\n<meta property=\"article:publisher\" content=\"https:\/\/www.facebook.com\/miomiorun\/\" \/>\n<meta property=\"article:modified_time\" content=\"2025-05-13T08:53:54+00:00\" \/>\n<meta property=\"og:image\" content=\"https:\/\/www.miomiorun.com\/app\/uploads\/2025\/03\/craft-ADV-essence-singlet-2-W-glacial-1914796-630000.webp\" \/>\n\t<meta property=\"og:image:width\" content=\"600\" \/>\n\t<meta property=\"og:image:height\" content=\"600\" \/>\n\t<meta property=\"og:image:type\" content=\"image\/webp\" \/>\n<meta name=\"twitter:card\" content=\"summary_large_image\" \/>\n<meta name=\"twitter:label1\" content=\"Est. reading time\" \/>\n\t<meta name=\"twitter:data1\" content=\"1 minute\" \/>\n<script type=\"application\/ld+json\" class=\"yoast-schema-graph\">{\"@context\":\"https:\/\/schema.org\",\"@graph\":[{\"@type\":\"WebPage\",\"@id\":\"https:\/\/www.miomiorun.com\/fr\/produit\/adv-essence-singlet-2-femme\/\",\"url\":\"https:\/\/www.miomiorun.com\/fr\/produit\/adv-essence-singlet-2-femme\/\",\"name\":\"Craft ADV Essence singlet 2 femme - d\u00e9bardeurs de course - MioMioRun.com\",\"isPartOf\":{\"@id\":\"https:\/\/www.miomiorun.com\/fr\/#website\"},\"primaryImageOfPage\":{\"@id\":\"https:\/\/www.miomiorun.com\/fr\/produit\/adv-essence-singlet-2-femme\/#primaryimage\"},\"image\":{\"@id\":\"https:\/\/www.miomiorun.com\/fr\/produit\/adv-essence-singlet-2-femme\/#primaryimage\"},\"thumbnailUrl\":\"https:\/\/www.miomiorun.com\/app\/uploads\/2025\/03\/craft-ADV-essence-singlet-2-W-glacial-1914796-630000.webp\",\"datePublished\":\"2025-03-18T17:54:30+00:00\",\"dateModified\":\"2025-05-13T08:53:54+00:00\",\"description\":\"ADV Essence Singlet 2 : singlet d'entra\u00eenement en polyester recycl\u00e9 avec mailles respirantes et design racerback pour une libert\u00e9 de mouvement maximale.\",\"breadcrumb\":{\"@id\":\"https:\/\/www.miomiorun.com\/fr\/produit\/adv-essence-singlet-2-femme\/#breadcrumb\"},\"inLanguage\":\"fr-FR\",\"potentialAction\":[{\"@type\":\"ReadAction\",\"target\":[\"https:\/\/www.miomiorun.com\/fr\/produit\/adv-essence-singlet-2-femme\/\"]}]},{\"@type\":\"ImageObject\",\"inLanguage\":\"fr-FR\",\"@id\":\"https:\/\/www.miomiorun.com\/fr\/produit\/adv-essence-singlet-2-femme\/#primaryimage\",\"url\":\"https:\/\/www.miomiorun.com\/app\/uploads\/2025\/03\/craft-ADV-essence-singlet-2-W-glacial-1914796-630000.webp\",\"contentUrl\":\"https:\/\/www.miomiorun.com\/app\/uploads\/2025\/03\/craft-ADV-essence-singlet-2-W-glacial-1914796-630000.webp\",\"width\":600,\"height\":600,\"caption\":\"craft ADV essence singlet 2 W glacial 1914796-630000\"},{\"@type\":\"BreadcrumbList\",\"@id\":\"https:\/\/www.miomiorun.com\/fr\/produit\/adv-essence-singlet-2-femme\/#breadcrumb\",\"itemListElement\":[{\"@type\":\"ListItem\",\"position\":1,\"name\":\"Home\",\"item\":\"https:\/\/www.miomiorun.com\/fr\/home-page\/\"},{\"@type\":\"ListItem\",\"position\":2,\"name\":\"Shop\",\"item\":\"https:\/\/www.miomiorun.com\/shop\/\"},{\"@type\":\"ListItem\",\"position\":3,\"name\":\"ADV Essence singlet 2 femme\"}]},{\"@type\":\"WebSite\",\"@id\":\"https:\/\/www.miomiorun.com\/fr\/#website\",\"url\":\"https:\/\/www.miomiorun.com\/fr\/\",\"name\":\"MioMioRun\",\"description\":\"Boutique 100% running et trail\",\"publisher\":{\"@id\":\"https:\/\/www.miomiorun.com\/fr\/#organization\"},\"potentialAction\":[{\"@type\":\"SearchAction\",\"target\":{\"@type\":\"EntryPoint\",\"urlTemplate\":\"https:\/\/www.miomiorun.com\/fr\/?s={search_term_string}\"},\"query-input\":{\"@type\":\"PropertyValueSpecification\",\"valueRequired\":true,\"valueName\":\"search_term_string\"}}],\"inLanguage\":\"fr-FR\"},{\"@type\":\"Organization\",\"@id\":\"https:\/\/www.miomiorun.com\/fr\/#organization\",\"name\":\"MioMio Run\",\"url\":\"https:\/\/www.miomiorun.com\/fr\/\",\"logo\":{\"@type\":\"ImageObject\",\"inLanguage\":\"fr-FR\",\"@id\":\"https:\/\/www.miomiorun.com\/fr\/#\/schema\/logo\/image\/\",\"url\":\"https:\/\/www.miomiorun.com\/app\/uploads\/2019\/12\/logomio.png\",\"contentUrl\":\"https:\/\/www.miomiorun.com\/app\/uploads\/2019\/12\/logomio.png\",\"width\":115,\"height\":82,\"caption\":\"MioMio Run\"},\"image\":{\"@id\":\"https:\/\/www.miomiorun.com\/fr\/#\/schema\/logo\/image\/\"},\"sameAs\":[\"https:\/\/www.facebook.com\/miomiorun\/\",\"https:\/\/www.instagram.com\/miomiorun\/\"]}]}<\/script>\n<!-- \/ Yoast SEO plugin. -->","yoast_head_json":{"title":"Craft ADV Essence singlet 2 femme - d\u00e9bardeurs de course - MioMioRun.com","description":"ADV Essence Singlet 2 : singlet d'entra\u00eenement en polyester recycl\u00e9 avec mailles respirantes et design racerback pour une libert\u00e9 de mouvement maximale.","robots":{"index":"index","follow":"follow","max-snippet":"max-snippet:-1","max-image-preview":"max-image-preview:large","max-video-preview":"max-video-preview:-1"},"canonical":"https:\/\/www.miomiorun.com\/fr\/produit\/adv-essence-singlet-2-femme\/","og_locale":"fr_FR","og_type":"article","og_title":"Craft ADV Essence singlet 2 femme - d\u00e9bardeurs de course - MioMioRun.com","og_description":"ADV Essence Singlet 2 : singlet d'entra\u00eenement en polyester recycl\u00e9 avec mailles respirantes et design racerback pour une libert\u00e9 de mouvement maximale.","og_url":"https:\/\/www.miomiorun.com\/fr\/produit\/adv-essence-singlet-2-femme\/","og_site_name":"MioMioRun","article_publisher":"https:\/\/www.facebook.com\/miomiorun\/","article_modified_time":"2025-05-13T08:53:54+00:00","og_image":[{"width":600,"height":600,"url":"https:\/\/www.miomiorun.com\/app\/uploads\/2025\/03\/craft-ADV-essence-singlet-2-W-glacial-1914796-630000.webp","type":"image\/webp"}],"twitter_card":"summary_large_image","twitter_misc":{"Est. reading time":"1 minute"},"schema":{"@context":"https:\/\/schema.org","@graph":[{"@type":"WebPage","@id":"https:\/\/www.miomiorun.com\/fr\/produit\/adv-essence-singlet-2-femme\/","url":"https:\/\/www.miomiorun.com\/fr\/produit\/adv-essence-singlet-2-femme\/","name":"Craft ADV Essence singlet 2 femme - d\u00e9bardeurs de course - MioMioRun.com","isPartOf":{"@id":"https:\/\/www.miomiorun.com\/fr\/#website"},"primaryImageOfPage":{"@id":"https:\/\/www.miomiorun.com\/fr\/produit\/adv-essence-singlet-2-femme\/#primaryimage"},"image":{"@id":"https:\/\/www.miomiorun.com\/fr\/produit\/adv-essence-singlet-2-femme\/#primaryimage"},"thumbnailUrl":"https:\/\/www.miomiorun.com\/app\/uploads\/2025\/03\/craft-ADV-essence-singlet-2-W-glacial-1914796-630000.webp","datePublished":"2025-03-18T17:54:30+00:00","dateModified":"2025-05-13T08:53:54+00:00","description":"ADV Essence Singlet 2 : singlet d'entra\u00eenement en polyester recycl\u00e9 avec mailles respirantes et design racerback pour une libert\u00e9 de mouvement maximale.","breadcrumb":{"@id":"https:\/\/www.miomiorun.com\/fr\/produit\/adv-essence-singlet-2-femme\/#breadcrumb"},"inLanguage":"fr-FR","potentialAction":[{"@type":"ReadAction","target":["https:\/\/www.miomiorun.com\/fr\/produit\/adv-essence-singlet-2-femme\/"]}]},{"@type":"ImageObject","inLanguage":"fr-FR","@id":"https:\/\/www.miomiorun.com\/fr\/produit\/adv-essence-singlet-2-femme\/#primaryimage","url":"https:\/\/www.miomiorun.com\/app\/uploads\/2025\/03\/craft-ADV-essence-singlet-2-W-glacial-1914796-630000.webp","contentUrl":"https:\/\/www.miomiorun.com\/app\/uploads\/2025\/03\/craft-ADV-essence-singlet-2-W-glacial-1914796-630000.webp","width":600,"height":600,"caption":"craft ADV essence singlet 2 W glacial 1914796-630000"},{"@type":"BreadcrumbList","@id":"https:\/\/www.miomiorun.com\/fr\/produit\/adv-essence-singlet-2-femme\/#breadcrumb","itemListElement":[{"@type":"ListItem","position":1,"name":"Home","item":"https:\/\/www.miomiorun.com\/fr\/home-page\/"},{"@type":"ListItem","position":2,"name":"Shop","item":"https:\/\/www.miomiorun.com\/shop\/"},{"@type":"ListItem","position":3,"name":"ADV Essence singlet 2 femme"}]},{"@type":"WebSite","@id":"https:\/\/www.miomiorun.com\/fr\/#website","url":"https:\/\/www.miomiorun.com\/fr\/","name":"MioMioRun","description":"Boutique 100% running et trail","publisher":{"@id":"https:\/\/www.miomiorun.com\/fr\/#organization"},"potentialAction":[{"@type":"SearchAction","target":{"@type":"EntryPoint","urlTemplate":"https:\/\/www.miomiorun.com\/fr\/?s={search_term_string}"},"query-input":{"@type":"PropertyValueSpecification","valueRequired":true,"valueName":"search_term_string"}}],"inLanguage":"fr-FR"},{"@type":"Organization","@id":"https:\/\/www.miomiorun.com\/fr\/#organization","name":"MioMio Run","url":"https:\/\/www.miomiorun.com\/fr\/","logo":{"@type":"ImageObject","inLanguage":"fr-FR","@id":"https:\/\/www.miomiorun.com\/fr\/#\/schema\/logo\/image\/","url":"https:\/\/www.miomiorun.com\/app\/uploads\/2019\/12\/logomio.png","contentUrl":"https:\/\/www.miomiorun.com\/app\/uploads\/2019\/12\/logomio.png","width":115,"height":82,"caption":"MioMio Run"},"image":{"@id":"https:\/\/www.miomiorun.com\/fr\/#\/schema\/logo\/image\/"},"sameAs":["https:\/\/www.facebook.com\/miomiorun\/","https:\/\/www.instagram.com\/miomiorun\/"]}]}},"_links":{"self":[{"href":"https:\/\/www.miomiorun.com\/fr\/wp-json\/wp\/v2\/product\/300540","targetHints":{"allow":["GET"]}}],"collection":[{"href":"https:\/\/www.miomiorun.com\/fr\/wp-json\/wp\/v2\/product"}],"about":[{"href":"https:\/\/www.miomiorun.com\/fr\/wp-json\/wp\/v2\/types\/product"}],"wp:featuredmedia":[{"embeddable":true,"href":"https:\/\/www.miomiorun.com\/fr\/wp-json\/wp\/v2\/media\/266719"}],"wp:attachment":[{"href":"https:\/\/www.miomiorun.com\/fr\/wp-json\/wp\/v2\/media?parent=300540"}],"wp:term":[{"taxonomy":"product_brand","embeddable":true,"href":"https:\/\/www.miomiorun.com\/fr\/wp-json\/wp\/v2\/product_brand?post=300540"},{"taxonomy":"product_cat","embeddable":true,"href":"https:\/\/www.miomiorun.com\/fr\/wp-json\/wp\/v2\/product_cat?post=300540"},{"taxonomy":"product_tag","embeddable":true,"href":"https:\/\/www.miomiorun.com\/fr\/wp-json\/wp\/v2\/product_tag?post=300540"}],"curies":[{"name":"wp","href":"https:\/\/api.w.org\/{rel}","templated":true}]}}