{"id":300423,"date":"2025-03-20T09:37:58","date_gmt":"2025-03-20T08:37:58","guid":{"rendered":"https:\/\/miomiorun.com\/?post_type=product&#038;p=300423"},"modified":"2026-05-08T22:35:40","modified_gmt":"2026-05-08T20:35:40","slug":"adv-essence-ss-tee-2-homme","status":"publish","type":"product","link":"https:\/\/www.miomiorun.com\/fr\/produit\/adv-essence-ss-tee-2-homme\/","title":{"rendered":"ADV Essence SS Tee 2 homme"},"content":{"rendered":"<p>Ce t-shirt d&#8217;entra\u00eenement \u00e0 manches courtes est con\u00e7u pour faire face aux entra\u00eenements quotidiens intenses. Il combine un tricot doux en polyester recycl\u00e9, des d\u00e9tails en maille et un design ergonomique pour assurer un transport efficace de l&#8217;humidit\u00e9 et un ajustement optimal pour chaque entra\u00eenement.<\/p>\n<p><strong>COMPOSITION<\/strong>:<\/p>\n<p>&#8211; Tricot polyester souple avec d\u00e9tails en maille pour un meilleur transport de l&#8217;humidit\u00e9<\/p>\n<p>&#8211; Poche zipp\u00e9e cach\u00e9e sur le c\u00f4t\u00e9 droit<\/p>\n<p>&#8211; Coupe r\u00e9guli\u00e8re<\/p>\n<p>&#8211; Logo Craft sur le devant et logo \u00e0 six points au dos<\/p>\n<p>&#8211; Fabriqu\u00e9 en polyester recycl\u00e9<\/p>\n","protected":false},"excerpt":{"rendered":"<p>Ce t-shirt d&#8217;entra\u00eenement \u00e0 manches courtes est con\u00e7u pour faire face aux entra\u00eenements quotidiens intenses. Il combine un tricot doux en polyester recycl\u00e9, des d\u00e9tails en maille et un design ergonomique pour assurer un transport efficace de l&#8217;humidit\u00e9 et un ajustement optimal pour chaque entra\u00eenement. COMPOSITION: &#8211; Tricot polyester souple avec d\u00e9tails en maille pour &hellip; <a href=\"https:\/\/www.miomiorun.com\/fr\/produit\/adv-essence-ss-tee-2-homme\/\">Continued<\/a><\/p>\n","protected":false},"featured_media":301537,"template":"","meta":{"_acf_changed":false,"inline_featured_image":false},"product_brand":[],"product_cat":[24449,24482,24484],"product_tag":[23554,23647],"class_list":{"0":"post-300423","1":"product","2":"type-product","3":"status-publish","4":"has-post-thumbnail","6":"product_cat-t-shirt-fr-3","7":"product_cat-vetements-pour-hommes-fr","8":"product_cat-homme","9":"product_tag-craft-fr","10":"product_tag-craft-homme","11":"pa_attivita-marcher","12":"pa_attivita-running-fr","13":"pa_colore-adv-essence-ss-tee-2-m-blaze-fr","14":"pa_colore-adv-essence-ss-tee-2-m-cloud-fr","15":"pa_colore-adv-essence-ss-tee-2-m-white-fr","16":"pa_marca-craft-fr","17":"pa_sesso-homme","18":"pa_size-extra-small-fr","20":"first","21":"instock","22":"sale","23":"taxable","24":"shipping-taxable","25":"purchasable","26":"product-type-variable","27":"wvs-archive-product-wrapper"},"acf":[],"yoast_head":"<!-- This site is optimized with the Yoast SEO plugin v26.8 - https:\/\/yoast.com\/product\/yoast-seo-wordpress\/ -->\n<title>Craft ADV Essence SS Tee 2 homme - t-shirt de course - MioMioRun.com<\/title>\n<meta name=\"description\" content=\"L&#039;ADV Essence SS Tea 2 est con\u00e7u pour t&#039;accompagner dans toutes tes s\u00e9ances d&#039;entra\u00eenement, gr\u00e2ce \u00e0 sa grande respirabilit\u00e9 et \u00e0 son ajustement optimal.\" \/>\n<meta name=\"robots\" content=\"index, follow, max-snippet:-1, max-image-preview:large, max-video-preview:-1\" \/>\n<link rel=\"canonical\" href=\"https:\/\/www.miomiorun.com\/fr\/produit\/adv-essence-ss-tee-2-homme\/\" \/>\n<meta property=\"og:locale\" content=\"fr_FR\" \/>\n<meta property=\"og:type\" content=\"article\" \/>\n<meta property=\"og:title\" content=\"Craft ADV Essence SS Tee 2 homme - t-shirt de course - MioMioRun.com\" \/>\n<meta property=\"og:description\" content=\"L&#039;ADV Essence SS Tea 2 est con\u00e7u pour t&#039;accompagner dans toutes tes s\u00e9ances d&#039;entra\u00eenement, gr\u00e2ce \u00e0 sa grande respirabilit\u00e9 et \u00e0 son ajustement optimal.\" \/>\n<meta property=\"og:url\" content=\"https:\/\/www.miomiorun.com\/fr\/produit\/adv-essence-ss-tee-2-homme\/\" \/>\n<meta property=\"og:site_name\" content=\"MioMioRun\" \/>\n<meta property=\"article:publisher\" content=\"https:\/\/www.facebook.com\/miomiorun\/\" \/>\n<meta property=\"article:modified_time\" content=\"2026-05-08T20:35:40+00:00\" \/>\n<meta property=\"og:image\" content=\"https:\/\/www.miomiorun.com\/app\/uploads\/2025\/04\/craft-ADV-essence-SS-tee-2-M-solo-1914792-573000.webp\" \/>\n\t<meta property=\"og:image:width\" content=\"600\" \/>\n\t<meta property=\"og:image:height\" content=\"600\" \/>\n\t<meta property=\"og:image:type\" content=\"image\/webp\" \/>\n<meta name=\"twitter:card\" content=\"summary_large_image\" \/>\n<script type=\"application\/ld+json\" class=\"yoast-schema-graph\">{\"@context\":\"https:\/\/schema.org\",\"@graph\":[{\"@type\":\"WebPage\",\"@id\":\"https:\/\/www.miomiorun.com\/fr\/produit\/adv-essence-ss-tee-2-homme\/\",\"url\":\"https:\/\/www.miomiorun.com\/fr\/produit\/adv-essence-ss-tee-2-homme\/\",\"name\":\"Craft ADV Essence SS Tee 2 homme - t-shirt de course - MioMioRun.com\",\"isPartOf\":{\"@id\":\"https:\/\/www.miomiorun.com\/fr\/#website\"},\"primaryImageOfPage\":{\"@id\":\"https:\/\/www.miomiorun.com\/fr\/produit\/adv-essence-ss-tee-2-homme\/#primaryimage\"},\"image\":{\"@id\":\"https:\/\/www.miomiorun.com\/fr\/produit\/adv-essence-ss-tee-2-homme\/#primaryimage\"},\"thumbnailUrl\":\"https:\/\/www.miomiorun.com\/app\/uploads\/2025\/04\/craft-ADV-essence-SS-tee-2-M-solo-1914792-573000.webp\",\"datePublished\":\"2025-03-20T08:37:58+00:00\",\"dateModified\":\"2026-05-08T20:35:40+00:00\",\"description\":\"L'ADV Essence SS Tea 2 est con\u00e7u pour t'accompagner dans toutes tes s\u00e9ances d'entra\u00eenement, gr\u00e2ce \u00e0 sa grande respirabilit\u00e9 et \u00e0 son ajustement optimal.\",\"breadcrumb\":{\"@id\":\"https:\/\/www.miomiorun.com\/fr\/produit\/adv-essence-ss-tee-2-homme\/#breadcrumb\"},\"inLanguage\":\"fr-FR\",\"potentialAction\":[{\"@type\":\"ReadAction\",\"target\":[\"https:\/\/www.miomiorun.com\/fr\/produit\/adv-essence-ss-tee-2-homme\/\"]}]},{\"@type\":\"ImageObject\",\"inLanguage\":\"fr-FR\",\"@id\":\"https:\/\/www.miomiorun.com\/fr\/produit\/adv-essence-ss-tee-2-homme\/#primaryimage\",\"url\":\"https:\/\/www.miomiorun.com\/app\/uploads\/2025\/04\/craft-ADV-essence-SS-tee-2-M-solo-1914792-573000.webp\",\"contentUrl\":\"https:\/\/www.miomiorun.com\/app\/uploads\/2025\/04\/craft-ADV-essence-SS-tee-2-M-solo-1914792-573000.webp\",\"width\":600,\"height\":600,\"caption\":\"craft ADV essence SS tee 2 M solo 1914792-573000\"},{\"@type\":\"BreadcrumbList\",\"@id\":\"https:\/\/www.miomiorun.com\/fr\/produit\/adv-essence-ss-tee-2-homme\/#breadcrumb\",\"itemListElement\":[{\"@type\":\"ListItem\",\"position\":1,\"name\":\"Home\",\"item\":\"https:\/\/www.miomiorun.com\/fr\/home-page\/\"},{\"@type\":\"ListItem\",\"position\":2,\"name\":\"Shop\",\"item\":\"https:\/\/www.miomiorun.com\/shop\/\"},{\"@type\":\"ListItem\",\"position\":3,\"name\":\"ADV Essence SS Tee 2 homme\"}]},{\"@type\":\"WebSite\",\"@id\":\"https:\/\/www.miomiorun.com\/fr\/#website\",\"url\":\"https:\/\/www.miomiorun.com\/fr\/\",\"name\":\"MioMioRun\",\"description\":\"Boutique 100% running et trail\",\"publisher\":{\"@id\":\"https:\/\/www.miomiorun.com\/fr\/#organization\"},\"potentialAction\":[{\"@type\":\"SearchAction\",\"target\":{\"@type\":\"EntryPoint\",\"urlTemplate\":\"https:\/\/www.miomiorun.com\/fr\/?s={search_term_string}\"},\"query-input\":{\"@type\":\"PropertyValueSpecification\",\"valueRequired\":true,\"valueName\":\"search_term_string\"}}],\"inLanguage\":\"fr-FR\"},{\"@type\":\"Organization\",\"@id\":\"https:\/\/www.miomiorun.com\/fr\/#organization\",\"name\":\"MioMio Run\",\"url\":\"https:\/\/www.miomiorun.com\/fr\/\",\"logo\":{\"@type\":\"ImageObject\",\"inLanguage\":\"fr-FR\",\"@id\":\"https:\/\/www.miomiorun.com\/fr\/#\/schema\/logo\/image\/\",\"url\":\"https:\/\/www.miomiorun.com\/app\/uploads\/2019\/12\/logomio.png\",\"contentUrl\":\"https:\/\/www.miomiorun.com\/app\/uploads\/2019\/12\/logomio.png\",\"width\":115,\"height\":82,\"caption\":\"MioMio Run\"},\"image\":{\"@id\":\"https:\/\/www.miomiorun.com\/fr\/#\/schema\/logo\/image\/\"},\"sameAs\":[\"https:\/\/www.facebook.com\/miomiorun\/\",\"https:\/\/www.instagram.com\/miomiorun\/\"]}]}<\/script>\n<!-- \/ Yoast SEO plugin. -->","yoast_head_json":{"title":"Craft ADV Essence SS Tee 2 homme - t-shirt de course - MioMioRun.com","description":"L'ADV Essence SS Tea 2 est con\u00e7u pour t'accompagner dans toutes tes s\u00e9ances d'entra\u00eenement, gr\u00e2ce \u00e0 sa grande respirabilit\u00e9 et \u00e0 son ajustement optimal.","robots":{"index":"index","follow":"follow","max-snippet":"max-snippet:-1","max-image-preview":"max-image-preview:large","max-video-preview":"max-video-preview:-1"},"canonical":"https:\/\/www.miomiorun.com\/fr\/produit\/adv-essence-ss-tee-2-homme\/","og_locale":"fr_FR","og_type":"article","og_title":"Craft ADV Essence SS Tee 2 homme - t-shirt de course - MioMioRun.com","og_description":"L'ADV Essence SS Tea 2 est con\u00e7u pour t'accompagner dans toutes tes s\u00e9ances d'entra\u00eenement, gr\u00e2ce \u00e0 sa grande respirabilit\u00e9 et \u00e0 son ajustement optimal.","og_url":"https:\/\/www.miomiorun.com\/fr\/produit\/adv-essence-ss-tee-2-homme\/","og_site_name":"MioMioRun","article_publisher":"https:\/\/www.facebook.com\/miomiorun\/","article_modified_time":"2026-05-08T20:35:40+00:00","og_image":[{"width":600,"height":600,"url":"https:\/\/www.miomiorun.com\/app\/uploads\/2025\/04\/craft-ADV-essence-SS-tee-2-M-solo-1914792-573000.webp","type":"image\/webp"}],"twitter_card":"summary_large_image","schema":{"@context":"https:\/\/schema.org","@graph":[{"@type":"WebPage","@id":"https:\/\/www.miomiorun.com\/fr\/produit\/adv-essence-ss-tee-2-homme\/","url":"https:\/\/www.miomiorun.com\/fr\/produit\/adv-essence-ss-tee-2-homme\/","name":"Craft ADV Essence SS Tee 2 homme - t-shirt de course - MioMioRun.com","isPartOf":{"@id":"https:\/\/www.miomiorun.com\/fr\/#website"},"primaryImageOfPage":{"@id":"https:\/\/www.miomiorun.com\/fr\/produit\/adv-essence-ss-tee-2-homme\/#primaryimage"},"image":{"@id":"https:\/\/www.miomiorun.com\/fr\/produit\/adv-essence-ss-tee-2-homme\/#primaryimage"},"thumbnailUrl":"https:\/\/www.miomiorun.com\/app\/uploads\/2025\/04\/craft-ADV-essence-SS-tee-2-M-solo-1914792-573000.webp","datePublished":"2025-03-20T08:37:58+00:00","dateModified":"2026-05-08T20:35:40+00:00","description":"L'ADV Essence SS Tea 2 est con\u00e7u pour t'accompagner dans toutes tes s\u00e9ances d'entra\u00eenement, gr\u00e2ce \u00e0 sa grande respirabilit\u00e9 et \u00e0 son ajustement optimal.","breadcrumb":{"@id":"https:\/\/www.miomiorun.com\/fr\/produit\/adv-essence-ss-tee-2-homme\/#breadcrumb"},"inLanguage":"fr-FR","potentialAction":[{"@type":"ReadAction","target":["https:\/\/www.miomiorun.com\/fr\/produit\/adv-essence-ss-tee-2-homme\/"]}]},{"@type":"ImageObject","inLanguage":"fr-FR","@id":"https:\/\/www.miomiorun.com\/fr\/produit\/adv-essence-ss-tee-2-homme\/#primaryimage","url":"https:\/\/www.miomiorun.com\/app\/uploads\/2025\/04\/craft-ADV-essence-SS-tee-2-M-solo-1914792-573000.webp","contentUrl":"https:\/\/www.miomiorun.com\/app\/uploads\/2025\/04\/craft-ADV-essence-SS-tee-2-M-solo-1914792-573000.webp","width":600,"height":600,"caption":"craft ADV essence SS tee 2 M solo 1914792-573000"},{"@type":"BreadcrumbList","@id":"https:\/\/www.miomiorun.com\/fr\/produit\/adv-essence-ss-tee-2-homme\/#breadcrumb","itemListElement":[{"@type":"ListItem","position":1,"name":"Home","item":"https:\/\/www.miomiorun.com\/fr\/home-page\/"},{"@type":"ListItem","position":2,"name":"Shop","item":"https:\/\/www.miomiorun.com\/shop\/"},{"@type":"ListItem","position":3,"name":"ADV Essence SS Tee 2 homme"}]},{"@type":"WebSite","@id":"https:\/\/www.miomiorun.com\/fr\/#website","url":"https:\/\/www.miomiorun.com\/fr\/","name":"MioMioRun","description":"Boutique 100% running et trail","publisher":{"@id":"https:\/\/www.miomiorun.com\/fr\/#organization"},"potentialAction":[{"@type":"SearchAction","target":{"@type":"EntryPoint","urlTemplate":"https:\/\/www.miomiorun.com\/fr\/?s={search_term_string}"},"query-input":{"@type":"PropertyValueSpecification","valueRequired":true,"valueName":"search_term_string"}}],"inLanguage":"fr-FR"},{"@type":"Organization","@id":"https:\/\/www.miomiorun.com\/fr\/#organization","name":"MioMio Run","url":"https:\/\/www.miomiorun.com\/fr\/","logo":{"@type":"ImageObject","inLanguage":"fr-FR","@id":"https:\/\/www.miomiorun.com\/fr\/#\/schema\/logo\/image\/","url":"https:\/\/www.miomiorun.com\/app\/uploads\/2019\/12\/logomio.png","contentUrl":"https:\/\/www.miomiorun.com\/app\/uploads\/2019\/12\/logomio.png","width":115,"height":82,"caption":"MioMio Run"},"image":{"@id":"https:\/\/www.miomiorun.com\/fr\/#\/schema\/logo\/image\/"},"sameAs":["https:\/\/www.facebook.com\/miomiorun\/","https:\/\/www.instagram.com\/miomiorun\/"]}]}},"_links":{"self":[{"href":"https:\/\/www.miomiorun.com\/fr\/wp-json\/wp\/v2\/product\/300423","targetHints":{"allow":["GET"]}}],"collection":[{"href":"https:\/\/www.miomiorun.com\/fr\/wp-json\/wp\/v2\/product"}],"about":[{"href":"https:\/\/www.miomiorun.com\/fr\/wp-json\/wp\/v2\/types\/product"}],"wp:featuredmedia":[{"embeddable":true,"href":"https:\/\/www.miomiorun.com\/fr\/wp-json\/wp\/v2\/media\/301537"}],"wp:attachment":[{"href":"https:\/\/www.miomiorun.com\/fr\/wp-json\/wp\/v2\/media?parent=300423"}],"wp:term":[{"taxonomy":"product_brand","embeddable":true,"href":"https:\/\/www.miomiorun.com\/fr\/wp-json\/wp\/v2\/product_brand?post=300423"},{"taxonomy":"product_cat","embeddable":true,"href":"https:\/\/www.miomiorun.com\/fr\/wp-json\/wp\/v2\/product_cat?post=300423"},{"taxonomy":"product_tag","embeddable":true,"href":"https:\/\/www.miomiorun.com\/fr\/wp-json\/wp\/v2\/product_tag?post=300423"}],"curies":[{"name":"wp","href":"https:\/\/api.w.org\/{rel}","templated":true}]}}