{"id":300374,"date":"2025-03-20T10:01:24","date_gmt":"2025-03-20T09:01:24","guid":{"rendered":"https:\/\/miomiorun.com\/?post_type=product&#038;p=300374"},"modified":"2025-06-18T16:58:26","modified_gmt":"2025-06-18T14:58:26","slug":"adv-essence-ls-tee-2-homme","status":"publish","type":"product","link":"https:\/\/www.miomiorun.com\/fr\/produit\/adv-essence-ls-tee-2-homme\/","title":{"rendered":"ADV Essence LS Tee 2 homme"},"content":{"rendered":"<p>Tu es pr\u00eat \u00e0 donner le meilleur de toi-m\u00eame lors de tes entra\u00eenements ? Le <strong>ADV Essence LS Tee 2<\/strong> est le T-shirt \u00e0 manches longues que tu attendais ! Con\u00e7u pour les sportifs les plus exigeants, ce T-shirt n&#8217;est pas un simple v\u00eatement, mais un v\u00e9ritable alli\u00e9 pour chaque s\u00e9ance d&#8217;entra\u00eenement.<\/p>\n<p><strong>Confort et fonctionnalit\u00e9<\/strong> sont les ma\u00eetres mots de ce t-shirt : le m\u00e9lange de <strong>polyester recycl\u00e9<\/strong> et d&#8217;<strong>\u00e9lasthanne<\/strong> garantit un <strong>ajustement parfait<\/strong> et une <strong>sensation de douceur<\/strong> sur la peau, tandis que les <strong>panneaux en mesh<\/strong> et les <strong>d\u00e9tails perfor\u00e9s<\/strong> offrent une <strong>ventilation optimale<\/strong> pour vous garder au frais m\u00eame lors des sessions les plus intenses. Il n&#8217;y a rien de mieux que de se concentrer sur son entra\u00eenement sans se soucier du confort !<\/p>\n<p>De plus, son <strong>design ergonomique<\/strong> et profil\u00e9 permet une <strong>totale libert\u00e9 de mouvement<\/strong>, afin de s&#8217;entra\u00eener sans contrainte, de mani\u00e8re naturelle et fluide. Gr\u00e2ce \u00e0 sa <strong>coupe r\u00e9guli\u00e8re<\/strong>, il convient \u00e0 toutes les morphologies et s&#8217;adapte parfaitement \u00e0 tous les mouvements.<\/p>\n<p>Qu&#8217;il s&#8217;agisse d&#8217;un entra\u00eenement de haute intensit\u00e9 ou d&#8217;une course l\u00e9g\u00e8re, l&#8217;<strong>ADV Essence LS Tee 2<\/strong> est le T-shirt qui r\u00e9pond \u00e0 tous les besoins. Fais passer ton entra\u00eenement au niveau sup\u00e9rieur !<\/p>\n<p>&nbsp;<\/p>\n","protected":false},"excerpt":{"rendered":"<p>Tu es pr\u00eat \u00e0 donner le meilleur de toi-m\u00eame lors de tes entra\u00eenements ? Le ADV Essence LS Tee 2 est le T-shirt \u00e0 manches longues que tu attendais ! Con\u00e7u pour les sportifs les plus exigeants, ce T-shirt n&#8217;est pas un simple v\u00eatement, mais un v\u00e9ritable alli\u00e9 pour chaque s\u00e9ance d&#8217;entra\u00eenement. Confort et fonctionnalit\u00e9 &hellip; <a href=\"https:\/\/www.miomiorun.com\/fr\/produit\/adv-essence-ls-tee-2-homme\/\">Continued<\/a><\/p>\n","protected":false},"featured_media":301642,"template":"","meta":{"_acf_changed":false,"inline_featured_image":false},"product_brand":[],"product_cat":[24478,24482,24484],"product_tag":[23554,23647],"class_list":{"0":"post-300374","1":"product","2":"type-product","3":"status-publish","4":"has-post-thumbnail","6":"product_cat-maillots-fr-2","7":"product_cat-vetements-pour-hommes-fr","8":"product_cat-homme","9":"product_tag-craft-fr","10":"product_tag-craft-homme","11":"pa_attivita-marcher","12":"pa_attivita-outdoor-fr","13":"pa_attivita-running-fr","14":"pa_attivita-trail-fr","15":"pa_colore-adv-essence-ls-tee-2-m-black-fr","16":"pa_colore-adv-essence-ls-tee-2-m-pear-fr","17":"pa_colore-adv-essence-ls-tee-2-m-white-fr","18":"pa_marca-craft-fr","19":"pa_sesso-homme","20":"pa_size-extra-small-fr","21":"pa_size-small-fr","22":"pa_size-medium-fr","23":"pa_size-large-fr","25":"first","26":"instock","27":"sale","28":"taxable","29":"shipping-taxable","30":"purchasable","31":"product-type-variable","32":"wvs-archive-product-wrapper"},"acf":[],"yoast_head":"<!-- This site is optimized with the Yoast SEO plugin v26.8 - https:\/\/yoast.com\/product\/yoast-seo-wordpress\/ -->\n<title>Craft ADV Essence LS Tee 2 homme - T-shirt de course - MioMioRun<\/title>\n<meta name=\"description\" content=\"Le ADV Essence LS Tee 2 est un T-shirt \u00e0 manches longues avec une ventilation optimis\u00e9e, un design ergonomique et une coupe parfaite pour tes entra\u00eenements.\" \/>\n<meta name=\"robots\" content=\"index, follow, max-snippet:-1, max-image-preview:large, max-video-preview:-1\" \/>\n<link rel=\"canonical\" href=\"https:\/\/www.miomiorun.com\/fr\/produit\/adv-essence-ls-tee-2-homme\/\" \/>\n<meta property=\"og:locale\" content=\"fr_FR\" \/>\n<meta property=\"og:type\" content=\"article\" \/>\n<meta property=\"og:title\" content=\"Craft ADV Essence LS Tee 2 homme - T-shirt de course - MioMioRun\" \/>\n<meta property=\"og:description\" content=\"Le ADV Essence LS Tee 2 est un T-shirt \u00e0 manches longues avec une ventilation optimis\u00e9e, un design ergonomique et une coupe parfaite pour tes entra\u00eenements.\" \/>\n<meta property=\"og:url\" content=\"https:\/\/www.miomiorun.com\/fr\/produit\/adv-essence-ls-tee-2-homme\/\" \/>\n<meta property=\"og:site_name\" content=\"MioMioRun\" \/>\n<meta property=\"article:publisher\" content=\"https:\/\/www.facebook.com\/miomiorun\/\" \/>\n<meta property=\"article:modified_time\" content=\"2025-06-18T14:58:26+00:00\" \/>\n<meta property=\"og:image\" content=\"https:\/\/www.miomiorun.com\/app\/uploads\/2025\/04\/craft-ADV-essence-LS-tee-2-M-pear-1914793-628000.webp\" \/>\n\t<meta property=\"og:image:width\" content=\"600\" \/>\n\t<meta property=\"og:image:height\" content=\"600\" \/>\n\t<meta property=\"og:image:type\" content=\"image\/webp\" \/>\n<meta name=\"twitter:card\" content=\"summary_large_image\" \/>\n<meta name=\"twitter:label1\" content=\"Est. reading time\" \/>\n\t<meta name=\"twitter:data1\" content=\"1 minute\" \/>\n<script type=\"application\/ld+json\" class=\"yoast-schema-graph\">{\"@context\":\"https:\/\/schema.org\",\"@graph\":[{\"@type\":\"WebPage\",\"@id\":\"https:\/\/www.miomiorun.com\/fr\/produit\/adv-essence-ls-tee-2-homme\/\",\"url\":\"https:\/\/www.miomiorun.com\/fr\/produit\/adv-essence-ls-tee-2-homme\/\",\"name\":\"Craft ADV Essence LS Tee 2 homme - T-shirt de course - MioMioRun\",\"isPartOf\":{\"@id\":\"https:\/\/www.miomiorun.com\/fr\/#website\"},\"primaryImageOfPage\":{\"@id\":\"https:\/\/www.miomiorun.com\/fr\/produit\/adv-essence-ls-tee-2-homme\/#primaryimage\"},\"image\":{\"@id\":\"https:\/\/www.miomiorun.com\/fr\/produit\/adv-essence-ls-tee-2-homme\/#primaryimage\"},\"thumbnailUrl\":\"https:\/\/www.miomiorun.com\/app\/uploads\/2025\/04\/craft-ADV-essence-LS-tee-2-M-pear-1914793-628000.webp\",\"datePublished\":\"2025-03-20T09:01:24+00:00\",\"dateModified\":\"2025-06-18T14:58:26+00:00\",\"description\":\"Le ADV Essence LS Tee 2 est un T-shirt \u00e0 manches longues avec une ventilation optimis\u00e9e, un design ergonomique et une coupe parfaite pour tes entra\u00eenements.\",\"breadcrumb\":{\"@id\":\"https:\/\/www.miomiorun.com\/fr\/produit\/adv-essence-ls-tee-2-homme\/#breadcrumb\"},\"inLanguage\":\"fr-FR\",\"potentialAction\":[{\"@type\":\"ReadAction\",\"target\":[\"https:\/\/www.miomiorun.com\/fr\/produit\/adv-essence-ls-tee-2-homme\/\"]}]},{\"@type\":\"ImageObject\",\"inLanguage\":\"fr-FR\",\"@id\":\"https:\/\/www.miomiorun.com\/fr\/produit\/adv-essence-ls-tee-2-homme\/#primaryimage\",\"url\":\"https:\/\/www.miomiorun.com\/app\/uploads\/2025\/04\/craft-ADV-essence-LS-tee-2-M-pear-1914793-628000.webp\",\"contentUrl\":\"https:\/\/www.miomiorun.com\/app\/uploads\/2025\/04\/craft-ADV-essence-LS-tee-2-M-pear-1914793-628000.webp\",\"width\":600,\"height\":600,\"caption\":\"craft ADV essence LS tee 2 M pear 1914793-628000\"},{\"@type\":\"BreadcrumbList\",\"@id\":\"https:\/\/www.miomiorun.com\/fr\/produit\/adv-essence-ls-tee-2-homme\/#breadcrumb\",\"itemListElement\":[{\"@type\":\"ListItem\",\"position\":1,\"name\":\"Home\",\"item\":\"https:\/\/www.miomiorun.com\/fr\/home-page\/\"},{\"@type\":\"ListItem\",\"position\":2,\"name\":\"Shop\",\"item\":\"https:\/\/www.miomiorun.com\/shop\/\"},{\"@type\":\"ListItem\",\"position\":3,\"name\":\"ADV Essence LS Tee 2 homme\"}]},{\"@type\":\"WebSite\",\"@id\":\"https:\/\/www.miomiorun.com\/fr\/#website\",\"url\":\"https:\/\/www.miomiorun.com\/fr\/\",\"name\":\"MioMioRun\",\"description\":\"Boutique 100% running et trail\",\"publisher\":{\"@id\":\"https:\/\/www.miomiorun.com\/fr\/#organization\"},\"potentialAction\":[{\"@type\":\"SearchAction\",\"target\":{\"@type\":\"EntryPoint\",\"urlTemplate\":\"https:\/\/www.miomiorun.com\/fr\/?s={search_term_string}\"},\"query-input\":{\"@type\":\"PropertyValueSpecification\",\"valueRequired\":true,\"valueName\":\"search_term_string\"}}],\"inLanguage\":\"fr-FR\"},{\"@type\":\"Organization\",\"@id\":\"https:\/\/www.miomiorun.com\/fr\/#organization\",\"name\":\"MioMio Run\",\"url\":\"https:\/\/www.miomiorun.com\/fr\/\",\"logo\":{\"@type\":\"ImageObject\",\"inLanguage\":\"fr-FR\",\"@id\":\"https:\/\/www.miomiorun.com\/fr\/#\/schema\/logo\/image\/\",\"url\":\"https:\/\/www.miomiorun.com\/app\/uploads\/2019\/12\/logomio.png\",\"contentUrl\":\"https:\/\/www.miomiorun.com\/app\/uploads\/2019\/12\/logomio.png\",\"width\":115,\"height\":82,\"caption\":\"MioMio Run\"},\"image\":{\"@id\":\"https:\/\/www.miomiorun.com\/fr\/#\/schema\/logo\/image\/\"},\"sameAs\":[\"https:\/\/www.facebook.com\/miomiorun\/\",\"https:\/\/www.instagram.com\/miomiorun\/\"]}]}<\/script>\n<!-- \/ Yoast SEO plugin. -->","yoast_head_json":{"title":"Craft ADV Essence LS Tee 2 homme - T-shirt de course - MioMioRun","description":"Le ADV Essence LS Tee 2 est un T-shirt \u00e0 manches longues avec une ventilation optimis\u00e9e, un design ergonomique et une coupe parfaite pour tes entra\u00eenements.","robots":{"index":"index","follow":"follow","max-snippet":"max-snippet:-1","max-image-preview":"max-image-preview:large","max-video-preview":"max-video-preview:-1"},"canonical":"https:\/\/www.miomiorun.com\/fr\/produit\/adv-essence-ls-tee-2-homme\/","og_locale":"fr_FR","og_type":"article","og_title":"Craft ADV Essence LS Tee 2 homme - T-shirt de course - MioMioRun","og_description":"Le ADV Essence LS Tee 2 est un T-shirt \u00e0 manches longues avec une ventilation optimis\u00e9e, un design ergonomique et une coupe parfaite pour tes entra\u00eenements.","og_url":"https:\/\/www.miomiorun.com\/fr\/produit\/adv-essence-ls-tee-2-homme\/","og_site_name":"MioMioRun","article_publisher":"https:\/\/www.facebook.com\/miomiorun\/","article_modified_time":"2025-06-18T14:58:26+00:00","og_image":[{"width":600,"height":600,"url":"https:\/\/www.miomiorun.com\/app\/uploads\/2025\/04\/craft-ADV-essence-LS-tee-2-M-pear-1914793-628000.webp","type":"image\/webp"}],"twitter_card":"summary_large_image","twitter_misc":{"Est. reading time":"1 minute"},"schema":{"@context":"https:\/\/schema.org","@graph":[{"@type":"WebPage","@id":"https:\/\/www.miomiorun.com\/fr\/produit\/adv-essence-ls-tee-2-homme\/","url":"https:\/\/www.miomiorun.com\/fr\/produit\/adv-essence-ls-tee-2-homme\/","name":"Craft ADV Essence LS Tee 2 homme - T-shirt de course - MioMioRun","isPartOf":{"@id":"https:\/\/www.miomiorun.com\/fr\/#website"},"primaryImageOfPage":{"@id":"https:\/\/www.miomiorun.com\/fr\/produit\/adv-essence-ls-tee-2-homme\/#primaryimage"},"image":{"@id":"https:\/\/www.miomiorun.com\/fr\/produit\/adv-essence-ls-tee-2-homme\/#primaryimage"},"thumbnailUrl":"https:\/\/www.miomiorun.com\/app\/uploads\/2025\/04\/craft-ADV-essence-LS-tee-2-M-pear-1914793-628000.webp","datePublished":"2025-03-20T09:01:24+00:00","dateModified":"2025-06-18T14:58:26+00:00","description":"Le ADV Essence LS Tee 2 est un T-shirt \u00e0 manches longues avec une ventilation optimis\u00e9e, un design ergonomique et une coupe parfaite pour tes entra\u00eenements.","breadcrumb":{"@id":"https:\/\/www.miomiorun.com\/fr\/produit\/adv-essence-ls-tee-2-homme\/#breadcrumb"},"inLanguage":"fr-FR","potentialAction":[{"@type":"ReadAction","target":["https:\/\/www.miomiorun.com\/fr\/produit\/adv-essence-ls-tee-2-homme\/"]}]},{"@type":"ImageObject","inLanguage":"fr-FR","@id":"https:\/\/www.miomiorun.com\/fr\/produit\/adv-essence-ls-tee-2-homme\/#primaryimage","url":"https:\/\/www.miomiorun.com\/app\/uploads\/2025\/04\/craft-ADV-essence-LS-tee-2-M-pear-1914793-628000.webp","contentUrl":"https:\/\/www.miomiorun.com\/app\/uploads\/2025\/04\/craft-ADV-essence-LS-tee-2-M-pear-1914793-628000.webp","width":600,"height":600,"caption":"craft ADV essence LS tee 2 M pear 1914793-628000"},{"@type":"BreadcrumbList","@id":"https:\/\/www.miomiorun.com\/fr\/produit\/adv-essence-ls-tee-2-homme\/#breadcrumb","itemListElement":[{"@type":"ListItem","position":1,"name":"Home","item":"https:\/\/www.miomiorun.com\/fr\/home-page\/"},{"@type":"ListItem","position":2,"name":"Shop","item":"https:\/\/www.miomiorun.com\/shop\/"},{"@type":"ListItem","position":3,"name":"ADV Essence LS Tee 2 homme"}]},{"@type":"WebSite","@id":"https:\/\/www.miomiorun.com\/fr\/#website","url":"https:\/\/www.miomiorun.com\/fr\/","name":"MioMioRun","description":"Boutique 100% running et trail","publisher":{"@id":"https:\/\/www.miomiorun.com\/fr\/#organization"},"potentialAction":[{"@type":"SearchAction","target":{"@type":"EntryPoint","urlTemplate":"https:\/\/www.miomiorun.com\/fr\/?s={search_term_string}"},"query-input":{"@type":"PropertyValueSpecification","valueRequired":true,"valueName":"search_term_string"}}],"inLanguage":"fr-FR"},{"@type":"Organization","@id":"https:\/\/www.miomiorun.com\/fr\/#organization","name":"MioMio Run","url":"https:\/\/www.miomiorun.com\/fr\/","logo":{"@type":"ImageObject","inLanguage":"fr-FR","@id":"https:\/\/www.miomiorun.com\/fr\/#\/schema\/logo\/image\/","url":"https:\/\/www.miomiorun.com\/app\/uploads\/2019\/12\/logomio.png","contentUrl":"https:\/\/www.miomiorun.com\/app\/uploads\/2019\/12\/logomio.png","width":115,"height":82,"caption":"MioMio Run"},"image":{"@id":"https:\/\/www.miomiorun.com\/fr\/#\/schema\/logo\/image\/"},"sameAs":["https:\/\/www.facebook.com\/miomiorun\/","https:\/\/www.instagram.com\/miomiorun\/"]}]}},"_links":{"self":[{"href":"https:\/\/www.miomiorun.com\/fr\/wp-json\/wp\/v2\/product\/300374","targetHints":{"allow":["GET"]}}],"collection":[{"href":"https:\/\/www.miomiorun.com\/fr\/wp-json\/wp\/v2\/product"}],"about":[{"href":"https:\/\/www.miomiorun.com\/fr\/wp-json\/wp\/v2\/types\/product"}],"wp:featuredmedia":[{"embeddable":true,"href":"https:\/\/www.miomiorun.com\/fr\/wp-json\/wp\/v2\/media\/301642"}],"wp:attachment":[{"href":"https:\/\/www.miomiorun.com\/fr\/wp-json\/wp\/v2\/media?parent=300374"}],"wp:term":[{"taxonomy":"product_brand","embeddable":true,"href":"https:\/\/www.miomiorun.com\/fr\/wp-json\/wp\/v2\/product_brand?post=300374"},{"taxonomy":"product_cat","embeddable":true,"href":"https:\/\/www.miomiorun.com\/fr\/wp-json\/wp\/v2\/product_cat?post=300374"},{"taxonomy":"product_tag","embeddable":true,"href":"https:\/\/www.miomiorun.com\/fr\/wp-json\/wp\/v2\/product_tag?post=300374"}],"curies":[{"name":"wp","href":"https:\/\/api.w.org\/{rel}","templated":true}]}}