{"id":300372,"date":"2025-03-20T10:17:30","date_gmt":"2025-03-20T09:17:30","guid":{"rendered":"https:\/\/miomiorun.com\/?post_type=product&#038;p=300372"},"modified":"2025-06-18T19:00:06","modified_gmt":"2025-06-18T17:00:06","slug":"adv-essence-sl-tee-2","status":"publish","type":"product","link":"https:\/\/www.miomiorun.com\/fr\/produit\/adv-essence-sl-tee-2\/","title":{"rendered":"ADV Essence SL Tee 2 homme"},"content":{"rendered":"<p>Pr\u00eat \u00e0 aller plus loin dans tes entra\u00eenements ? Le <strong>ADV Essence SL Tee 2<\/strong> est le d\u00e9bardeur id\u00e9al pour ceux qui recherchent la performance et le confort lors de leurs s\u00e9ances d&#8217;entra\u00eenement \u00e0 haute intensit\u00e9. Fabriqu\u00e9 \u00e0 partir d&#8217;un m\u00e9lange de <strong>polyester recycl\u00e9<\/strong> et d&#8217;<strong>\u00e9lasthanne<\/strong>, ce d\u00e9bardeur est doux, l\u00e9ger et incroyablement fonctionnel, offrant une <strong>coupe r\u00e9guli\u00e8re<\/strong> qui s&#8217;adapte \u00e0 chaque corps.<\/p>\n<p>Gr\u00e2ce aux <strong>panneaux en maille<\/strong> et aux <strong>d\u00e9tails perfor\u00e9s<\/strong>, la ventilation est optimis\u00e9e, ce qui vous permet de rester au frais et au sec, m\u00eame pendant les entra\u00eenements les plus intenses. Le <strong>design ergonomique<\/strong> et profil\u00e9 garantit une <strong>libert\u00e9 de mouvement totale<\/strong>, ce qui te permet de t&#8217;entra\u00eener sans restriction.<\/p>\n<p>Que tu coures, que tu soul\u00e8ves des poids ou que tu fasses des exercices de haute intensit\u00e9, le <strong>ADV Essence SL Tee 2<\/strong> est le d\u00e9bardeur qui t&#8217;offre la bonne combinaison de performance, de confort et de style. \u00c9l\u00e8ve le niveau de ton entra\u00eenement avec un maximum de libert\u00e9 !<\/p>\n","protected":false},"excerpt":{"rendered":"<p>Pr\u00eat \u00e0 aller plus loin dans tes entra\u00eenements ? Le ADV Essence SL Tee 2 est le d\u00e9bardeur id\u00e9al pour ceux qui recherchent la performance et le confort lors de leurs s\u00e9ances d&#8217;entra\u00eenement \u00e0 haute intensit\u00e9. Fabriqu\u00e9 \u00e0 partir d&#8217;un m\u00e9lange de polyester recycl\u00e9 et d&#8217;\u00e9lasthanne, ce d\u00e9bardeur est doux, l\u00e9ger et incroyablement fonctionnel, offrant &hellip; <a href=\"https:\/\/www.miomiorun.com\/fr\/produit\/adv-essence-sl-tee-2\/\">Continued<\/a><\/p>\n","protected":false},"featured_media":301702,"template":"","meta":{"_acf_changed":false,"inline_featured_image":false},"product_brand":[],"product_cat":[24257,24482],"product_tag":[23554,23647],"class_list":{"0":"post-300372","1":"product","2":"type-product","3":"status-publish","4":"has-post-thumbnail","6":"product_cat-gilets-fr","7":"product_cat-vetements-pour-hommes-fr","8":"product_tag-craft-fr","9":"product_tag-craft-homme","10":"pa_attivita-marcher","11":"pa_attivita-running-fr","12":"pa_colore-adv-essence-sl-tee-2-m-blaze-fr","13":"pa_colore-adv-essence-sl-tee-2-m-solo-fr","14":"pa_marca-craft-fr","15":"pa_sesso-homme","16":"pa_size-extra-small-fr","17":"pa_size-small-fr","18":"pa_size-medium-fr","20":"first","21":"instock","22":"sale","23":"taxable","24":"shipping-taxable","25":"purchasable","26":"product-type-variable","27":"wvs-archive-product-wrapper"},"acf":[],"yoast_head":"<!-- This site is optimized with the Yoast SEO plugin v26.8 - https:\/\/yoast.com\/product\/yoast-seo-wordpress\/ -->\n<title>Craft ADV Essence SL Tee 2 homme - d\u00e9bardeurs de course - MioMioRun.com<\/title>\n<meta name=\"description\" content=\"Le ADV Essence SL Tee 2 est un d\u00e9bardeur l\u00e9ger dot\u00e9 d&#039;une ventilation optimis\u00e9e, d&#039;un design ergonomique et d&#039;une coupe id\u00e9ale pour les entra\u00eenements de haute intensit\u00e9.\" \/>\n<meta name=\"robots\" content=\"index, follow, max-snippet:-1, max-image-preview:large, max-video-preview:-1\" \/>\n<link rel=\"canonical\" href=\"https:\/\/www.miomiorun.com\/fr\/produit\/adv-essence-sl-tee-2\/\" \/>\n<meta property=\"og:locale\" content=\"fr_FR\" \/>\n<meta property=\"og:type\" content=\"article\" \/>\n<meta property=\"og:title\" content=\"Craft ADV Essence SL Tee 2 homme - d\u00e9bardeurs de course - MioMioRun.com\" \/>\n<meta property=\"og:description\" content=\"Le ADV Essence SL Tee 2 est un d\u00e9bardeur l\u00e9ger dot\u00e9 d&#039;une ventilation optimis\u00e9e, d&#039;un design ergonomique et d&#039;une coupe id\u00e9ale pour les entra\u00eenements de haute intensit\u00e9.\" \/>\n<meta property=\"og:url\" content=\"https:\/\/www.miomiorun.com\/fr\/produit\/adv-essence-sl-tee-2\/\" \/>\n<meta property=\"og:site_name\" content=\"MioMioRun\" \/>\n<meta property=\"article:publisher\" content=\"https:\/\/www.facebook.com\/miomiorun\/\" \/>\n<meta property=\"article:modified_time\" content=\"2025-06-18T17:00:06+00:00\" \/>\n<meta property=\"og:image\" content=\"https:\/\/www.miomiorun.com\/app\/uploads\/2025\/04\/craft-ADV-essence-SL-tee-2-M-solo-1914794-573000.webp\" \/>\n\t<meta property=\"og:image:width\" content=\"600\" \/>\n\t<meta property=\"og:image:height\" content=\"600\" \/>\n\t<meta property=\"og:image:type\" content=\"image\/webp\" \/>\n<meta name=\"twitter:card\" content=\"summary_large_image\" \/>\n<meta name=\"twitter:label1\" content=\"Est. reading time\" \/>\n\t<meta name=\"twitter:data1\" content=\"1 minute\" \/>\n<script type=\"application\/ld+json\" class=\"yoast-schema-graph\">{\"@context\":\"https:\/\/schema.org\",\"@graph\":[{\"@type\":\"WebPage\",\"@id\":\"https:\/\/www.miomiorun.com\/fr\/produit\/adv-essence-sl-tee-2\/\",\"url\":\"https:\/\/www.miomiorun.com\/fr\/produit\/adv-essence-sl-tee-2\/\",\"name\":\"Craft ADV Essence SL Tee 2 homme - d\u00e9bardeurs de course - MioMioRun.com\",\"isPartOf\":{\"@id\":\"https:\/\/www.miomiorun.com\/fr\/#website\"},\"primaryImageOfPage\":{\"@id\":\"https:\/\/www.miomiorun.com\/fr\/produit\/adv-essence-sl-tee-2\/#primaryimage\"},\"image\":{\"@id\":\"https:\/\/www.miomiorun.com\/fr\/produit\/adv-essence-sl-tee-2\/#primaryimage\"},\"thumbnailUrl\":\"https:\/\/www.miomiorun.com\/app\/uploads\/2025\/04\/craft-ADV-essence-SL-tee-2-M-solo-1914794-573000.webp\",\"datePublished\":\"2025-03-20T09:17:30+00:00\",\"dateModified\":\"2025-06-18T17:00:06+00:00\",\"description\":\"Le ADV Essence SL Tee 2 est un d\u00e9bardeur l\u00e9ger dot\u00e9 d'une ventilation optimis\u00e9e, d'un design ergonomique et d'une coupe id\u00e9ale pour les entra\u00eenements de haute intensit\u00e9.\",\"breadcrumb\":{\"@id\":\"https:\/\/www.miomiorun.com\/fr\/produit\/adv-essence-sl-tee-2\/#breadcrumb\"},\"inLanguage\":\"fr-FR\",\"potentialAction\":[{\"@type\":\"ReadAction\",\"target\":[\"https:\/\/www.miomiorun.com\/fr\/produit\/adv-essence-sl-tee-2\/\"]}]},{\"@type\":\"ImageObject\",\"inLanguage\":\"fr-FR\",\"@id\":\"https:\/\/www.miomiorun.com\/fr\/produit\/adv-essence-sl-tee-2\/#primaryimage\",\"url\":\"https:\/\/www.miomiorun.com\/app\/uploads\/2025\/04\/craft-ADV-essence-SL-tee-2-M-solo-1914794-573000.webp\",\"contentUrl\":\"https:\/\/www.miomiorun.com\/app\/uploads\/2025\/04\/craft-ADV-essence-SL-tee-2-M-solo-1914794-573000.webp\",\"width\":600,\"height\":600,\"caption\":\"craft ADV essence SL tee 2 M solo 1914794-573000\"},{\"@type\":\"BreadcrumbList\",\"@id\":\"https:\/\/www.miomiorun.com\/fr\/produit\/adv-essence-sl-tee-2\/#breadcrumb\",\"itemListElement\":[{\"@type\":\"ListItem\",\"position\":1,\"name\":\"Home\",\"item\":\"https:\/\/www.miomiorun.com\/fr\/home-page\/\"},{\"@type\":\"ListItem\",\"position\":2,\"name\":\"Shop\",\"item\":\"https:\/\/www.miomiorun.com\/shop\/\"},{\"@type\":\"ListItem\",\"position\":3,\"name\":\"ADV Essence SL Tee 2 homme\"}]},{\"@type\":\"WebSite\",\"@id\":\"https:\/\/www.miomiorun.com\/fr\/#website\",\"url\":\"https:\/\/www.miomiorun.com\/fr\/\",\"name\":\"MioMioRun\",\"description\":\"Boutique 100% running et trail\",\"publisher\":{\"@id\":\"https:\/\/www.miomiorun.com\/fr\/#organization\"},\"potentialAction\":[{\"@type\":\"SearchAction\",\"target\":{\"@type\":\"EntryPoint\",\"urlTemplate\":\"https:\/\/www.miomiorun.com\/fr\/?s={search_term_string}\"},\"query-input\":{\"@type\":\"PropertyValueSpecification\",\"valueRequired\":true,\"valueName\":\"search_term_string\"}}],\"inLanguage\":\"fr-FR\"},{\"@type\":\"Organization\",\"@id\":\"https:\/\/www.miomiorun.com\/fr\/#organization\",\"name\":\"MioMio Run\",\"url\":\"https:\/\/www.miomiorun.com\/fr\/\",\"logo\":{\"@type\":\"ImageObject\",\"inLanguage\":\"fr-FR\",\"@id\":\"https:\/\/www.miomiorun.com\/fr\/#\/schema\/logo\/image\/\",\"url\":\"https:\/\/www.miomiorun.com\/app\/uploads\/2019\/12\/logomio.png\",\"contentUrl\":\"https:\/\/www.miomiorun.com\/app\/uploads\/2019\/12\/logomio.png\",\"width\":115,\"height\":82,\"caption\":\"MioMio Run\"},\"image\":{\"@id\":\"https:\/\/www.miomiorun.com\/fr\/#\/schema\/logo\/image\/\"},\"sameAs\":[\"https:\/\/www.facebook.com\/miomiorun\/\",\"https:\/\/www.instagram.com\/miomiorun\/\"]}]}<\/script>\n<!-- \/ Yoast SEO plugin. -->","yoast_head_json":{"title":"Craft ADV Essence SL Tee 2 homme - d\u00e9bardeurs de course - MioMioRun.com","description":"Le ADV Essence SL Tee 2 est un d\u00e9bardeur l\u00e9ger dot\u00e9 d'une ventilation optimis\u00e9e, d'un design ergonomique et d'une coupe id\u00e9ale pour les entra\u00eenements de haute intensit\u00e9.","robots":{"index":"index","follow":"follow","max-snippet":"max-snippet:-1","max-image-preview":"max-image-preview:large","max-video-preview":"max-video-preview:-1"},"canonical":"https:\/\/www.miomiorun.com\/fr\/produit\/adv-essence-sl-tee-2\/","og_locale":"fr_FR","og_type":"article","og_title":"Craft ADV Essence SL Tee 2 homme - d\u00e9bardeurs de course - MioMioRun.com","og_description":"Le ADV Essence SL Tee 2 est un d\u00e9bardeur l\u00e9ger dot\u00e9 d'une ventilation optimis\u00e9e, d'un design ergonomique et d'une coupe id\u00e9ale pour les entra\u00eenements de haute intensit\u00e9.","og_url":"https:\/\/www.miomiorun.com\/fr\/produit\/adv-essence-sl-tee-2\/","og_site_name":"MioMioRun","article_publisher":"https:\/\/www.facebook.com\/miomiorun\/","article_modified_time":"2025-06-18T17:00:06+00:00","og_image":[{"width":600,"height":600,"url":"https:\/\/www.miomiorun.com\/app\/uploads\/2025\/04\/craft-ADV-essence-SL-tee-2-M-solo-1914794-573000.webp","type":"image\/webp"}],"twitter_card":"summary_large_image","twitter_misc":{"Est. reading time":"1 minute"},"schema":{"@context":"https:\/\/schema.org","@graph":[{"@type":"WebPage","@id":"https:\/\/www.miomiorun.com\/fr\/produit\/adv-essence-sl-tee-2\/","url":"https:\/\/www.miomiorun.com\/fr\/produit\/adv-essence-sl-tee-2\/","name":"Craft ADV Essence SL Tee 2 homme - d\u00e9bardeurs de course - MioMioRun.com","isPartOf":{"@id":"https:\/\/www.miomiorun.com\/fr\/#website"},"primaryImageOfPage":{"@id":"https:\/\/www.miomiorun.com\/fr\/produit\/adv-essence-sl-tee-2\/#primaryimage"},"image":{"@id":"https:\/\/www.miomiorun.com\/fr\/produit\/adv-essence-sl-tee-2\/#primaryimage"},"thumbnailUrl":"https:\/\/www.miomiorun.com\/app\/uploads\/2025\/04\/craft-ADV-essence-SL-tee-2-M-solo-1914794-573000.webp","datePublished":"2025-03-20T09:17:30+00:00","dateModified":"2025-06-18T17:00:06+00:00","description":"Le ADV Essence SL Tee 2 est un d\u00e9bardeur l\u00e9ger dot\u00e9 d'une ventilation optimis\u00e9e, d'un design ergonomique et d'une coupe id\u00e9ale pour les entra\u00eenements de haute intensit\u00e9.","breadcrumb":{"@id":"https:\/\/www.miomiorun.com\/fr\/produit\/adv-essence-sl-tee-2\/#breadcrumb"},"inLanguage":"fr-FR","potentialAction":[{"@type":"ReadAction","target":["https:\/\/www.miomiorun.com\/fr\/produit\/adv-essence-sl-tee-2\/"]}]},{"@type":"ImageObject","inLanguage":"fr-FR","@id":"https:\/\/www.miomiorun.com\/fr\/produit\/adv-essence-sl-tee-2\/#primaryimage","url":"https:\/\/www.miomiorun.com\/app\/uploads\/2025\/04\/craft-ADV-essence-SL-tee-2-M-solo-1914794-573000.webp","contentUrl":"https:\/\/www.miomiorun.com\/app\/uploads\/2025\/04\/craft-ADV-essence-SL-tee-2-M-solo-1914794-573000.webp","width":600,"height":600,"caption":"craft ADV essence SL tee 2 M solo 1914794-573000"},{"@type":"BreadcrumbList","@id":"https:\/\/www.miomiorun.com\/fr\/produit\/adv-essence-sl-tee-2\/#breadcrumb","itemListElement":[{"@type":"ListItem","position":1,"name":"Home","item":"https:\/\/www.miomiorun.com\/fr\/home-page\/"},{"@type":"ListItem","position":2,"name":"Shop","item":"https:\/\/www.miomiorun.com\/shop\/"},{"@type":"ListItem","position":3,"name":"ADV Essence SL Tee 2 homme"}]},{"@type":"WebSite","@id":"https:\/\/www.miomiorun.com\/fr\/#website","url":"https:\/\/www.miomiorun.com\/fr\/","name":"MioMioRun","description":"Boutique 100% running et trail","publisher":{"@id":"https:\/\/www.miomiorun.com\/fr\/#organization"},"potentialAction":[{"@type":"SearchAction","target":{"@type":"EntryPoint","urlTemplate":"https:\/\/www.miomiorun.com\/fr\/?s={search_term_string}"},"query-input":{"@type":"PropertyValueSpecification","valueRequired":true,"valueName":"search_term_string"}}],"inLanguage":"fr-FR"},{"@type":"Organization","@id":"https:\/\/www.miomiorun.com\/fr\/#organization","name":"MioMio Run","url":"https:\/\/www.miomiorun.com\/fr\/","logo":{"@type":"ImageObject","inLanguage":"fr-FR","@id":"https:\/\/www.miomiorun.com\/fr\/#\/schema\/logo\/image\/","url":"https:\/\/www.miomiorun.com\/app\/uploads\/2019\/12\/logomio.png","contentUrl":"https:\/\/www.miomiorun.com\/app\/uploads\/2019\/12\/logomio.png","width":115,"height":82,"caption":"MioMio Run"},"image":{"@id":"https:\/\/www.miomiorun.com\/fr\/#\/schema\/logo\/image\/"},"sameAs":["https:\/\/www.facebook.com\/miomiorun\/","https:\/\/www.instagram.com\/miomiorun\/"]}]}},"_links":{"self":[{"href":"https:\/\/www.miomiorun.com\/fr\/wp-json\/wp\/v2\/product\/300372","targetHints":{"allow":["GET"]}}],"collection":[{"href":"https:\/\/www.miomiorun.com\/fr\/wp-json\/wp\/v2\/product"}],"about":[{"href":"https:\/\/www.miomiorun.com\/fr\/wp-json\/wp\/v2\/types\/product"}],"wp:featuredmedia":[{"embeddable":true,"href":"https:\/\/www.miomiorun.com\/fr\/wp-json\/wp\/v2\/media\/301702"}],"wp:attachment":[{"href":"https:\/\/www.miomiorun.com\/fr\/wp-json\/wp\/v2\/media?parent=300372"}],"wp:term":[{"taxonomy":"product_brand","embeddable":true,"href":"https:\/\/www.miomiorun.com\/fr\/wp-json\/wp\/v2\/product_brand?post=300372"},{"taxonomy":"product_cat","embeddable":true,"href":"https:\/\/www.miomiorun.com\/fr\/wp-json\/wp\/v2\/product_cat?post=300372"},{"taxonomy":"product_tag","embeddable":true,"href":"https:\/\/www.miomiorun.com\/fr\/wp-json\/wp\/v2\/product_tag?post=300372"}],"curies":[{"name":"wp","href":"https:\/\/api.w.org\/{rel}","templated":true}]}}