{"id":300369,"date":"2025-03-20T10:49:14","date_gmt":"2025-03-20T09:49:14","guid":{"rendered":"https:\/\/miomiorun.com\/?post_type=product&#038;p=300369"},"modified":"2026-05-08T22:35:31","modified_gmt":"2026-05-08T20:35:31","slug":"adv-essence-2-in-1-shorts-2-homme","status":"publish","type":"product","link":"https:\/\/www.miomiorun.com\/fr\/produit\/adv-essence-2-in-1-shorts-2-homme\/","title":{"rendered":"ADV Essence 2-in-1 shorts 2 homme"},"content":{"rendered":"<p>Le <strong>ADV Essence 2-in-1 Shorts 2<\/strong> est un short d&#8217;entra\u00eenement avanc\u00e9 qui allie <strong>confort, soutien et praticit\u00e9<\/strong> pour les entra\u00eenements les plus intenses. Fabriqu\u00e9 dans un tissu extensible en <strong>polyester recycl\u00e9 et \u00e9lasthanne<\/strong>, il est dot\u00e9 d&#8217;un <strong>pantalon int\u00e9rieur<\/strong> qui offre un soutien optimal lors de chaque mouvement, tandis que la<strong>large ceinture \u00e9lastique avec cordon de serrage ajustable<\/strong> garantit un ajustement s\u00fbr et confortable.<\/p>\n<p>Avec <strong>deux poches lat\u00e9rales<\/strong> et une <strong>pochette pour t\u00e9l\u00e9phone<\/strong> sur le collant int\u00e9rieur, ce short est parfait pour garder tout ce dont vous avez besoin avec vous pendant l&#8217;entra\u00eenement. De plus, les <strong>imprim\u00e9s r\u00e9fl\u00e9chissants<\/strong> am\u00e9liorent la visibilit\u00e9 lors des s\u00e9ances par faible luminosit\u00e9, tandis que l&#8217;entrejambe d&#8217;environ 18 cm en taille M garantit la libert\u00e9 de mouvement.<\/p>\n<p>Parfait pour les activit\u00e9s physiques de haute intensit\u00e9, le <strong>ADV Essence 2-in-1 Shorts 2<\/strong> t&#8217;apporte tout le soutien et la fonctionnalit\u00e9 dont tu as besoin, tout en conservant un look sportif et pratique.<\/p>\n<p>&nbsp;<\/p>\n","protected":false},"excerpt":{"rendered":"<p>Le ADV Essence 2-in-1 Shorts 2 est un short d&#8217;entra\u00eenement avanc\u00e9 qui allie confort, soutien et praticit\u00e9 pour les entra\u00eenements les plus intenses. Fabriqu\u00e9 dans un tissu extensible en polyester recycl\u00e9 et \u00e9lasthanne, il est dot\u00e9 d&#8217;un pantalon int\u00e9rieur qui offre un soutien optimal lors de chaque mouvement, tandis que lalarge ceinture \u00e9lastique avec cordon &hellip; <a href=\"https:\/\/www.miomiorun.com\/fr\/produit\/adv-essence-2-in-1-shorts-2-homme\/\">Continued<\/a><\/p>\n","protected":false},"featured_media":301762,"template":"","meta":{"_acf_changed":false,"inline_featured_image":false},"product_brand":[],"product_cat":[24477,24482],"product_tag":[23554,23647],"class_list":{"0":"post-300369","1":"product","2":"type-product","3":"status-publish","4":"has-post-thumbnail","6":"product_cat-pantalon-court-fr-3","7":"product_cat-vetements-pour-hommes-fr","8":"product_tag-craft-fr","9":"product_tag-craft-homme","10":"pa_attivita-marcher","11":"pa_attivita-running-fr","12":"pa_colore-adv-essence-2in1-shorts-2-m-black-fr","13":"pa_colore-adv-essence-2in1-shorts-2-m-blaze-black-fr","14":"pa_marca-craft-fr","15":"pa_sesso-homme","16":"pa_size-small-fr","17":"pa_size-medium-fr","19":"first","20":"instock","21":"sale","22":"taxable","23":"shipping-taxable","24":"purchasable","25":"product-type-variable","26":"wvs-archive-product-wrapper"},"acf":[],"yoast_head":"<!-- This site is optimized with the Yoast SEO plugin v26.8 - https:\/\/yoast.com\/product\/yoast-seo-wordpress\/ -->\n<title>Craft ADV Essence 2-in-1 shorts 2 homme - Shorts pour hommes - MioMioRun<\/title>\n<meta name=\"description\" content=\"Le short ADV Essence 2-in-1 2 est un short d&#039;entra\u00eenement avec un collant int\u00e9rieur, des poches lat\u00e9rales, une pochette pour t\u00e9l\u00e9phone et une coupe ajustable.\" \/>\n<meta name=\"robots\" content=\"index, follow, max-snippet:-1, max-image-preview:large, max-video-preview:-1\" \/>\n<link rel=\"canonical\" href=\"https:\/\/www.miomiorun.com\/fr\/produit\/adv-essence-2-in-1-shorts-2-homme\/\" \/>\n<meta property=\"og:locale\" content=\"fr_FR\" \/>\n<meta property=\"og:type\" content=\"article\" \/>\n<meta property=\"og:title\" content=\"Craft ADV Essence 2-in-1 shorts 2 homme - Shorts pour hommes - MioMioRun\" \/>\n<meta property=\"og:description\" content=\"Le short ADV Essence 2-in-1 2 est un short d&#039;entra\u00eenement avec un collant int\u00e9rieur, des poches lat\u00e9rales, une pochette pour t\u00e9l\u00e9phone et une coupe ajustable.\" \/>\n<meta property=\"og:url\" content=\"https:\/\/www.miomiorun.com\/fr\/produit\/adv-essence-2-in-1-shorts-2-homme\/\" \/>\n<meta property=\"og:site_name\" content=\"MioMioRun\" \/>\n<meta property=\"article:publisher\" content=\"https:\/\/www.facebook.com\/miomiorun\/\" \/>\n<meta property=\"article:modified_time\" content=\"2026-05-08T20:35:31+00:00\" \/>\n<meta property=\"og:image\" content=\"https:\/\/www.miomiorun.com\/app\/uploads\/2025\/04\/craft-ADV-essence-2in1-shorts-2-M-black-1915950-999000.webp\" \/>\n\t<meta property=\"og:image:width\" content=\"600\" \/>\n\t<meta property=\"og:image:height\" content=\"600\" \/>\n\t<meta property=\"og:image:type\" content=\"image\/webp\" \/>\n<meta name=\"twitter:card\" content=\"summary_large_image\" \/>\n<meta name=\"twitter:label1\" content=\"Est. reading time\" \/>\n\t<meta name=\"twitter:data1\" content=\"1 minute\" \/>\n<script type=\"application\/ld+json\" class=\"yoast-schema-graph\">{\"@context\":\"https:\/\/schema.org\",\"@graph\":[{\"@type\":\"WebPage\",\"@id\":\"https:\/\/www.miomiorun.com\/fr\/produit\/adv-essence-2-in-1-shorts-2-homme\/\",\"url\":\"https:\/\/www.miomiorun.com\/fr\/produit\/adv-essence-2-in-1-shorts-2-homme\/\",\"name\":\"Craft ADV Essence 2-in-1 shorts 2 homme - Shorts pour hommes - MioMioRun\",\"isPartOf\":{\"@id\":\"https:\/\/www.miomiorun.com\/fr\/#website\"},\"primaryImageOfPage\":{\"@id\":\"https:\/\/www.miomiorun.com\/fr\/produit\/adv-essence-2-in-1-shorts-2-homme\/#primaryimage\"},\"image\":{\"@id\":\"https:\/\/www.miomiorun.com\/fr\/produit\/adv-essence-2-in-1-shorts-2-homme\/#primaryimage\"},\"thumbnailUrl\":\"https:\/\/www.miomiorun.com\/app\/uploads\/2025\/04\/craft-ADV-essence-2in1-shorts-2-M-black-1915950-999000.webp\",\"datePublished\":\"2025-03-20T09:49:14+00:00\",\"dateModified\":\"2026-05-08T20:35:31+00:00\",\"description\":\"Le short ADV Essence 2-in-1 2 est un short d'entra\u00eenement avec un collant int\u00e9rieur, des poches lat\u00e9rales, une pochette pour t\u00e9l\u00e9phone et une coupe ajustable.\",\"breadcrumb\":{\"@id\":\"https:\/\/www.miomiorun.com\/fr\/produit\/adv-essence-2-in-1-shorts-2-homme\/#breadcrumb\"},\"inLanguage\":\"fr-FR\",\"potentialAction\":[{\"@type\":\"ReadAction\",\"target\":[\"https:\/\/www.miomiorun.com\/fr\/produit\/adv-essence-2-in-1-shorts-2-homme\/\"]}]},{\"@type\":\"ImageObject\",\"inLanguage\":\"fr-FR\",\"@id\":\"https:\/\/www.miomiorun.com\/fr\/produit\/adv-essence-2-in-1-shorts-2-homme\/#primaryimage\",\"url\":\"https:\/\/www.miomiorun.com\/app\/uploads\/2025\/04\/craft-ADV-essence-2in1-shorts-2-M-black-1915950-999000.webp\",\"contentUrl\":\"https:\/\/www.miomiorun.com\/app\/uploads\/2025\/04\/craft-ADV-essence-2in1-shorts-2-M-black-1915950-999000.webp\",\"width\":600,\"height\":600,\"caption\":\"craft ADV essence 2in1 shorts 2 M black 1915950-999000\"},{\"@type\":\"BreadcrumbList\",\"@id\":\"https:\/\/www.miomiorun.com\/fr\/produit\/adv-essence-2-in-1-shorts-2-homme\/#breadcrumb\",\"itemListElement\":[{\"@type\":\"ListItem\",\"position\":1,\"name\":\"Home\",\"item\":\"https:\/\/www.miomiorun.com\/fr\/home-page\/\"},{\"@type\":\"ListItem\",\"position\":2,\"name\":\"Shop\",\"item\":\"https:\/\/www.miomiorun.com\/shop\/\"},{\"@type\":\"ListItem\",\"position\":3,\"name\":\"ADV Essence 2-in-1 shorts 2 homme\"}]},{\"@type\":\"WebSite\",\"@id\":\"https:\/\/www.miomiorun.com\/fr\/#website\",\"url\":\"https:\/\/www.miomiorun.com\/fr\/\",\"name\":\"MioMioRun\",\"description\":\"Boutique 100% running et trail\",\"publisher\":{\"@id\":\"https:\/\/www.miomiorun.com\/fr\/#organization\"},\"potentialAction\":[{\"@type\":\"SearchAction\",\"target\":{\"@type\":\"EntryPoint\",\"urlTemplate\":\"https:\/\/www.miomiorun.com\/fr\/?s={search_term_string}\"},\"query-input\":{\"@type\":\"PropertyValueSpecification\",\"valueRequired\":true,\"valueName\":\"search_term_string\"}}],\"inLanguage\":\"fr-FR\"},{\"@type\":\"Organization\",\"@id\":\"https:\/\/www.miomiorun.com\/fr\/#organization\",\"name\":\"MioMio Run\",\"url\":\"https:\/\/www.miomiorun.com\/fr\/\",\"logo\":{\"@type\":\"ImageObject\",\"inLanguage\":\"fr-FR\",\"@id\":\"https:\/\/www.miomiorun.com\/fr\/#\/schema\/logo\/image\/\",\"url\":\"https:\/\/www.miomiorun.com\/app\/uploads\/2019\/12\/logomio.png\",\"contentUrl\":\"https:\/\/www.miomiorun.com\/app\/uploads\/2019\/12\/logomio.png\",\"width\":115,\"height\":82,\"caption\":\"MioMio Run\"},\"image\":{\"@id\":\"https:\/\/www.miomiorun.com\/fr\/#\/schema\/logo\/image\/\"},\"sameAs\":[\"https:\/\/www.facebook.com\/miomiorun\/\",\"https:\/\/www.instagram.com\/miomiorun\/\"]}]}<\/script>\n<!-- \/ Yoast SEO plugin. -->","yoast_head_json":{"title":"Craft ADV Essence 2-in-1 shorts 2 homme - Shorts pour hommes - MioMioRun","description":"Le short ADV Essence 2-in-1 2 est un short d'entra\u00eenement avec un collant int\u00e9rieur, des poches lat\u00e9rales, une pochette pour t\u00e9l\u00e9phone et une coupe ajustable.","robots":{"index":"index","follow":"follow","max-snippet":"max-snippet:-1","max-image-preview":"max-image-preview:large","max-video-preview":"max-video-preview:-1"},"canonical":"https:\/\/www.miomiorun.com\/fr\/produit\/adv-essence-2-in-1-shorts-2-homme\/","og_locale":"fr_FR","og_type":"article","og_title":"Craft ADV Essence 2-in-1 shorts 2 homme - Shorts pour hommes - MioMioRun","og_description":"Le short ADV Essence 2-in-1 2 est un short d'entra\u00eenement avec un collant int\u00e9rieur, des poches lat\u00e9rales, une pochette pour t\u00e9l\u00e9phone et une coupe ajustable.","og_url":"https:\/\/www.miomiorun.com\/fr\/produit\/adv-essence-2-in-1-shorts-2-homme\/","og_site_name":"MioMioRun","article_publisher":"https:\/\/www.facebook.com\/miomiorun\/","article_modified_time":"2026-05-08T20:35:31+00:00","og_image":[{"width":600,"height":600,"url":"https:\/\/www.miomiorun.com\/app\/uploads\/2025\/04\/craft-ADV-essence-2in1-shorts-2-M-black-1915950-999000.webp","type":"image\/webp"}],"twitter_card":"summary_large_image","twitter_misc":{"Est. reading time":"1 minute"},"schema":{"@context":"https:\/\/schema.org","@graph":[{"@type":"WebPage","@id":"https:\/\/www.miomiorun.com\/fr\/produit\/adv-essence-2-in-1-shorts-2-homme\/","url":"https:\/\/www.miomiorun.com\/fr\/produit\/adv-essence-2-in-1-shorts-2-homme\/","name":"Craft ADV Essence 2-in-1 shorts 2 homme - Shorts pour hommes - MioMioRun","isPartOf":{"@id":"https:\/\/www.miomiorun.com\/fr\/#website"},"primaryImageOfPage":{"@id":"https:\/\/www.miomiorun.com\/fr\/produit\/adv-essence-2-in-1-shorts-2-homme\/#primaryimage"},"image":{"@id":"https:\/\/www.miomiorun.com\/fr\/produit\/adv-essence-2-in-1-shorts-2-homme\/#primaryimage"},"thumbnailUrl":"https:\/\/www.miomiorun.com\/app\/uploads\/2025\/04\/craft-ADV-essence-2in1-shorts-2-M-black-1915950-999000.webp","datePublished":"2025-03-20T09:49:14+00:00","dateModified":"2026-05-08T20:35:31+00:00","description":"Le short ADV Essence 2-in-1 2 est un short d'entra\u00eenement avec un collant int\u00e9rieur, des poches lat\u00e9rales, une pochette pour t\u00e9l\u00e9phone et une coupe ajustable.","breadcrumb":{"@id":"https:\/\/www.miomiorun.com\/fr\/produit\/adv-essence-2-in-1-shorts-2-homme\/#breadcrumb"},"inLanguage":"fr-FR","potentialAction":[{"@type":"ReadAction","target":["https:\/\/www.miomiorun.com\/fr\/produit\/adv-essence-2-in-1-shorts-2-homme\/"]}]},{"@type":"ImageObject","inLanguage":"fr-FR","@id":"https:\/\/www.miomiorun.com\/fr\/produit\/adv-essence-2-in-1-shorts-2-homme\/#primaryimage","url":"https:\/\/www.miomiorun.com\/app\/uploads\/2025\/04\/craft-ADV-essence-2in1-shorts-2-M-black-1915950-999000.webp","contentUrl":"https:\/\/www.miomiorun.com\/app\/uploads\/2025\/04\/craft-ADV-essence-2in1-shorts-2-M-black-1915950-999000.webp","width":600,"height":600,"caption":"craft ADV essence 2in1 shorts 2 M black 1915950-999000"},{"@type":"BreadcrumbList","@id":"https:\/\/www.miomiorun.com\/fr\/produit\/adv-essence-2-in-1-shorts-2-homme\/#breadcrumb","itemListElement":[{"@type":"ListItem","position":1,"name":"Home","item":"https:\/\/www.miomiorun.com\/fr\/home-page\/"},{"@type":"ListItem","position":2,"name":"Shop","item":"https:\/\/www.miomiorun.com\/shop\/"},{"@type":"ListItem","position":3,"name":"ADV Essence 2-in-1 shorts 2 homme"}]},{"@type":"WebSite","@id":"https:\/\/www.miomiorun.com\/fr\/#website","url":"https:\/\/www.miomiorun.com\/fr\/","name":"MioMioRun","description":"Boutique 100% running et trail","publisher":{"@id":"https:\/\/www.miomiorun.com\/fr\/#organization"},"potentialAction":[{"@type":"SearchAction","target":{"@type":"EntryPoint","urlTemplate":"https:\/\/www.miomiorun.com\/fr\/?s={search_term_string}"},"query-input":{"@type":"PropertyValueSpecification","valueRequired":true,"valueName":"search_term_string"}}],"inLanguage":"fr-FR"},{"@type":"Organization","@id":"https:\/\/www.miomiorun.com\/fr\/#organization","name":"MioMio Run","url":"https:\/\/www.miomiorun.com\/fr\/","logo":{"@type":"ImageObject","inLanguage":"fr-FR","@id":"https:\/\/www.miomiorun.com\/fr\/#\/schema\/logo\/image\/","url":"https:\/\/www.miomiorun.com\/app\/uploads\/2019\/12\/logomio.png","contentUrl":"https:\/\/www.miomiorun.com\/app\/uploads\/2019\/12\/logomio.png","width":115,"height":82,"caption":"MioMio Run"},"image":{"@id":"https:\/\/www.miomiorun.com\/fr\/#\/schema\/logo\/image\/"},"sameAs":["https:\/\/www.facebook.com\/miomiorun\/","https:\/\/www.instagram.com\/miomiorun\/"]}]}},"_links":{"self":[{"href":"https:\/\/www.miomiorun.com\/fr\/wp-json\/wp\/v2\/product\/300369","targetHints":{"allow":["GET"]}}],"collection":[{"href":"https:\/\/www.miomiorun.com\/fr\/wp-json\/wp\/v2\/product"}],"about":[{"href":"https:\/\/www.miomiorun.com\/fr\/wp-json\/wp\/v2\/types\/product"}],"wp:featuredmedia":[{"embeddable":true,"href":"https:\/\/www.miomiorun.com\/fr\/wp-json\/wp\/v2\/media\/301762"}],"wp:attachment":[{"href":"https:\/\/www.miomiorun.com\/fr\/wp-json\/wp\/v2\/media?parent=300369"}],"wp:term":[{"taxonomy":"product_brand","embeddable":true,"href":"https:\/\/www.miomiorun.com\/fr\/wp-json\/wp\/v2\/product_brand?post=300369"},{"taxonomy":"product_cat","embeddable":true,"href":"https:\/\/www.miomiorun.com\/fr\/wp-json\/wp\/v2\/product_cat?post=300369"},{"taxonomy":"product_tag","embeddable":true,"href":"https:\/\/www.miomiorun.com\/fr\/wp-json\/wp\/v2\/product_tag?post=300369"}],"curies":[{"name":"wp","href":"https:\/\/api.w.org\/{rel}","templated":true}]}}