{"id":300301,"date":"2025-03-20T11:05:01","date_gmt":"2025-03-20T10:05:01","guid":{"rendered":"https:\/\/miomiorun.com\/?post_type=product&#038;p=300301"},"modified":"2026-05-08T22:35:14","modified_gmt":"2026-05-08T20:35:14","slug":"adv-essence-shorts-2-homme","status":"publish","type":"product","link":"https:\/\/www.miomiorun.com\/fr\/produit\/adv-essence-shorts-2-homme\/","title":{"rendered":"ADV Essence Shorts 2 homme"},"content":{"rendered":"<p>Les <strong>ADV Essence Shorts 2<\/strong> sont les shorts d&#8217;entra\u00eenement id\u00e9aux pour ceux qui recherchent des performances \u00e9lev\u00e9es et un confort optimal pendant leurs s\u00e9ances. Fabriqu\u00e9s en <strong>polyester recycl\u00e9 et \u00e9lasthanne<\/strong>, ces shorts l\u00e9gers offrent une <strong>excellente respirabilit\u00e9<\/strong> et une <strong>grande libert\u00e9 de mouvement<\/strong>, gr\u00e2ce \u00e0 leur tissu extensible qui s&#8217;adapte parfaitement au corps.<\/p>\n<p>Les <strong>d\u00e9tails ajour\u00e9s<\/strong> am\u00e9liorent encore la ventilation, vous gardant au frais m\u00eame pendant les s\u00e9ances les plus intenses, tandis que le <strong>cordon de serrage \u00e0 la taille<\/strong> assure un ajustement parfait. Avec <strong>deux poches lat\u00e9rales<\/strong> spacieuses, vous pouvez emporter vos objets essentiels avec vous pour vous entra\u00eener sans souci. L&#8217;entrejambe d&#8217;environ 17 cm en taille M garantit une excellente libert\u00e9 de mouvement.<\/p>\n<p>&nbsp;<\/p>\n","protected":false},"excerpt":{"rendered":"<p>Les ADV Essence Shorts 2 sont les shorts d&#8217;entra\u00eenement id\u00e9aux pour ceux qui recherchent des performances \u00e9lev\u00e9es et un confort optimal pendant leurs s\u00e9ances. Fabriqu\u00e9s en polyester recycl\u00e9 et \u00e9lasthanne, ces shorts l\u00e9gers offrent une excellente respirabilit\u00e9 et une grande libert\u00e9 de mouvement, gr\u00e2ce \u00e0 leur tissu extensible qui s&#8217;adapte parfaitement au corps. Les d\u00e9tails &hellip; <a href=\"https:\/\/www.miomiorun.com\/fr\/produit\/adv-essence-shorts-2-homme\/\">Continued<\/a><\/p>\n","protected":false},"featured_media":301860,"template":"","meta":{"_acf_changed":false,"inline_featured_image":false},"product_brand":[],"product_cat":[24477,24482],"product_tag":[23554,23647],"class_list":{"0":"post-300301","1":"product","2":"type-product","3":"status-publish","4":"has-post-thumbnail","6":"product_cat-pantalon-court-fr-3","7":"product_cat-vetements-pour-hommes-fr","8":"product_tag-craft-fr","9":"product_tag-craft-homme","10":"pa_attivita-marcher","11":"pa_attivita-running-fr","12":"pa_colore-adv-essence-shorts-m-black-fr","13":"pa_colore-adv-essence-shorts-m-blaze-fr","14":"pa_colore-adv-essence-shorts-m-cloud-fr","15":"pa_marca-craft-fr","16":"pa_sesso-homme","17":"pa_size-small-fr","18":"pa_size-medium-fr","19":"pa_size-large-fr","21":"first","22":"instock","23":"sale","24":"taxable","25":"shipping-taxable","26":"purchasable","27":"product-type-variable","28":"wvs-archive-product-wrapper"},"acf":[],"yoast_head":"<!-- This site is optimized with the Yoast SEO plugin v26.8 - https:\/\/yoast.com\/product\/yoast-seo-wordpress\/ -->\n<title>Craft ADV Essence Shorts 2 homme - Shorts pour homme - MioMioRun<\/title>\n<meta name=\"description\" content=\"Les ADV Essence Shorts 2 sont des shorts d&#039;entra\u00eenement l\u00e9gers et fonctionnels, avec des d\u00e9tails perfor\u00e9s, des poches lat\u00e9rales et un cordon de serrage pour un ajustement parfait.\" \/>\n<meta name=\"robots\" content=\"index, follow, max-snippet:-1, max-image-preview:large, max-video-preview:-1\" \/>\n<link rel=\"canonical\" href=\"https:\/\/www.miomiorun.com\/fr\/produit\/adv-essence-shorts-2-homme\/\" \/>\n<meta property=\"og:locale\" content=\"fr_FR\" \/>\n<meta property=\"og:type\" content=\"article\" \/>\n<meta property=\"og:title\" content=\"Craft ADV Essence Shorts 2 homme - Shorts pour homme - MioMioRun\" \/>\n<meta property=\"og:description\" content=\"Les ADV Essence Shorts 2 sont des shorts d&#039;entra\u00eenement l\u00e9gers et fonctionnels, avec des d\u00e9tails perfor\u00e9s, des poches lat\u00e9rales et un cordon de serrage pour un ajustement parfait.\" \/>\n<meta property=\"og:url\" content=\"https:\/\/www.miomiorun.com\/fr\/produit\/adv-essence-shorts-2-homme\/\" \/>\n<meta property=\"og:site_name\" content=\"MioMioRun\" \/>\n<meta property=\"article:publisher\" content=\"https:\/\/www.facebook.com\/miomiorun\/\" \/>\n<meta property=\"article:modified_time\" content=\"2026-05-08T20:35:14+00:00\" \/>\n<meta property=\"og:image\" content=\"https:\/\/www.miomiorun.com\/app\/uploads\/2025\/04\/craft-ADV-essence-shorts-M-blaze-1915951-396000.webp\" \/>\n\t<meta property=\"og:image:width\" content=\"600\" \/>\n\t<meta property=\"og:image:height\" content=\"600\" \/>\n\t<meta property=\"og:image:type\" content=\"image\/webp\" \/>\n<meta name=\"twitter:card\" content=\"summary_large_image\" \/>\n<meta name=\"twitter:label1\" content=\"Est. reading time\" \/>\n\t<meta name=\"twitter:data1\" content=\"1 minute\" \/>\n<script type=\"application\/ld+json\" class=\"yoast-schema-graph\">{\"@context\":\"https:\/\/schema.org\",\"@graph\":[{\"@type\":\"WebPage\",\"@id\":\"https:\/\/www.miomiorun.com\/fr\/produit\/adv-essence-shorts-2-homme\/\",\"url\":\"https:\/\/www.miomiorun.com\/fr\/produit\/adv-essence-shorts-2-homme\/\",\"name\":\"Craft ADV Essence Shorts 2 homme - Shorts pour homme - MioMioRun\",\"isPartOf\":{\"@id\":\"https:\/\/www.miomiorun.com\/fr\/#website\"},\"primaryImageOfPage\":{\"@id\":\"https:\/\/www.miomiorun.com\/fr\/produit\/adv-essence-shorts-2-homme\/#primaryimage\"},\"image\":{\"@id\":\"https:\/\/www.miomiorun.com\/fr\/produit\/adv-essence-shorts-2-homme\/#primaryimage\"},\"thumbnailUrl\":\"https:\/\/www.miomiorun.com\/app\/uploads\/2025\/04\/craft-ADV-essence-shorts-M-blaze-1915951-396000.webp\",\"datePublished\":\"2025-03-20T10:05:01+00:00\",\"dateModified\":\"2026-05-08T20:35:14+00:00\",\"description\":\"Les ADV Essence Shorts 2 sont des shorts d'entra\u00eenement l\u00e9gers et fonctionnels, avec des d\u00e9tails perfor\u00e9s, des poches lat\u00e9rales et un cordon de serrage pour un ajustement parfait.\",\"breadcrumb\":{\"@id\":\"https:\/\/www.miomiorun.com\/fr\/produit\/adv-essence-shorts-2-homme\/#breadcrumb\"},\"inLanguage\":\"fr-FR\",\"potentialAction\":[{\"@type\":\"ReadAction\",\"target\":[\"https:\/\/www.miomiorun.com\/fr\/produit\/adv-essence-shorts-2-homme\/\"]}]},{\"@type\":\"ImageObject\",\"inLanguage\":\"fr-FR\",\"@id\":\"https:\/\/www.miomiorun.com\/fr\/produit\/adv-essence-shorts-2-homme\/#primaryimage\",\"url\":\"https:\/\/www.miomiorun.com\/app\/uploads\/2025\/04\/craft-ADV-essence-shorts-M-blaze-1915951-396000.webp\",\"contentUrl\":\"https:\/\/www.miomiorun.com\/app\/uploads\/2025\/04\/craft-ADV-essence-shorts-M-blaze-1915951-396000.webp\",\"width\":600,\"height\":600,\"caption\":\"craft ADV essence shorts M blaze 1915951-396000\"},{\"@type\":\"BreadcrumbList\",\"@id\":\"https:\/\/www.miomiorun.com\/fr\/produit\/adv-essence-shorts-2-homme\/#breadcrumb\",\"itemListElement\":[{\"@type\":\"ListItem\",\"position\":1,\"name\":\"Home\",\"item\":\"https:\/\/www.miomiorun.com\/fr\/home-page\/\"},{\"@type\":\"ListItem\",\"position\":2,\"name\":\"Shop\",\"item\":\"https:\/\/www.miomiorun.com\/shop\/\"},{\"@type\":\"ListItem\",\"position\":3,\"name\":\"ADV Essence Shorts 2 homme\"}]},{\"@type\":\"WebSite\",\"@id\":\"https:\/\/www.miomiorun.com\/fr\/#website\",\"url\":\"https:\/\/www.miomiorun.com\/fr\/\",\"name\":\"MioMioRun\",\"description\":\"Boutique 100% running et trail\",\"publisher\":{\"@id\":\"https:\/\/www.miomiorun.com\/fr\/#organization\"},\"potentialAction\":[{\"@type\":\"SearchAction\",\"target\":{\"@type\":\"EntryPoint\",\"urlTemplate\":\"https:\/\/www.miomiorun.com\/fr\/?s={search_term_string}\"},\"query-input\":{\"@type\":\"PropertyValueSpecification\",\"valueRequired\":true,\"valueName\":\"search_term_string\"}}],\"inLanguage\":\"fr-FR\"},{\"@type\":\"Organization\",\"@id\":\"https:\/\/www.miomiorun.com\/fr\/#organization\",\"name\":\"MioMio Run\",\"url\":\"https:\/\/www.miomiorun.com\/fr\/\",\"logo\":{\"@type\":\"ImageObject\",\"inLanguage\":\"fr-FR\",\"@id\":\"https:\/\/www.miomiorun.com\/fr\/#\/schema\/logo\/image\/\",\"url\":\"https:\/\/www.miomiorun.com\/app\/uploads\/2019\/12\/logomio.png\",\"contentUrl\":\"https:\/\/www.miomiorun.com\/app\/uploads\/2019\/12\/logomio.png\",\"width\":115,\"height\":82,\"caption\":\"MioMio Run\"},\"image\":{\"@id\":\"https:\/\/www.miomiorun.com\/fr\/#\/schema\/logo\/image\/\"},\"sameAs\":[\"https:\/\/www.facebook.com\/miomiorun\/\",\"https:\/\/www.instagram.com\/miomiorun\/\"]}]}<\/script>\n<!-- \/ Yoast SEO plugin. -->","yoast_head_json":{"title":"Craft ADV Essence Shorts 2 homme - Shorts pour homme - MioMioRun","description":"Les ADV Essence Shorts 2 sont des shorts d'entra\u00eenement l\u00e9gers et fonctionnels, avec des d\u00e9tails perfor\u00e9s, des poches lat\u00e9rales et un cordon de serrage pour un ajustement parfait.","robots":{"index":"index","follow":"follow","max-snippet":"max-snippet:-1","max-image-preview":"max-image-preview:large","max-video-preview":"max-video-preview:-1"},"canonical":"https:\/\/www.miomiorun.com\/fr\/produit\/adv-essence-shorts-2-homme\/","og_locale":"fr_FR","og_type":"article","og_title":"Craft ADV Essence Shorts 2 homme - Shorts pour homme - MioMioRun","og_description":"Les ADV Essence Shorts 2 sont des shorts d'entra\u00eenement l\u00e9gers et fonctionnels, avec des d\u00e9tails perfor\u00e9s, des poches lat\u00e9rales et un cordon de serrage pour un ajustement parfait.","og_url":"https:\/\/www.miomiorun.com\/fr\/produit\/adv-essence-shorts-2-homme\/","og_site_name":"MioMioRun","article_publisher":"https:\/\/www.facebook.com\/miomiorun\/","article_modified_time":"2026-05-08T20:35:14+00:00","og_image":[{"width":600,"height":600,"url":"https:\/\/www.miomiorun.com\/app\/uploads\/2025\/04\/craft-ADV-essence-shorts-M-blaze-1915951-396000.webp","type":"image\/webp"}],"twitter_card":"summary_large_image","twitter_misc":{"Est. reading time":"1 minute"},"schema":{"@context":"https:\/\/schema.org","@graph":[{"@type":"WebPage","@id":"https:\/\/www.miomiorun.com\/fr\/produit\/adv-essence-shorts-2-homme\/","url":"https:\/\/www.miomiorun.com\/fr\/produit\/adv-essence-shorts-2-homme\/","name":"Craft ADV Essence Shorts 2 homme - Shorts pour homme - MioMioRun","isPartOf":{"@id":"https:\/\/www.miomiorun.com\/fr\/#website"},"primaryImageOfPage":{"@id":"https:\/\/www.miomiorun.com\/fr\/produit\/adv-essence-shorts-2-homme\/#primaryimage"},"image":{"@id":"https:\/\/www.miomiorun.com\/fr\/produit\/adv-essence-shorts-2-homme\/#primaryimage"},"thumbnailUrl":"https:\/\/www.miomiorun.com\/app\/uploads\/2025\/04\/craft-ADV-essence-shorts-M-blaze-1915951-396000.webp","datePublished":"2025-03-20T10:05:01+00:00","dateModified":"2026-05-08T20:35:14+00:00","description":"Les ADV Essence Shorts 2 sont des shorts d'entra\u00eenement l\u00e9gers et fonctionnels, avec des d\u00e9tails perfor\u00e9s, des poches lat\u00e9rales et un cordon de serrage pour un ajustement parfait.","breadcrumb":{"@id":"https:\/\/www.miomiorun.com\/fr\/produit\/adv-essence-shorts-2-homme\/#breadcrumb"},"inLanguage":"fr-FR","potentialAction":[{"@type":"ReadAction","target":["https:\/\/www.miomiorun.com\/fr\/produit\/adv-essence-shorts-2-homme\/"]}]},{"@type":"ImageObject","inLanguage":"fr-FR","@id":"https:\/\/www.miomiorun.com\/fr\/produit\/adv-essence-shorts-2-homme\/#primaryimage","url":"https:\/\/www.miomiorun.com\/app\/uploads\/2025\/04\/craft-ADV-essence-shorts-M-blaze-1915951-396000.webp","contentUrl":"https:\/\/www.miomiorun.com\/app\/uploads\/2025\/04\/craft-ADV-essence-shorts-M-blaze-1915951-396000.webp","width":600,"height":600,"caption":"craft ADV essence shorts M blaze 1915951-396000"},{"@type":"BreadcrumbList","@id":"https:\/\/www.miomiorun.com\/fr\/produit\/adv-essence-shorts-2-homme\/#breadcrumb","itemListElement":[{"@type":"ListItem","position":1,"name":"Home","item":"https:\/\/www.miomiorun.com\/fr\/home-page\/"},{"@type":"ListItem","position":2,"name":"Shop","item":"https:\/\/www.miomiorun.com\/shop\/"},{"@type":"ListItem","position":3,"name":"ADV Essence Shorts 2 homme"}]},{"@type":"WebSite","@id":"https:\/\/www.miomiorun.com\/fr\/#website","url":"https:\/\/www.miomiorun.com\/fr\/","name":"MioMioRun","description":"Boutique 100% running et trail","publisher":{"@id":"https:\/\/www.miomiorun.com\/fr\/#organization"},"potentialAction":[{"@type":"SearchAction","target":{"@type":"EntryPoint","urlTemplate":"https:\/\/www.miomiorun.com\/fr\/?s={search_term_string}"},"query-input":{"@type":"PropertyValueSpecification","valueRequired":true,"valueName":"search_term_string"}}],"inLanguage":"fr-FR"},{"@type":"Organization","@id":"https:\/\/www.miomiorun.com\/fr\/#organization","name":"MioMio Run","url":"https:\/\/www.miomiorun.com\/fr\/","logo":{"@type":"ImageObject","inLanguage":"fr-FR","@id":"https:\/\/www.miomiorun.com\/fr\/#\/schema\/logo\/image\/","url":"https:\/\/www.miomiorun.com\/app\/uploads\/2019\/12\/logomio.png","contentUrl":"https:\/\/www.miomiorun.com\/app\/uploads\/2019\/12\/logomio.png","width":115,"height":82,"caption":"MioMio Run"},"image":{"@id":"https:\/\/www.miomiorun.com\/fr\/#\/schema\/logo\/image\/"},"sameAs":["https:\/\/www.facebook.com\/miomiorun\/","https:\/\/www.instagram.com\/miomiorun\/"]}]}},"_links":{"self":[{"href":"https:\/\/www.miomiorun.com\/fr\/wp-json\/wp\/v2\/product\/300301","targetHints":{"allow":["GET"]}}],"collection":[{"href":"https:\/\/www.miomiorun.com\/fr\/wp-json\/wp\/v2\/product"}],"about":[{"href":"https:\/\/www.miomiorun.com\/fr\/wp-json\/wp\/v2\/types\/product"}],"wp:featuredmedia":[{"embeddable":true,"href":"https:\/\/www.miomiorun.com\/fr\/wp-json\/wp\/v2\/media\/301860"}],"wp:attachment":[{"href":"https:\/\/www.miomiorun.com\/fr\/wp-json\/wp\/v2\/media?parent=300301"}],"wp:term":[{"taxonomy":"product_brand","embeddable":true,"href":"https:\/\/www.miomiorun.com\/fr\/wp-json\/wp\/v2\/product_brand?post=300301"},{"taxonomy":"product_cat","embeddable":true,"href":"https:\/\/www.miomiorun.com\/fr\/wp-json\/wp\/v2\/product_cat?post=300301"},{"taxonomy":"product_tag","embeddable":true,"href":"https:\/\/www.miomiorun.com\/fr\/wp-json\/wp\/v2\/product_tag?post=300301"}],"curies":[{"name":"wp","href":"https:\/\/api.w.org\/{rel}","templated":true}]}}