{"id":300298,"date":"2025-03-20T11:54:51","date_gmt":"2025-03-20T10:54:51","guid":{"rendered":"https:\/\/miomiorun.com\/?post_type=product&#038;p=300298"},"modified":"2026-05-08T22:35:15","modified_gmt":"2026-05-08T20:35:15","slug":"collective-structure-shorts-homme","status":"publish","type":"product","link":"https:\/\/www.miomiorun.com\/fr\/produit\/collective-structure-shorts-homme\/","title":{"rendered":"Collective Structure Shorts homme"},"content":{"rendered":"<p>Les <strong>shorts Collective Structure<\/strong> sont parfaits pour ceux qui recherchent l&#8217;\u00e9quilibre id\u00e9al entre confort, performance et style. Fabriqu\u00e9s dans un <strong>tissu extensible en polyester recycl\u00e9 et \u00e9lasthanne<\/strong>, ces shorts pr\u00e9sentent une <strong>surface structur\u00e9e en jacquard<\/strong> qui les rend non seulement confortables, mais aussi \u00e9l\u00e9gants, parfaits pour toutes les occasions, de l&#8217;entra\u00eenement \u00e0 la vie quotidienne.<\/p>\n<p>La <strong>ceinture \u00e9lastique avec cordon de serrage r\u00e9glable<\/strong> garantit un ajustement personnalisable, tandis que les <strong>deux poches lat\u00e9rales<\/strong> et la <strong>poche arri\u00e8re zipp\u00e9e<\/strong> offrent un espace suffisant pour vos objets essentiels. Leur <strong>coupe r\u00e9guli\u00e8re<\/strong> les rend polyvalents et adapt\u00e9s \u00e0 tout type d&#8217;activit\u00e9, sportive ou d\u00e9contract\u00e9e.<\/p>\n<p>Avec le <strong>short Collective Structure<\/strong>, vous pouvez relever tous les d\u00e9fis avec style et confort, sans compromettre vos performances.<\/p>\n","protected":false},"excerpt":{"rendered":"<p>Les shorts Collective Structure sont parfaits pour ceux qui recherchent l&#8217;\u00e9quilibre id\u00e9al entre confort, performance et style. Fabriqu\u00e9s dans un tissu extensible en polyester recycl\u00e9 et \u00e9lasthanne, ces shorts pr\u00e9sentent une surface structur\u00e9e en jacquard qui les rend non seulement confortables, mais aussi \u00e9l\u00e9gants, parfaits pour toutes les occasions, de l&#8217;entra\u00eenement \u00e0 la vie quotidienne. &hellip; <a href=\"https:\/\/www.miomiorun.com\/fr\/produit\/collective-structure-shorts-homme\/\">Continued<\/a><\/p>\n","protected":false},"featured_media":301937,"template":"","meta":{"_acf_changed":false,"inline_featured_image":false},"product_brand":[],"product_cat":[24477,24482],"product_tag":[23554,23647],"class_list":{"0":"post-300298","1":"product","2":"type-product","3":"status-publish","4":"has-post-thumbnail","6":"product_cat-pantalon-court-fr-3","7":"product_cat-vetements-pour-hommes-fr","8":"product_tag-craft-fr","9":"product_tag-craft-homme","10":"pa_attivita-marcher","11":"pa_attivita-running-fr","12":"pa_colore-collective-structure-shorts-m-black-fr","13":"pa_marca-craft-fr","14":"pa_sesso-homme","15":"pa_size-medium-fr","17":"first","18":"instock","19":"sale","20":"taxable","21":"shipping-taxable","22":"purchasable","23":"product-type-variable","24":"wvs-archive-product-wrapper"},"acf":[],"yoast_head":"<!-- This site is optimized with the Yoast SEO plugin v26.8 - https:\/\/yoast.com\/product\/yoast-seo-wordpress\/ -->\n<title>Craft Collective Structure Shorts homme -Shorts pour homme - MioMioRun<\/title>\n<meta name=\"description\" content=\"Les shorts Collective Structure allient confort, performance et style avec un cordon de serrage r\u00e9glable et des poches pratiques pour un look polyvalent et fonctionnel.\" \/>\n<meta name=\"robots\" content=\"index, follow, max-snippet:-1, max-image-preview:large, max-video-preview:-1\" \/>\n<link rel=\"canonical\" href=\"https:\/\/www.miomiorun.com\/fr\/produit\/collective-structure-shorts-homme\/\" \/>\n<meta property=\"og:locale\" content=\"fr_FR\" \/>\n<meta property=\"og:type\" content=\"article\" \/>\n<meta property=\"og:title\" content=\"Craft Collective Structure Shorts homme -Shorts pour homme - MioMioRun\" \/>\n<meta property=\"og:description\" content=\"Les shorts Collective Structure allient confort, performance et style avec un cordon de serrage r\u00e9glable et des poches pratiques pour un look polyvalent et fonctionnel.\" \/>\n<meta property=\"og:url\" content=\"https:\/\/www.miomiorun.com\/fr\/produit\/collective-structure-shorts-homme\/\" \/>\n<meta property=\"og:site_name\" content=\"MioMioRun\" \/>\n<meta property=\"article:publisher\" content=\"https:\/\/www.facebook.com\/miomiorun\/\" \/>\n<meta property=\"article:modified_time\" content=\"2026-05-08T20:35:15+00:00\" \/>\n<meta property=\"og:image\" content=\"https:\/\/www.miomiorun.com\/app\/uploads\/2025\/04\/craft-Collective-structure-shorts-M-black-1916036-999000.webp\" \/>\n\t<meta property=\"og:image:width\" content=\"600\" \/>\n\t<meta property=\"og:image:height\" content=\"600\" \/>\n\t<meta property=\"og:image:type\" content=\"image\/webp\" \/>\n<meta name=\"twitter:card\" content=\"summary_large_image\" \/>\n<meta name=\"twitter:label1\" content=\"Est. reading time\" \/>\n\t<meta name=\"twitter:data1\" content=\"1 minute\" \/>\n<script type=\"application\/ld+json\" class=\"yoast-schema-graph\">{\"@context\":\"https:\/\/schema.org\",\"@graph\":[{\"@type\":\"WebPage\",\"@id\":\"https:\/\/www.miomiorun.com\/fr\/produit\/collective-structure-shorts-homme\/\",\"url\":\"https:\/\/www.miomiorun.com\/fr\/produit\/collective-structure-shorts-homme\/\",\"name\":\"Craft Collective Structure Shorts homme -Shorts pour homme - MioMioRun\",\"isPartOf\":{\"@id\":\"https:\/\/www.miomiorun.com\/fr\/#website\"},\"primaryImageOfPage\":{\"@id\":\"https:\/\/www.miomiorun.com\/fr\/produit\/collective-structure-shorts-homme\/#primaryimage\"},\"image\":{\"@id\":\"https:\/\/www.miomiorun.com\/fr\/produit\/collective-structure-shorts-homme\/#primaryimage\"},\"thumbnailUrl\":\"https:\/\/www.miomiorun.com\/app\/uploads\/2025\/04\/craft-Collective-structure-shorts-M-black-1916036-999000.webp\",\"datePublished\":\"2025-03-20T10:54:51+00:00\",\"dateModified\":\"2026-05-08T20:35:15+00:00\",\"description\":\"Les shorts Collective Structure allient confort, performance et style avec un cordon de serrage r\u00e9glable et des poches pratiques pour un look polyvalent et fonctionnel.\",\"breadcrumb\":{\"@id\":\"https:\/\/www.miomiorun.com\/fr\/produit\/collective-structure-shorts-homme\/#breadcrumb\"},\"inLanguage\":\"fr-FR\",\"potentialAction\":[{\"@type\":\"ReadAction\",\"target\":[\"https:\/\/www.miomiorun.com\/fr\/produit\/collective-structure-shorts-homme\/\"]}]},{\"@type\":\"ImageObject\",\"inLanguage\":\"fr-FR\",\"@id\":\"https:\/\/www.miomiorun.com\/fr\/produit\/collective-structure-shorts-homme\/#primaryimage\",\"url\":\"https:\/\/www.miomiorun.com\/app\/uploads\/2025\/04\/craft-Collective-structure-shorts-M-black-1916036-999000.webp\",\"contentUrl\":\"https:\/\/www.miomiorun.com\/app\/uploads\/2025\/04\/craft-Collective-structure-shorts-M-black-1916036-999000.webp\",\"width\":600,\"height\":600,\"caption\":\"craft Collective structure shorts M black 1916036-999000\"},{\"@type\":\"BreadcrumbList\",\"@id\":\"https:\/\/www.miomiorun.com\/fr\/produit\/collective-structure-shorts-homme\/#breadcrumb\",\"itemListElement\":[{\"@type\":\"ListItem\",\"position\":1,\"name\":\"Home\",\"item\":\"https:\/\/www.miomiorun.com\/fr\/home-page\/\"},{\"@type\":\"ListItem\",\"position\":2,\"name\":\"Shop\",\"item\":\"https:\/\/www.miomiorun.com\/shop\/\"},{\"@type\":\"ListItem\",\"position\":3,\"name\":\"Collective Structure Shorts homme\"}]},{\"@type\":\"WebSite\",\"@id\":\"https:\/\/www.miomiorun.com\/fr\/#website\",\"url\":\"https:\/\/www.miomiorun.com\/fr\/\",\"name\":\"MioMioRun\",\"description\":\"Boutique 100% running et trail\",\"publisher\":{\"@id\":\"https:\/\/www.miomiorun.com\/fr\/#organization\"},\"potentialAction\":[{\"@type\":\"SearchAction\",\"target\":{\"@type\":\"EntryPoint\",\"urlTemplate\":\"https:\/\/www.miomiorun.com\/fr\/?s={search_term_string}\"},\"query-input\":{\"@type\":\"PropertyValueSpecification\",\"valueRequired\":true,\"valueName\":\"search_term_string\"}}],\"inLanguage\":\"fr-FR\"},{\"@type\":\"Organization\",\"@id\":\"https:\/\/www.miomiorun.com\/fr\/#organization\",\"name\":\"MioMio Run\",\"url\":\"https:\/\/www.miomiorun.com\/fr\/\",\"logo\":{\"@type\":\"ImageObject\",\"inLanguage\":\"fr-FR\",\"@id\":\"https:\/\/www.miomiorun.com\/fr\/#\/schema\/logo\/image\/\",\"url\":\"https:\/\/www.miomiorun.com\/app\/uploads\/2019\/12\/logomio.png\",\"contentUrl\":\"https:\/\/www.miomiorun.com\/app\/uploads\/2019\/12\/logomio.png\",\"width\":115,\"height\":82,\"caption\":\"MioMio Run\"},\"image\":{\"@id\":\"https:\/\/www.miomiorun.com\/fr\/#\/schema\/logo\/image\/\"},\"sameAs\":[\"https:\/\/www.facebook.com\/miomiorun\/\",\"https:\/\/www.instagram.com\/miomiorun\/\"]}]}<\/script>\n<!-- \/ Yoast SEO plugin. -->","yoast_head_json":{"title":"Craft Collective Structure Shorts homme -Shorts pour homme - MioMioRun","description":"Les shorts Collective Structure allient confort, performance et style avec un cordon de serrage r\u00e9glable et des poches pratiques pour un look polyvalent et fonctionnel.","robots":{"index":"index","follow":"follow","max-snippet":"max-snippet:-1","max-image-preview":"max-image-preview:large","max-video-preview":"max-video-preview:-1"},"canonical":"https:\/\/www.miomiorun.com\/fr\/produit\/collective-structure-shorts-homme\/","og_locale":"fr_FR","og_type":"article","og_title":"Craft Collective Structure Shorts homme -Shorts pour homme - MioMioRun","og_description":"Les shorts Collective Structure allient confort, performance et style avec un cordon de serrage r\u00e9glable et des poches pratiques pour un look polyvalent et fonctionnel.","og_url":"https:\/\/www.miomiorun.com\/fr\/produit\/collective-structure-shorts-homme\/","og_site_name":"MioMioRun","article_publisher":"https:\/\/www.facebook.com\/miomiorun\/","article_modified_time":"2026-05-08T20:35:15+00:00","og_image":[{"width":600,"height":600,"url":"https:\/\/www.miomiorun.com\/app\/uploads\/2025\/04\/craft-Collective-structure-shorts-M-black-1916036-999000.webp","type":"image\/webp"}],"twitter_card":"summary_large_image","twitter_misc":{"Est. reading time":"1 minute"},"schema":{"@context":"https:\/\/schema.org","@graph":[{"@type":"WebPage","@id":"https:\/\/www.miomiorun.com\/fr\/produit\/collective-structure-shorts-homme\/","url":"https:\/\/www.miomiorun.com\/fr\/produit\/collective-structure-shorts-homme\/","name":"Craft Collective Structure Shorts homme -Shorts pour homme - MioMioRun","isPartOf":{"@id":"https:\/\/www.miomiorun.com\/fr\/#website"},"primaryImageOfPage":{"@id":"https:\/\/www.miomiorun.com\/fr\/produit\/collective-structure-shorts-homme\/#primaryimage"},"image":{"@id":"https:\/\/www.miomiorun.com\/fr\/produit\/collective-structure-shorts-homme\/#primaryimage"},"thumbnailUrl":"https:\/\/www.miomiorun.com\/app\/uploads\/2025\/04\/craft-Collective-structure-shorts-M-black-1916036-999000.webp","datePublished":"2025-03-20T10:54:51+00:00","dateModified":"2026-05-08T20:35:15+00:00","description":"Les shorts Collective Structure allient confort, performance et style avec un cordon de serrage r\u00e9glable et des poches pratiques pour un look polyvalent et fonctionnel.","breadcrumb":{"@id":"https:\/\/www.miomiorun.com\/fr\/produit\/collective-structure-shorts-homme\/#breadcrumb"},"inLanguage":"fr-FR","potentialAction":[{"@type":"ReadAction","target":["https:\/\/www.miomiorun.com\/fr\/produit\/collective-structure-shorts-homme\/"]}]},{"@type":"ImageObject","inLanguage":"fr-FR","@id":"https:\/\/www.miomiorun.com\/fr\/produit\/collective-structure-shorts-homme\/#primaryimage","url":"https:\/\/www.miomiorun.com\/app\/uploads\/2025\/04\/craft-Collective-structure-shorts-M-black-1916036-999000.webp","contentUrl":"https:\/\/www.miomiorun.com\/app\/uploads\/2025\/04\/craft-Collective-structure-shorts-M-black-1916036-999000.webp","width":600,"height":600,"caption":"craft Collective structure shorts M black 1916036-999000"},{"@type":"BreadcrumbList","@id":"https:\/\/www.miomiorun.com\/fr\/produit\/collective-structure-shorts-homme\/#breadcrumb","itemListElement":[{"@type":"ListItem","position":1,"name":"Home","item":"https:\/\/www.miomiorun.com\/fr\/home-page\/"},{"@type":"ListItem","position":2,"name":"Shop","item":"https:\/\/www.miomiorun.com\/shop\/"},{"@type":"ListItem","position":3,"name":"Collective Structure Shorts homme"}]},{"@type":"WebSite","@id":"https:\/\/www.miomiorun.com\/fr\/#website","url":"https:\/\/www.miomiorun.com\/fr\/","name":"MioMioRun","description":"Boutique 100% running et trail","publisher":{"@id":"https:\/\/www.miomiorun.com\/fr\/#organization"},"potentialAction":[{"@type":"SearchAction","target":{"@type":"EntryPoint","urlTemplate":"https:\/\/www.miomiorun.com\/fr\/?s={search_term_string}"},"query-input":{"@type":"PropertyValueSpecification","valueRequired":true,"valueName":"search_term_string"}}],"inLanguage":"fr-FR"},{"@type":"Organization","@id":"https:\/\/www.miomiorun.com\/fr\/#organization","name":"MioMio Run","url":"https:\/\/www.miomiorun.com\/fr\/","logo":{"@type":"ImageObject","inLanguage":"fr-FR","@id":"https:\/\/www.miomiorun.com\/fr\/#\/schema\/logo\/image\/","url":"https:\/\/www.miomiorun.com\/app\/uploads\/2019\/12\/logomio.png","contentUrl":"https:\/\/www.miomiorun.com\/app\/uploads\/2019\/12\/logomio.png","width":115,"height":82,"caption":"MioMio Run"},"image":{"@id":"https:\/\/www.miomiorun.com\/fr\/#\/schema\/logo\/image\/"},"sameAs":["https:\/\/www.facebook.com\/miomiorun\/","https:\/\/www.instagram.com\/miomiorun\/"]}]}},"_links":{"self":[{"href":"https:\/\/www.miomiorun.com\/fr\/wp-json\/wp\/v2\/product\/300298","targetHints":{"allow":["GET"]}}],"collection":[{"href":"https:\/\/www.miomiorun.com\/fr\/wp-json\/wp\/v2\/product"}],"about":[{"href":"https:\/\/www.miomiorun.com\/fr\/wp-json\/wp\/v2\/types\/product"}],"wp:featuredmedia":[{"embeddable":true,"href":"https:\/\/www.miomiorun.com\/fr\/wp-json\/wp\/v2\/media\/301937"}],"wp:attachment":[{"href":"https:\/\/www.miomiorun.com\/fr\/wp-json\/wp\/v2\/media?parent=300298"}],"wp:term":[{"taxonomy":"product_brand","embeddable":true,"href":"https:\/\/www.miomiorun.com\/fr\/wp-json\/wp\/v2\/product_brand?post=300298"},{"taxonomy":"product_cat","embeddable":true,"href":"https:\/\/www.miomiorun.com\/fr\/wp-json\/wp\/v2\/product_cat?post=300298"},{"taxonomy":"product_tag","embeddable":true,"href":"https:\/\/www.miomiorun.com\/fr\/wp-json\/wp\/v2\/product_tag?post=300298"}],"curies":[{"name":"wp","href":"https:\/\/api.w.org\/{rel}","templated":true}]}}