{"id":300295,"date":"2025-03-20T12:09:01","date_gmt":"2025-03-20T11:09:01","guid":{"rendered":"https:\/\/miomiorun.com\/?post_type=product&#038;p=300295"},"modified":"2025-09-19T18:20:05","modified_gmt":"2025-09-19T16:20:05","slug":"adv-join-rn-sweatshirt-homme","status":"publish","type":"product","link":"https:\/\/www.miomiorun.com\/fr\/produit\/adv-join-rn-sweatshirt-homme\/","title":{"rendered":"ADV Join RN Sweatshirt homme"},"content":{"rendered":"<p>Le <strong>sweat ADV Join RN<\/strong> est l&#8217;alli\u00e9 parfait pour votre confort au quotidien, avec un design \u00e9pur\u00e9 et minimaliste qui s&#8217;adapte \u00e0 chaque moment de la journ\u00e9e. Fabriqu\u00e9 dans un tissu de haute qualit\u00e9, avec un <strong>ext\u00e9rieur en coton lisse<\/strong> et un <strong>int\u00e9rieur en polyester doux<\/strong>, ce sweat-shirt offre un confort in\u00e9gal\u00e9, id\u00e9al aussi bien pour aller \u00e0 la salle de sport que pour se d\u00e9tendre \u00e0 la maison. Son <strong>design scandinave<\/strong> s&#8217;associe facilement \u00e0 n&#8217;importe quel autre v\u00eatement de sport, tandis que le <strong>logo brod\u00e9<\/strong> sur la manche gauche ajoute une touche d&#8217;\u00e9l\u00e9gance et de qualit\u00e9. Avec son <strong>col rond<\/strong> et sa <strong>coupe r\u00e9guli\u00e8re<\/strong>, l&#8217;<strong>ADV Join RN<\/strong> est le sweat-shirt qui allie style et praticit\u00e9 de mani\u00e8re impeccable.<\/p>\n","protected":false},"excerpt":{"rendered":"<p>Le sweat ADV Join RN est l&#8217;alli\u00e9 parfait pour votre confort au quotidien, avec un design \u00e9pur\u00e9 et minimaliste qui s&#8217;adapte \u00e0 chaque moment de la journ\u00e9e. Fabriqu\u00e9 dans un tissu de haute qualit\u00e9, avec un ext\u00e9rieur en coton lisse et un int\u00e9rieur en polyester doux, ce sweat-shirt offre un confort in\u00e9gal\u00e9, id\u00e9al aussi bien &hellip; <a href=\"https:\/\/www.miomiorun.com\/fr\/produit\/adv-join-rn-sweatshirt-homme\/\">Continued<\/a><\/p>\n","protected":false},"featured_media":301949,"template":"","meta":{"_acf_changed":false,"inline_featured_image":false},"product_brand":[],"product_cat":[24478,24482,24484],"product_tag":[23554,23647],"class_list":{"0":"post-300295","1":"product","2":"type-product","3":"status-publish","4":"has-post-thumbnail","6":"product_cat-maillots-fr-2","7":"product_cat-vetements-pour-hommes-fr","8":"product_cat-homme","9":"product_tag-craft-fr","10":"product_tag-craft-homme","11":"pa_attivita-lifestyle-fr","12":"pa_attivita-marcher","13":"pa_colore-adv-join-rn-sweatshirt-m-grey-melange-fr","14":"pa_marca-craft-fr","15":"pa_sesso-homme","16":"pa_size-small-fr","17":"pa_size-medium-fr","19":"first","20":"instock","21":"sale","22":"taxable","23":"shipping-taxable","24":"purchasable","25":"product-type-variable","26":"wvs-archive-product-wrapper"},"acf":[],"yoast_head":"<!-- This site is optimized with the Yoast SEO plugin v26.8 - https:\/\/yoast.com\/product\/yoast-seo-wordpress\/ -->\n<title>Craft ADV Join RN Sweatshirt homme - sweat \u00e0 col rond - MioMioRun.com<\/title>\n<meta name=\"description\" content=\"Le sweat ADV Join RN est un v\u00eatement minimaliste et confortable, avec un ext\u00e9rieur en coton lisse et un int\u00e9rieur en polyester, parfait pour un usage quotidien.\" \/>\n<meta name=\"robots\" content=\"index, follow, max-snippet:-1, max-image-preview:large, max-video-preview:-1\" \/>\n<link rel=\"canonical\" href=\"https:\/\/www.miomiorun.com\/fr\/produit\/adv-join-rn-sweatshirt-homme\/\" \/>\n<meta property=\"og:locale\" content=\"fr_FR\" \/>\n<meta property=\"og:type\" content=\"article\" \/>\n<meta property=\"og:title\" content=\"Craft ADV Join RN Sweatshirt homme - sweat \u00e0 col rond - MioMioRun.com\" \/>\n<meta property=\"og:description\" content=\"Le sweat ADV Join RN est un v\u00eatement minimaliste et confortable, avec un ext\u00e9rieur en coton lisse et un int\u00e9rieur en polyester, parfait pour un usage quotidien.\" \/>\n<meta property=\"og:url\" content=\"https:\/\/www.miomiorun.com\/fr\/produit\/adv-join-rn-sweatshirt-homme\/\" \/>\n<meta property=\"og:site_name\" content=\"MioMioRun\" \/>\n<meta property=\"article:publisher\" content=\"https:\/\/www.facebook.com\/miomiorun\/\" \/>\n<meta property=\"article:modified_time\" content=\"2025-09-19T16:20:05+00:00\" \/>\n<meta property=\"og:image\" content=\"https:\/\/www.miomiorun.com\/app\/uploads\/2025\/04\/craft-ADV-Join-RN-sweatshirt-M-grey-melange-1914707-950000.webp\" \/>\n\t<meta property=\"og:image:width\" content=\"600\" \/>\n\t<meta property=\"og:image:height\" content=\"600\" \/>\n\t<meta property=\"og:image:type\" content=\"image\/webp\" \/>\n<meta name=\"twitter:card\" content=\"summary_large_image\" \/>\n<meta name=\"twitter:label1\" content=\"Est. reading time\" \/>\n\t<meta name=\"twitter:data1\" content=\"1 minute\" \/>\n<script type=\"application\/ld+json\" class=\"yoast-schema-graph\">{\"@context\":\"https:\/\/schema.org\",\"@graph\":[{\"@type\":\"WebPage\",\"@id\":\"https:\/\/www.miomiorun.com\/fr\/produit\/adv-join-rn-sweatshirt-homme\/\",\"url\":\"https:\/\/www.miomiorun.com\/fr\/produit\/adv-join-rn-sweatshirt-homme\/\",\"name\":\"Craft ADV Join RN Sweatshirt homme - sweat \u00e0 col rond - MioMioRun.com\",\"isPartOf\":{\"@id\":\"https:\/\/www.miomiorun.com\/fr\/#website\"},\"primaryImageOfPage\":{\"@id\":\"https:\/\/www.miomiorun.com\/fr\/produit\/adv-join-rn-sweatshirt-homme\/#primaryimage\"},\"image\":{\"@id\":\"https:\/\/www.miomiorun.com\/fr\/produit\/adv-join-rn-sweatshirt-homme\/#primaryimage\"},\"thumbnailUrl\":\"https:\/\/www.miomiorun.com\/app\/uploads\/2025\/04\/craft-ADV-Join-RN-sweatshirt-M-grey-melange-1914707-950000.webp\",\"datePublished\":\"2025-03-20T11:09:01+00:00\",\"dateModified\":\"2025-09-19T16:20:05+00:00\",\"description\":\"Le sweat ADV Join RN est un v\u00eatement minimaliste et confortable, avec un ext\u00e9rieur en coton lisse et un int\u00e9rieur en polyester, parfait pour un usage quotidien.\",\"breadcrumb\":{\"@id\":\"https:\/\/www.miomiorun.com\/fr\/produit\/adv-join-rn-sweatshirt-homme\/#breadcrumb\"},\"inLanguage\":\"fr-FR\",\"potentialAction\":[{\"@type\":\"ReadAction\",\"target\":[\"https:\/\/www.miomiorun.com\/fr\/produit\/adv-join-rn-sweatshirt-homme\/\"]}]},{\"@type\":\"ImageObject\",\"inLanguage\":\"fr-FR\",\"@id\":\"https:\/\/www.miomiorun.com\/fr\/produit\/adv-join-rn-sweatshirt-homme\/#primaryimage\",\"url\":\"https:\/\/www.miomiorun.com\/app\/uploads\/2025\/04\/craft-ADV-Join-RN-sweatshirt-M-grey-melange-1914707-950000.webp\",\"contentUrl\":\"https:\/\/www.miomiorun.com\/app\/uploads\/2025\/04\/craft-ADV-Join-RN-sweatshirt-M-grey-melange-1914707-950000.webp\",\"width\":600,\"height\":600,\"caption\":\"craft ADV Join RN sweatshirt M grey melange 1914707-950000\"},{\"@type\":\"BreadcrumbList\",\"@id\":\"https:\/\/www.miomiorun.com\/fr\/produit\/adv-join-rn-sweatshirt-homme\/#breadcrumb\",\"itemListElement\":[{\"@type\":\"ListItem\",\"position\":1,\"name\":\"Home\",\"item\":\"https:\/\/www.miomiorun.com\/fr\/home-page\/\"},{\"@type\":\"ListItem\",\"position\":2,\"name\":\"Shop\",\"item\":\"https:\/\/www.miomiorun.com\/shop\/\"},{\"@type\":\"ListItem\",\"position\":3,\"name\":\"ADV Join RN Sweatshirt homme\"}]},{\"@type\":\"WebSite\",\"@id\":\"https:\/\/www.miomiorun.com\/fr\/#website\",\"url\":\"https:\/\/www.miomiorun.com\/fr\/\",\"name\":\"MioMioRun\",\"description\":\"Boutique 100% running et trail\",\"publisher\":{\"@id\":\"https:\/\/www.miomiorun.com\/fr\/#organization\"},\"potentialAction\":[{\"@type\":\"SearchAction\",\"target\":{\"@type\":\"EntryPoint\",\"urlTemplate\":\"https:\/\/www.miomiorun.com\/fr\/?s={search_term_string}\"},\"query-input\":{\"@type\":\"PropertyValueSpecification\",\"valueRequired\":true,\"valueName\":\"search_term_string\"}}],\"inLanguage\":\"fr-FR\"},{\"@type\":\"Organization\",\"@id\":\"https:\/\/www.miomiorun.com\/fr\/#organization\",\"name\":\"MioMio Run\",\"url\":\"https:\/\/www.miomiorun.com\/fr\/\",\"logo\":{\"@type\":\"ImageObject\",\"inLanguage\":\"fr-FR\",\"@id\":\"https:\/\/www.miomiorun.com\/fr\/#\/schema\/logo\/image\/\",\"url\":\"https:\/\/www.miomiorun.com\/app\/uploads\/2019\/12\/logomio.png\",\"contentUrl\":\"https:\/\/www.miomiorun.com\/app\/uploads\/2019\/12\/logomio.png\",\"width\":115,\"height\":82,\"caption\":\"MioMio Run\"},\"image\":{\"@id\":\"https:\/\/www.miomiorun.com\/fr\/#\/schema\/logo\/image\/\"},\"sameAs\":[\"https:\/\/www.facebook.com\/miomiorun\/\",\"https:\/\/www.instagram.com\/miomiorun\/\"]}]}<\/script>\n<!-- \/ Yoast SEO plugin. -->","yoast_head_json":{"title":"Craft ADV Join RN Sweatshirt homme - sweat \u00e0 col rond - MioMioRun.com","description":"Le sweat ADV Join RN est un v\u00eatement minimaliste et confortable, avec un ext\u00e9rieur en coton lisse et un int\u00e9rieur en polyester, parfait pour un usage quotidien.","robots":{"index":"index","follow":"follow","max-snippet":"max-snippet:-1","max-image-preview":"max-image-preview:large","max-video-preview":"max-video-preview:-1"},"canonical":"https:\/\/www.miomiorun.com\/fr\/produit\/adv-join-rn-sweatshirt-homme\/","og_locale":"fr_FR","og_type":"article","og_title":"Craft ADV Join RN Sweatshirt homme - sweat \u00e0 col rond - MioMioRun.com","og_description":"Le sweat ADV Join RN est un v\u00eatement minimaliste et confortable, avec un ext\u00e9rieur en coton lisse et un int\u00e9rieur en polyester, parfait pour un usage quotidien.","og_url":"https:\/\/www.miomiorun.com\/fr\/produit\/adv-join-rn-sweatshirt-homme\/","og_site_name":"MioMioRun","article_publisher":"https:\/\/www.facebook.com\/miomiorun\/","article_modified_time":"2025-09-19T16:20:05+00:00","og_image":[{"width":600,"height":600,"url":"https:\/\/www.miomiorun.com\/app\/uploads\/2025\/04\/craft-ADV-Join-RN-sweatshirt-M-grey-melange-1914707-950000.webp","type":"image\/webp"}],"twitter_card":"summary_large_image","twitter_misc":{"Est. reading time":"1 minute"},"schema":{"@context":"https:\/\/schema.org","@graph":[{"@type":"WebPage","@id":"https:\/\/www.miomiorun.com\/fr\/produit\/adv-join-rn-sweatshirt-homme\/","url":"https:\/\/www.miomiorun.com\/fr\/produit\/adv-join-rn-sweatshirt-homme\/","name":"Craft ADV Join RN Sweatshirt homme - sweat \u00e0 col rond - MioMioRun.com","isPartOf":{"@id":"https:\/\/www.miomiorun.com\/fr\/#website"},"primaryImageOfPage":{"@id":"https:\/\/www.miomiorun.com\/fr\/produit\/adv-join-rn-sweatshirt-homme\/#primaryimage"},"image":{"@id":"https:\/\/www.miomiorun.com\/fr\/produit\/adv-join-rn-sweatshirt-homme\/#primaryimage"},"thumbnailUrl":"https:\/\/www.miomiorun.com\/app\/uploads\/2025\/04\/craft-ADV-Join-RN-sweatshirt-M-grey-melange-1914707-950000.webp","datePublished":"2025-03-20T11:09:01+00:00","dateModified":"2025-09-19T16:20:05+00:00","description":"Le sweat ADV Join RN est un v\u00eatement minimaliste et confortable, avec un ext\u00e9rieur en coton lisse et un int\u00e9rieur en polyester, parfait pour un usage quotidien.","breadcrumb":{"@id":"https:\/\/www.miomiorun.com\/fr\/produit\/adv-join-rn-sweatshirt-homme\/#breadcrumb"},"inLanguage":"fr-FR","potentialAction":[{"@type":"ReadAction","target":["https:\/\/www.miomiorun.com\/fr\/produit\/adv-join-rn-sweatshirt-homme\/"]}]},{"@type":"ImageObject","inLanguage":"fr-FR","@id":"https:\/\/www.miomiorun.com\/fr\/produit\/adv-join-rn-sweatshirt-homme\/#primaryimage","url":"https:\/\/www.miomiorun.com\/app\/uploads\/2025\/04\/craft-ADV-Join-RN-sweatshirt-M-grey-melange-1914707-950000.webp","contentUrl":"https:\/\/www.miomiorun.com\/app\/uploads\/2025\/04\/craft-ADV-Join-RN-sweatshirt-M-grey-melange-1914707-950000.webp","width":600,"height":600,"caption":"craft ADV Join RN sweatshirt M grey melange 1914707-950000"},{"@type":"BreadcrumbList","@id":"https:\/\/www.miomiorun.com\/fr\/produit\/adv-join-rn-sweatshirt-homme\/#breadcrumb","itemListElement":[{"@type":"ListItem","position":1,"name":"Home","item":"https:\/\/www.miomiorun.com\/fr\/home-page\/"},{"@type":"ListItem","position":2,"name":"Shop","item":"https:\/\/www.miomiorun.com\/shop\/"},{"@type":"ListItem","position":3,"name":"ADV Join RN Sweatshirt homme"}]},{"@type":"WebSite","@id":"https:\/\/www.miomiorun.com\/fr\/#website","url":"https:\/\/www.miomiorun.com\/fr\/","name":"MioMioRun","description":"Boutique 100% running et trail","publisher":{"@id":"https:\/\/www.miomiorun.com\/fr\/#organization"},"potentialAction":[{"@type":"SearchAction","target":{"@type":"EntryPoint","urlTemplate":"https:\/\/www.miomiorun.com\/fr\/?s={search_term_string}"},"query-input":{"@type":"PropertyValueSpecification","valueRequired":true,"valueName":"search_term_string"}}],"inLanguage":"fr-FR"},{"@type":"Organization","@id":"https:\/\/www.miomiorun.com\/fr\/#organization","name":"MioMio Run","url":"https:\/\/www.miomiorun.com\/fr\/","logo":{"@type":"ImageObject","inLanguage":"fr-FR","@id":"https:\/\/www.miomiorun.com\/fr\/#\/schema\/logo\/image\/","url":"https:\/\/www.miomiorun.com\/app\/uploads\/2019\/12\/logomio.png","contentUrl":"https:\/\/www.miomiorun.com\/app\/uploads\/2019\/12\/logomio.png","width":115,"height":82,"caption":"MioMio Run"},"image":{"@id":"https:\/\/www.miomiorun.com\/fr\/#\/schema\/logo\/image\/"},"sameAs":["https:\/\/www.facebook.com\/miomiorun\/","https:\/\/www.instagram.com\/miomiorun\/"]}]}},"_links":{"self":[{"href":"https:\/\/www.miomiorun.com\/fr\/wp-json\/wp\/v2\/product\/300295","targetHints":{"allow":["GET"]}}],"collection":[{"href":"https:\/\/www.miomiorun.com\/fr\/wp-json\/wp\/v2\/product"}],"about":[{"href":"https:\/\/www.miomiorun.com\/fr\/wp-json\/wp\/v2\/types\/product"}],"wp:featuredmedia":[{"embeddable":true,"href":"https:\/\/www.miomiorun.com\/fr\/wp-json\/wp\/v2\/media\/301949"}],"wp:attachment":[{"href":"https:\/\/www.miomiorun.com\/fr\/wp-json\/wp\/v2\/media?parent=300295"}],"wp:term":[{"taxonomy":"product_brand","embeddable":true,"href":"https:\/\/www.miomiorun.com\/fr\/wp-json\/wp\/v2\/product_brand?post=300295"},{"taxonomy":"product_cat","embeddable":true,"href":"https:\/\/www.miomiorun.com\/fr\/wp-json\/wp\/v2\/product_cat?post=300295"},{"taxonomy":"product_tag","embeddable":true,"href":"https:\/\/www.miomiorun.com\/fr\/wp-json\/wp\/v2\/product_tag?post=300295"}],"curies":[{"name":"wp","href":"https:\/\/api.w.org\/{rel}","templated":true}]}}