{"id":300200,"date":"2025-03-20T12:31:42","date_gmt":"2025-03-20T11:31:42","guid":{"rendered":"https:\/\/miomiorun.com\/prodotto\/ultra-trail-vest-10l-uomo\/"},"modified":"2026-05-08T22:35:10","modified_gmt":"2026-05-08T20:35:10","slug":"ultra-trail-vest-10l-homme","status":"publish","type":"product","link":"https:\/\/www.miomiorun.com\/fr\/produit\/ultra-trail-vest-10l-homme\/","title":{"rendered":"Ultra Trail Vest 10L homme"},"content":{"rendered":"<p>Le confort et la pr\u00e9cision sont essentiels pour que vous puissiez rester concentr\u00e9 sur le sentier et votre rythme, quelle que soit la distance. Con\u00e7u et test\u00e9 avec nos athl\u00e8tes sp\u00e9cifiquement pour le trail running longue et ultra longue distance. Minimal mais fonctionnel, ce gilet transportera tout ce dont vous avez besoin lors de votre prochaine aventure.<\/p>\n<p>Poids : 176 g<\/p>\n<p>Coupe : pr\u00e8s du corps<\/p>\n<p>Tissu principal : 80 % polyamide 20 % \u00e9lasthanne<\/p>\n<p>Autre tissu : 84 % polyamide recycl\u00e9 16 % \u00e9lasthanne<\/p>\n<p>Doublure : 80% Polyamide recycl\u00e9 20% Elasthanne<\/p>\n<p>Utilisation optimale : COURSE \u00c0 PIED EN MONTAGNE<\/p>\n<div class=\"product-description col col-12 col-md-6\"><\/div>\n<div class=\"col col-12 col-md-6 block-detailed\">\n<div class=\"item-block collapsible-info active\" data-collapsible=\"true\">\n<div class=\"data item content\" aria-hidden=\"false\" data-role=\"content\" aria-labelledby=\"tab-label-techinfo\">\n<div class=\"techinfo-container\">\n<div class=\"techinfo-icons\">\n<div class=\"techinfo-icon\"><a class=\"d-flex flex-column align-items-center text-center\"><img loading=\"lazy\" decoding=\"async\" class=\"lazyloaded\" src=\"https:\/\/www.lasportiva.com\/media\/techinfo_icons\/traspirabilita.png\" alt=\"La Sportiva\" width=\"75\" height=\"75\" data-src=\"https:\/\/www.lasportiva.com\/media\/techinfo_icons\/traspirabilita.png\" \/> Respirabilit\u00e9<\/a><\/div>\n<div class=\"techinfo-icon\"><a class=\"d-flex flex-column align-items-center text-center\"><img loading=\"lazy\" decoding=\"async\" class=\"lazyloaded\" src=\"https:\/\/www.lasportiva.com\/media\/techinfo_icons\/leggerezza.png\" alt=\"La Sportiva\" width=\"75\" height=\"75\" data-src=\"https:\/\/www.lasportiva.com\/media\/techinfo_icons\/leggerezza.png\" \/> L\u00e9ger<\/a><\/div>\n<div class=\"techinfo-icon\"><a class=\"d-flex flex-column align-items-center text-center\"><img loading=\"lazy\" decoding=\"async\" class=\"lazyloaded\" src=\"https:\/\/www.lasportiva.com\/media\/techinfo_icons\/elasticita.png\" alt=\"La Sportiva\" width=\"75\" height=\"75\" data-src=\"https:\/\/www.lasportiva.com\/media\/techinfo_icons\/elasticita.png\" \/> Extensible<\/a><\/div>\n<\/div>\n<\/div>\n<\/div>\n<\/div>\n<\/div>\n","protected":false},"excerpt":{"rendered":"<p>Le confort et la pr\u00e9cision sont essentiels pour que vous puissiez rester concentr\u00e9 sur le sentier et votre rythme, quelle que soit la distance. Con\u00e7u et test\u00e9 avec nos athl\u00e8tes sp\u00e9cifiquement pour le trail running longue et ultra longue distance. Minimal mais fonctionnel, ce gilet transportera tout ce dont vous avez besoin lors de votre &hellip; <a href=\"https:\/\/www.miomiorun.com\/fr\/produit\/ultra-trail-vest-10l-homme\/\">Continued<\/a><\/p>\n","protected":false},"featured_media":271854,"template":"","meta":{"_acf_changed":false,"inline_featured_image":false},"product_brand":[],"product_cat":[22589,22587,22538],"product_tag":[23597,23601,23599],"class_list":{"0":"post-300200","1":"product","2":"type-product","3":"status-publish","4":"has-post-thumbnail","6":"product_cat-sacs-a-dos","7":"product_cat-sacs-a-dos-et-ceintures","8":"product_cat-accessoires","9":"product_tag-la-sportiva-fr","10":"product_tag-la-sportiva-femme","11":"product_tag-la-sportiva-homme","12":"pa_attivita-marcher","13":"pa_attivita-outdoor-fr","14":"pa_attivita-trail-fr","15":"pa_colore-ultra-trail-vest-10l-white-cherry-tomato-fr","16":"pa_colore-ultra-trail-vest-10l-yellow-black-fr","17":"pa_marca-la-sportiva-fr","18":"pa_sesso-femme","19":"pa_sesso-homme","20":"pa_size-small-fr","21":"pa_size-medium-fr","22":"pa_size-large-fr","24":"first","25":"instock","26":"sale","27":"taxable","28":"shipping-taxable","29":"purchasable","30":"product-type-variable","31":"wvs-archive-product-wrapper"},"acf":[],"yoast_head":"<!-- This site is optimized with the Yoast SEO plugin v26.8 - https:\/\/yoast.com\/product\/yoast-seo-wordpress\/ -->\n<title>Raidlight Ultra Trail Vest 10L homme -Sac \u00e0 dos de randonn\u00e9e - MioMioRun<\/title>\n<meta name=\"description\" content=\"Le confort et la pr\u00e9cision sont essentiels pour que vous puissiez rester concentr\u00e9 sur la piste. Minimal mais fonctionnel, ce gilet vous conviendra parfaitement.\" \/>\n<meta name=\"robots\" content=\"index, follow, max-snippet:-1, max-image-preview:large, max-video-preview:-1\" \/>\n<link rel=\"canonical\" href=\"https:\/\/www.miomiorun.com\/fr\/produit\/ultra-trail-vest-10l-homme\/\" \/>\n<meta property=\"og:locale\" content=\"fr_FR\" \/>\n<meta property=\"og:type\" content=\"article\" \/>\n<meta property=\"og:title\" content=\"Raidlight Ultra Trail Vest 10L homme -Sac \u00e0 dos de randonn\u00e9e - MioMioRun\" \/>\n<meta property=\"og:description\" content=\"Le confort et la pr\u00e9cision sont essentiels pour que vous puissiez rester concentr\u00e9 sur la piste. Minimal mais fonctionnel, ce gilet vous conviendra parfaitement.\" \/>\n<meta property=\"og:url\" content=\"https:\/\/www.miomiorun.com\/fr\/produit\/ultra-trail-vest-10l-homme\/\" \/>\n<meta property=\"og:site_name\" content=\"MioMioRun\" \/>\n<meta property=\"article:publisher\" content=\"https:\/\/www.facebook.com\/miomiorun\/\" \/>\n<meta property=\"article:modified_time\" content=\"2026-05-08T20:35:10+00:00\" \/>\n<meta property=\"og:image\" content=\"https:\/\/www.miomiorun.com\/app\/uploads\/2025\/04\/la-sportiva-Ultra-Trail-Vest-10L-yellow-black-79N100999.webp\" \/>\n\t<meta property=\"og:image:width\" content=\"600\" \/>\n\t<meta property=\"og:image:height\" content=\"600\" \/>\n\t<meta property=\"og:image:type\" content=\"image\/webp\" \/>\n<meta name=\"twitter:card\" content=\"summary_large_image\" \/>\n<script type=\"application\/ld+json\" class=\"yoast-schema-graph\">{\"@context\":\"https:\/\/schema.org\",\"@graph\":[{\"@type\":\"WebPage\",\"@id\":\"https:\/\/www.miomiorun.com\/fr\/produit\/ultra-trail-vest-10l-homme\/\",\"url\":\"https:\/\/www.miomiorun.com\/fr\/produit\/ultra-trail-vest-10l-homme\/\",\"name\":\"Raidlight Ultra Trail Vest 10L homme -Sac \u00e0 dos de randonn\u00e9e - MioMioRun\",\"isPartOf\":{\"@id\":\"https:\/\/www.miomiorun.com\/fr\/#website\"},\"primaryImageOfPage\":{\"@id\":\"https:\/\/www.miomiorun.com\/fr\/produit\/ultra-trail-vest-10l-homme\/#primaryimage\"},\"image\":{\"@id\":\"https:\/\/www.miomiorun.com\/fr\/produit\/ultra-trail-vest-10l-homme\/#primaryimage\"},\"thumbnailUrl\":\"https:\/\/www.miomiorun.com\/app\/uploads\/2025\/04\/la-sportiva-Ultra-Trail-Vest-10L-yellow-black-79N100999.webp\",\"datePublished\":\"2025-03-20T11:31:42+00:00\",\"dateModified\":\"2026-05-08T20:35:10+00:00\",\"description\":\"Le confort et la pr\u00e9cision sont essentiels pour que vous puissiez rester concentr\u00e9 sur la piste. Minimal mais fonctionnel, ce gilet vous conviendra parfaitement.\",\"breadcrumb\":{\"@id\":\"https:\/\/www.miomiorun.com\/fr\/produit\/ultra-trail-vest-10l-homme\/#breadcrumb\"},\"inLanguage\":\"fr-FR\",\"potentialAction\":[{\"@type\":\"ReadAction\",\"target\":[\"https:\/\/www.miomiorun.com\/fr\/produit\/ultra-trail-vest-10l-homme\/\"]}]},{\"@type\":\"ImageObject\",\"inLanguage\":\"fr-FR\",\"@id\":\"https:\/\/www.miomiorun.com\/fr\/produit\/ultra-trail-vest-10l-homme\/#primaryimage\",\"url\":\"https:\/\/www.miomiorun.com\/app\/uploads\/2025\/04\/la-sportiva-Ultra-Trail-Vest-10L-yellow-black-79N100999.webp\",\"contentUrl\":\"https:\/\/www.miomiorun.com\/app\/uploads\/2025\/04\/la-sportiva-Ultra-Trail-Vest-10L-yellow-black-79N100999.webp\",\"width\":600,\"height\":600,\"caption\":\"la sportiva Ultra Trail Vest 10L yellow black 79N100999\"},{\"@type\":\"BreadcrumbList\",\"@id\":\"https:\/\/www.miomiorun.com\/fr\/produit\/ultra-trail-vest-10l-homme\/#breadcrumb\",\"itemListElement\":[{\"@type\":\"ListItem\",\"position\":1,\"name\":\"Home\",\"item\":\"https:\/\/www.miomiorun.com\/fr\/home-page\/\"},{\"@type\":\"ListItem\",\"position\":2,\"name\":\"Shop\",\"item\":\"https:\/\/www.miomiorun.com\/shop\/\"},{\"@type\":\"ListItem\",\"position\":3,\"name\":\"Ultra Trail Vest 10L homme\"}]},{\"@type\":\"WebSite\",\"@id\":\"https:\/\/www.miomiorun.com\/fr\/#website\",\"url\":\"https:\/\/www.miomiorun.com\/fr\/\",\"name\":\"MioMioRun\",\"description\":\"Boutique 100% running et trail\",\"publisher\":{\"@id\":\"https:\/\/www.miomiorun.com\/fr\/#organization\"},\"potentialAction\":[{\"@type\":\"SearchAction\",\"target\":{\"@type\":\"EntryPoint\",\"urlTemplate\":\"https:\/\/www.miomiorun.com\/fr\/?s={search_term_string}\"},\"query-input\":{\"@type\":\"PropertyValueSpecification\",\"valueRequired\":true,\"valueName\":\"search_term_string\"}}],\"inLanguage\":\"fr-FR\"},{\"@type\":\"Organization\",\"@id\":\"https:\/\/www.miomiorun.com\/fr\/#organization\",\"name\":\"MioMio Run\",\"url\":\"https:\/\/www.miomiorun.com\/fr\/\",\"logo\":{\"@type\":\"ImageObject\",\"inLanguage\":\"fr-FR\",\"@id\":\"https:\/\/www.miomiorun.com\/fr\/#\/schema\/logo\/image\/\",\"url\":\"https:\/\/www.miomiorun.com\/app\/uploads\/2019\/12\/logomio.png\",\"contentUrl\":\"https:\/\/www.miomiorun.com\/app\/uploads\/2019\/12\/logomio.png\",\"width\":115,\"height\":82,\"caption\":\"MioMio Run\"},\"image\":{\"@id\":\"https:\/\/www.miomiorun.com\/fr\/#\/schema\/logo\/image\/\"},\"sameAs\":[\"https:\/\/www.facebook.com\/miomiorun\/\",\"https:\/\/www.instagram.com\/miomiorun\/\"]}]}<\/script>\n<!-- \/ Yoast SEO plugin. -->","yoast_head_json":{"title":"Raidlight Ultra Trail Vest 10L homme -Sac \u00e0 dos de randonn\u00e9e - MioMioRun","description":"Le confort et la pr\u00e9cision sont essentiels pour que vous puissiez rester concentr\u00e9 sur la piste. Minimal mais fonctionnel, ce gilet vous conviendra parfaitement.","robots":{"index":"index","follow":"follow","max-snippet":"max-snippet:-1","max-image-preview":"max-image-preview:large","max-video-preview":"max-video-preview:-1"},"canonical":"https:\/\/www.miomiorun.com\/fr\/produit\/ultra-trail-vest-10l-homme\/","og_locale":"fr_FR","og_type":"article","og_title":"Raidlight Ultra Trail Vest 10L homme -Sac \u00e0 dos de randonn\u00e9e - MioMioRun","og_description":"Le confort et la pr\u00e9cision sont essentiels pour que vous puissiez rester concentr\u00e9 sur la piste. Minimal mais fonctionnel, ce gilet vous conviendra parfaitement.","og_url":"https:\/\/www.miomiorun.com\/fr\/produit\/ultra-trail-vest-10l-homme\/","og_site_name":"MioMioRun","article_publisher":"https:\/\/www.facebook.com\/miomiorun\/","article_modified_time":"2026-05-08T20:35:10+00:00","og_image":[{"width":600,"height":600,"url":"https:\/\/www.miomiorun.com\/app\/uploads\/2025\/04\/la-sportiva-Ultra-Trail-Vest-10L-yellow-black-79N100999.webp","type":"image\/webp"}],"twitter_card":"summary_large_image","schema":{"@context":"https:\/\/schema.org","@graph":[{"@type":"WebPage","@id":"https:\/\/www.miomiorun.com\/fr\/produit\/ultra-trail-vest-10l-homme\/","url":"https:\/\/www.miomiorun.com\/fr\/produit\/ultra-trail-vest-10l-homme\/","name":"Raidlight Ultra Trail Vest 10L homme -Sac \u00e0 dos de randonn\u00e9e - MioMioRun","isPartOf":{"@id":"https:\/\/www.miomiorun.com\/fr\/#website"},"primaryImageOfPage":{"@id":"https:\/\/www.miomiorun.com\/fr\/produit\/ultra-trail-vest-10l-homme\/#primaryimage"},"image":{"@id":"https:\/\/www.miomiorun.com\/fr\/produit\/ultra-trail-vest-10l-homme\/#primaryimage"},"thumbnailUrl":"https:\/\/www.miomiorun.com\/app\/uploads\/2025\/04\/la-sportiva-Ultra-Trail-Vest-10L-yellow-black-79N100999.webp","datePublished":"2025-03-20T11:31:42+00:00","dateModified":"2026-05-08T20:35:10+00:00","description":"Le confort et la pr\u00e9cision sont essentiels pour que vous puissiez rester concentr\u00e9 sur la piste. Minimal mais fonctionnel, ce gilet vous conviendra parfaitement.","breadcrumb":{"@id":"https:\/\/www.miomiorun.com\/fr\/produit\/ultra-trail-vest-10l-homme\/#breadcrumb"},"inLanguage":"fr-FR","potentialAction":[{"@type":"ReadAction","target":["https:\/\/www.miomiorun.com\/fr\/produit\/ultra-trail-vest-10l-homme\/"]}]},{"@type":"ImageObject","inLanguage":"fr-FR","@id":"https:\/\/www.miomiorun.com\/fr\/produit\/ultra-trail-vest-10l-homme\/#primaryimage","url":"https:\/\/www.miomiorun.com\/app\/uploads\/2025\/04\/la-sportiva-Ultra-Trail-Vest-10L-yellow-black-79N100999.webp","contentUrl":"https:\/\/www.miomiorun.com\/app\/uploads\/2025\/04\/la-sportiva-Ultra-Trail-Vest-10L-yellow-black-79N100999.webp","width":600,"height":600,"caption":"la sportiva Ultra Trail Vest 10L yellow black 79N100999"},{"@type":"BreadcrumbList","@id":"https:\/\/www.miomiorun.com\/fr\/produit\/ultra-trail-vest-10l-homme\/#breadcrumb","itemListElement":[{"@type":"ListItem","position":1,"name":"Home","item":"https:\/\/www.miomiorun.com\/fr\/home-page\/"},{"@type":"ListItem","position":2,"name":"Shop","item":"https:\/\/www.miomiorun.com\/shop\/"},{"@type":"ListItem","position":3,"name":"Ultra Trail Vest 10L homme"}]},{"@type":"WebSite","@id":"https:\/\/www.miomiorun.com\/fr\/#website","url":"https:\/\/www.miomiorun.com\/fr\/","name":"MioMioRun","description":"Boutique 100% running et trail","publisher":{"@id":"https:\/\/www.miomiorun.com\/fr\/#organization"},"potentialAction":[{"@type":"SearchAction","target":{"@type":"EntryPoint","urlTemplate":"https:\/\/www.miomiorun.com\/fr\/?s={search_term_string}"},"query-input":{"@type":"PropertyValueSpecification","valueRequired":true,"valueName":"search_term_string"}}],"inLanguage":"fr-FR"},{"@type":"Organization","@id":"https:\/\/www.miomiorun.com\/fr\/#organization","name":"MioMio Run","url":"https:\/\/www.miomiorun.com\/fr\/","logo":{"@type":"ImageObject","inLanguage":"fr-FR","@id":"https:\/\/www.miomiorun.com\/fr\/#\/schema\/logo\/image\/","url":"https:\/\/www.miomiorun.com\/app\/uploads\/2019\/12\/logomio.png","contentUrl":"https:\/\/www.miomiorun.com\/app\/uploads\/2019\/12\/logomio.png","width":115,"height":82,"caption":"MioMio Run"},"image":{"@id":"https:\/\/www.miomiorun.com\/fr\/#\/schema\/logo\/image\/"},"sameAs":["https:\/\/www.facebook.com\/miomiorun\/","https:\/\/www.instagram.com\/miomiorun\/"]}]}},"_links":{"self":[{"href":"https:\/\/www.miomiorun.com\/fr\/wp-json\/wp\/v2\/product\/300200","targetHints":{"allow":["GET"]}}],"collection":[{"href":"https:\/\/www.miomiorun.com\/fr\/wp-json\/wp\/v2\/product"}],"about":[{"href":"https:\/\/www.miomiorun.com\/fr\/wp-json\/wp\/v2\/types\/product"}],"wp:featuredmedia":[{"embeddable":true,"href":"https:\/\/www.miomiorun.com\/fr\/wp-json\/wp\/v2\/media\/271854"}],"wp:attachment":[{"href":"https:\/\/www.miomiorun.com\/fr\/wp-json\/wp\/v2\/media?parent=300200"}],"wp:term":[{"taxonomy":"product_brand","embeddable":true,"href":"https:\/\/www.miomiorun.com\/fr\/wp-json\/wp\/v2\/product_brand?post=300200"},{"taxonomy":"product_cat","embeddable":true,"href":"https:\/\/www.miomiorun.com\/fr\/wp-json\/wp\/v2\/product_cat?post=300200"},{"taxonomy":"product_tag","embeddable":true,"href":"https:\/\/www.miomiorun.com\/fr\/wp-json\/wp\/v2\/product_tag?post=300200"}],"curies":[{"name":"wp","href":"https:\/\/api.w.org\/{rel}","templated":true}]}}