{"id":300159,"date":"2025-03-25T10:00:44","date_gmt":"2025-03-25T09:00:44","guid":{"rendered":"https:\/\/miomiorun.com\/prodotto\/hypersprint-8\/"},"modified":"2026-05-08T22:35:06","modified_gmt":"2026-05-08T20:35:06","slug":"hypersprint-8","status":"publish","type":"product","link":"https:\/\/www.miomiorun.com\/fr\/produit\/hypersprint-8\/","title":{"rendered":"Hypersprint 8"},"content":{"rendered":"<div class=\"vc-row container\"><div class=\"vc-column\"><div class=\"vc-column-text\"><\/p>\n<p><strong>Caract\u00e9ristiques techniques<\/strong><\/p>\n<p>Cat\u00e9gorie : piste<\/p>\n<p>Poids : 162 g<br \/>\nId\u00e9al pour : les athl\u00e8tes recherchant des chaussures \u00e0 crampons pour l&#8217;entra\u00eenement et les courses sur piste sur des distances allant jusqu&#8217;\u00e0 5000 m\u00e8tres, mais aussi pour la course de fond.<br \/>\nPoids de l&#8217;athl\u00e8te : 60-75 kg<br \/>\nAllure de course : rapide &lt; 3.30 min\/km<br \/>\n<a href=\"https:\/\/miomiorun.com\/fr\/guide-des-specificites\/\">Guide de sp\u00e9cification<\/a><\/p>\n<p><\/div><\/div><div class=\"vc-column\"><div class=\"vc-column-text\">Si vous \u00eates un sprinter et que vous r\u00eavez de battre votre record personnel, l&#8217;<strong>HYPERSPRINT 8<\/strong> est la chaussure que vous recherchez. Con\u00e7ue pour offrir des performances maximales, cette chaussure est \u00e9quip\u00e9e d&#8217;une <strong>plaque en r\u00e9sine<\/strong> qui am\u00e9liore la propulsion et l&#8217;adh\u00e9rence, vous permettant de courir \u00e0 des vitesses incroyables sans jamais craindre de glisser.<\/p>\n<p>La <strong>semelle int\u00e9rieure E.V.A.<\/strong> assure un ajustement flexible et confortable, tandis que le soutien suppl\u00e9mentaire dans les zones strat\u00e9giques vous permet de vous concentrer uniquement sur votre course. Que vous vous attaquiez \u00e0 une course ou \u00e0 un entra\u00eenement intense, l&#8217;<strong>HYPERSPRINT 8<\/strong> vous apportera le soutien et la r\u00e9activit\u00e9 dont vous avez besoin pour repousser vos limites.<\/p>\n<p>Poussez-vous plus loin avec l&#8217;<strong>HYPERSPRINT 8<\/strong> et pr\u00e9parez-vous \u00e0 atteindre de nouveaux sommets !<\/p>\n<p><em>TECHNOLOGIE ET CARACT\u00c9RISTIQUES<\/em>:<\/p>\n<div class=\"product-features-section\">\n<ul>\n<li class=\"small-reg\">\n<div class=\"small-bold\">Semelle int\u00e9rieure en EVA<\/div>\n<\/li>\n<li class=\"small-reg\">\n<div class=\"small-bold\">Clouage<\/div>\n<\/li>\n<li class=\"small-reg\">\n<div class=\"small-bold\">Plaque en r\u00e9sine pour la propulsion et l&#8217;adh\u00e9rence<\/div>\n<\/li>\n<li class=\"small-reg\">\n<div class=\"small-bold\">Tige sans couture pour un bon maintien<\/div>\n<\/li>\n<\/ul>\n<\/div>\n<p><\/div><\/div><\/div>\n","protected":false},"excerpt":{"rendered":"","protected":false},"featured_media":405621,"template":"","meta":{"_acf_changed":false,"inline_featured_image":false},"product_brand":[],"product_cat":[22605,24448,22606,24447],"product_tag":[23560,23668,23667],"class_list":{"0":"post-300159","1":"product","2":"type-product","3":"status-publish","4":"has-post-thumbnail","6":"product_cat-chaussures-pour-femmes","7":"product_cat-chaussures-pour-hommes-fr","8":"product_cat-neutre","9":"product_cat-neutre-fr-3","10":"product_tag-asics-fr","11":"product_tag-asics-femme","12":"product_tag-asics-homme","13":"pa_attivita-running-fr","14":"pa_colore-hypersprint-8-flash-red-black","15":"pa_colore-hypersprint-8-soothing-sea-black-fr","16":"pa_marca-asics-fr","17":"pa_sesso-femme","18":"pa_sesso-homme","19":"pa_size-38-fr","20":"pa_size-39-fr","21":"pa_size-40-fr","22":"pa_size-40-5-fr","23":"pa_size-41-5-fr","24":"pa_size-42-5-fr","25":"pa_size-43-5-fr","26":"pa_size-44-fr","27":"pa_size-44-5-fr","28":"pa_size-45-fr","29":"pa_size-46-fr","31":"first","32":"instock","33":"sale","34":"taxable","35":"shipping-taxable","36":"purchasable","37":"product-type-variable","38":"wvs-archive-product-wrapper"},"acf":[],"yoast_head":"<!-- This site is optimized with the Yoast SEO plugin v26.8 - https:\/\/yoast.com\/product\/yoast-seo-wordpress\/ -->\n<title>Asics Hypersprint 8 -chaussures de course - MioMioRun .com<\/title>\n<meta name=\"description\" content=\"L&#039;HYPERSPRINT 8 est une chaussure de piste dot\u00e9e d&#039;une plaque pour une meilleure propulsion et une meilleure adh\u00e9rence, et d&#039;une semelle int\u00e9rieure E.V.A. pour une flexibilit\u00e9 et un soutien optimal.\" \/>\n<meta name=\"robots\" content=\"index, follow, max-snippet:-1, max-image-preview:large, max-video-preview:-1\" \/>\n<link rel=\"canonical\" href=\"https:\/\/www.miomiorun.com\/fr\/produit\/hypersprint-8\/\" \/>\n<meta property=\"og:locale\" content=\"fr_FR\" \/>\n<meta property=\"og:type\" content=\"article\" \/>\n<meta property=\"og:title\" content=\"Asics Hypersprint 8 -chaussures de course - MioMioRun .com\" \/>\n<meta property=\"og:description\" content=\"L&#039;HYPERSPRINT 8 est une chaussure de piste dot\u00e9e d&#039;une plaque pour une meilleure propulsion et une meilleure adh\u00e9rence, et d&#039;une semelle int\u00e9rieure E.V.A. pour une flexibilit\u00e9 et un soutien optimal.\" \/>\n<meta property=\"og:url\" content=\"https:\/\/www.miomiorun.com\/fr\/produit\/hypersprint-8\/\" \/>\n<meta property=\"og:site_name\" content=\"MioMioRun\" \/>\n<meta property=\"article:publisher\" content=\"https:\/\/www.facebook.com\/miomiorun\/\" \/>\n<meta property=\"article:modified_time\" content=\"2026-05-08T20:35:06+00:00\" \/>\n<meta property=\"og:image\" content=\"https:\/\/www.miomiorun.com\/app\/uploads\/2026\/02\/asics-Hypersprint-8-flash-red-black-1093A197-600.webp\" \/>\n\t<meta property=\"og:image:width\" content=\"720\" \/>\n\t<meta property=\"og:image:height\" content=\"720\" \/>\n\t<meta property=\"og:image:type\" content=\"image\/webp\" \/>\n<meta name=\"twitter:card\" content=\"summary_large_image\" \/>\n<meta name=\"twitter:label1\" content=\"Est. reading time\" \/>\n\t<meta name=\"twitter:data1\" content=\"1 minute\" \/>\n<script type=\"application\/ld+json\" class=\"yoast-schema-graph\">{\"@context\":\"https:\/\/schema.org\",\"@graph\":[{\"@type\":\"WebPage\",\"@id\":\"https:\/\/www.miomiorun.com\/fr\/produit\/hypersprint-8\/\",\"url\":\"https:\/\/www.miomiorun.com\/fr\/produit\/hypersprint-8\/\",\"name\":\"Asics Hypersprint 8 -chaussures de course - MioMioRun .com\",\"isPartOf\":{\"@id\":\"https:\/\/www.miomiorun.com\/fr\/#website\"},\"primaryImageOfPage\":{\"@id\":\"https:\/\/www.miomiorun.com\/fr\/produit\/hypersprint-8\/#primaryimage\"},\"image\":{\"@id\":\"https:\/\/www.miomiorun.com\/fr\/produit\/hypersprint-8\/#primaryimage\"},\"thumbnailUrl\":\"https:\/\/www.miomiorun.com\/app\/uploads\/2026\/02\/asics-Hypersprint-8-flash-red-black-1093A197-600.webp\",\"datePublished\":\"2025-03-25T09:00:44+00:00\",\"dateModified\":\"2026-05-08T20:35:06+00:00\",\"description\":\"L'HYPERSPRINT 8 est une chaussure de piste dot\u00e9e d'une plaque pour une meilleure propulsion et une meilleure adh\u00e9rence, et d'une semelle int\u00e9rieure E.V.A. pour une flexibilit\u00e9 et un soutien optimal.\",\"breadcrumb\":{\"@id\":\"https:\/\/www.miomiorun.com\/fr\/produit\/hypersprint-8\/#breadcrumb\"},\"inLanguage\":\"fr-FR\",\"potentialAction\":[{\"@type\":\"ReadAction\",\"target\":[\"https:\/\/www.miomiorun.com\/fr\/produit\/hypersprint-8\/\"]}]},{\"@type\":\"ImageObject\",\"inLanguage\":\"fr-FR\",\"@id\":\"https:\/\/www.miomiorun.com\/fr\/produit\/hypersprint-8\/#primaryimage\",\"url\":\"https:\/\/www.miomiorun.com\/app\/uploads\/2026\/02\/asics-Hypersprint-8-flash-red-black-1093A197-600.webp\",\"contentUrl\":\"https:\/\/www.miomiorun.com\/app\/uploads\/2026\/02\/asics-Hypersprint-8-flash-red-black-1093A197-600.webp\",\"width\":720,\"height\":720,\"caption\":\"asics Hypersprint 8 flash red black 1093A197 600\"},{\"@type\":\"BreadcrumbList\",\"@id\":\"https:\/\/www.miomiorun.com\/fr\/produit\/hypersprint-8\/#breadcrumb\",\"itemListElement\":[{\"@type\":\"ListItem\",\"position\":1,\"name\":\"Home\",\"item\":\"https:\/\/www.miomiorun.com\/fr\/home-page\/\"},{\"@type\":\"ListItem\",\"position\":2,\"name\":\"Shop\",\"item\":\"https:\/\/www.miomiorun.com\/shop\/\"},{\"@type\":\"ListItem\",\"position\":3,\"name\":\"Hypersprint 8\"}]},{\"@type\":\"WebSite\",\"@id\":\"https:\/\/www.miomiorun.com\/fr\/#website\",\"url\":\"https:\/\/www.miomiorun.com\/fr\/\",\"name\":\"MioMioRun\",\"description\":\"Boutique 100% running et trail\",\"publisher\":{\"@id\":\"https:\/\/www.miomiorun.com\/fr\/#organization\"},\"potentialAction\":[{\"@type\":\"SearchAction\",\"target\":{\"@type\":\"EntryPoint\",\"urlTemplate\":\"https:\/\/www.miomiorun.com\/fr\/?s={search_term_string}\"},\"query-input\":{\"@type\":\"PropertyValueSpecification\",\"valueRequired\":true,\"valueName\":\"search_term_string\"}}],\"inLanguage\":\"fr-FR\"},{\"@type\":\"Organization\",\"@id\":\"https:\/\/www.miomiorun.com\/fr\/#organization\",\"name\":\"MioMio Run\",\"url\":\"https:\/\/www.miomiorun.com\/fr\/\",\"logo\":{\"@type\":\"ImageObject\",\"inLanguage\":\"fr-FR\",\"@id\":\"https:\/\/www.miomiorun.com\/fr\/#\/schema\/logo\/image\/\",\"url\":\"https:\/\/www.miomiorun.com\/app\/uploads\/2019\/12\/logomio.png\",\"contentUrl\":\"https:\/\/www.miomiorun.com\/app\/uploads\/2019\/12\/logomio.png\",\"width\":115,\"height\":82,\"caption\":\"MioMio Run\"},\"image\":{\"@id\":\"https:\/\/www.miomiorun.com\/fr\/#\/schema\/logo\/image\/\"},\"sameAs\":[\"https:\/\/www.facebook.com\/miomiorun\/\",\"https:\/\/www.instagram.com\/miomiorun\/\"]}]}<\/script>\n<!-- \/ Yoast SEO plugin. -->","yoast_head_json":{"title":"Asics Hypersprint 8 -chaussures de course - MioMioRun .com","description":"L'HYPERSPRINT 8 est une chaussure de piste dot\u00e9e d'une plaque pour une meilleure propulsion et une meilleure adh\u00e9rence, et d'une semelle int\u00e9rieure E.V.A. pour une flexibilit\u00e9 et un soutien optimal.","robots":{"index":"index","follow":"follow","max-snippet":"max-snippet:-1","max-image-preview":"max-image-preview:large","max-video-preview":"max-video-preview:-1"},"canonical":"https:\/\/www.miomiorun.com\/fr\/produit\/hypersprint-8\/","og_locale":"fr_FR","og_type":"article","og_title":"Asics Hypersprint 8 -chaussures de course - MioMioRun .com","og_description":"L'HYPERSPRINT 8 est une chaussure de piste dot\u00e9e d'une plaque pour une meilleure propulsion et une meilleure adh\u00e9rence, et d'une semelle int\u00e9rieure E.V.A. pour une flexibilit\u00e9 et un soutien optimal.","og_url":"https:\/\/www.miomiorun.com\/fr\/produit\/hypersprint-8\/","og_site_name":"MioMioRun","article_publisher":"https:\/\/www.facebook.com\/miomiorun\/","article_modified_time":"2026-05-08T20:35:06+00:00","og_image":[{"width":720,"height":720,"url":"https:\/\/www.miomiorun.com\/app\/uploads\/2026\/02\/asics-Hypersprint-8-flash-red-black-1093A197-600.webp","type":"image\/webp"}],"twitter_card":"summary_large_image","twitter_misc":{"Est. reading time":"1 minute"},"schema":{"@context":"https:\/\/schema.org","@graph":[{"@type":"WebPage","@id":"https:\/\/www.miomiorun.com\/fr\/produit\/hypersprint-8\/","url":"https:\/\/www.miomiorun.com\/fr\/produit\/hypersprint-8\/","name":"Asics Hypersprint 8 -chaussures de course - MioMioRun .com","isPartOf":{"@id":"https:\/\/www.miomiorun.com\/fr\/#website"},"primaryImageOfPage":{"@id":"https:\/\/www.miomiorun.com\/fr\/produit\/hypersprint-8\/#primaryimage"},"image":{"@id":"https:\/\/www.miomiorun.com\/fr\/produit\/hypersprint-8\/#primaryimage"},"thumbnailUrl":"https:\/\/www.miomiorun.com\/app\/uploads\/2026\/02\/asics-Hypersprint-8-flash-red-black-1093A197-600.webp","datePublished":"2025-03-25T09:00:44+00:00","dateModified":"2026-05-08T20:35:06+00:00","description":"L'HYPERSPRINT 8 est une chaussure de piste dot\u00e9e d'une plaque pour une meilleure propulsion et une meilleure adh\u00e9rence, et d'une semelle int\u00e9rieure E.V.A. pour une flexibilit\u00e9 et un soutien optimal.","breadcrumb":{"@id":"https:\/\/www.miomiorun.com\/fr\/produit\/hypersprint-8\/#breadcrumb"},"inLanguage":"fr-FR","potentialAction":[{"@type":"ReadAction","target":["https:\/\/www.miomiorun.com\/fr\/produit\/hypersprint-8\/"]}]},{"@type":"ImageObject","inLanguage":"fr-FR","@id":"https:\/\/www.miomiorun.com\/fr\/produit\/hypersprint-8\/#primaryimage","url":"https:\/\/www.miomiorun.com\/app\/uploads\/2026\/02\/asics-Hypersprint-8-flash-red-black-1093A197-600.webp","contentUrl":"https:\/\/www.miomiorun.com\/app\/uploads\/2026\/02\/asics-Hypersprint-8-flash-red-black-1093A197-600.webp","width":720,"height":720,"caption":"asics Hypersprint 8 flash red black 1093A197 600"},{"@type":"BreadcrumbList","@id":"https:\/\/www.miomiorun.com\/fr\/produit\/hypersprint-8\/#breadcrumb","itemListElement":[{"@type":"ListItem","position":1,"name":"Home","item":"https:\/\/www.miomiorun.com\/fr\/home-page\/"},{"@type":"ListItem","position":2,"name":"Shop","item":"https:\/\/www.miomiorun.com\/shop\/"},{"@type":"ListItem","position":3,"name":"Hypersprint 8"}]},{"@type":"WebSite","@id":"https:\/\/www.miomiorun.com\/fr\/#website","url":"https:\/\/www.miomiorun.com\/fr\/","name":"MioMioRun","description":"Boutique 100% running et trail","publisher":{"@id":"https:\/\/www.miomiorun.com\/fr\/#organization"},"potentialAction":[{"@type":"SearchAction","target":{"@type":"EntryPoint","urlTemplate":"https:\/\/www.miomiorun.com\/fr\/?s={search_term_string}"},"query-input":{"@type":"PropertyValueSpecification","valueRequired":true,"valueName":"search_term_string"}}],"inLanguage":"fr-FR"},{"@type":"Organization","@id":"https:\/\/www.miomiorun.com\/fr\/#organization","name":"MioMio Run","url":"https:\/\/www.miomiorun.com\/fr\/","logo":{"@type":"ImageObject","inLanguage":"fr-FR","@id":"https:\/\/www.miomiorun.com\/fr\/#\/schema\/logo\/image\/","url":"https:\/\/www.miomiorun.com\/app\/uploads\/2019\/12\/logomio.png","contentUrl":"https:\/\/www.miomiorun.com\/app\/uploads\/2019\/12\/logomio.png","width":115,"height":82,"caption":"MioMio Run"},"image":{"@id":"https:\/\/www.miomiorun.com\/fr\/#\/schema\/logo\/image\/"},"sameAs":["https:\/\/www.facebook.com\/miomiorun\/","https:\/\/www.instagram.com\/miomiorun\/"]}]}},"_links":{"self":[{"href":"https:\/\/www.miomiorun.com\/fr\/wp-json\/wp\/v2\/product\/300159","targetHints":{"allow":["GET"]}}],"collection":[{"href":"https:\/\/www.miomiorun.com\/fr\/wp-json\/wp\/v2\/product"}],"about":[{"href":"https:\/\/www.miomiorun.com\/fr\/wp-json\/wp\/v2\/types\/product"}],"wp:featuredmedia":[{"embeddable":true,"href":"https:\/\/www.miomiorun.com\/fr\/wp-json\/wp\/v2\/media\/405621"}],"wp:attachment":[{"href":"https:\/\/www.miomiorun.com\/fr\/wp-json\/wp\/v2\/media?parent=300159"}],"wp:term":[{"taxonomy":"product_brand","embeddable":true,"href":"https:\/\/www.miomiorun.com\/fr\/wp-json\/wp\/v2\/product_brand?post=300159"},{"taxonomy":"product_cat","embeddable":true,"href":"https:\/\/www.miomiorun.com\/fr\/wp-json\/wp\/v2\/product_cat?post=300159"},{"taxonomy":"product_tag","embeddable":true,"href":"https:\/\/www.miomiorun.com\/fr\/wp-json\/wp\/v2\/product_tag?post=300159"}],"curies":[{"name":"wp","href":"https:\/\/api.w.org\/{rel}","templated":true}]}}