{"id":300123,"date":"2025-03-25T10:39:16","date_gmt":"2025-03-25T09:39:16","guid":{"rendered":"https:\/\/miomiorun.com\/prodotto\/adizero-adios-pro-4\/"},"modified":"2026-05-08T22:34:42","modified_gmt":"2026-05-08T20:34:42","slug":"adizero-adios-pro-4","status":"publish","type":"product","link":"https:\/\/www.miomiorun.com\/fr\/produit\/adizero-adios-pro-4\/","title":{"rendered":"Adizero Adios Pro 4"},"content":{"rendered":"<p><div class=\"vc-row container\"><div class=\"vc-column\"><div class=\"vc-column-text\"><\/p>\n<h4>Caract\u00e9ristiques techniques<\/h4>\n<p>Cat\u00e9gorie : Amortissement r\u00e9actif<br \/>\nD\u00e9calage : 5mm (37mm \/ 32mm )<br \/>\nPoids : 174 g<br \/>\nId\u00e9al pour : les athl\u00e8tes rapides et pour une utilisation en course (marathons et semi-marathons), gr\u00e2ce \u00e0 son amortissement innovant et r\u00e9actif il vous rendra plus rapide et vous am\u00e8nera sur le podium.<br \/>\nPoids de l&#8217;athl\u00e8te : &lt; 70 kg<br \/>\nAllure de course : &lt; 4.00 min\/km<br \/>\n<a href=\"https:\/\/miomiorun.com\/fr\/guide-des-specificites\/\">Guide des sp\u00e9cifications<\/a><\/p>\n<p><\/div><\/div><div class=\"vc-column\"><div class=\"vc-column-text\">Si vous \u00eates un coureur qui cherche \u00e0 repousser toutes les limites, les <strong>adizero Adios Pro 4<\/strong> sont faites pour vous. Avec leur r\u00e9putation l\u00e9gendaire dans le monde de la course, ces chaussures repr\u00e9sentent le summum de la vitesse et de l&#8217;efficacit\u00e9. Les <strong>ENERGYRODS 2.0<\/strong> en carbone assurent une transition fluide entre le talon et les orteils, ce qui vous permet de faire des foul\u00e9es rapides et r\u00e9actives avec un minimum d&#8217;effort. La<strong>semelle interm\u00e9diaire<\/strong> dot\u00e9e d&#8217;une nouvelle silhouette fusel\u00e9e optimise l&#8217;\u00e9conomie de course, tandis que la double technologie <strong>LIGHTSTRIKE PRO<\/strong> offre un excellent amorti, permettant de conserver l&#8217;\u00e9nergie m\u00eame lors des foul\u00e9es les plus rapides.<\/p>\n<p>La <strong>semelle ext\u00e9rieure LIGHTTRAXION<\/strong> avec caoutchouc Continental\u2122 offre une incroyable adh\u00e9rence, minimisant le risque de glissade tout en conservant un faible poids. Si vous \u00eates pr\u00eat \u00e0 repousser les limites, l&#8217;<strong>adizero Adios Pro 4<\/strong> est votre alli\u00e9 id\u00e9al pour atteindre des performances de pointe. Prenez le contr\u00f4le de votre course et repoussez vos limites !<\/div><\/div><\/div><div class=\"vc-row container\"><div class=\"vc-column\"><div style=\"height:32px\" class=\"vc-empty-space\"><\/div><\/div><\/div><div class=\"vc-row container\"><div class=\"vc-column\"><div class=\"vc-column-text\"><\/p>\n<div style=\"width: 720px;\" class=\"wp-video\"><video class=\"wp-video-shortcode\" id=\"video-300123-1\" width=\"720\" height=\"720\" loop autoplay preload=\"metadata\" controls=\"controls\"><source type=\"video\/webm\" src=\"https:\/\/miomiorun.com\/wp-content\/uploads\/2025\/03\/ADIZERO-ADIOS-PRO-4.webm?_=1\" \/><a href=\"https:\/\/miomiorun.com\/wp-content\/uploads\/2025\/03\/ADIZERO-ADIOS-PRO-4.webm\">https:\/\/miomiorun.com\/wp-content\/uploads\/2025\/03\/ADIZERO-ADIOS-PRO-4.webm<\/a><\/video><\/div>\n<p><\/div><\/div><\/div><\/p>\n","protected":false},"excerpt":{"rendered":"<ul class=\"m-long-description__features\">\n<li class=\"m-long-description__feature\">Ultral\u00e9ger et r\u00e9actif<\/li>\n<li class=\"m-long-description__feature\">Marathons et semi-marathons<\/li>\n<li class=\"m-long-description__feature\">Chaussure de course<\/li>\n<\/ul>\n","protected":false},"featured_media":316743,"template":"","meta":{"_acf_changed":false,"inline_featured_image":false},"product_brand":[],"product_cat":[24448,24447],"product_tag":[23557,23564],"class_list":{"0":"post-300123","1":"product","2":"type-product","3":"status-publish","4":"has-post-thumbnail","6":"product_cat-chaussures-pour-hommes-fr","7":"product_cat-neutre-fr-3","8":"product_tag-adidas-fr","9":"product_tag-adidas-homme","10":"pa_attivita-running-fr","11":"pa_colore-adios-pro-4-ftwwht-blue-yellow","12":"pa_colore-adios-pro-4-ftwwht-roy","13":"pa_colore-adios-pro-4-luclem-cblack-halsil-fr","14":"pa_colore-adios-pro-4-sand-ricpur-goldmt","15":"pa_colore-adios-pro-4-shopnk-zeromt-aurplu-fr","16":"pa_colore-adios-pro-4-syello-aur","17":"pa_marca-adidas-fr","18":"pa_sesso-homme","19":"pa_size-40-fr","20":"pa_size-41-fr","21":"pa_size-42-fr","23":"pa_size-43-fr","24":"pa_size-44-fr","26":"pa_size-45-fr","27":"pa_size-46-fr","30":"first","31":"instock","32":"sale","33":"taxable","34":"shipping-taxable","35":"purchasable","36":"product-type-variable","37":"wvs-archive-product-wrapper"},"acf":[],"yoast_head":"<!-- This site is optimized with the Yoast SEO plugin v26.8 - https:\/\/yoast.com\/product\/yoast-seo-wordpress\/ -->\n<title>Adidas Adizero Adios Pro 4 - chaussures de course - MioMioRun .com<\/title>\n<meta name=\"description\" content=\"Les adizero Adios Pro 4 sont des chaussures de course ultra-l\u00e9g\u00e8res con\u00e7ues pour optimiser la vitesse, l&#039;amorti et l&#039;adh\u00e9rence. D\u00e9couvrez-les avec nous\" \/>\n<meta name=\"robots\" content=\"index, follow, max-snippet:-1, max-image-preview:large, max-video-preview:-1\" \/>\n<link rel=\"canonical\" href=\"https:\/\/www.miomiorun.com\/fr\/produit\/adizero-adios-pro-4\/\" \/>\n<meta property=\"og:locale\" content=\"fr_FR\" \/>\n<meta property=\"og:type\" content=\"article\" \/>\n<meta property=\"og:title\" content=\"Adidas Adizero Adios Pro 4 - chaussures de course - MioMioRun .com\" \/>\n<meta property=\"og:description\" content=\"Les adizero Adios Pro 4 sont des chaussures de course ultra-l\u00e9g\u00e8res con\u00e7ues pour optimiser la vitesse, l&#039;amorti et l&#039;adh\u00e9rence. D\u00e9couvrez-les avec nous\" \/>\n<meta property=\"og:url\" content=\"https:\/\/www.miomiorun.com\/fr\/produit\/adizero-adios-pro-4\/\" \/>\n<meta property=\"og:site_name\" content=\"MioMioRun\" \/>\n<meta property=\"article:publisher\" content=\"https:\/\/www.facebook.com\/miomiorun\/\" \/>\n<meta property=\"article:modified_time\" content=\"2026-05-08T20:34:42+00:00\" \/>\n<meta property=\"og:image\" content=\"https:\/\/www.miomiorun.com\/app\/uploads\/2025\/06\/adidas-Adios-Pro-4-flaaqu-luclem-minton-JR1251.webp\" \/>\n\t<meta property=\"og:image:width\" content=\"600\" \/>\n\t<meta property=\"og:image:height\" content=\"600\" \/>\n\t<meta property=\"og:image:type\" content=\"image\/webp\" \/>\n<meta name=\"twitter:card\" content=\"summary_large_image\" \/>\n<meta name=\"twitter:label1\" content=\"Est. reading time\" \/>\n\t<meta name=\"twitter:data1\" content=\"2 minutes\" \/>\n<script type=\"application\/ld+json\" class=\"yoast-schema-graph\">{\"@context\":\"https:\/\/schema.org\",\"@graph\":[{\"@type\":\"WebPage\",\"@id\":\"https:\/\/www.miomiorun.com\/fr\/produit\/adizero-adios-pro-4\/\",\"url\":\"https:\/\/www.miomiorun.com\/fr\/produit\/adizero-adios-pro-4\/\",\"name\":\"Adidas Adizero Adios Pro 4 - chaussures de course - MioMioRun .com\",\"isPartOf\":{\"@id\":\"https:\/\/www.miomiorun.com\/fr\/#website\"},\"primaryImageOfPage\":{\"@id\":\"https:\/\/www.miomiorun.com\/fr\/produit\/adizero-adios-pro-4\/#primaryimage\"},\"image\":{\"@id\":\"https:\/\/www.miomiorun.com\/fr\/produit\/adizero-adios-pro-4\/#primaryimage\"},\"thumbnailUrl\":\"https:\/\/www.miomiorun.com\/app\/uploads\/2025\/06\/adidas-Adios-Pro-4-flaaqu-luclem-minton-JR1251.webp\",\"datePublished\":\"2025-03-25T09:39:16+00:00\",\"dateModified\":\"2026-05-08T20:34:42+00:00\",\"description\":\"Les adizero Adios Pro 4 sont des chaussures de course ultra-l\u00e9g\u00e8res con\u00e7ues pour optimiser la vitesse, l'amorti et l'adh\u00e9rence. D\u00e9couvrez-les avec nous\",\"breadcrumb\":{\"@id\":\"https:\/\/www.miomiorun.com\/fr\/produit\/adizero-adios-pro-4\/#breadcrumb\"},\"inLanguage\":\"fr-FR\",\"potentialAction\":[{\"@type\":\"ReadAction\",\"target\":[\"https:\/\/www.miomiorun.com\/fr\/produit\/adizero-adios-pro-4\/\"]}]},{\"@type\":\"ImageObject\",\"inLanguage\":\"fr-FR\",\"@id\":\"https:\/\/www.miomiorun.com\/fr\/produit\/adizero-adios-pro-4\/#primaryimage\",\"url\":\"https:\/\/www.miomiorun.com\/app\/uploads\/2025\/06\/adidas-Adios-Pro-4-flaaqu-luclem-minton-JR1251.webp\",\"contentUrl\":\"https:\/\/www.miomiorun.com\/app\/uploads\/2025\/06\/adidas-Adios-Pro-4-flaaqu-luclem-minton-JR1251.webp\",\"width\":600,\"height\":600,\"caption\":\"adidas Adios Pro 4 flaaqu luclem minton JR1251\"},{\"@type\":\"BreadcrumbList\",\"@id\":\"https:\/\/www.miomiorun.com\/fr\/produit\/adizero-adios-pro-4\/#breadcrumb\",\"itemListElement\":[{\"@type\":\"ListItem\",\"position\":1,\"name\":\"Home\",\"item\":\"https:\/\/www.miomiorun.com\/fr\/home-page\/\"},{\"@type\":\"ListItem\",\"position\":2,\"name\":\"Shop\",\"item\":\"https:\/\/www.miomiorun.com\/shop\/\"},{\"@type\":\"ListItem\",\"position\":3,\"name\":\"Adizero Adios Pro 4\"}]},{\"@type\":\"WebSite\",\"@id\":\"https:\/\/www.miomiorun.com\/fr\/#website\",\"url\":\"https:\/\/www.miomiorun.com\/fr\/\",\"name\":\"MioMioRun\",\"description\":\"Boutique 100% running et trail\",\"publisher\":{\"@id\":\"https:\/\/www.miomiorun.com\/fr\/#organization\"},\"potentialAction\":[{\"@type\":\"SearchAction\",\"target\":{\"@type\":\"EntryPoint\",\"urlTemplate\":\"https:\/\/www.miomiorun.com\/fr\/?s={search_term_string}\"},\"query-input\":{\"@type\":\"PropertyValueSpecification\",\"valueRequired\":true,\"valueName\":\"search_term_string\"}}],\"inLanguage\":\"fr-FR\"},{\"@type\":\"Organization\",\"@id\":\"https:\/\/www.miomiorun.com\/fr\/#organization\",\"name\":\"MioMio Run\",\"url\":\"https:\/\/www.miomiorun.com\/fr\/\",\"logo\":{\"@type\":\"ImageObject\",\"inLanguage\":\"fr-FR\",\"@id\":\"https:\/\/www.miomiorun.com\/fr\/#\/schema\/logo\/image\/\",\"url\":\"https:\/\/www.miomiorun.com\/app\/uploads\/2019\/12\/logomio.png\",\"contentUrl\":\"https:\/\/www.miomiorun.com\/app\/uploads\/2019\/12\/logomio.png\",\"width\":115,\"height\":82,\"caption\":\"MioMio Run\"},\"image\":{\"@id\":\"https:\/\/www.miomiorun.com\/fr\/#\/schema\/logo\/image\/\"},\"sameAs\":[\"https:\/\/www.facebook.com\/miomiorun\/\",\"https:\/\/www.instagram.com\/miomiorun\/\"]}]}<\/script>\n<!-- \/ Yoast SEO plugin. -->","yoast_head_json":{"title":"Adidas Adizero Adios Pro 4 - chaussures de course - MioMioRun .com","description":"Les adizero Adios Pro 4 sont des chaussures de course ultra-l\u00e9g\u00e8res con\u00e7ues pour optimiser la vitesse, l'amorti et l'adh\u00e9rence. D\u00e9couvrez-les avec nous","robots":{"index":"index","follow":"follow","max-snippet":"max-snippet:-1","max-image-preview":"max-image-preview:large","max-video-preview":"max-video-preview:-1"},"canonical":"https:\/\/www.miomiorun.com\/fr\/produit\/adizero-adios-pro-4\/","og_locale":"fr_FR","og_type":"article","og_title":"Adidas Adizero Adios Pro 4 - chaussures de course - MioMioRun .com","og_description":"Les adizero Adios Pro 4 sont des chaussures de course ultra-l\u00e9g\u00e8res con\u00e7ues pour optimiser la vitesse, l'amorti et l'adh\u00e9rence. D\u00e9couvrez-les avec nous","og_url":"https:\/\/www.miomiorun.com\/fr\/produit\/adizero-adios-pro-4\/","og_site_name":"MioMioRun","article_publisher":"https:\/\/www.facebook.com\/miomiorun\/","article_modified_time":"2026-05-08T20:34:42+00:00","og_image":[{"width":600,"height":600,"url":"https:\/\/www.miomiorun.com\/app\/uploads\/2025\/06\/adidas-Adios-Pro-4-flaaqu-luclem-minton-JR1251.webp","type":"image\/webp"}],"twitter_card":"summary_large_image","twitter_misc":{"Est. reading time":"2 minutes"},"schema":{"@context":"https:\/\/schema.org","@graph":[{"@type":"WebPage","@id":"https:\/\/www.miomiorun.com\/fr\/produit\/adizero-adios-pro-4\/","url":"https:\/\/www.miomiorun.com\/fr\/produit\/adizero-adios-pro-4\/","name":"Adidas Adizero Adios Pro 4 - chaussures de course - MioMioRun .com","isPartOf":{"@id":"https:\/\/www.miomiorun.com\/fr\/#website"},"primaryImageOfPage":{"@id":"https:\/\/www.miomiorun.com\/fr\/produit\/adizero-adios-pro-4\/#primaryimage"},"image":{"@id":"https:\/\/www.miomiorun.com\/fr\/produit\/adizero-adios-pro-4\/#primaryimage"},"thumbnailUrl":"https:\/\/www.miomiorun.com\/app\/uploads\/2025\/06\/adidas-Adios-Pro-4-flaaqu-luclem-minton-JR1251.webp","datePublished":"2025-03-25T09:39:16+00:00","dateModified":"2026-05-08T20:34:42+00:00","description":"Les adizero Adios Pro 4 sont des chaussures de course ultra-l\u00e9g\u00e8res con\u00e7ues pour optimiser la vitesse, l'amorti et l'adh\u00e9rence. D\u00e9couvrez-les avec nous","breadcrumb":{"@id":"https:\/\/www.miomiorun.com\/fr\/produit\/adizero-adios-pro-4\/#breadcrumb"},"inLanguage":"fr-FR","potentialAction":[{"@type":"ReadAction","target":["https:\/\/www.miomiorun.com\/fr\/produit\/adizero-adios-pro-4\/"]}]},{"@type":"ImageObject","inLanguage":"fr-FR","@id":"https:\/\/www.miomiorun.com\/fr\/produit\/adizero-adios-pro-4\/#primaryimage","url":"https:\/\/www.miomiorun.com\/app\/uploads\/2025\/06\/adidas-Adios-Pro-4-flaaqu-luclem-minton-JR1251.webp","contentUrl":"https:\/\/www.miomiorun.com\/app\/uploads\/2025\/06\/adidas-Adios-Pro-4-flaaqu-luclem-minton-JR1251.webp","width":600,"height":600,"caption":"adidas Adios Pro 4 flaaqu luclem minton JR1251"},{"@type":"BreadcrumbList","@id":"https:\/\/www.miomiorun.com\/fr\/produit\/adizero-adios-pro-4\/#breadcrumb","itemListElement":[{"@type":"ListItem","position":1,"name":"Home","item":"https:\/\/www.miomiorun.com\/fr\/home-page\/"},{"@type":"ListItem","position":2,"name":"Shop","item":"https:\/\/www.miomiorun.com\/shop\/"},{"@type":"ListItem","position":3,"name":"Adizero Adios Pro 4"}]},{"@type":"WebSite","@id":"https:\/\/www.miomiorun.com\/fr\/#website","url":"https:\/\/www.miomiorun.com\/fr\/","name":"MioMioRun","description":"Boutique 100% running et trail","publisher":{"@id":"https:\/\/www.miomiorun.com\/fr\/#organization"},"potentialAction":[{"@type":"SearchAction","target":{"@type":"EntryPoint","urlTemplate":"https:\/\/www.miomiorun.com\/fr\/?s={search_term_string}"},"query-input":{"@type":"PropertyValueSpecification","valueRequired":true,"valueName":"search_term_string"}}],"inLanguage":"fr-FR"},{"@type":"Organization","@id":"https:\/\/www.miomiorun.com\/fr\/#organization","name":"MioMio Run","url":"https:\/\/www.miomiorun.com\/fr\/","logo":{"@type":"ImageObject","inLanguage":"fr-FR","@id":"https:\/\/www.miomiorun.com\/fr\/#\/schema\/logo\/image\/","url":"https:\/\/www.miomiorun.com\/app\/uploads\/2019\/12\/logomio.png","contentUrl":"https:\/\/www.miomiorun.com\/app\/uploads\/2019\/12\/logomio.png","width":115,"height":82,"caption":"MioMio Run"},"image":{"@id":"https:\/\/www.miomiorun.com\/fr\/#\/schema\/logo\/image\/"},"sameAs":["https:\/\/www.facebook.com\/miomiorun\/","https:\/\/www.instagram.com\/miomiorun\/"]}]}},"_links":{"self":[{"href":"https:\/\/www.miomiorun.com\/fr\/wp-json\/wp\/v2\/product\/300123","targetHints":{"allow":["GET"]}}],"collection":[{"href":"https:\/\/www.miomiorun.com\/fr\/wp-json\/wp\/v2\/product"}],"about":[{"href":"https:\/\/www.miomiorun.com\/fr\/wp-json\/wp\/v2\/types\/product"}],"wp:featuredmedia":[{"embeddable":true,"href":"https:\/\/www.miomiorun.com\/fr\/wp-json\/wp\/v2\/media\/316743"}],"wp:attachment":[{"href":"https:\/\/www.miomiorun.com\/fr\/wp-json\/wp\/v2\/media?parent=300123"}],"wp:term":[{"taxonomy":"product_brand","embeddable":true,"href":"https:\/\/www.miomiorun.com\/fr\/wp-json\/wp\/v2\/product_brand?post=300123"},{"taxonomy":"product_cat","embeddable":true,"href":"https:\/\/www.miomiorun.com\/fr\/wp-json\/wp\/v2\/product_cat?post=300123"},{"taxonomy":"product_tag","embeddable":true,"href":"https:\/\/www.miomiorun.com\/fr\/wp-json\/wp\/v2\/product_tag?post=300123"}],"curies":[{"name":"wp","href":"https:\/\/api.w.org\/{rel}","templated":true}]}}