{"id":300118,"date":"2025-03-25T10:57:31","date_gmt":"2025-03-25T09:57:31","guid":{"rendered":"https:\/\/miomiorun.com\/prodotto\/duffel-base-camp\/"},"modified":"2026-05-08T22:34:37","modified_gmt":"2026-05-08T20:34:37","slug":"duffel-base-camp","status":"publish","type":"product","link":"https:\/\/www.miomiorun.com\/fr\/produit\/duffel-base-camp\/","title":{"rendered":"Duffel Base Camp"},"content":{"rendered":"<div class=\"vc-row container\"><div class=\"vc-column\"><div class=\"vc-column-text\">Le <strong>sac de voyage Base Camp<\/strong> est l&#8217;accessoire parfait pour tout explorateur, alliant durabilit\u00e9 et praticit\u00e9 dans un produit embl\u00e9matique. Fabriqu\u00e9 \u00e0 partir de mat\u00e9riaux recycl\u00e9s et imperm\u00e9ables, il garantit la m\u00eame robustesse que d&#8217;habitude, ce qui le rend id\u00e9al pour le voyage et l&#8217;aventure, \u00e0 la montagne comme \u00e0 la ville. Avec une capacit\u00e9 de 71 litres, il offre beaucoup d&#8217;espace pour tous vos effets personnels, tandis que les quatre sangles de compression vous permettent de l&#8217;adapter \u00e0 tous vos besoins. Les deux poign\u00e9es lat\u00e9rales rembourr\u00e9es permettent de le porter confortablement \u00e0 la main ou sur les \u00e9paules. L&#8217;ouverture en D avec fermeture \u00e0 glissi\u00e8re et rabat \u00e9tanche facilite l&#8217;acc\u00e8s et prot\u00e8ge des intemp\u00e9ries. \u00c0 l&#8217;int\u00e9rieur, le <strong>compartiment principal<\/strong> est dot\u00e9 d&#8217;une poche zipp\u00e9e en filet et d&#8217;une poche suppl\u00e9mentaire \u00e0 l&#8217;extr\u00e9mit\u00e9 pour que tout soit bien organis\u00e9. Le <strong>mat\u00e9riau Base Camp<\/strong> r\u00e9sistant \u00e0 l&#8217;eau, les chevrons suppl\u00e9mentaires et les doubles coutures garantissent une robustesse l\u00e9gendaire. Les <strong>quatre sangles de compression<\/strong> vous permettent d&#8217;ajuster la capacit\u00e9 du sac, tandis que la <strong>pochette transparente<\/strong> sur le dessus est parfaite pour garder vos documents \u00e0 port\u00e9e de main. Enfin, le <strong>sac en filet<\/strong> permet de garder le sac de sport propre et bien rang\u00e9, pr\u00eat pour toute nouvelle aventure.<\/p>\n<p>Le <strong data-end=\"784\" data-start=\"763\">sac polochon Base Camp<\/strong> est le choix id\u00e9al pour ceux qui recherchent la durabilit\u00e9, l&#8217;espace et la praticit\u00e9 dans un seul accessoire.<\/p>\n<dl class=\"grid gap-y-4\" title=\"Specifiche tecniche\">\n<dt><em>SP\u00c9CIFICATIONS TECHNIQUES<\/em>:<\/dt>\n<dt class=\"pr-2 fw-bold\">\n<h3 class=\"title-2\" data-test-id=\"product-name\">Duffel Base Camp &#8211; M<\/h3>\n<p>Poids moyen : 1620 g<\/dt>\n<dt class=\"pr-2 fw-bold\">Capacit\u00e9 : 71 litres<\/dt>\n<dt class=\"pr-2 fw-bold\">Dimensions : 35,56 cm x 63,5 cm x 35,56 cm<\/dt>\n<dt>\n<dl class=\"grid gap-y-4\" title=\"Specifiche tecniche\">\n<dt class=\"pr-2 fw-bold\">\n<h3 class=\"title-2\" data-test-id=\"product-name\">Sac de voyage Base Camp &#8211; S<\/h3>\n<p>Poids moyen : 1195 g<\/dt>\n<dt class=\"pr-2 fw-bold\">Capacit\u00e9 : 50 litres<\/dt>\n<dt class=\"pr-2 fw-bold\">Dimensions : 33.03 cm x 53.34 cm x 33.02 cm<\/dt>\n<\/dl>\n<\/dt>\n<\/dl>\n<div id=\"base-collapse-nUfccvMQCJy-7-content\" class=\"overflow-hidden duration\" role=\"region\" aria-labelledby=\"base-collapse-nUfccvMQCJy-7\">\n<div class=\"text-sm fw-light\" data-test-id=\"vf-accordion-content\">\n<div class=\"pb-6 pt-2 text-sm c-grey-20\">\n<div class=\"group flex items-start gap-4\">\n<div class=\"grow space-y-1\">\n<p class=\"!title-5 fw-bold\"><em>ENTRETIEN DU PRODUIT<\/em>:<\/p>\n<p class=\"subtitle-4\">La meilleure fa\u00e7on de nettoyer votre sac ou votre sac \u00e0 dos est de rep\u00e9rer les endroits sales et de les laver avec un chiffon humide, puis de les laisser s\u00e9cher. Il est d\u00e9conseill\u00e9 de tremper compl\u00e8tement le produit dans l&#8217;eau.<\/p>\n<\/div>\n<\/div>\n<\/div>\n<\/div>\n<\/div>\n<p><\/div><\/div><\/div>\n","protected":false},"excerpt":{"rendered":"","protected":false},"featured_media":269469,"template":"","meta":{"_acf_changed":false,"inline_featured_image":false},"product_brand":[],"product_cat":[22587],"product_tag":[32391,32393,32397],"class_list":{"0":"post-300118","1":"product","2":"type-product","3":"status-publish","4":"has-post-thumbnail","6":"product_cat-sacs-a-dos-et-ceintures","7":"product_tag-the-north-face-fr","8":"product_tag-the-north-face-femme","9":"product_tag-the-north-face-homme","10":"pa_attivita-lifestyle-fr","11":"pa_attivita-outdoor-fr","12":"pa_colore-base-camp-duffel-m-summit-fr","13":"pa_colore-base-camp-duffel-s-black-all-flowers-fr","14":"pa_colore-base-camp-duffel-s-evergreen-fr","15":"pa_colore-base-camp-duffel-s-red-fr","16":"pa_colore-base-camp-duffel-s-summit-fr","17":"pa_marca-the-north-face-fr","18":"pa_sesso-femme","19":"pa_sesso-homme","20":"pa_size-small-fr","21":"pa_size-medium-fr","23":"first","24":"instock","25":"sale","26":"taxable","27":"shipping-taxable","28":"purchasable","29":"product-type-variable","30":"wvs-archive-product-wrapper"},"acf":[],"yoast_head":"<!-- This site is optimized with the Yoast SEO plugin v26.8 - https:\/\/yoast.com\/product\/yoast-seo-wordpress\/ -->\n<title>The North Face Duffel Base Camp - Accessoires de voyage - MioMioRun.com<\/title>\n<meta name=\"description\" content=\"Le North Face Base Camp est plus qu&#039;un simple sac \u00e0 dos. C&#039;est un compagnon de voyage aux multiples facettes. D\u00e9couvrez-le avec nous\" \/>\n<meta name=\"robots\" content=\"index, follow, max-snippet:-1, max-image-preview:large, max-video-preview:-1\" \/>\n<link rel=\"canonical\" href=\"https:\/\/www.miomiorun.com\/fr\/produit\/duffel-base-camp\/\" \/>\n<meta property=\"og:locale\" content=\"fr_FR\" \/>\n<meta property=\"og:type\" content=\"article\" \/>\n<meta property=\"og:title\" content=\"The North Face Duffel Base Camp - Accessoires de voyage - MioMioRun.com\" \/>\n<meta property=\"og:description\" content=\"Le North Face Base Camp est plus qu&#039;un simple sac \u00e0 dos. C&#039;est un compagnon de voyage aux multiples facettes. D\u00e9couvrez-le avec nous\" \/>\n<meta property=\"og:url\" content=\"https:\/\/www.miomiorun.com\/fr\/produit\/duffel-base-camp\/\" \/>\n<meta property=\"og:site_name\" content=\"MioMioRun\" \/>\n<meta property=\"article:publisher\" content=\"https:\/\/www.facebook.com\/miomiorun\/\" \/>\n<meta property=\"article:modified_time\" content=\"2026-05-08T20:34:37+00:00\" \/>\n<meta property=\"og:image\" content=\"https:\/\/www.miomiorun.com\/app\/uploads\/2025\/04\/north-face-Base-Camp-Duffel-M-summit-NF0A52SA4WP1.webp\" \/>\n\t<meta property=\"og:image:width\" content=\"600\" \/>\n\t<meta property=\"og:image:height\" content=\"600\" \/>\n\t<meta property=\"og:image:type\" content=\"image\/webp\" \/>\n<meta name=\"twitter:card\" content=\"summary_large_image\" \/>\n<meta name=\"twitter:label1\" content=\"Est. reading time\" \/>\n\t<meta name=\"twitter:data1\" content=\"2 minutes\" \/>\n<script type=\"application\/ld+json\" class=\"yoast-schema-graph\">{\"@context\":\"https:\/\/schema.org\",\"@graph\":[{\"@type\":\"WebPage\",\"@id\":\"https:\/\/www.miomiorun.com\/fr\/produit\/duffel-base-camp\/\",\"url\":\"https:\/\/www.miomiorun.com\/fr\/produit\/duffel-base-camp\/\",\"name\":\"The North Face Duffel Base Camp - Accessoires de voyage - MioMioRun.com\",\"isPartOf\":{\"@id\":\"https:\/\/www.miomiorun.com\/fr\/#website\"},\"primaryImageOfPage\":{\"@id\":\"https:\/\/www.miomiorun.com\/fr\/produit\/duffel-base-camp\/#primaryimage\"},\"image\":{\"@id\":\"https:\/\/www.miomiorun.com\/fr\/produit\/duffel-base-camp\/#primaryimage\"},\"thumbnailUrl\":\"https:\/\/www.miomiorun.com\/app\/uploads\/2025\/04\/north-face-Base-Camp-Duffel-M-summit-NF0A52SA4WP1.webp\",\"datePublished\":\"2025-03-25T09:57:31+00:00\",\"dateModified\":\"2026-05-08T20:34:37+00:00\",\"description\":\"Le North Face Base Camp est plus qu'un simple sac \u00e0 dos. C'est un compagnon de voyage aux multiples facettes. D\u00e9couvrez-le avec nous\",\"breadcrumb\":{\"@id\":\"https:\/\/www.miomiorun.com\/fr\/produit\/duffel-base-camp\/#breadcrumb\"},\"inLanguage\":\"fr-FR\",\"potentialAction\":[{\"@type\":\"ReadAction\",\"target\":[\"https:\/\/www.miomiorun.com\/fr\/produit\/duffel-base-camp\/\"]}]},{\"@type\":\"ImageObject\",\"inLanguage\":\"fr-FR\",\"@id\":\"https:\/\/www.miomiorun.com\/fr\/produit\/duffel-base-camp\/#primaryimage\",\"url\":\"https:\/\/www.miomiorun.com\/app\/uploads\/2025\/04\/north-face-Base-Camp-Duffel-M-summit-NF0A52SA4WP1.webp\",\"contentUrl\":\"https:\/\/www.miomiorun.com\/app\/uploads\/2025\/04\/north-face-Base-Camp-Duffel-M-summit-NF0A52SA4WP1.webp\",\"width\":600,\"height\":600,\"caption\":\"north face Base Camp Duffel M summit NF0A52SA4WP1\"},{\"@type\":\"BreadcrumbList\",\"@id\":\"https:\/\/www.miomiorun.com\/fr\/produit\/duffel-base-camp\/#breadcrumb\",\"itemListElement\":[{\"@type\":\"ListItem\",\"position\":1,\"name\":\"Home\",\"item\":\"https:\/\/www.miomiorun.com\/fr\/home-page\/\"},{\"@type\":\"ListItem\",\"position\":2,\"name\":\"Shop\",\"item\":\"https:\/\/www.miomiorun.com\/shop\/\"},{\"@type\":\"ListItem\",\"position\":3,\"name\":\"Duffel Base Camp\"}]},{\"@type\":\"WebSite\",\"@id\":\"https:\/\/www.miomiorun.com\/fr\/#website\",\"url\":\"https:\/\/www.miomiorun.com\/fr\/\",\"name\":\"MioMioRun\",\"description\":\"Boutique 100% running et trail\",\"publisher\":{\"@id\":\"https:\/\/www.miomiorun.com\/fr\/#organization\"},\"potentialAction\":[{\"@type\":\"SearchAction\",\"target\":{\"@type\":\"EntryPoint\",\"urlTemplate\":\"https:\/\/www.miomiorun.com\/fr\/?s={search_term_string}\"},\"query-input\":{\"@type\":\"PropertyValueSpecification\",\"valueRequired\":true,\"valueName\":\"search_term_string\"}}],\"inLanguage\":\"fr-FR\"},{\"@type\":\"Organization\",\"@id\":\"https:\/\/www.miomiorun.com\/fr\/#organization\",\"name\":\"MioMio Run\",\"url\":\"https:\/\/www.miomiorun.com\/fr\/\",\"logo\":{\"@type\":\"ImageObject\",\"inLanguage\":\"fr-FR\",\"@id\":\"https:\/\/www.miomiorun.com\/fr\/#\/schema\/logo\/image\/\",\"url\":\"https:\/\/www.miomiorun.com\/app\/uploads\/2019\/12\/logomio.png\",\"contentUrl\":\"https:\/\/www.miomiorun.com\/app\/uploads\/2019\/12\/logomio.png\",\"width\":115,\"height\":82,\"caption\":\"MioMio Run\"},\"image\":{\"@id\":\"https:\/\/www.miomiorun.com\/fr\/#\/schema\/logo\/image\/\"},\"sameAs\":[\"https:\/\/www.facebook.com\/miomiorun\/\",\"https:\/\/www.instagram.com\/miomiorun\/\"]}]}<\/script>\n<!-- \/ Yoast SEO plugin. -->","yoast_head_json":{"title":"The North Face Duffel Base Camp - Accessoires de voyage - MioMioRun.com","description":"Le North Face Base Camp est plus qu'un simple sac \u00e0 dos. C'est un compagnon de voyage aux multiples facettes. D\u00e9couvrez-le avec nous","robots":{"index":"index","follow":"follow","max-snippet":"max-snippet:-1","max-image-preview":"max-image-preview:large","max-video-preview":"max-video-preview:-1"},"canonical":"https:\/\/www.miomiorun.com\/fr\/produit\/duffel-base-camp\/","og_locale":"fr_FR","og_type":"article","og_title":"The North Face Duffel Base Camp - Accessoires de voyage - MioMioRun.com","og_description":"Le North Face Base Camp est plus qu'un simple sac \u00e0 dos. C'est un compagnon de voyage aux multiples facettes. D\u00e9couvrez-le avec nous","og_url":"https:\/\/www.miomiorun.com\/fr\/produit\/duffel-base-camp\/","og_site_name":"MioMioRun","article_publisher":"https:\/\/www.facebook.com\/miomiorun\/","article_modified_time":"2026-05-08T20:34:37+00:00","og_image":[{"width":600,"height":600,"url":"https:\/\/www.miomiorun.com\/app\/uploads\/2025\/04\/north-face-Base-Camp-Duffel-M-summit-NF0A52SA4WP1.webp","type":"image\/webp"}],"twitter_card":"summary_large_image","twitter_misc":{"Est. reading time":"2 minutes"},"schema":{"@context":"https:\/\/schema.org","@graph":[{"@type":"WebPage","@id":"https:\/\/www.miomiorun.com\/fr\/produit\/duffel-base-camp\/","url":"https:\/\/www.miomiorun.com\/fr\/produit\/duffel-base-camp\/","name":"The North Face Duffel Base Camp - Accessoires de voyage - MioMioRun.com","isPartOf":{"@id":"https:\/\/www.miomiorun.com\/fr\/#website"},"primaryImageOfPage":{"@id":"https:\/\/www.miomiorun.com\/fr\/produit\/duffel-base-camp\/#primaryimage"},"image":{"@id":"https:\/\/www.miomiorun.com\/fr\/produit\/duffel-base-camp\/#primaryimage"},"thumbnailUrl":"https:\/\/www.miomiorun.com\/app\/uploads\/2025\/04\/north-face-Base-Camp-Duffel-M-summit-NF0A52SA4WP1.webp","datePublished":"2025-03-25T09:57:31+00:00","dateModified":"2026-05-08T20:34:37+00:00","description":"Le North Face Base Camp est plus qu'un simple sac \u00e0 dos. C'est un compagnon de voyage aux multiples facettes. D\u00e9couvrez-le avec nous","breadcrumb":{"@id":"https:\/\/www.miomiorun.com\/fr\/produit\/duffel-base-camp\/#breadcrumb"},"inLanguage":"fr-FR","potentialAction":[{"@type":"ReadAction","target":["https:\/\/www.miomiorun.com\/fr\/produit\/duffel-base-camp\/"]}]},{"@type":"ImageObject","inLanguage":"fr-FR","@id":"https:\/\/www.miomiorun.com\/fr\/produit\/duffel-base-camp\/#primaryimage","url":"https:\/\/www.miomiorun.com\/app\/uploads\/2025\/04\/north-face-Base-Camp-Duffel-M-summit-NF0A52SA4WP1.webp","contentUrl":"https:\/\/www.miomiorun.com\/app\/uploads\/2025\/04\/north-face-Base-Camp-Duffel-M-summit-NF0A52SA4WP1.webp","width":600,"height":600,"caption":"north face Base Camp Duffel M summit NF0A52SA4WP1"},{"@type":"BreadcrumbList","@id":"https:\/\/www.miomiorun.com\/fr\/produit\/duffel-base-camp\/#breadcrumb","itemListElement":[{"@type":"ListItem","position":1,"name":"Home","item":"https:\/\/www.miomiorun.com\/fr\/home-page\/"},{"@type":"ListItem","position":2,"name":"Shop","item":"https:\/\/www.miomiorun.com\/shop\/"},{"@type":"ListItem","position":3,"name":"Duffel Base Camp"}]},{"@type":"WebSite","@id":"https:\/\/www.miomiorun.com\/fr\/#website","url":"https:\/\/www.miomiorun.com\/fr\/","name":"MioMioRun","description":"Boutique 100% running et trail","publisher":{"@id":"https:\/\/www.miomiorun.com\/fr\/#organization"},"potentialAction":[{"@type":"SearchAction","target":{"@type":"EntryPoint","urlTemplate":"https:\/\/www.miomiorun.com\/fr\/?s={search_term_string}"},"query-input":{"@type":"PropertyValueSpecification","valueRequired":true,"valueName":"search_term_string"}}],"inLanguage":"fr-FR"},{"@type":"Organization","@id":"https:\/\/www.miomiorun.com\/fr\/#organization","name":"MioMio Run","url":"https:\/\/www.miomiorun.com\/fr\/","logo":{"@type":"ImageObject","inLanguage":"fr-FR","@id":"https:\/\/www.miomiorun.com\/fr\/#\/schema\/logo\/image\/","url":"https:\/\/www.miomiorun.com\/app\/uploads\/2019\/12\/logomio.png","contentUrl":"https:\/\/www.miomiorun.com\/app\/uploads\/2019\/12\/logomio.png","width":115,"height":82,"caption":"MioMio Run"},"image":{"@id":"https:\/\/www.miomiorun.com\/fr\/#\/schema\/logo\/image\/"},"sameAs":["https:\/\/www.facebook.com\/miomiorun\/","https:\/\/www.instagram.com\/miomiorun\/"]}]}},"_links":{"self":[{"href":"https:\/\/www.miomiorun.com\/fr\/wp-json\/wp\/v2\/product\/300118","targetHints":{"allow":["GET"]}}],"collection":[{"href":"https:\/\/www.miomiorun.com\/fr\/wp-json\/wp\/v2\/product"}],"about":[{"href":"https:\/\/www.miomiorun.com\/fr\/wp-json\/wp\/v2\/types\/product"}],"wp:featuredmedia":[{"embeddable":true,"href":"https:\/\/www.miomiorun.com\/fr\/wp-json\/wp\/v2\/media\/269469"}],"wp:attachment":[{"href":"https:\/\/www.miomiorun.com\/fr\/wp-json\/wp\/v2\/media?parent=300118"}],"wp:term":[{"taxonomy":"product_brand","embeddable":true,"href":"https:\/\/www.miomiorun.com\/fr\/wp-json\/wp\/v2\/product_brand?post=300118"},{"taxonomy":"product_cat","embeddable":true,"href":"https:\/\/www.miomiorun.com\/fr\/wp-json\/wp\/v2\/product_cat?post=300118"},{"taxonomy":"product_tag","embeddable":true,"href":"https:\/\/www.miomiorun.com\/fr\/wp-json\/wp\/v2\/product_tag?post=300118"}],"curies":[{"name":"wp","href":"https:\/\/api.w.org\/{rel}","templated":true}]}}