{"id":300037,"date":"2025-04-01T10:46:26","date_gmt":"2025-04-01T08:46:26","guid":{"rendered":"https:\/\/miomiorun.com\/prodotto\/aero-blaze-3-grvl-donna\/"},"modified":"2026-05-08T22:34:27","modified_gmt":"2026-05-08T20:34:27","slug":"aero-blaze-3-grvl-femme","status":"publish","type":"product","link":"https:\/\/www.miomiorun.com\/fr\/produit\/aero-blaze-3-grvl-femme\/","title":{"rendered":"Aero Blaze 3 Grvl femme"},"content":{"rendered":"<div class=\"vc-row container\"><div class=\"vc-column\"><div class=\"vc-column-text\"><\/p>\n<h4>Caract\u00e9ristiques techniques<\/h4>\n<p>Cat\u00e9gorie : Amortissement sup\u00e9rieur<\/p>\n<p>Poids : 204 g<\/p>\n<p>Chute : 8mm<\/p>\n<p>Id\u00e9al pour : les coureurs qui recherchent une combinaison d&#8217;asphalte et de gravier sans sacrifier la protection, le confort et l&#8217;amorti<br \/>\n<a href=\"https:\/\/miomiorun.com\/fr\/guide-des-specificites\/\">Specifications guide<\/a><\/p>\n<p><\/div><\/div><div class=\"vc-column\"><div class=\"vc-column-text\">Chers amateurs de course \u00e0 pied,<\/p>\n<p>Si vous \u00eates pr\u00eats \u00e0 briser le moule et \u00e0 repousser vos limites, nous vous pr\u00e9sentons l&#8217;<strong>Aero Blaze 3 Grvl<\/strong>, la chaussure qui va r\u00e9volutionner votre fa\u00e7on de courir. Ce n&#8217;est pas seulement une chaussure de course, c&#8217;est une invitation \u00e0 d\u00e9couvrir de nouveaux horizons. Avec l&#8217;Aero Blaze 3 Grvl, chaque terrain devient une occasion de se d\u00e9passer, qu&#8217;il s&#8217;agisse de l&#8217;asphalte des villes ou de la terre naturelle.<\/p>\n<p><strong>L\u00e9g\u00e8ret\u00e9 et polyvalence<\/strong> sont au c\u0153ur de ce mod\u00e8le. Son design innovant permet une transition parfaite entre la route et les terrains accident\u00e9s, gr\u00e2ce \u00e0 son incroyable adaptabilit\u00e9. La <strong>technologie Energy Foam evo<\/strong> de la semelle interm\u00e9diaire garantit des atterrissages en douceur et un incroyable effet de rebond, donnant un \u00e9lan suppl\u00e9mentaire \u00e0 chaque foul\u00e9e. L&#8217;<strong>ajustement s\u00fbr<\/strong> et la <strong>semelle \u00e0 forte adh\u00e9rence<\/strong> vous permettent de relever tous les d\u00e9fis en toute confiance, sans vous soucier de la stabilit\u00e9.<\/p>\n<p>Que vous couriez 2 ou 3 fois par semaine, l&#8217;Aero Blaze 3 Grvl est la chaussure parfaite pour tous les entra\u00eenements, avec un <strong>amorti mod\u00e9r\u00e9<\/strong> qui \u00e9quilibre confort et dynamisme. Son poids l\u00e9ger (seulement <strong>204 grammes<\/strong>) et son <strong>diff\u00e9rentiel de 8 mm<\/strong> assurent une conduite fluide et r\u00e9active, sans compromis.<\/p>\n<p>Imaginez que vous puissiez explorer de nouveaux itin\u00e9raires, repousser les limites de l&#8217;entra\u00eenement sur route classique, sans jamais sacrifier le confort ou les performances. Avec l&#8217;Aero Blaze 3 Grvl, tout cela devient r\u00e9alit\u00e9.<\/p>\n<p>&nbsp;<\/div><\/div><\/div>\n","protected":false},"excerpt":{"rendered":"<ul>\n<li>Chaussure pour les enfants qui aiment courir sur tous les terrains et ne veulent pas glisser.<\/li>\n<li>Super amorti et avec une excellente adh\u00e9rence.<\/li>\n<\/ul>\n","protected":false},"featured_media":272039,"template":"","meta":{"_acf_changed":false,"inline_featured_image":false},"product_brand":[],"product_cat":[22605,22608,22595],"product_tag":[23581,23580],"class_list":{"0":"post-300037","1":"product","2":"type-product","3":"status-publish","4":"has-post-thumbnail","6":"product_cat-chaussures-pour-femmes","7":"product_cat-trail-fr","8":"product_cat-femme","9":"product_tag-salomon-fr","10":"product_tag-salomon-homme","11":"pa_attivita-marcher","12":"pa_attivita-outdoor-fr","13":"pa_attivita-trail-fr","14":"pa_colore-aero-blaze-3-grvl-w-burnt-ochre-vanilla-fr","15":"pa_marca-salomon-fr","16":"pa_sesso-femme","17":"pa_size-38-fr","18":"pa_size-39-fr","19":"pa_size-40-fr","22":"first","23":"instock","24":"sale","25":"taxable","26":"shipping-taxable","27":"purchasable","28":"product-type-variable","29":"wvs-archive-product-wrapper"},"acf":[],"yoast_head":"<!-- This site is optimized with the Yoast SEO plugin v26.8 - https:\/\/yoast.com\/product\/yoast-seo-wordpress\/ -->\n<title>Salomon Aero Blaze 3 Grvl femme -chaussures de trail - MioMioRun<\/title>\n<meta name=\"description\" content=\"L&#039;Aero Blaze 3 Grvl est la chaussure de course l\u00e9g\u00e8re et polyvalente que vous recherchiez. Parfaite pour passer de l&#039;asphalte \u00e0 la terre et inversement.\" \/>\n<meta name=\"robots\" content=\"index, follow, max-snippet:-1, max-image-preview:large, max-video-preview:-1\" \/>\n<link rel=\"canonical\" href=\"https:\/\/www.miomiorun.com\/fr\/produit\/aero-blaze-3-grvl-femme\/\" \/>\n<meta property=\"og:locale\" content=\"fr_FR\" \/>\n<meta property=\"og:type\" content=\"article\" \/>\n<meta property=\"og:title\" content=\"Salomon Aero Blaze 3 Grvl femme -chaussures de trail - MioMioRun\" \/>\n<meta property=\"og:description\" content=\"L&#039;Aero Blaze 3 Grvl est la chaussure de course l\u00e9g\u00e8re et polyvalente que vous recherchiez. Parfaite pour passer de l&#039;asphalte \u00e0 la terre et inversement.\" \/>\n<meta property=\"og:url\" content=\"https:\/\/www.miomiorun.com\/fr\/produit\/aero-blaze-3-grvl-femme\/\" \/>\n<meta property=\"og:site_name\" content=\"MioMioRun\" \/>\n<meta property=\"article:publisher\" content=\"https:\/\/www.facebook.com\/miomiorun\/\" \/>\n<meta property=\"article:modified_time\" content=\"2026-05-08T20:34:27+00:00\" \/>\n<meta property=\"og:image\" content=\"https:\/\/www.miomiorun.com\/app\/uploads\/2025\/04\/salomon-Aero-Blaze-3-GRVL-W-burnt-ochre-vanilla-L47915000.webp\" \/>\n\t<meta property=\"og:image:width\" content=\"600\" \/>\n\t<meta property=\"og:image:height\" content=\"600\" \/>\n\t<meta property=\"og:image:type\" content=\"image\/webp\" \/>\n<meta name=\"twitter:card\" content=\"summary_large_image\" \/>\n<meta name=\"twitter:label1\" content=\"Est. reading time\" \/>\n\t<meta name=\"twitter:data1\" content=\"2 minutes\" \/>\n<script type=\"application\/ld+json\" class=\"yoast-schema-graph\">{\"@context\":\"https:\/\/schema.org\",\"@graph\":[{\"@type\":\"WebPage\",\"@id\":\"https:\/\/www.miomiorun.com\/fr\/produit\/aero-blaze-3-grvl-femme\/\",\"url\":\"https:\/\/www.miomiorun.com\/fr\/produit\/aero-blaze-3-grvl-femme\/\",\"name\":\"Salomon Aero Blaze 3 Grvl femme -chaussures de trail - MioMioRun\",\"isPartOf\":{\"@id\":\"https:\/\/www.miomiorun.com\/fr\/#website\"},\"primaryImageOfPage\":{\"@id\":\"https:\/\/www.miomiorun.com\/fr\/produit\/aero-blaze-3-grvl-femme\/#primaryimage\"},\"image\":{\"@id\":\"https:\/\/www.miomiorun.com\/fr\/produit\/aero-blaze-3-grvl-femme\/#primaryimage\"},\"thumbnailUrl\":\"https:\/\/www.miomiorun.com\/app\/uploads\/2025\/04\/salomon-Aero-Blaze-3-GRVL-W-burnt-ochre-vanilla-L47915000.webp\",\"datePublished\":\"2025-04-01T08:46:26+00:00\",\"dateModified\":\"2026-05-08T20:34:27+00:00\",\"description\":\"L'Aero Blaze 3 Grvl est la chaussure de course l\u00e9g\u00e8re et polyvalente que vous recherchiez. Parfaite pour passer de l'asphalte \u00e0 la terre et inversement.\",\"breadcrumb\":{\"@id\":\"https:\/\/www.miomiorun.com\/fr\/produit\/aero-blaze-3-grvl-femme\/#breadcrumb\"},\"inLanguage\":\"fr-FR\",\"potentialAction\":[{\"@type\":\"ReadAction\",\"target\":[\"https:\/\/www.miomiorun.com\/fr\/produit\/aero-blaze-3-grvl-femme\/\"]}]},{\"@type\":\"ImageObject\",\"inLanguage\":\"fr-FR\",\"@id\":\"https:\/\/www.miomiorun.com\/fr\/produit\/aero-blaze-3-grvl-femme\/#primaryimage\",\"url\":\"https:\/\/www.miomiorun.com\/app\/uploads\/2025\/04\/salomon-Aero-Blaze-3-GRVL-W-burnt-ochre-vanilla-L47915000.webp\",\"contentUrl\":\"https:\/\/www.miomiorun.com\/app\/uploads\/2025\/04\/salomon-Aero-Blaze-3-GRVL-W-burnt-ochre-vanilla-L47915000.webp\",\"width\":600,\"height\":600,\"caption\":\"salomon Aero Blaze 3 GRVL W burnt ochre vanilla L47915000\"},{\"@type\":\"BreadcrumbList\",\"@id\":\"https:\/\/www.miomiorun.com\/fr\/produit\/aero-blaze-3-grvl-femme\/#breadcrumb\",\"itemListElement\":[{\"@type\":\"ListItem\",\"position\":1,\"name\":\"Home\",\"item\":\"https:\/\/www.miomiorun.com\/fr\/home-page\/\"},{\"@type\":\"ListItem\",\"position\":2,\"name\":\"Shop\",\"item\":\"https:\/\/www.miomiorun.com\/shop\/\"},{\"@type\":\"ListItem\",\"position\":3,\"name\":\"Aero Blaze 3 Grvl femme\"}]},{\"@type\":\"WebSite\",\"@id\":\"https:\/\/www.miomiorun.com\/fr\/#website\",\"url\":\"https:\/\/www.miomiorun.com\/fr\/\",\"name\":\"MioMioRun\",\"description\":\"Boutique 100% running et trail\",\"publisher\":{\"@id\":\"https:\/\/www.miomiorun.com\/fr\/#organization\"},\"potentialAction\":[{\"@type\":\"SearchAction\",\"target\":{\"@type\":\"EntryPoint\",\"urlTemplate\":\"https:\/\/www.miomiorun.com\/fr\/?s={search_term_string}\"},\"query-input\":{\"@type\":\"PropertyValueSpecification\",\"valueRequired\":true,\"valueName\":\"search_term_string\"}}],\"inLanguage\":\"fr-FR\"},{\"@type\":\"Organization\",\"@id\":\"https:\/\/www.miomiorun.com\/fr\/#organization\",\"name\":\"MioMio Run\",\"url\":\"https:\/\/www.miomiorun.com\/fr\/\",\"logo\":{\"@type\":\"ImageObject\",\"inLanguage\":\"fr-FR\",\"@id\":\"https:\/\/www.miomiorun.com\/fr\/#\/schema\/logo\/image\/\",\"url\":\"https:\/\/www.miomiorun.com\/app\/uploads\/2019\/12\/logomio.png\",\"contentUrl\":\"https:\/\/www.miomiorun.com\/app\/uploads\/2019\/12\/logomio.png\",\"width\":115,\"height\":82,\"caption\":\"MioMio Run\"},\"image\":{\"@id\":\"https:\/\/www.miomiorun.com\/fr\/#\/schema\/logo\/image\/\"},\"sameAs\":[\"https:\/\/www.facebook.com\/miomiorun\/\",\"https:\/\/www.instagram.com\/miomiorun\/\"]}]}<\/script>\n<!-- \/ Yoast SEO plugin. -->","yoast_head_json":{"title":"Salomon Aero Blaze 3 Grvl femme -chaussures de trail - MioMioRun","description":"L'Aero Blaze 3 Grvl est la chaussure de course l\u00e9g\u00e8re et polyvalente que vous recherchiez. Parfaite pour passer de l'asphalte \u00e0 la terre et inversement.","robots":{"index":"index","follow":"follow","max-snippet":"max-snippet:-1","max-image-preview":"max-image-preview:large","max-video-preview":"max-video-preview:-1"},"canonical":"https:\/\/www.miomiorun.com\/fr\/produit\/aero-blaze-3-grvl-femme\/","og_locale":"fr_FR","og_type":"article","og_title":"Salomon Aero Blaze 3 Grvl femme -chaussures de trail - MioMioRun","og_description":"L'Aero Blaze 3 Grvl est la chaussure de course l\u00e9g\u00e8re et polyvalente que vous recherchiez. Parfaite pour passer de l'asphalte \u00e0 la terre et inversement.","og_url":"https:\/\/www.miomiorun.com\/fr\/produit\/aero-blaze-3-grvl-femme\/","og_site_name":"MioMioRun","article_publisher":"https:\/\/www.facebook.com\/miomiorun\/","article_modified_time":"2026-05-08T20:34:27+00:00","og_image":[{"width":600,"height":600,"url":"https:\/\/www.miomiorun.com\/app\/uploads\/2025\/04\/salomon-Aero-Blaze-3-GRVL-W-burnt-ochre-vanilla-L47915000.webp","type":"image\/webp"}],"twitter_card":"summary_large_image","twitter_misc":{"Est. reading time":"2 minutes"},"schema":{"@context":"https:\/\/schema.org","@graph":[{"@type":"WebPage","@id":"https:\/\/www.miomiorun.com\/fr\/produit\/aero-blaze-3-grvl-femme\/","url":"https:\/\/www.miomiorun.com\/fr\/produit\/aero-blaze-3-grvl-femme\/","name":"Salomon Aero Blaze 3 Grvl femme -chaussures de trail - MioMioRun","isPartOf":{"@id":"https:\/\/www.miomiorun.com\/fr\/#website"},"primaryImageOfPage":{"@id":"https:\/\/www.miomiorun.com\/fr\/produit\/aero-blaze-3-grvl-femme\/#primaryimage"},"image":{"@id":"https:\/\/www.miomiorun.com\/fr\/produit\/aero-blaze-3-grvl-femme\/#primaryimage"},"thumbnailUrl":"https:\/\/www.miomiorun.com\/app\/uploads\/2025\/04\/salomon-Aero-Blaze-3-GRVL-W-burnt-ochre-vanilla-L47915000.webp","datePublished":"2025-04-01T08:46:26+00:00","dateModified":"2026-05-08T20:34:27+00:00","description":"L'Aero Blaze 3 Grvl est la chaussure de course l\u00e9g\u00e8re et polyvalente que vous recherchiez. Parfaite pour passer de l'asphalte \u00e0 la terre et inversement.","breadcrumb":{"@id":"https:\/\/www.miomiorun.com\/fr\/produit\/aero-blaze-3-grvl-femme\/#breadcrumb"},"inLanguage":"fr-FR","potentialAction":[{"@type":"ReadAction","target":["https:\/\/www.miomiorun.com\/fr\/produit\/aero-blaze-3-grvl-femme\/"]}]},{"@type":"ImageObject","inLanguage":"fr-FR","@id":"https:\/\/www.miomiorun.com\/fr\/produit\/aero-blaze-3-grvl-femme\/#primaryimage","url":"https:\/\/www.miomiorun.com\/app\/uploads\/2025\/04\/salomon-Aero-Blaze-3-GRVL-W-burnt-ochre-vanilla-L47915000.webp","contentUrl":"https:\/\/www.miomiorun.com\/app\/uploads\/2025\/04\/salomon-Aero-Blaze-3-GRVL-W-burnt-ochre-vanilla-L47915000.webp","width":600,"height":600,"caption":"salomon Aero Blaze 3 GRVL W burnt ochre vanilla L47915000"},{"@type":"BreadcrumbList","@id":"https:\/\/www.miomiorun.com\/fr\/produit\/aero-blaze-3-grvl-femme\/#breadcrumb","itemListElement":[{"@type":"ListItem","position":1,"name":"Home","item":"https:\/\/www.miomiorun.com\/fr\/home-page\/"},{"@type":"ListItem","position":2,"name":"Shop","item":"https:\/\/www.miomiorun.com\/shop\/"},{"@type":"ListItem","position":3,"name":"Aero Blaze 3 Grvl femme"}]},{"@type":"WebSite","@id":"https:\/\/www.miomiorun.com\/fr\/#website","url":"https:\/\/www.miomiorun.com\/fr\/","name":"MioMioRun","description":"Boutique 100% running et trail","publisher":{"@id":"https:\/\/www.miomiorun.com\/fr\/#organization"},"potentialAction":[{"@type":"SearchAction","target":{"@type":"EntryPoint","urlTemplate":"https:\/\/www.miomiorun.com\/fr\/?s={search_term_string}"},"query-input":{"@type":"PropertyValueSpecification","valueRequired":true,"valueName":"search_term_string"}}],"inLanguage":"fr-FR"},{"@type":"Organization","@id":"https:\/\/www.miomiorun.com\/fr\/#organization","name":"MioMio Run","url":"https:\/\/www.miomiorun.com\/fr\/","logo":{"@type":"ImageObject","inLanguage":"fr-FR","@id":"https:\/\/www.miomiorun.com\/fr\/#\/schema\/logo\/image\/","url":"https:\/\/www.miomiorun.com\/app\/uploads\/2019\/12\/logomio.png","contentUrl":"https:\/\/www.miomiorun.com\/app\/uploads\/2019\/12\/logomio.png","width":115,"height":82,"caption":"MioMio Run"},"image":{"@id":"https:\/\/www.miomiorun.com\/fr\/#\/schema\/logo\/image\/"},"sameAs":["https:\/\/www.facebook.com\/miomiorun\/","https:\/\/www.instagram.com\/miomiorun\/"]}]}},"_links":{"self":[{"href":"https:\/\/www.miomiorun.com\/fr\/wp-json\/wp\/v2\/product\/300037","targetHints":{"allow":["GET"]}}],"collection":[{"href":"https:\/\/www.miomiorun.com\/fr\/wp-json\/wp\/v2\/product"}],"about":[{"href":"https:\/\/www.miomiorun.com\/fr\/wp-json\/wp\/v2\/types\/product"}],"wp:featuredmedia":[{"embeddable":true,"href":"https:\/\/www.miomiorun.com\/fr\/wp-json\/wp\/v2\/media\/272039"}],"wp:attachment":[{"href":"https:\/\/www.miomiorun.com\/fr\/wp-json\/wp\/v2\/media?parent=300037"}],"wp:term":[{"taxonomy":"product_brand","embeddable":true,"href":"https:\/\/www.miomiorun.com\/fr\/wp-json\/wp\/v2\/product_brand?post=300037"},{"taxonomy":"product_cat","embeddable":true,"href":"https:\/\/www.miomiorun.com\/fr\/wp-json\/wp\/v2\/product_cat?post=300037"},{"taxonomy":"product_tag","embeddable":true,"href":"https:\/\/www.miomiorun.com\/fr\/wp-json\/wp\/v2\/product_tag?post=300037"}],"curies":[{"name":"wp","href":"https:\/\/api.w.org\/{rel}","templated":true}]}}