{"id":300033,"date":"2025-04-01T11:23:07","date_gmt":"2025-04-01T09:23:07","guid":{"rendered":"https:\/\/miomiorun.com\/prodotto\/aero-blaze-3-grvl-uomo\/"},"modified":"2025-12-04T10:03:13","modified_gmt":"2025-12-04T09:03:13","slug":"aero-blaze-3-grvl-homme","status":"publish","type":"product","link":"https:\/\/www.miomiorun.com\/fr\/produit\/aero-blaze-3-grvl-homme\/","title":{"rendered":"Aero Blaze 3 Grvl homme"},"content":{"rendered":"<p><div class=\"vc-row container\"><div class=\"vc-column\"><div class=\"vc-column-text\"><\/p>\n<h4>Caract\u00e9ristiques techniques<\/h4>\n<p>Cat\u00e9gorie : Amorti sup\u00e9rieur<\/p>\n<p>Poids : 248 g<\/p>\n<p>Drop : 8 mm<\/p>\n<p>Id\u00e9al pour : les coureurs qui recherchent une combinaison entre asphalte et chemin de terre sans renoncer \u00e0 la protection, au confort et \u00e0 l&#8217;amorti<br \/>\n<a href=\"https:\/\/miomiorun.com\/fr\/guide-des-specificites\/\">Guide des sp\u00e9cifications techniques<\/a><\/p>\n<p><\/div><\/div><div class=\"vc-column\"> <div class=\"vc-column-text\">Chers passionn\u00e9s de course \u00e0 pied,<\/p>\n<p>Si vous \u00eates pr\u00eats \u00e0 sortir des sentiers battus et \u00e0 repousser vos limites, nous vous pr\u00e9sentons l&#8217;<strong>Aero Blaze 3 Grvl<\/strong>, la chaussure qui va r\u00e9volutionner votre fa\u00e7on de courir. Ce n&#8217;est pas seulement une chaussure de course, c&#8217;est une invitation \u00e0 d\u00e9couvrir de nouveaux horizons. Avec l&#8217;Aero Blaze 3 Grvl, chaque terrain devient une occasion de se d\u00e9passer, qu&#8217;il s&#8217;agisse d&#8217;asphalte urbain ou de chemin naturel.<\/p>\n<p><strong>La l\u00e9g\u00e8ret\u00e9 et la polyvalence<\/strong> sont au c\u0153ur de ce mod\u00e8le. Son design innovant permet une transition parfaite entre la route et les terrains accident\u00e9s, gr\u00e2ce \u00e0 son incroyable capacit\u00e9 d&#8217;adaptation. La <strong>technologie Energy Foam evo<\/strong> dans la semelle interm\u00e9diaire garantit des atterrissages en douceur et un effet de rebond incroyable, donnant un coup de pouce suppl\u00e9mentaire \u00e0 chaque foul\u00e9e. Le <strong>ajustement s\u00fbr<\/strong> et la <strong>semelle \u00e0 haute adh\u00e9rence<\/strong> vous permettent de relever tous les d\u00e9fis en toute confiance, sans vous soucier de la stabilit\u00e9.<\/p>\n<p>Que vous couriez 2 ou 3 fois par semaine, l&#8217;Aero Blaze 3 Grvl est la chaussure parfaite pour chaque entra\u00eenement, avec un <strong>amorti mod\u00e9r\u00e9<\/strong> qui \u00e9quilibre confort et dynamisme. Sa l\u00e9g\u00e8ret\u00e9 (seulement <strong>248 grammes<\/strong>) et son <strong>diff\u00e9rentiel de 8 mm<\/strong> vous garantissent une course fluide et r\u00e9active, sans compromis.<\/p>\n<p>Imaginez pouvoir explorer de nouveaux itin\u00e9raires, repousser les limites de l&#8217;entra\u00eenement classique sur route, sans jamais sacrifier le confort ou la performance. Avec l&#8217;Aero Blaze 3 Grvl, tout cela devient r\u00e9alit\u00e9.<\/p>\n<p><\/div><\/div><\/div><div class=\"vc-row container\"><div class=\"vc-column\"><div style=\"height:32px\" class=\"vc-empty-space\"><\/div><\/div><\/div><div class=\"vc-row container\"><div class=\"vc-column\"><div class=\"vc-column-text\"><\/p>\n<div style=\"width: 516px;\" class=\"wp-video\"><video class=\"wp-video-shortcode\" id=\"video-300033-1\" width=\"516\" height=\"618\" loop autoplay preload=\"metadata\" controls=\"controls\"><source type=\"video\/webm\" src=\"https:\/\/miomiorun.com\/wp-content\/uploads\/2025\/04\/aero-blaze-3-grvl.webm?_=1\" \/><a href=\"https:\/\/miomiorun.com\/wp-content\/uploads\/2025\/04\/aero-blaze-3-grvl.webm\">https:\/\/miomiorun.com\/wp-content\/uploads\/2025\/04\/aero-blaze-3-grvl.webm<\/a><\/video><\/div>\n<p><\/div><\/div><\/div><\/p>\n","protected":false},"excerpt":{"rendered":"","protected":false},"featured_media":272019,"template":"","meta":{"_acf_changed":false,"inline_featured_image":false},"product_brand":[],"product_cat":[24448,24445,24484],"product_tag":[23581,23580],"class_list":{"0":"post-300033","1":"product","2":"type-product","3":"status-publish","4":"has-post-thumbnail","6":"product_cat-chaussures-pour-hommes-fr","7":"product_cat-trail-fr-3","8":"product_cat-homme","9":"product_tag-salomon-fr","10":"product_tag-salomon-homme","11":"pa_attivita-marcher","12":"pa_attivita-outdoor-fr","13":"pa_attivita-trail-fr","14":"pa_colore-aero-blaze-3-grvl-spicym-vanilla-fr","15":"pa_marca-salomon-fr","16":"pa_sesso-homme","17":"pa_size-42-fr","19":"pa_size-44-fr","20":"pa_size-45-fr","21":"pa_size-46-fr","22":"pa_size-47-fr","24":"first","25":"instock","26":"taxable","27":"shipping-taxable","28":"purchasable","29":"product-type-variable","30":"wvs-archive-product-wrapper"},"acf":[],"yoast_head":"<!-- This site is optimized with the Yoast SEO plugin v26.8 - https:\/\/yoast.com\/product\/yoast-seo-wordpress\/ -->\n<title>Salomon Aero Blaze 3 Grvl homme - chaussures de course pour homme - MioMioRun<\/title>\n<meta name=\"description\" content=\"Aero Blaze 3 Grvl est la chaussure de course l\u00e9g\u00e8re et polyvalente que vous recherchiez. Parfaite pour passer du bitume au chemin de terre et vice versa.\" \/>\n<meta name=\"robots\" content=\"index, follow, max-snippet:-1, max-image-preview:large, max-video-preview:-1\" \/>\n<link rel=\"canonical\" href=\"https:\/\/www.miomiorun.com\/fr\/produit\/aero-blaze-3-grvl-homme\/\" \/>\n<meta property=\"og:locale\" content=\"fr_FR\" \/>\n<meta property=\"og:type\" content=\"article\" \/>\n<meta property=\"og:title\" content=\"Salomon Aero Blaze 3 Grvl homme - chaussures de course pour homme - MioMioRun\" \/>\n<meta property=\"og:description\" content=\"Aero Blaze 3 Grvl est la chaussure de course l\u00e9g\u00e8re et polyvalente que vous recherchiez. Parfaite pour passer du bitume au chemin de terre et vice versa.\" \/>\n<meta property=\"og:url\" content=\"https:\/\/www.miomiorun.com\/fr\/produit\/aero-blaze-3-grvl-homme\/\" \/>\n<meta property=\"og:site_name\" content=\"MioMioRun\" \/>\n<meta property=\"article:publisher\" content=\"https:\/\/www.facebook.com\/miomiorun\/\" \/>\n<meta property=\"article:modified_time\" content=\"2025-12-04T09:03:13+00:00\" \/>\n<meta property=\"og:image\" content=\"https:\/\/www.miomiorun.com\/app\/uploads\/2025\/04\/salomon-Aero-Blaze-3-GRVL-spicym-vanilla-L47974200.webp\" \/>\n\t<meta property=\"og:image:width\" content=\"600\" \/>\n\t<meta property=\"og:image:height\" content=\"600\" \/>\n\t<meta property=\"og:image:type\" content=\"image\/webp\" \/>\n<meta name=\"twitter:card\" content=\"summary_large_image\" \/>\n<meta name=\"twitter:label1\" content=\"Est. reading time\" \/>\n\t<meta name=\"twitter:data1\" content=\"2 minutes\" \/>\n<script type=\"application\/ld+json\" class=\"yoast-schema-graph\">{\"@context\":\"https:\/\/schema.org\",\"@graph\":[{\"@type\":\"WebPage\",\"@id\":\"https:\/\/www.miomiorun.com\/fr\/produit\/aero-blaze-3-grvl-homme\/\",\"url\":\"https:\/\/www.miomiorun.com\/fr\/produit\/aero-blaze-3-grvl-homme\/\",\"name\":\"Salomon Aero Blaze 3 Grvl homme - chaussures de course pour homme - MioMioRun\",\"isPartOf\":{\"@id\":\"https:\/\/www.miomiorun.com\/fr\/#website\"},\"primaryImageOfPage\":{\"@id\":\"https:\/\/www.miomiorun.com\/fr\/produit\/aero-blaze-3-grvl-homme\/#primaryimage\"},\"image\":{\"@id\":\"https:\/\/www.miomiorun.com\/fr\/produit\/aero-blaze-3-grvl-homme\/#primaryimage\"},\"thumbnailUrl\":\"https:\/\/www.miomiorun.com\/app\/uploads\/2025\/04\/salomon-Aero-Blaze-3-GRVL-spicym-vanilla-L47974200.webp\",\"datePublished\":\"2025-04-01T09:23:07+00:00\",\"dateModified\":\"2025-12-04T09:03:13+00:00\",\"description\":\"Aero Blaze 3 Grvl est la chaussure de course l\u00e9g\u00e8re et polyvalente que vous recherchiez. Parfaite pour passer du bitume au chemin de terre et vice versa.\",\"breadcrumb\":{\"@id\":\"https:\/\/www.miomiorun.com\/fr\/produit\/aero-blaze-3-grvl-homme\/#breadcrumb\"},\"inLanguage\":\"fr-FR\",\"potentialAction\":[{\"@type\":\"ReadAction\",\"target\":[\"https:\/\/www.miomiorun.com\/fr\/produit\/aero-blaze-3-grvl-homme\/\"]}]},{\"@type\":\"ImageObject\",\"inLanguage\":\"fr-FR\",\"@id\":\"https:\/\/www.miomiorun.com\/fr\/produit\/aero-blaze-3-grvl-homme\/#primaryimage\",\"url\":\"https:\/\/www.miomiorun.com\/app\/uploads\/2025\/04\/salomon-Aero-Blaze-3-GRVL-spicym-vanilla-L47974200.webp\",\"contentUrl\":\"https:\/\/www.miomiorun.com\/app\/uploads\/2025\/04\/salomon-Aero-Blaze-3-GRVL-spicym-vanilla-L47974200.webp\",\"width\":600,\"height\":600,\"caption\":\"salomon Aero Blaze 3 GRVL spicym vanilla L47974200\"},{\"@type\":\"BreadcrumbList\",\"@id\":\"https:\/\/www.miomiorun.com\/fr\/produit\/aero-blaze-3-grvl-homme\/#breadcrumb\",\"itemListElement\":[{\"@type\":\"ListItem\",\"position\":1,\"name\":\"Home\",\"item\":\"https:\/\/www.miomiorun.com\/fr\/home-page\/\"},{\"@type\":\"ListItem\",\"position\":2,\"name\":\"Shop\",\"item\":\"https:\/\/www.miomiorun.com\/shop\/\"},{\"@type\":\"ListItem\",\"position\":3,\"name\":\"Aero Blaze 3 Grvl homme\"}]},{\"@type\":\"WebSite\",\"@id\":\"https:\/\/www.miomiorun.com\/fr\/#website\",\"url\":\"https:\/\/www.miomiorun.com\/fr\/\",\"name\":\"MioMioRun\",\"description\":\"Boutique 100% running et trail\",\"publisher\":{\"@id\":\"https:\/\/www.miomiorun.com\/fr\/#organization\"},\"potentialAction\":[{\"@type\":\"SearchAction\",\"target\":{\"@type\":\"EntryPoint\",\"urlTemplate\":\"https:\/\/www.miomiorun.com\/fr\/?s={search_term_string}\"},\"query-input\":{\"@type\":\"PropertyValueSpecification\",\"valueRequired\":true,\"valueName\":\"search_term_string\"}}],\"inLanguage\":\"fr-FR\"},{\"@type\":\"Organization\",\"@id\":\"https:\/\/www.miomiorun.com\/fr\/#organization\",\"name\":\"MioMio Run\",\"url\":\"https:\/\/www.miomiorun.com\/fr\/\",\"logo\":{\"@type\":\"ImageObject\",\"inLanguage\":\"fr-FR\",\"@id\":\"https:\/\/www.miomiorun.com\/fr\/#\/schema\/logo\/image\/\",\"url\":\"https:\/\/www.miomiorun.com\/app\/uploads\/2019\/12\/logomio.png\",\"contentUrl\":\"https:\/\/www.miomiorun.com\/app\/uploads\/2019\/12\/logomio.png\",\"width\":115,\"height\":82,\"caption\":\"MioMio Run\"},\"image\":{\"@id\":\"https:\/\/www.miomiorun.com\/fr\/#\/schema\/logo\/image\/\"},\"sameAs\":[\"https:\/\/www.facebook.com\/miomiorun\/\",\"https:\/\/www.instagram.com\/miomiorun\/\"]}]}<\/script>\n<!-- \/ Yoast SEO plugin. -->","yoast_head_json":{"title":"Salomon Aero Blaze 3 Grvl homme - chaussures de course pour homme - MioMioRun","description":"Aero Blaze 3 Grvl est la chaussure de course l\u00e9g\u00e8re et polyvalente que vous recherchiez. Parfaite pour passer du bitume au chemin de terre et vice versa.","robots":{"index":"index","follow":"follow","max-snippet":"max-snippet:-1","max-image-preview":"max-image-preview:large","max-video-preview":"max-video-preview:-1"},"canonical":"https:\/\/www.miomiorun.com\/fr\/produit\/aero-blaze-3-grvl-homme\/","og_locale":"fr_FR","og_type":"article","og_title":"Salomon Aero Blaze 3 Grvl homme - chaussures de course pour homme - MioMioRun","og_description":"Aero Blaze 3 Grvl est la chaussure de course l\u00e9g\u00e8re et polyvalente que vous recherchiez. Parfaite pour passer du bitume au chemin de terre et vice versa.","og_url":"https:\/\/www.miomiorun.com\/fr\/produit\/aero-blaze-3-grvl-homme\/","og_site_name":"MioMioRun","article_publisher":"https:\/\/www.facebook.com\/miomiorun\/","article_modified_time":"2025-12-04T09:03:13+00:00","og_image":[{"width":600,"height":600,"url":"https:\/\/www.miomiorun.com\/app\/uploads\/2025\/04\/salomon-Aero-Blaze-3-GRVL-spicym-vanilla-L47974200.webp","type":"image\/webp"}],"twitter_card":"summary_large_image","twitter_misc":{"Est. reading time":"2 minutes"},"schema":{"@context":"https:\/\/schema.org","@graph":[{"@type":"WebPage","@id":"https:\/\/www.miomiorun.com\/fr\/produit\/aero-blaze-3-grvl-homme\/","url":"https:\/\/www.miomiorun.com\/fr\/produit\/aero-blaze-3-grvl-homme\/","name":"Salomon Aero Blaze 3 Grvl homme - chaussures de course pour homme - MioMioRun","isPartOf":{"@id":"https:\/\/www.miomiorun.com\/fr\/#website"},"primaryImageOfPage":{"@id":"https:\/\/www.miomiorun.com\/fr\/produit\/aero-blaze-3-grvl-homme\/#primaryimage"},"image":{"@id":"https:\/\/www.miomiorun.com\/fr\/produit\/aero-blaze-3-grvl-homme\/#primaryimage"},"thumbnailUrl":"https:\/\/www.miomiorun.com\/app\/uploads\/2025\/04\/salomon-Aero-Blaze-3-GRVL-spicym-vanilla-L47974200.webp","datePublished":"2025-04-01T09:23:07+00:00","dateModified":"2025-12-04T09:03:13+00:00","description":"Aero Blaze 3 Grvl est la chaussure de course l\u00e9g\u00e8re et polyvalente que vous recherchiez. Parfaite pour passer du bitume au chemin de terre et vice versa.","breadcrumb":{"@id":"https:\/\/www.miomiorun.com\/fr\/produit\/aero-blaze-3-grvl-homme\/#breadcrumb"},"inLanguage":"fr-FR","potentialAction":[{"@type":"ReadAction","target":["https:\/\/www.miomiorun.com\/fr\/produit\/aero-blaze-3-grvl-homme\/"]}]},{"@type":"ImageObject","inLanguage":"fr-FR","@id":"https:\/\/www.miomiorun.com\/fr\/produit\/aero-blaze-3-grvl-homme\/#primaryimage","url":"https:\/\/www.miomiorun.com\/app\/uploads\/2025\/04\/salomon-Aero-Blaze-3-GRVL-spicym-vanilla-L47974200.webp","contentUrl":"https:\/\/www.miomiorun.com\/app\/uploads\/2025\/04\/salomon-Aero-Blaze-3-GRVL-spicym-vanilla-L47974200.webp","width":600,"height":600,"caption":"salomon Aero Blaze 3 GRVL spicym vanilla L47974200"},{"@type":"BreadcrumbList","@id":"https:\/\/www.miomiorun.com\/fr\/produit\/aero-blaze-3-grvl-homme\/#breadcrumb","itemListElement":[{"@type":"ListItem","position":1,"name":"Home","item":"https:\/\/www.miomiorun.com\/fr\/home-page\/"},{"@type":"ListItem","position":2,"name":"Shop","item":"https:\/\/www.miomiorun.com\/shop\/"},{"@type":"ListItem","position":3,"name":"Aero Blaze 3 Grvl homme"}]},{"@type":"WebSite","@id":"https:\/\/www.miomiorun.com\/fr\/#website","url":"https:\/\/www.miomiorun.com\/fr\/","name":"MioMioRun","description":"Boutique 100% running et trail","publisher":{"@id":"https:\/\/www.miomiorun.com\/fr\/#organization"},"potentialAction":[{"@type":"SearchAction","target":{"@type":"EntryPoint","urlTemplate":"https:\/\/www.miomiorun.com\/fr\/?s={search_term_string}"},"query-input":{"@type":"PropertyValueSpecification","valueRequired":true,"valueName":"search_term_string"}}],"inLanguage":"fr-FR"},{"@type":"Organization","@id":"https:\/\/www.miomiorun.com\/fr\/#organization","name":"MioMio Run","url":"https:\/\/www.miomiorun.com\/fr\/","logo":{"@type":"ImageObject","inLanguage":"fr-FR","@id":"https:\/\/www.miomiorun.com\/fr\/#\/schema\/logo\/image\/","url":"https:\/\/www.miomiorun.com\/app\/uploads\/2019\/12\/logomio.png","contentUrl":"https:\/\/www.miomiorun.com\/app\/uploads\/2019\/12\/logomio.png","width":115,"height":82,"caption":"MioMio Run"},"image":{"@id":"https:\/\/www.miomiorun.com\/fr\/#\/schema\/logo\/image\/"},"sameAs":["https:\/\/www.facebook.com\/miomiorun\/","https:\/\/www.instagram.com\/miomiorun\/"]}]}},"_links":{"self":[{"href":"https:\/\/www.miomiorun.com\/fr\/wp-json\/wp\/v2\/product\/300033","targetHints":{"allow":["GET"]}}],"collection":[{"href":"https:\/\/www.miomiorun.com\/fr\/wp-json\/wp\/v2\/product"}],"about":[{"href":"https:\/\/www.miomiorun.com\/fr\/wp-json\/wp\/v2\/types\/product"}],"wp:featuredmedia":[{"embeddable":true,"href":"https:\/\/www.miomiorun.com\/fr\/wp-json\/wp\/v2\/media\/272019"}],"wp:attachment":[{"href":"https:\/\/www.miomiorun.com\/fr\/wp-json\/wp\/v2\/media?parent=300033"}],"wp:term":[{"taxonomy":"product_brand","embeddable":true,"href":"https:\/\/www.miomiorun.com\/fr\/wp-json\/wp\/v2\/product_brand?post=300033"},{"taxonomy":"product_cat","embeddable":true,"href":"https:\/\/www.miomiorun.com\/fr\/wp-json\/wp\/v2\/product_cat?post=300033"},{"taxonomy":"product_tag","embeddable":true,"href":"https:\/\/www.miomiorun.com\/fr\/wp-json\/wp\/v2\/product_tag?post=300033"}],"curies":[{"name":"wp","href":"https:\/\/api.w.org\/{rel}","templated":true}]}}