{"id":300031,"date":"2025-04-01T12:01:09","date_gmt":"2025-04-01T10:01:09","guid":{"rendered":"https:\/\/miomiorun.com\/prodotto\/prodigio-hike-gtx-uomo\/"},"modified":"2026-05-08T22:34:30","modified_gmt":"2026-05-08T20:34:30","slug":"prodigio-hike-gtx-homme","status":"publish","type":"product","link":"https:\/\/www.miomiorun.com\/fr\/produit\/prodigio-hike-gtx-homme\/","title":{"rendered":"Prodigio Hike GTX homme"},"content":{"rendered":"<div class=\"vc-row container\"><div class=\"vc-column\"><div class=\"vc-column-text\"><\/p>\n<p><strong>Caract\u00e9ristiques techniques<\/strong><\/p>\n<p>Cat\u00e9gorie : Amorti structur\u00e9<br \/>\nD\u00e9calage : 6 mm<br \/>\nPoids : 270 g<br \/>\nId\u00e9al pour : la randonn\u00e9e rapide, sans perdre le confort de la Prodigio, avec cette fois une protection suppl\u00e9mentaire pour la cheville.<br \/>\nPoids de l&#8217;athl\u00e8te : 60-80 kg<br \/>\nAllure de course : moyenne (5-6 min\/km)<br \/>\n<a href=\"https:\/\/miomiorun.com\/fr\/guide-des-specificites\/\">Guide des sp\u00e9cifications<\/a><\/p>\n<p><\/div><\/div><div class=\"vc-column\"><div class=\"vc-column-text\">Si vous \u00eates un amateur de speed hiking en montagne, la <strong>Prodigio Hike GTX<\/strong> est la chaussure que vous recherchiez. Con\u00e7ues pour la <strong>randonn\u00e9e rapide<\/strong>, ces chaussures r\u00e9volutionnaires vous permettent d&#8217;\u00eatre encore plus agile et confiant sur les sentiers les plus difficiles. La <strong>tige en High Tenacity Mesh<\/strong> offre un <strong>amorti<\/strong> et une <strong>respirabilit\u00e9<\/strong> exceptionnels, parfaits pour affronter les travers\u00e9es et les ascensions difficiles.<\/p>\n<p>Si le temps change, la <strong>membrane GORE-TEX ePE Extended Comfort<\/strong> gardera vos pieds au sec et \u00e0 l&#8217;aise pendant que vous vous concentrez sur le sentier. Le <strong>talon profil\u00e9 avec protection en caoutchouc<\/strong> am\u00e9liore la stabilit\u00e9 et le soutien, tandis que le <strong>collier en maille<\/strong> innovant enveloppe la cheville, vous donnant la stabilit\u00e9 dont vous avez besoin pour acc\u00e9l\u00e9rer votre rythme sans compromettre la s\u00e9curit\u00e9.<\/p>\n<p>La <strong>semelle FriXion Red<\/strong>, test\u00e9e sur les terrains les plus difficiles, offre une<strong>adh\u00e9rence exceptionnelle<\/strong> sur les sentiers boueux et rocailleux, tandis que l&#8217;insert en caoutchouc sur la pointe prot\u00e8ge vos orteils des chocs sur les rochers et les racines. Avec la <strong>Prodigio Hike GTX<\/strong>, atteignez le sommet plus rapidement et abordez chaque descente avec un maximum de confort et de protection.<\/p>\n<div class=\"product-description col col-12 col-md-6\">\n<h3 id=\"tab-label-techinfo\" class=\"switch-title\">Infos techniques :<\/h3>\n<\/div>\n<div class=\"col col-12 col-md-6 block-detailed\">\n<div class=\"item-block collapsible-info active\" data-collapsible=\"true\">\n<div class=\"data item content\" aria-hidden=\"false\" data-role=\"content\" aria-labelledby=\"tab-label-techinfo\">\n<div class=\"techinfo-container\">\n<div class=\"techinfo-icons\">\n<div class=\"techinfo-icon\"><a class=\"d-flex flex-column align-items-center text-center\"> <img loading=\"lazy\" decoding=\"async\" class=\"ls-is-cached lazyloaded\" src=\"https:\/\/www.lasportiva.com\/media\/techinfo_icons\/friction-red.png\" alt=\"La Sportiva\" width=\"75\" height=\"75\" data-src=\"https:\/\/www.lasportiva.com\/media\/techinfo_icons\/friction-red.png\" \/>\u00a0<\/a><\/div>\n<div class=\"techinfo-icon\"><a class=\"d-flex flex-column align-items-center text-center\">Frixion XT Red<\/a><\/div>\n<div class=\"techinfo-icon\"><a class=\"d-flex flex-column align-items-center text-center\"> <img loading=\"lazy\" decoding=\"async\" class=\"ls-is-cached lazyloaded\" src=\"https:\/\/www.lasportiva.com\/media\/techinfo_icons\/impact-brake-system.png\" alt=\"La Sportiva\" width=\"75\" height=\"75\" data-src=\"https:\/\/www.lasportiva.com\/media\/techinfo_icons\/impact-brake-system.png\" \/>\u00a0<\/a><\/div>\n<div class=\"techinfo-icon\"><a class=\"d-flex flex-column align-items-center text-center\">Impact Brake System Mountain Running<\/a><\/div>\n<div class=\"techinfo-icon\"><a class=\"d-flex flex-column align-items-center text-center\"> <img loading=\"lazy\" decoding=\"async\" class=\"lazyloaded\" src=\"https:\/\/www.lasportiva.com\/media\/techinfo_icons\/g\/o\/goretex_icona_75x75.png\" alt=\"La Sportiva\" width=\"75\" height=\"75\" data-src=\"https:\/\/www.lasportiva.com\/media\/techinfo_icons\/g\/o\/goretex_icona_75x75.png\" \/><\/a><\/div>\n<div class=\"techinfo-icon\"><a class=\"d-flex flex-column align-items-center text-center\">Performance Gore-Tex<\/a><\/div>\n<\/div>\n<\/div>\n<\/div>\n<\/div>\n<\/div>\n<p><\/div><\/div><\/div>\n","protected":false},"excerpt":{"rendered":"<ul>\n<li>Chaussure optimis\u00e9e pour la randonn\u00e9e rapide<\/li>\n<li>L&#8217;adh\u00e9rence, l&#8217;ajustement et la douceur de Prodigio<\/li>\n<\/ul>\n","protected":false},"featured_media":271619,"template":"","meta":{"_acf_changed":false,"inline_featured_image":false},"product_brand":[],"product_cat":[24448,24445],"product_tag":[23597,23599],"class_list":{"0":"post-300031","1":"product","2":"type-product","3":"status-publish","4":"has-post-thumbnail","6":"product_cat-chaussures-pour-hommes-fr","7":"product_cat-trail-fr-3","8":"product_tag-la-sportiva-fr","9":"product_tag-la-sportiva-homme","10":"pa_attivita-outdoor-fr","11":"pa_attivita-trail-fr","12":"pa_colore-prodigio-hike-gtx-jungle-savana-fr","13":"pa_colore-prodigio-hike-gtx-onyx-mountain-red-fr","14":"pa_marca-la-sportiva-fr","15":"pa_sesso-homme","16":"pa_size-42-5-fr","17":"pa_size-43-fr","18":"pa_size-44-fr","19":"pa_size-44-5-fr","20":"pa_size-45-fr","22":"first","23":"instock","24":"sale","25":"taxable","26":"shipping-taxable","27":"purchasable","28":"product-type-variable","29":"wvs-archive-product-wrapper"},"acf":[],"yoast_head":"<!-- This site is optimized with the Yoast SEO plugin v26.8 - https:\/\/yoast.com\/product\/yoast-seo-wordpress\/ -->\n<title>La sportiva Prodigio Hike GTX homme - chaussures de trail - MioMioRun.com<\/title>\n<meta name=\"description\" content=\"Les Prodigio Hike GTX sont des chaussures de randonn\u00e9e rapide avec amorti, respirabilit\u00e9, protection GORE-TEX et adh\u00e9rence exceptionnelle. D\u00e9couvrez-les avec nous\" \/>\n<meta name=\"robots\" content=\"index, follow, max-snippet:-1, max-image-preview:large, max-video-preview:-1\" \/>\n<link rel=\"canonical\" href=\"https:\/\/www.miomiorun.com\/fr\/produit\/prodigio-hike-gtx-homme\/\" \/>\n<meta property=\"og:locale\" content=\"fr_FR\" \/>\n<meta property=\"og:type\" content=\"article\" \/>\n<meta property=\"og:title\" content=\"La sportiva Prodigio Hike GTX homme - chaussures de trail - MioMioRun.com\" \/>\n<meta property=\"og:description\" content=\"Les Prodigio Hike GTX sont des chaussures de randonn\u00e9e rapide avec amorti, respirabilit\u00e9, protection GORE-TEX et adh\u00e9rence exceptionnelle. D\u00e9couvrez-les avec nous\" \/>\n<meta property=\"og:url\" content=\"https:\/\/www.miomiorun.com\/fr\/produit\/prodigio-hike-gtx-homme\/\" \/>\n<meta property=\"og:site_name\" content=\"MioMioRun\" \/>\n<meta property=\"article:publisher\" content=\"https:\/\/www.facebook.com\/miomiorun\/\" \/>\n<meta property=\"article:modified_time\" content=\"2026-05-08T20:34:30+00:00\" \/>\n<meta property=\"og:image\" content=\"https:\/\/www.miomiorun.com\/app\/uploads\/2025\/04\/la-sportiva-Prodigio-Hike-GTX-onyx-mountain-red-ZFHS102G19R24.webp\" \/>\n\t<meta property=\"og:image:width\" content=\"600\" \/>\n\t<meta property=\"og:image:height\" content=\"600\" \/>\n\t<meta property=\"og:image:type\" content=\"image\/webp\" \/>\n<meta name=\"twitter:card\" content=\"summary_large_image\" \/>\n<meta name=\"twitter:label1\" content=\"Est. reading time\" \/>\n\t<meta name=\"twitter:data1\" content=\"2 minutes\" \/>\n<script type=\"application\/ld+json\" class=\"yoast-schema-graph\">{\"@context\":\"https:\/\/schema.org\",\"@graph\":[{\"@type\":\"WebPage\",\"@id\":\"https:\/\/www.miomiorun.com\/fr\/produit\/prodigio-hike-gtx-homme\/\",\"url\":\"https:\/\/www.miomiorun.com\/fr\/produit\/prodigio-hike-gtx-homme\/\",\"name\":\"La sportiva Prodigio Hike GTX homme - chaussures de trail - MioMioRun.com\",\"isPartOf\":{\"@id\":\"https:\/\/www.miomiorun.com\/fr\/#website\"},\"primaryImageOfPage\":{\"@id\":\"https:\/\/www.miomiorun.com\/fr\/produit\/prodigio-hike-gtx-homme\/#primaryimage\"},\"image\":{\"@id\":\"https:\/\/www.miomiorun.com\/fr\/produit\/prodigio-hike-gtx-homme\/#primaryimage\"},\"thumbnailUrl\":\"https:\/\/www.miomiorun.com\/app\/uploads\/2025\/04\/la-sportiva-Prodigio-Hike-GTX-onyx-mountain-red-ZFHS102G19R24.webp\",\"datePublished\":\"2025-04-01T10:01:09+00:00\",\"dateModified\":\"2026-05-08T20:34:30+00:00\",\"description\":\"Les Prodigio Hike GTX sont des chaussures de randonn\u00e9e rapide avec amorti, respirabilit\u00e9, protection GORE-TEX et adh\u00e9rence exceptionnelle. D\u00e9couvrez-les avec nous\",\"breadcrumb\":{\"@id\":\"https:\/\/www.miomiorun.com\/fr\/produit\/prodigio-hike-gtx-homme\/#breadcrumb\"},\"inLanguage\":\"fr-FR\",\"potentialAction\":[{\"@type\":\"ReadAction\",\"target\":[\"https:\/\/www.miomiorun.com\/fr\/produit\/prodigio-hike-gtx-homme\/\"]}]},{\"@type\":\"ImageObject\",\"inLanguage\":\"fr-FR\",\"@id\":\"https:\/\/www.miomiorun.com\/fr\/produit\/prodigio-hike-gtx-homme\/#primaryimage\",\"url\":\"https:\/\/www.miomiorun.com\/app\/uploads\/2025\/04\/la-sportiva-Prodigio-Hike-GTX-onyx-mountain-red-ZFHS102G19R24.webp\",\"contentUrl\":\"https:\/\/www.miomiorun.com\/app\/uploads\/2025\/04\/la-sportiva-Prodigio-Hike-GTX-onyx-mountain-red-ZFHS102G19R24.webp\",\"width\":600,\"height\":600,\"caption\":\"la sportiva Prodigio Hike GTX onyx mountain red ZFHS102G19R24\"},{\"@type\":\"BreadcrumbList\",\"@id\":\"https:\/\/www.miomiorun.com\/fr\/produit\/prodigio-hike-gtx-homme\/#breadcrumb\",\"itemListElement\":[{\"@type\":\"ListItem\",\"position\":1,\"name\":\"Home\",\"item\":\"https:\/\/www.miomiorun.com\/fr\/home-page\/\"},{\"@type\":\"ListItem\",\"position\":2,\"name\":\"Shop\",\"item\":\"https:\/\/www.miomiorun.com\/shop\/\"},{\"@type\":\"ListItem\",\"position\":3,\"name\":\"Prodigio Hike GTX homme\"}]},{\"@type\":\"WebSite\",\"@id\":\"https:\/\/www.miomiorun.com\/fr\/#website\",\"url\":\"https:\/\/www.miomiorun.com\/fr\/\",\"name\":\"MioMioRun\",\"description\":\"Boutique 100% running et trail\",\"publisher\":{\"@id\":\"https:\/\/www.miomiorun.com\/fr\/#organization\"},\"potentialAction\":[{\"@type\":\"SearchAction\",\"target\":{\"@type\":\"EntryPoint\",\"urlTemplate\":\"https:\/\/www.miomiorun.com\/fr\/?s={search_term_string}\"},\"query-input\":{\"@type\":\"PropertyValueSpecification\",\"valueRequired\":true,\"valueName\":\"search_term_string\"}}],\"inLanguage\":\"fr-FR\"},{\"@type\":\"Organization\",\"@id\":\"https:\/\/www.miomiorun.com\/fr\/#organization\",\"name\":\"MioMio Run\",\"url\":\"https:\/\/www.miomiorun.com\/fr\/\",\"logo\":{\"@type\":\"ImageObject\",\"inLanguage\":\"fr-FR\",\"@id\":\"https:\/\/www.miomiorun.com\/fr\/#\/schema\/logo\/image\/\",\"url\":\"https:\/\/www.miomiorun.com\/app\/uploads\/2019\/12\/logomio.png\",\"contentUrl\":\"https:\/\/www.miomiorun.com\/app\/uploads\/2019\/12\/logomio.png\",\"width\":115,\"height\":82,\"caption\":\"MioMio Run\"},\"image\":{\"@id\":\"https:\/\/www.miomiorun.com\/fr\/#\/schema\/logo\/image\/\"},\"sameAs\":[\"https:\/\/www.facebook.com\/miomiorun\/\",\"https:\/\/www.instagram.com\/miomiorun\/\"]}]}<\/script>\n<!-- \/ Yoast SEO plugin. -->","yoast_head_json":{"title":"La sportiva Prodigio Hike GTX homme - chaussures de trail - MioMioRun.com","description":"Les Prodigio Hike GTX sont des chaussures de randonn\u00e9e rapide avec amorti, respirabilit\u00e9, protection GORE-TEX et adh\u00e9rence exceptionnelle. D\u00e9couvrez-les avec nous","robots":{"index":"index","follow":"follow","max-snippet":"max-snippet:-1","max-image-preview":"max-image-preview:large","max-video-preview":"max-video-preview:-1"},"canonical":"https:\/\/www.miomiorun.com\/fr\/produit\/prodigio-hike-gtx-homme\/","og_locale":"fr_FR","og_type":"article","og_title":"La sportiva Prodigio Hike GTX homme - chaussures de trail - MioMioRun.com","og_description":"Les Prodigio Hike GTX sont des chaussures de randonn\u00e9e rapide avec amorti, respirabilit\u00e9, protection GORE-TEX et adh\u00e9rence exceptionnelle. D\u00e9couvrez-les avec nous","og_url":"https:\/\/www.miomiorun.com\/fr\/produit\/prodigio-hike-gtx-homme\/","og_site_name":"MioMioRun","article_publisher":"https:\/\/www.facebook.com\/miomiorun\/","article_modified_time":"2026-05-08T20:34:30+00:00","og_image":[{"width":600,"height":600,"url":"https:\/\/www.miomiorun.com\/app\/uploads\/2025\/04\/la-sportiva-Prodigio-Hike-GTX-onyx-mountain-red-ZFHS102G19R24.webp","type":"image\/webp"}],"twitter_card":"summary_large_image","twitter_misc":{"Est. reading time":"2 minutes"},"schema":{"@context":"https:\/\/schema.org","@graph":[{"@type":"WebPage","@id":"https:\/\/www.miomiorun.com\/fr\/produit\/prodigio-hike-gtx-homme\/","url":"https:\/\/www.miomiorun.com\/fr\/produit\/prodigio-hike-gtx-homme\/","name":"La sportiva Prodigio Hike GTX homme - chaussures de trail - MioMioRun.com","isPartOf":{"@id":"https:\/\/www.miomiorun.com\/fr\/#website"},"primaryImageOfPage":{"@id":"https:\/\/www.miomiorun.com\/fr\/produit\/prodigio-hike-gtx-homme\/#primaryimage"},"image":{"@id":"https:\/\/www.miomiorun.com\/fr\/produit\/prodigio-hike-gtx-homme\/#primaryimage"},"thumbnailUrl":"https:\/\/www.miomiorun.com\/app\/uploads\/2025\/04\/la-sportiva-Prodigio-Hike-GTX-onyx-mountain-red-ZFHS102G19R24.webp","datePublished":"2025-04-01T10:01:09+00:00","dateModified":"2026-05-08T20:34:30+00:00","description":"Les Prodigio Hike GTX sont des chaussures de randonn\u00e9e rapide avec amorti, respirabilit\u00e9, protection GORE-TEX et adh\u00e9rence exceptionnelle. D\u00e9couvrez-les avec nous","breadcrumb":{"@id":"https:\/\/www.miomiorun.com\/fr\/produit\/prodigio-hike-gtx-homme\/#breadcrumb"},"inLanguage":"fr-FR","potentialAction":[{"@type":"ReadAction","target":["https:\/\/www.miomiorun.com\/fr\/produit\/prodigio-hike-gtx-homme\/"]}]},{"@type":"ImageObject","inLanguage":"fr-FR","@id":"https:\/\/www.miomiorun.com\/fr\/produit\/prodigio-hike-gtx-homme\/#primaryimage","url":"https:\/\/www.miomiorun.com\/app\/uploads\/2025\/04\/la-sportiva-Prodigio-Hike-GTX-onyx-mountain-red-ZFHS102G19R24.webp","contentUrl":"https:\/\/www.miomiorun.com\/app\/uploads\/2025\/04\/la-sportiva-Prodigio-Hike-GTX-onyx-mountain-red-ZFHS102G19R24.webp","width":600,"height":600,"caption":"la sportiva Prodigio Hike GTX onyx mountain red ZFHS102G19R24"},{"@type":"BreadcrumbList","@id":"https:\/\/www.miomiorun.com\/fr\/produit\/prodigio-hike-gtx-homme\/#breadcrumb","itemListElement":[{"@type":"ListItem","position":1,"name":"Home","item":"https:\/\/www.miomiorun.com\/fr\/home-page\/"},{"@type":"ListItem","position":2,"name":"Shop","item":"https:\/\/www.miomiorun.com\/shop\/"},{"@type":"ListItem","position":3,"name":"Prodigio Hike GTX homme"}]},{"@type":"WebSite","@id":"https:\/\/www.miomiorun.com\/fr\/#website","url":"https:\/\/www.miomiorun.com\/fr\/","name":"MioMioRun","description":"Boutique 100% running et trail","publisher":{"@id":"https:\/\/www.miomiorun.com\/fr\/#organization"},"potentialAction":[{"@type":"SearchAction","target":{"@type":"EntryPoint","urlTemplate":"https:\/\/www.miomiorun.com\/fr\/?s={search_term_string}"},"query-input":{"@type":"PropertyValueSpecification","valueRequired":true,"valueName":"search_term_string"}}],"inLanguage":"fr-FR"},{"@type":"Organization","@id":"https:\/\/www.miomiorun.com\/fr\/#organization","name":"MioMio Run","url":"https:\/\/www.miomiorun.com\/fr\/","logo":{"@type":"ImageObject","inLanguage":"fr-FR","@id":"https:\/\/www.miomiorun.com\/fr\/#\/schema\/logo\/image\/","url":"https:\/\/www.miomiorun.com\/app\/uploads\/2019\/12\/logomio.png","contentUrl":"https:\/\/www.miomiorun.com\/app\/uploads\/2019\/12\/logomio.png","width":115,"height":82,"caption":"MioMio Run"},"image":{"@id":"https:\/\/www.miomiorun.com\/fr\/#\/schema\/logo\/image\/"},"sameAs":["https:\/\/www.facebook.com\/miomiorun\/","https:\/\/www.instagram.com\/miomiorun\/"]}]}},"_links":{"self":[{"href":"https:\/\/www.miomiorun.com\/fr\/wp-json\/wp\/v2\/product\/300031","targetHints":{"allow":["GET"]}}],"collection":[{"href":"https:\/\/www.miomiorun.com\/fr\/wp-json\/wp\/v2\/product"}],"about":[{"href":"https:\/\/www.miomiorun.com\/fr\/wp-json\/wp\/v2\/types\/product"}],"wp:featuredmedia":[{"embeddable":true,"href":"https:\/\/www.miomiorun.com\/fr\/wp-json\/wp\/v2\/media\/271619"}],"wp:attachment":[{"href":"https:\/\/www.miomiorun.com\/fr\/wp-json\/wp\/v2\/media?parent=300031"}],"wp:term":[{"taxonomy":"product_brand","embeddable":true,"href":"https:\/\/www.miomiorun.com\/fr\/wp-json\/wp\/v2\/product_brand?post=300031"},{"taxonomy":"product_cat","embeddable":true,"href":"https:\/\/www.miomiorun.com\/fr\/wp-json\/wp\/v2\/product_cat?post=300031"},{"taxonomy":"product_tag","embeddable":true,"href":"https:\/\/www.miomiorun.com\/fr\/wp-json\/wp\/v2\/product_tag?post=300031"}],"curies":[{"name":"wp","href":"https:\/\/api.w.org\/{rel}","templated":true}]}}