{"id":299823,"date":"2025-02-12T12:19:50","date_gmt":"2025-02-12T11:19:50","guid":{"rendered":"https:\/\/miomiorun.com\/prodotto\/superblast-2\/"},"modified":"2025-12-29T14:05:25","modified_gmt":"2025-12-29T13:05:25","slug":"superblast-2","status":"publish","type":"product","link":"https:\/\/www.miomiorun.com\/fr\/produit\/superblast-2\/","title":{"rendered":"Superblast 2"},"content":{"rendered":"<div class=\"vc-row container\"><div class=\"vc-column\"><div class=\"vc-column-text\"><\/p>\n<h4>Caract\u00e9ristiques techniques<\/h4>\n<p>Cat\u00e9gorie : Amortissement maximal<br \/>\nD\u00e9calage : 8mm<br \/>\nPoids : 249 g<br \/>\nId\u00e9al pour : coureurs moyens \u00e0 avanc\u00e9s, recherchant \u00e0 la fois performance et confort de course, pour de bons r\u00e9sultats en course ou un entra\u00eenement de qualit\u00e9.<br \/>\nPoids de l&#8217;athl\u00e8te : 55-75 kg<br \/>\nAllure de course : rapide (&gt;4.30 min\/km)<br \/>\n<a href=\"https:\/\/miomiorun.com\/fr\/guide-des-specificites\/\">Guide de sp\u00e9cification<\/a><\/p>\n<p><\/div><\/div><div class=\"vc-column\"><div class=\"vc-column-text\">La <strong>Superblast 2<\/strong> d&#8217;<strong>Asics<\/strong> est la chaussure de course ultime pour ceux qui recherchent la haute performance, le confort et la durabilit\u00e9. Dot\u00e9e de la technologie <strong>FF TURBO PLUS<\/strong>, elle offre un amorti avanc\u00e9 qui restitue l&#8217;\u00e9nergie \u00e0 chaque foul\u00e9e, sans alourdir la chaussure. Le <strong>FF BLAST PLUS ECO<\/strong> offre un amorti de haute qualit\u00e9 pour une conduite plus douce et plus confortable, tandis que la conception de la <strong>semelle ext\u00e9rieure inspir\u00e9e du trampoline<\/strong> assure un rebond r\u00e9actif pour maximiser l&#8217;\u00e9nergie \u00e0 chaque foul\u00e9e.<\/p>\n<p>La <strong>tige en mesh renforc\u00e9<\/strong> am\u00e9liore la respirabilit\u00e9 et offre un soutien optimal, tandis que le <strong>syst\u00e8me de languette \u00e0 soufflet<\/strong> augmente la stabilit\u00e9 et emp\u00eache la languette de glisser. La <strong>semelle ext\u00e9rieure en caoutchouc ASICSGRIP\u2122<\/strong> offre une adh\u00e9rence s\u00fbre sur diff\u00e9rents types de terrain, tandis que le contrefort de <strong>talon en caoutchouc AHAR<\/strong> am\u00e9liore la durabilit\u00e9. <strong>De petits d\u00e9tails r\u00e9fl\u00e9chissants<\/strong> assurent la visibilit\u00e9 m\u00eame dans des conditions de faible luminosit\u00e9.<\/p>\n<p>Con\u00e7ue dans le respect de l&#8217;environnement, la <strong>Superblast 2<\/strong> est fabriqu\u00e9e \u00e0 partir de mat\u00e9riaux 100 % recycl\u00e9s pour la tige et r\u00e9duit la consommation d&#8217;eau et les \u00e9missions de carbone lors de la production. La <strong>semelle int\u00e9rieure<\/strong>, la bo\u00eete \u00e0 orteils, les \u0153illets, la languette et la doublure du collier sont tous fabriqu\u00e9s \u00e0 partir de mat\u00e9riaux recycl\u00e9s, ce qui fait de cette chaussure une option gagnante non seulement pour vos performances, mais aussi pour la plan\u00e8te.<\/p>\n<p>Avec un <strong>diff\u00e9rentiel de 8 mm<\/strong> et un poids de seulement <strong>249 g<\/strong>, la <strong>Superblast 2<\/strong> est parfaite pour ceux qui recherchent un soutien neutre, un amorti maximal et des performances sup\u00e9rieures, sans sacrifier la durabilit\u00e9.<\/div><\/div><\/div>\n","protected":false},"excerpt":{"rendered":"<ul>\n<li>Amorti \u00e9lev\u00e9<\/li>\n<li>Id\u00e9al pour vos entra\u00eenements et comp\u00e9titions<\/li>\n<li>confort maximal<\/li>\n<\/ul>\n","protected":false},"featured_media":255392,"template":"","meta":{"_acf_changed":false,"inline_featured_image":false},"product_brand":[],"product_cat":[24435,24254,24255,24434],"product_tag":[23560,23668,23667],"class_list":{"0":"post-299823","1":"product","2":"type-product","3":"status-publish","4":"has-post-thumbnail","6":"product_cat-chaussures-pour-femmes-fr","7":"product_cat-chaussures-pour-hommes","8":"product_cat-neutre-fr","9":"product_cat-neutre-fr-2","10":"product_tag-asics-fr","11":"product_tag-asics-femme","12":"product_tag-asics-homme","13":"pa_attivita-running-fr","14":"pa_colore-superblast-2-black-white","15":"pa_marca-asics-fr","16":"pa_sesso-femme","17":"pa_sesso-homme","18":"pa_size-43-5-fr","20":"first","21":"instock","22":"sale","23":"taxable","24":"shipping-taxable","25":"purchasable","26":"product-type-variable","27":"wvs-archive-product-wrapper"},"acf":[],"yoast_head":"<!-- This site is optimized with the Yoast SEO plugin v26.8 - https:\/\/yoast.com\/product\/yoast-seo-wordpress\/ -->\n<title>Asics Superblast 2 - chaussures de course- MioMioRun<\/title>\n<meta name=\"description\" content=\"Superblast 2 combine un amorti r\u00e9actif avec FF TURBO PLUS, une semelle ext\u00e9rieure inspir\u00e9e du trampoline pour un rebond \u00e9nergique et une adh\u00e9rence exceptionnelle avec ASICSGRIP.\" \/>\n<meta name=\"robots\" content=\"index, follow, max-snippet:-1, max-image-preview:large, max-video-preview:-1\" \/>\n<link rel=\"canonical\" href=\"https:\/\/www.miomiorun.com\/fr\/produit\/superblast-2\/\" \/>\n<meta property=\"og:locale\" content=\"fr_FR\" \/>\n<meta property=\"og:type\" content=\"article\" \/>\n<meta property=\"og:title\" content=\"Asics Superblast 2 - chaussures de course- MioMioRun\" \/>\n<meta property=\"og:description\" content=\"Superblast 2 combine un amorti r\u00e9actif avec FF TURBO PLUS, une semelle ext\u00e9rieure inspir\u00e9e du trampoline pour un rebond \u00e9nergique et une adh\u00e9rence exceptionnelle avec ASICSGRIP.\" \/>\n<meta property=\"og:url\" content=\"https:\/\/www.miomiorun.com\/fr\/produit\/superblast-2\/\" \/>\n<meta property=\"og:site_name\" content=\"MioMioRun\" \/>\n<meta property=\"article:publisher\" content=\"https:\/\/www.facebook.com\/miomiorun\/\" \/>\n<meta property=\"article:modified_time\" content=\"2025-12-29T13:05:25+00:00\" \/>\n<meta property=\"og:image\" content=\"https:\/\/www.miomiorun.com\/app\/uploads\/2025\/02\/asics-Superblast-2-wave-teal-illuminate-mint-1013A142-400.webp\" \/>\n\t<meta property=\"og:image:width\" content=\"600\" \/>\n\t<meta property=\"og:image:height\" content=\"600\" \/>\n\t<meta property=\"og:image:type\" content=\"image\/webp\" \/>\n<meta name=\"twitter:card\" content=\"summary_large_image\" \/>\n<meta name=\"twitter:label1\" content=\"Est. reading time\" \/>\n\t<meta name=\"twitter:data1\" content=\"2 minutes\" \/>\n<script type=\"application\/ld+json\" class=\"yoast-schema-graph\">{\"@context\":\"https:\/\/schema.org\",\"@graph\":[{\"@type\":\"WebPage\",\"@id\":\"https:\/\/www.miomiorun.com\/fr\/produit\/superblast-2\/\",\"url\":\"https:\/\/www.miomiorun.com\/fr\/produit\/superblast-2\/\",\"name\":\"Asics Superblast 2 - chaussures de course- MioMioRun\",\"isPartOf\":{\"@id\":\"https:\/\/www.miomiorun.com\/fr\/#website\"},\"primaryImageOfPage\":{\"@id\":\"https:\/\/www.miomiorun.com\/fr\/produit\/superblast-2\/#primaryimage\"},\"image\":{\"@id\":\"https:\/\/www.miomiorun.com\/fr\/produit\/superblast-2\/#primaryimage\"},\"thumbnailUrl\":\"https:\/\/www.miomiorun.com\/app\/uploads\/2025\/02\/asics-Superblast-2-wave-teal-illuminate-mint-1013A142-400.webp\",\"datePublished\":\"2025-02-12T11:19:50+00:00\",\"dateModified\":\"2025-12-29T13:05:25+00:00\",\"description\":\"Superblast 2 combine un amorti r\u00e9actif avec FF TURBO PLUS, une semelle ext\u00e9rieure inspir\u00e9e du trampoline pour un rebond \u00e9nergique et une adh\u00e9rence exceptionnelle avec ASICSGRIP.\",\"breadcrumb\":{\"@id\":\"https:\/\/www.miomiorun.com\/fr\/produit\/superblast-2\/#breadcrumb\"},\"inLanguage\":\"fr-FR\",\"potentialAction\":[{\"@type\":\"ReadAction\",\"target\":[\"https:\/\/www.miomiorun.com\/fr\/produit\/superblast-2\/\"]}]},{\"@type\":\"ImageObject\",\"inLanguage\":\"fr-FR\",\"@id\":\"https:\/\/www.miomiorun.com\/fr\/produit\/superblast-2\/#primaryimage\",\"url\":\"https:\/\/www.miomiorun.com\/app\/uploads\/2025\/02\/asics-Superblast-2-wave-teal-illuminate-mint-1013A142-400.webp\",\"contentUrl\":\"https:\/\/www.miomiorun.com\/app\/uploads\/2025\/02\/asics-Superblast-2-wave-teal-illuminate-mint-1013A142-400.webp\",\"width\":600,\"height\":600,\"caption\":\"asics Superblast 2 wave teal illuminate mint 1013A142 400\"},{\"@type\":\"BreadcrumbList\",\"@id\":\"https:\/\/www.miomiorun.com\/fr\/produit\/superblast-2\/#breadcrumb\",\"itemListElement\":[{\"@type\":\"ListItem\",\"position\":1,\"name\":\"Home\",\"item\":\"https:\/\/www.miomiorun.com\/fr\/home-page\/\"},{\"@type\":\"ListItem\",\"position\":2,\"name\":\"Shop\",\"item\":\"https:\/\/www.miomiorun.com\/shop\/\"},{\"@type\":\"ListItem\",\"position\":3,\"name\":\"Superblast 2\"}]},{\"@type\":\"WebSite\",\"@id\":\"https:\/\/www.miomiorun.com\/fr\/#website\",\"url\":\"https:\/\/www.miomiorun.com\/fr\/\",\"name\":\"MioMioRun\",\"description\":\"Boutique 100% running et trail\",\"publisher\":{\"@id\":\"https:\/\/www.miomiorun.com\/fr\/#organization\"},\"potentialAction\":[{\"@type\":\"SearchAction\",\"target\":{\"@type\":\"EntryPoint\",\"urlTemplate\":\"https:\/\/www.miomiorun.com\/fr\/?s={search_term_string}\"},\"query-input\":{\"@type\":\"PropertyValueSpecification\",\"valueRequired\":true,\"valueName\":\"search_term_string\"}}],\"inLanguage\":\"fr-FR\"},{\"@type\":\"Organization\",\"@id\":\"https:\/\/www.miomiorun.com\/fr\/#organization\",\"name\":\"MioMio Run\",\"url\":\"https:\/\/www.miomiorun.com\/fr\/\",\"logo\":{\"@type\":\"ImageObject\",\"inLanguage\":\"fr-FR\",\"@id\":\"https:\/\/www.miomiorun.com\/fr\/#\/schema\/logo\/image\/\",\"url\":\"https:\/\/www.miomiorun.com\/app\/uploads\/2019\/12\/logomio.png\",\"contentUrl\":\"https:\/\/www.miomiorun.com\/app\/uploads\/2019\/12\/logomio.png\",\"width\":115,\"height\":82,\"caption\":\"MioMio Run\"},\"image\":{\"@id\":\"https:\/\/www.miomiorun.com\/fr\/#\/schema\/logo\/image\/\"},\"sameAs\":[\"https:\/\/www.facebook.com\/miomiorun\/\",\"https:\/\/www.instagram.com\/miomiorun\/\"]}]}<\/script>\n<!-- \/ Yoast SEO plugin. -->","yoast_head_json":{"title":"Asics Superblast 2 - chaussures de course- MioMioRun","description":"Superblast 2 combine un amorti r\u00e9actif avec FF TURBO PLUS, une semelle ext\u00e9rieure inspir\u00e9e du trampoline pour un rebond \u00e9nergique et une adh\u00e9rence exceptionnelle avec ASICSGRIP.","robots":{"index":"index","follow":"follow","max-snippet":"max-snippet:-1","max-image-preview":"max-image-preview:large","max-video-preview":"max-video-preview:-1"},"canonical":"https:\/\/www.miomiorun.com\/fr\/produit\/superblast-2\/","og_locale":"fr_FR","og_type":"article","og_title":"Asics Superblast 2 - chaussures de course- MioMioRun","og_description":"Superblast 2 combine un amorti r\u00e9actif avec FF TURBO PLUS, une semelle ext\u00e9rieure inspir\u00e9e du trampoline pour un rebond \u00e9nergique et une adh\u00e9rence exceptionnelle avec ASICSGRIP.","og_url":"https:\/\/www.miomiorun.com\/fr\/produit\/superblast-2\/","og_site_name":"MioMioRun","article_publisher":"https:\/\/www.facebook.com\/miomiorun\/","article_modified_time":"2025-12-29T13:05:25+00:00","og_image":[{"width":600,"height":600,"url":"https:\/\/www.miomiorun.com\/app\/uploads\/2025\/02\/asics-Superblast-2-wave-teal-illuminate-mint-1013A142-400.webp","type":"image\/webp"}],"twitter_card":"summary_large_image","twitter_misc":{"Est. reading time":"2 minutes"},"schema":{"@context":"https:\/\/schema.org","@graph":[{"@type":"WebPage","@id":"https:\/\/www.miomiorun.com\/fr\/produit\/superblast-2\/","url":"https:\/\/www.miomiorun.com\/fr\/produit\/superblast-2\/","name":"Asics Superblast 2 - chaussures de course- MioMioRun","isPartOf":{"@id":"https:\/\/www.miomiorun.com\/fr\/#website"},"primaryImageOfPage":{"@id":"https:\/\/www.miomiorun.com\/fr\/produit\/superblast-2\/#primaryimage"},"image":{"@id":"https:\/\/www.miomiorun.com\/fr\/produit\/superblast-2\/#primaryimage"},"thumbnailUrl":"https:\/\/www.miomiorun.com\/app\/uploads\/2025\/02\/asics-Superblast-2-wave-teal-illuminate-mint-1013A142-400.webp","datePublished":"2025-02-12T11:19:50+00:00","dateModified":"2025-12-29T13:05:25+00:00","description":"Superblast 2 combine un amorti r\u00e9actif avec FF TURBO PLUS, une semelle ext\u00e9rieure inspir\u00e9e du trampoline pour un rebond \u00e9nergique et une adh\u00e9rence exceptionnelle avec ASICSGRIP.","breadcrumb":{"@id":"https:\/\/www.miomiorun.com\/fr\/produit\/superblast-2\/#breadcrumb"},"inLanguage":"fr-FR","potentialAction":[{"@type":"ReadAction","target":["https:\/\/www.miomiorun.com\/fr\/produit\/superblast-2\/"]}]},{"@type":"ImageObject","inLanguage":"fr-FR","@id":"https:\/\/www.miomiorun.com\/fr\/produit\/superblast-2\/#primaryimage","url":"https:\/\/www.miomiorun.com\/app\/uploads\/2025\/02\/asics-Superblast-2-wave-teal-illuminate-mint-1013A142-400.webp","contentUrl":"https:\/\/www.miomiorun.com\/app\/uploads\/2025\/02\/asics-Superblast-2-wave-teal-illuminate-mint-1013A142-400.webp","width":600,"height":600,"caption":"asics Superblast 2 wave teal illuminate mint 1013A142 400"},{"@type":"BreadcrumbList","@id":"https:\/\/www.miomiorun.com\/fr\/produit\/superblast-2\/#breadcrumb","itemListElement":[{"@type":"ListItem","position":1,"name":"Home","item":"https:\/\/www.miomiorun.com\/fr\/home-page\/"},{"@type":"ListItem","position":2,"name":"Shop","item":"https:\/\/www.miomiorun.com\/shop\/"},{"@type":"ListItem","position":3,"name":"Superblast 2"}]},{"@type":"WebSite","@id":"https:\/\/www.miomiorun.com\/fr\/#website","url":"https:\/\/www.miomiorun.com\/fr\/","name":"MioMioRun","description":"Boutique 100% running et trail","publisher":{"@id":"https:\/\/www.miomiorun.com\/fr\/#organization"},"potentialAction":[{"@type":"SearchAction","target":{"@type":"EntryPoint","urlTemplate":"https:\/\/www.miomiorun.com\/fr\/?s={search_term_string}"},"query-input":{"@type":"PropertyValueSpecification","valueRequired":true,"valueName":"search_term_string"}}],"inLanguage":"fr-FR"},{"@type":"Organization","@id":"https:\/\/www.miomiorun.com\/fr\/#organization","name":"MioMio Run","url":"https:\/\/www.miomiorun.com\/fr\/","logo":{"@type":"ImageObject","inLanguage":"fr-FR","@id":"https:\/\/www.miomiorun.com\/fr\/#\/schema\/logo\/image\/","url":"https:\/\/www.miomiorun.com\/app\/uploads\/2019\/12\/logomio.png","contentUrl":"https:\/\/www.miomiorun.com\/app\/uploads\/2019\/12\/logomio.png","width":115,"height":82,"caption":"MioMio Run"},"image":{"@id":"https:\/\/www.miomiorun.com\/fr\/#\/schema\/logo\/image\/"},"sameAs":["https:\/\/www.facebook.com\/miomiorun\/","https:\/\/www.instagram.com\/miomiorun\/"]}]}},"_links":{"self":[{"href":"https:\/\/www.miomiorun.com\/fr\/wp-json\/wp\/v2\/product\/299823","targetHints":{"allow":["GET"]}}],"collection":[{"href":"https:\/\/www.miomiorun.com\/fr\/wp-json\/wp\/v2\/product"}],"about":[{"href":"https:\/\/www.miomiorun.com\/fr\/wp-json\/wp\/v2\/types\/product"}],"wp:featuredmedia":[{"embeddable":true,"href":"https:\/\/www.miomiorun.com\/fr\/wp-json\/wp\/v2\/media\/255392"}],"wp:attachment":[{"href":"https:\/\/www.miomiorun.com\/fr\/wp-json\/wp\/v2\/media?parent=299823"}],"wp:term":[{"taxonomy":"product_brand","embeddable":true,"href":"https:\/\/www.miomiorun.com\/fr\/wp-json\/wp\/v2\/product_brand?post=299823"},{"taxonomy":"product_cat","embeddable":true,"href":"https:\/\/www.miomiorun.com\/fr\/wp-json\/wp\/v2\/product_cat?post=299823"},{"taxonomy":"product_tag","embeddable":true,"href":"https:\/\/www.miomiorun.com\/fr\/wp-json\/wp\/v2\/product_tag?post=299823"}],"curies":[{"name":"wp","href":"https:\/\/api.w.org\/{rel}","templated":true}]}}