{"id":299813,"date":"2025-02-13T10:45:58","date_gmt":"2025-02-13T09:45:58","guid":{"rendered":"https:\/\/miomiorun.com\/prodotto\/adizero-finesse\/"},"modified":"2025-04-17T18:28:15","modified_gmt":"2025-04-17T16:28:15","slug":"adizero-finesse","status":"publish","type":"product","link":"https:\/\/www.miomiorun.com\/fr\/produit\/adizero-finesse\/","title":{"rendered":"Adizero Finesse"},"content":{"rendered":"<div class=\"vc-row container\"><div class=\"vc-column\"><div class=\"vc-column-text\"><\/p>\n<h4>Caract\u00e9ristiques techniques<\/h4>\n<p>Cat\u00e9gorie : chaussure de sport pour moyennes distances<br \/>\nD\u00e9calage : 3mm ( 10mm \/ 13mm )<br \/>\nPoids : 140 g<br \/>\nId\u00e9al pour : les athl\u00e8tes rapides et pour les entra\u00eenements de course, son amorti innovant et r\u00e9actif vous rendra plus rapide et vous emm\u00e8nera sur le podium.<br \/>\nPoids de l&#8217;athl\u00e8te : &lt; 70 kg<br \/>\nAllure de course : &lt; 4.00 min\/km<br \/>\n<a href=\"https:\/\/miomiorun.com\/fr\/guide-des-specificites\/\">Guide des sp\u00e9cifications<\/a><\/p>\n<p><\/div><\/div><div class=\"vc-column\"><div class=\"vc-column-text\">Les <strong>adidas adizero Finesse<\/strong> sont des chaussures de course super l\u00e9g\u00e8res con\u00e7ues pour les sprinters qui ne sont jamais satisfaits. Chaque seconde compte lorsque vous essayez de battre vos propres records, et ces chaussures vous offrent le soutien dont vous avez besoin pour exceller, aussi bien \u00e0 l&#8217;entra\u00eenement qu&#8217;en comp\u00e9tition. La tige en <strong>Celermesh<\/strong> enveloppe le pied, assurant la stabilit\u00e9 dans les virages les plus serr\u00e9s, tandis que la <strong>semelle \u00e0 crampons Sprintplate<\/strong> maximise l&#8217;adh\u00e9rence pour vous pousser dans vos retranchements.<\/p>\n<p>Le <strong>drop de 3 mm de la semelle interm\u00e9diaire<\/strong> (avec un talon de 10 mm et un avant-pied de 13 mm) assure une r\u00e9activit\u00e9 et un dynamisme qui favorisent une position plus naturelle et plus rapide. Fabriqu\u00e9es \u00e0 partir d&#8217;au moins 50 % de mat\u00e9riaux recycl\u00e9s, les adizero Finesse constituent une \u00e9tape concr\u00e8te vers le d\u00e9veloppement durable, en contribuant \u00e0 r\u00e9duire la pollution plastique. Pesant seulement 140 grammes (pointure 42 2\/3), ces chaussures offrent une exp\u00e9rience de course ultra-l\u00e9g\u00e8re et performante pour vous aider \u00e0 prendre votre envol et \u00e0 monter sur le podium.<\/p>\n<p>&nbsp;<\/p>\n<div class=\"item___1X-1_\">\n<p><img decoding=\"async\" class=\"img_with_fallback___2aHBu feature-icon___3S9eQ\" src=\"https:\/\/brand.assets.adidas.com\/image\/upload\/racing_2ad458e885.png\" srcset=\"\" alt=\"\" data-auto-id=\"image\" \/><\/p>\n<p class=\"feature-icon-text___3Owgv\">Course<\/p>\n<\/div>\n<div class=\"item___1X-1_\">\n<p><img decoding=\"async\" class=\"img_with_fallback___2aHBu feature-icon___3S9eQ\" src=\"https:\/\/brand.assets.adidas.com\/image\/upload\/regular_a176d1f2d6.png\" srcset=\"\" alt=\"\" data-auto-id=\"image\" \/><\/p>\n<p class=\"feature-icon-text___3Owgv\">Coupe r\u00e9guli\u00e8re Hommes<\/p>\n<\/div>\n<div class=\"special-item___2Ohsx\">\n<p class=\"feature-icon-title___v-KQG\">\n<\/div>\n<div class=\"special-item___2Ohsx\">\n<p class=\"feature-icon-summary-small___31Rc0\">\n<\/div>\n<p><\/div><\/div><\/div>\n","protected":false},"excerpt":{"rendered":"<ul class=\"m-long-description__features\">\n<li class=\"m-long-description__feature\">Chaussure de course ultral\u00e9g\u00e8re et r\u00e9active<\/li>\n<\/ul>\n","protected":false},"featured_media":255356,"template":"","meta":{"_acf_changed":false,"inline_featured_image":false},"product_brand":[],"product_cat":[24448,24447],"product_tag":[23557,23564],"class_list":{"0":"post-299813","1":"product","2":"type-product","3":"status-publish","4":"has-post-thumbnail","6":"product_cat-chaussures-pour-hommes-fr","7":"product_cat-neutre-fr-3","8":"product_tag-adidas-fr","9":"product_tag-adidas-homme","10":"pa_attivita-running-fr","11":"pa_colore-adizero-finesse-luclem-cblack-halsil-fr","12":"pa_marca-adidas-fr","13":"pa_sesso-homme","14":"pa_size-42-fr","16":"pa_size-44-fr","17":"pa_size-45-fr","18":"pa_size-46-fr","21":"first","22":"instock","23":"sale","24":"taxable","25":"shipping-taxable","26":"purchasable","27":"product-type-variable","28":"wvs-archive-product-wrapper"},"acf":[],"yoast_head":"<!-- This site is optimized with the Yoast SEO plugin v26.8 - https:\/\/yoast.com\/product\/yoast-seo-wordpress\/ -->\n<title>Adidas Adizero Finesse - chaussures de course - MioMioRun<\/title>\n<meta name=\"description\" content=\"L&#039;Adizero Finesse est une chaussure \u00e0 crampons ultra-l\u00e9g\u00e8re avec une tige en Celermesh et une semelle \u00e0 crampons Sprintplate, con\u00e7ue pour la haute performance.\" \/>\n<meta name=\"robots\" content=\"index, follow, max-snippet:-1, max-image-preview:large, max-video-preview:-1\" \/>\n<link rel=\"canonical\" href=\"https:\/\/www.miomiorun.com\/fr\/produit\/adizero-finesse\/\" \/>\n<meta property=\"og:locale\" content=\"fr_FR\" \/>\n<meta property=\"og:type\" content=\"article\" \/>\n<meta property=\"og:title\" content=\"Adidas Adizero Finesse - chaussures de course - MioMioRun\" \/>\n<meta property=\"og:description\" content=\"L&#039;Adizero Finesse est une chaussure \u00e0 crampons ultra-l\u00e9g\u00e8re avec une tige en Celermesh et une semelle \u00e0 crampons Sprintplate, con\u00e7ue pour la haute performance.\" \/>\n<meta property=\"og:url\" content=\"https:\/\/www.miomiorun.com\/fr\/produit\/adizero-finesse\/\" \/>\n<meta property=\"og:site_name\" content=\"MioMioRun\" \/>\n<meta property=\"article:publisher\" content=\"https:\/\/www.facebook.com\/miomiorun\/\" \/>\n<meta property=\"article:modified_time\" content=\"2025-04-17T16:28:15+00:00\" \/>\n<meta property=\"og:image\" content=\"https:\/\/www.miomiorun.com\/app\/uploads\/2025\/02\/adidas-Adizero-finesse-luclem-cblack-halsil-IG2018.webp\" \/>\n\t<meta property=\"og:image:width\" content=\"600\" \/>\n\t<meta property=\"og:image:height\" content=\"600\" \/>\n\t<meta property=\"og:image:type\" content=\"image\/webp\" \/>\n<meta name=\"twitter:card\" content=\"summary_large_image\" \/>\n<meta name=\"twitter:label1\" content=\"Est. reading time\" \/>\n\t<meta name=\"twitter:data1\" content=\"1 minute\" \/>\n<script type=\"application\/ld+json\" class=\"yoast-schema-graph\">{\"@context\":\"https:\/\/schema.org\",\"@graph\":[{\"@type\":\"WebPage\",\"@id\":\"https:\/\/www.miomiorun.com\/fr\/produit\/adizero-finesse\/\",\"url\":\"https:\/\/www.miomiorun.com\/fr\/produit\/adizero-finesse\/\",\"name\":\"Adidas Adizero Finesse - chaussures de course - MioMioRun\",\"isPartOf\":{\"@id\":\"https:\/\/www.miomiorun.com\/fr\/#website\"},\"primaryImageOfPage\":{\"@id\":\"https:\/\/www.miomiorun.com\/fr\/produit\/adizero-finesse\/#primaryimage\"},\"image\":{\"@id\":\"https:\/\/www.miomiorun.com\/fr\/produit\/adizero-finesse\/#primaryimage\"},\"thumbnailUrl\":\"https:\/\/www.miomiorun.com\/app\/uploads\/2025\/02\/adidas-Adizero-finesse-luclem-cblack-halsil-IG2018.webp\",\"datePublished\":\"2025-02-13T09:45:58+00:00\",\"dateModified\":\"2025-04-17T16:28:15+00:00\",\"description\":\"L'Adizero Finesse est une chaussure \u00e0 crampons ultra-l\u00e9g\u00e8re avec une tige en Celermesh et une semelle \u00e0 crampons Sprintplate, con\u00e7ue pour la haute performance.\",\"breadcrumb\":{\"@id\":\"https:\/\/www.miomiorun.com\/fr\/produit\/adizero-finesse\/#breadcrumb\"},\"inLanguage\":\"fr-FR\",\"potentialAction\":[{\"@type\":\"ReadAction\",\"target\":[\"https:\/\/www.miomiorun.com\/fr\/produit\/adizero-finesse\/\"]}]},{\"@type\":\"ImageObject\",\"inLanguage\":\"fr-FR\",\"@id\":\"https:\/\/www.miomiorun.com\/fr\/produit\/adizero-finesse\/#primaryimage\",\"url\":\"https:\/\/www.miomiorun.com\/app\/uploads\/2025\/02\/adidas-Adizero-finesse-luclem-cblack-halsil-IG2018.webp\",\"contentUrl\":\"https:\/\/www.miomiorun.com\/app\/uploads\/2025\/02\/adidas-Adizero-finesse-luclem-cblack-halsil-IG2018.webp\",\"width\":600,\"height\":600,\"caption\":\"adidas Adizero finesse luclem cblack halsil IG2018\"},{\"@type\":\"BreadcrumbList\",\"@id\":\"https:\/\/www.miomiorun.com\/fr\/produit\/adizero-finesse\/#breadcrumb\",\"itemListElement\":[{\"@type\":\"ListItem\",\"position\":1,\"name\":\"Home\",\"item\":\"https:\/\/www.miomiorun.com\/fr\/home-page\/\"},{\"@type\":\"ListItem\",\"position\":2,\"name\":\"Shop\",\"item\":\"https:\/\/www.miomiorun.com\/shop\/\"},{\"@type\":\"ListItem\",\"position\":3,\"name\":\"Adizero Finesse\"}]},{\"@type\":\"WebSite\",\"@id\":\"https:\/\/www.miomiorun.com\/fr\/#website\",\"url\":\"https:\/\/www.miomiorun.com\/fr\/\",\"name\":\"MioMioRun\",\"description\":\"Boutique 100% running et trail\",\"publisher\":{\"@id\":\"https:\/\/www.miomiorun.com\/fr\/#organization\"},\"potentialAction\":[{\"@type\":\"SearchAction\",\"target\":{\"@type\":\"EntryPoint\",\"urlTemplate\":\"https:\/\/www.miomiorun.com\/fr\/?s={search_term_string}\"},\"query-input\":{\"@type\":\"PropertyValueSpecification\",\"valueRequired\":true,\"valueName\":\"search_term_string\"}}],\"inLanguage\":\"fr-FR\"},{\"@type\":\"Organization\",\"@id\":\"https:\/\/www.miomiorun.com\/fr\/#organization\",\"name\":\"MioMio Run\",\"url\":\"https:\/\/www.miomiorun.com\/fr\/\",\"logo\":{\"@type\":\"ImageObject\",\"inLanguage\":\"fr-FR\",\"@id\":\"https:\/\/www.miomiorun.com\/fr\/#\/schema\/logo\/image\/\",\"url\":\"https:\/\/www.miomiorun.com\/app\/uploads\/2019\/12\/logomio.png\",\"contentUrl\":\"https:\/\/www.miomiorun.com\/app\/uploads\/2019\/12\/logomio.png\",\"width\":115,\"height\":82,\"caption\":\"MioMio Run\"},\"image\":{\"@id\":\"https:\/\/www.miomiorun.com\/fr\/#\/schema\/logo\/image\/\"},\"sameAs\":[\"https:\/\/www.facebook.com\/miomiorun\/\",\"https:\/\/www.instagram.com\/miomiorun\/\"]}]}<\/script>\n<!-- \/ Yoast SEO plugin. -->","yoast_head_json":{"title":"Adidas Adizero Finesse - chaussures de course - MioMioRun","description":"L'Adizero Finesse est une chaussure \u00e0 crampons ultra-l\u00e9g\u00e8re avec une tige en Celermesh et une semelle \u00e0 crampons Sprintplate, con\u00e7ue pour la haute performance.","robots":{"index":"index","follow":"follow","max-snippet":"max-snippet:-1","max-image-preview":"max-image-preview:large","max-video-preview":"max-video-preview:-1"},"canonical":"https:\/\/www.miomiorun.com\/fr\/produit\/adizero-finesse\/","og_locale":"fr_FR","og_type":"article","og_title":"Adidas Adizero Finesse - chaussures de course - MioMioRun","og_description":"L'Adizero Finesse est une chaussure \u00e0 crampons ultra-l\u00e9g\u00e8re avec une tige en Celermesh et une semelle \u00e0 crampons Sprintplate, con\u00e7ue pour la haute performance.","og_url":"https:\/\/www.miomiorun.com\/fr\/produit\/adizero-finesse\/","og_site_name":"MioMioRun","article_publisher":"https:\/\/www.facebook.com\/miomiorun\/","article_modified_time":"2025-04-17T16:28:15+00:00","og_image":[{"width":600,"height":600,"url":"https:\/\/www.miomiorun.com\/app\/uploads\/2025\/02\/adidas-Adizero-finesse-luclem-cblack-halsil-IG2018.webp","type":"image\/webp"}],"twitter_card":"summary_large_image","twitter_misc":{"Est. reading time":"1 minute"},"schema":{"@context":"https:\/\/schema.org","@graph":[{"@type":"WebPage","@id":"https:\/\/www.miomiorun.com\/fr\/produit\/adizero-finesse\/","url":"https:\/\/www.miomiorun.com\/fr\/produit\/adizero-finesse\/","name":"Adidas Adizero Finesse - chaussures de course - MioMioRun","isPartOf":{"@id":"https:\/\/www.miomiorun.com\/fr\/#website"},"primaryImageOfPage":{"@id":"https:\/\/www.miomiorun.com\/fr\/produit\/adizero-finesse\/#primaryimage"},"image":{"@id":"https:\/\/www.miomiorun.com\/fr\/produit\/adizero-finesse\/#primaryimage"},"thumbnailUrl":"https:\/\/www.miomiorun.com\/app\/uploads\/2025\/02\/adidas-Adizero-finesse-luclem-cblack-halsil-IG2018.webp","datePublished":"2025-02-13T09:45:58+00:00","dateModified":"2025-04-17T16:28:15+00:00","description":"L'Adizero Finesse est une chaussure \u00e0 crampons ultra-l\u00e9g\u00e8re avec une tige en Celermesh et une semelle \u00e0 crampons Sprintplate, con\u00e7ue pour la haute performance.","breadcrumb":{"@id":"https:\/\/www.miomiorun.com\/fr\/produit\/adizero-finesse\/#breadcrumb"},"inLanguage":"fr-FR","potentialAction":[{"@type":"ReadAction","target":["https:\/\/www.miomiorun.com\/fr\/produit\/adizero-finesse\/"]}]},{"@type":"ImageObject","inLanguage":"fr-FR","@id":"https:\/\/www.miomiorun.com\/fr\/produit\/adizero-finesse\/#primaryimage","url":"https:\/\/www.miomiorun.com\/app\/uploads\/2025\/02\/adidas-Adizero-finesse-luclem-cblack-halsil-IG2018.webp","contentUrl":"https:\/\/www.miomiorun.com\/app\/uploads\/2025\/02\/adidas-Adizero-finesse-luclem-cblack-halsil-IG2018.webp","width":600,"height":600,"caption":"adidas Adizero finesse luclem cblack halsil IG2018"},{"@type":"BreadcrumbList","@id":"https:\/\/www.miomiorun.com\/fr\/produit\/adizero-finesse\/#breadcrumb","itemListElement":[{"@type":"ListItem","position":1,"name":"Home","item":"https:\/\/www.miomiorun.com\/fr\/home-page\/"},{"@type":"ListItem","position":2,"name":"Shop","item":"https:\/\/www.miomiorun.com\/shop\/"},{"@type":"ListItem","position":3,"name":"Adizero Finesse"}]},{"@type":"WebSite","@id":"https:\/\/www.miomiorun.com\/fr\/#website","url":"https:\/\/www.miomiorun.com\/fr\/","name":"MioMioRun","description":"Boutique 100% running et trail","publisher":{"@id":"https:\/\/www.miomiorun.com\/fr\/#organization"},"potentialAction":[{"@type":"SearchAction","target":{"@type":"EntryPoint","urlTemplate":"https:\/\/www.miomiorun.com\/fr\/?s={search_term_string}"},"query-input":{"@type":"PropertyValueSpecification","valueRequired":true,"valueName":"search_term_string"}}],"inLanguage":"fr-FR"},{"@type":"Organization","@id":"https:\/\/www.miomiorun.com\/fr\/#organization","name":"MioMio Run","url":"https:\/\/www.miomiorun.com\/fr\/","logo":{"@type":"ImageObject","inLanguage":"fr-FR","@id":"https:\/\/www.miomiorun.com\/fr\/#\/schema\/logo\/image\/","url":"https:\/\/www.miomiorun.com\/app\/uploads\/2019\/12\/logomio.png","contentUrl":"https:\/\/www.miomiorun.com\/app\/uploads\/2019\/12\/logomio.png","width":115,"height":82,"caption":"MioMio Run"},"image":{"@id":"https:\/\/www.miomiorun.com\/fr\/#\/schema\/logo\/image\/"},"sameAs":["https:\/\/www.facebook.com\/miomiorun\/","https:\/\/www.instagram.com\/miomiorun\/"]}]}},"_links":{"self":[{"href":"https:\/\/www.miomiorun.com\/fr\/wp-json\/wp\/v2\/product\/299813","targetHints":{"allow":["GET"]}}],"collection":[{"href":"https:\/\/www.miomiorun.com\/fr\/wp-json\/wp\/v2\/product"}],"about":[{"href":"https:\/\/www.miomiorun.com\/fr\/wp-json\/wp\/v2\/types\/product"}],"wp:featuredmedia":[{"embeddable":true,"href":"https:\/\/www.miomiorun.com\/fr\/wp-json\/wp\/v2\/media\/255356"}],"wp:attachment":[{"href":"https:\/\/www.miomiorun.com\/fr\/wp-json\/wp\/v2\/media?parent=299813"}],"wp:term":[{"taxonomy":"product_brand","embeddable":true,"href":"https:\/\/www.miomiorun.com\/fr\/wp-json\/wp\/v2\/product_brand?post=299813"},{"taxonomy":"product_cat","embeddable":true,"href":"https:\/\/www.miomiorun.com\/fr\/wp-json\/wp\/v2\/product_cat?post=299813"},{"taxonomy":"product_tag","embeddable":true,"href":"https:\/\/www.miomiorun.com\/fr\/wp-json\/wp\/v2\/product_tag?post=299813"}],"curies":[{"name":"wp","href":"https:\/\/api.w.org\/{rel}","templated":true}]}}