{"id":299799,"date":"2025-02-13T12:23:54","date_gmt":"2025-02-13T11:23:54","guid":{"rendered":"https:\/\/miomiorun.com\/prodotto\/timp-5-boa-uomo\/"},"modified":"2025-04-18T15:36:51","modified_gmt":"2025-04-18T13:36:51","slug":"timp-5-boa-homme","status":"publish","type":"product","link":"https:\/\/www.miomiorun.com\/fr\/produit\/timp-5-boa-homme\/","title":{"rendered":"Timp 5 BOA homme"},"content":{"rendered":"<div class=\"vc-row container\"><div class=\"vc-column\"><div class=\"vc-column-text\"><\/p>\n<p><strong>Caract\u00e9ristiques techniques<\/strong><\/p>\n<p>Cat\u00e9gorie : amorti \u00e9lev\u00e9<br \/>\nHauteur de tige : 29 mm<br \/>\nD\u00e9calage : 0 mm<br \/>\nPoids : 286 g<br \/>\nId\u00e9al pour : les coureurs de trail et les marcheurs ou les coureurs de montagne \u00e0 la recherche d&#8217;un mod\u00e8le l\u00e9ger, bien amorti et protecteur qui peut s&#8217;adapter \u00e0 tous les terrains.<br \/>\nPoids de l&#8217;athl\u00e8te : 60-90 kg<br \/>\nAllure de course : moyenne-rapide (4,30-6,00 min\/km)<br \/>\n<a href=\"https:\/\/miomiorun.com\/fr\/guide-des-specificites\/\">Guide des sp\u00e9cifications<\/a><\/p>\n<p><\/div><\/div><div class=\"vc-column\"><div class=\"vc-column-text\">La Timp 5 BOA est la chaussure parfaite pour le trail running et la randonn\u00e9e, con\u00e7ue pour affronter tous les terrains avec des performances sup\u00e9rieures. Le nouveau syst\u00e8me BOA\u00ae Fit permet un ajustement micro-ajustable de pr\u00e9cision, offrant un ajustement personnalis\u00e9 et s\u00fbr \u00e0 chaque \u00e9tape de la course gr\u00e2ce \u00e0 la technologie BOA\u00ae PerformFit\u2122 Wrap. La semelle interm\u00e9diaire est dot\u00e9e du compos\u00e9 Altra EGO\u2122 MAX actualis\u00e9, qui offre un amorti souple et r\u00e9actif pour une course douce et confortable. La nouvelle semelle Vibram\u00ae Megagrip offre une adh\u00e9rence in\u00e9gal\u00e9e sur les surfaces s\u00e8ches et humides pour aborder tous les types de terrain en toute confiance.<\/p>\n<p>Avec une chute du talon \u00e0 la pointe de 0 mm, la Timp 5 favorise une posture naturelle, tandis que la large bo\u00eete \u00e0 orteils permet un mouvement libre et confortable. La tige en mesh \u00e0 s\u00e9chage rapide offre une bonne respirabilit\u00e9, gardant les pieds au frais et au sec. Avec une semelle int\u00e9rieure haute (29 mm\/29 mm), cette chaussure offre un amorti et un soutien accrus, tandis que la conception FootShape assure un confort optimal au niveau du m\u00e9dio-pied.<\/p>\n<p>L\u00e9g\u00e8re et performante, pesant seulement 286 g, la Timp 5 BOA est parfaite pour ceux qui recherchent une chaussure de trail au soutien neutre, pr\u00eate \u00e0 offrir confort, stabilit\u00e9 et une adh\u00e9rence sans faille lors de chaque course et aventure. Sauter par-dessus les rochers, courir sans fin et relever tous les d\u00e9fis n&#8217;a jamais \u00e9t\u00e9 aussi facile.<\/div><\/div><\/div>\n","protected":false},"excerpt":{"rendered":"<ul>\n<li>Ideli shoes for trail running<\/li>\n<li>Amortissement \u00e9lev\u00e9<\/li>\n<li>Drop zero for even more natural movement<\/li>\n<\/ul>\n","protected":false},"featured_media":255114,"template":"","meta":{"_acf_changed":false,"inline_featured_image":false},"product_brand":[],"product_cat":[24448,24445],"product_tag":[23458,23671],"class_list":{"0":"post-299799","1":"product","2":"type-product","3":"status-publish","4":"has-post-thumbnail","6":"product_cat-chaussures-pour-hommes-fr","7":"product_cat-trail-fr-3","8":"product_tag-altra-fr","9":"product_tag-altra-homme","10":"pa_attivita-outdoor-fr","11":"pa_attivita-trail-fr","12":"pa_colore-timp-5-boa-white-coral-fr","13":"pa_marca-altra-fr","14":"pa_sesso-homme","15":"pa_size-42-5-fr","16":"pa_size-44-5-fr","18":"first","19":"instock","20":"sale","21":"taxable","22":"shipping-taxable","23":"purchasable","24":"product-type-variable","25":"wvs-archive-product-wrapper"},"acf":[],"yoast_head":"<!-- This site is optimized with the Yoast SEO plugin v26.8 - https:\/\/yoast.com\/product\/yoast-seo-wordpress\/ -->\n<title>Altra Timp 5 BOA homme - chaussures de trail - MioMioRun.com<\/title>\n<meta name=\"description\" content=\"La Timp 5 BOA offre un ajustement micro-ajustable avec le nouveau syst\u00e8me BOA\u00ae, l&#039;amorti Altra EGO\u2122 MAX, la semelle Vibram\u00ae Megagrip pour une adh\u00e9rence sup\u00e9rieure.\" \/>\n<meta name=\"robots\" content=\"index, follow, max-snippet:-1, max-image-preview:large, max-video-preview:-1\" \/>\n<link rel=\"canonical\" href=\"https:\/\/www.miomiorun.com\/fr\/produit\/timp-5-boa-homme\/\" \/>\n<meta property=\"og:locale\" content=\"fr_FR\" \/>\n<meta property=\"og:type\" content=\"article\" \/>\n<meta property=\"og:title\" content=\"Altra Timp 5 BOA homme - chaussures de trail - MioMioRun.com\" \/>\n<meta property=\"og:description\" content=\"La Timp 5 BOA offre un ajustement micro-ajustable avec le nouveau syst\u00e8me BOA\u00ae, l&#039;amorti Altra EGO\u2122 MAX, la semelle Vibram\u00ae Megagrip pour une adh\u00e9rence sup\u00e9rieure.\" \/>\n<meta property=\"og:url\" content=\"https:\/\/www.miomiorun.com\/fr\/produit\/timp-5-boa-homme\/\" \/>\n<meta property=\"og:site_name\" content=\"MioMioRun\" \/>\n<meta property=\"article:publisher\" content=\"https:\/\/www.facebook.com\/miomiorun\/\" \/>\n<meta property=\"article:modified_time\" content=\"2025-04-18T13:36:51+00:00\" \/>\n<meta property=\"og:image\" content=\"https:\/\/www.miomiorun.com\/app\/uploads\/2025\/02\/altra-Timp-5-boa-white-coral-AL0A85Q91611.webp\" \/>\n\t<meta property=\"og:image:width\" content=\"600\" \/>\n\t<meta property=\"og:image:height\" content=\"600\" \/>\n\t<meta property=\"og:image:type\" content=\"image\/webp\" \/>\n<meta name=\"twitter:card\" content=\"summary_large_image\" \/>\n<meta name=\"twitter:label1\" content=\"Est. reading time\" \/>\n\t<meta name=\"twitter:data1\" content=\"2 minutes\" \/>\n<script type=\"application\/ld+json\" class=\"yoast-schema-graph\">{\"@context\":\"https:\/\/schema.org\",\"@graph\":[{\"@type\":\"WebPage\",\"@id\":\"https:\/\/www.miomiorun.com\/fr\/produit\/timp-5-boa-homme\/\",\"url\":\"https:\/\/www.miomiorun.com\/fr\/produit\/timp-5-boa-homme\/\",\"name\":\"Altra Timp 5 BOA homme - chaussures de trail - MioMioRun.com\",\"isPartOf\":{\"@id\":\"https:\/\/www.miomiorun.com\/fr\/#website\"},\"primaryImageOfPage\":{\"@id\":\"https:\/\/www.miomiorun.com\/fr\/produit\/timp-5-boa-homme\/#primaryimage\"},\"image\":{\"@id\":\"https:\/\/www.miomiorun.com\/fr\/produit\/timp-5-boa-homme\/#primaryimage\"},\"thumbnailUrl\":\"https:\/\/www.miomiorun.com\/app\/uploads\/2025\/02\/altra-Timp-5-boa-white-coral-AL0A85Q91611.webp\",\"datePublished\":\"2025-02-13T11:23:54+00:00\",\"dateModified\":\"2025-04-18T13:36:51+00:00\",\"description\":\"La Timp 5 BOA offre un ajustement micro-ajustable avec le nouveau syst\u00e8me BOA\u00ae, l'amorti Altra EGO\u2122 MAX, la semelle Vibram\u00ae Megagrip pour une adh\u00e9rence sup\u00e9rieure.\",\"breadcrumb\":{\"@id\":\"https:\/\/www.miomiorun.com\/fr\/produit\/timp-5-boa-homme\/#breadcrumb\"},\"inLanguage\":\"fr-FR\",\"potentialAction\":[{\"@type\":\"ReadAction\",\"target\":[\"https:\/\/www.miomiorun.com\/fr\/produit\/timp-5-boa-homme\/\"]}]},{\"@type\":\"ImageObject\",\"inLanguage\":\"fr-FR\",\"@id\":\"https:\/\/www.miomiorun.com\/fr\/produit\/timp-5-boa-homme\/#primaryimage\",\"url\":\"https:\/\/www.miomiorun.com\/app\/uploads\/2025\/02\/altra-Timp-5-boa-white-coral-AL0A85Q91611.webp\",\"contentUrl\":\"https:\/\/www.miomiorun.com\/app\/uploads\/2025\/02\/altra-Timp-5-boa-white-coral-AL0A85Q91611.webp\",\"width\":600,\"height\":600,\"caption\":\"altra Timp 5 boa white coral AL0A85Q91611\"},{\"@type\":\"BreadcrumbList\",\"@id\":\"https:\/\/www.miomiorun.com\/fr\/produit\/timp-5-boa-homme\/#breadcrumb\",\"itemListElement\":[{\"@type\":\"ListItem\",\"position\":1,\"name\":\"Home\",\"item\":\"https:\/\/www.miomiorun.com\/fr\/home-page\/\"},{\"@type\":\"ListItem\",\"position\":2,\"name\":\"Shop\",\"item\":\"https:\/\/www.miomiorun.com\/shop\/\"},{\"@type\":\"ListItem\",\"position\":3,\"name\":\"Timp 5 BOA homme\"}]},{\"@type\":\"WebSite\",\"@id\":\"https:\/\/www.miomiorun.com\/fr\/#website\",\"url\":\"https:\/\/www.miomiorun.com\/fr\/\",\"name\":\"MioMioRun\",\"description\":\"Boutique 100% running et trail\",\"publisher\":{\"@id\":\"https:\/\/www.miomiorun.com\/fr\/#organization\"},\"potentialAction\":[{\"@type\":\"SearchAction\",\"target\":{\"@type\":\"EntryPoint\",\"urlTemplate\":\"https:\/\/www.miomiorun.com\/fr\/?s={search_term_string}\"},\"query-input\":{\"@type\":\"PropertyValueSpecification\",\"valueRequired\":true,\"valueName\":\"search_term_string\"}}],\"inLanguage\":\"fr-FR\"},{\"@type\":\"Organization\",\"@id\":\"https:\/\/www.miomiorun.com\/fr\/#organization\",\"name\":\"MioMio Run\",\"url\":\"https:\/\/www.miomiorun.com\/fr\/\",\"logo\":{\"@type\":\"ImageObject\",\"inLanguage\":\"fr-FR\",\"@id\":\"https:\/\/www.miomiorun.com\/fr\/#\/schema\/logo\/image\/\",\"url\":\"https:\/\/www.miomiorun.com\/app\/uploads\/2019\/12\/logomio.png\",\"contentUrl\":\"https:\/\/www.miomiorun.com\/app\/uploads\/2019\/12\/logomio.png\",\"width\":115,\"height\":82,\"caption\":\"MioMio Run\"},\"image\":{\"@id\":\"https:\/\/www.miomiorun.com\/fr\/#\/schema\/logo\/image\/\"},\"sameAs\":[\"https:\/\/www.facebook.com\/miomiorun\/\",\"https:\/\/www.instagram.com\/miomiorun\/\"]}]}<\/script>\n<!-- \/ Yoast SEO plugin. -->","yoast_head_json":{"title":"Altra Timp 5 BOA homme - chaussures de trail - MioMioRun.com","description":"La Timp 5 BOA offre un ajustement micro-ajustable avec le nouveau syst\u00e8me BOA\u00ae, l'amorti Altra EGO\u2122 MAX, la semelle Vibram\u00ae Megagrip pour une adh\u00e9rence sup\u00e9rieure.","robots":{"index":"index","follow":"follow","max-snippet":"max-snippet:-1","max-image-preview":"max-image-preview:large","max-video-preview":"max-video-preview:-1"},"canonical":"https:\/\/www.miomiorun.com\/fr\/produit\/timp-5-boa-homme\/","og_locale":"fr_FR","og_type":"article","og_title":"Altra Timp 5 BOA homme - chaussures de trail - MioMioRun.com","og_description":"La Timp 5 BOA offre un ajustement micro-ajustable avec le nouveau syst\u00e8me BOA\u00ae, l'amorti Altra EGO\u2122 MAX, la semelle Vibram\u00ae Megagrip pour une adh\u00e9rence sup\u00e9rieure.","og_url":"https:\/\/www.miomiorun.com\/fr\/produit\/timp-5-boa-homme\/","og_site_name":"MioMioRun","article_publisher":"https:\/\/www.facebook.com\/miomiorun\/","article_modified_time":"2025-04-18T13:36:51+00:00","og_image":[{"width":600,"height":600,"url":"https:\/\/www.miomiorun.com\/app\/uploads\/2025\/02\/altra-Timp-5-boa-white-coral-AL0A85Q91611.webp","type":"image\/webp"}],"twitter_card":"summary_large_image","twitter_misc":{"Est. reading time":"2 minutes"},"schema":{"@context":"https:\/\/schema.org","@graph":[{"@type":"WebPage","@id":"https:\/\/www.miomiorun.com\/fr\/produit\/timp-5-boa-homme\/","url":"https:\/\/www.miomiorun.com\/fr\/produit\/timp-5-boa-homme\/","name":"Altra Timp 5 BOA homme - chaussures de trail - MioMioRun.com","isPartOf":{"@id":"https:\/\/www.miomiorun.com\/fr\/#website"},"primaryImageOfPage":{"@id":"https:\/\/www.miomiorun.com\/fr\/produit\/timp-5-boa-homme\/#primaryimage"},"image":{"@id":"https:\/\/www.miomiorun.com\/fr\/produit\/timp-5-boa-homme\/#primaryimage"},"thumbnailUrl":"https:\/\/www.miomiorun.com\/app\/uploads\/2025\/02\/altra-Timp-5-boa-white-coral-AL0A85Q91611.webp","datePublished":"2025-02-13T11:23:54+00:00","dateModified":"2025-04-18T13:36:51+00:00","description":"La Timp 5 BOA offre un ajustement micro-ajustable avec le nouveau syst\u00e8me BOA\u00ae, l'amorti Altra EGO\u2122 MAX, la semelle Vibram\u00ae Megagrip pour une adh\u00e9rence sup\u00e9rieure.","breadcrumb":{"@id":"https:\/\/www.miomiorun.com\/fr\/produit\/timp-5-boa-homme\/#breadcrumb"},"inLanguage":"fr-FR","potentialAction":[{"@type":"ReadAction","target":["https:\/\/www.miomiorun.com\/fr\/produit\/timp-5-boa-homme\/"]}]},{"@type":"ImageObject","inLanguage":"fr-FR","@id":"https:\/\/www.miomiorun.com\/fr\/produit\/timp-5-boa-homme\/#primaryimage","url":"https:\/\/www.miomiorun.com\/app\/uploads\/2025\/02\/altra-Timp-5-boa-white-coral-AL0A85Q91611.webp","contentUrl":"https:\/\/www.miomiorun.com\/app\/uploads\/2025\/02\/altra-Timp-5-boa-white-coral-AL0A85Q91611.webp","width":600,"height":600,"caption":"altra Timp 5 boa white coral AL0A85Q91611"},{"@type":"BreadcrumbList","@id":"https:\/\/www.miomiorun.com\/fr\/produit\/timp-5-boa-homme\/#breadcrumb","itemListElement":[{"@type":"ListItem","position":1,"name":"Home","item":"https:\/\/www.miomiorun.com\/fr\/home-page\/"},{"@type":"ListItem","position":2,"name":"Shop","item":"https:\/\/www.miomiorun.com\/shop\/"},{"@type":"ListItem","position":3,"name":"Timp 5 BOA homme"}]},{"@type":"WebSite","@id":"https:\/\/www.miomiorun.com\/fr\/#website","url":"https:\/\/www.miomiorun.com\/fr\/","name":"MioMioRun","description":"Boutique 100% running et trail","publisher":{"@id":"https:\/\/www.miomiorun.com\/fr\/#organization"},"potentialAction":[{"@type":"SearchAction","target":{"@type":"EntryPoint","urlTemplate":"https:\/\/www.miomiorun.com\/fr\/?s={search_term_string}"},"query-input":{"@type":"PropertyValueSpecification","valueRequired":true,"valueName":"search_term_string"}}],"inLanguage":"fr-FR"},{"@type":"Organization","@id":"https:\/\/www.miomiorun.com\/fr\/#organization","name":"MioMio Run","url":"https:\/\/www.miomiorun.com\/fr\/","logo":{"@type":"ImageObject","inLanguage":"fr-FR","@id":"https:\/\/www.miomiorun.com\/fr\/#\/schema\/logo\/image\/","url":"https:\/\/www.miomiorun.com\/app\/uploads\/2019\/12\/logomio.png","contentUrl":"https:\/\/www.miomiorun.com\/app\/uploads\/2019\/12\/logomio.png","width":115,"height":82,"caption":"MioMio Run"},"image":{"@id":"https:\/\/www.miomiorun.com\/fr\/#\/schema\/logo\/image\/"},"sameAs":["https:\/\/www.facebook.com\/miomiorun\/","https:\/\/www.instagram.com\/miomiorun\/"]}]}},"_links":{"self":[{"href":"https:\/\/www.miomiorun.com\/fr\/wp-json\/wp\/v2\/product\/299799","targetHints":{"allow":["GET"]}}],"collection":[{"href":"https:\/\/www.miomiorun.com\/fr\/wp-json\/wp\/v2\/product"}],"about":[{"href":"https:\/\/www.miomiorun.com\/fr\/wp-json\/wp\/v2\/types\/product"}],"wp:featuredmedia":[{"embeddable":true,"href":"https:\/\/www.miomiorun.com\/fr\/wp-json\/wp\/v2\/media\/255114"}],"wp:attachment":[{"href":"https:\/\/www.miomiorun.com\/fr\/wp-json\/wp\/v2\/media?parent=299799"}],"wp:term":[{"taxonomy":"product_brand","embeddable":true,"href":"https:\/\/www.miomiorun.com\/fr\/wp-json\/wp\/v2\/product_brand?post=299799"},{"taxonomy":"product_cat","embeddable":true,"href":"https:\/\/www.miomiorun.com\/fr\/wp-json\/wp\/v2\/product_cat?post=299799"},{"taxonomy":"product_tag","embeddable":true,"href":"https:\/\/www.miomiorun.com\/fr\/wp-json\/wp\/v2\/product_tag?post=299799"}],"curies":[{"name":"wp","href":"https:\/\/api.w.org\/{rel}","templated":true}]}}