{"id":299773,"date":"2025-02-17T16:58:24","date_gmt":"2025-02-17T15:58:24","guid":{"rendered":"https:\/\/miomiorun.com\/prodotto\/across-lite-jkt-uomo\/"},"modified":"2025-05-14T10:29:35","modified_gmt":"2025-05-14T08:29:35","slug":"across-lite-jkt-homme","status":"publish","type":"product","link":"https:\/\/www.miomiorun.com\/fr\/produit\/across-lite-jkt-homme\/","title":{"rendered":"Across Lite Jkt homme"},"content":{"rendered":"<p>La veste matelass\u00e9e Across Lite Jkt est l&#8217;alli\u00e9e parfaite pour toutes les randonn\u00e9es en montagne. Ultra-l\u00e9g\u00e8re, facile \u00e0 compresser et \u00e0 ranger, elle constitue la protection id\u00e9ale contre la fra\u00eecheur matinale et les vents frisquets des sommets. Con\u00e7ue pour les randonneurs en montagne et les activit\u00e9s de haute intensit\u00e9, cette veste vous offre un maximum de confort sans sacrifier la mobilit\u00e9. Son rembourrage chaud et thermor\u00e9gulateur vous prot\u00e8ge des temp\u00e9ratures les plus froides, tandis que sa conception fonctionnelle vous permet de vous d\u00e9placer avec agilit\u00e9. Compacte, pratique et durable : la veste Across Lite Jkt est l&#8217;accessoire indispensable pour ceux qui recherchent une randonn\u00e9e sans compromis. Ne laissez pas le froid vous arr\u00eater, pr\u00e9parez-vous \u00e0 vivre chaque aventure avec style et confort !<\/p>\n<div class=\"data item title\" tabindex=\"0\" aria-selected=\"true\" aria-expanded=\"true\" data-role=\"title\">\n<h3 id=\"tab-label-techinfo\" class=\"switch-title\">Infos techniques<\/h3>\n<\/div>\n<div class=\"data item content\" aria-hidden=\"false\" data-role=\"content\" aria-labelledby=\"tab-label-techinfo\">\n<div class=\"techinfo-container\">\n<div class=\"techinfo-icons\">\n<div class=\"techinfo-icon\"><a class=\"d-flex flex-column align-items-center text-center\"><img loading=\"lazy\" decoding=\"async\" class=\"lazyloaded\" src=\"https:\/\/www.lasportiva.com\/media\/techinfo_icons\/traspirabilita.png\" alt=\"La Sportiva\" width=\"75\" height=\"75\" data-src=\"https:\/\/www.lasportiva.com\/media\/techinfo_icons\/traspirabilita.png\" \/>Respirabilit\u00e9<\/a><\/div>\n<div class=\"techinfo-icon\"><a class=\"d-flex flex-column align-items-center text-center\"><img loading=\"lazy\" decoding=\"async\" class=\"lazyloaded\" src=\"https:\/\/www.lasportiva.com\/media\/techinfo_icons\/isolamento.png\" alt=\"La Sportiva\" width=\"75\" height=\"75\" data-src=\"https:\/\/www.lasportiva.com\/media\/techinfo_icons\/isolamento.png\" \/>Isolation<\/a><\/div>\n<div class=\"techinfo-icon\"><a class=\"d-flex flex-column align-items-center text-center\"><img loading=\"lazy\" decoding=\"async\" class=\"lazyloaded\" src=\"https:\/\/www.lasportiva.com\/media\/techinfo_icons\/L4.png\" alt=\"La Sportiva\" width=\"75\" height=\"75\" data-src=\"https:\/\/www.lasportiva.com\/media\/techinfo_icons\/L4.png\" \/>L4 (couche d&#8217;isolation)<\/a><\/div>\n<div class=\"techinfo-icon\"><a class=\"d-flex flex-column align-items-center text-center\"><img loading=\"lazy\" decoding=\"async\" class=\"lazyloaded\" src=\"https:\/\/www.lasportiva.com\/media\/techinfo_icons\/leggerezza.png\" alt=\"La Sportiva\" width=\"75\" height=\"75\" data-src=\"https:\/\/www.lasportiva.com\/media\/techinfo_icons\/leggerezza.png\" \/>L\u00e9ger<\/a><\/div>\n<div class=\"techinfo-icon\"><a class=\"d-flex flex-column align-items-center text-center\"><img loading=\"lazy\" decoding=\"async\" class=\"lazyloaded\" src=\"https:\/\/www.lasportiva.com\/media\/techinfo_icons\/slim-fit.png\" alt=\"La Sportiva\" width=\"75\" height=\"75\" data-src=\"https:\/\/www.lasportiva.com\/media\/techinfo_icons\/slim-fit.png\" \/>Coupe \u00e9troite<\/a><\/div>\n<div class=\"techinfo-icon\"><a class=\"d-flex flex-column align-items-center text-center\"><img loading=\"lazy\" decoding=\"async\" class=\"lazyloaded\" src=\"https:\/\/www.lasportiva.com\/media\/techinfo_icons\/v\/a\/vapoventlight_icona_125x75.png\" alt=\"La Sportiva\" width=\"75\" height=\"75\" data-src=\"https:\/\/www.lasportiva.com\/media\/techinfo_icons\/v\/a\/vapoventlight_icona_125x75.png\" \/>VAPOVENT\u2122 LIGHT<\/a><\/div>\n<div class=\"techinfo-icon\"><a class=\"d-flex flex-column align-items-center text-center\"><img loading=\"lazy\" decoding=\"async\" class=\"lazyloaded\" src=\"https:\/\/www.lasportiva.com\/media\/techinfo_icons\/wind-stop.png\" alt=\"La Sportiva\" width=\"75\" height=\"75\" data-src=\"https:\/\/www.lasportiva.com\/media\/techinfo_icons\/wind-stop.png\" \/>Coupe-vent<\/a><\/div>\n<\/div>\n<\/div>\n<\/div>\n<div><\/div>\n<div><\/div>\n<div><\/div>\n<div><strong>INFORMATIONS SUPPL\u00c9MENTAIRES :<\/strong><\/div>\n<div>+ Tissu coupe-vent combin\u00e9 \u00e0 une maille chaude et confortable pour une isolation l\u00e9g\u00e8re et respirante<br \/>\n+ Technologie Vapovent Light pour une gestion optimale de la transpiration et de la respirabilit\u00e9<br \/>\n+ Poche de compression interne en maille<br \/>\n+ R\u00e9glage de l&#8217;ourlet inf\u00e9rieur pour un ajustement personnalis\u00e9<br \/>\n+ 1 poche poitrine et 2 poches lat\u00e9rales zipp\u00e9es<br \/>\n+ Capuche \u00e9lastiqu\u00e9e, ergonomique et protectrice<\/div>\n","protected":false},"excerpt":{"rendered":"<ul>\n<li>Coque de protection ultra l\u00e9g\u00e8re et compressible.<\/li>\n<li>Id\u00e9al \u00e0 emporter toujours avec vous lors de vos excursions en montagne.<\/li>\n<\/ul>\n","protected":false},"featured_media":256801,"template":"","meta":{"_acf_changed":false,"inline_featured_image":false},"product_brand":[],"product_cat":[24480,24482,24484],"product_tag":[23597,23599],"class_list":{"0":"post-299773","1":"product","2":"type-product","3":"status-publish","4":"has-post-thumbnail","6":"product_cat-vestes-fr-2","7":"product_cat-vetements-pour-hommes-fr","8":"product_cat-homme","9":"product_tag-la-sportiva-fr","10":"product_tag-la-sportiva-homme","11":"pa_attivita-marcher","12":"pa_attivita-outdoor-fr","13":"pa_colore-across-lite-jkt-m-night-sky-savana-fr","14":"pa_marca-la-sportiva-fr","15":"pa_sesso-homme","16":"pa_size-small-fr","17":"pa_size-medium-fr","18":"pa_size-large-fr","20":"first","21":"instock","22":"sale","23":"taxable","24":"shipping-taxable","25":"purchasable","26":"product-type-variable","27":"wvs-archive-product-wrapper"},"acf":[],"yoast_head":"<!-- This site is optimized with the Yoast SEO plugin v26.8 - https:\/\/yoast.com\/product\/yoast-seo-wordpress\/ -->\n<title>La Sportiva Across Lite Jkt homme - Veste de randonn\u00e9e - MioMioRun<\/title>\n<meta name=\"description\" content=\"Across Lite Jkt est l\u00e9ger, compressible et id\u00e9al pour se prot\u00e9ger du froid lors des randonn\u00e9es et des activit\u00e9s de haute intensit\u00e9 en montagne. D\u00e9couvrez-le sur\" \/>\n<meta name=\"robots\" content=\"index, follow, max-snippet:-1, max-image-preview:large, max-video-preview:-1\" \/>\n<link rel=\"canonical\" href=\"https:\/\/www.miomiorun.com\/fr\/produit\/across-lite-jkt-homme\/\" \/>\n<meta property=\"og:locale\" content=\"fr_FR\" \/>\n<meta property=\"og:type\" content=\"article\" \/>\n<meta property=\"og:title\" content=\"La Sportiva Across Lite Jkt homme - Veste de randonn\u00e9e - MioMioRun\" \/>\n<meta property=\"og:description\" content=\"Across Lite Jkt est l\u00e9ger, compressible et id\u00e9al pour se prot\u00e9ger du froid lors des randonn\u00e9es et des activit\u00e9s de haute intensit\u00e9 en montagne. D\u00e9couvrez-le sur\" \/>\n<meta property=\"og:url\" content=\"https:\/\/www.miomiorun.com\/fr\/produit\/across-lite-jkt-homme\/\" \/>\n<meta property=\"og:site_name\" content=\"MioMioRun\" \/>\n<meta property=\"article:publisher\" content=\"https:\/\/www.facebook.com\/miomiorun\/\" \/>\n<meta property=\"article:modified_time\" content=\"2025-05-14T08:29:35+00:00\" \/>\n<meta property=\"og:image\" content=\"https:\/\/www.miomiorun.com\/app\/uploads\/2025\/02\/la-sportiva-Across-lite-jkt-M-night-sky-savana-P91646732.webp\" \/>\n\t<meta property=\"og:image:width\" content=\"600\" \/>\n\t<meta property=\"og:image:height\" content=\"600\" \/>\n\t<meta property=\"og:image:type\" content=\"image\/webp\" \/>\n<meta name=\"twitter:card\" content=\"summary_large_image\" \/>\n<meta name=\"twitter:label1\" content=\"Est. reading time\" \/>\n\t<meta name=\"twitter:data1\" content=\"1 minute\" \/>\n<script type=\"application\/ld+json\" class=\"yoast-schema-graph\">{\"@context\":\"https:\/\/schema.org\",\"@graph\":[{\"@type\":\"WebPage\",\"@id\":\"https:\/\/www.miomiorun.com\/fr\/produit\/across-lite-jkt-homme\/\",\"url\":\"https:\/\/www.miomiorun.com\/fr\/produit\/across-lite-jkt-homme\/\",\"name\":\"La Sportiva Across Lite Jkt homme - Veste de randonn\u00e9e - MioMioRun\",\"isPartOf\":{\"@id\":\"https:\/\/www.miomiorun.com\/fr\/#website\"},\"primaryImageOfPage\":{\"@id\":\"https:\/\/www.miomiorun.com\/fr\/produit\/across-lite-jkt-homme\/#primaryimage\"},\"image\":{\"@id\":\"https:\/\/www.miomiorun.com\/fr\/produit\/across-lite-jkt-homme\/#primaryimage\"},\"thumbnailUrl\":\"https:\/\/www.miomiorun.com\/app\/uploads\/2025\/02\/la-sportiva-Across-lite-jkt-M-night-sky-savana-P91646732.webp\",\"datePublished\":\"2025-02-17T15:58:24+00:00\",\"dateModified\":\"2025-05-14T08:29:35+00:00\",\"description\":\"Across Lite Jkt est l\u00e9ger, compressible et id\u00e9al pour se prot\u00e9ger du froid lors des randonn\u00e9es et des activit\u00e9s de haute intensit\u00e9 en montagne. D\u00e9couvrez-le sur\",\"breadcrumb\":{\"@id\":\"https:\/\/www.miomiorun.com\/fr\/produit\/across-lite-jkt-homme\/#breadcrumb\"},\"inLanguage\":\"fr-FR\",\"potentialAction\":[{\"@type\":\"ReadAction\",\"target\":[\"https:\/\/www.miomiorun.com\/fr\/produit\/across-lite-jkt-homme\/\"]}]},{\"@type\":\"ImageObject\",\"inLanguage\":\"fr-FR\",\"@id\":\"https:\/\/www.miomiorun.com\/fr\/produit\/across-lite-jkt-homme\/#primaryimage\",\"url\":\"https:\/\/www.miomiorun.com\/app\/uploads\/2025\/02\/la-sportiva-Across-lite-jkt-M-night-sky-savana-P91646732.webp\",\"contentUrl\":\"https:\/\/www.miomiorun.com\/app\/uploads\/2025\/02\/la-sportiva-Across-lite-jkt-M-night-sky-savana-P91646732.webp\",\"width\":600,\"height\":600,\"caption\":\"la sportiva Across lite jkt M night sky savana P91646732\"},{\"@type\":\"BreadcrumbList\",\"@id\":\"https:\/\/www.miomiorun.com\/fr\/produit\/across-lite-jkt-homme\/#breadcrumb\",\"itemListElement\":[{\"@type\":\"ListItem\",\"position\":1,\"name\":\"Home\",\"item\":\"https:\/\/www.miomiorun.com\/fr\/home-page\/\"},{\"@type\":\"ListItem\",\"position\":2,\"name\":\"Shop\",\"item\":\"https:\/\/www.miomiorun.com\/shop\/\"},{\"@type\":\"ListItem\",\"position\":3,\"name\":\"Across Lite Jkt homme\"}]},{\"@type\":\"WebSite\",\"@id\":\"https:\/\/www.miomiorun.com\/fr\/#website\",\"url\":\"https:\/\/www.miomiorun.com\/fr\/\",\"name\":\"MioMioRun\",\"description\":\"Boutique 100% running et trail\",\"publisher\":{\"@id\":\"https:\/\/www.miomiorun.com\/fr\/#organization\"},\"potentialAction\":[{\"@type\":\"SearchAction\",\"target\":{\"@type\":\"EntryPoint\",\"urlTemplate\":\"https:\/\/www.miomiorun.com\/fr\/?s={search_term_string}\"},\"query-input\":{\"@type\":\"PropertyValueSpecification\",\"valueRequired\":true,\"valueName\":\"search_term_string\"}}],\"inLanguage\":\"fr-FR\"},{\"@type\":\"Organization\",\"@id\":\"https:\/\/www.miomiorun.com\/fr\/#organization\",\"name\":\"MioMio Run\",\"url\":\"https:\/\/www.miomiorun.com\/fr\/\",\"logo\":{\"@type\":\"ImageObject\",\"inLanguage\":\"fr-FR\",\"@id\":\"https:\/\/www.miomiorun.com\/fr\/#\/schema\/logo\/image\/\",\"url\":\"https:\/\/www.miomiorun.com\/app\/uploads\/2019\/12\/logomio.png\",\"contentUrl\":\"https:\/\/www.miomiorun.com\/app\/uploads\/2019\/12\/logomio.png\",\"width\":115,\"height\":82,\"caption\":\"MioMio Run\"},\"image\":{\"@id\":\"https:\/\/www.miomiorun.com\/fr\/#\/schema\/logo\/image\/\"},\"sameAs\":[\"https:\/\/www.facebook.com\/miomiorun\/\",\"https:\/\/www.instagram.com\/miomiorun\/\"]}]}<\/script>\n<!-- \/ Yoast SEO plugin. -->","yoast_head_json":{"title":"La Sportiva Across Lite Jkt homme - Veste de randonn\u00e9e - MioMioRun","description":"Across Lite Jkt est l\u00e9ger, compressible et id\u00e9al pour se prot\u00e9ger du froid lors des randonn\u00e9es et des activit\u00e9s de haute intensit\u00e9 en montagne. D\u00e9couvrez-le sur","robots":{"index":"index","follow":"follow","max-snippet":"max-snippet:-1","max-image-preview":"max-image-preview:large","max-video-preview":"max-video-preview:-1"},"canonical":"https:\/\/www.miomiorun.com\/fr\/produit\/across-lite-jkt-homme\/","og_locale":"fr_FR","og_type":"article","og_title":"La Sportiva Across Lite Jkt homme - Veste de randonn\u00e9e - MioMioRun","og_description":"Across Lite Jkt est l\u00e9ger, compressible et id\u00e9al pour se prot\u00e9ger du froid lors des randonn\u00e9es et des activit\u00e9s de haute intensit\u00e9 en montagne. D\u00e9couvrez-le sur","og_url":"https:\/\/www.miomiorun.com\/fr\/produit\/across-lite-jkt-homme\/","og_site_name":"MioMioRun","article_publisher":"https:\/\/www.facebook.com\/miomiorun\/","article_modified_time":"2025-05-14T08:29:35+00:00","og_image":[{"width":600,"height":600,"url":"https:\/\/www.miomiorun.com\/app\/uploads\/2025\/02\/la-sportiva-Across-lite-jkt-M-night-sky-savana-P91646732.webp","type":"image\/webp"}],"twitter_card":"summary_large_image","twitter_misc":{"Est. reading time":"1 minute"},"schema":{"@context":"https:\/\/schema.org","@graph":[{"@type":"WebPage","@id":"https:\/\/www.miomiorun.com\/fr\/produit\/across-lite-jkt-homme\/","url":"https:\/\/www.miomiorun.com\/fr\/produit\/across-lite-jkt-homme\/","name":"La Sportiva Across Lite Jkt homme - Veste de randonn\u00e9e - MioMioRun","isPartOf":{"@id":"https:\/\/www.miomiorun.com\/fr\/#website"},"primaryImageOfPage":{"@id":"https:\/\/www.miomiorun.com\/fr\/produit\/across-lite-jkt-homme\/#primaryimage"},"image":{"@id":"https:\/\/www.miomiorun.com\/fr\/produit\/across-lite-jkt-homme\/#primaryimage"},"thumbnailUrl":"https:\/\/www.miomiorun.com\/app\/uploads\/2025\/02\/la-sportiva-Across-lite-jkt-M-night-sky-savana-P91646732.webp","datePublished":"2025-02-17T15:58:24+00:00","dateModified":"2025-05-14T08:29:35+00:00","description":"Across Lite Jkt est l\u00e9ger, compressible et id\u00e9al pour se prot\u00e9ger du froid lors des randonn\u00e9es et des activit\u00e9s de haute intensit\u00e9 en montagne. D\u00e9couvrez-le sur","breadcrumb":{"@id":"https:\/\/www.miomiorun.com\/fr\/produit\/across-lite-jkt-homme\/#breadcrumb"},"inLanguage":"fr-FR","potentialAction":[{"@type":"ReadAction","target":["https:\/\/www.miomiorun.com\/fr\/produit\/across-lite-jkt-homme\/"]}]},{"@type":"ImageObject","inLanguage":"fr-FR","@id":"https:\/\/www.miomiorun.com\/fr\/produit\/across-lite-jkt-homme\/#primaryimage","url":"https:\/\/www.miomiorun.com\/app\/uploads\/2025\/02\/la-sportiva-Across-lite-jkt-M-night-sky-savana-P91646732.webp","contentUrl":"https:\/\/www.miomiorun.com\/app\/uploads\/2025\/02\/la-sportiva-Across-lite-jkt-M-night-sky-savana-P91646732.webp","width":600,"height":600,"caption":"la sportiva Across lite jkt M night sky savana P91646732"},{"@type":"BreadcrumbList","@id":"https:\/\/www.miomiorun.com\/fr\/produit\/across-lite-jkt-homme\/#breadcrumb","itemListElement":[{"@type":"ListItem","position":1,"name":"Home","item":"https:\/\/www.miomiorun.com\/fr\/home-page\/"},{"@type":"ListItem","position":2,"name":"Shop","item":"https:\/\/www.miomiorun.com\/shop\/"},{"@type":"ListItem","position":3,"name":"Across Lite Jkt homme"}]},{"@type":"WebSite","@id":"https:\/\/www.miomiorun.com\/fr\/#website","url":"https:\/\/www.miomiorun.com\/fr\/","name":"MioMioRun","description":"Boutique 100% running et trail","publisher":{"@id":"https:\/\/www.miomiorun.com\/fr\/#organization"},"potentialAction":[{"@type":"SearchAction","target":{"@type":"EntryPoint","urlTemplate":"https:\/\/www.miomiorun.com\/fr\/?s={search_term_string}"},"query-input":{"@type":"PropertyValueSpecification","valueRequired":true,"valueName":"search_term_string"}}],"inLanguage":"fr-FR"},{"@type":"Organization","@id":"https:\/\/www.miomiorun.com\/fr\/#organization","name":"MioMio Run","url":"https:\/\/www.miomiorun.com\/fr\/","logo":{"@type":"ImageObject","inLanguage":"fr-FR","@id":"https:\/\/www.miomiorun.com\/fr\/#\/schema\/logo\/image\/","url":"https:\/\/www.miomiorun.com\/app\/uploads\/2019\/12\/logomio.png","contentUrl":"https:\/\/www.miomiorun.com\/app\/uploads\/2019\/12\/logomio.png","width":115,"height":82,"caption":"MioMio Run"},"image":{"@id":"https:\/\/www.miomiorun.com\/fr\/#\/schema\/logo\/image\/"},"sameAs":["https:\/\/www.facebook.com\/miomiorun\/","https:\/\/www.instagram.com\/miomiorun\/"]}]}},"_links":{"self":[{"href":"https:\/\/www.miomiorun.com\/fr\/wp-json\/wp\/v2\/product\/299773","targetHints":{"allow":["GET"]}}],"collection":[{"href":"https:\/\/www.miomiorun.com\/fr\/wp-json\/wp\/v2\/product"}],"about":[{"href":"https:\/\/www.miomiorun.com\/fr\/wp-json\/wp\/v2\/types\/product"}],"wp:featuredmedia":[{"embeddable":true,"href":"https:\/\/www.miomiorun.com\/fr\/wp-json\/wp\/v2\/media\/256801"}],"wp:attachment":[{"href":"https:\/\/www.miomiorun.com\/fr\/wp-json\/wp\/v2\/media?parent=299773"}],"wp:term":[{"taxonomy":"product_brand","embeddable":true,"href":"https:\/\/www.miomiorun.com\/fr\/wp-json\/wp\/v2\/product_brand?post=299773"},{"taxonomy":"product_cat","embeddable":true,"href":"https:\/\/www.miomiorun.com\/fr\/wp-json\/wp\/v2\/product_cat?post=299773"},{"taxonomy":"product_tag","embeddable":true,"href":"https:\/\/www.miomiorun.com\/fr\/wp-json\/wp\/v2\/product_tag?post=299773"}],"curies":[{"name":"wp","href":"https:\/\/api.w.org\/{rel}","templated":true}]}}